{"id":4155,"date":"2025-03-14T23:56:03","date_gmt":"2025-03-14T15:56:03","guid":{"rendered":"https:\/\/ruishengglassco.com\/?post_type=product&#038;p=4155"},"modified":"2025-07-16T15:02:23","modified_gmt":"2025-07-16T07:02:23","slug":"rs122-1000ml-garrafas-de-vidro-transparente-para-venda-no-atacado","status":"publish","type":"product","link":"https:\/\/ruishengglassco.com\/pt\/produto\/rs122-1000ml-garrafas-de-vidro-transparente-para-venda-no-atacado","title":{"rendered":"RS122: Garrafas de vidro transparentes de 1000 ml da f\u00e1brica de bebidas espirituosas para venda"},"content":{"rendered":"<p>Essa garrafa de vidro transparente de 1000 ml com rolhas \u00e9 um dos principais produtos de nossa f\u00e1brica. Usamos material de vidro de alta qualidade para fabricar essas garrafas de vidro para bebidas alco\u00f3licas. Esse material \u00e9 feito de vidro de alto brilho. Usando esse material, as garrafas de vidro s\u00e3o muito claras e n\u00e3o se quebram facilmente.<\/p>\n<p>Nossas garrafas de vidro transparente para vinho de 1000 ml \u00e0 venda podem ser usadas como garrafas de vidro transparente de vodca, garrafas de vidro de gim, garrafas de vidro de rum e outras garrafas de vidro para destilados. O tipo de veda\u00e7\u00e3o dessas garrafas de vidro para destilados \u00e9 o acabamento em corti\u00e7a. Assim, elas podem ser usadas mais de uma vez.<\/p>\n<h2>Os detalhes da f\u00e1brica de garrafas de vidro transparente de 1000 ml com rolhas<\/h2>\n<ul>\n<li>Material principal: vidro com alto teor de s\u00edlex<\/li>\n<li>Tampa: Corti\u00e7a<\/li>\n<li>Refer\u00eancia: RS122<\/li>\n<li>MOQ: 10000 PCS<\/li>\n<li>Capacidade: 1000 ml<\/li>\n<li>Pcs\/Ctn: 24pcs<\/li>\n<li>Origem do local: Shandong, China<\/li>\n<li>Caracter\u00edstica: Ecologicamente correto<\/li>\n<\/ul>\n<p data-block-id=\"d579b52f-3211-4a03-9e33-ddb125ee90e4\" data-pm-slice=\"1 1 []\">Como fabricante de garrafas de vidro de alta qualidade, podemos fabricar todos os tipos de garrafas de vidro no atacado. Produzimos v\u00e1rios formatos de garrafas de vidro, inclusive redondas, quadradas, planas e outros formatos exclusivos. Se voc\u00ea quiser fazer garrafas de vidro personalizadas, tamb\u00e9m podemos fazer isso para voc\u00ea.<\/p>\n<p data-block-id=\"10af0ad5-ad2d-4fb2-a4d9-b173abff9420\">Tamb\u00e9m podemos oferecer processamento profundo em garrafas de vidro, como impress\u00e3o, logotipos de decalque e cobertura na garrafa. Se voc\u00ea nos disser o que precisa, podemos fazer isso de acordo com sua demanda.<\/p>\n<p data-block-id=\"3daa249d-1744-4e29-95b3-06e4848005e0\">H\u00e1 cerca de 500 funcion\u00e1rios em nossa f\u00e1brica, incluindo o controle de qualidade e um grupo de engenheiros qualificados. N\u00f3s nos certificamos de que todas as garrafas de vidro enviadas de nossa f\u00e1brica passem pelo controle de qualidade e que todos os clientes fiquem satisfeitos com nossas garrafas de vidro e nossos servi\u00e7os.<\/p>\n<p data-block-id=\"71870d0f-05c4-42a3-90bc-b587dfca90c4\">Se estiver interessado em nossas garrafas de vidro transparente para bebidas espirituosas de 1000 ml ou se quiser op\u00e7\u00f5es personalizadas, entre em contato conosco. Faremos o poss\u00edvel para atender \u00e0s suas necessidades e garantir que voc\u00ea fique satisfeito com nossos produtos.<\/p>","protected":false},"excerpt":{"rendered":"<table class=\"tg\">\n<tbody>\n<tr>\n<th class=\"tg-n1qb\" colspan=\"2\">Garrafas de vidro transparente para bebidas espirituosas de 1000 ml<\/th>\n<\/tr>\n<tr>\n<td class=\"tg-dc35\">Material principal:<\/td>\n<td class=\"tg-dc35\">Vidro High Flint<\/td>\n<\/tr>\n<tr>\n<td class=\"tg-us36\">Bon\u00e9:<\/td>\n<td class=\"tg-us36\">Tampa de rosca<\/td>\n<\/tr>\n<tr>\n<td class=\"tg-dc35\">Capacidade:<\/td>\n<td class=\"tg-dc35\">1000ml<\/td>\n<\/tr>\n<tr>\n<td class=\"tg-us36\">Recurso:<\/td>\n<td class=\"tg-us36\">Ecologicamente correto<\/td>\n<\/tr>\n<tr>\n<td class=\"tg-dc35\">MOQ:<\/td>\n<td class=\"tg-dc35\">10000 PCS<\/td>\n<\/tr>\n<tr>\n<td class=\"tg-us36\">Forma de embalagem:<\/td>\n<td class=\"tg-us36\">Caixa padr\u00e3o de exporta\u00e7\u00e3o \/ palete \/ caixa padr\u00e3o de exporta\u00e7\u00e3o e palete<\/td>\n<\/tr>\n<tr>\n<td class=\"tg-dc35\">OEM\/ODM:<\/td>\n<td class=\"tg-dc35\">Bem-vindo<\/td>\n<\/tr>\n<tr>\n<td class=\"tg-us36\">Origem do local:<\/td>\n<td class=\"tg-us36\">Shandong, China<\/td>\n<\/tr>\n<tr>\n<td class=\"tg-dc35\">Pcs\/Ctn:<\/td>\n<td class=\"tg-dc35\">24pcs \/ 20pcs<\/td>\n<\/tr>\n<\/tbody>\n<\/table>","protected":false},"featured_media":4156,"comment_status":"closed","ping_status":"closed","template":"","meta":[],"product_cat":[43],"class_list":{"0":"post-4155","1":"product","2":"type-product","3":"status-publish","4":"has-post-thumbnail","6":"product_cat-1000ml-liquor-bottle-manufacturer","8":"first","9":"instock","10":"shipping-taxable","11":"product-type-simple"},"yoast_head":"<!-- This site is optimized with the Yoast SEO plugin v22.0 - https:\/\/yoast.com\/wordpress\/plugins\/seo\/ -->\n<title>1000ml Clear Glass Bottles With Corks Factory China-Ruisheng<\/title>\n<meta name=\"description\" content=\"This 1000ml Clear Glass Bottles With Corks Factory is produced by best China glass bottle factory. High Quality&amp;Cheap Bulk Price.\" \/>\n<meta name=\"robots\" content=\"index, follow, max-snippet:-1, max-image-preview:large, max-video-preview:-1\" \/>\n<link rel=\"canonical\" href=\"https:\/\/ruishengglassco.com\/pt\/produto\/rs122-1000ml-garrafas-de-vidro-transparente-para-venda-no-atacado\" \/>\n<meta property=\"og:locale\" content=\"pt_BR\" \/>\n<meta property=\"og:type\" content=\"article\" \/>\n<meta property=\"og:title\" content=\"1000ml Clear Glass Bottles With Corks Factory China-Ruisheng\" \/>\n<meta property=\"og:description\" content=\"This 1000ml Clear Glass Bottles With Corks Factory is produced by best China glass bottle factory. High Quality&amp;Cheap Bulk Price.\" \/>\n<meta property=\"og:url\" content=\"https:\/\/ruishengglassco.com\/pt\/produto\/rs122-1000ml-garrafas-de-vidro-transparente-para-venda-no-atacado\" \/>\n<meta property=\"article:publisher\" content=\"https:\/\/www.facebook.com\/ruishengglassbottles\" \/>\n<meta property=\"article:modified_time\" content=\"2025-07-16T07:02:23+00:00\" \/>\n<meta property=\"og:image\" content=\"https:\/\/ruishengglassco.com\/wp-content\/uploads\/2025\/03\/RS122-1000ml-Clear-Spirit-Wholesale-Glass-Bottles-For-Sale.webp\" \/>\n\t<meta property=\"og:image:width\" content=\"800\" \/>\n\t<meta property=\"og:image:height\" content=\"800\" \/>\n\t<meta property=\"og:image:type\" content=\"image\/webp\" \/>\n<meta name=\"twitter:card\" content=\"summary_large_image\" \/>\n<meta name=\"twitter:label1\" content=\"Est. tempo de leitura\" \/>\n\t<meta name=\"twitter:data1\" content=\"2 minutos\" \/>\n<script type=\"application\/ld+json\" class=\"yoast-schema-graph\">{\"@context\":\"https:\/\/schema.org\",\"@graph\":[{\"@type\":\"WebPage\",\"@id\":\"https:\/\/ruishengglassco.com\/product\/rs122-1000ml-clear-spirit-wholesale-glass-bottles-for-sale\",\"url\":\"https:\/\/ruishengglassco.com\/product\/rs122-1000ml-clear-spirit-wholesale-glass-bottles-for-sale\",\"name\":\"1000ml Clear Glass Bottles With Corks Factory China-Ruisheng\",\"isPartOf\":{\"@id\":\"https:\/\/ruishengglassco.com\/#website\"},\"datePublished\":\"2025-03-14T15:56:03+00:00\",\"dateModified\":\"2025-07-16T07:02:23+00:00\",\"description\":\"This 1000ml Clear Glass Bottles With Corks Factory is produced by best China glass bottle factory. High Quality&Cheap Bulk Price.\",\"breadcrumb\":{\"@id\":\"https:\/\/ruishengglassco.com\/product\/rs122-1000ml-clear-spirit-wholesale-glass-bottles-for-sale#breadcrumb\"},\"inLanguage\":\"pt-BR\",\"potentialAction\":[{\"@type\":\"ReadAction\",\"target\":[\"https:\/\/ruishengglassco.com\/product\/rs122-1000ml-clear-spirit-wholesale-glass-bottles-for-sale\"]}]},{\"@type\":\"BreadcrumbList\",\"@id\":\"https:\/\/ruishengglassco.com\/product\/rs122-1000ml-clear-spirit-wholesale-glass-bottles-for-sale#breadcrumb\",\"itemListElement\":[{\"@type\":\"ListItem\",\"position\":1,\"name\":\"Home\",\"item\":\"https:\/\/ruishengglassco.com\/\"},{\"@type\":\"ListItem\",\"position\":2,\"name\":\"Products\",\"item\":\"https:\/\/ruishengglassco.com\/products\"},{\"@type\":\"ListItem\",\"position\":3,\"name\":\"RS122: 1000ml Clear Spirit Factory Glass Bottles For Sale\"}]},{\"@type\":\"WebSite\",\"@id\":\"https:\/\/ruishengglassco.com\/#website\",\"url\":\"https:\/\/ruishengglassco.com\/\",\"name\":\"Ruisheng Glass\",\"description\":\"\",\"publisher\":{\"@id\":\"https:\/\/ruishengglassco.com\/#organization\"},\"potentialAction\":[{\"@type\":\"SearchAction\",\"target\":{\"@type\":\"EntryPoint\",\"urlTemplate\":\"https:\/\/ruishengglassco.com\/?s={search_term_string}\"},\"query-input\":\"required name=search_term_string\"}],\"inLanguage\":\"pt-BR\"},{\"@type\":\"Organization\",\"@id\":\"https:\/\/ruishengglassco.com\/#organization\",\"name\":\"Shandong Yuncheng Ruisheng Glass Co., Ltd\",\"url\":\"https:\/\/ruishengglassco.com\/\",\"logo\":{\"@type\":\"ImageObject\",\"inLanguage\":\"pt-BR\",\"@id\":\"https:\/\/ruishengglassco.com\/#\/schema\/logo\/image\/\",\"url\":\"https:\/\/ruishengglassco.com\/wp-content\/uploads\/2023\/09\/ruisheng_logo_icon.webp\",\"contentUrl\":\"https:\/\/ruishengglassco.com\/wp-content\/uploads\/2023\/09\/ruisheng_logo_icon.webp\",\"width\":400,\"height\":233,\"caption\":\"Shandong Yuncheng Ruisheng Glass Co., Ltd\"},\"image\":{\"@id\":\"https:\/\/ruishengglassco.com\/#\/schema\/logo\/image\/\"},\"sameAs\":[\"https:\/\/www.facebook.com\/ruishengglassbottles\",\"https:\/\/www.instagram.com\/Ruishengglassbottlewholesales\/\",\"https:\/\/www.youtube.com\/channel\/UCMmbMNGwsL-XrtjfSFLCdVQ\"]}]}<\/script>\n<!-- \/ Yoast SEO plugin. -->","yoast_head_json":{"title":"1000ml Clear Glass Bottles With Corks Factory China-Ruisheng","description":"This 1000ml Clear Glass Bottles With Corks Factory is produced by best China glass bottle factory. High Quality&Cheap Bulk Price.","robots":{"index":"index","follow":"follow","max-snippet":"max-snippet:-1","max-image-preview":"max-image-preview:large","max-video-preview":"max-video-preview:-1"},"canonical":"https:\/\/ruishengglassco.com\/pt\/produto\/rs122-1000ml-garrafas-de-vidro-transparente-para-venda-no-atacado","og_locale":"pt_BR","og_type":"article","og_title":"1000ml Clear Glass Bottles With Corks Factory China-Ruisheng","og_description":"This 1000ml Clear Glass Bottles With Corks Factory is produced by best China glass bottle factory. High Quality&Cheap Bulk Price.","og_url":"https:\/\/ruishengglassco.com\/pt\/produto\/rs122-1000ml-garrafas-de-vidro-transparente-para-venda-no-atacado","article_publisher":"https:\/\/www.facebook.com\/ruishengglassbottles","article_modified_time":"2025-07-16T07:02:23+00:00","og_image":[{"width":800,"height":800,"url":"https:\/\/ruishengglassco.com\/wp-content\/uploads\/2025\/03\/RS122-1000ml-Clear-Spirit-Wholesale-Glass-Bottles-For-Sale.webp","type":"image\/webp"}],"twitter_card":"summary_large_image","twitter_misc":{"Est. tempo de leitura":"2 minutos"},"schema":{"@context":"https:\/\/schema.org","@graph":[{"@type":"WebPage","@id":"https:\/\/ruishengglassco.com\/product\/rs122-1000ml-clear-spirit-wholesale-glass-bottles-for-sale","url":"https:\/\/ruishengglassco.com\/product\/rs122-1000ml-clear-spirit-wholesale-glass-bottles-for-sale","name":"1000ml Clear Glass Bottles With Corks Factory China-Ruisheng","isPartOf":{"@id":"https:\/\/ruishengglassco.com\/#website"},"datePublished":"2025-03-14T15:56:03+00:00","dateModified":"2025-07-16T07:02:23+00:00","description":"This 1000ml Clear Glass Bottles With Corks Factory is produced by best China glass bottle factory. High Quality&Cheap Bulk Price.","breadcrumb":{"@id":"https:\/\/ruishengglassco.com\/product\/rs122-1000ml-clear-spirit-wholesale-glass-bottles-for-sale#breadcrumb"},"inLanguage":"pt-BR","potentialAction":[{"@type":"ReadAction","target":["https:\/\/ruishengglassco.com\/product\/rs122-1000ml-clear-spirit-wholesale-glass-bottles-for-sale"]}]},{"@type":"BreadcrumbList","@id":"https:\/\/ruishengglassco.com\/product\/rs122-1000ml-clear-spirit-wholesale-glass-bottles-for-sale#breadcrumb","itemListElement":[{"@type":"ListItem","position":1,"name":"Home","item":"https:\/\/ruishengglassco.com\/"},{"@type":"ListItem","position":2,"name":"Products","item":"https:\/\/ruishengglassco.com\/products"},{"@type":"ListItem","position":3,"name":"RS122: 1000ml Clear Spirit Factory Glass Bottles For Sale"}]},{"@type":"WebSite","@id":"https:\/\/ruishengglassco.com\/#website","url":"https:\/\/ruishengglassco.com\/","name":"Ruisheng Glass","description":"","publisher":{"@id":"https:\/\/ruishengglassco.com\/#organization"},"potentialAction":[{"@type":"SearchAction","target":{"@type":"EntryPoint","urlTemplate":"https:\/\/ruishengglassco.com\/?s={search_term_string}"},"query-input":"required name=search_term_string"}],"inLanguage":"pt-BR"},{"@type":"Organization","@id":"https:\/\/ruishengglassco.com\/#organization","name":"Shandong Yuncheng Ruisheng Glass Co., Ltd","url":"https:\/\/ruishengglassco.com\/","logo":{"@type":"ImageObject","inLanguage":"pt-BR","@id":"https:\/\/ruishengglassco.com\/#\/schema\/logo\/image\/","url":"https:\/\/ruishengglassco.com\/wp-content\/uploads\/2023\/09\/ruisheng_logo_icon.webp","contentUrl":"https:\/\/ruishengglassco.com\/wp-content\/uploads\/2023\/09\/ruisheng_logo_icon.webp","width":400,"height":233,"caption":"Shandong Yuncheng Ruisheng Glass Co., Ltd"},"image":{"@id":"https:\/\/ruishengglassco.com\/#\/schema\/logo\/image\/"},"sameAs":["https:\/\/www.facebook.com\/ruishengglassbottles","https:\/\/www.instagram.com\/Ruishengglassbottlewholesales\/","https:\/\/www.youtube.com\/channel\/UCMmbMNGwsL-XrtjfSFLCdVQ"]}]}},"_links":{"self":[{"href":"https:\/\/ruishengglassco.com\/pt\/wp-json\/wp\/v2\/product\/4155","targetHints":{"allow":["GET"]}}],"collection":[{"href":"https:\/\/ruishengglassco.com\/pt\/wp-json\/wp\/v2\/product"}],"about":[{"href":"https:\/\/ruishengglassco.com\/pt\/wp-json\/wp\/v2\/types\/product"}],"replies":[{"embeddable":true,"href":"https:\/\/ruishengglassco.com\/pt\/wp-json\/wp\/v2\/comments?post=4155"}],"wp:featuredmedia":[{"embeddable":true,"href":"https:\/\/ruishengglassco.com\/pt\/wp-json\/wp\/v2\/media\/4156"}],"wp:attachment":[{"href":"https:\/\/ruishengglassco.com\/pt\/wp-json\/wp\/v2\/media?parent=4155"}],"wp:term":[{"taxonomy":"product_cat","embeddable":true,"href":"https:\/\/ruishengglassco.com\/pt\/wp-json\/wp\/v2\/product_cat?post=4155"}],"curies":[{"name":"wp","href":"https:\/\/api.w.org\/{rel}","templated":true}]}}