{"id":4153,"date":"2025-03-14T23:52:01","date_gmt":"2025-03-14T15:52:01","guid":{"rendered":"https:\/\/ruishengglassco.com\/?post_type=product&#038;p=4153"},"modified":"2025-07-16T15:01:32","modified_gmt":"2025-07-16T07:01:32","slug":"rs123-garrafas-de-vidro-de-1-litro-com-rolha-para-bebidas-no-atacado","status":"publish","type":"product","link":"https:\/\/ruishengglassco.com\/pt\/produto\/rs123-garrafas-de-vidro-de-1-litro-com-rolha-para-bebidas-no-atacado","title":{"rendered":"RS123: Fabricantes de garrafas de vidro com rolha para bebidas de 1 litro"},"content":{"rendered":"<p>As garrafas de vidro para bebidas de 1 litro, vendidas a granel, s\u00e3o um dos nossos produtos de vidro mais vendidos. H\u00e1 um conjunto desse tipo de garrafas de vidro para bebidas em nossa f\u00e1brica, como garrafas de vidro de 550 ml, 700 ml e 1000 ml.<\/p>\n<p>O tipo de veda\u00e7\u00e3o das garrafas de vidro para bebidas \u00e9 o acabamento em corti\u00e7a. Podemos usar v\u00e1rios materiais para as rolhas das garrafas de vidro, inclusive corti\u00e7a de alto pol\u00edmero, corti\u00e7a complexa e corti\u00e7a de madeira. Se voc\u00ea n\u00e3o gostar desse tipo de veda\u00e7\u00e3o, podemos alter\u00e1-lo para outro tipo, como a tampa de gala, e oferec\u00ea-lo em seu lugar. Com rela\u00e7\u00e3o \u00e0 tampa de gala, h\u00e1 tampas de pl\u00e1stico e tampas de alum\u00ednio.<\/p>\n<h2>Os detalhes dessa venda de garrafas de vidro de 1 litro para bebidas a granel<\/h2>\n<p>As informa\u00e7\u00f5es da garrafa de vidro s\u00e3o as seguintes:<\/p>\n<ul>\n<li>Material principal: vidro com alto teor de s\u00edlex<\/li>\n<li>Tampa: Corti\u00e7a<\/li>\n<li>Refer\u00eancia: RS123<\/li>\n<li>MOQ: 10000 PCS<\/li>\n<li>Capacidade: 1000 ml 700 ml<\/li>\n<li>Pcs\/Ctn: 24pcs<\/li>\n<li>Origem do local: Shandong, China<\/li>\n<li>Caracter\u00edstica: Ecologicamente correto<\/li>\n<\/ul>\n<p>Um c\u00edrculo \u00e9 colocado na garrafa de vidro para l\u00edquidos; voc\u00ea pode colocar seu r\u00f3tulo nele, se necess\u00e1rio. Tamb\u00e9m \u00e9 poss\u00edvel colocar seu logotipo no corpo das garrafas de vidro para bebidas. Podemos criar decalques, logotipos impressos em seda e logotipos estampados a quente em garrafas de vidro para vendas a granel. Se voc\u00ea quiser que a garrafa tenha uma cor diferente, tamb\u00e9m podemos pint\u00e1-la da cor que voc\u00ea precisar. As garrafas de vidro tamb\u00e9m podem ser transformadas em garrafas de vidro fosco.<\/p>\n<p>H\u00e1 tr\u00eas tipos de embalagens para garrafas de vidro no atacado. A primeira forma \u00e9 a caixa de papel\u00e3o. As garrafas de vidro para bebidas s\u00e3o embrulhadas em papel e depois colocadas na caixa de papel\u00e3o. H\u00e1 uma divis\u00f3ria de papel\u00e3o na caixa. A segunda forma \u00e9 o palete. Nesse m\u00e9todo de embalagem, geralmente embrulhamos uma garrafa de vidro de 1 litro em papel, depois a colocamos em um palete e, por fim, o palete \u00e9 embrulhado em papel pl\u00e1stico. A \u00faltima op\u00e7\u00e3o s\u00e3o as caixas de papel\u00e3o e paletes. A garrafa de vidro de vinho ser\u00e1 colocada na caixa de papel\u00e3o, depois a caixa de papel\u00e3o ser\u00e1 colocada no palete e, por fim, embrulhada com papel pl\u00e1stico.<\/p>\n<p>Se quiser comprar garrafas de vidro de 1 litro para bebidas, entre em contato conosco. Tamb\u00e9m podemos aceitar pedidos de OEM ou ODM.<\/p>","protected":false},"excerpt":{"rendered":"<table class=\"tg\">\n<tbody>\n<tr>\n<td class=\"tg-b7b8\">Refer\u00eancia:<\/td>\n<td class=\"tg-b7b8\">RS123<\/td>\n<\/tr>\n<tr>\n<td class=\"tg-yw4l\">Material principal:<\/td>\n<td class=\"tg-yw4l\">Vidro High Flint<\/td>\n<\/tr>\n<tr>\n<td class=\"tg-b7b8\">Bon\u00e9:<\/td>\n<td class=\"tg-b7b8\">Corti\u00e7a<\/td>\n<\/tr>\n<tr>\n<td class=\"tg-yw4l\">Capacidade:<\/td>\n<td class=\"tg-yw4l\">700 ml 1000 ml<\/td>\n<\/tr>\n<tr>\n<td class=\"tg-b7b8\">Recurso:<\/td>\n<td class=\"tg-b7b8\">Ecologicamente correto<\/td>\n<\/tr>\n<tr>\n<td class=\"tg-yw4l\">MOQ:<\/td>\n<td class=\"tg-yw4l\">10000 PCS<\/td>\n<\/tr>\n<tr>\n<td class=\"tg-b7b8\">Forma de embalagem:<\/td>\n<td class=\"tg-b7b8\">Caixa padr\u00e3o de exporta\u00e7\u00e3o \/ palete \/ caixa padr\u00e3o de exporta\u00e7\u00e3o e palete<\/td>\n<\/tr>\n<tr>\n<td class=\"tg-yw4l\">OEM\/ODM:<\/td>\n<td class=\"tg-yw4l\">Bem-vindo<\/td>\n<\/tr>\n<tr>\n<td class=\"tg-b7b8\">Origem do local:<\/td>\n<td class=\"tg-b7b8\">Shandong, China<\/td>\n<\/tr>\n<tr>\n<td class=\"tg-yw4l\">Pcs\/Ctn:<\/td>\n<td class=\"tg-yw4l\">24pcs \/ 20pcs \/ 15 pcs<\/td>\n<\/tr>\n<\/tbody>\n<\/table>","protected":false},"featured_media":4154,"comment_status":"closed","ping_status":"closed","template":"","meta":[],"product_cat":[43],"class_list":{"0":"post-4153","1":"product","2":"type-product","3":"status-publish","4":"has-post-thumbnail","6":"product_cat-1000ml-liquor-bottle-manufacturer","8":"first","9":"instock","10":"shipping-taxable","11":"product-type-simple"},"yoast_head":"<!-- This site is optimized with the Yoast SEO plugin v22.0 - https:\/\/yoast.com\/wordpress\/plugins\/seo\/ -->\n<title>1 Liter Glass Beverage Bottles | Glass Bottles Sales in Bulk<\/title>\n<meta name=\"description\" content=\"he 1 Liter Glass Beverage Bottles Sales in Bulk is one of our hot sales glass products. High Quality&amp;Factory Outlet Price.\" \/>\n<meta name=\"robots\" content=\"index, follow, max-snippet:-1, max-image-preview:large, max-video-preview:-1\" \/>\n<link rel=\"canonical\" href=\"https:\/\/ruishengglassco.com\/pt\/produto\/rs123-garrafas-de-vidro-de-1-litro-com-rolha-para-bebidas-no-atacado\" \/>\n<meta property=\"og:locale\" content=\"pt_BR\" \/>\n<meta property=\"og:type\" content=\"article\" \/>\n<meta property=\"og:title\" content=\"1 Liter Glass Beverage Bottles | Glass Bottles Sales in Bulk\" \/>\n<meta property=\"og:description\" content=\"he 1 Liter Glass Beverage Bottles Sales in Bulk is one of our hot sales glass products. High Quality&amp;Factory Outlet Price.\" \/>\n<meta property=\"og:url\" content=\"https:\/\/ruishengglassco.com\/pt\/produto\/rs123-garrafas-de-vidro-de-1-litro-com-rolha-para-bebidas-no-atacado\" \/>\n<meta property=\"article:publisher\" content=\"https:\/\/www.facebook.com\/ruishengglassbottles\" \/>\n<meta property=\"article:modified_time\" content=\"2025-07-16T07:01:32+00:00\" \/>\n<meta property=\"og:image\" content=\"https:\/\/ruishengglassco.com\/wp-content\/uploads\/2025\/03\/RS123-1-Liter-Glass-Beverage-Corked-Bottles-Wholesale.webp\" \/>\n\t<meta property=\"og:image:width\" content=\"800\" \/>\n\t<meta property=\"og:image:height\" content=\"800\" \/>\n\t<meta property=\"og:image:type\" content=\"image\/webp\" \/>\n<meta name=\"twitter:card\" content=\"summary_large_image\" \/>\n<meta name=\"twitter:label1\" content=\"Est. tempo de leitura\" \/>\n\t<meta name=\"twitter:data1\" content=\"2 minutos\" \/>\n<script type=\"application\/ld+json\" class=\"yoast-schema-graph\">{\"@context\":\"https:\/\/schema.org\",\"@graph\":[{\"@type\":\"WebPage\",\"@id\":\"https:\/\/ruishengglassco.com\/product\/rs123-1-liter-glass-beverage-corked-bottles-wholesale\",\"url\":\"https:\/\/ruishengglassco.com\/product\/rs123-1-liter-glass-beverage-corked-bottles-wholesale\",\"name\":\"1 Liter Glass Beverage Bottles | Glass Bottles Sales in Bulk\",\"isPartOf\":{\"@id\":\"https:\/\/ruishengglassco.com\/#website\"},\"datePublished\":\"2025-03-14T15:52:01+00:00\",\"dateModified\":\"2025-07-16T07:01:32+00:00\",\"description\":\"he 1 Liter Glass Beverage Bottles Sales in Bulk is one of our hot sales glass products. High Quality&Factory Outlet Price.\",\"breadcrumb\":{\"@id\":\"https:\/\/ruishengglassco.com\/product\/rs123-1-liter-glass-beverage-corked-bottles-wholesale#breadcrumb\"},\"inLanguage\":\"pt-BR\",\"potentialAction\":[{\"@type\":\"ReadAction\",\"target\":[\"https:\/\/ruishengglassco.com\/product\/rs123-1-liter-glass-beverage-corked-bottles-wholesale\"]}]},{\"@type\":\"BreadcrumbList\",\"@id\":\"https:\/\/ruishengglassco.com\/product\/rs123-1-liter-glass-beverage-corked-bottles-wholesale#breadcrumb\",\"itemListElement\":[{\"@type\":\"ListItem\",\"position\":1,\"name\":\"Home\",\"item\":\"https:\/\/ruishengglassco.com\/\"},{\"@type\":\"ListItem\",\"position\":2,\"name\":\"Products\",\"item\":\"https:\/\/ruishengglassco.com\/products\"},{\"@type\":\"ListItem\",\"position\":3,\"name\":\"RS123: 1 Liter Glass Beverage Corked Bottles Manufacturers\"}]},{\"@type\":\"WebSite\",\"@id\":\"https:\/\/ruishengglassco.com\/#website\",\"url\":\"https:\/\/ruishengglassco.com\/\",\"name\":\"Ruisheng Glass\",\"description\":\"\",\"publisher\":{\"@id\":\"https:\/\/ruishengglassco.com\/#organization\"},\"potentialAction\":[{\"@type\":\"SearchAction\",\"target\":{\"@type\":\"EntryPoint\",\"urlTemplate\":\"https:\/\/ruishengglassco.com\/?s={search_term_string}\"},\"query-input\":\"required name=search_term_string\"}],\"inLanguage\":\"pt-BR\"},{\"@type\":\"Organization\",\"@id\":\"https:\/\/ruishengglassco.com\/#organization\",\"name\":\"Shandong Yuncheng Ruisheng Glass Co., Ltd\",\"url\":\"https:\/\/ruishengglassco.com\/\",\"logo\":{\"@type\":\"ImageObject\",\"inLanguage\":\"pt-BR\",\"@id\":\"https:\/\/ruishengglassco.com\/#\/schema\/logo\/image\/\",\"url\":\"https:\/\/ruishengglassco.com\/wp-content\/uploads\/2023\/09\/ruisheng_logo_icon.webp\",\"contentUrl\":\"https:\/\/ruishengglassco.com\/wp-content\/uploads\/2023\/09\/ruisheng_logo_icon.webp\",\"width\":400,\"height\":233,\"caption\":\"Shandong Yuncheng Ruisheng Glass Co., Ltd\"},\"image\":{\"@id\":\"https:\/\/ruishengglassco.com\/#\/schema\/logo\/image\/\"},\"sameAs\":[\"https:\/\/www.facebook.com\/ruishengglassbottles\",\"https:\/\/www.instagram.com\/Ruishengglassbottlewholesales\/\",\"https:\/\/www.youtube.com\/channel\/UCMmbMNGwsL-XrtjfSFLCdVQ\"]}]}<\/script>\n<!-- \/ Yoast SEO plugin. -->","yoast_head_json":{"title":"1 Liter Glass Beverage Bottles | Glass Bottles Sales in Bulk","description":"he 1 Liter Glass Beverage Bottles Sales in Bulk is one of our hot sales glass products. High Quality&Factory Outlet Price.","robots":{"index":"index","follow":"follow","max-snippet":"max-snippet:-1","max-image-preview":"max-image-preview:large","max-video-preview":"max-video-preview:-1"},"canonical":"https:\/\/ruishengglassco.com\/pt\/produto\/rs123-garrafas-de-vidro-de-1-litro-com-rolha-para-bebidas-no-atacado","og_locale":"pt_BR","og_type":"article","og_title":"1 Liter Glass Beverage Bottles | Glass Bottles Sales in Bulk","og_description":"he 1 Liter Glass Beverage Bottles Sales in Bulk is one of our hot sales glass products. High Quality&Factory Outlet Price.","og_url":"https:\/\/ruishengglassco.com\/pt\/produto\/rs123-garrafas-de-vidro-de-1-litro-com-rolha-para-bebidas-no-atacado","article_publisher":"https:\/\/www.facebook.com\/ruishengglassbottles","article_modified_time":"2025-07-16T07:01:32+00:00","og_image":[{"width":800,"height":800,"url":"https:\/\/ruishengglassco.com\/wp-content\/uploads\/2025\/03\/RS123-1-Liter-Glass-Beverage-Corked-Bottles-Wholesale.webp","type":"image\/webp"}],"twitter_card":"summary_large_image","twitter_misc":{"Est. tempo de leitura":"2 minutos"},"schema":{"@context":"https:\/\/schema.org","@graph":[{"@type":"WebPage","@id":"https:\/\/ruishengglassco.com\/product\/rs123-1-liter-glass-beverage-corked-bottles-wholesale","url":"https:\/\/ruishengglassco.com\/product\/rs123-1-liter-glass-beverage-corked-bottles-wholesale","name":"1 Liter Glass Beverage Bottles | Glass Bottles Sales in Bulk","isPartOf":{"@id":"https:\/\/ruishengglassco.com\/#website"},"datePublished":"2025-03-14T15:52:01+00:00","dateModified":"2025-07-16T07:01:32+00:00","description":"he 1 Liter Glass Beverage Bottles Sales in Bulk is one of our hot sales glass products. High Quality&Factory Outlet Price.","breadcrumb":{"@id":"https:\/\/ruishengglassco.com\/product\/rs123-1-liter-glass-beverage-corked-bottles-wholesale#breadcrumb"},"inLanguage":"pt-BR","potentialAction":[{"@type":"ReadAction","target":["https:\/\/ruishengglassco.com\/product\/rs123-1-liter-glass-beverage-corked-bottles-wholesale"]}]},{"@type":"BreadcrumbList","@id":"https:\/\/ruishengglassco.com\/product\/rs123-1-liter-glass-beverage-corked-bottles-wholesale#breadcrumb","itemListElement":[{"@type":"ListItem","position":1,"name":"Home","item":"https:\/\/ruishengglassco.com\/"},{"@type":"ListItem","position":2,"name":"Products","item":"https:\/\/ruishengglassco.com\/products"},{"@type":"ListItem","position":3,"name":"RS123: 1 Liter Glass Beverage Corked Bottles Manufacturers"}]},{"@type":"WebSite","@id":"https:\/\/ruishengglassco.com\/#website","url":"https:\/\/ruishengglassco.com\/","name":"Ruisheng Glass","description":"","publisher":{"@id":"https:\/\/ruishengglassco.com\/#organization"},"potentialAction":[{"@type":"SearchAction","target":{"@type":"EntryPoint","urlTemplate":"https:\/\/ruishengglassco.com\/?s={search_term_string}"},"query-input":"required name=search_term_string"}],"inLanguage":"pt-BR"},{"@type":"Organization","@id":"https:\/\/ruishengglassco.com\/#organization","name":"Shandong Yuncheng Ruisheng Glass Co., Ltd","url":"https:\/\/ruishengglassco.com\/","logo":{"@type":"ImageObject","inLanguage":"pt-BR","@id":"https:\/\/ruishengglassco.com\/#\/schema\/logo\/image\/","url":"https:\/\/ruishengglassco.com\/wp-content\/uploads\/2023\/09\/ruisheng_logo_icon.webp","contentUrl":"https:\/\/ruishengglassco.com\/wp-content\/uploads\/2023\/09\/ruisheng_logo_icon.webp","width":400,"height":233,"caption":"Shandong Yuncheng Ruisheng Glass Co., Ltd"},"image":{"@id":"https:\/\/ruishengglassco.com\/#\/schema\/logo\/image\/"},"sameAs":["https:\/\/www.facebook.com\/ruishengglassbottles","https:\/\/www.instagram.com\/Ruishengglassbottlewholesales\/","https:\/\/www.youtube.com\/channel\/UCMmbMNGwsL-XrtjfSFLCdVQ"]}]}},"_links":{"self":[{"href":"https:\/\/ruishengglassco.com\/pt\/wp-json\/wp\/v2\/product\/4153","targetHints":{"allow":["GET"]}}],"collection":[{"href":"https:\/\/ruishengglassco.com\/pt\/wp-json\/wp\/v2\/product"}],"about":[{"href":"https:\/\/ruishengglassco.com\/pt\/wp-json\/wp\/v2\/types\/product"}],"replies":[{"embeddable":true,"href":"https:\/\/ruishengglassco.com\/pt\/wp-json\/wp\/v2\/comments?post=4153"}],"wp:featuredmedia":[{"embeddable":true,"href":"https:\/\/ruishengglassco.com\/pt\/wp-json\/wp\/v2\/media\/4154"}],"wp:attachment":[{"href":"https:\/\/ruishengglassco.com\/pt\/wp-json\/wp\/v2\/media?parent=4153"}],"wp:term":[{"taxonomy":"product_cat","embeddable":true,"href":"https:\/\/ruishengglassco.com\/pt\/wp-json\/wp\/v2\/product_cat?post=4153"}],"curies":[{"name":"wp","href":"https:\/\/api.w.org\/{rel}","templated":true}]}}