{"id":4151,"date":"2025-03-14T23:47:11","date_gmt":"2025-03-14T15:47:11","guid":{"rendered":"https:\/\/ruishengglassco.com\/?post_type=product&#038;p=4151"},"modified":"2025-09-11T16:19:54","modified_gmt":"2025-09-11T08:19:54","slug":"rs124-garrafas-de-vidro-cilindricas-transparentes-de-500-ml-e-750-ml","status":"publish","type":"product","link":"https:\/\/ruishengglassco.com\/pt\/produto\/rs124-garrafas-de-vidro-cilindricas-transparentes-de-500-ml-e-750-ml","title":{"rendered":"RS124: Garrafas de vidro cil\u00edndricas transparentes de 500 ml e 750 ml"},"content":{"rendered":"<p><span data-preserver-spaces=\"true\">O volume do frasco de vidro transparente <\/span><span data-preserver-spaces=\"true\">\u00e9 originado<\/span><span data-preserver-spaces=\"true\"> da Shandong Yuncheng Ruisheng Glass Co., Ltd. A Ruisheng \u00e9 a maior produtora de garrafas de vidro de alto brilho da China. Ela n\u00e3o s\u00f3 oferece garrafas de vidro transparente de alta qualidade no atacado, mas tamb\u00e9m oferece garrafas de vidro transparente de qualidade m\u00e9dia para uma ampla gama de aplica\u00e7\u00f5es.<\/span><\/p>\n<p><span data-preserver-spaces=\"true\">Essa garrafa de vidro cil\u00edndrica \u00e9 um tipo comum de garrafa de vidro. Essa garrafa de vidro transparente de 500 ml e 750 ml pode ser vendida a granel <\/span><span data-preserver-spaces=\"true\">ser usado<\/span><span data-preserver-spaces=\"true\"> para vinho, vodca, u\u00edsque, rum, gim e outros l\u00edquidos. Essas garrafas de vidro podem <\/span><span data-preserver-spaces=\"true\">ser vendido<\/span><span data-preserver-spaces=\"true\"> para v\u00e1rios pa\u00edses e regi\u00f5es, incluindo Europa, Estados Unidos, Austr\u00e1lia e outros.<\/span><\/p>\n<p><span data-preserver-spaces=\"true\">Esses cilindros de vidro transparente <\/span><span data-preserver-spaces=\"true\">s\u00e3o usados<\/span><span data-preserver-spaces=\"true\"> em vidro high-flint. Esse vidro de alto brilho tamb\u00e9m \u00e9 chamado de vidro branco cristalino. Esse material para garrafas de vidro \u00e9 o material de mais alta qualidade para garrafas de vidro. Essa garrafa de vidro feita com esse material \u00e9 <\/span><span data-preserver-spaces=\"true\">muito claro<\/span><span data-preserver-spaces=\"true\"> e suave, al\u00e9m de ser muito dur\u00e1vel.<\/span><\/p>\n<p><span data-preserver-spaces=\"true\">Podemos produzir esses cilindros de vidro transparente em v\u00e1rios tamanhos, se voc\u00ea precisar deles. Por exemplo, 375 ml, 500 ml, 700 ml, 750 ml, 1000 ml e outros. Atualmente, nossas garrafas de vidro existentes est\u00e3o dispon\u00edveis nos tamanhos de 500 ml e 750 ml. Se voc\u00ea precisar, podemos fazer um novo molde para produzir as garrafas de vidro.<\/span><\/p>\n<h2><span data-preserver-spaces=\"true\">Os detalhes dessa garrafa de vidro transparente a granel<\/span><\/h2>\n<p><span data-preserver-spaces=\"true\">Nossas garrafas de vidro est\u00e3o dispon\u00edveis em dois tamanhos: 500 ml e 750 ml.<\/span><\/p>\n<p><span data-preserver-spaces=\"true\">O peso da garrafa de vidro dos cilindros de 750 ml \u00e9 de 750 g. <\/span><span data-preserver-spaces=\"true\">Esse di\u00e2metro de garrafa<\/span><span data-preserver-spaces=\"true\"> \u00e9 de 75,6 \u00b1 1,5 mm.<\/span><span data-preserver-spaces=\"true\"> A altura da garrafa \u00e9 de 330 \u00b1 2 mm. Seu acabamento de fechamento \u00e9 em T-cork. Essa garrafa de vidro \u00e9 <\/span><span data-preserver-spaces=\"true\">adequado para<\/span><span data-preserver-spaces=\"true\"> a rolha em T de 19,5 mm.<\/span><\/p>\n<p><span data-preserver-spaces=\"true\">O peso das garrafas de vidro de 500 ml \u00e9 de 580g. O di\u00e2metro dessa garrafa de vidro \u00e9 de 66,5 \u00b1 1,5 mm. E sua altura \u00e9 de 300 \u00b1 1,5 mm. Essa garrafa tamb\u00e9m apresenta um acabamento de rolha em T de 19,5 mm.<\/span><\/p>\n<p><span data-preserver-spaces=\"true\">Essas duas garrafas de vidro podem ser convertidas<\/span><span data-preserver-spaces=\"true\"> para um acabamento com tampa de rosca. \u00c9 feito de acordo com as demandas do cliente.<\/span><\/p>\n<p><span data-preserver-spaces=\"true\">Se quiser comprar cilindros de vidro transparente de 500 ml ou 750 ml ou comprar garrafas de vidro no atacado, entre em contato conosco por e-mail ou telefone. Responderemos o mais breve poss\u00edvel.<\/span><\/p>","protected":false},"excerpt":{"rendered":"<table class=\"tg\">\n<tbody>\n<tr>\n<th class=\"tg-24i8\" colspan=\"2\">Garrafas de vidro cil\u00edndricas transparentes de 500 ml e 750 ml<\/th>\n<\/tr>\n<tr>\n<td class=\"tg-b7b8\">Material principal:<\/td>\n<td class=\"tg-b7b8\">Vidro de s\u00edlex alto<\/td>\n<\/tr>\n<tr>\n<td class=\"tg-yw4l\">Bon\u00e9:<\/td>\n<td class=\"tg-yw4l\">Tampa de rosca<\/td>\n<\/tr>\n<tr>\n<td class=\"tg-b7b8\">Capacidade:<\/td>\n<td class=\"tg-b7b8\">500 ml 750 ml<\/td>\n<\/tr>\n<tr>\n<td class=\"tg-yw4l\">Recurso:<\/td>\n<td class=\"tg-yw4l\">Ecologicamente correto<\/td>\n<\/tr>\n<tr>\n<td class=\"tg-b7b8\">MOQ:<\/td>\n<td class=\"tg-b7b8\">10000 PCS<\/td>\n<\/tr>\n<tr>\n<td class=\"tg-yw4l\">Origem do local:<\/td>\n<td class=\"tg-yw4l\">Shandong, China<\/td>\n<\/tr>\n<tr>\n<td class=\"tg-b7b8\">Pcs\/Ctn:<\/td>\n<td class=\"tg-b7b8\">24 unidades<\/td>\n<\/tr>\n<tr>\n<td class=\"tg-yw4l\">Refer\u00eancia:<\/td>\n<td class=\"tg-yw4l\">RS124<\/td>\n<\/tr>\n<tr>\n<td class=\"tg-b7b8\">Forma de envio:<\/td>\n<td class=\"tg-b7b8\">Navio, expresso<\/td>\n<\/tr>\n<tr>\n<td class=\"tg-yw4l\">OEM\/ODM:<\/td>\n<td class=\"tg-yw4l\">Bem-vindo<\/td>\n<\/tr>\n<\/tbody>\n<\/table>","protected":false},"featured_media":4152,"comment_status":"closed","ping_status":"closed","template":"","meta":[],"product_cat":[41,40],"class_list":{"0":"post-4151","1":"product","2":"type-product","3":"status-publish","4":"has-post-thumbnail","6":"product_cat-500ml-liquor-bottle-manufacturer","7":"product_cat-750ml-liquor-bottle-manufacturer","9":"first","10":"instock","11":"shipping-taxable","12":"product-type-simple"},"yoast_head":"<!-- This site is optimized with the Yoast SEO plugin v22.0 - https:\/\/yoast.com\/wordpress\/plugins\/seo\/ -->\n<title>750ml Clear Glass Bottle Bulk|Wholesale Cylinder Glass Bottle With T-cork<\/title>\n<meta name=\"description\" content=\"Buy 750ml Clear Glass Bottles Bulk From China Liquor Bottle Manufacturer. Factory Outlet Wholesale Cylinder Glass Bottle With T-cork\" \/>\n<meta name=\"robots\" content=\"index, follow, max-snippet:-1, max-image-preview:large, max-video-preview:-1\" \/>\n<link rel=\"canonical\" href=\"https:\/\/ruishengglassco.com\/pt\/produto\/rs124-garrafas-de-vidro-cilindricas-transparentes-de-500-ml-e-750-ml\" \/>\n<meta property=\"og:locale\" content=\"pt_BR\" \/>\n<meta property=\"og:type\" content=\"article\" \/>\n<meta property=\"og:title\" content=\"750ml Clear Glass Bottle Bulk|Wholesale Cylinder Glass Bottle With T-cork\" \/>\n<meta property=\"og:description\" content=\"Buy 750ml Clear Glass Bottles Bulk From China Liquor Bottle Manufacturer. Factory Outlet Wholesale Cylinder Glass Bottle With T-cork\" \/>\n<meta property=\"og:url\" content=\"https:\/\/ruishengglassco.com\/pt\/produto\/rs124-garrafas-de-vidro-cilindricas-transparentes-de-500-ml-e-750-ml\" \/>\n<meta property=\"article:publisher\" content=\"https:\/\/www.facebook.com\/ruishengglassbottles\" \/>\n<meta property=\"article:modified_time\" content=\"2025-09-11T08:19:54+00:00\" \/>\n<meta property=\"og:image\" content=\"https:\/\/ruishengglassco.com\/wp-content\/uploads\/2025\/03\/RS124-500ml-750ml-Clear-Cylinder-Glass-Bottles.webp\" \/>\n\t<meta property=\"og:image:width\" content=\"800\" \/>\n\t<meta property=\"og:image:height\" content=\"800\" \/>\n\t<meta property=\"og:image:type\" content=\"image\/webp\" \/>\n<meta name=\"twitter:card\" content=\"summary_large_image\" \/>\n<meta name=\"twitter:label1\" content=\"Est. tempo de leitura\" \/>\n\t<meta name=\"twitter:data1\" content=\"2 minutos\" \/>\n<script type=\"application\/ld+json\" class=\"yoast-schema-graph\">{\"@context\":\"https:\/\/schema.org\",\"@graph\":[{\"@type\":\"WebPage\",\"@id\":\"https:\/\/ruishengglassco.com\/product\/rs124-500ml-750ml-clear-cylinder-glass-bottles\",\"url\":\"https:\/\/ruishengglassco.com\/product\/rs124-500ml-750ml-clear-cylinder-glass-bottles\",\"name\":\"750ml Clear Glass Bottle Bulk|Wholesale Cylinder Glass Bottle With T-cork\",\"isPartOf\":{\"@id\":\"https:\/\/ruishengglassco.com\/#website\"},\"datePublished\":\"2025-03-14T15:47:11+00:00\",\"dateModified\":\"2025-09-11T08:19:54+00:00\",\"description\":\"Buy 750ml Clear Glass Bottles Bulk From China Liquor Bottle Manufacturer. Factory Outlet Wholesale Cylinder Glass Bottle With T-cork\",\"breadcrumb\":{\"@id\":\"https:\/\/ruishengglassco.com\/product\/rs124-500ml-750ml-clear-cylinder-glass-bottles#breadcrumb\"},\"inLanguage\":\"pt-BR\",\"potentialAction\":[{\"@type\":\"ReadAction\",\"target\":[\"https:\/\/ruishengglassco.com\/product\/rs124-500ml-750ml-clear-cylinder-glass-bottles\"]}]},{\"@type\":\"BreadcrumbList\",\"@id\":\"https:\/\/ruishengglassco.com\/product\/rs124-500ml-750ml-clear-cylinder-glass-bottles#breadcrumb\",\"itemListElement\":[{\"@type\":\"ListItem\",\"position\":1,\"name\":\"Home\",\"item\":\"https:\/\/ruishengglassco.com\/\"},{\"@type\":\"ListItem\",\"position\":2,\"name\":\"Products\",\"item\":\"https:\/\/ruishengglassco.com\/products\"},{\"@type\":\"ListItem\",\"position\":3,\"name\":\"RS124: 500ml 750ml Clear Cylinder Glass Bottles\"}]},{\"@type\":\"WebSite\",\"@id\":\"https:\/\/ruishengglassco.com\/#website\",\"url\":\"https:\/\/ruishengglassco.com\/\",\"name\":\"Ruisheng Glass\",\"description\":\"\",\"publisher\":{\"@id\":\"https:\/\/ruishengglassco.com\/#organization\"},\"potentialAction\":[{\"@type\":\"SearchAction\",\"target\":{\"@type\":\"EntryPoint\",\"urlTemplate\":\"https:\/\/ruishengglassco.com\/?s={search_term_string}\"},\"query-input\":\"required name=search_term_string\"}],\"inLanguage\":\"pt-BR\"},{\"@type\":\"Organization\",\"@id\":\"https:\/\/ruishengglassco.com\/#organization\",\"name\":\"Shandong Yuncheng Ruisheng Glass Co., Ltd\",\"url\":\"https:\/\/ruishengglassco.com\/\",\"logo\":{\"@type\":\"ImageObject\",\"inLanguage\":\"pt-BR\",\"@id\":\"https:\/\/ruishengglassco.com\/#\/schema\/logo\/image\/\",\"url\":\"https:\/\/ruishengglassco.com\/wp-content\/uploads\/2023\/09\/ruisheng_logo_icon.webp\",\"contentUrl\":\"https:\/\/ruishengglassco.com\/wp-content\/uploads\/2023\/09\/ruisheng_logo_icon.webp\",\"width\":400,\"height\":233,\"caption\":\"Shandong Yuncheng Ruisheng Glass Co., Ltd\"},\"image\":{\"@id\":\"https:\/\/ruishengglassco.com\/#\/schema\/logo\/image\/\"},\"sameAs\":[\"https:\/\/www.facebook.com\/ruishengglassbottles\",\"https:\/\/www.instagram.com\/Ruishengglassbottlewholesales\/\",\"https:\/\/www.youtube.com\/channel\/UCMmbMNGwsL-XrtjfSFLCdVQ\"]}]}<\/script>\n<!-- \/ Yoast SEO plugin. -->","yoast_head_json":{"title":"750ml Clear Glass Bottle Bulk|Wholesale Cylinder Glass Bottle With T-cork","description":"Buy 750ml Clear Glass Bottles Bulk From China Liquor Bottle Manufacturer. Factory Outlet Wholesale Cylinder Glass Bottle With T-cork","robots":{"index":"index","follow":"follow","max-snippet":"max-snippet:-1","max-image-preview":"max-image-preview:large","max-video-preview":"max-video-preview:-1"},"canonical":"https:\/\/ruishengglassco.com\/pt\/produto\/rs124-garrafas-de-vidro-cilindricas-transparentes-de-500-ml-e-750-ml","og_locale":"pt_BR","og_type":"article","og_title":"750ml Clear Glass Bottle Bulk|Wholesale Cylinder Glass Bottle With T-cork","og_description":"Buy 750ml Clear Glass Bottles Bulk From China Liquor Bottle Manufacturer. Factory Outlet Wholesale Cylinder Glass Bottle With T-cork","og_url":"https:\/\/ruishengglassco.com\/pt\/produto\/rs124-garrafas-de-vidro-cilindricas-transparentes-de-500-ml-e-750-ml","article_publisher":"https:\/\/www.facebook.com\/ruishengglassbottles","article_modified_time":"2025-09-11T08:19:54+00:00","og_image":[{"width":800,"height":800,"url":"https:\/\/ruishengglassco.com\/wp-content\/uploads\/2025\/03\/RS124-500ml-750ml-Clear-Cylinder-Glass-Bottles.webp","type":"image\/webp"}],"twitter_card":"summary_large_image","twitter_misc":{"Est. tempo de leitura":"2 minutos"},"schema":{"@context":"https:\/\/schema.org","@graph":[{"@type":"WebPage","@id":"https:\/\/ruishengglassco.com\/product\/rs124-500ml-750ml-clear-cylinder-glass-bottles","url":"https:\/\/ruishengglassco.com\/product\/rs124-500ml-750ml-clear-cylinder-glass-bottles","name":"750ml Clear Glass Bottle Bulk|Wholesale Cylinder Glass Bottle With T-cork","isPartOf":{"@id":"https:\/\/ruishengglassco.com\/#website"},"datePublished":"2025-03-14T15:47:11+00:00","dateModified":"2025-09-11T08:19:54+00:00","description":"Buy 750ml Clear Glass Bottles Bulk From China Liquor Bottle Manufacturer. Factory Outlet Wholesale Cylinder Glass Bottle With T-cork","breadcrumb":{"@id":"https:\/\/ruishengglassco.com\/product\/rs124-500ml-750ml-clear-cylinder-glass-bottles#breadcrumb"},"inLanguage":"pt-BR","potentialAction":[{"@type":"ReadAction","target":["https:\/\/ruishengglassco.com\/product\/rs124-500ml-750ml-clear-cylinder-glass-bottles"]}]},{"@type":"BreadcrumbList","@id":"https:\/\/ruishengglassco.com\/product\/rs124-500ml-750ml-clear-cylinder-glass-bottles#breadcrumb","itemListElement":[{"@type":"ListItem","position":1,"name":"Home","item":"https:\/\/ruishengglassco.com\/"},{"@type":"ListItem","position":2,"name":"Products","item":"https:\/\/ruishengglassco.com\/products"},{"@type":"ListItem","position":3,"name":"RS124: 500ml 750ml Clear Cylinder Glass Bottles"}]},{"@type":"WebSite","@id":"https:\/\/ruishengglassco.com\/#website","url":"https:\/\/ruishengglassco.com\/","name":"Ruisheng Glass","description":"","publisher":{"@id":"https:\/\/ruishengglassco.com\/#organization"},"potentialAction":[{"@type":"SearchAction","target":{"@type":"EntryPoint","urlTemplate":"https:\/\/ruishengglassco.com\/?s={search_term_string}"},"query-input":"required name=search_term_string"}],"inLanguage":"pt-BR"},{"@type":"Organization","@id":"https:\/\/ruishengglassco.com\/#organization","name":"Shandong Yuncheng Ruisheng Glass Co., Ltd","url":"https:\/\/ruishengglassco.com\/","logo":{"@type":"ImageObject","inLanguage":"pt-BR","@id":"https:\/\/ruishengglassco.com\/#\/schema\/logo\/image\/","url":"https:\/\/ruishengglassco.com\/wp-content\/uploads\/2023\/09\/ruisheng_logo_icon.webp","contentUrl":"https:\/\/ruishengglassco.com\/wp-content\/uploads\/2023\/09\/ruisheng_logo_icon.webp","width":400,"height":233,"caption":"Shandong Yuncheng Ruisheng Glass Co., Ltd"},"image":{"@id":"https:\/\/ruishengglassco.com\/#\/schema\/logo\/image\/"},"sameAs":["https:\/\/www.facebook.com\/ruishengglassbottles","https:\/\/www.instagram.com\/Ruishengglassbottlewholesales\/","https:\/\/www.youtube.com\/channel\/UCMmbMNGwsL-XrtjfSFLCdVQ"]}]}},"_links":{"self":[{"href":"https:\/\/ruishengglassco.com\/pt\/wp-json\/wp\/v2\/product\/4151","targetHints":{"allow":["GET"]}}],"collection":[{"href":"https:\/\/ruishengglassco.com\/pt\/wp-json\/wp\/v2\/product"}],"about":[{"href":"https:\/\/ruishengglassco.com\/pt\/wp-json\/wp\/v2\/types\/product"}],"replies":[{"embeddable":true,"href":"https:\/\/ruishengglassco.com\/pt\/wp-json\/wp\/v2\/comments?post=4151"}],"wp:featuredmedia":[{"embeddable":true,"href":"https:\/\/ruishengglassco.com\/pt\/wp-json\/wp\/v2\/media\/4152"}],"wp:attachment":[{"href":"https:\/\/ruishengglassco.com\/pt\/wp-json\/wp\/v2\/media?parent=4151"}],"wp:term":[{"taxonomy":"product_cat","embeddable":true,"href":"https:\/\/ruishengglassco.com\/pt\/wp-json\/wp\/v2\/product_cat?post=4151"}],"curies":[{"name":"wp","href":"https:\/\/api.w.org\/{rel}","templated":true}]}}