{"id":4147,"date":"2025-03-14T14:53:10","date_gmt":"2025-03-14T06:53:10","guid":{"rendered":"https:\/\/ruishengglassco.com\/?post_type=product&#038;p=4147"},"modified":"2025-07-16T14:59:45","modified_gmt":"2025-07-16T06:59:45","slug":"rs125-garrafas-de-vidro-decorativas-de-16-oz-com-tampa","status":"publish","type":"product","link":"https:\/\/ruishengglassco.com\/pt\/produto\/rs125-garrafas-de-vidro-decorativas-de-16-oz-com-tampa","title":{"rendered":"RS125: Garrafas de vidro decorativas de 16 oz com tampa"},"content":{"rendered":"<p><span data-preserver-spaces=\"true\">Essas garrafas de vidro decorativas de 16 oz no atacado <\/span><span data-preserver-spaces=\"true\">s\u00e3o feitas<\/span><span data-preserver-spaces=\"true\"> de material de vidro super flint. Essa garrafa de vidro para licor tem uma base grossa para destacar sua qualidade. As garrafas de vidro de 16 oz t\u00eam fundo grosso e topo com ombro estreito. O tipo de lacre dessa garrafa de vidro \u00e9 uma tampa de gala, e qualquer material est\u00e1 dispon\u00edvel, como uma tampa de pl\u00e1stico ou de metal.<\/span><\/p>\n<p><span data-preserver-spaces=\"true\">Essas garrafas de vidro decorativas de 16 oz <\/span><span data-preserver-spaces=\"true\">s\u00e3o feitas<\/span><span data-preserver-spaces=\"true\"> no condado de Yuncheng, prov\u00edncia de Shandong. O condado de Yuncheng \u00e9 famoso por suas embalagens de bebidas. Aqui, voc\u00ea pode encontrar garrafas de vidro para vinho, tampas, r\u00f3tulos de papel, r\u00f3tulos de pl\u00e1stico, r\u00f3tulos de metal, caixas de embalagem e outros produtos relacionados.<\/span><\/p>\n<p><span data-preserver-spaces=\"true\">Nossa empresa tem o compromisso de fabricar garrafas de vidro de alta qualidade. A f\u00e1brica emprega aproximadamente 500 funcion\u00e1rios e tem mais de 30 funcion\u00e1rios de controle de qualidade. Verificaremos as garrafas de vidro v\u00e1rias vezes. Depois que a garrafa <\/span><span data-preserver-spaces=\"true\">\u00e9 dividido<\/span><span data-preserver-spaces=\"true\"> do molde, n\u00f3s a inspecionaremos pela primeira vez. Depois que a garrafa de vidro sair da m\u00e1quina de resfriamento, verificaremos a garrafa novamente. Quando criamos os r\u00f3tulos para as garrafas, verificamos novamente as garrafas de vidro. E quando as embalamos, as verificamos pela \u00faltima vez. <\/span><span data-preserver-spaces=\"true\">Dessa forma, garantiremos que todos os nossos produtos <\/span><span data-preserver-spaces=\"true\">s\u00e3o de<\/span><span data-preserver-spaces=\"true\"> alta qualidade antes de envi\u00e1-los ao cliente.<\/span><\/p>\n<h2><span data-preserver-spaces=\"true\">Informa\u00e7\u00f5es sobre garrafas de vidro decorativas de 16 oz<\/span><\/h2>\n<p><span data-preserver-spaces=\"true\">Essas garrafas de vidro decorativas de 16 oz <\/span><span data-preserver-spaces=\"true\">s\u00e3o feitas<\/span><span data-preserver-spaces=\"true\"> de material de vidro branco cristalino. A superf\u00edcie das garrafas de vidro \u00e9 clara e lisa. O peso do vidro dessas garrafas \u00e9 de 580g. <\/span><span data-preserver-spaces=\"true\">N\u00f3s <\/span><span data-preserver-spaces=\"true\">normalmente<\/span><span data-preserver-spaces=\"true\"> embalar as garrafas de vidro <\/span><span data-preserver-spaces=\"true\">para<\/span><span data-preserver-spaces=\"true\"> 24 <\/span><span data-preserver-spaces=\"true\">pe\u00e7as<\/span><span data-preserver-spaces=\"true\"> por caixa de papel\u00e3o padr\u00e3o para exporta\u00e7\u00e3o.<\/span><span data-preserver-spaces=\"true\"> Se voc\u00ea tiver algum requisito especial, tamb\u00e9m podemos atend\u00ea-lo, como caixas coloridas personalizadas e paletes sem fumiga\u00e7\u00e3o.<\/span><\/p>\n<p><span data-preserver-spaces=\"true\">Se quiser obter informa\u00e7\u00f5es sobre nossas garrafas de vidro decorativas de 16 oz ou outras garrafas de vidro personalizadas, entre em contato conosco e ofereceremos nosso melhor servi\u00e7o.<\/span><\/p>","protected":false},"excerpt":{"rendered":"<p>Se estiver interessado em nossas garrafas de suco de vidro de 16 oz, entre em contato conosco. Responderemos dentro de 24 horas.<\/p>","protected":false},"featured_media":4149,"comment_status":"closed","ping_status":"closed","template":"","meta":[],"product_cat":[15],"class_list":{"0":"post-4147","1":"product","2":"type-product","3":"status-publish","4":"has-post-thumbnail","6":"product_cat-glass-liquor-spirit-bottles","8":"first","9":"instock","10":"shipping-taxable","11":"product-type-simple"},"yoast_head":"<!-- This site is optimized with the Yoast SEO plugin v22.0 - https:\/\/yoast.com\/wordpress\/plugins\/seo\/ -->\n<title>16 oz Decorative Glass Bottles Wholesale | Unique Liquor Bottles Supplier<\/title>\n<meta name=\"description\" content=\"Ruisheng, a professional liquor bottles manufacturer &amp; supplier, provide 16 oz decorative glass bottles wholesale in factory outlet price.\" \/>\n<meta name=\"robots\" content=\"index, follow, max-snippet:-1, max-image-preview:large, max-video-preview:-1\" \/>\n<link rel=\"canonical\" href=\"https:\/\/ruishengglassco.com\/pt\/produto\/rs125-garrafas-de-vidro-decorativas-de-16-oz-com-tampa\" \/>\n<meta property=\"og:locale\" content=\"pt_BR\" \/>\n<meta property=\"og:type\" content=\"article\" \/>\n<meta property=\"og:title\" content=\"16 oz Decorative Glass Bottles Wholesale | Unique Liquor Bottles Supplier\" \/>\n<meta property=\"og:description\" content=\"Ruisheng, a professional liquor bottles manufacturer &amp; supplier, provide 16 oz decorative glass bottles wholesale in factory outlet price.\" \/>\n<meta property=\"og:url\" content=\"https:\/\/ruishengglassco.com\/pt\/produto\/rs125-garrafas-de-vidro-decorativas-de-16-oz-com-tampa\" \/>\n<meta property=\"article:publisher\" content=\"https:\/\/www.facebook.com\/ruishengglassbottles\" \/>\n<meta property=\"article:modified_time\" content=\"2025-07-16T06:59:45+00:00\" \/>\n<meta property=\"og:image\" content=\"https:\/\/ruishengglassco.com\/wp-content\/uploads\/2025\/03\/RS125-16-oz-decorative-glass-bottles-with-caps.webp\" \/>\n\t<meta property=\"og:image:width\" content=\"400\" \/>\n\t<meta property=\"og:image:height\" content=\"400\" \/>\n\t<meta property=\"og:image:type\" content=\"image\/webp\" \/>\n<meta name=\"twitter:card\" content=\"summary_large_image\" \/>\n<meta name=\"twitter:label1\" content=\"Est. tempo de leitura\" \/>\n\t<meta name=\"twitter:data1\" content=\"2 minutos\" \/>\n<script type=\"application\/ld+json\" class=\"yoast-schema-graph\">{\"@context\":\"https:\/\/schema.org\",\"@graph\":[{\"@type\":\"WebPage\",\"@id\":\"https:\/\/ruishengglassco.com\/product\/rs125-16-oz-decorative-glass-bottles-with-caps\",\"url\":\"https:\/\/ruishengglassco.com\/product\/rs125-16-oz-decorative-glass-bottles-with-caps\",\"name\":\"16 oz Decorative Glass Bottles Wholesale | Unique Liquor Bottles Supplier\",\"isPartOf\":{\"@id\":\"https:\/\/ruishengglassco.com\/#website\"},\"datePublished\":\"2025-03-14T06:53:10+00:00\",\"dateModified\":\"2025-07-16T06:59:45+00:00\",\"description\":\"Ruisheng, a professional liquor bottles manufacturer & supplier, provide 16 oz decorative glass bottles wholesale in factory outlet price.\",\"breadcrumb\":{\"@id\":\"https:\/\/ruishengglassco.com\/product\/rs125-16-oz-decorative-glass-bottles-with-caps#breadcrumb\"},\"inLanguage\":\"pt-BR\",\"potentialAction\":[{\"@type\":\"ReadAction\",\"target\":[\"https:\/\/ruishengglassco.com\/product\/rs125-16-oz-decorative-glass-bottles-with-caps\"]}]},{\"@type\":\"BreadcrumbList\",\"@id\":\"https:\/\/ruishengglassco.com\/product\/rs125-16-oz-decorative-glass-bottles-with-caps#breadcrumb\",\"itemListElement\":[{\"@type\":\"ListItem\",\"position\":1,\"name\":\"Home\",\"item\":\"https:\/\/ruishengglassco.com\/\"},{\"@type\":\"ListItem\",\"position\":2,\"name\":\"Products\",\"item\":\"https:\/\/ruishengglassco.com\/products\"},{\"@type\":\"ListItem\",\"position\":3,\"name\":\"RS125: 16 oz Decorative Glass Bottles With Caps\"}]},{\"@type\":\"WebSite\",\"@id\":\"https:\/\/ruishengglassco.com\/#website\",\"url\":\"https:\/\/ruishengglassco.com\/\",\"name\":\"Ruisheng Glass\",\"description\":\"\",\"publisher\":{\"@id\":\"https:\/\/ruishengglassco.com\/#organization\"},\"potentialAction\":[{\"@type\":\"SearchAction\",\"target\":{\"@type\":\"EntryPoint\",\"urlTemplate\":\"https:\/\/ruishengglassco.com\/?s={search_term_string}\"},\"query-input\":\"required name=search_term_string\"}],\"inLanguage\":\"pt-BR\"},{\"@type\":\"Organization\",\"@id\":\"https:\/\/ruishengglassco.com\/#organization\",\"name\":\"Shandong Yuncheng Ruisheng Glass Co., Ltd\",\"url\":\"https:\/\/ruishengglassco.com\/\",\"logo\":{\"@type\":\"ImageObject\",\"inLanguage\":\"pt-BR\",\"@id\":\"https:\/\/ruishengglassco.com\/#\/schema\/logo\/image\/\",\"url\":\"https:\/\/ruishengglassco.com\/wp-content\/uploads\/2023\/09\/ruisheng_logo_icon.webp\",\"contentUrl\":\"https:\/\/ruishengglassco.com\/wp-content\/uploads\/2023\/09\/ruisheng_logo_icon.webp\",\"width\":400,\"height\":233,\"caption\":\"Shandong Yuncheng Ruisheng Glass Co., Ltd\"},\"image\":{\"@id\":\"https:\/\/ruishengglassco.com\/#\/schema\/logo\/image\/\"},\"sameAs\":[\"https:\/\/www.facebook.com\/ruishengglassbottles\",\"https:\/\/www.instagram.com\/Ruishengglassbottlewholesales\/\",\"https:\/\/www.youtube.com\/channel\/UCMmbMNGwsL-XrtjfSFLCdVQ\"]}]}<\/script>\n<!-- \/ Yoast SEO plugin. -->","yoast_head_json":{"title":"16 oz Decorative Glass Bottles Wholesale | Unique Liquor Bottles Supplier","description":"Ruisheng, a professional liquor bottles manufacturer & supplier, provide 16 oz decorative glass bottles wholesale in factory outlet price.","robots":{"index":"index","follow":"follow","max-snippet":"max-snippet:-1","max-image-preview":"max-image-preview:large","max-video-preview":"max-video-preview:-1"},"canonical":"https:\/\/ruishengglassco.com\/pt\/produto\/rs125-garrafas-de-vidro-decorativas-de-16-oz-com-tampa","og_locale":"pt_BR","og_type":"article","og_title":"16 oz Decorative Glass Bottles Wholesale | Unique Liquor Bottles Supplier","og_description":"Ruisheng, a professional liquor bottles manufacturer & supplier, provide 16 oz decorative glass bottles wholesale in factory outlet price.","og_url":"https:\/\/ruishengglassco.com\/pt\/produto\/rs125-garrafas-de-vidro-decorativas-de-16-oz-com-tampa","article_publisher":"https:\/\/www.facebook.com\/ruishengglassbottles","article_modified_time":"2025-07-16T06:59:45+00:00","og_image":[{"width":400,"height":400,"url":"https:\/\/ruishengglassco.com\/wp-content\/uploads\/2025\/03\/RS125-16-oz-decorative-glass-bottles-with-caps.webp","type":"image\/webp"}],"twitter_card":"summary_large_image","twitter_misc":{"Est. tempo de leitura":"2 minutos"},"schema":{"@context":"https:\/\/schema.org","@graph":[{"@type":"WebPage","@id":"https:\/\/ruishengglassco.com\/product\/rs125-16-oz-decorative-glass-bottles-with-caps","url":"https:\/\/ruishengglassco.com\/product\/rs125-16-oz-decorative-glass-bottles-with-caps","name":"16 oz Decorative Glass Bottles Wholesale | Unique Liquor Bottles Supplier","isPartOf":{"@id":"https:\/\/ruishengglassco.com\/#website"},"datePublished":"2025-03-14T06:53:10+00:00","dateModified":"2025-07-16T06:59:45+00:00","description":"Ruisheng, a professional liquor bottles manufacturer & supplier, provide 16 oz decorative glass bottles wholesale in factory outlet price.","breadcrumb":{"@id":"https:\/\/ruishengglassco.com\/product\/rs125-16-oz-decorative-glass-bottles-with-caps#breadcrumb"},"inLanguage":"pt-BR","potentialAction":[{"@type":"ReadAction","target":["https:\/\/ruishengglassco.com\/product\/rs125-16-oz-decorative-glass-bottles-with-caps"]}]},{"@type":"BreadcrumbList","@id":"https:\/\/ruishengglassco.com\/product\/rs125-16-oz-decorative-glass-bottles-with-caps#breadcrumb","itemListElement":[{"@type":"ListItem","position":1,"name":"Home","item":"https:\/\/ruishengglassco.com\/"},{"@type":"ListItem","position":2,"name":"Products","item":"https:\/\/ruishengglassco.com\/products"},{"@type":"ListItem","position":3,"name":"RS125: 16 oz Decorative Glass Bottles With Caps"}]},{"@type":"WebSite","@id":"https:\/\/ruishengglassco.com\/#website","url":"https:\/\/ruishengglassco.com\/","name":"Ruisheng Glass","description":"","publisher":{"@id":"https:\/\/ruishengglassco.com\/#organization"},"potentialAction":[{"@type":"SearchAction","target":{"@type":"EntryPoint","urlTemplate":"https:\/\/ruishengglassco.com\/?s={search_term_string}"},"query-input":"required name=search_term_string"}],"inLanguage":"pt-BR"},{"@type":"Organization","@id":"https:\/\/ruishengglassco.com\/#organization","name":"Shandong Yuncheng Ruisheng Glass Co., Ltd","url":"https:\/\/ruishengglassco.com\/","logo":{"@type":"ImageObject","inLanguage":"pt-BR","@id":"https:\/\/ruishengglassco.com\/#\/schema\/logo\/image\/","url":"https:\/\/ruishengglassco.com\/wp-content\/uploads\/2023\/09\/ruisheng_logo_icon.webp","contentUrl":"https:\/\/ruishengglassco.com\/wp-content\/uploads\/2023\/09\/ruisheng_logo_icon.webp","width":400,"height":233,"caption":"Shandong Yuncheng Ruisheng Glass Co., Ltd"},"image":{"@id":"https:\/\/ruishengglassco.com\/#\/schema\/logo\/image\/"},"sameAs":["https:\/\/www.facebook.com\/ruishengglassbottles","https:\/\/www.instagram.com\/Ruishengglassbottlewholesales\/","https:\/\/www.youtube.com\/channel\/UCMmbMNGwsL-XrtjfSFLCdVQ"]}]}},"_links":{"self":[{"href":"https:\/\/ruishengglassco.com\/pt\/wp-json\/wp\/v2\/product\/4147","targetHints":{"allow":["GET"]}}],"collection":[{"href":"https:\/\/ruishengglassco.com\/pt\/wp-json\/wp\/v2\/product"}],"about":[{"href":"https:\/\/ruishengglassco.com\/pt\/wp-json\/wp\/v2\/types\/product"}],"replies":[{"embeddable":true,"href":"https:\/\/ruishengglassco.com\/pt\/wp-json\/wp\/v2\/comments?post=4147"}],"wp:featuredmedia":[{"embeddable":true,"href":"https:\/\/ruishengglassco.com\/pt\/wp-json\/wp\/v2\/media\/4149"}],"wp:attachment":[{"href":"https:\/\/ruishengglassco.com\/pt\/wp-json\/wp\/v2\/media?parent=4147"}],"wp:term":[{"taxonomy":"product_cat","embeddable":true,"href":"https:\/\/ruishengglassco.com\/pt\/wp-json\/wp\/v2\/product_cat?post=4147"}],"curies":[{"name":"wp","href":"https:\/\/api.w.org\/{rel}","templated":true}]}}