{"id":4141,"date":"2025-03-14T11:15:14","date_gmt":"2025-03-14T03:15:14","guid":{"rendered":"https:\/\/ruishengglassco.com\/?post_type=product&#038;p=4141"},"modified":"2025-09-12T08:37:31","modified_gmt":"2025-09-12T00:37:31","slug":"rs128-garrafa-xo-transparente-de-750-ml","status":"publish","type":"product","link":"https:\/\/ruishengglassco.com\/pt\/produto\/rs128-garrafa-xo-transparente-de-750-ml","title":{"rendered":"RS128: Garrafa transparente de 750 ml de XO"},"content":{"rendered":"<p>Essa garrafa XO transparente de 750 ml com rolhas \u00e9 uma de nossas garrafas de vidro de 750 ml mais vendidas no atacado em todo o mundo. \u00c9 um formato familiar nas garrafas de vidro XO de 750 ml.<\/p>\n<p>Nossa garrafa transparente de 750 ml de XO \u00e9 fabricada com mat\u00e9rias-primas de alta qualidade. As garrafas de vidro para licor ser\u00e3o \u00f3bvias, suaves e n\u00e3o t\u00e3o fr\u00e1geis quanto outras garrafas de vidro. Sem gelo, s\u00e3o muito claras.<\/p>\n<p>Essa garrafa de 750 ml de XO n\u00e3o \u00e9 uma garrafa de vidro leve; voc\u00ea conhecer\u00e1 sua textura ao segur\u00e1-la na m\u00e3o.<\/p>\n<h4>Os detalhes da garrafa XO transparente de 750 ml<\/h4>\n<p>As informa\u00e7\u00f5es do frasco de vidro eram estridentes:<\/p>\n<ul>\n<li>Material principal: Vidro super flint<\/li>\n<li>Tampa: Corti\u00e7a<\/li>\n<li>Refer\u00eancia: RS128<\/li>\n<li>MOQ: 10000<\/li>\n<li>Capacidade: 750 ml<\/li>\n<li>Pcs\/Ctn: 24pcs<\/li>\n<li>Origem do local: Shandong, China<\/li>\n<li>Caracter\u00edstica: Ecologicamente correto<\/li>\n<\/ul>\n<h4>As rolhas para estas garrafas de 750ML XO<\/h4>\n<p><span data-preserver-spaces=\"true\">Com rela\u00e7\u00e3o \u00e0s rolhas usadas para essas garrafas XO de 750 ml, nossa f\u00e1brica produz uma variedade de tipos. Os diferentes materiais incluem <\/span><span data-preserver-spaces=\"true\">corti\u00e7a, tais como<\/span><span data-preserver-spaces=\"true\"> corti\u00e7a de alto pol\u00edmero, corti\u00e7a complexa e corti\u00e7a de madeira. Diversas cores de corti\u00e7a, como corti\u00e7a dourada, corti\u00e7a prateada, corti\u00e7a preta e outras cores de corti\u00e7a.<\/span><\/p>\n<p><span data-preserver-spaces=\"true\">Esse vidro \u00e9 adequado para uso em muitos pa\u00edses, incluindo Estados Unidos, Europa, Austr\u00e1lia e R\u00fassia, entre outros. <\/span><span data-preserver-spaces=\"true\">N\u00f3s estabelecemos <\/span><span data-preserver-spaces=\"true\">coopera\u00e7\u00e3o<\/span><span data-preserver-spaces=\"true\"> com <\/span><span data-preserver-spaces=\"true\">muitos<\/span><span data-preserver-spaces=\"true\"> clientes em todo o mundo e conquistamos uma boa reputa\u00e7\u00e3o junto a eles.<\/span><\/p>\n<p><span data-preserver-spaces=\"true\">Nossa empresa investiu em:<\/span><\/p>\n<ul>\n<li><span data-preserver-spaces=\"true\">Duas linhas de produ\u00e7\u00e3o de m\u00e1quinas avan\u00e7adas 8S totalmente autom\u00e1ticas.<\/span><\/li>\n<li><span data-preserver-spaces=\"true\">Tr\u00eas linhas de produ\u00e7\u00e3o de m\u00e1quinas manuais CNC.<\/span><\/li>\n<li><span data-preserver-spaces=\"true\">Quatro linhas de produ\u00e7\u00e3o de m\u00e1quinas semiautom\u00e1ticas CNC.<\/span><\/li>\n<\/ul>\n<p><span data-preserver-spaces=\"true\">Nossa f\u00e1brica tamb\u00e9m tem dois conjuntos de m\u00e1quinas IS. A m\u00e1quina 8S e as m\u00e1quinas CNC <\/span><span data-preserver-spaces=\"true\">s\u00e3o usados<\/span><span data-preserver-spaces=\"true\"> para produzir garrafas de vidro de primeira qualidade - garrafas de vidro supper flint. A produ\u00e7\u00e3o di\u00e1ria \u00e9 de 120.000 unidades. As m\u00e1quinas IS <\/span><span data-preserver-spaces=\"true\">s\u00e3o usados<\/span><span data-preserver-spaces=\"true\"> para produzir garrafas de vidro de n\u00edvel m\u00e9dio, com um volume di\u00e1rio de <\/span><span data-preserver-spaces=\"true\">sa\u00edda<\/span><span data-preserver-spaces=\"true\"> de 200.000 pe\u00e7as.<\/span><\/p>\n<p><span data-preserver-spaces=\"true\">Somos fabricantes especializados de garrafas de vidro para l\u00edquidos. Tamb\u00e9m podemos fabricar garrafas de vidro personalizadas com base no que nossos clientes desejam. Voc\u00ea pode nos informar o que deseja e n\u00f3s providenciaremos para que nosso designer crie a garrafa para voc\u00ea.<\/span><\/p>\n<p><span data-preserver-spaces=\"true\">Se voc\u00ea quiser fazer um pedido dessa garrafa XO transparente de 750 ml ou quiser saber mais sobre garrafas de vidro personalizadas, <\/span><span data-preserver-spaces=\"true\">Entre em contato conosco<\/span><span data-preserver-spaces=\"true\">e n\u00f3s criaremos a garrafa de que voc\u00ea precisa.<\/span><\/p>\n<p><span data-preserver-spaces=\"true\">Al\u00e9m das garrafas XO de 750 ml, tamb\u00e9m oferecemos garrafas de vidro de 100 ml para atacado e garrafas de vidro de 250 ml com tampa,\u00a0<\/span><a class=\"editor-rtfLink\" href=\"https:\/\/glassbottlewholesale.com\/375ml-long-neck-glass-bottles-with-t-cork\/\" target=\"_blank\" rel=\"noopener\"><span data-preserver-spaces=\"true\">garrafas de vidro transparente (375 ml)<\/span><\/a><span data-preserver-spaces=\"true\">, garrafas pequenas de vidro (50cl),<\/span><a class=\"editor-rtfLink\" href=\"https:\/\/glassbottlewholesale.com\/products\/1000ml-glass-bottles\/\" target=\"_blank\" rel=\"noopener\"><span data-preserver-spaces=\"true\"> Garrafas de bebida alco\u00f3lica de 1000 ml<\/span><\/a><span data-preserver-spaces=\"true\">e muito mais. Se quiser saber mais sobre nossas garrafas de vidro para atacado, entre em contato conosco. Responderemos o mais r\u00e1pido poss\u00edvel. <\/span><span data-preserver-spaces=\"true\">Nosso <\/span><span data-preserver-spaces=\"true\">objetivo<\/span><span data-preserver-spaces=\"true\"> \u00e9 <\/span><span data-preserver-spaces=\"true\">fazer um<\/span><span data-preserver-spaces=\"true\"> vidro de alta qualidade <\/span><span data-preserver-spaces=\"true\">garrafa<\/span><span data-preserver-spaces=\"true\"> e <\/span><span data-preserver-spaces=\"true\">oferta<\/span><span data-preserver-spaces=\"true\"> o melhor servi\u00e7o <\/span><span data-preserver-spaces=\"true\">para<\/span><span data-preserver-spaces=\"true\"> clientes <\/span><span data-preserver-spaces=\"true\">de todo o mundo<\/span><span data-preserver-spaces=\"true\">.<\/span><\/p>","protected":false},"excerpt":{"rendered":"<p>Nossa garrafa transparente de 750 ml de XO \u00e9 fabricada com mat\u00e9ria-prima de alta qualidade. As garrafas de vidro para licor ser\u00e3o muito claras, lisas e menos fr\u00e1geis do que outras garrafas de vidro. Sem cobertura, ela \u00e9 muito clara. Essa garrafa transparente de 750 ml de XO n\u00e3o \u00e9 uma garrafa de vidro leve; voc\u00ea conhecer\u00e1 sua textura quando a tiver em m\u00e3os.<\/p>","protected":false},"featured_media":4142,"comment_status":"closed","ping_status":"closed","template":"","meta":[],"product_cat":[40,58],"class_list":{"0":"post-4141","1":"product","2":"type-product","3":"status-publish","4":"has-post-thumbnail","6":"product_cat-750ml-liquor-bottle-manufacturer","7":"product_cat-brandy-bottle","9":"first","10":"instock","11":"shipping-taxable","12":"product-type-simple"},"yoast_head":"<!-- This site is optimized with the Yoast SEO plugin v22.0 - https:\/\/yoast.com\/wordpress\/plugins\/seo\/ -->\n<title>Transparent 750ml XO Bottle Price | Cognac Bottle Supplier<\/title>\n<meta name=\"description\" content=\"Ruisheng, a professional cognac bottle manufacturer, wholesale empty glass bottle for XO, Cognac. Get wholesale transparent 750ml xo bottle price here.\" \/>\n<meta name=\"robots\" content=\"index, follow, max-snippet:-1, max-image-preview:large, max-video-preview:-1\" \/>\n<link rel=\"canonical\" href=\"https:\/\/ruishengglassco.com\/pt\/produto\/rs128-garrafa-xo-transparente-de-750-ml\" \/>\n<meta property=\"og:locale\" content=\"pt_BR\" \/>\n<meta property=\"og:type\" content=\"article\" \/>\n<meta property=\"og:title\" content=\"Transparent 750ml XO Bottle Price | Cognac Bottle Supplier\" \/>\n<meta property=\"og:description\" content=\"Ruisheng, a professional cognac bottle manufacturer, wholesale empty glass bottle for XO, Cognac. Get wholesale transparent 750ml xo bottle price here.\" \/>\n<meta property=\"og:url\" content=\"https:\/\/ruishengglassco.com\/pt\/produto\/rs128-garrafa-xo-transparente-de-750-ml\" \/>\n<meta property=\"article:publisher\" content=\"https:\/\/www.facebook.com\/ruishengglassbottles\" \/>\n<meta property=\"article:modified_time\" content=\"2025-09-12T00:37:31+00:00\" \/>\n<meta property=\"og:image\" content=\"https:\/\/ruishengglassco.com\/wp-content\/uploads\/2025\/03\/Transparent-750ml-XO-Bottle.webp\" \/>\n\t<meta property=\"og:image:width\" content=\"800\" \/>\n\t<meta property=\"og:image:height\" content=\"800\" \/>\n\t<meta property=\"og:image:type\" content=\"image\/webp\" \/>\n<meta name=\"twitter:card\" content=\"summary_large_image\" \/>\n<meta name=\"twitter:label1\" content=\"Est. tempo de leitura\" \/>\n\t<meta name=\"twitter:data1\" content=\"3 minutos\" \/>\n<script type=\"application\/ld+json\" class=\"yoast-schema-graph\">{\"@context\":\"https:\/\/schema.org\",\"@graph\":[{\"@type\":\"WebPage\",\"@id\":\"https:\/\/ruishengglassco.com\/product\/rs128-transparent-750ml-xo-bottle\",\"url\":\"https:\/\/ruishengglassco.com\/product\/rs128-transparent-750ml-xo-bottle\",\"name\":\"Transparent 750ml XO Bottle Price | Cognac Bottle Supplier\",\"isPartOf\":{\"@id\":\"https:\/\/ruishengglassco.com\/#website\"},\"datePublished\":\"2025-03-14T03:15:14+00:00\",\"dateModified\":\"2025-09-12T00:37:31+00:00\",\"description\":\"Ruisheng, a professional cognac bottle manufacturer, wholesale empty glass bottle for XO, Cognac. Get wholesale transparent 750ml xo bottle price here.\",\"breadcrumb\":{\"@id\":\"https:\/\/ruishengglassco.com\/product\/rs128-transparent-750ml-xo-bottle#breadcrumb\"},\"inLanguage\":\"pt-BR\",\"potentialAction\":[{\"@type\":\"ReadAction\",\"target\":[\"https:\/\/ruishengglassco.com\/product\/rs128-transparent-750ml-xo-bottle\"]}]},{\"@type\":\"BreadcrumbList\",\"@id\":\"https:\/\/ruishengglassco.com\/product\/rs128-transparent-750ml-xo-bottle#breadcrumb\",\"itemListElement\":[{\"@type\":\"ListItem\",\"position\":1,\"name\":\"Home\",\"item\":\"https:\/\/ruishengglassco.com\/\"},{\"@type\":\"ListItem\",\"position\":2,\"name\":\"Products\",\"item\":\"https:\/\/ruishengglassco.com\/products\"},{\"@type\":\"ListItem\",\"position\":3,\"name\":\"RS128: Transparent 750ml XO Bottle\"}]},{\"@type\":\"WebSite\",\"@id\":\"https:\/\/ruishengglassco.com\/#website\",\"url\":\"https:\/\/ruishengglassco.com\/\",\"name\":\"Ruisheng Glass\",\"description\":\"\",\"publisher\":{\"@id\":\"https:\/\/ruishengglassco.com\/#organization\"},\"potentialAction\":[{\"@type\":\"SearchAction\",\"target\":{\"@type\":\"EntryPoint\",\"urlTemplate\":\"https:\/\/ruishengglassco.com\/?s={search_term_string}\"},\"query-input\":\"required name=search_term_string\"}],\"inLanguage\":\"pt-BR\"},{\"@type\":\"Organization\",\"@id\":\"https:\/\/ruishengglassco.com\/#organization\",\"name\":\"Shandong Yuncheng Ruisheng Glass Co., Ltd\",\"url\":\"https:\/\/ruishengglassco.com\/\",\"logo\":{\"@type\":\"ImageObject\",\"inLanguage\":\"pt-BR\",\"@id\":\"https:\/\/ruishengglassco.com\/#\/schema\/logo\/image\/\",\"url\":\"https:\/\/ruishengglassco.com\/wp-content\/uploads\/2023\/09\/ruisheng_logo_icon.webp\",\"contentUrl\":\"https:\/\/ruishengglassco.com\/wp-content\/uploads\/2023\/09\/ruisheng_logo_icon.webp\",\"width\":400,\"height\":233,\"caption\":\"Shandong Yuncheng Ruisheng Glass Co., Ltd\"},\"image\":{\"@id\":\"https:\/\/ruishengglassco.com\/#\/schema\/logo\/image\/\"},\"sameAs\":[\"https:\/\/www.facebook.com\/ruishengglassbottles\",\"https:\/\/www.instagram.com\/Ruishengglassbottlewholesales\/\",\"https:\/\/www.youtube.com\/channel\/UCMmbMNGwsL-XrtjfSFLCdVQ\"]}]}<\/script>\n<!-- \/ Yoast SEO plugin. -->","yoast_head_json":{"title":"Transparent 750ml XO Bottle Price | Cognac Bottle Supplier","description":"Ruisheng, a professional cognac bottle manufacturer, wholesale empty glass bottle for XO, Cognac. Get wholesale transparent 750ml xo bottle price here.","robots":{"index":"index","follow":"follow","max-snippet":"max-snippet:-1","max-image-preview":"max-image-preview:large","max-video-preview":"max-video-preview:-1"},"canonical":"https:\/\/ruishengglassco.com\/pt\/produto\/rs128-garrafa-xo-transparente-de-750-ml","og_locale":"pt_BR","og_type":"article","og_title":"Transparent 750ml XO Bottle Price | Cognac Bottle Supplier","og_description":"Ruisheng, a professional cognac bottle manufacturer, wholesale empty glass bottle for XO, Cognac. Get wholesale transparent 750ml xo bottle price here.","og_url":"https:\/\/ruishengglassco.com\/pt\/produto\/rs128-garrafa-xo-transparente-de-750-ml","article_publisher":"https:\/\/www.facebook.com\/ruishengglassbottles","article_modified_time":"2025-09-12T00:37:31+00:00","og_image":[{"width":800,"height":800,"url":"https:\/\/ruishengglassco.com\/wp-content\/uploads\/2025\/03\/Transparent-750ml-XO-Bottle.webp","type":"image\/webp"}],"twitter_card":"summary_large_image","twitter_misc":{"Est. tempo de leitura":"3 minutos"},"schema":{"@context":"https:\/\/schema.org","@graph":[{"@type":"WebPage","@id":"https:\/\/ruishengglassco.com\/product\/rs128-transparent-750ml-xo-bottle","url":"https:\/\/ruishengglassco.com\/product\/rs128-transparent-750ml-xo-bottle","name":"Transparent 750ml XO Bottle Price | Cognac Bottle Supplier","isPartOf":{"@id":"https:\/\/ruishengglassco.com\/#website"},"datePublished":"2025-03-14T03:15:14+00:00","dateModified":"2025-09-12T00:37:31+00:00","description":"Ruisheng, a professional cognac bottle manufacturer, wholesale empty glass bottle for XO, Cognac. Get wholesale transparent 750ml xo bottle price here.","breadcrumb":{"@id":"https:\/\/ruishengglassco.com\/product\/rs128-transparent-750ml-xo-bottle#breadcrumb"},"inLanguage":"pt-BR","potentialAction":[{"@type":"ReadAction","target":["https:\/\/ruishengglassco.com\/product\/rs128-transparent-750ml-xo-bottle"]}]},{"@type":"BreadcrumbList","@id":"https:\/\/ruishengglassco.com\/product\/rs128-transparent-750ml-xo-bottle#breadcrumb","itemListElement":[{"@type":"ListItem","position":1,"name":"Home","item":"https:\/\/ruishengglassco.com\/"},{"@type":"ListItem","position":2,"name":"Products","item":"https:\/\/ruishengglassco.com\/products"},{"@type":"ListItem","position":3,"name":"RS128: Transparent 750ml XO Bottle"}]},{"@type":"WebSite","@id":"https:\/\/ruishengglassco.com\/#website","url":"https:\/\/ruishengglassco.com\/","name":"Ruisheng Glass","description":"","publisher":{"@id":"https:\/\/ruishengglassco.com\/#organization"},"potentialAction":[{"@type":"SearchAction","target":{"@type":"EntryPoint","urlTemplate":"https:\/\/ruishengglassco.com\/?s={search_term_string}"},"query-input":"required name=search_term_string"}],"inLanguage":"pt-BR"},{"@type":"Organization","@id":"https:\/\/ruishengglassco.com\/#organization","name":"Shandong Yuncheng Ruisheng Glass Co., Ltd","url":"https:\/\/ruishengglassco.com\/","logo":{"@type":"ImageObject","inLanguage":"pt-BR","@id":"https:\/\/ruishengglassco.com\/#\/schema\/logo\/image\/","url":"https:\/\/ruishengglassco.com\/wp-content\/uploads\/2023\/09\/ruisheng_logo_icon.webp","contentUrl":"https:\/\/ruishengglassco.com\/wp-content\/uploads\/2023\/09\/ruisheng_logo_icon.webp","width":400,"height":233,"caption":"Shandong Yuncheng Ruisheng Glass Co., Ltd"},"image":{"@id":"https:\/\/ruishengglassco.com\/#\/schema\/logo\/image\/"},"sameAs":["https:\/\/www.facebook.com\/ruishengglassbottles","https:\/\/www.instagram.com\/Ruishengglassbottlewholesales\/","https:\/\/www.youtube.com\/channel\/UCMmbMNGwsL-XrtjfSFLCdVQ"]}]}},"_links":{"self":[{"href":"https:\/\/ruishengglassco.com\/pt\/wp-json\/wp\/v2\/product\/4141","targetHints":{"allow":["GET"]}}],"collection":[{"href":"https:\/\/ruishengglassco.com\/pt\/wp-json\/wp\/v2\/product"}],"about":[{"href":"https:\/\/ruishengglassco.com\/pt\/wp-json\/wp\/v2\/types\/product"}],"replies":[{"embeddable":true,"href":"https:\/\/ruishengglassco.com\/pt\/wp-json\/wp\/v2\/comments?post=4141"}],"wp:featuredmedia":[{"embeddable":true,"href":"https:\/\/ruishengglassco.com\/pt\/wp-json\/wp\/v2\/media\/4142"}],"wp:attachment":[{"href":"https:\/\/ruishengglassco.com\/pt\/wp-json\/wp\/v2\/media?parent=4141"}],"wp:term":[{"taxonomy":"product_cat","embeddable":true,"href":"https:\/\/ruishengglassco.com\/pt\/wp-json\/wp\/v2\/product_cat?post=4141"}],"curies":[{"name":"wp","href":"https:\/\/api.w.org\/{rel}","templated":true}]}}