{"id":4135,"date":"2025-03-14T10:31:42","date_gmt":"2025-03-14T02:31:42","guid":{"rendered":"https:\/\/ruishengglassco.com\/?post_type=product&#038;p=4135"},"modified":"2025-07-16T14:50:10","modified_gmt":"2025-07-16T06:50:10","slug":"fabricante-de-garrafas-de-vidro-de-50cl-recicladas-rs134","status":"publish","type":"product","link":"https:\/\/ruishengglassco.com\/pt\/produto\/fabricante-de-garrafas-de-vidro-de-50cl-recicladas-rs134","title":{"rendered":"RS134: Garrafas de vidro reciclado de 50cl Fabricante"},"content":{"rendered":"<p><span data-preserver-spaces=\"true\">O volume de garrafas de licor recicladas \u00e9 um de nossos produtos mais vendidos. Essas garrafas de vidro est\u00e3o dispon\u00edveis em um formato padr\u00e3o, mas suas aplica\u00e7\u00f5es s\u00e3o muito diversas. <\/span><span data-preserver-spaces=\"true\">Essa garrafa de licor vazia pode ser usada<\/span><span data-preserver-spaces=\"true\"> para conter vodca, u\u00edsque, brandy, azeite de oliva, \u00e1gua e outros l\u00edquidos.<\/span><\/p>\n<p><span data-preserver-spaces=\"true\">Essa garrafa de vidro reciclado \u00e9 um material de vidro branco cristalino. A superf\u00edcie da garrafa de vidro \u00e9 muito clara e lisa. E essa garrafa de vidro de 50cl no atacado \u00e9 muito dur\u00e1vel. A taxa de quebra \u00e9 a mais baixa em compara\u00e7\u00e3o com outras garrafas de vidro durante o transporte.<\/span><\/p>\n<h4><span data-preserver-spaces=\"true\">Os detalhes dessa garrafa de licor reciclada de 50cl a granel.<\/span><\/h4>\n<p><span data-preserver-spaces=\"true\">Essa garrafa de licor vazia reciclada por atacado pesa 580g. Com um fundo pesado, as garrafas de vidro parecem de alta qualidade, o que far\u00e1 com que seu produto tamb\u00e9m pare\u00e7a de alta qualidade.<\/span><\/p>\n<p><span data-preserver-spaces=\"true\">O tamanho da garrafa de vidro recuper\u00e1vel \u00e9 de 71,2x 250 mm. Seu di\u00e2metro de fechamento \u00e9 de 19,2 mm. Esse gargalo de vidro reciclado <\/span><span data-preserver-spaces=\"true\">foi projetado<\/span><span data-preserver-spaces=\"true\"> para uso com o T-cork de 18,5 mm.<\/span><\/p>\n<p><span data-preserver-spaces=\"true\">O m\u00e9todo de embalagem padr\u00e3o para essa garrafa de vidro para bebidas alco\u00f3licas \u00e9 a caixa para exporta\u00e7\u00e3o. Normalmente, h\u00e1 24, 20, 12 ou 6 unidades por caixa, dependendo da solicita\u00e7\u00e3o do cliente para uma caixa de cor personalizada.<\/span><\/p>\n<p><span data-preserver-spaces=\"true\">Se voc\u00ea quiser economizar tempo e m\u00e3o de obra, podemos usar o palete para embalar as garrafas de vidro. Nosso palete n\u00e3o tem fumiga\u00e7\u00e3o e seu tamanho \u00e9 de aproximadamente 100 x 120 cm.  A altura do palete <\/span><span data-preserver-spaces=\"true\">\u00e9 baseado<\/span><span data-preserver-spaces=\"true\"> na altura da garrafa de vidro e do cont\u00eainer.<\/span><\/p>\n<p><span data-preserver-spaces=\"true\">Podemos embalar as garrafas de vidro transparente somente no palete ou com a caixa de papel\u00e3o e o palete. <\/span><span data-preserver-spaces=\"true\">Isso<\/span><span data-preserver-spaces=\"true\"> est\u00e1 de acordo com a demanda do cliente.<\/span><\/p>\n<p><span data-preserver-spaces=\"true\">Como h\u00e1 muitos designers em nossa f\u00e1brica, tamb\u00e9m podemos aceitar pedidos de OEM. Voc\u00ea pode compartilhar sua ideia ou desenho das garrafas de vidro 50cl recicladas conosco, e n\u00f3s podemos projetar e fabricar para voc\u00ea.<\/span><\/p>\n<p><span data-preserver-spaces=\"true\">Se voc\u00ea estiver interessado no pre\u00e7o dessa garrafa de licor reciclada de 50cl ou se quiser criar uma <\/span><a class=\"editor-rtfLink\" href=\"https:\/\/rsglassbottle.com\/product-detail\/500ml-round-shape-painted-spirits-glass-bottles\/\" target=\"_blank\" rel=\"noopener\"><span data-preserver-spaces=\"true\">garrafa de vidro personalizada<\/span><\/a><span data-preserver-spaces=\"true\">entre em contato conosco.<\/span><\/p>","protected":false},"excerpt":{"rendered":"<table class=\"tg\">\n<tbody>\n<tr>\n<th class=\"tg-yw4l\" colspan=\"2\">Garrafas de vidro reciclado de 50cl no atacado<\/th>\n<\/tr>\n<tr>\n<td class=\"tg-b7b8\">Refer\u00eancia:<\/td>\n<td class=\"tg-b7b8\">RS134<\/td>\n<\/tr>\n<tr>\n<td class=\"tg-yw4l\">Material principal:<\/td>\n<td class=\"tg-yw4l\">Vidro com alto teor de flint (esse material tamb\u00e9m \u00e9 chamado de vidro branco cristalino)<\/td>\n<\/tr>\n<tr>\n<td class=\"tg-b7b8\">Bon\u00e9:<\/td>\n<td class=\"tg-b7b8\">Tampa de corti\u00e7a\/coroa<\/td>\n<\/tr>\n<tr>\n<td class=\"tg-yw4l\">Capacidade:<\/td>\n<td class=\"tg-yw4l\">700 ml<\/td>\n<\/tr>\n<tr>\n<td class=\"tg-b7b8\">Recurso:<\/td>\n<td class=\"tg-b7b8\">Ecologicamente correto<\/td>\n<\/tr>\n<tr>\n<td class=\"tg-yw4l\">MOQ:<\/td>\n<td class=\"tg-yw4l\">10000 PCS<\/td>\n<\/tr>\n<tr>\n<td class=\"tg-b7b8\">Forma de embalagem:<\/td>\n<td class=\"tg-b7b8\">Caixa padr\u00e3o de exporta\u00e7\u00e3o \/ palete \/ caixa padr\u00e3o de exporta\u00e7\u00e3o e palete<\/td>\n<\/tr>\n<tr>\n<td class=\"tg-yw4l\">OEM\/ODM:<\/td>\n<td class=\"tg-yw4l\">Bem-vindo<\/td>\n<\/tr>\n<tr>\n<td class=\"tg-b7b8\">Origem do local:<\/td>\n<td class=\"tg-b7b8\">Shandong, China<\/td>\n<\/tr>\n<tr>\n<td class=\"tg-yw4l\">Pcs\/Ctn:<\/td>\n<td class=\"tg-yw4l\">24 unidades ou de acordo com a demanda do cliente<\/td>\n<\/tr>\n<\/tbody>\n<\/table>","protected":false},"featured_media":4136,"comment_status":"closed","ping_status":"closed","template":"","meta":[],"product_cat":[15,48],"class_list":{"0":"post-4135","1":"product","2":"type-product","3":"status-publish","4":"has-post-thumbnail","6":"product_cat-glass-liquor-spirit-bottles","7":"product_cat-50ml-mini-liquor-bottle-manufacturer","9":"first","10":"instock","11":"shipping-taxable","12":"product-type-simple"},"yoast_head":"<!-- This site is optimized with the Yoast SEO plugin v22.0 - https:\/\/yoast.com\/wordpress\/plugins\/seo\/ -->\n<title>50cl Recycled Liquor Bottles | Empty Glass Bottles Manufacturer<\/title>\n<meta name=\"description\" content=\"Do you want to buy 50cl Recycled Liquor Bottles Bulk from China Empty Glass Bottles Manufacturer? Factory Outlet&amp;Wholesale Price. Get Quote Now.\" \/>\n<meta name=\"robots\" content=\"index, follow, max-snippet:-1, max-image-preview:large, max-video-preview:-1\" \/>\n<link rel=\"canonical\" href=\"https:\/\/ruishengglassco.com\/pt\/produto\/fabricante-de-garrafas-de-vidro-de-50cl-recicladas-rs134\" \/>\n<meta property=\"og:locale\" content=\"pt_BR\" \/>\n<meta property=\"og:type\" content=\"article\" \/>\n<meta property=\"og:title\" content=\"50cl Recycled Liquor Bottles | Empty Glass Bottles Manufacturer\" \/>\n<meta property=\"og:description\" content=\"Do you want to buy 50cl Recycled Liquor Bottles Bulk from China Empty Glass Bottles Manufacturer? Factory Outlet&amp;Wholesale Price. Get Quote Now.\" \/>\n<meta property=\"og:url\" content=\"https:\/\/ruishengglassco.com\/pt\/produto\/fabricante-de-garrafas-de-vidro-de-50cl-recicladas-rs134\" \/>\n<meta property=\"article:publisher\" content=\"https:\/\/www.facebook.com\/ruishengglassbottles\" \/>\n<meta property=\"article:modified_time\" content=\"2025-07-16T06:50:10+00:00\" \/>\n<meta property=\"og:image\" content=\"https:\/\/ruishengglassco.com\/wp-content\/uploads\/2025\/03\/Recycled-50cl-Glass-Bottles-Manufacturer.webp\" \/>\n\t<meta property=\"og:image:width\" content=\"400\" \/>\n\t<meta property=\"og:image:height\" content=\"400\" \/>\n\t<meta property=\"og:image:type\" content=\"image\/webp\" \/>\n<meta name=\"twitter:card\" content=\"summary_large_image\" \/>\n<meta name=\"twitter:label1\" content=\"Est. tempo de leitura\" \/>\n\t<meta name=\"twitter:data1\" content=\"2 minutos\" \/>\n<script type=\"application\/ld+json\" class=\"yoast-schema-graph\">{\"@context\":\"https:\/\/schema.org\",\"@graph\":[{\"@type\":\"WebPage\",\"@id\":\"https:\/\/ruishengglassco.com\/product\/rs134-recycled-50cl-glass-bottles-manufacturer\",\"url\":\"https:\/\/ruishengglassco.com\/product\/rs134-recycled-50cl-glass-bottles-manufacturer\",\"name\":\"50cl Recycled Liquor Bottles | Empty Glass Bottles Manufacturer\",\"isPartOf\":{\"@id\":\"https:\/\/ruishengglassco.com\/#website\"},\"datePublished\":\"2025-03-14T02:31:42+00:00\",\"dateModified\":\"2025-07-16T06:50:10+00:00\",\"description\":\"Do you want to buy 50cl Recycled Liquor Bottles Bulk from China Empty Glass Bottles Manufacturer? Factory Outlet&Wholesale Price. Get Quote Now.\",\"breadcrumb\":{\"@id\":\"https:\/\/ruishengglassco.com\/product\/rs134-recycled-50cl-glass-bottles-manufacturer#breadcrumb\"},\"inLanguage\":\"pt-BR\",\"potentialAction\":[{\"@type\":\"ReadAction\",\"target\":[\"https:\/\/ruishengglassco.com\/product\/rs134-recycled-50cl-glass-bottles-manufacturer\"]}]},{\"@type\":\"BreadcrumbList\",\"@id\":\"https:\/\/ruishengglassco.com\/product\/rs134-recycled-50cl-glass-bottles-manufacturer#breadcrumb\",\"itemListElement\":[{\"@type\":\"ListItem\",\"position\":1,\"name\":\"Home\",\"item\":\"https:\/\/ruishengglassco.com\/\"},{\"@type\":\"ListItem\",\"position\":2,\"name\":\"Products\",\"item\":\"https:\/\/ruishengglassco.com\/products\"},{\"@type\":\"ListItem\",\"position\":3,\"name\":\"RS134: Recycled 50cl Glass Bottles Manufacturer\"}]},{\"@type\":\"WebSite\",\"@id\":\"https:\/\/ruishengglassco.com\/#website\",\"url\":\"https:\/\/ruishengglassco.com\/\",\"name\":\"Ruisheng Glass\",\"description\":\"\",\"publisher\":{\"@id\":\"https:\/\/ruishengglassco.com\/#organization\"},\"potentialAction\":[{\"@type\":\"SearchAction\",\"target\":{\"@type\":\"EntryPoint\",\"urlTemplate\":\"https:\/\/ruishengglassco.com\/?s={search_term_string}\"},\"query-input\":\"required name=search_term_string\"}],\"inLanguage\":\"pt-BR\"},{\"@type\":\"Organization\",\"@id\":\"https:\/\/ruishengglassco.com\/#organization\",\"name\":\"Shandong Yuncheng Ruisheng Glass Co., Ltd\",\"url\":\"https:\/\/ruishengglassco.com\/\",\"logo\":{\"@type\":\"ImageObject\",\"inLanguage\":\"pt-BR\",\"@id\":\"https:\/\/ruishengglassco.com\/#\/schema\/logo\/image\/\",\"url\":\"https:\/\/ruishengglassco.com\/wp-content\/uploads\/2023\/09\/ruisheng_logo_icon.webp\",\"contentUrl\":\"https:\/\/ruishengglassco.com\/wp-content\/uploads\/2023\/09\/ruisheng_logo_icon.webp\",\"width\":400,\"height\":233,\"caption\":\"Shandong Yuncheng Ruisheng Glass Co., Ltd\"},\"image\":{\"@id\":\"https:\/\/ruishengglassco.com\/#\/schema\/logo\/image\/\"},\"sameAs\":[\"https:\/\/www.facebook.com\/ruishengglassbottles\",\"https:\/\/www.instagram.com\/Ruishengglassbottlewholesales\/\",\"https:\/\/www.youtube.com\/channel\/UCMmbMNGwsL-XrtjfSFLCdVQ\"]}]}<\/script>\n<!-- \/ Yoast SEO plugin. -->","yoast_head_json":{"title":"50cl Recycled Liquor Bottles | Empty Glass Bottles Manufacturer","description":"Do you want to buy 50cl Recycled Liquor Bottles Bulk from China Empty Glass Bottles Manufacturer? Factory Outlet&Wholesale Price. Get Quote Now.","robots":{"index":"index","follow":"follow","max-snippet":"max-snippet:-1","max-image-preview":"max-image-preview:large","max-video-preview":"max-video-preview:-1"},"canonical":"https:\/\/ruishengglassco.com\/pt\/produto\/fabricante-de-garrafas-de-vidro-de-50cl-recicladas-rs134","og_locale":"pt_BR","og_type":"article","og_title":"50cl Recycled Liquor Bottles | Empty Glass Bottles Manufacturer","og_description":"Do you want to buy 50cl Recycled Liquor Bottles Bulk from China Empty Glass Bottles Manufacturer? Factory Outlet&Wholesale Price. Get Quote Now.","og_url":"https:\/\/ruishengglassco.com\/pt\/produto\/fabricante-de-garrafas-de-vidro-de-50cl-recicladas-rs134","article_publisher":"https:\/\/www.facebook.com\/ruishengglassbottles","article_modified_time":"2025-07-16T06:50:10+00:00","og_image":[{"width":400,"height":400,"url":"https:\/\/ruishengglassco.com\/wp-content\/uploads\/2025\/03\/Recycled-50cl-Glass-Bottles-Manufacturer.webp","type":"image\/webp"}],"twitter_card":"summary_large_image","twitter_misc":{"Est. tempo de leitura":"2 minutos"},"schema":{"@context":"https:\/\/schema.org","@graph":[{"@type":"WebPage","@id":"https:\/\/ruishengglassco.com\/product\/rs134-recycled-50cl-glass-bottles-manufacturer","url":"https:\/\/ruishengglassco.com\/product\/rs134-recycled-50cl-glass-bottles-manufacturer","name":"50cl Recycled Liquor Bottles | Empty Glass Bottles Manufacturer","isPartOf":{"@id":"https:\/\/ruishengglassco.com\/#website"},"datePublished":"2025-03-14T02:31:42+00:00","dateModified":"2025-07-16T06:50:10+00:00","description":"Do you want to buy 50cl Recycled Liquor Bottles Bulk from China Empty Glass Bottles Manufacturer? Factory Outlet&Wholesale Price. Get Quote Now.","breadcrumb":{"@id":"https:\/\/ruishengglassco.com\/product\/rs134-recycled-50cl-glass-bottles-manufacturer#breadcrumb"},"inLanguage":"pt-BR","potentialAction":[{"@type":"ReadAction","target":["https:\/\/ruishengglassco.com\/product\/rs134-recycled-50cl-glass-bottles-manufacturer"]}]},{"@type":"BreadcrumbList","@id":"https:\/\/ruishengglassco.com\/product\/rs134-recycled-50cl-glass-bottles-manufacturer#breadcrumb","itemListElement":[{"@type":"ListItem","position":1,"name":"Home","item":"https:\/\/ruishengglassco.com\/"},{"@type":"ListItem","position":2,"name":"Products","item":"https:\/\/ruishengglassco.com\/products"},{"@type":"ListItem","position":3,"name":"RS134: Recycled 50cl Glass Bottles Manufacturer"}]},{"@type":"WebSite","@id":"https:\/\/ruishengglassco.com\/#website","url":"https:\/\/ruishengglassco.com\/","name":"Ruisheng Glass","description":"","publisher":{"@id":"https:\/\/ruishengglassco.com\/#organization"},"potentialAction":[{"@type":"SearchAction","target":{"@type":"EntryPoint","urlTemplate":"https:\/\/ruishengglassco.com\/?s={search_term_string}"},"query-input":"required name=search_term_string"}],"inLanguage":"pt-BR"},{"@type":"Organization","@id":"https:\/\/ruishengglassco.com\/#organization","name":"Shandong Yuncheng Ruisheng Glass Co., Ltd","url":"https:\/\/ruishengglassco.com\/","logo":{"@type":"ImageObject","inLanguage":"pt-BR","@id":"https:\/\/ruishengglassco.com\/#\/schema\/logo\/image\/","url":"https:\/\/ruishengglassco.com\/wp-content\/uploads\/2023\/09\/ruisheng_logo_icon.webp","contentUrl":"https:\/\/ruishengglassco.com\/wp-content\/uploads\/2023\/09\/ruisheng_logo_icon.webp","width":400,"height":233,"caption":"Shandong Yuncheng Ruisheng Glass Co., Ltd"},"image":{"@id":"https:\/\/ruishengglassco.com\/#\/schema\/logo\/image\/"},"sameAs":["https:\/\/www.facebook.com\/ruishengglassbottles","https:\/\/www.instagram.com\/Ruishengglassbottlewholesales\/","https:\/\/www.youtube.com\/channel\/UCMmbMNGwsL-XrtjfSFLCdVQ"]}]}},"_links":{"self":[{"href":"https:\/\/ruishengglassco.com\/pt\/wp-json\/wp\/v2\/product\/4135","targetHints":{"allow":["GET"]}}],"collection":[{"href":"https:\/\/ruishengglassco.com\/pt\/wp-json\/wp\/v2\/product"}],"about":[{"href":"https:\/\/ruishengglassco.com\/pt\/wp-json\/wp\/v2\/types\/product"}],"replies":[{"embeddable":true,"href":"https:\/\/ruishengglassco.com\/pt\/wp-json\/wp\/v2\/comments?post=4135"}],"wp:featuredmedia":[{"embeddable":true,"href":"https:\/\/ruishengglassco.com\/pt\/wp-json\/wp\/v2\/media\/4136"}],"wp:attachment":[{"href":"https:\/\/ruishengglassco.com\/pt\/wp-json\/wp\/v2\/media?parent=4135"}],"wp:term":[{"taxonomy":"product_cat","embeddable":true,"href":"https:\/\/ruishengglassco.com\/pt\/wp-json\/wp\/v2\/product_cat?post=4135"}],"curies":[{"name":"wp","href":"https:\/\/api.w.org\/{rel}","templated":true}]}}