{"id":4133,"date":"2025-03-14T09:46:43","date_gmt":"2025-03-14T01:46:43","guid":{"rendered":"https:\/\/ruishengglassco.com\/?post_type=product&#038;p=4133"},"modified":"2025-07-16T14:21:10","modified_gmt":"2025-07-16T06:21:10","slug":"rs135-garrafas-de-vinho-de-vidro-exclusivas-de-1500-ml","status":"publish","type":"product","link":"https:\/\/ruishengglassco.com\/pt\/produto\/rs135-garrafas-de-vinho-de-vidro-exclusivas-de-1500-ml","title":{"rendered":"RS135: Garrafas de vinho de vidro exclusivas de 1500 ml"},"content":{"rendered":"<p>Deseja comprar uma garrafa de 1,5 litro a granel de fabricantes chineses de garrafas de licor? Usamos material de vidro de alta qualidade para essas garrafas de vidro. Essas garrafas de vidro podem ser usadas para garrafas de vinho, garrafas de vodca, garrafas de conhaque e outros tipos de garrafas de licor.<\/p>\n<p>Essa garrafa de vinho de vidro exclusiva de 1.500 ml apresenta um formato oblato. De acordo com a demanda do cliente, tamb\u00e9m podemos criar um logotipo personalizado nessas garrafas. O tipo de veda\u00e7\u00e3o dessa garrafa \u00e9 a rolha de madeira. Essa rolha precisa de um tamanho maior do que outras rolhas comuns.<\/p>\n<p>Podemos realizar um processamento profundo nessas garrafas de vinho de vidro de 1500 ml no atacado. Por exemplo, impress\u00e3o de logotipos, decalques, geada, pinturas etc., tudo isso pode ser feito em garrafas de vidro. Tamb\u00e9m podemos oferecer v\u00e1rios tamanhos e formatos de rolhas para garrafas de vidro.<br \/>Nossa f\u00e1brica tem mais de 500 funcion\u00e1rios, incluindo 30 QC e um grupo de engenheiros qualificados. Com nossa ampla experi\u00eancia, nossas garrafas de vidro s\u00e3o vendidas para v\u00e1rios pa\u00edses e regi\u00f5es, e estabelecemos uma boa reputa\u00e7\u00e3o com clientes em todo o mundo.<\/p>\n<p>Como fabricante de garrafas de vidro, oferecemos uma variedade de garrafas de vidro de alta qualidade a pre\u00e7os competitivos. Se quiser criar suas garrafas, temos o prazer de projet\u00e1-las e produzi-las de acordo com suas ideias e desenhos.<br \/>Nosso objetivo \u00e9 produzir garrafas de vidro de alta qualidade e oferecer um servi\u00e7o excepcional. N\u00e3o importa qual seja a sua necessidade, faremos o poss\u00edvel para lhe oferecer o melhor servi\u00e7o.<\/p>\n<h4>Informa\u00e7\u00f5es sobre a compra de garrafas de 1,5 litro a granel<\/h4>\n<ul>\n<li>Item: 15ooml Unique Glass Wine Bottle Wholesale (Garrafa de vinho de vidro exclusiva)<\/li>\n<li>Material principal: vidro com alto teor de s\u00edlex<\/li>\n<li>Tampa: rolha de madeira de tamanho grande<\/li>\n<li>Refer\u00eancia: RS135<\/li>\n<li>MOQ: 10000 PCS<\/li>\n<li>Capacidade: 1500 ml<\/li>\n<li>Pcs\/Ctn:15pcs<\/li>\n<li>Origem do local: Shandong, China<\/li>\n<li>Caracter\u00edstica: Ecologicamente correto<\/li>\n<\/ul>\n<p>Se voc\u00ea quiser comprar garrafas de 1,5 litro a granel ou fazer um pedido OEM, por favor <a href=\"https:\/\/glassbottlewholesale.com\/contact\/\">Entre em contato conosco.<\/a><\/p>","protected":false},"excerpt":{"rendered":"<p>Deseja comprar uma garrafa de 1,5 litro a granel de fabricantes chineses de garrafas de licor? Usamos material de vidro de alto brilho para essas garrafas de vidro. Essas garrafas de vidro podem ser usadas para garrafas de vinho, garrafas de vodca, garrafas de conhaque e outros tipos de garrafas de bebidas alco\u00f3licas. Essa garrafa de vinho de vidro exclusiva de 1.500 ml apresenta um formato oblato. De acordo com...<\/p>","protected":false},"featured_media":4134,"comment_status":"closed","ping_status":"closed","template":"","meta":[],"product_cat":[15,49],"class_list":{"0":"post-4133","1":"product","2":"type-product","3":"status-publish","4":"has-post-thumbnail","6":"product_cat-glass-liquor-spirit-bottles","7":"product_cat-1500ml-liquor-bottle-manufacturer","9":"first","10":"instock","11":"shipping-taxable","12":"product-type-simple"},"yoast_head":"<!-- This site is optimized with the Yoast SEO plugin v22.0 - https:\/\/yoast.com\/wordpress\/plugins\/seo\/ -->\n<title>Buy 1.5 Liter Bottle | 1500ml Glass Bottle Manufacturer<\/title>\n<meta name=\"description\" content=\"Buy 1.5 Liter Bottle In Bulk From China Liquor Bottle Manufacturers. 1500ml Glass Wine Biottle Wholesale In Factory Outlet Price.\" \/>\n<meta name=\"robots\" content=\"index, follow, max-snippet:-1, max-image-preview:large, max-video-preview:-1\" \/>\n<link rel=\"canonical\" href=\"https:\/\/ruishengglassco.com\/pt\/produto\/rs135-garrafas-de-vinho-de-vidro-exclusivas-de-1500-ml\" \/>\n<meta property=\"og:locale\" content=\"pt_BR\" \/>\n<meta property=\"og:type\" content=\"article\" \/>\n<meta property=\"og:title\" content=\"Buy 1.5 Liter Bottle | 1500ml Glass Bottle Manufacturer\" \/>\n<meta property=\"og:description\" content=\"Buy 1.5 Liter Bottle In Bulk From China Liquor Bottle Manufacturers. 1500ml Glass Wine Biottle Wholesale In Factory Outlet Price.\" \/>\n<meta property=\"og:url\" content=\"https:\/\/ruishengglassco.com\/pt\/produto\/rs135-garrafas-de-vinho-de-vidro-exclusivas-de-1500-ml\" \/>\n<meta property=\"article:publisher\" content=\"https:\/\/www.facebook.com\/ruishengglassbottles\" \/>\n<meta property=\"article:modified_time\" content=\"2025-07-16T06:21:10+00:00\" \/>\n<meta property=\"og:image\" content=\"https:\/\/ruishengglassco.com\/wp-content\/uploads\/2025\/03\/1500ml-Unique-Glass-Wine-Bottles.webp\" \/>\n\t<meta property=\"og:image:width\" content=\"400\" \/>\n\t<meta property=\"og:image:height\" content=\"400\" \/>\n\t<meta property=\"og:image:type\" content=\"image\/webp\" \/>\n<meta name=\"twitter:card\" content=\"summary_large_image\" \/>\n<meta name=\"twitter:label1\" content=\"Est. tempo de leitura\" \/>\n\t<meta name=\"twitter:data1\" content=\"1 minuto\" \/>\n<script type=\"application\/ld+json\" class=\"yoast-schema-graph\">{\"@context\":\"https:\/\/schema.org\",\"@graph\":[{\"@type\":\"WebPage\",\"@id\":\"https:\/\/ruishengglassco.com\/product\/rs135-1500ml-unique-glass-wine-bottles\",\"url\":\"https:\/\/ruishengglassco.com\/product\/rs135-1500ml-unique-glass-wine-bottles\",\"name\":\"Buy 1.5 Liter Bottle | 1500ml Glass Bottle Manufacturer\",\"isPartOf\":{\"@id\":\"https:\/\/ruishengglassco.com\/#website\"},\"datePublished\":\"2025-03-14T01:46:43+00:00\",\"dateModified\":\"2025-07-16T06:21:10+00:00\",\"description\":\"Buy 1.5 Liter Bottle In Bulk From China Liquor Bottle Manufacturers. 1500ml Glass Wine Biottle Wholesale In Factory Outlet Price.\",\"breadcrumb\":{\"@id\":\"https:\/\/ruishengglassco.com\/product\/rs135-1500ml-unique-glass-wine-bottles#breadcrumb\"},\"inLanguage\":\"pt-BR\",\"potentialAction\":[{\"@type\":\"ReadAction\",\"target\":[\"https:\/\/ruishengglassco.com\/product\/rs135-1500ml-unique-glass-wine-bottles\"]}]},{\"@type\":\"BreadcrumbList\",\"@id\":\"https:\/\/ruishengglassco.com\/product\/rs135-1500ml-unique-glass-wine-bottles#breadcrumb\",\"itemListElement\":[{\"@type\":\"ListItem\",\"position\":1,\"name\":\"Home\",\"item\":\"https:\/\/ruishengglassco.com\/\"},{\"@type\":\"ListItem\",\"position\":2,\"name\":\"Products\",\"item\":\"https:\/\/ruishengglassco.com\/products\"},{\"@type\":\"ListItem\",\"position\":3,\"name\":\"RS135: 1500ml Unique Glass Wine Bottles\"}]},{\"@type\":\"WebSite\",\"@id\":\"https:\/\/ruishengglassco.com\/#website\",\"url\":\"https:\/\/ruishengglassco.com\/\",\"name\":\"Ruisheng Glass\",\"description\":\"\",\"publisher\":{\"@id\":\"https:\/\/ruishengglassco.com\/#organization\"},\"potentialAction\":[{\"@type\":\"SearchAction\",\"target\":{\"@type\":\"EntryPoint\",\"urlTemplate\":\"https:\/\/ruishengglassco.com\/?s={search_term_string}\"},\"query-input\":\"required name=search_term_string\"}],\"inLanguage\":\"pt-BR\"},{\"@type\":\"Organization\",\"@id\":\"https:\/\/ruishengglassco.com\/#organization\",\"name\":\"Shandong Yuncheng Ruisheng Glass Co., Ltd\",\"url\":\"https:\/\/ruishengglassco.com\/\",\"logo\":{\"@type\":\"ImageObject\",\"inLanguage\":\"pt-BR\",\"@id\":\"https:\/\/ruishengglassco.com\/#\/schema\/logo\/image\/\",\"url\":\"https:\/\/ruishengglassco.com\/wp-content\/uploads\/2023\/09\/ruisheng_logo_icon.webp\",\"contentUrl\":\"https:\/\/ruishengglassco.com\/wp-content\/uploads\/2023\/09\/ruisheng_logo_icon.webp\",\"width\":400,\"height\":233,\"caption\":\"Shandong Yuncheng Ruisheng Glass Co., Ltd\"},\"image\":{\"@id\":\"https:\/\/ruishengglassco.com\/#\/schema\/logo\/image\/\"},\"sameAs\":[\"https:\/\/www.facebook.com\/ruishengglassbottles\",\"https:\/\/www.instagram.com\/Ruishengglassbottlewholesales\/\",\"https:\/\/www.youtube.com\/channel\/UCMmbMNGwsL-XrtjfSFLCdVQ\"]}]}<\/script>\n<!-- \/ Yoast SEO plugin. -->","yoast_head_json":{"title":"Buy 1.5 Liter Bottle | 1500ml Glass Bottle Manufacturer","description":"Buy 1.5 Liter Bottle In Bulk From China Liquor Bottle Manufacturers. 1500ml Glass Wine Biottle Wholesale In Factory Outlet Price.","robots":{"index":"index","follow":"follow","max-snippet":"max-snippet:-1","max-image-preview":"max-image-preview:large","max-video-preview":"max-video-preview:-1"},"canonical":"https:\/\/ruishengglassco.com\/pt\/produto\/rs135-garrafas-de-vinho-de-vidro-exclusivas-de-1500-ml","og_locale":"pt_BR","og_type":"article","og_title":"Buy 1.5 Liter Bottle | 1500ml Glass Bottle Manufacturer","og_description":"Buy 1.5 Liter Bottle In Bulk From China Liquor Bottle Manufacturers. 1500ml Glass Wine Biottle Wholesale In Factory Outlet Price.","og_url":"https:\/\/ruishengglassco.com\/pt\/produto\/rs135-garrafas-de-vinho-de-vidro-exclusivas-de-1500-ml","article_publisher":"https:\/\/www.facebook.com\/ruishengglassbottles","article_modified_time":"2025-07-16T06:21:10+00:00","og_image":[{"width":400,"height":400,"url":"https:\/\/ruishengglassco.com\/wp-content\/uploads\/2025\/03\/1500ml-Unique-Glass-Wine-Bottles.webp","type":"image\/webp"}],"twitter_card":"summary_large_image","twitter_misc":{"Est. tempo de leitura":"1 minuto"},"schema":{"@context":"https:\/\/schema.org","@graph":[{"@type":"WebPage","@id":"https:\/\/ruishengglassco.com\/product\/rs135-1500ml-unique-glass-wine-bottles","url":"https:\/\/ruishengglassco.com\/product\/rs135-1500ml-unique-glass-wine-bottles","name":"Buy 1.5 Liter Bottle | 1500ml Glass Bottle Manufacturer","isPartOf":{"@id":"https:\/\/ruishengglassco.com\/#website"},"datePublished":"2025-03-14T01:46:43+00:00","dateModified":"2025-07-16T06:21:10+00:00","description":"Buy 1.5 Liter Bottle In Bulk From China Liquor Bottle Manufacturers. 1500ml Glass Wine Biottle Wholesale In Factory Outlet Price.","breadcrumb":{"@id":"https:\/\/ruishengglassco.com\/product\/rs135-1500ml-unique-glass-wine-bottles#breadcrumb"},"inLanguage":"pt-BR","potentialAction":[{"@type":"ReadAction","target":["https:\/\/ruishengglassco.com\/product\/rs135-1500ml-unique-glass-wine-bottles"]}]},{"@type":"BreadcrumbList","@id":"https:\/\/ruishengglassco.com\/product\/rs135-1500ml-unique-glass-wine-bottles#breadcrumb","itemListElement":[{"@type":"ListItem","position":1,"name":"Home","item":"https:\/\/ruishengglassco.com\/"},{"@type":"ListItem","position":2,"name":"Products","item":"https:\/\/ruishengglassco.com\/products"},{"@type":"ListItem","position":3,"name":"RS135: 1500ml Unique Glass Wine Bottles"}]},{"@type":"WebSite","@id":"https:\/\/ruishengglassco.com\/#website","url":"https:\/\/ruishengglassco.com\/","name":"Ruisheng Glass","description":"","publisher":{"@id":"https:\/\/ruishengglassco.com\/#organization"},"potentialAction":[{"@type":"SearchAction","target":{"@type":"EntryPoint","urlTemplate":"https:\/\/ruishengglassco.com\/?s={search_term_string}"},"query-input":"required name=search_term_string"}],"inLanguage":"pt-BR"},{"@type":"Organization","@id":"https:\/\/ruishengglassco.com\/#organization","name":"Shandong Yuncheng Ruisheng Glass Co., Ltd","url":"https:\/\/ruishengglassco.com\/","logo":{"@type":"ImageObject","inLanguage":"pt-BR","@id":"https:\/\/ruishengglassco.com\/#\/schema\/logo\/image\/","url":"https:\/\/ruishengglassco.com\/wp-content\/uploads\/2023\/09\/ruisheng_logo_icon.webp","contentUrl":"https:\/\/ruishengglassco.com\/wp-content\/uploads\/2023\/09\/ruisheng_logo_icon.webp","width":400,"height":233,"caption":"Shandong Yuncheng Ruisheng Glass Co., Ltd"},"image":{"@id":"https:\/\/ruishengglassco.com\/#\/schema\/logo\/image\/"},"sameAs":["https:\/\/www.facebook.com\/ruishengglassbottles","https:\/\/www.instagram.com\/Ruishengglassbottlewholesales\/","https:\/\/www.youtube.com\/channel\/UCMmbMNGwsL-XrtjfSFLCdVQ"]}]}},"_links":{"self":[{"href":"https:\/\/ruishengglassco.com\/pt\/wp-json\/wp\/v2\/product\/4133","targetHints":{"allow":["GET"]}}],"collection":[{"href":"https:\/\/ruishengglassco.com\/pt\/wp-json\/wp\/v2\/product"}],"about":[{"href":"https:\/\/ruishengglassco.com\/pt\/wp-json\/wp\/v2\/types\/product"}],"replies":[{"embeddable":true,"href":"https:\/\/ruishengglassco.com\/pt\/wp-json\/wp\/v2\/comments?post=4133"}],"wp:featuredmedia":[{"embeddable":true,"href":"https:\/\/ruishengglassco.com\/pt\/wp-json\/wp\/v2\/media\/4134"}],"wp:attachment":[{"href":"https:\/\/ruishengglassco.com\/pt\/wp-json\/wp\/v2\/media?parent=4133"}],"wp:term":[{"taxonomy":"product_cat","embeddable":true,"href":"https:\/\/ruishengglassco.com\/pt\/wp-json\/wp\/v2\/product_cat?post=4133"}],"curies":[{"name":"wp","href":"https:\/\/api.w.org\/{rel}","templated":true}]}}