{"id":4131,"date":"2025-03-14T09:41:31","date_gmt":"2025-03-14T01:41:31","guid":{"rendered":"https:\/\/ruishengglassco.com\/?post_type=product&#038;p=4131"},"modified":"2026-01-05T09:07:54","modified_gmt":"2026-01-05T01:07:54","slug":"rs136-garrafa-de-vidro-de-decantador-de-licor-exclusivo-de-750-ml-para-venda","status":"publish","type":"product","link":"https:\/\/ruishengglassco.com\/pt\/produto\/rs136-garrafa-de-vidro-de-decantador-de-licor-exclusivo-de-750-ml-para-venda","title":{"rendered":"RS136: Garrafa de vidro exclusiva para decantador de licor de 1000 ml \u00e0 venda"},"content":{"rendered":"<p>Como um dos maiores fabricantes de decantadores de bebidas vazios da China, a Ruisheng tem se concentrado na fabrica\u00e7\u00e3o de garrafas de vidro desde 2009. Essas garrafas de vidro exclusivas est\u00e3o \u00e0 venda. Elas s\u00e3o feitas de vidro de alta qualidade. Isso as torna transparentes, dur\u00e1veis e suaves. S\u00e3o usadas principalmente para embalar bebidas alco\u00f3licas de alta qualidade.<\/p>\n<p>Temos uma garrafa de licor exclusiva de 1000 ml para venda. Tamb\u00e9m vendemos garrafas de vidro exclusivas no atacado para Brandy, Vodca, U\u00edsque, Gin, Rum e muito mais. Como um fornecedor qualificado de garrafas vazias de vidro para bebidas alco\u00f3licas, oferecemos servi\u00e7os OEM\/ODM. Isso inclui design de garrafas de vidro, impress\u00e3o de logotipo e rolhas personalizadas.<\/p>\n<h4>Garrafa de vidro exclusiva para licor a granel<\/h4>\n<p>As informa\u00e7\u00f5es sobre a garrafa de vidro s\u00e3o as seguintes:<\/p>\n<ul>\n<li>Material principal: vidro com alto teor de s\u00edlex<\/li>\n<li>Tampa: corti\u00e7a<\/li>\n<li>Refer\u00eancia: RS136<\/li>\n<li>MOQ: 10000 PCS<\/li>\n<li>Capacidade: 1000 ml<\/li>\n<li>Pcs\/Ctn: 24pcs<\/li>\n<li>Origem do local: Shandong, China<\/li>\n<li>Caracter\u00edstica: Ecologicamente correto<\/li>\n<\/ul>\n<p data-block-id=\"c308a2be-d8aa-46f8-b690-e3349108e148\" data-pm-slice=\"1 1 []\">Oferecemos a garrafa de vidro para bebidas alco\u00f3licas de 1000 ml em diferentes formatos. Voc\u00ea pode escolher entre garrafas em forma de cora\u00e7\u00e3o, de torre ou de caveira.<\/p>\n<p data-block-id=\"38688893-bfb4-4968-97bd-5187795502b6\">Ap\u00f3s dez anos de desenvolvimento, nossa garrafa de vidro para licor de 1000 ml \u00e9 exportada para 30 pa\u00edses. Entre eles est\u00e3o o Reino Unido, os EUA, a Austr\u00e1lia, o Canad\u00e1, a Fran\u00e7a, a Alemanha, a Espanha, Portugal, o Egito e outros. Todos os produtos gozam de grande reputa\u00e7\u00e3o em termos de inova\u00e7\u00e3o e funcionalidade.<\/p>\n<p data-block-id=\"6487c633-639b-42df-80d4-58ff6419e278\">Bem-vindo a visitar nossa f\u00e1brica. Esperamos que voc\u00ea goste de nossas garrafas exclusivas e fa\u00e7a um pedido.<\/p>\n<p><span data-preserver-spaces=\"true\">Se voc\u00ea estiver interessado em comprar um decantador de bebidas a granel, por favor <\/span><a class=\"editor-rtfLink\" href=\"https:\/\/glassbottlewholesale.com\/contact\/\" target=\"_blank\" rel=\"noopener\"><span data-preserver-spaces=\"true\">N\u00e3o hesite em entrar em contato conosco<\/span><\/a><span data-preserver-spaces=\"true\">. Responderemos a voc\u00ea dentro de 24 horas.<\/span><\/p>","protected":false},"excerpt":{"rendered":"<p data-block-id=\"81d268da-2813-4ee7-996f-ec51961a3074\" data-pm-slice=\"1 1 []\">As tend\u00eancias da moda v\u00eam e v\u00e3o, mas a verdadeira eleg\u00e2ncia sempre estar\u00e1 na moda. Essas garrafas de vidro exclusivas est\u00e3o \u00e0 venda em grandes quantidades. Elas s\u00e3o de \u00f3tima qualidade e t\u00eam um estilo cl\u00e1ssico. Elas dar\u00e3o eleg\u00e2ncia \u00e0 sua bebida. Design cl\u00e1ssico com gargalo estreito e rolha de corti\u00e7a combinando, perfeito para u\u00edsque, vodca, conhaque e outras bebidas alco\u00f3licas.<\/p>\n<p>Informa\u00e7\u00f5es sobre a garrafa de vidro de formato \u00fanico a granel:<\/p>\n<ul>\n<li>Refer\u00eancia: RS136<\/li>\n<li><strong>Oferecemos servi\u00e7o de OEM\/ODM. MOQ:10000pcs(10000 PCS)<\/strong><\/li>\n<li>Tampa: Corti\u00e7a ou personalizada<\/li>\n<li>Material: Vidro de alto brilho<\/li>\n<li>Altura da garrafa: 155 mm<\/li>\n<li>Di\u00e2metro da garrafa: 56,5 mm<\/li>\n<\/ul>","protected":false},"featured_media":4132,"comment_status":"closed","ping_status":"closed","template":"","meta":[],"product_cat":[15,40],"class_list":{"0":"post-4131","1":"product","2":"type-product","3":"status-publish","4":"has-post-thumbnail","6":"product_cat-glass-liquor-spirit-bottles","7":"product_cat-750ml-liquor-bottle-manufacturer","9":"first","10":"instock","11":"shipping-taxable","12":"product-type-simple"},"yoast_head":"<!-- This site is optimized with the Yoast SEO plugin v22.0 - https:\/\/yoast.com\/wordpress\/plugins\/seo\/ -->\n<title>RS136: 1000ml Unique Liquor Decanter Glass Bottle for Sale<\/title>\n<meta name=\"description\" content=\"Buy Bulk Unique Glass Bottle For Sale From China Liquor Bottle Manufacturer. Factory Outlet 1000ml Glass Spirit Bottle Wholesale In Cheap Price.\" \/>\n<meta name=\"robots\" content=\"index, follow, max-snippet:-1, max-image-preview:large, max-video-preview:-1\" \/>\n<link rel=\"canonical\" href=\"https:\/\/ruishengglassco.com\/pt\/produto\/rs136-garrafa-de-vidro-de-decantador-de-licor-exclusivo-de-750-ml-para-venda\" \/>\n<meta property=\"og:locale\" content=\"pt_BR\" \/>\n<meta property=\"og:type\" content=\"article\" \/>\n<meta property=\"og:title\" content=\"RS136: 1000ml Unique Liquor Decanter Glass Bottle for Sale\" \/>\n<meta property=\"og:description\" content=\"Buy Bulk Unique Glass Bottle For Sale From China Liquor Bottle Manufacturer. Factory Outlet 1000ml Glass Spirit Bottle Wholesale In Cheap Price.\" \/>\n<meta property=\"og:url\" content=\"https:\/\/ruishengglassco.com\/pt\/produto\/rs136-garrafa-de-vidro-de-decantador-de-licor-exclusivo-de-750-ml-para-venda\" \/>\n<meta property=\"article:publisher\" content=\"https:\/\/www.facebook.com\/ruishengglassbottles\" \/>\n<meta property=\"article:modified_time\" content=\"2026-01-05T01:07:54+00:00\" \/>\n<meta property=\"og:image\" content=\"https:\/\/ruishengglassco.com\/wp-content\/uploads\/2025\/03\/750ml-Unique-Liquor-Decanter-Glass-Bottle-for-Sale.webp\" \/>\n\t<meta property=\"og:image:width\" content=\"400\" \/>\n\t<meta property=\"og:image:height\" content=\"400\" \/>\n\t<meta property=\"og:image:type\" content=\"image\/webp\" \/>\n<meta name=\"twitter:card\" content=\"summary_large_image\" \/>\n<meta name=\"twitter:label1\" content=\"Est. tempo de leitura\" \/>\n\t<meta name=\"twitter:data1\" content=\"2 minutos\" \/>\n<script type=\"application\/ld+json\" class=\"yoast-schema-graph\">{\"@context\":\"https:\/\/schema.org\",\"@graph\":[{\"@type\":\"WebPage\",\"@id\":\"https:\/\/ruishengglassco.com\/product\/rs136-750ml-unique-liquor-decanter-glass-bottle-for-sale\",\"url\":\"https:\/\/ruishengglassco.com\/product\/rs136-750ml-unique-liquor-decanter-glass-bottle-for-sale\",\"name\":\"RS136: 1000ml Unique Liquor Decanter Glass Bottle for Sale\",\"isPartOf\":{\"@id\":\"https:\/\/ruishengglassco.com\/#website\"},\"datePublished\":\"2025-03-14T01:41:31+00:00\",\"dateModified\":\"2026-01-05T01:07:54+00:00\",\"description\":\"Buy Bulk Unique Glass Bottle For Sale From China Liquor Bottle Manufacturer. Factory Outlet 1000ml Glass Spirit Bottle Wholesale In Cheap Price.\",\"breadcrumb\":{\"@id\":\"https:\/\/ruishengglassco.com\/product\/rs136-750ml-unique-liquor-decanter-glass-bottle-for-sale#breadcrumb\"},\"inLanguage\":\"pt-BR\",\"potentialAction\":[{\"@type\":\"ReadAction\",\"target\":[\"https:\/\/ruishengglassco.com\/product\/rs136-750ml-unique-liquor-decanter-glass-bottle-for-sale\"]}]},{\"@type\":\"BreadcrumbList\",\"@id\":\"https:\/\/ruishengglassco.com\/product\/rs136-750ml-unique-liquor-decanter-glass-bottle-for-sale#breadcrumb\",\"itemListElement\":[{\"@type\":\"ListItem\",\"position\":1,\"name\":\"Home\",\"item\":\"https:\/\/ruishengglassco.com\/\"},{\"@type\":\"ListItem\",\"position\":2,\"name\":\"Products\",\"item\":\"https:\/\/ruishengglassco.com\/products\"},{\"@type\":\"ListItem\",\"position\":3,\"name\":\"RS136: 1000ml Unique Liquor Decanter Glass Bottle for Sale\"}]},{\"@type\":\"WebSite\",\"@id\":\"https:\/\/ruishengglassco.com\/#website\",\"url\":\"https:\/\/ruishengglassco.com\/\",\"name\":\"Ruisheng Glass\",\"description\":\"\",\"publisher\":{\"@id\":\"https:\/\/ruishengglassco.com\/#organization\"},\"potentialAction\":[{\"@type\":\"SearchAction\",\"target\":{\"@type\":\"EntryPoint\",\"urlTemplate\":\"https:\/\/ruishengglassco.com\/?s={search_term_string}\"},\"query-input\":\"required name=search_term_string\"}],\"inLanguage\":\"pt-BR\"},{\"@type\":\"Organization\",\"@id\":\"https:\/\/ruishengglassco.com\/#organization\",\"name\":\"Shandong Yuncheng Ruisheng Glass Co., Ltd\",\"url\":\"https:\/\/ruishengglassco.com\/\",\"logo\":{\"@type\":\"ImageObject\",\"inLanguage\":\"pt-BR\",\"@id\":\"https:\/\/ruishengglassco.com\/#\/schema\/logo\/image\/\",\"url\":\"https:\/\/ruishengglassco.com\/wp-content\/uploads\/2023\/09\/ruisheng_logo_icon.webp\",\"contentUrl\":\"https:\/\/ruishengglassco.com\/wp-content\/uploads\/2023\/09\/ruisheng_logo_icon.webp\",\"width\":400,\"height\":233,\"caption\":\"Shandong Yuncheng Ruisheng Glass Co., Ltd\"},\"image\":{\"@id\":\"https:\/\/ruishengglassco.com\/#\/schema\/logo\/image\/\"},\"sameAs\":[\"https:\/\/www.facebook.com\/ruishengglassbottles\",\"https:\/\/www.instagram.com\/Ruishengglassbottlewholesales\/\",\"https:\/\/www.youtube.com\/channel\/UCMmbMNGwsL-XrtjfSFLCdVQ\"]}]}<\/script>\n<!-- \/ Yoast SEO plugin. -->","yoast_head_json":{"title":"RS136: 1000ml Unique Liquor Decanter Glass Bottle for Sale","description":"Buy Bulk Unique Glass Bottle For Sale From China Liquor Bottle Manufacturer. Factory Outlet 1000ml Glass Spirit Bottle Wholesale In Cheap Price.","robots":{"index":"index","follow":"follow","max-snippet":"max-snippet:-1","max-image-preview":"max-image-preview:large","max-video-preview":"max-video-preview:-1"},"canonical":"https:\/\/ruishengglassco.com\/pt\/produto\/rs136-garrafa-de-vidro-de-decantador-de-licor-exclusivo-de-750-ml-para-venda","og_locale":"pt_BR","og_type":"article","og_title":"RS136: 1000ml Unique Liquor Decanter Glass Bottle for Sale","og_description":"Buy Bulk Unique Glass Bottle For Sale From China Liquor Bottle Manufacturer. Factory Outlet 1000ml Glass Spirit Bottle Wholesale In Cheap Price.","og_url":"https:\/\/ruishengglassco.com\/pt\/produto\/rs136-garrafa-de-vidro-de-decantador-de-licor-exclusivo-de-750-ml-para-venda","article_publisher":"https:\/\/www.facebook.com\/ruishengglassbottles","article_modified_time":"2026-01-05T01:07:54+00:00","og_image":[{"width":400,"height":400,"url":"https:\/\/ruishengglassco.com\/wp-content\/uploads\/2025\/03\/750ml-Unique-Liquor-Decanter-Glass-Bottle-for-Sale.webp","type":"image\/webp"}],"twitter_card":"summary_large_image","twitter_misc":{"Est. tempo de leitura":"2 minutos"},"schema":{"@context":"https:\/\/schema.org","@graph":[{"@type":"WebPage","@id":"https:\/\/ruishengglassco.com\/product\/rs136-750ml-unique-liquor-decanter-glass-bottle-for-sale","url":"https:\/\/ruishengglassco.com\/product\/rs136-750ml-unique-liquor-decanter-glass-bottle-for-sale","name":"RS136: 1000ml Unique Liquor Decanter Glass Bottle for Sale","isPartOf":{"@id":"https:\/\/ruishengglassco.com\/#website"},"datePublished":"2025-03-14T01:41:31+00:00","dateModified":"2026-01-05T01:07:54+00:00","description":"Buy Bulk Unique Glass Bottle For Sale From China Liquor Bottle Manufacturer. Factory Outlet 1000ml Glass Spirit Bottle Wholesale In Cheap Price.","breadcrumb":{"@id":"https:\/\/ruishengglassco.com\/product\/rs136-750ml-unique-liquor-decanter-glass-bottle-for-sale#breadcrumb"},"inLanguage":"pt-BR","potentialAction":[{"@type":"ReadAction","target":["https:\/\/ruishengglassco.com\/product\/rs136-750ml-unique-liquor-decanter-glass-bottle-for-sale"]}]},{"@type":"BreadcrumbList","@id":"https:\/\/ruishengglassco.com\/product\/rs136-750ml-unique-liquor-decanter-glass-bottle-for-sale#breadcrumb","itemListElement":[{"@type":"ListItem","position":1,"name":"Home","item":"https:\/\/ruishengglassco.com\/"},{"@type":"ListItem","position":2,"name":"Products","item":"https:\/\/ruishengglassco.com\/products"},{"@type":"ListItem","position":3,"name":"RS136: 1000ml Unique Liquor Decanter Glass Bottle for Sale"}]},{"@type":"WebSite","@id":"https:\/\/ruishengglassco.com\/#website","url":"https:\/\/ruishengglassco.com\/","name":"Ruisheng Glass","description":"","publisher":{"@id":"https:\/\/ruishengglassco.com\/#organization"},"potentialAction":[{"@type":"SearchAction","target":{"@type":"EntryPoint","urlTemplate":"https:\/\/ruishengglassco.com\/?s={search_term_string}"},"query-input":"required name=search_term_string"}],"inLanguage":"pt-BR"},{"@type":"Organization","@id":"https:\/\/ruishengglassco.com\/#organization","name":"Shandong Yuncheng Ruisheng Glass Co., Ltd","url":"https:\/\/ruishengglassco.com\/","logo":{"@type":"ImageObject","inLanguage":"pt-BR","@id":"https:\/\/ruishengglassco.com\/#\/schema\/logo\/image\/","url":"https:\/\/ruishengglassco.com\/wp-content\/uploads\/2023\/09\/ruisheng_logo_icon.webp","contentUrl":"https:\/\/ruishengglassco.com\/wp-content\/uploads\/2023\/09\/ruisheng_logo_icon.webp","width":400,"height":233,"caption":"Shandong Yuncheng Ruisheng Glass Co., Ltd"},"image":{"@id":"https:\/\/ruishengglassco.com\/#\/schema\/logo\/image\/"},"sameAs":["https:\/\/www.facebook.com\/ruishengglassbottles","https:\/\/www.instagram.com\/Ruishengglassbottlewholesales\/","https:\/\/www.youtube.com\/channel\/UCMmbMNGwsL-XrtjfSFLCdVQ"]}]}},"_links":{"self":[{"href":"https:\/\/ruishengglassco.com\/pt\/wp-json\/wp\/v2\/product\/4131","targetHints":{"allow":["GET"]}}],"collection":[{"href":"https:\/\/ruishengglassco.com\/pt\/wp-json\/wp\/v2\/product"}],"about":[{"href":"https:\/\/ruishengglassco.com\/pt\/wp-json\/wp\/v2\/types\/product"}],"replies":[{"embeddable":true,"href":"https:\/\/ruishengglassco.com\/pt\/wp-json\/wp\/v2\/comments?post=4131"}],"wp:featuredmedia":[{"embeddable":true,"href":"https:\/\/ruishengglassco.com\/pt\/wp-json\/wp\/v2\/media\/4132"}],"wp:attachment":[{"href":"https:\/\/ruishengglassco.com\/pt\/wp-json\/wp\/v2\/media?parent=4131"}],"wp:term":[{"taxonomy":"product_cat","embeddable":true,"href":"https:\/\/ruishengglassco.com\/pt\/wp-json\/wp\/v2\/product_cat?post=4131"}],"curies":[{"name":"wp","href":"https:\/\/api.w.org\/{rel}","templated":true}]}}