{"id":4129,"date":"2025-03-14T09:31:32","date_gmt":"2025-03-14T01:31:32","guid":{"rendered":"https:\/\/ruishengglassco.com\/?post_type=product&#038;p=4129"},"modified":"2025-07-16T14:47:08","modified_gmt":"2025-07-16T06:47:08","slug":"rs137-comprar-frascos-de-vidro-com-tampas","status":"publish","type":"product","link":"https:\/\/ruishengglassco.com\/pt\/produto\/rs137-comprar-frascos-de-vidro-com-tampas","title":{"rendered":"RS137: Comprar garrafas de vidro com tampa"},"content":{"rendered":"<p><span data-preserver-spaces=\"true\">A garrafa de vidro transparente de 750 ml para bebidas alco\u00f3licas <\/span><span data-preserver-spaces=\"true\">\u00e9 fabricado<\/span><span data-preserver-spaces=\"true\"> por Shandong Yuncheng Ruisheng Glass Co., Ltd. Nossa empresa \u00e9 uma das maiores fabricantes de super flint<\/span><a class=\"editor-rtfLink\" href=\"https:\/\/glassbottlewholesale.com\/about-us\/\" target=\"_blank\" rel=\"noopener\"><span data-preserver-spaces=\"true\"> garrafas de vidro de bebidas alco\u00f3licas em<\/span><\/a><span data-preserver-spaces=\"true\"> China. Nossa empresa tem mais de 500 funcion\u00e1rios e uma equipe de engenheiros qualificados. Com nossa rica experi\u00eancia, estabelecemos uma boa reputa\u00e7\u00e3o em todo o mundo.<\/span><\/p>\n<p><span data-preserver-spaces=\"true\">A garrafa de 750 ml para bebidas alco\u00f3licas no atacado apresenta rolhas e <\/span><span data-preserver-spaces=\"true\">\u00e9 elaborado<\/span><span data-preserver-spaces=\"true\"> de vidro flint de alta qualidade. Esse tipo de vidro \u00e9 transparente, dur\u00e1vel e suave ao toque. <\/span><span data-preserver-spaces=\"true\">\u00c9 <\/span><span data-preserver-spaces=\"true\">perfeito<\/span><span data-preserver-spaces=\"true\"> para embalar licor, vodca, brandy, u\u00edsque e <\/span><span data-preserver-spaces=\"true\">mais<\/span><span data-preserver-spaces=\"true\">.<\/span><\/p>\n<p><span data-preserver-spaces=\"true\">A Ruisheng \u00e9 uma das principais fabricantes de garrafas de bebidas alco\u00f3licas com rolhas no atacado. Fabricamos garrafas de vidro de alta qualidade para vodca, brandy, u\u00edsque, licor e geleia. Tamb\u00e9m podemos fornecer garrafas de bebidas espirituosas de v\u00e1rias cores no atacado. As op\u00e7\u00f5es incluem garrafas de vidro \u00e2mbar, verde, branco e transparente. Nossos principais mercados incluem o Reino Unido, os Estados Unidos, a Austr\u00e1lia, o Canad\u00e1 e outras regi\u00f5es. Todos os produtos gozam de grande reputa\u00e7\u00e3o em termos de inova\u00e7\u00e3o e funcionalidade.<\/span><\/p>\n<p><span data-preserver-spaces=\"true\">E como escolher as garrafas de vidro de e-l\u00edquido? Selecione a garrafa de vidro transparente correta para o licor. A primeira \u00e9 a qualidade das garrafas de l\u00edquido. Alta qualidade<\/span><a class=\"editor-rtfLink\" href=\"https:\/\/glassbottlewholesale.com\/our-products\/\" target=\"_blank\" rel=\"noopener\"><span data-preserver-spaces=\"true\"> garrafas de vidro podem<\/span><\/a><span data-preserver-spaces=\"true\"> garantir a qualidade do licor e aumentar seu valor. Al\u00e9m disso, os clientes tamb\u00e9m precisam prestar aten\u00e7\u00e3o \u00e0 qualidade dos produtos de licor, ao sabor do licor e \u00e0 propaganda cultural ao escolher uma garrafa de vidro para l\u00edquidos.\u00a0<\/span><span data-preserver-spaces=\"true\">Quando <\/span><span data-preserver-spaces=\"true\">compra<\/span><span data-preserver-spaces=\"true\"> garrafas de bebidas alco\u00f3licas, <\/span><span data-preserver-spaces=\"true\">escolher<\/span><span data-preserver-spaces=\"true\"> a <\/span><span data-preserver-spaces=\"true\">confi\u00e1vel<\/span><span data-preserver-spaces=\"true\"> fabricante.<\/span> <span data-preserver-spaces=\"true\">Isso<\/span><span data-preserver-spaces=\"true\"> ajuda a garantir a qualidade e o pre\u00e7o das garrafas.<\/span><\/p>\n<p><span data-preserver-spaces=\"true\">Se voc\u00ea estiver interessado nesta garrafa de vidro transparente de 750 ml para bebidas alco\u00f3licas, <\/span><span data-preserver-spaces=\"true\">Entre em contato conosco<\/span><span data-preserver-spaces=\"true\">.<\/span><span data-preserver-spaces=\"true\"> Responderemos a voc\u00ea em at\u00e9 24 horas.<\/span><\/p>","protected":false},"excerpt":{"rendered":"<p>Garrafa de vidro transparente de 750 ml com formato redondo para bebidas alco\u00f3licas. A bela cor da bebida alco\u00f3lica aparece atrav\u00e9s do vidro superfino, ideal para u\u00edsque, conhaque, vodca etc. Dispon\u00edvel com tampa de corti\u00e7a ou espiral.<\/p>\n<p>Garrafa de vidro para bebidas espirituosas personalizada de 750 ml no atacado Detalhes:<\/p>\n<ul>\n<li>Refer\u00eancia: RS137<\/li>\n<li><strong>Servi\u00e7o OEM\/ODM oferecido. MOQ:10000pcs<\/strong><\/li>\n<li>Tampa: tampa de rosca\/rolha<\/li>\n<li>Material: Vidro de alto brilho<\/li>\n<li>Entrega: Amostra gr\u00e1tis oferecida em 3 a 7 dias. Pedidos em massa em at\u00e9 30 dias.<\/li>\n<li>Caracter\u00edstica: Ecologicamente correto<\/li>\n<\/ul>","protected":false},"featured_media":4130,"comment_status":"closed","ping_status":"closed","template":"","meta":[],"product_cat":[15],"class_list":{"0":"post-4129","1":"product","2":"type-product","3":"status-publish","4":"has-post-thumbnail","6":"product_cat-glass-liquor-spirit-bottles","8":"first","9":"instock","10":"shipping-taxable","11":"product-type-simple"},"yoast_head":"<!-- This site is optimized with the Yoast SEO plugin v22.0 - https:\/\/yoast.com\/wordpress\/plugins\/seo\/ -->\n<title>RS137: Buy Glass Bottle With Lids<\/title>\n<meta name=\"description\" content=\"Glass round shape 750ml clear glass bottle for liquor. The beautiful color of the spirit shows through the super-flint glass, works for Whiskey, Brandy, Vodka, etc. Cork\/Scrow cap Available.\" \/>\n<meta name=\"robots\" content=\"index, follow, max-snippet:-1, max-image-preview:large, max-video-preview:-1\" \/>\n<link rel=\"canonical\" href=\"https:\/\/ruishengglassco.com\/pt\/produto\/rs137-comprar-frascos-de-vidro-com-tampas\" \/>\n<meta property=\"og:locale\" content=\"pt_BR\" \/>\n<meta property=\"og:type\" content=\"article\" \/>\n<meta property=\"og:title\" content=\"RS137: Buy Glass Bottle With Lids\" \/>\n<meta property=\"og:description\" content=\"Glass round shape 750ml clear glass bottle for liquor. The beautiful color of the spirit shows through the super-flint glass, works for Whiskey, Brandy, Vodka, etc. Cork\/Scrow cap Available.\" \/>\n<meta property=\"og:url\" content=\"https:\/\/ruishengglassco.com\/pt\/produto\/rs137-comprar-frascos-de-vidro-com-tampas\" \/>\n<meta property=\"article:publisher\" content=\"https:\/\/www.facebook.com\/ruishengglassbottles\" \/>\n<meta property=\"article:modified_time\" content=\"2025-07-16T06:47:08+00:00\" \/>\n<meta property=\"og:image\" content=\"https:\/\/ruishengglassco.com\/wp-content\/uploads\/2025\/03\/RS137-Buy-Glass-Bottle-With-Lids.webp\" \/>\n\t<meta property=\"og:image:width\" content=\"400\" \/>\n\t<meta property=\"og:image:height\" content=\"400\" \/>\n\t<meta property=\"og:image:type\" content=\"image\/webp\" \/>\n<meta name=\"twitter:card\" content=\"summary_large_image\" \/>\n<meta name=\"twitter:label1\" content=\"Est. tempo de leitura\" \/>\n\t<meta name=\"twitter:data1\" content=\"2 minutos\" \/>\n<script type=\"application\/ld+json\" class=\"yoast-schema-graph\">{\"@context\":\"https:\/\/schema.org\",\"@graph\":[{\"@type\":\"WebPage\",\"@id\":\"https:\/\/ruishengglassco.com\/product\/rs137-buy-glass-bottle-with-lids\",\"url\":\"https:\/\/ruishengglassco.com\/product\/rs137-buy-glass-bottle-with-lids\",\"name\":\"RS137: Buy Glass Bottle With Lids\",\"isPartOf\":{\"@id\":\"https:\/\/ruishengglassco.com\/#website\"},\"datePublished\":\"2025-03-14T01:31:32+00:00\",\"dateModified\":\"2025-07-16T06:47:08+00:00\",\"description\":\"Glass round shape 750ml clear glass bottle for liquor. The beautiful color of the spirit shows through the super-flint glass, works for Whiskey, Brandy, Vodka, etc. Cork\/Scrow cap Available.\",\"breadcrumb\":{\"@id\":\"https:\/\/ruishengglassco.com\/product\/rs137-buy-glass-bottle-with-lids#breadcrumb\"},\"inLanguage\":\"pt-BR\",\"potentialAction\":[{\"@type\":\"ReadAction\",\"target\":[\"https:\/\/ruishengglassco.com\/product\/rs137-buy-glass-bottle-with-lids\"]}]},{\"@type\":\"BreadcrumbList\",\"@id\":\"https:\/\/ruishengglassco.com\/product\/rs137-buy-glass-bottle-with-lids#breadcrumb\",\"itemListElement\":[{\"@type\":\"ListItem\",\"position\":1,\"name\":\"Home\",\"item\":\"https:\/\/ruishengglassco.com\/\"},{\"@type\":\"ListItem\",\"position\":2,\"name\":\"Products\",\"item\":\"https:\/\/ruishengglassco.com\/products\"},{\"@type\":\"ListItem\",\"position\":3,\"name\":\"RS137: Buy Glass Bottle With Lids\"}]},{\"@type\":\"WebSite\",\"@id\":\"https:\/\/ruishengglassco.com\/#website\",\"url\":\"https:\/\/ruishengglassco.com\/\",\"name\":\"Ruisheng Glass\",\"description\":\"\",\"publisher\":{\"@id\":\"https:\/\/ruishengglassco.com\/#organization\"},\"potentialAction\":[{\"@type\":\"SearchAction\",\"target\":{\"@type\":\"EntryPoint\",\"urlTemplate\":\"https:\/\/ruishengglassco.com\/?s={search_term_string}\"},\"query-input\":\"required name=search_term_string\"}],\"inLanguage\":\"pt-BR\"},{\"@type\":\"Organization\",\"@id\":\"https:\/\/ruishengglassco.com\/#organization\",\"name\":\"Shandong Yuncheng Ruisheng Glass Co., Ltd\",\"url\":\"https:\/\/ruishengglassco.com\/\",\"logo\":{\"@type\":\"ImageObject\",\"inLanguage\":\"pt-BR\",\"@id\":\"https:\/\/ruishengglassco.com\/#\/schema\/logo\/image\/\",\"url\":\"https:\/\/ruishengglassco.com\/wp-content\/uploads\/2023\/09\/ruisheng_logo_icon.webp\",\"contentUrl\":\"https:\/\/ruishengglassco.com\/wp-content\/uploads\/2023\/09\/ruisheng_logo_icon.webp\",\"width\":400,\"height\":233,\"caption\":\"Shandong Yuncheng Ruisheng Glass Co., Ltd\"},\"image\":{\"@id\":\"https:\/\/ruishengglassco.com\/#\/schema\/logo\/image\/\"},\"sameAs\":[\"https:\/\/www.facebook.com\/ruishengglassbottles\",\"https:\/\/www.instagram.com\/Ruishengglassbottlewholesales\/\",\"https:\/\/www.youtube.com\/channel\/UCMmbMNGwsL-XrtjfSFLCdVQ\"]}]}<\/script>\n<!-- \/ Yoast SEO plugin. -->","yoast_head_json":{"title":"RS137: Buy Glass Bottle With Lids","description":"Glass round shape 750ml clear glass bottle for liquor. The beautiful color of the spirit shows through the super-flint glass, works for Whiskey, Brandy, Vodka, etc. Cork\/Scrow cap Available.","robots":{"index":"index","follow":"follow","max-snippet":"max-snippet:-1","max-image-preview":"max-image-preview:large","max-video-preview":"max-video-preview:-1"},"canonical":"https:\/\/ruishengglassco.com\/pt\/produto\/rs137-comprar-frascos-de-vidro-com-tampas","og_locale":"pt_BR","og_type":"article","og_title":"RS137: Buy Glass Bottle With Lids","og_description":"Glass round shape 750ml clear glass bottle for liquor. The beautiful color of the spirit shows through the super-flint glass, works for Whiskey, Brandy, Vodka, etc. Cork\/Scrow cap Available.","og_url":"https:\/\/ruishengglassco.com\/pt\/produto\/rs137-comprar-frascos-de-vidro-com-tampas","article_publisher":"https:\/\/www.facebook.com\/ruishengglassbottles","article_modified_time":"2025-07-16T06:47:08+00:00","og_image":[{"width":400,"height":400,"url":"https:\/\/ruishengglassco.com\/wp-content\/uploads\/2025\/03\/RS137-Buy-Glass-Bottle-With-Lids.webp","type":"image\/webp"}],"twitter_card":"summary_large_image","twitter_misc":{"Est. tempo de leitura":"2 minutos"},"schema":{"@context":"https:\/\/schema.org","@graph":[{"@type":"WebPage","@id":"https:\/\/ruishengglassco.com\/product\/rs137-buy-glass-bottle-with-lids","url":"https:\/\/ruishengglassco.com\/product\/rs137-buy-glass-bottle-with-lids","name":"RS137: Buy Glass Bottle With Lids","isPartOf":{"@id":"https:\/\/ruishengglassco.com\/#website"},"datePublished":"2025-03-14T01:31:32+00:00","dateModified":"2025-07-16T06:47:08+00:00","description":"Glass round shape 750ml clear glass bottle for liquor. The beautiful color of the spirit shows through the super-flint glass, works for Whiskey, Brandy, Vodka, etc. Cork\/Scrow cap Available.","breadcrumb":{"@id":"https:\/\/ruishengglassco.com\/product\/rs137-buy-glass-bottle-with-lids#breadcrumb"},"inLanguage":"pt-BR","potentialAction":[{"@type":"ReadAction","target":["https:\/\/ruishengglassco.com\/product\/rs137-buy-glass-bottle-with-lids"]}]},{"@type":"BreadcrumbList","@id":"https:\/\/ruishengglassco.com\/product\/rs137-buy-glass-bottle-with-lids#breadcrumb","itemListElement":[{"@type":"ListItem","position":1,"name":"Home","item":"https:\/\/ruishengglassco.com\/"},{"@type":"ListItem","position":2,"name":"Products","item":"https:\/\/ruishengglassco.com\/products"},{"@type":"ListItem","position":3,"name":"RS137: Buy Glass Bottle With Lids"}]},{"@type":"WebSite","@id":"https:\/\/ruishengglassco.com\/#website","url":"https:\/\/ruishengglassco.com\/","name":"Ruisheng Glass","description":"","publisher":{"@id":"https:\/\/ruishengglassco.com\/#organization"},"potentialAction":[{"@type":"SearchAction","target":{"@type":"EntryPoint","urlTemplate":"https:\/\/ruishengglassco.com\/?s={search_term_string}"},"query-input":"required name=search_term_string"}],"inLanguage":"pt-BR"},{"@type":"Organization","@id":"https:\/\/ruishengglassco.com\/#organization","name":"Shandong Yuncheng Ruisheng Glass Co., Ltd","url":"https:\/\/ruishengglassco.com\/","logo":{"@type":"ImageObject","inLanguage":"pt-BR","@id":"https:\/\/ruishengglassco.com\/#\/schema\/logo\/image\/","url":"https:\/\/ruishengglassco.com\/wp-content\/uploads\/2023\/09\/ruisheng_logo_icon.webp","contentUrl":"https:\/\/ruishengglassco.com\/wp-content\/uploads\/2023\/09\/ruisheng_logo_icon.webp","width":400,"height":233,"caption":"Shandong Yuncheng Ruisheng Glass Co., Ltd"},"image":{"@id":"https:\/\/ruishengglassco.com\/#\/schema\/logo\/image\/"},"sameAs":["https:\/\/www.facebook.com\/ruishengglassbottles","https:\/\/www.instagram.com\/Ruishengglassbottlewholesales\/","https:\/\/www.youtube.com\/channel\/UCMmbMNGwsL-XrtjfSFLCdVQ"]}]}},"_links":{"self":[{"href":"https:\/\/ruishengglassco.com\/pt\/wp-json\/wp\/v2\/product\/4129","targetHints":{"allow":["GET"]}}],"collection":[{"href":"https:\/\/ruishengglassco.com\/pt\/wp-json\/wp\/v2\/product"}],"about":[{"href":"https:\/\/ruishengglassco.com\/pt\/wp-json\/wp\/v2\/types\/product"}],"replies":[{"embeddable":true,"href":"https:\/\/ruishengglassco.com\/pt\/wp-json\/wp\/v2\/comments?post=4129"}],"wp:featuredmedia":[{"embeddable":true,"href":"https:\/\/ruishengglassco.com\/pt\/wp-json\/wp\/v2\/media\/4130"}],"wp:attachment":[{"href":"https:\/\/ruishengglassco.com\/pt\/wp-json\/wp\/v2\/media?parent=4129"}],"wp:term":[{"taxonomy":"product_cat","embeddable":true,"href":"https:\/\/ruishengglassco.com\/pt\/wp-json\/wp\/v2\/product_cat?post=4129"}],"curies":[{"name":"wp","href":"https:\/\/api.w.org\/{rel}","templated":true}]}}