{"id":4123,"date":"2025-03-14T09:13:49","date_gmt":"2025-03-14T01:13:49","guid":{"rendered":"https:\/\/ruishengglassco.com\/?post_type=product&#038;p=4123"},"modified":"2025-09-11T16:01:55","modified_gmt":"2025-09-11T08:01:55","slug":"rs140-mini-garrafa-de-absinto-personalizada-de-50-ml","status":"publish","type":"product","link":"https:\/\/ruishengglassco.com\/pt\/produto\/rs140-mini-garrafa-de-absinto-personalizada-de-50-ml","title":{"rendered":"RS140: Mini frasco de absinto personalizado de 50 ml"},"content":{"rendered":"<p>Fabricamos nossas pr\u00f3prias minigarrafas na Shandong Yuncheng Ruisheng Glass Co., Ltd. Somos um dos maiores fabricantes de garrafas de bebidas alco\u00f3licas da China. Fornecemos mini garrafas de \u00e1lcool de 50 ml a granel, para que voc\u00ea possa obter garrafas de vidro a pre\u00e7o de atacado.<\/p>\n<p>Essa garrafa miniatura de absinto \u00e9 feita de vidro transparente. Isso a torna transparente, dur\u00e1vel e suave.<\/p>\n<p>Nossa empresa tem mais de 500 funcion\u00e1rios e uma equipe de engenheiros qualificados. Com nossa rica experi\u00eancia, estabelecemos uma boa reputa\u00e7\u00e3o em todo o mundo.<\/p>\n<p>Nossos principais produtos s\u00e3o garrafas de vidro para bebidas alco\u00f3licas de alto n\u00edvel, incluindo garrafas de vodca, garrafas de conhaque, garrafas de u\u00edsque, garrafas de licor e garrafas de geleia, entre outros. Tamb\u00e9m podemos oferecer garrafas de vidro \u00e2mbar, garrafas verdes e garrafas de \u00e1gua. Nossos principais mercados incluem a Europa, os EUA, a Austr\u00e1lia e outras regi\u00f5es. Todos os produtos gozam de grande reputa\u00e7\u00e3o em termos de inova\u00e7\u00e3o e funcionalidade.<\/p>\n<h4>As informa\u00e7\u00f5es sobre a mini garrafa de absinto no atacado est\u00e3o abaixo:<\/h4>\n<ul>\n<li>Material principal: Vidro Branco Cristalino, Vidro<\/li>\n<li>Tampa: tampa de rosca<\/li>\n<li>Refer\u00eancia: RS140<\/li>\n<li>MOQ: 10000 PCS<\/li>\n<li><span class=\"attr-name J-attr-name\" title=\"Capacidade\">Capacidade<\/span>: 100ml\/375ml\/500ml\/700ml\/750ml\/Custom<\/li>\n<li>Pcs\/Ctn: 24pcs<\/li>\n<li>Origem do local: Shandong, China<\/li>\n<li>Caracter\u00edstica: Ecologicamente correto<\/li>\n<\/ul>\n<p>Se quiser saber o pre\u00e7o da garrafa de vidro para absinto ou quiser personalizar a garrafa de vidro para absinto, entre em contato conosco. Responderemos dentro de 24 horas.<\/p>","protected":false},"excerpt":{"rendered":"<p>A Ruisheng, fabricante original de garrafas de vidro, oferece servi\u00e7os de atacado para mini garrafas de absinto para marcas, empresas, fornecedores de garrafas de vidro, atacadistas, distribuidores e muito mais. A garrafa de vidro transparente adota material de vidro com alto teor de s\u00edlex, o que torna nossas garrafas de vidro melhores para exibir a excelente qualidade do absinto. O design exclusivo do formato pode atrair a aten\u00e7\u00e3o dos clientes em um piscar de olhos. Como principal fabricante de garrafas de vidro, podemos fornecer servi\u00e7os ODM\/OEM de acordo com suas necessidades.<\/p>","protected":false},"featured_media":4124,"comment_status":"closed","ping_status":"closed","template":"","meta":[],"product_cat":[15,48],"class_list":{"0":"post-4123","1":"product","2":"type-product","3":"status-publish","4":"has-post-thumbnail","6":"product_cat-glass-liquor-spirit-bottles","7":"product_cat-50ml-mini-liquor-bottle-manufacturer","9":"first","10":"instock","11":"shipping-taxable","12":"product-type-simple"},"yoast_head":"<!-- This site is optimized with the Yoast SEO plugin v22.0 - https:\/\/yoast.com\/wordpress\/plugins\/seo\/ -->\n<title>RS140: Custom 50ml Absinthe Mini Bottle Wholesale<\/title>\n<meta name=\"description\" content=\"Ruisheng, a professional glass bottle manufacturer, sales absinthe mini bottle wholesale at factory outlet price. Accept custom glass bottles for absinthe.\" \/>\n<meta name=\"robots\" content=\"index, follow, max-snippet:-1, max-image-preview:large, max-video-preview:-1\" \/>\n<link rel=\"canonical\" href=\"https:\/\/ruishengglassco.com\/pt\/produto\/rs140-mini-garrafa-de-absinto-personalizada-de-50-ml\" \/>\n<meta property=\"og:locale\" content=\"pt_BR\" \/>\n<meta property=\"og:type\" content=\"article\" \/>\n<meta property=\"og:title\" content=\"RS140: Custom 50ml Absinthe Mini Bottle Wholesale\" \/>\n<meta property=\"og:description\" content=\"Ruisheng, a professional glass bottle manufacturer, sales absinthe mini bottle wholesale at factory outlet price. Accept custom glass bottles for absinthe.\" \/>\n<meta property=\"og:url\" content=\"https:\/\/ruishengglassco.com\/pt\/produto\/rs140-mini-garrafa-de-absinto-personalizada-de-50-ml\" \/>\n<meta property=\"article:publisher\" content=\"https:\/\/www.facebook.com\/ruishengglassbottles\" \/>\n<meta property=\"article:modified_time\" content=\"2025-09-11T08:01:55+00:00\" \/>\n<meta property=\"og:image\" content=\"https:\/\/ruishengglassco.com\/wp-content\/uploads\/2025\/03\/Absinthe-Mini-Bottle.webp\" \/>\n\t<meta property=\"og:image:width\" content=\"800\" \/>\n\t<meta property=\"og:image:height\" content=\"800\" \/>\n\t<meta property=\"og:image:type\" content=\"image\/webp\" \/>\n<meta name=\"twitter:card\" content=\"summary_large_image\" \/>\n<meta name=\"twitter:label1\" content=\"Est. tempo de leitura\" \/>\n\t<meta name=\"twitter:data1\" content=\"2 minutos\" \/>\n<script type=\"application\/ld+json\" class=\"yoast-schema-graph\">{\"@context\":\"https:\/\/schema.org\",\"@graph\":[{\"@type\":\"WebPage\",\"@id\":\"https:\/\/ruishengglassco.com\/product\/rs140-custom-50ml-absinthe-mini-bottle\",\"url\":\"https:\/\/ruishengglassco.com\/product\/rs140-custom-50ml-absinthe-mini-bottle\",\"name\":\"RS140: Custom 50ml Absinthe Mini Bottle Wholesale\",\"isPartOf\":{\"@id\":\"https:\/\/ruishengglassco.com\/#website\"},\"datePublished\":\"2025-03-14T01:13:49+00:00\",\"dateModified\":\"2025-09-11T08:01:55+00:00\",\"description\":\"Ruisheng, a professional glass bottle manufacturer, sales absinthe mini bottle wholesale at factory outlet price. Accept custom glass bottles for absinthe.\",\"breadcrumb\":{\"@id\":\"https:\/\/ruishengglassco.com\/product\/rs140-custom-50ml-absinthe-mini-bottle#breadcrumb\"},\"inLanguage\":\"pt-BR\",\"potentialAction\":[{\"@type\":\"ReadAction\",\"target\":[\"https:\/\/ruishengglassco.com\/product\/rs140-custom-50ml-absinthe-mini-bottle\"]}]},{\"@type\":\"BreadcrumbList\",\"@id\":\"https:\/\/ruishengglassco.com\/product\/rs140-custom-50ml-absinthe-mini-bottle#breadcrumb\",\"itemListElement\":[{\"@type\":\"ListItem\",\"position\":1,\"name\":\"Home\",\"item\":\"https:\/\/ruishengglassco.com\/\"},{\"@type\":\"ListItem\",\"position\":2,\"name\":\"Products\",\"item\":\"https:\/\/ruishengglassco.com\/products\"},{\"@type\":\"ListItem\",\"position\":3,\"name\":\"RS140: Custom 50ml Absinthe Mini Bottle\"}]},{\"@type\":\"WebSite\",\"@id\":\"https:\/\/ruishengglassco.com\/#website\",\"url\":\"https:\/\/ruishengglassco.com\/\",\"name\":\"Ruisheng Glass\",\"description\":\"\",\"publisher\":{\"@id\":\"https:\/\/ruishengglassco.com\/#organization\"},\"potentialAction\":[{\"@type\":\"SearchAction\",\"target\":{\"@type\":\"EntryPoint\",\"urlTemplate\":\"https:\/\/ruishengglassco.com\/?s={search_term_string}\"},\"query-input\":\"required name=search_term_string\"}],\"inLanguage\":\"pt-BR\"},{\"@type\":\"Organization\",\"@id\":\"https:\/\/ruishengglassco.com\/#organization\",\"name\":\"Shandong Yuncheng Ruisheng Glass Co., Ltd\",\"url\":\"https:\/\/ruishengglassco.com\/\",\"logo\":{\"@type\":\"ImageObject\",\"inLanguage\":\"pt-BR\",\"@id\":\"https:\/\/ruishengglassco.com\/#\/schema\/logo\/image\/\",\"url\":\"https:\/\/ruishengglassco.com\/wp-content\/uploads\/2023\/09\/ruisheng_logo_icon.webp\",\"contentUrl\":\"https:\/\/ruishengglassco.com\/wp-content\/uploads\/2023\/09\/ruisheng_logo_icon.webp\",\"width\":400,\"height\":233,\"caption\":\"Shandong Yuncheng Ruisheng Glass Co., Ltd\"},\"image\":{\"@id\":\"https:\/\/ruishengglassco.com\/#\/schema\/logo\/image\/\"},\"sameAs\":[\"https:\/\/www.facebook.com\/ruishengglassbottles\",\"https:\/\/www.instagram.com\/Ruishengglassbottlewholesales\/\",\"https:\/\/www.youtube.com\/channel\/UCMmbMNGwsL-XrtjfSFLCdVQ\"]}]}<\/script>\n<!-- \/ Yoast SEO plugin. -->","yoast_head_json":{"title":"RS140: Custom 50ml Absinthe Mini Bottle Wholesale","description":"Ruisheng, a professional glass bottle manufacturer, sales absinthe mini bottle wholesale at factory outlet price. Accept custom glass bottles for absinthe.","robots":{"index":"index","follow":"follow","max-snippet":"max-snippet:-1","max-image-preview":"max-image-preview:large","max-video-preview":"max-video-preview:-1"},"canonical":"https:\/\/ruishengglassco.com\/pt\/produto\/rs140-mini-garrafa-de-absinto-personalizada-de-50-ml","og_locale":"pt_BR","og_type":"article","og_title":"RS140: Custom 50ml Absinthe Mini Bottle Wholesale","og_description":"Ruisheng, a professional glass bottle manufacturer, sales absinthe mini bottle wholesale at factory outlet price. Accept custom glass bottles for absinthe.","og_url":"https:\/\/ruishengglassco.com\/pt\/produto\/rs140-mini-garrafa-de-absinto-personalizada-de-50-ml","article_publisher":"https:\/\/www.facebook.com\/ruishengglassbottles","article_modified_time":"2025-09-11T08:01:55+00:00","og_image":[{"width":800,"height":800,"url":"https:\/\/ruishengglassco.com\/wp-content\/uploads\/2025\/03\/Absinthe-Mini-Bottle.webp","type":"image\/webp"}],"twitter_card":"summary_large_image","twitter_misc":{"Est. tempo de leitura":"2 minutos"},"schema":{"@context":"https:\/\/schema.org","@graph":[{"@type":"WebPage","@id":"https:\/\/ruishengglassco.com\/product\/rs140-custom-50ml-absinthe-mini-bottle","url":"https:\/\/ruishengglassco.com\/product\/rs140-custom-50ml-absinthe-mini-bottle","name":"RS140: Custom 50ml Absinthe Mini Bottle Wholesale","isPartOf":{"@id":"https:\/\/ruishengglassco.com\/#website"},"datePublished":"2025-03-14T01:13:49+00:00","dateModified":"2025-09-11T08:01:55+00:00","description":"Ruisheng, a professional glass bottle manufacturer, sales absinthe mini bottle wholesale at factory outlet price. Accept custom glass bottles for absinthe.","breadcrumb":{"@id":"https:\/\/ruishengglassco.com\/product\/rs140-custom-50ml-absinthe-mini-bottle#breadcrumb"},"inLanguage":"pt-BR","potentialAction":[{"@type":"ReadAction","target":["https:\/\/ruishengglassco.com\/product\/rs140-custom-50ml-absinthe-mini-bottle"]}]},{"@type":"BreadcrumbList","@id":"https:\/\/ruishengglassco.com\/product\/rs140-custom-50ml-absinthe-mini-bottle#breadcrumb","itemListElement":[{"@type":"ListItem","position":1,"name":"Home","item":"https:\/\/ruishengglassco.com\/"},{"@type":"ListItem","position":2,"name":"Products","item":"https:\/\/ruishengglassco.com\/products"},{"@type":"ListItem","position":3,"name":"RS140: Custom 50ml Absinthe Mini Bottle"}]},{"@type":"WebSite","@id":"https:\/\/ruishengglassco.com\/#website","url":"https:\/\/ruishengglassco.com\/","name":"Ruisheng Glass","description":"","publisher":{"@id":"https:\/\/ruishengglassco.com\/#organization"},"potentialAction":[{"@type":"SearchAction","target":{"@type":"EntryPoint","urlTemplate":"https:\/\/ruishengglassco.com\/?s={search_term_string}"},"query-input":"required name=search_term_string"}],"inLanguage":"pt-BR"},{"@type":"Organization","@id":"https:\/\/ruishengglassco.com\/#organization","name":"Shandong Yuncheng Ruisheng Glass Co., Ltd","url":"https:\/\/ruishengglassco.com\/","logo":{"@type":"ImageObject","inLanguage":"pt-BR","@id":"https:\/\/ruishengglassco.com\/#\/schema\/logo\/image\/","url":"https:\/\/ruishengglassco.com\/wp-content\/uploads\/2023\/09\/ruisheng_logo_icon.webp","contentUrl":"https:\/\/ruishengglassco.com\/wp-content\/uploads\/2023\/09\/ruisheng_logo_icon.webp","width":400,"height":233,"caption":"Shandong Yuncheng Ruisheng Glass Co., Ltd"},"image":{"@id":"https:\/\/ruishengglassco.com\/#\/schema\/logo\/image\/"},"sameAs":["https:\/\/www.facebook.com\/ruishengglassbottles","https:\/\/www.instagram.com\/Ruishengglassbottlewholesales\/","https:\/\/www.youtube.com\/channel\/UCMmbMNGwsL-XrtjfSFLCdVQ"]}]}},"_links":{"self":[{"href":"https:\/\/ruishengglassco.com\/pt\/wp-json\/wp\/v2\/product\/4123","targetHints":{"allow":["GET"]}}],"collection":[{"href":"https:\/\/ruishengglassco.com\/pt\/wp-json\/wp\/v2\/product"}],"about":[{"href":"https:\/\/ruishengglassco.com\/pt\/wp-json\/wp\/v2\/types\/product"}],"replies":[{"embeddable":true,"href":"https:\/\/ruishengglassco.com\/pt\/wp-json\/wp\/v2\/comments?post=4123"}],"wp:featuredmedia":[{"embeddable":true,"href":"https:\/\/ruishengglassco.com\/pt\/wp-json\/wp\/v2\/media\/4124"}],"wp:attachment":[{"href":"https:\/\/ruishengglassco.com\/pt\/wp-json\/wp\/v2\/media?parent=4123"}],"wp:term":[{"taxonomy":"product_cat","embeddable":true,"href":"https:\/\/ruishengglassco.com\/pt\/wp-json\/wp\/v2\/product_cat?post=4123"}],"curies":[{"name":"wp","href":"https:\/\/api.w.org\/{rel}","templated":true}]}}