{"id":4121,"date":"2025-03-14T09:02:56","date_gmt":"2025-03-14T01:02:56","guid":{"rendered":"https:\/\/ruishengglassco.com\/?post_type=product&#038;p=4121"},"modified":"2025-09-11T16:51:47","modified_gmt":"2025-09-11T08:51:47","slug":"rs141-garrafa-de-licor-de-vidro-de-750-ml-da-china","status":"publish","type":"product","link":"https:\/\/ruishengglassco.com\/pt\/produto\/rs141-garrafa-de-licor-de-vidro-de-750-ml-da-china","title":{"rendered":"RS141: Garrafa de licor de vidro de 750 ml da China"},"content":{"rendered":"<p>Ruisheng, um famoso fabricante chin\u00eas de garrafas de vinho de 750 ml, oferece garrafas de vinho tinto no atacado a pre\u00e7os de f\u00e1brica. Essas garrafas de vinho vazias para venda t\u00eam formato comum, mas podem garantir mais l\u00edquido. Portanto, essa garrafa de vidro de vinho de 750 ml \u00e9 muito popular entre os consumidores.<br \/>\nA cor dessas garrafas de vinho tinto no atacado \u00e9 transparente; se voc\u00ea tiver uma exig\u00eancia de cor, podemos alter\u00e1-la de acordo com sua solicita\u00e7\u00e3o. Tamb\u00e9m podemos imprimir seu logotipo na tampa e no corpo da garrafa. Al\u00e9m disso, nossa empresa obteve muitos certificados, por isso temos muita confian\u00e7a em nossas garrafas.<br \/>\nTemos requisitos rigorosos para as mat\u00e9rias-primas antes de fabricar garrafas de vidro para vinho, e nosso chefe supervisionar\u00e1 pessoalmente a produ\u00e7\u00e3o de garrafas na f\u00e1brica.<br \/>\nNossas garrafas de vidro de vinho de 750 ml para exporta\u00e7\u00e3o s\u00e3o embaladas de acordo com o padr\u00e3o nacional, e a quantidade tamb\u00e9m \u00e9 calculada com rigor. Garantiremos que as mercadorias cheguem ao seu pa\u00eds com seguran\u00e7a.<br \/>\nO principal \u00e9 o nosso excelente servi\u00e7o p\u00f3s-venda. Estamos aqui para responder \u00e0s suas perguntas, desde o pedido at\u00e9 o envio. Prometemos que voc\u00ea conhecer\u00e1 bem nossos produtos.<br \/>\nSe quiser confirmar nossa empresa, podemos gravar o v\u00eddeo para voc\u00ea ou voc\u00ea pode visitar nossa empresa. Teremos algu\u00e9m especial para busc\u00e1-lo, e algu\u00e9m lhe mostrar\u00e1 a f\u00e1brica.<br \/>\nNossos principais produtos s\u00e3o garrafas de vidro de alta qualidade, como garrafas de vodca, garrafas de conhaque, garrafas de u\u00edsque, garrafas de licor, garrafas de geleia e assim por diante. Tamb\u00e9m podemos oferecer garrafas de vidro \u00e2mbar, garrafas verdes e garrafas de \u00e1gua. Nosso principal mercado \u00e9 a Europa, os EUA, a Austr\u00e1lia, a Am\u00e9rica, etc. E todos os produtos gozam de grande reputa\u00e7\u00e3o em termos de inova\u00e7\u00e3o e funcionalidade.<\/p>\n<h4>Garrafas de vinho de 750 ml Fabricante da China<\/h4>\n<p>As informa\u00e7\u00f5es sobre a garrafa de vidro s\u00e3o as seguintes:<\/p>\n<ul>\n<li>Material principal: vidro com alto teor de s\u00edlex<\/li>\n<li>Tampa: tampa de rosca<\/li>\n<li>Refer\u00eancia: RS141<\/li>\n<li>MOQ: 10000 PCS<\/li>\n<li>Capacidade: 750 ml<\/li>\n<li>Pcs\/Ctn: 24pcs<\/li>\n<li>Origem do local: Shandong, China<\/li>\n<li>Caracter\u00edstica: Ecologicamente correto<\/li>\n<\/ul>\n<p>Se gostar dessas garrafas de vidro de vinho tinto por atacado de um fabricante chin\u00eas de garrafas de vinho de 750 ml, n\u00e3o hesite em entrar em contato conosco.<\/p>\n<p>Se n\u00e3o gostar, podemos lhe enviar nosso cat\u00e1logo e voc\u00ea poder\u00e1 escolher algu\u00e9m de sua prefer\u00eancia.<\/p>\n<p>Se estiver interessado em nossas garrafas de vinho no atacado, entre em contato conosco. Responderemos dentro de 24 horas.<\/p>","protected":false},"excerpt":{"rendered":"<p>Essa s\u00e9rie de garrafas de vidro de 750 ml com formato redondo foi projetada principalmente para embalagens de vinho tinto. O vidro transparente de alto brilho reflete a bela cor do vinho tinto. Fornecimento especial para vin\u00edcolas e empresas de vinho<\/p>\n<p>Garrafa de vidro personalizada de 750 ml para vinho tinto:<\/p>\n<ul>\n<li>Refer\u00eancia: RS141<\/li>\n<li><strong>Servi\u00e7o OEM\/ODM com amostra gr\u00e1tis. MOQ:10000pcs(10000 PCS)<\/strong><\/li>\n<li>Tampa: Corti\u00e7a, tampa de rosca ou personalizada<\/li>\n<li>Material: Vidro de alto brilho<\/li>\n<li>Altura da garrafa: 228MM\u00b12MMmm<\/li>\n<li>Di\u00e2metro da garrafa: 92,4MM\u00b12MM<\/li>\n<\/ul>","protected":false},"featured_media":4122,"comment_status":"closed","ping_status":"closed","template":"","meta":[],"product_cat":[15,40],"class_list":{"0":"post-4121","1":"product","2":"type-product","3":"status-publish","4":"has-post-thumbnail","6":"product_cat-glass-liquor-spirit-bottles","7":"product_cat-750ml-liquor-bottle-manufacturer","9":"first","10":"instock","11":"shipping-taxable","12":"product-type-simple"},"yoast_head":"<!-- This site is optimized with the Yoast SEO plugin v22.0 - https:\/\/yoast.com\/wordpress\/plugins\/seo\/ -->\n<title>RS141: China 750ml Glass Liquor Bottle<\/title>\n<meta name=\"description\" content=\"This series 750ml round shape glass bottle is mainly designed for Red Wine packaging. Transparent high flint glass reflects the beautiful color of red wine.\" \/>\n<meta name=\"robots\" content=\"index, follow, max-snippet:-1, max-image-preview:large, max-video-preview:-1\" \/>\n<link rel=\"canonical\" href=\"https:\/\/ruishengglassco.com\/pt\/produto\/rs141-garrafa-de-licor-de-vidro-de-750-ml-da-china\" \/>\n<meta property=\"og:locale\" content=\"pt_BR\" \/>\n<meta property=\"og:type\" content=\"article\" \/>\n<meta property=\"og:title\" content=\"RS141: China 750ml Glass Liquor Bottle\" \/>\n<meta property=\"og:description\" content=\"This series 750ml round shape glass bottle is mainly designed for Red Wine packaging. Transparent high flint glass reflects the beautiful color of red wine.\" \/>\n<meta property=\"og:url\" content=\"https:\/\/ruishengglassco.com\/pt\/produto\/rs141-garrafa-de-licor-de-vidro-de-750-ml-da-china\" \/>\n<meta property=\"article:publisher\" content=\"https:\/\/www.facebook.com\/ruishengglassbottles\" \/>\n<meta property=\"article:modified_time\" content=\"2025-09-11T08:51:47+00:00\" \/>\n<meta property=\"og:image\" content=\"https:\/\/ruishengglassco.com\/wp-content\/uploads\/2025\/03\/China-750ml-Glass-Liquor-Bottle.webp\" \/>\n\t<meta property=\"og:image:width\" content=\"800\" \/>\n\t<meta property=\"og:image:height\" content=\"800\" \/>\n\t<meta property=\"og:image:type\" content=\"image\/webp\" \/>\n<meta name=\"twitter:card\" content=\"summary_large_image\" \/>\n<meta name=\"twitter:label1\" content=\"Est. tempo de leitura\" \/>\n\t<meta name=\"twitter:data1\" content=\"2 minutos\" \/>\n<script type=\"application\/ld+json\" class=\"yoast-schema-graph\">{\"@context\":\"https:\/\/schema.org\",\"@graph\":[{\"@type\":\"WebPage\",\"@id\":\"https:\/\/ruishengglassco.com\/product\/rs141-china-750ml-glass-liquor-bottle\",\"url\":\"https:\/\/ruishengglassco.com\/product\/rs141-china-750ml-glass-liquor-bottle\",\"name\":\"RS141: China 750ml Glass Liquor Bottle\",\"isPartOf\":{\"@id\":\"https:\/\/ruishengglassco.com\/#website\"},\"datePublished\":\"2025-03-14T01:02:56+00:00\",\"dateModified\":\"2025-09-11T08:51:47+00:00\",\"description\":\"This series 750ml round shape glass bottle is mainly designed for Red Wine packaging. Transparent high flint glass reflects the beautiful color of red wine.\",\"breadcrumb\":{\"@id\":\"https:\/\/ruishengglassco.com\/product\/rs141-china-750ml-glass-liquor-bottle#breadcrumb\"},\"inLanguage\":\"pt-BR\",\"potentialAction\":[{\"@type\":\"ReadAction\",\"target\":[\"https:\/\/ruishengglassco.com\/product\/rs141-china-750ml-glass-liquor-bottle\"]}]},{\"@type\":\"BreadcrumbList\",\"@id\":\"https:\/\/ruishengglassco.com\/product\/rs141-china-750ml-glass-liquor-bottle#breadcrumb\",\"itemListElement\":[{\"@type\":\"ListItem\",\"position\":1,\"name\":\"Home\",\"item\":\"https:\/\/ruishengglassco.com\/\"},{\"@type\":\"ListItem\",\"position\":2,\"name\":\"Products\",\"item\":\"https:\/\/ruishengglassco.com\/products\"},{\"@type\":\"ListItem\",\"position\":3,\"name\":\"RS141: China 750ml Glass Liquor Bottle\"}]},{\"@type\":\"WebSite\",\"@id\":\"https:\/\/ruishengglassco.com\/#website\",\"url\":\"https:\/\/ruishengglassco.com\/\",\"name\":\"Ruisheng Glass\",\"description\":\"\",\"publisher\":{\"@id\":\"https:\/\/ruishengglassco.com\/#organization\"},\"potentialAction\":[{\"@type\":\"SearchAction\",\"target\":{\"@type\":\"EntryPoint\",\"urlTemplate\":\"https:\/\/ruishengglassco.com\/?s={search_term_string}\"},\"query-input\":\"required name=search_term_string\"}],\"inLanguage\":\"pt-BR\"},{\"@type\":\"Organization\",\"@id\":\"https:\/\/ruishengglassco.com\/#organization\",\"name\":\"Shandong Yuncheng Ruisheng Glass Co., Ltd\",\"url\":\"https:\/\/ruishengglassco.com\/\",\"logo\":{\"@type\":\"ImageObject\",\"inLanguage\":\"pt-BR\",\"@id\":\"https:\/\/ruishengglassco.com\/#\/schema\/logo\/image\/\",\"url\":\"https:\/\/ruishengglassco.com\/wp-content\/uploads\/2023\/09\/ruisheng_logo_icon.webp\",\"contentUrl\":\"https:\/\/ruishengglassco.com\/wp-content\/uploads\/2023\/09\/ruisheng_logo_icon.webp\",\"width\":400,\"height\":233,\"caption\":\"Shandong Yuncheng Ruisheng Glass Co., Ltd\"},\"image\":{\"@id\":\"https:\/\/ruishengglassco.com\/#\/schema\/logo\/image\/\"},\"sameAs\":[\"https:\/\/www.facebook.com\/ruishengglassbottles\",\"https:\/\/www.instagram.com\/Ruishengglassbottlewholesales\/\",\"https:\/\/www.youtube.com\/channel\/UCMmbMNGwsL-XrtjfSFLCdVQ\"]}]}<\/script>\n<!-- \/ Yoast SEO plugin. -->","yoast_head_json":{"title":"RS141: China 750ml Glass Liquor Bottle","description":"This series 750ml round shape glass bottle is mainly designed for Red Wine packaging. Transparent high flint glass reflects the beautiful color of red wine.","robots":{"index":"index","follow":"follow","max-snippet":"max-snippet:-1","max-image-preview":"max-image-preview:large","max-video-preview":"max-video-preview:-1"},"canonical":"https:\/\/ruishengglassco.com\/pt\/produto\/rs141-garrafa-de-licor-de-vidro-de-750-ml-da-china","og_locale":"pt_BR","og_type":"article","og_title":"RS141: China 750ml Glass Liquor Bottle","og_description":"This series 750ml round shape glass bottle is mainly designed for Red Wine packaging. Transparent high flint glass reflects the beautiful color of red wine.","og_url":"https:\/\/ruishengglassco.com\/pt\/produto\/rs141-garrafa-de-licor-de-vidro-de-750-ml-da-china","article_publisher":"https:\/\/www.facebook.com\/ruishengglassbottles","article_modified_time":"2025-09-11T08:51:47+00:00","og_image":[{"width":800,"height":800,"url":"https:\/\/ruishengglassco.com\/wp-content\/uploads\/2025\/03\/China-750ml-Glass-Liquor-Bottle.webp","type":"image\/webp"}],"twitter_card":"summary_large_image","twitter_misc":{"Est. tempo de leitura":"2 minutos"},"schema":{"@context":"https:\/\/schema.org","@graph":[{"@type":"WebPage","@id":"https:\/\/ruishengglassco.com\/product\/rs141-china-750ml-glass-liquor-bottle","url":"https:\/\/ruishengglassco.com\/product\/rs141-china-750ml-glass-liquor-bottle","name":"RS141: China 750ml Glass Liquor Bottle","isPartOf":{"@id":"https:\/\/ruishengglassco.com\/#website"},"datePublished":"2025-03-14T01:02:56+00:00","dateModified":"2025-09-11T08:51:47+00:00","description":"This series 750ml round shape glass bottle is mainly designed for Red Wine packaging. Transparent high flint glass reflects the beautiful color of red wine.","breadcrumb":{"@id":"https:\/\/ruishengglassco.com\/product\/rs141-china-750ml-glass-liquor-bottle#breadcrumb"},"inLanguage":"pt-BR","potentialAction":[{"@type":"ReadAction","target":["https:\/\/ruishengglassco.com\/product\/rs141-china-750ml-glass-liquor-bottle"]}]},{"@type":"BreadcrumbList","@id":"https:\/\/ruishengglassco.com\/product\/rs141-china-750ml-glass-liquor-bottle#breadcrumb","itemListElement":[{"@type":"ListItem","position":1,"name":"Home","item":"https:\/\/ruishengglassco.com\/"},{"@type":"ListItem","position":2,"name":"Products","item":"https:\/\/ruishengglassco.com\/products"},{"@type":"ListItem","position":3,"name":"RS141: China 750ml Glass Liquor Bottle"}]},{"@type":"WebSite","@id":"https:\/\/ruishengglassco.com\/#website","url":"https:\/\/ruishengglassco.com\/","name":"Ruisheng Glass","description":"","publisher":{"@id":"https:\/\/ruishengglassco.com\/#organization"},"potentialAction":[{"@type":"SearchAction","target":{"@type":"EntryPoint","urlTemplate":"https:\/\/ruishengglassco.com\/?s={search_term_string}"},"query-input":"required name=search_term_string"}],"inLanguage":"pt-BR"},{"@type":"Organization","@id":"https:\/\/ruishengglassco.com\/#organization","name":"Shandong Yuncheng Ruisheng Glass Co., Ltd","url":"https:\/\/ruishengglassco.com\/","logo":{"@type":"ImageObject","inLanguage":"pt-BR","@id":"https:\/\/ruishengglassco.com\/#\/schema\/logo\/image\/","url":"https:\/\/ruishengglassco.com\/wp-content\/uploads\/2023\/09\/ruisheng_logo_icon.webp","contentUrl":"https:\/\/ruishengglassco.com\/wp-content\/uploads\/2023\/09\/ruisheng_logo_icon.webp","width":400,"height":233,"caption":"Shandong Yuncheng Ruisheng Glass Co., Ltd"},"image":{"@id":"https:\/\/ruishengglassco.com\/#\/schema\/logo\/image\/"},"sameAs":["https:\/\/www.facebook.com\/ruishengglassbottles","https:\/\/www.instagram.com\/Ruishengglassbottlewholesales\/","https:\/\/www.youtube.com\/channel\/UCMmbMNGwsL-XrtjfSFLCdVQ"]}]}},"_links":{"self":[{"href":"https:\/\/ruishengglassco.com\/pt\/wp-json\/wp\/v2\/product\/4121","targetHints":{"allow":["GET"]}}],"collection":[{"href":"https:\/\/ruishengglassco.com\/pt\/wp-json\/wp\/v2\/product"}],"about":[{"href":"https:\/\/ruishengglassco.com\/pt\/wp-json\/wp\/v2\/types\/product"}],"replies":[{"embeddable":true,"href":"https:\/\/ruishengglassco.com\/pt\/wp-json\/wp\/v2\/comments?post=4121"}],"wp:featuredmedia":[{"embeddable":true,"href":"https:\/\/ruishengglassco.com\/pt\/wp-json\/wp\/v2\/media\/4122"}],"wp:attachment":[{"href":"https:\/\/ruishengglassco.com\/pt\/wp-json\/wp\/v2\/media?parent=4121"}],"wp:term":[{"taxonomy":"product_cat","embeddable":true,"href":"https:\/\/ruishengglassco.com\/pt\/wp-json\/wp\/v2\/product_cat?post=4121"}],"curies":[{"name":"wp","href":"https:\/\/api.w.org\/{rel}","templated":true}]}}