{"id":3824,"date":"2024-07-04T16:15:40","date_gmt":"2024-07-04T08:15:40","guid":{"rendered":"https:\/\/ruishengglassco.com\/?post_type=product&#038;p=3824"},"modified":"2024-07-15T11:45:42","modified_gmt":"2024-07-15T03:45:42","slug":"fornecedor-de-garrafas-de-vidro-para-galvanoplastia","status":"publish","type":"product","link":"https:\/\/ruishengglassco.com\/pt\/produto\/fornecedor-de-garrafas-de-vidro-para-galvanoplastia","title":{"rendered":"Garrafa de vidro com galvanoplastia"},"content":{"rendered":"<section class=\"section\" id=\"section_85464218\">\n\t\t<div class=\"bg section-bg fill bg-fill  bg-loaded\" >\n\n\t\t\t\n\t\t\t\n\t\t\t\n\n\t\t<\/div>\n\n\t\t\n\n\t\t<div class=\"section-content relative\">\n\t\t\t\n<div class=\"row\"  id=\"row-121221877\">\n\n\t<div id=\"col-1384359322\" class=\"col small-12 large-12\"  >\n\t\t\t\t<div class=\"col-inner\"  >\n\t\t\t\n\t\t\t\n<h2 style=\"text-align: center;\">\u00a0Por que escolher nossa garrafa de vidro galvanizado para bebidas alco\u00f3licas e destilados<\/h2>\n\t\t<\/div>\n\t\t\t\t\t<\/div>\n\n\t\n<\/div>\n<div class=\"row\"  id=\"row-1737095344\">\n\n\t<div id=\"col-481501918\" class=\"col medium-4 small-12 large-4\"  >\n\t\t\t\t<div class=\"col-inner\"  >\n\t\t\t\n\t\t\t\n\t<div class=\"box has-hover   has-hover box-text-bottom\" >\n\n\t\t<div class=\"box-image\" >\n\t\t\t\t\t\t<div class=\"image-zoom\" >\n\t\t\t\t<img decoding=\"async\" width=\"509\" height=\"740\" src=\"https:\/\/ruishengglassco.com\/wp-content\/uploads\/2024\/07\/Electroplating-Glass_Bottle_for_Liquor_Spirits_blue.webp\" class=\"attachment-original size-original\" alt=\"Garrafa de vidro galvanizada para bebidas alco\u00f3licas azul\" srcset=\"https:\/\/ruishengglassco.com\/wp-content\/uploads\/2024\/07\/Electroplating-Glass_Bottle_for_Liquor_Spirits_blue.webp 509w, https:\/\/ruishengglassco.com\/wp-content\/uploads\/2024\/07\/Electroplating-Glass_Bottle_for_Liquor_Spirits_blue-206x300.webp 206w\" sizes=\"(max-width: 509px) 100vw, 509px\" \/>\t\t\t\t\t\t\t\t\t\t\t<\/div>\n\t\t\t\t\t<\/div>\n\n\t\t<div class=\"box-text text-center\" >\n\t\t\t<div class=\"box-text-inner\">\n\t\t\t\t\n<h4>Excelente qualidade:<\/h4>\n<p>Nosso processo de galvanoplastia garante um acabamento de alta qualidade. Isso faz com que a garrafa de vidro tenha uma apar\u00eancia melhor.<\/p>\n\t\t\t<\/div>\n\t\t<\/div>\n\t<\/div>\n\t\n\t\t<\/div>\n\t\t\t\t\t<\/div>\n\n\t\n\n\t<div id=\"col-258454102\" class=\"col medium-4 small-12 large-4\"  >\n\t\t\t\t<div class=\"col-inner\"  >\n\t\t\t\n\t\t\t\n\t<div class=\"box has-hover   has-hover box-text-bottom\" >\n\n\t\t<div class=\"box-image\" >\n\t\t\t\t\t\t<div class=\"image-zoom\" >\n\t\t\t\t<img decoding=\"async\" width=\"509\" height=\"740\" src=\"https:\/\/ruishengglassco.com\/wp-content\/uploads\/2024\/07\/Electroplating-Glass_Bottle_for_Liquor_Spirits_clear.webp\" class=\"attachment-original size-original\" alt=\"Garrafa de vidro galvanizada para bebidas alco\u00f3licas transparentes\" srcset=\"https:\/\/ruishengglassco.com\/wp-content\/uploads\/2024\/07\/Electroplating-Glass_Bottle_for_Liquor_Spirits_clear.webp 509w, https:\/\/ruishengglassco.com\/wp-content\/uploads\/2024\/07\/Electroplating-Glass_Bottle_for_Liquor_Spirits_clear-206x300.webp 206w\" sizes=\"(max-width: 509px) 100vw, 509px\" \/>\t\t\t\t\t\t\t\t\t\t\t<\/div>\n\t\t\t\t\t<\/div>\n\n\t\t<div class=\"box-text text-center\" >\n\t\t\t<div class=\"box-text-inner\">\n\t\t\t\t\n<h4>Op\u00e7\u00f5es de personaliza\u00e7\u00e3o:<\/h4>\n<p>Oferecemos acabamentos de galvanoplastia personalizados. Eles atendem \u00e0s necessidades de marca e design de nossos clientes.<\/p>\n\t\t\t<\/div>\n\t\t<\/div>\n\t<\/div>\n\t\n\t\t<\/div>\n\t\t\t\t\t<\/div>\n\n\t\n\n\t<div id=\"col-1354312579\" class=\"col medium-4 small-12 large-4\"  >\n\t\t\t\t<div class=\"col-inner\"  >\n\t\t\t\n\t\t\t\n\t<div class=\"box has-hover   has-hover box-text-bottom\" >\n\n\t\t<div class=\"box-image\" >\n\t\t\t\t\t\t<div class=\"image-zoom\" >\n\t\t\t\t<img decoding=\"async\" width=\"509\" height=\"740\" src=\"https:\/\/ruishengglassco.com\/wp-content\/uploads\/2024\/07\/Electroplating-Glass_Bottle_for_Liquor_Spirits.webp\" class=\"attachment-original size-original\" alt=\"Garrafa de vidro galvanizada para bebidas alco\u00f3licas\" srcset=\"https:\/\/ruishengglassco.com\/wp-content\/uploads\/2024\/07\/Electroplating-Glass_Bottle_for_Liquor_Spirits.webp 509w, https:\/\/ruishengglassco.com\/wp-content\/uploads\/2024\/07\/Electroplating-Glass_Bottle_for_Liquor_Spirits-206x300.webp 206w\" sizes=\"(max-width: 509px) 100vw, 509px\" \/>\t\t\t\t\t\t\t\t\t\t\t<\/div>\n\t\t\t\t\t<\/div>\n\n\t\t<div class=\"box-text text-center\" >\n\t\t\t<div class=\"box-text-inner\">\n\t\t\t\t\n<h4>Durabilidade:<\/h4>\n<p>A galvanoplastia produz um acabamento dur\u00e1vel. Ele garante que a garrafa manter\u00e1 sua apar\u00eancia e qualidade ao longo do tempo, mesmo com o uso regular.<\/p>\n\t\t\t<\/div>\n\t\t<\/div>\n\t<\/div>\n\t\n\t\t<\/div>\n\t\t\t\t\t<\/div>\n\n\t\n<\/div>\n<div class=\"row\"  id=\"row-820824903\">\n\n\t<div id=\"col-635409833\" class=\"col small-12 large-12\"  >\n\t\t\t\t<div class=\"col-inner\"  >\n\t\t\t\n\t\t\t\n<p style=\"text-align: center;\"><a class=\"button gradient\" data-fancybox=\"\" data-src=\"#hidden-CF7\">Entre em contato conosco<\/a><\/p>\n\t\t<\/div>\n\t\t\t\t\t<\/div>\n\n\t\n<\/div>\n<div class=\"row\"  id=\"row-782720205\">\n\n\t<div id=\"col-1310319216\" class=\"col medium-4 small-12 large-4\"  >\n\t\t\t\t<div class=\"col-inner\"  >\n\t\t\t\n\t\t\t\n\t<div class=\"box has-hover   has-hover box-text-bottom\" >\n\n\t\t<div class=\"box-image\" >\n\t\t\t\t\t\t<div class=\"image-zoom\" >\n\t\t\t\t<img decoding=\"async\" width=\"509\" height=\"740\" src=\"https:\/\/ruishengglassco.com\/wp-content\/uploads\/2024\/07\/Electroplating-Glass_Bottle_for_Liquor_Spirits_roumd_yellow.webp\" class=\"attachment-original size-original\" alt=\"Garrafa de vidro de galvanoplastia para licores e destilados amarela\" srcset=\"https:\/\/ruishengglassco.com\/wp-content\/uploads\/2024\/07\/Electroplating-Glass_Bottle_for_Liquor_Spirits_roumd_yellow.webp 509w, https:\/\/ruishengglassco.com\/wp-content\/uploads\/2024\/07\/Electroplating-Glass_Bottle_for_Liquor_Spirits_roumd_yellow-206x300.webp 206w\" sizes=\"(max-width: 509px) 100vw, 509px\" \/>\t\t\t\t\t\t\t\t\t\t\t<\/div>\n\t\t\t\t\t<\/div>\n\n\t\t<div class=\"box-text text-center\" >\n\t\t\t<div class=\"box-text-inner\">\n\t\t\t\t\n<h4>Branding aprimorado:<\/h4>\n<p>O acabamento em galvanoplastia acrescenta luxo e sofistica\u00e7\u00e3o \u00e0 garrafa de vidro, aprimorando a marca e o apelo da bebida em seu interior.<\/p>\n\t\t\t<\/div>\n\t\t<\/div>\n\t<\/div>\n\t\n\t\t<\/div>\n\t\t\t\t\t<\/div>\n\n\t\n\n\t<div id=\"col-1554354389\" class=\"col medium-4 small-12 large-4\"  >\n\t\t\t\t<div class=\"col-inner\"  >\n\t\t\t\n\t\t\t\n\t<div class=\"box has-hover   has-hover box-text-bottom\" >\n\n\t\t<div class=\"box-image\" >\n\t\t\t\t\t\t<div class=\"image-zoom\" >\n\t\t\t\t<img decoding=\"async\" width=\"509\" height=\"740\" src=\"https:\/\/ruishengglassco.com\/wp-content\/uploads\/2024\/07\/Electroplating-Glass_Bottle_for_Liquor_Spirits_round.webp\" class=\"attachment-original size-original\" alt=\"Garrafa de vidro galvanizada para bebidas alco\u00f3licas_redondas\" srcset=\"https:\/\/ruishengglassco.com\/wp-content\/uploads\/2024\/07\/Electroplating-Glass_Bottle_for_Liquor_Spirits_round.webp 509w, https:\/\/ruishengglassco.com\/wp-content\/uploads\/2024\/07\/Electroplating-Glass_Bottle_for_Liquor_Spirits_round-206x300.webp 206w\" sizes=\"(max-width: 509px) 100vw, 509px\" \/>\t\t\t\t\t\t\t\t\t\t\t<\/div>\n\t\t\t\t\t<\/div>\n\n\t\t<div class=\"box-text text-center\" >\n\t\t\t<div class=\"box-text-inner\">\n\t\t\t\t\n<h4>Ecologicamente correto:<\/h4>\n<p>Nosso processo de galvanoplastia segue regras ambientais rigorosas. \u00c9 uma op\u00e7\u00e3o sustent\u00e1vel e ecologicamente correta para embalagens de bebidas alco\u00f3licas.<\/p>\n\t\t\t<\/div>\n\t\t<\/div>\n\t<\/div>\n\t\n\t\t<\/div>\n\t\t\t\t\t<\/div>\n\n\t\n\n\t<div id=\"col-328837489\" class=\"col medium-4 small-12 large-4\"  >\n\t\t\t\t<div class=\"col-inner\"  >\n\t\t\t\n\t\t\t\n\t<div class=\"box has-hover   has-hover box-text-bottom\" >\n\n\t\t<div class=\"box-image\" >\n\t\t\t\t\t\t<div class=\"image-zoom\" >\n\t\t\t\t<img decoding=\"async\" width=\"509\" height=\"740\" src=\"https:\/\/ruishengglassco.com\/wp-content\/uploads\/2024\/07\/Electroplating-Glass_Bottle_for_Liquor_Spirits_round_green.webp\" class=\"attachment-original size-original\" alt=\"Garrafa de vidro galvanizada para bebidas alco\u00f3licas_round_green\" srcset=\"https:\/\/ruishengglassco.com\/wp-content\/uploads\/2024\/07\/Electroplating-Glass_Bottle_for_Liquor_Spirits_round_green.webp 509w, https:\/\/ruishengglassco.com\/wp-content\/uploads\/2024\/07\/Electroplating-Glass_Bottle_for_Liquor_Spirits_round_green-206x300.webp 206w\" sizes=\"(max-width: 509px) 100vw, 509px\" \/>\t\t\t\t\t\t\t\t\t\t\t<\/div>\n\t\t\t\t\t<\/div>\n\n\t\t<div class=\"box-text text-center\" >\n\t\t\t<div class=\"box-text-inner\">\n\t\t\t\t\n<h4>Versatilidade:<\/h4>\n<p>Nossas garrafas de vidro galvanizado s\u00e3o adequadas para muitos tipos de bebidas alco\u00f3licas, como u\u00edsque, vodca, rum e muito mais. Elas s\u00e3o uma op\u00e7\u00e3o de embalagem flex\u00edvel e atraente para v\u00e1rios produtos.<\/p>\n\t\t\t<\/div>\n\t\t<\/div>\n\t<\/div>\n\t\n\t\t<\/div>\n\t\t\t\t\t<\/div>\n\n\t\n<\/div>\n\t<div id=\"gap-391966514\" class=\"gap-element clearfix\" style=\"display:block; height:auto;\">\n\t\t\n<style>\n#gap-391966514 {\n  padding-top: 50px;\n}\n<\/style>\n\t<\/div>\n\t\n<div class=\"row\"  id=\"row-272217398\">\n\n\t<div id=\"col-1588333226\" class=\"col small-12 large-12\"  >\n\t\t\t\t<div class=\"col-inner\"  >\n\t\t\t\n\t\t\t\n<p style=\"text-align: center;\"><a class=\"button gradient\" data-fancybox=\"\" data-src=\"#hidden-CF7\">Entre em contato conosco<\/a><\/p>\n\t\t<\/div>\n\t\t\t\t\t<\/div>\n\n\t\n<\/div>\n\t\t<\/div>\n\n\t\t\n<style>\n#section_85464218 {\n  padding-top: 30px;\n  padding-bottom: 30px;\n  background-color: rgb(238, 238, 238);\n}\n<\/style>\n\t<\/section>\n\t\n\t<section class=\"section\" id=\"section_1225503858\">\n\t\t<div class=\"bg section-bg fill bg-fill  bg-loaded\" >\n\n\t\t\t\n\t\t\t\n\t\t\t\n\n\t\t<\/div>\n\n\t\t\n\n\t\t<div class=\"section-content relative\">\n\t\t\t\n<div class=\"row\"  id=\"row-1711025028\">\n\n\t<div id=\"col-882483145\" class=\"col small-12 large-12\"  >\n\t\t\t\t<div class=\"col-inner\"  >\n\t\t\t\n\t\t\t\n<h2 style=\"text-align: center;\">Vantagens da galvanoplastia em garrafas de vidro<\/h2>\n\t\t<\/div>\n\t\t\t\t\t<\/div>\n\n\t\n<\/div>\n\t<div id=\"gap-1607211175\" class=\"gap-element clearfix\" style=\"display:block; height:auto;\">\n\t\t\n<style>\n#gap-1607211175 {\n  padding-top: 30px;\n}\n<\/style>\n\t<\/div>\n\t\n<div class=\"row align-middle\"  id=\"row-618833088\">\n\n\t<div id=\"col-311590685\" class=\"col medium-6 small-12 large-6\"  >\n\t\t\t\t<div class=\"col-inner\"  >\n\t\t\t\n\t\t\t\n\t<div class=\"img has-hover x md-x lg-x y md-y lg-y\" id=\"image_1608354438\">\n\t\t\t\t\t\t\t\t<div class=\"img-inner image-zoom dark\" >\n\t\t\t<img decoding=\"async\" width=\"509\" height=\"740\" src=\"https:\/\/ruishengglassco.com\/wp-content\/uploads\/2024\/07\/Electroplating-Glass_Bottle_for_Liquor_Spirits_round_pink.webp\" class=\"attachment-original size-original\" alt=\"Garrafa de vidro de galvanoplastia para bebidas alco\u00f3licas_round_pink\" srcset=\"https:\/\/ruishengglassco.com\/wp-content\/uploads\/2024\/07\/Electroplating-Glass_Bottle_for_Liquor_Spirits_round_pink.webp 509w, https:\/\/ruishengglassco.com\/wp-content\/uploads\/2024\/07\/Electroplating-Glass_Bottle_for_Liquor_Spirits_round_pink-206x300.webp 206w\" sizes=\"(max-width: 509px) 100vw, 509px\" \/>\t\t\t\t\t\t\n\t\t\t\t\t<\/div>\n\t\t\t\t\t\t\t\t\n<style>\n#image_1608354438 {\n  width: 86%;\n}\n<\/style>\n\t<\/div>\n\t\n\t\t<\/div>\n\t\t\t\t\t<\/div>\n\n\t\n\n\t<div id=\"col-1723452877\" class=\"col medium-6 small-12 large-6\"  >\n\t\t\t\t<div class=\"col-inner\"  >\n\t\t\t\n\t\t\t\n\t<div id=\"text-1548089481\" class=\"text\">\n\t\t\n<ul>\n<li data-block-id=\"5aec3e87-4042-4874-accc-977c2c83e765\" data-pm-slice=\"1 1 &#091;&#093;\">Acabamento High-Gloss:<br \/>\nA galvanoplastia proporciona uma superf\u00edcie lustrosa e brilhante. Ela confere uma apar\u00eancia luxuosa \u00e0 garrafa.<\/li>\n<li data-block-id=\"5aec3e87-4042-4874-accc-977c2c83e765\" data-pm-slice=\"1 1 &#091;&#093;\">Variedade de cores:<br \/>\nO processo permite uma variedade de cores met\u00e1licas. Entre elas est\u00e3o ouro, prata e cromo.<\/li>\n<li data-block-id=\"5aec3e87-4042-4874-accc-977c2c83e765\" data-pm-slice=\"1 1 &#091;&#093;\">Padr\u00f5es decorativos:<br \/>\nA galvanoplastia pode adicionar desenhos e padr\u00f5es complexos, aprimorando o apelo visual e fazendo com que a garrafa se destaque nas prateleiras.<\/li>\n<li data-block-id=\"5aec3e87-4042-4874-accc-977c2c83e765\" data-pm-slice=\"1 1 &#091;&#093;\">Resist\u00eancia a arranh\u00f5es:<br \/>\nA camada galvanizada acrescenta prote\u00e7\u00e3o extra. Ela torna a garrafa mais resistente a arranh\u00f5es e desgaste.<\/li>\n<li data-block-id=\"5aec3e87-4042-4874-accc-977c2c83e765\" data-pm-slice=\"1 1 &#091;&#093;\">Resist\u00eancia \u00e0 corros\u00e3o:<br \/>\nO revestimento met\u00e1lico ajuda a proteger a garrafa do meio ambiente e de produtos qu\u00edmicos. Ele tamb\u00e9m ajuda a evitar a corros\u00e3o.<\/li>\n<\/ul>\n\t\t\n<style>\n#text-1548089481 {\n  font-size: 1rem;\n}\n<\/style>\n\t<\/div>\n\t\n\t\t<\/div>\n\t\t\t\t\t<\/div>\n\n\t\n<\/div>\n\t\t<\/div>\n\n\t\t\n<style>\n#section_1225503858 {\n  padding-top: 30px;\n  padding-bottom: 30px;\n}\n<\/style>\n\t<\/section>","protected":false},"excerpt":{"rendered":"<table>\n<thead>\n<tr>\n<th>Prazo<\/th>\n<th>Detalhes<\/th>\n<\/tr>\n<\/thead>\n<tbody>\n<tr>\n<td>Capacidade (ml):<\/td>\n<td>30-3000<\/td>\n<\/tr>\n<tr>\n<td>Material\uff1a<\/td>\n<td>Vidro<\/td>\n<\/tr>\n<tr>\n<td>Forma\uff1a<\/td>\n<td>C\u00edrculo, Quadrado, Oval<\/td>\n<\/tr>\n<tr>\n<td>Cor:<\/td>\n<td>Ouro, prata, vermelho, personalizado<\/td>\n<\/tr>\n<tr>\n<td>Produtos de embalagem<\/td>\n<td>V\u00e1rios esp\u00edritos<\/td>\n<\/tr>\n<\/tbody>\n<\/table>","protected":false},"featured_media":3828,"comment_status":"closed","ping_status":"closed","template":"","meta":[],"product_cat":[15],"class_list":{"0":"post-3824","1":"product","2":"type-product","3":"status-publish","4":"has-post-thumbnail","6":"product_cat-glass-liquor-spirit-bottles","8":"first","9":"instock","10":"shipping-taxable","11":"product-type-simple"},"yoast_head":"<!-- This site is optimized with the Yoast SEO plugin v22.0 - https:\/\/yoast.com\/wordpress\/plugins\/seo\/ -->\n<title>Electroplating Glass Bottles \uff5cLiquor Spirits Bottle Supplier<\/title>\n<meta name=\"description\" content=\"We are a glass bottle supplier from China. If you are looking for electroplating glass bottles for liquor spirits , please feel free to contact us!\" \/>\n<meta name=\"robots\" content=\"index, follow, max-snippet:-1, max-image-preview:large, max-video-preview:-1\" \/>\n<link rel=\"canonical\" href=\"https:\/\/ruishengglassco.com\/pt\/produto\/fornecedor-de-garrafas-de-vidro-para-galvanoplastia\" \/>\n<meta property=\"og:locale\" content=\"pt_BR\" \/>\n<meta property=\"og:type\" content=\"article\" \/>\n<meta property=\"og:title\" content=\"Electroplating Glass Bottles \uff5cLiquor Spirits Bottle Supplier\" \/>\n<meta property=\"og:description\" content=\"We are a glass bottle supplier from China. If you are looking for electroplating glass bottles for liquor spirits , please feel free to contact us!\" \/>\n<meta property=\"og:url\" content=\"https:\/\/ruishengglassco.com\/pt\/produto\/fornecedor-de-garrafas-de-vidro-para-galvanoplastia\" \/>\n<meta property=\"article:publisher\" content=\"https:\/\/www.facebook.com\/ruishengglassbottles\" \/>\n<meta property=\"article:modified_time\" content=\"2024-07-15T03:45:42+00:00\" \/>\n<meta property=\"og:image\" content=\"https:\/\/ruishengglassco.com\/wp-content\/uploads\/2024\/07\/Electroplating-Glass_Bottle_for_Liquor_Spirits_pink.webp\" \/>\n\t<meta property=\"og:image:width\" content=\"509\" \/>\n\t<meta property=\"og:image:height\" content=\"740\" \/>\n\t<meta property=\"og:image:type\" content=\"image\/webp\" \/>\n<meta name=\"twitter:card\" content=\"summary_large_image\" \/>\n<meta name=\"twitter:label1\" content=\"Est. tempo de leitura\" \/>\n\t<meta name=\"twitter:data1\" content=\"2 minutos\" \/>\n<script type=\"application\/ld+json\" class=\"yoast-schema-graph\">{\"@context\":\"https:\/\/schema.org\",\"@graph\":[{\"@type\":\"WebPage\",\"@id\":\"https:\/\/ruishengglassco.com\/product\/electroplating-glass-bottles-supplier\",\"url\":\"https:\/\/ruishengglassco.com\/product\/electroplating-glass-bottles-supplier\",\"name\":\"Electroplating Glass Bottles \uff5cLiquor Spirits Bottle Supplier\",\"isPartOf\":{\"@id\":\"https:\/\/ruishengglassco.com\/#website\"},\"datePublished\":\"2024-07-04T08:15:40+00:00\",\"dateModified\":\"2024-07-15T03:45:42+00:00\",\"description\":\"We are a glass bottle supplier from China. If you are looking for electroplating glass bottles for liquor spirits , please feel free to contact us!\",\"breadcrumb\":{\"@id\":\"https:\/\/ruishengglassco.com\/product\/electroplating-glass-bottles-supplier#breadcrumb\"},\"inLanguage\":\"pt-BR\",\"potentialAction\":[{\"@type\":\"ReadAction\",\"target\":[\"https:\/\/ruishengglassco.com\/product\/electroplating-glass-bottles-supplier\"]}]},{\"@type\":\"BreadcrumbList\",\"@id\":\"https:\/\/ruishengglassco.com\/product\/electroplating-glass-bottles-supplier#breadcrumb\",\"itemListElement\":[{\"@type\":\"ListItem\",\"position\":1,\"name\":\"Home\",\"item\":\"https:\/\/ruishengglassco.com\/\"},{\"@type\":\"ListItem\",\"position\":2,\"name\":\"Products\",\"item\":\"https:\/\/ruishengglassco.com\/products\"},{\"@type\":\"ListItem\",\"position\":3,\"name\":\"Electroplating Glass Bottle\"}]},{\"@type\":\"WebSite\",\"@id\":\"https:\/\/ruishengglassco.com\/#website\",\"url\":\"https:\/\/ruishengglassco.com\/\",\"name\":\"Ruisheng Glass\",\"description\":\"\",\"publisher\":{\"@id\":\"https:\/\/ruishengglassco.com\/#organization\"},\"potentialAction\":[{\"@type\":\"SearchAction\",\"target\":{\"@type\":\"EntryPoint\",\"urlTemplate\":\"https:\/\/ruishengglassco.com\/?s={search_term_string}\"},\"query-input\":\"required name=search_term_string\"}],\"inLanguage\":\"pt-BR\"},{\"@type\":\"Organization\",\"@id\":\"https:\/\/ruishengglassco.com\/#organization\",\"name\":\"Shandong Yuncheng Ruisheng Glass Co., Ltd\",\"url\":\"https:\/\/ruishengglassco.com\/\",\"logo\":{\"@type\":\"ImageObject\",\"inLanguage\":\"pt-BR\",\"@id\":\"https:\/\/ruishengglassco.com\/#\/schema\/logo\/image\/\",\"url\":\"https:\/\/ruishengglassco.com\/wp-content\/uploads\/2023\/09\/ruisheng_logo_icon.webp\",\"contentUrl\":\"https:\/\/ruishengglassco.com\/wp-content\/uploads\/2023\/09\/ruisheng_logo_icon.webp\",\"width\":400,\"height\":233,\"caption\":\"Shandong Yuncheng Ruisheng Glass Co., Ltd\"},\"image\":{\"@id\":\"https:\/\/ruishengglassco.com\/#\/schema\/logo\/image\/\"},\"sameAs\":[\"https:\/\/www.facebook.com\/ruishengglassbottles\",\"https:\/\/www.instagram.com\/Ruishengglassbottlewholesales\/\",\"https:\/\/www.youtube.com\/channel\/UCMmbMNGwsL-XrtjfSFLCdVQ\"]}]}<\/script>\n<!-- \/ Yoast SEO plugin. -->","yoast_head_json":{"title":"Electroplating Glass Bottles \uff5cLiquor Spirits Bottle Supplier","description":"We are a glass bottle supplier from China. If you are looking for electroplating glass bottles for liquor spirits , please feel free to contact us!","robots":{"index":"index","follow":"follow","max-snippet":"max-snippet:-1","max-image-preview":"max-image-preview:large","max-video-preview":"max-video-preview:-1"},"canonical":"https:\/\/ruishengglassco.com\/pt\/produto\/fornecedor-de-garrafas-de-vidro-para-galvanoplastia","og_locale":"pt_BR","og_type":"article","og_title":"Electroplating Glass Bottles \uff5cLiquor Spirits Bottle Supplier","og_description":"We are a glass bottle supplier from China. If you are looking for electroplating glass bottles for liquor spirits , please feel free to contact us!","og_url":"https:\/\/ruishengglassco.com\/pt\/produto\/fornecedor-de-garrafas-de-vidro-para-galvanoplastia","article_publisher":"https:\/\/www.facebook.com\/ruishengglassbottles","article_modified_time":"2024-07-15T03:45:42+00:00","og_image":[{"width":509,"height":740,"url":"https:\/\/ruishengglassco.com\/wp-content\/uploads\/2024\/07\/Electroplating-Glass_Bottle_for_Liquor_Spirits_pink.webp","type":"image\/webp"}],"twitter_card":"summary_large_image","twitter_misc":{"Est. tempo de leitura":"2 minutos"},"schema":{"@context":"https:\/\/schema.org","@graph":[{"@type":"WebPage","@id":"https:\/\/ruishengglassco.com\/product\/electroplating-glass-bottles-supplier","url":"https:\/\/ruishengglassco.com\/product\/electroplating-glass-bottles-supplier","name":"Electroplating Glass Bottles \uff5cLiquor Spirits Bottle Supplier","isPartOf":{"@id":"https:\/\/ruishengglassco.com\/#website"},"datePublished":"2024-07-04T08:15:40+00:00","dateModified":"2024-07-15T03:45:42+00:00","description":"We are a glass bottle supplier from China. If you are looking for electroplating glass bottles for liquor spirits , please feel free to contact us!","breadcrumb":{"@id":"https:\/\/ruishengglassco.com\/product\/electroplating-glass-bottles-supplier#breadcrumb"},"inLanguage":"pt-BR","potentialAction":[{"@type":"ReadAction","target":["https:\/\/ruishengglassco.com\/product\/electroplating-glass-bottles-supplier"]}]},{"@type":"BreadcrumbList","@id":"https:\/\/ruishengglassco.com\/product\/electroplating-glass-bottles-supplier#breadcrumb","itemListElement":[{"@type":"ListItem","position":1,"name":"Home","item":"https:\/\/ruishengglassco.com\/"},{"@type":"ListItem","position":2,"name":"Products","item":"https:\/\/ruishengglassco.com\/products"},{"@type":"ListItem","position":3,"name":"Electroplating Glass Bottle"}]},{"@type":"WebSite","@id":"https:\/\/ruishengglassco.com\/#website","url":"https:\/\/ruishengglassco.com\/","name":"Ruisheng Glass","description":"","publisher":{"@id":"https:\/\/ruishengglassco.com\/#organization"},"potentialAction":[{"@type":"SearchAction","target":{"@type":"EntryPoint","urlTemplate":"https:\/\/ruishengglassco.com\/?s={search_term_string}"},"query-input":"required name=search_term_string"}],"inLanguage":"pt-BR"},{"@type":"Organization","@id":"https:\/\/ruishengglassco.com\/#organization","name":"Shandong Yuncheng Ruisheng Glass Co., Ltd","url":"https:\/\/ruishengglassco.com\/","logo":{"@type":"ImageObject","inLanguage":"pt-BR","@id":"https:\/\/ruishengglassco.com\/#\/schema\/logo\/image\/","url":"https:\/\/ruishengglassco.com\/wp-content\/uploads\/2023\/09\/ruisheng_logo_icon.webp","contentUrl":"https:\/\/ruishengglassco.com\/wp-content\/uploads\/2023\/09\/ruisheng_logo_icon.webp","width":400,"height":233,"caption":"Shandong Yuncheng Ruisheng Glass Co., Ltd"},"image":{"@id":"https:\/\/ruishengglassco.com\/#\/schema\/logo\/image\/"},"sameAs":["https:\/\/www.facebook.com\/ruishengglassbottles","https:\/\/www.instagram.com\/Ruishengglassbottlewholesales\/","https:\/\/www.youtube.com\/channel\/UCMmbMNGwsL-XrtjfSFLCdVQ"]}]}},"_links":{"self":[{"href":"https:\/\/ruishengglassco.com\/pt\/wp-json\/wp\/v2\/product\/3824","targetHints":{"allow":["GET"]}}],"collection":[{"href":"https:\/\/ruishengglassco.com\/pt\/wp-json\/wp\/v2\/product"}],"about":[{"href":"https:\/\/ruishengglassco.com\/pt\/wp-json\/wp\/v2\/types\/product"}],"replies":[{"embeddable":true,"href":"https:\/\/ruishengglassco.com\/pt\/wp-json\/wp\/v2\/comments?post=3824"}],"wp:featuredmedia":[{"embeddable":true,"href":"https:\/\/ruishengglassco.com\/pt\/wp-json\/wp\/v2\/media\/3828"}],"wp:attachment":[{"href":"https:\/\/ruishengglassco.com\/pt\/wp-json\/wp\/v2\/media?parent=3824"}],"wp:term":[{"taxonomy":"product_cat","embeddable":true,"href":"https:\/\/ruishengglassco.com\/pt\/wp-json\/wp\/v2\/product_cat?post=3824"}],"curies":[{"name":"wp","href":"https:\/\/api.w.org\/{rel}","templated":true}]}}