{"id":5519,"date":"2026-02-02T14:46:52","date_gmt":"2026-02-02T06:46:52","guid":{"rendered":"https:\/\/ruishengglassco.com\/?page_id=5519"},"modified":"2026-02-28T10:55:42","modified_gmt":"2026-02-28T02:55:42","slug":"high-flint-vs-super-flint","status":"publish","type":"page","link":"https:\/\/ruishengglassco.com\/pt\/high-flint-vs-super-flint","title":{"rendered":"High Flint VS Super Flint"},"content":{"rendered":"<section class=\"section\" id=\"section_1895939994\">\n\t\t<div class=\"bg section-bg fill bg-fill  bg-loaded\" >\n\n\t\t\t\n\t\t\t\n\t\t\t\n\n\t\t<\/div>\n\n\t\t\n\n\t\t<div class=\"section-content relative\">\n\t\t\t\n<div class=\"row\"  id=\"row-281828786\">\n\n\t<div id=\"col-1912585087\" class=\"col small-12 large-12\"  >\n\t\t\t\t<div class=\"col-inner\"  >\n\t\t\t\n\t\t\t\n<h1 style=\"text-align: center;\">Super Flint vs. High Flint vs. Regular Flint - Ruisheng Glass<\/h1>\n<div style=\"overflow: auto;\">\n<table border=\"\u201d1\u2033\" width=\"\u201d3000px\u201d\" align=\"\u201dcenter\u201d\">\n<tbody>\n<tr>\n<td width=\"138\">Material de vidro<\/td>\n<td width=\"138\">Cor do vidro<\/td>\n<td width=\"138\">\u00cdndice de refra\u00e7\u00e3o<\/td>\n<td width=\"144\">Clareza\/Transpar\u00eancia<\/td>\n<td width=\"231\">Composi\u00e7\u00e3o<\/td>\n<td width=\"87\">Pre\u00e7o<\/td>\n<td width=\"138\">MOQ<\/td>\n<\/tr>\n<tr>\n<td width=\"138\">Super Flint (Flint extra)<\/td>\n<td width=\"138\">Cor super branca<\/td>\n<td width=\"138\">Alta<\/td>\n<td width=\"144\">Alta<\/td>\n<td width=\"231\">85%-90%-S\u00edlica, Soda, Cal 10%-15%Cullet<\/td>\n<td width=\"87\">Alta<\/td>\n<td width=\"138\">10000<\/td>\n<\/tr>\n<tr>\n<td width=\"138\">Alto Flint<\/td>\n<td width=\"138\">Cor branca<\/td>\n<td width=\"138\">M\u00e9dio<\/td>\n<td width=\"144\">M\u00e9dio<\/td>\n<td width=\"231\">80%-85%-S\u00edlica, Soda, Cal 15%-20% Cullet<\/td>\n<td width=\"87\">M\u00e9dio<\/td>\n<td width=\"138\">30000<\/td>\n<\/tr>\n<tr>\n<td width=\"138\">Flint normal (Flint normal)<\/td>\n<td width=\"138\">Branco com tom verde<\/td>\n<td width=\"138\">Baixa<\/td>\n<td width=\"144\">Baixa<\/td>\n<td width=\"231\">75%-80%-S\u00edlica, Soda, Cal 20%-25% Cullet<\/td>\n<td width=\"87\">Baixa<\/td>\n<td width=\"138\">30000<\/td>\n<\/tr>\n<\/tbody>\n<\/table>\n<\/div>\n\t\t<\/div>\n\t\t\t\t\t<\/div>\n\n\t\n<\/div>\n<div class=\"row align-middle\"  id=\"row-1766828392\">\n\n\t<div id=\"col-772415030\" class=\"col medium-6 small-12 large-6\"  >\n\t\t\t\t<div class=\"col-inner\"  >\n\t\t\t\n\t\t\t\n<p><strong>Vidro Super Flint<\/strong> tem uma cor mais pura e transparente, com um \u00edndice de refra\u00e7\u00e3o significativamente maior do que o do vidro comum. As garrafas acabadas feitas com esse material parecem mais cristalinas sob luz artificial e natural, dando uma apar\u00eancia geral visivelmente mais premium. Esse material \u00e9 mais caro do que os outros dois materiais. Os clientes de m\u00e9dio a alto padr\u00e3o tendem a preferir o Super Flint Glass. Esse material tamb\u00e9m \u00e9 <a href=\"https:\/\/ruishengglassco.com\/pt\/\" target=\"_blank\" rel=\"noopener\">Vidro Ruisheng<\/a>o principal produto e o principal material de vantagem da empresa.<\/p>\n<p><strong>Alto Flint<\/strong> atinge um bom equil\u00edbrio entre apar\u00eancia e custo. Esse material tem um pre\u00e7o moderado. \u00c9 adequado para produtos que exigem um certo grau de transpar\u00eancia do frasco, mas que n\u00e3o demandam um efeito visual m\u00e1ximo.<\/p>\n<p><strong>Regular Flint<\/strong> concentra-se mais no controle de custos, mas sua apar\u00eancia e transpar\u00eancia s\u00e3o relativamente limitadas. Esse material \u00e9 relativamente barato. \u00c9 adequado para necessidades de embalagens convencionais em que a apar\u00eancia n\u00e3o \u00e9 a principal preocupa\u00e7\u00e3o.<\/p>\n<a class=\"button primary is-pop\"  >\n    <span>Obter uma cota\u00e7\u00e3o<\/span>\n  <\/a>\n\n\t\t<\/div>\n\t\t\t\t\t<\/div>\n\n\t\n\n\t<div id=\"col-1092604497\" class=\"col medium-6 small-12 large-6\"  >\n\t\t\t\t<div class=\"col-inner\"  >\n\t\t\t\n\t\t\t\n\t<div class=\"img has-hover x md-x lg-x y md-y lg-y\" id=\"image_1622807125\">\n\t\t\t\t\t\t\t\t<div class=\"img-inner image-cover dark\" style=\"padding-top:89%;\">\n\t\t\t<img decoding=\"async\" width=\"1536\" height=\"2048\" src=\"https:\/\/ruishengglassco.com\/wp-content\/uploads\/2026\/02\/Super-Flint-VS-High-Flint-VS-Regular-Flint-Ruisheng-Glass.webp\" class=\"attachment-original size-original\" alt=\"Super Flint VS High Flint VS Regular Flint - Ruisheng Glass\" srcset=\"https:\/\/ruishengglassco.com\/wp-content\/uploads\/2026\/02\/Super-Flint-VS-High-Flint-VS-Regular-Flint-Ruisheng-Glass.webp 1536w, https:\/\/ruishengglassco.com\/wp-content\/uploads\/2026\/02\/Super-Flint-VS-High-Flint-VS-Regular-Flint-Ruisheng-Glass-225x300.webp 225w, https:\/\/ruishengglassco.com\/wp-content\/uploads\/2026\/02\/Super-Flint-VS-High-Flint-VS-Regular-Flint-Ruisheng-Glass-773x1030.webp 773w, https:\/\/ruishengglassco.com\/wp-content\/uploads\/2026\/02\/Super-Flint-VS-High-Flint-VS-Regular-Flint-Ruisheng-Glass-768x1024.webp 768w, https:\/\/ruishengglassco.com\/wp-content\/uploads\/2026\/02\/Super-Flint-VS-High-Flint-VS-Regular-Flint-Ruisheng-Glass-1152x1536.webp 1152w, https:\/\/ruishengglassco.com\/wp-content\/uploads\/2026\/02\/Super-Flint-VS-High-Flint-VS-Regular-Flint-Ruisheng-Glass-9x12.webp 9w, https:\/\/ruishengglassco.com\/wp-content\/uploads\/2026\/02\/Super-Flint-VS-High-Flint-VS-Regular-Flint-Ruisheng-Glass-800x1067.webp 800w\" sizes=\"(max-width: 1536px) 100vw, 1536px\" \/>\t\t\t\t\t\t\n\t\t\t\t\t<\/div>\n\t\t\t\t\t\t\t\t\n<style>\n#image_1622807125 {\n  width: 100%;\n}\n<\/style>\n\t<\/div>\n\t\n\t\t<\/div>\n\t\t\t\t\t<\/div>\n\n\t\n<\/div>\n<div class=\"row\"  id=\"row-1563845365\">\n\n\t<div id=\"col-869144972\" class=\"col medium-6 small-12 large-6\"  >\n\t\t\t\t<div class=\"col-inner\"  >\n\t\t\t\n\t\t\t\n\t<div class=\"img has-hover x md-x lg-x y md-y lg-y\" id=\"image_1741121287\">\n\t\t\t\t\t\t\t\t<div class=\"img-inner dark\" >\n\t\t\t<img decoding=\"async\" width=\"1000\" height=\"750\" src=\"https:\/\/ruishengglassco.com\/wp-content\/uploads\/2026\/02\/Super-Flint-vs-High-Flint-vs-normal-Flint.webp\" class=\"attachment-original size-original\" alt=\"Super-Flint vs. High-Flint vs. Normal-Flint\" srcset=\"https:\/\/ruishengglassco.com\/wp-content\/uploads\/2026\/02\/Super-Flint-vs-High-Flint-vs-normal-Flint.webp 1000w, https:\/\/ruishengglassco.com\/wp-content\/uploads\/2026\/02\/Super-Flint-vs-High-Flint-vs-normal-Flint-300x225.webp 300w, https:\/\/ruishengglassco.com\/wp-content\/uploads\/2026\/02\/Super-Flint-vs-High-Flint-vs-normal-Flint-768x576.webp 768w, https:\/\/ruishengglassco.com\/wp-content\/uploads\/2026\/02\/Super-Flint-vs-High-Flint-vs-normal-Flint-16x12.webp 16w, https:\/\/ruishengglassco.com\/wp-content\/uploads\/2026\/02\/Super-Flint-vs-High-Flint-vs-normal-Flint-800x600.webp 800w\" sizes=\"(max-width: 1000px) 100vw, 1000px\" \/>\t\t\t\t\t\t\n\t\t\t\t\t<\/div>\n\t\t\t\t\t\t\t\t\n<style>\n#image_1741121287 {\n  width: 100%;\n}\n<\/style>\n\t<\/div>\n\t\n\t\t<\/div>\n\t\t\t\t\t<\/div>\n\n\t\n\n\t<div id=\"col-2045632873\" class=\"col medium-6 small-12 large-6\"  >\n\t\t\t\t<div class=\"col-inner\"  >\n\t\t\t\n\t\t\t\n\t<div class=\"img has-hover x md-x lg-x y md-y lg-y\" id=\"image_221518419\">\n\t\t\t\t\t\t\t\t<div class=\"img-inner dark\" >\n\t\t\t<img decoding=\"async\" width=\"1000\" height=\"750\" src=\"https:\/\/ruishengglassco.com\/wp-content\/uploads\/2026\/02\/high-flint-vs-super-flint-bottom.webp\" class=\"attachment-original size-original\" alt=\"high-flint-vs-super-flint-bottom\" srcset=\"https:\/\/ruishengglassco.com\/wp-content\/uploads\/2026\/02\/high-flint-vs-super-flint-bottom.webp 1000w, https:\/\/ruishengglassco.com\/wp-content\/uploads\/2026\/02\/high-flint-vs-super-flint-bottom-300x225.webp 300w, https:\/\/ruishengglassco.com\/wp-content\/uploads\/2026\/02\/high-flint-vs-super-flint-bottom-768x576.webp 768w, https:\/\/ruishengglassco.com\/wp-content\/uploads\/2026\/02\/high-flint-vs-super-flint-bottom-16x12.webp 16w, https:\/\/ruishengglassco.com\/wp-content\/uploads\/2026\/02\/high-flint-vs-super-flint-bottom-800x600.webp 800w\" sizes=\"(max-width: 1000px) 100vw, 1000px\" \/>\t\t\t\t\t\t\n\t\t\t\t\t<\/div>\n\t\t\t\t\t\t\t\t\n<style>\n#image_221518419 {\n  width: 100%;\n}\n<\/style>\n\t<\/div>\n\t\n\t\t<\/div>\n\t\t\t\t\t<\/div>\n\n\t\n<\/div>\n\t\t<\/div>\n\n\t\t\n<style>\n#section_1895939994 {\n  padding-top: 30px;\n  padding-bottom: 30px;\n}\n<\/style>\n\t<\/section>","protected":false},"excerpt":{"rendered":"","protected":false},"author":10,"featured_media":0,"parent":0,"menu_order":0,"comment_status":"closed","ping_status":"closed","template":"page-blank.php","meta":{"footnotes":""},"class_list":["post-5519","page","type-page","status-publish","hentry"],"yoast_head":"<!-- This site is optimized with the Yoast SEO plugin v22.0 - https:\/\/yoast.com\/wordpress\/plugins\/seo\/ -->\n<title>Super Flint vs. High Flint vs. Regular Flint - Ruisheng Glass<\/title>\n<meta name=\"description\" content=\"Discover the differences between Super Flint, High Flint and Regular Flint glass at Ruisheng Glass. Super Flint offers higher clarity, purer color and premium appearance for high-end bottle packaging.\" \/>\n<meta name=\"robots\" content=\"index, follow, max-snippet:-1, max-image-preview:large, max-video-preview:-1\" \/>\n<link rel=\"canonical\" href=\"https:\/\/ruishengglassco.com\/pt\/high-flint-vs-super-flint\" \/>\n<meta property=\"og:locale\" content=\"pt_BR\" \/>\n<meta property=\"og:type\" content=\"article\" \/>\n<meta property=\"og:title\" content=\"Super Flint vs. High Flint vs. Regular Flint - Ruisheng Glass\" \/>\n<meta property=\"og:description\" content=\"Discover the differences between Super Flint, High Flint and Regular Flint glass at Ruisheng Glass. Super Flint offers higher clarity, purer color and premium appearance for high-end bottle packaging.\" \/>\n<meta property=\"og:url\" content=\"https:\/\/ruishengglassco.com\/pt\/high-flint-vs-super-flint\" \/>\n<meta property=\"article:publisher\" content=\"https:\/\/www.facebook.com\/ruishengglassbottles\" \/>\n<meta property=\"article:modified_time\" content=\"2026-02-28T02:55:42+00:00\" \/>\n<meta name=\"twitter:card\" content=\"summary_large_image\" \/>\n<meta name=\"twitter:label1\" content=\"Est. tempo de leitura\" \/>\n\t<meta name=\"twitter:data1\" content=\"2 minutos\" \/>\n<script type=\"application\/ld+json\" class=\"yoast-schema-graph\">{\"@context\":\"https:\/\/schema.org\",\"@graph\":[{\"@type\":\"WebPage\",\"@id\":\"https:\/\/ruishengglassco.com\/high-flint-vs-super-flint\",\"url\":\"https:\/\/ruishengglassco.com\/high-flint-vs-super-flint\",\"name\":\"Super Flint vs. High Flint vs. Regular Flint - Ruisheng Glass\",\"isPartOf\":{\"@id\":\"https:\/\/ruishengglassco.com\/#website\"},\"datePublished\":\"2026-02-02T06:46:52+00:00\",\"dateModified\":\"2026-02-28T02:55:42+00:00\",\"description\":\"Discover the differences between Super Flint, High Flint and Regular Flint glass at Ruisheng Glass. Super Flint offers higher clarity, purer color and premium appearance for high-end bottle packaging.\",\"breadcrumb\":{\"@id\":\"https:\/\/ruishengglassco.com\/high-flint-vs-super-flint#breadcrumb\"},\"inLanguage\":\"pt-BR\",\"potentialAction\":[{\"@type\":\"ReadAction\",\"target\":[\"https:\/\/ruishengglassco.com\/high-flint-vs-super-flint\"]}]},{\"@type\":\"BreadcrumbList\",\"@id\":\"https:\/\/ruishengglassco.com\/high-flint-vs-super-flint#breadcrumb\",\"itemListElement\":[{\"@type\":\"ListItem\",\"position\":1,\"name\":\"Home\",\"item\":\"https:\/\/ruishengglassco.com\/\"},{\"@type\":\"ListItem\",\"position\":2,\"name\":\"High Flint VS Super Flint\"}]},{\"@type\":\"WebSite\",\"@id\":\"https:\/\/ruishengglassco.com\/#website\",\"url\":\"https:\/\/ruishengglassco.com\/\",\"name\":\"Ruisheng Glass\",\"description\":\"\",\"publisher\":{\"@id\":\"https:\/\/ruishengglassco.com\/#organization\"},\"potentialAction\":[{\"@type\":\"SearchAction\",\"target\":{\"@type\":\"EntryPoint\",\"urlTemplate\":\"https:\/\/ruishengglassco.com\/?s={search_term_string}\"},\"query-input\":\"required name=search_term_string\"}],\"inLanguage\":\"pt-BR\"},{\"@type\":\"Organization\",\"@id\":\"https:\/\/ruishengglassco.com\/#organization\",\"name\":\"Shandong Yuncheng Ruisheng Glass Co., Ltd\",\"url\":\"https:\/\/ruishengglassco.com\/\",\"logo\":{\"@type\":\"ImageObject\",\"inLanguage\":\"pt-BR\",\"@id\":\"https:\/\/ruishengglassco.com\/#\/schema\/logo\/image\/\",\"url\":\"https:\/\/ruishengglassco.com\/wp-content\/uploads\/2023\/09\/ruisheng_logo_icon.webp\",\"contentUrl\":\"https:\/\/ruishengglassco.com\/wp-content\/uploads\/2023\/09\/ruisheng_logo_icon.webp\",\"width\":400,\"height\":233,\"caption\":\"Shandong Yuncheng Ruisheng Glass Co., Ltd\"},\"image\":{\"@id\":\"https:\/\/ruishengglassco.com\/#\/schema\/logo\/image\/\"},\"sameAs\":[\"https:\/\/www.facebook.com\/ruishengglassbottles\",\"https:\/\/www.instagram.com\/Ruishengglassbottlewholesales\/\",\"https:\/\/www.youtube.com\/channel\/UCMmbMNGwsL-XrtjfSFLCdVQ\"]}]}<\/script>\n<!-- \/ Yoast SEO plugin. -->","yoast_head_json":{"title":"Super Flint vs. High Flint vs. Regular Flint - Ruisheng Glass","description":"Discover the differences between Super Flint, High Flint and Regular Flint glass at Ruisheng Glass. Super Flint offers higher clarity, purer color and premium appearance for high-end bottle packaging.","robots":{"index":"index","follow":"follow","max-snippet":"max-snippet:-1","max-image-preview":"max-image-preview:large","max-video-preview":"max-video-preview:-1"},"canonical":"https:\/\/ruishengglassco.com\/pt\/high-flint-vs-super-flint","og_locale":"pt_BR","og_type":"article","og_title":"Super Flint vs. High Flint vs. Regular Flint - Ruisheng Glass","og_description":"Discover the differences between Super Flint, High Flint and Regular Flint glass at Ruisheng Glass. Super Flint offers higher clarity, purer color and premium appearance for high-end bottle packaging.","og_url":"https:\/\/ruishengglassco.com\/pt\/high-flint-vs-super-flint","article_publisher":"https:\/\/www.facebook.com\/ruishengglassbottles","article_modified_time":"2026-02-28T02:55:42+00:00","twitter_card":"summary_large_image","twitter_misc":{"Est. tempo de leitura":"2 minutos"},"schema":{"@context":"https:\/\/schema.org","@graph":[{"@type":"WebPage","@id":"https:\/\/ruishengglassco.com\/high-flint-vs-super-flint","url":"https:\/\/ruishengglassco.com\/high-flint-vs-super-flint","name":"Super Flint vs. High Flint vs. Regular Flint - Ruisheng Glass","isPartOf":{"@id":"https:\/\/ruishengglassco.com\/#website"},"datePublished":"2026-02-02T06:46:52+00:00","dateModified":"2026-02-28T02:55:42+00:00","description":"Discover the differences between Super Flint, High Flint and Regular Flint glass at Ruisheng Glass. Super Flint offers higher clarity, purer color and premium appearance for high-end bottle packaging.","breadcrumb":{"@id":"https:\/\/ruishengglassco.com\/high-flint-vs-super-flint#breadcrumb"},"inLanguage":"pt-BR","potentialAction":[{"@type":"ReadAction","target":["https:\/\/ruishengglassco.com\/high-flint-vs-super-flint"]}]},{"@type":"BreadcrumbList","@id":"https:\/\/ruishengglassco.com\/high-flint-vs-super-flint#breadcrumb","itemListElement":[{"@type":"ListItem","position":1,"name":"Home","item":"https:\/\/ruishengglassco.com\/"},{"@type":"ListItem","position":2,"name":"High Flint VS Super Flint"}]},{"@type":"WebSite","@id":"https:\/\/ruishengglassco.com\/#website","url":"https:\/\/ruishengglassco.com\/","name":"Ruisheng Glass","description":"","publisher":{"@id":"https:\/\/ruishengglassco.com\/#organization"},"potentialAction":[{"@type":"SearchAction","target":{"@type":"EntryPoint","urlTemplate":"https:\/\/ruishengglassco.com\/?s={search_term_string}"},"query-input":"required name=search_term_string"}],"inLanguage":"pt-BR"},{"@type":"Organization","@id":"https:\/\/ruishengglassco.com\/#organization","name":"Shandong Yuncheng Ruisheng Glass Co., Ltd","url":"https:\/\/ruishengglassco.com\/","logo":{"@type":"ImageObject","inLanguage":"pt-BR","@id":"https:\/\/ruishengglassco.com\/#\/schema\/logo\/image\/","url":"https:\/\/ruishengglassco.com\/wp-content\/uploads\/2023\/09\/ruisheng_logo_icon.webp","contentUrl":"https:\/\/ruishengglassco.com\/wp-content\/uploads\/2023\/09\/ruisheng_logo_icon.webp","width":400,"height":233,"caption":"Shandong Yuncheng Ruisheng Glass Co., Ltd"},"image":{"@id":"https:\/\/ruishengglassco.com\/#\/schema\/logo\/image\/"},"sameAs":["https:\/\/www.facebook.com\/ruishengglassbottles","https:\/\/www.instagram.com\/Ruishengglassbottlewholesales\/","https:\/\/www.youtube.com\/channel\/UCMmbMNGwsL-XrtjfSFLCdVQ"]}]}},"_links":{"self":[{"href":"https:\/\/ruishengglassco.com\/pt\/wp-json\/wp\/v2\/pages\/5519","targetHints":{"allow":["GET"]}}],"collection":[{"href":"https:\/\/ruishengglassco.com\/pt\/wp-json\/wp\/v2\/pages"}],"about":[{"href":"https:\/\/ruishengglassco.com\/pt\/wp-json\/wp\/v2\/types\/page"}],"author":[{"embeddable":true,"href":"https:\/\/ruishengglassco.com\/pt\/wp-json\/wp\/v2\/users\/10"}],"replies":[{"embeddable":true,"href":"https:\/\/ruishengglassco.com\/pt\/wp-json\/wp\/v2\/comments?post=5519"}],"version-history":[{"count":4,"href":"https:\/\/ruishengglassco.com\/pt\/wp-json\/wp\/v2\/pages\/5519\/revisions"}],"predecessor-version":[{"id":5661,"href":"https:\/\/ruishengglassco.com\/pt\/wp-json\/wp\/v2\/pages\/5519\/revisions\/5661"}],"wp:attachment":[{"href":"https:\/\/ruishengglassco.com\/pt\/wp-json\/wp\/v2\/media?parent=5519"}],"curies":[{"name":"wp","href":"https:\/\/api.w.org\/{rel}","templated":true}]}}