{"id":5481,"date":"2026-01-30T08:32:49","date_gmt":"2026-01-30T00:32:49","guid":{"rendered":"https:\/\/ruishengglassco.com\/?page_id=5481"},"modified":"2026-01-30T13:54:38","modified_gmt":"2026-01-30T05:54:38","slug":"servico-pos-venda","status":"publish","type":"page","link":"https:\/\/ruishengglassco.com\/pt\/servico-pos-venda","title":{"rendered":"Servi\u00e7o p\u00f3s-venda"},"content":{"rendered":"<section class=\"section\" id=\"section_434205134\">\n\t\t<div class=\"bg section-bg fill bg-fill  bg-loaded\" >\n\n\t\t\t\n\t\t\t\n\t\t\t\n\n\t\t<\/div>\n\n\t\t\n\n\t\t<div class=\"section-content relative\">\n\t\t\t\n<div class=\"row align-middle\"  id=\"row-100655206\">\n\n\t<div id=\"col-651854791\" class=\"col medium-6 small-12 large-6\"  >\n\t\t\t\t<div class=\"col-inner text-center\"  >\n\t\t\t\n\t\t\t\n<h1 style=\"text-align: center;\">Servi\u00e7o p\u00f3s-venda da Ruisheng Glass<\/h1>\n<p>Bem-vindo ao nosso centro de servi\u00e7os p\u00f3s-venda. A Ruisheng Glass tem o compromisso de fornecer aos clientes garrafas de licor de alta qualidade e oferecer suporte est\u00e1vel e confi\u00e1vel em todas as etapas de nossa coopera\u00e7\u00e3o. Desde a entrega do pedido at\u00e9 o uso subsequente, nossa equipe de p\u00f3s-venda far\u00e1 o acompanhamento imediato para garantir que seus problemas sejam resolvidos.<\/p>\n<p>Nossa garantia de servi\u00e7o: Nossa equipe de p\u00f3s-vendas \u00e9 formada por profissionais com muitos anos de experi\u00eancia no setor e est\u00e3o familiarizados com a coordena\u00e7\u00e3o log\u00edstica, a inspe\u00e7\u00e3o de qualidade e o suporte t\u00e9cnico. Com nosso profundo conhecimento do setor de embalagens de vidro, podemos lidar com efici\u00eancia com problemas comuns, como prote\u00e7\u00e3o de transporte, qualidade do produto e compatibilidade de uso, e fornecer solu\u00e7\u00f5es pr\u00e1ticas.<\/p>\n<a class=\"button primary is-pop\"  >\n    <span>Entre em contato com a Ruisheng Glass<\/span>\n  <\/a>\n\n\t\t<\/div>\n\t\t\t\t\t<\/div>\n\n\t\n\n\t<div id=\"col-1298650161\" class=\"col medium-6 small-12 large-6\"  >\n\t\t\t\t<div class=\"col-inner\"  >\n\t\t\t\n\t\t\t\n\t<div class=\"img has-hover x md-x lg-x y md-y lg-y\" id=\"image_122287122\">\n\t\t\t\t\t\t\t\t<div class=\"img-inner dark\" >\n\t\t\t<img decoding=\"async\" width=\"969\" height=\"969\" src=\"https:\/\/ruishengglassco.com\/wp-content\/uploads\/2024\/04\/glassbottle_design.webp\" class=\"attachment-original size-original\" alt=\"glassbottle_design\" srcset=\"https:\/\/ruishengglassco.com\/wp-content\/uploads\/2024\/04\/glassbottle_design.webp 969w, https:\/\/ruishengglassco.com\/wp-content\/uploads\/2024\/04\/glassbottle_design-300x300.webp 300w, https:\/\/ruishengglassco.com\/wp-content\/uploads\/2024\/04\/glassbottle_design-80x80.webp 80w, https:\/\/ruishengglassco.com\/wp-content\/uploads\/2024\/04\/glassbottle_design-768x768.webp 768w, https:\/\/ruishengglassco.com\/wp-content\/uploads\/2024\/04\/glassbottle_design-500x500.webp 500w, https:\/\/ruishengglassco.com\/wp-content\/uploads\/2024\/04\/glassbottle_design-800x800.webp 800w, https:\/\/ruishengglassco.com\/wp-content\/uploads\/2024\/04\/glassbottle_design-100x100.webp 100w\" sizes=\"(max-width: 969px) 100vw, 969px\" \/>\t\t\t\t\t\t\n\t\t\t\t\t<\/div>\n\t\t\t\t\t\t\t\t\n<style>\n#image_122287122 {\n  width: 100%;\n}\n<\/style>\n\t<\/div>\n\t\n\t\t<\/div>\n\t\t\t\t\t<\/div>\n\n\t\n<\/div>\n\t\t<\/div>\n\n\t\t\n<style>\n#section_434205134 {\n  padding-top: 30px;\n  padding-bottom: 30px;\n}\n<\/style>\n\t<\/section>\n\t\n\t<section class=\"section\" id=\"section_1132339073\">\n\t\t<div class=\"bg section-bg fill bg-fill  bg-loaded\" >\n\n\t\t\t\n\t\t\t\n\t\t\t\n\n\t\t<\/div>\n\n\t\t\n\n\t\t<div class=\"section-content relative\">\n\t\t\t\n<div class=\"row\"  id=\"row-1385482417\">\n\n\t<div id=\"col-2007214547\" class=\"col small-12 large-12\"  >\n\t\t\t\t<div class=\"col-inner\"  >\n\t\t\t\n\t\t\t\n<h2 style=\"text-align: center;\">Suporte abrangente, coopera\u00e7\u00e3o sem preocupa\u00e7\u00f5es<\/h2>\n\t\t<\/div>\n\t\t\t\t\t<\/div>\n\n\t\n<\/div>\n<div class=\"row\"  id=\"row-986740779\">\n\n\t<div id=\"col-290852369\" class=\"col medium-3 small-12 large-3\"  >\n\t\t\t\t<div class=\"col-inner\"  >\n\t\t\t\n\t\t\t\n\n\t\t<div class=\"icon-box featured-box icon-box-center text-center\"  >\n\t\t\t\t\t<div class=\"icon-box-img\" style=\"width: 60px\">\n\t\t\t\t<div class=\"icon\">\n\t\t\t\t\t<div class=\"icon-inner\" >\n\t\t\t\t\t\t<img decoding=\"async\" width=\"300\" height=\"300\" src=\"https:\/\/ruishengglassco.com\/wp-content\/uploads\/2026\/01\/support-300x300.png\" class=\"attachment-medium size-medium\" alt=\"\" srcset=\"https:\/\/ruishengglassco.com\/wp-content\/uploads\/2026\/01\/support-300x300.png 300w, https:\/\/ruishengglassco.com\/wp-content\/uploads\/2026\/01\/support-80x80.png 80w, https:\/\/ruishengglassco.com\/wp-content\/uploads\/2026\/01\/support-12x12.png 12w, https:\/\/ruishengglassco.com\/wp-content\/uploads\/2026\/01\/support-500x500.png 500w, https:\/\/ruishengglassco.com\/wp-content\/uploads\/2026\/01\/support-100x100.png 100w, https:\/\/ruishengglassco.com\/wp-content\/uploads\/2026\/01\/support.png 512w\" sizes=\"(max-width: 300px) 100vw, 300px\" \/>\t\t\t\t\t<\/div>\n\t\t\t\t<\/div>\n\t\t\t<\/div>\n\t\t\t\t<div class=\"icon-box-text last-reset\">\n\t\t\t\t\t\t\t\t\t\n<h3>Resposta r\u00e1pida 24 horas por dia<\/h3>\n<p>Durante os dias \u00fateis, suas consultas e coment\u00e1rios receber\u00e3o acompanhamento dedicado e respostas iniciais dentro de 24 horas, com prioridade para assuntos urgentes.<\/p>\n\t\t<\/div>\n\t<\/div>\n\t\n\t\n\t\t<\/div>\n\t\t\t\t\t<\/div>\n\n\t\n\n\t<div id=\"col-1154330003\" class=\"col medium-3 small-12 large-3\"  >\n\t\t\t\t<div class=\"col-inner\"  >\n\t\t\t\n\t\t\t\n\n\t\t<div class=\"icon-box featured-box icon-box-center text-center\"  >\n\t\t\t\t\t<div class=\"icon-box-img\" style=\"width: 60px\">\n\t\t\t\t<div class=\"icon\">\n\t\t\t\t\t<div class=\"icon-inner\" >\n\t\t\t\t\t\t<img decoding=\"async\" width=\"300\" height=\"300\" src=\"https:\/\/ruishengglassco.com\/wp-content\/uploads\/2026\/01\/professional-300x300.png\" class=\"attachment-medium size-medium\" alt=\"\" srcset=\"https:\/\/ruishengglassco.com\/wp-content\/uploads\/2026\/01\/professional-300x300.png 300w, https:\/\/ruishengglassco.com\/wp-content\/uploads\/2026\/01\/professional-80x80.png 80w, https:\/\/ruishengglassco.com\/wp-content\/uploads\/2026\/01\/professional-12x12.png 12w, https:\/\/ruishengglassco.com\/wp-content\/uploads\/2026\/01\/professional-500x500.png 500w, https:\/\/ruishengglassco.com\/wp-content\/uploads\/2026\/01\/professional-100x100.png 100w, https:\/\/ruishengglassco.com\/wp-content\/uploads\/2026\/01\/professional.png 512w\" sizes=\"(max-width: 300px) 100vw, 300px\" \/>\t\t\t\t\t<\/div>\n\t\t\t\t<\/div>\n\t\t\t<\/div>\n\t\t\t\t<div class=\"icon-box-text last-reset\">\n\t\t\t\t\t\t\t\t\t\n<h3>Solu\u00e7\u00f5es profissionais e eficientes<\/h3>\n<p>Seja por danos no transporte, defeitos de qualidade, consultas t\u00e9cnicas ou orienta\u00e7\u00f5es de uso, forneceremos solu\u00e7\u00f5es pr\u00e1ticas com base na situa\u00e7\u00e3o real - sem desculpas, sem atrasos.<\/p>\n\t\t<\/div>\n\t<\/div>\n\t\n\t\n\t\t<\/div>\n\t\t\t\t\t<\/div>\n\n\t\n\n\t<div id=\"col-1161540054\" class=\"col medium-3 small-12 large-3\"  >\n\t\t\t\t<div class=\"col-inner\"  >\n\t\t\t\n\t\t\t\n\n\t\t<div class=\"icon-box featured-box icon-box-center text-center\"  >\n\t\t\t\t\t<div class=\"icon-box-img\" style=\"width: 60px\">\n\t\t\t\t<div class=\"icon\">\n\t\t\t\t\t<div class=\"icon-inner\" >\n\t\t\t\t\t\t<img decoding=\"async\" width=\"300\" height=\"300\" src=\"https:\/\/ruishengglassco.com\/wp-content\/uploads\/2026\/01\/rfid-300x300.png\" class=\"attachment-medium size-medium\" alt=\"\" srcset=\"https:\/\/ruishengglassco.com\/wp-content\/uploads\/2026\/01\/rfid-300x300.png 300w, https:\/\/ruishengglassco.com\/wp-content\/uploads\/2026\/01\/rfid-80x80.png 80w, https:\/\/ruishengglassco.com\/wp-content\/uploads\/2026\/01\/rfid-12x12.png 12w, https:\/\/ruishengglassco.com\/wp-content\/uploads\/2026\/01\/rfid-500x500.png 500w, https:\/\/ruishengglassco.com\/wp-content\/uploads\/2026\/01\/rfid-100x100.png 100w, https:\/\/ruishengglassco.com\/wp-content\/uploads\/2026\/01\/rfid.png 512w\" sizes=\"(max-width: 300px) 100vw, 300px\" \/>\t\t\t\t\t<\/div>\n\t\t\t\t<\/div>\n\t\t\t<\/div>\n\t\t\t\t<div class=\"icon-box-text last-reset\">\n\t\t\t\t\t\t\t\t\t\n<h3>Servi\u00e7o de rastreamento de processo completo<\/h3>\n<p>Acompanharemos o processo de resolu\u00e7\u00e3o de problemas do in\u00edcio ao fim at\u00e9 que suas necessidades sejam totalmente atendidas, garantindo uma experi\u00eancia sem preocupa\u00e7\u00f5es em cada colabora\u00e7\u00e3o.<\/p>\n\t\t<\/div>\n\t<\/div>\n\t\n\t\n\t\t<\/div>\n\t\t\t\t\t<\/div>\n\n\t\n\n\t<div id=\"col-564479080\" class=\"col medium-3 small-12 large-3\"  >\n\t\t\t\t<div class=\"col-inner\"  >\n\t\t\t\n\t\t\t\n\n\t\t<div class=\"icon-box featured-box icon-box-center text-center\"  >\n\t\t\t\t\t<div class=\"icon-box-img\" style=\"width: 60px\">\n\t\t\t\t<div class=\"icon\">\n\t\t\t\t\t<div class=\"icon-inner\" >\n\t\t\t\t\t\t<img decoding=\"async\" width=\"300\" height=\"300\" src=\"https:\/\/ruishengglassco.com\/wp-content\/uploads\/2026\/01\/feedback-loop-300x300.png\" class=\"attachment-medium size-medium\" alt=\"\" srcset=\"https:\/\/ruishengglassco.com\/wp-content\/uploads\/2026\/01\/feedback-loop-300x300.png 300w, https:\/\/ruishengglassco.com\/wp-content\/uploads\/2026\/01\/feedback-loop-80x80.png 80w, https:\/\/ruishengglassco.com\/wp-content\/uploads\/2026\/01\/feedback-loop-12x12.png 12w, https:\/\/ruishengglassco.com\/wp-content\/uploads\/2026\/01\/feedback-loop-500x500.png 500w, https:\/\/ruishengglassco.com\/wp-content\/uploads\/2026\/01\/feedback-loop-100x100.png 100w, https:\/\/ruishengglassco.com\/wp-content\/uploads\/2026\/01\/feedback-loop.png 512w\" sizes=\"(max-width: 300px) 100vw, 300px\" \/>\t\t\t\t\t<\/div>\n\t\t\t\t<\/div>\n\t\t\t<\/div>\n\t\t\t\t<div class=\"icon-box-text last-reset\">\n\t\t\t\t\t\t\t\t\t\n<h3>Melhoria cont\u00ednua<\/h3>\n<p>Cada feedback \u00e9 muito importante para n\u00f3s. Analisaremos regularmente os problemas p\u00f3s-venda, otimizaremos continuamente a produ\u00e7\u00e3o, a embalagem, a log\u00edstica e o servi\u00e7o geral para melhorar continuamente sua experi\u00eancia de coopera\u00e7\u00e3o.<\/p>\n\t\t<\/div>\n\t<\/div>\n\t\n\t\n\t\t<\/div>\n\t\t\t\t\t<\/div>\n\n\t\n<\/div>\n<div class=\"row\"  id=\"row-2005476035\">\n\n\t<div id=\"col-214573597\" class=\"col small-12 large-12\"  >\n\t\t\t\t<div class=\"col-inner text-center\"  >\n\t\t\t\n\t\t\t\n<a class=\"button primary is-pop\"  >\n    <span>Entre em contato com a Ruisheng Glass<\/span>\n  <\/a>\n\n\t\t<\/div>\n\t\t\t\t\t<\/div>\n\n\t\n<\/div>\n\t\t<\/div>\n\n\t\t\n<style>\n#section_1132339073 {\n  padding-top: 30px;\n  padding-bottom: 30px;\n}\n<\/style>\n\t<\/section>\n\t\n\t<section class=\"section\" id=\"section_675660404\">\n\t\t<div class=\"bg section-bg fill bg-fill  bg-loaded\" >\n\n\t\t\t\n\t\t\t\n\t\t\t\n\n\t\t<\/div>\n\n\t\t\n\n\t\t<div class=\"section-content relative\">\n\t\t\t\n<div class=\"row\"  id=\"row-1364249727\">\n\n\t<div id=\"col-1149309823\" class=\"col small-12 large-12\"  >\n\t\t\t\t<div class=\"col-inner\"  >\n\t\t\t\n\t\t\t\n<h2 style=\"text-align: center;\">Principais servi\u00e7os p\u00f3s-venda: Embalagem, garantia e devolu\u00e7\u00e3o\/troca<\/h2>\n<h3>1. Sobre a embalagem<\/h3>\n<p>As garrafas de vidro s\u00e3o mais suscet\u00edveis a danos causados por colis\u00f5es e compress\u00e3o durante o transporte, por isso dedicamos um esfor\u00e7o extra \u00e0 embalagem.<\/p>\n<p>Dependendo do tamanho e da quantidade de garrafas, usamos divis\u00f3rias de espuma que absorvem choques, caixas de papel\u00e3o espesso e revestimentos internos individuais para proteger suas garrafas de vidro. Isso minimiza colis\u00f5es e abras\u00f5es, garantindo que suas garrafas de bebidas cheguem em perfeitas condi\u00e7\u00f5es.<\/p>\n<p>No envio real, tamb\u00e9m consideramos situa\u00e7\u00f5es incontrol\u00e1veis que podem ocorrer durante o transporte de longa dist\u00e2ncia, por isso estipulamos uma toler\u00e2ncia de quantidade de \u00b12% no pedido. Isso garante que, mesmo que um pequeno n\u00famero de garrafas seja danificado durante o transporte, isso n\u00e3o afetar\u00e1 o uso normal do cliente.<\/p>\n<h3>2. Sobre garantia e devolu\u00e7\u00f5es\/trocas<\/h3>\n<p>Sob condi\u00e7\u00f5es normais de uso e armazenamento, se as garrafas de vidro apresentarem defeitos de qualidade devido a processos de fabrica\u00e7\u00e3o ou materiais, como quebra da garrafa, espessura irregular, gargalos deformados ou veda\u00e7\u00e3o deficiente, forneceremos o suporte p\u00f3s-venda correspondente.<\/p>\n<p>Deve-se observar que os problemas causados por manuseio inadequado durante o transporte, armazenamento impr\u00f3prio, erro humano durante o uso ou desgaste normal geralmente n\u00e3o s\u00e3o cobertos pela garantia.<\/p>\n<p>Se encontrar algum dano \u00f3bvio, problemas de qualidade ou discrep\u00e2ncias na quantidade ao receber as garrafas de vidro, entre em contato conosco em at\u00e9 7 dias \u00fateis. Ser\u00e1 necess\u00e1rio fornecer o n\u00famero do seu pedido, informa\u00e7\u00f5es sobre o produto e fotos ou v\u00eddeos relevantes para que possamos entender e verificar rapidamente a situa\u00e7\u00e3o. Ap\u00f3s a confirma\u00e7\u00e3o, providenciaremos a substitui\u00e7\u00e3o, o reembolso ou outras solu\u00e7\u00f5es adequadas com base nas circunst\u00e2ncias reais para minimizar qualquer inconveniente.<\/p>\n<h3>3. Processo de servi\u00e7o p\u00f3s-venda da Ruisheng<\/h3>\n<ul>\n<li><strong>Recebimento e inspe\u00e7\u00e3o<\/strong><\/li>\n<\/ul>\n<p>Depois de receber as garrafas de vidro, recomendamos que voc\u00ea verifique rapidamente se h\u00e1 algum dano na embalagem externa, verifique a quantidade e verifique se houve algum dano durante o transporte. Se houver algum problema, informe-nos imediatamente e trataremos do assunto o mais r\u00e1pido poss\u00edvel.<\/p>\n<ul>\n<li><strong>Feedback do problema<\/strong><\/li>\n<\/ul>\n<p>Se notar alguma anormalidade nas garrafas de vidro, envie-nos as informa\u00e7\u00f5es do seu pedido e fotos ou v\u00eddeos n\u00edtidos para que possamos determinar a causa do problema.<\/p>\n<ul>\n<li><strong>Confirma\u00e7\u00e3o e solu\u00e7\u00e3o<\/strong><\/li>\n<\/ul>\n<p>Avaliaremos a situa\u00e7\u00e3o espec\u00edfica e nos comunicaremos com voc\u00ea para determinar a solu\u00e7\u00e3o mais adequada.<\/p>\n<ul>\n<li><strong>Acompanhamento<\/strong><\/li>\n<\/ul>\n<p>Depois que o problema for resolvido, faremos um acompanhamento para garantir que o cliente tenha recebido com sucesso o produto de substitui\u00e7\u00e3o ou a resolu\u00e7\u00e3o correspondente.<\/p>\n\t\t<\/div>\n\t\t\t\t\t<\/div>\n\n\t\n<\/div>\n\t\t<\/div>\n\n\t\t\n<style>\n#section_675660404 {\n  padding-top: 30px;\n  padding-bottom: 30px;\n}\n<\/style>\n\t<\/section>\n\t\n\t<section class=\"section\" id=\"section_793397044\">\n\t\t<div class=\"bg section-bg fill bg-fill  bg-loaded\" >\n\n\t\t\t\n\t\t\t\n\t\t\t\n\n\t\t<\/div>\n\n\t\t\n\n\t\t<div class=\"section-content relative\">\n\t\t\t\n<div class=\"row align-middle\"  id=\"row-1233119576\">\n\n\t<div id=\"col-1655139056\" class=\"col medium-3 small-12 large-3\"  >\n\t\t\t\t<div class=\"col-inner\"  >\n\t\t\t\n\t\t\t\n\t<div class=\"img has-hover x md-x lg-x y md-y lg-y\" id=\"image_1582585849\">\n\t\t\t\t\t\t\t\t<div class=\"img-inner dark\" >\n\t\t\t<img decoding=\"async\" width=\"512\" height=\"512\" src=\"https:\/\/ruishengglassco.com\/wp-content\/uploads\/2026\/01\/customer-service.png\" class=\"attachment-original size-original\" alt=\"atendimento ao cliente\" srcset=\"https:\/\/ruishengglassco.com\/wp-content\/uploads\/2026\/01\/customer-service.png 512w, https:\/\/ruishengglassco.com\/wp-content\/uploads\/2026\/01\/customer-service-300x300.png 300w, https:\/\/ruishengglassco.com\/wp-content\/uploads\/2026\/01\/customer-service-80x80.png 80w, https:\/\/ruishengglassco.com\/wp-content\/uploads\/2026\/01\/customer-service-12x12.png 12w, https:\/\/ruishengglassco.com\/wp-content\/uploads\/2026\/01\/customer-service-500x500.png 500w, https:\/\/ruishengglassco.com\/wp-content\/uploads\/2026\/01\/customer-service-100x100.png 100w\" sizes=\"(max-width: 512px) 100vw, 512px\" \/>\t\t\t\t\t\t\n\t\t\t\t\t<\/div>\n\t\t\t\t\t\t\t\t\n<style>\n#image_1582585849 {\n  width: 100%;\n}\n<\/style>\n\t<\/div>\n\t\n\t\t<\/div>\n\t\t\t\t\t<\/div>\n\n\t\n\n\t<div id=\"col-1999846936\" class=\"col medium-9 small-12 large-9\"  >\n\t\t\t\t<div class=\"col-inner text-center\"  >\n\t\t\t\n\t\t\t\n\t<div id=\"text-760286101\" class=\"text\">\n\t\t\n<h2><strong>Precisa de assist\u00eancia? Estamos \u00e0 sua disposi\u00e7\u00e3o 24 horas por dia, 7 dias por semana, todos os dias do ano.<\/strong><\/h2>\n\t\t\n<style>\n#text-760286101 {\n  font-size: 1.2rem;\n}\n<\/style>\n\t<\/div>\n\t\n\t<div id=\"gap-1273606169\" class=\"gap-element clearfix\" style=\"display:block; height:auto;\">\n\t\t\n<style>\n#gap-1273606169 {\n  padding-top: 30px;\n}\n<\/style>\n\t<\/div>\n\t\n\t<div id=\"text-2448976587\" class=\"text\">\n\t\t\n<p>Sua satisfa\u00e7\u00e3o \u00e9 importante para n\u00f3s. \u00c9 por isso que nosso suporte n\u00e3o termina ap\u00f3s a entrega. Com base em parcerias de longo prazo e confiabilidade, nossa equipe na China est\u00e1 sempre pronta para ajud\u00e1-lo sempre que precisar.<\/p>\n\t\t\n<style>\n#text-2448976587 {\n  font-size: 1rem;\n  text-align: left;\n}\n<\/style>\n\t<\/div>\n\t\n<a href=\"https:\/\/ruishengglassco.com\/pt\/perguntas-frequentes\/\" class=\"button primary is-outline is-xlarge is-pop\"  style=\"padding:0px 90px 0px 90px;\">\n    <span>Perguntas frequentes<\/span>\n  <\/a>\n\n<a class=\"button primary is-outline is-xlarge is-pop\"  >\n    <span>Entre em contato agora<\/span>\n  <\/a>\n\n\t\t<\/div>\n\t\t\t\t\t<\/div>\n\n\t\n<\/div>\n\t\t<\/div>\n\n\t\t\n<style>\n#section_793397044 {\n  padding-top: 30px;\n  padding-bottom: 30px;\n}\n<\/style>\n\t<\/section>","protected":false},"excerpt":{"rendered":"","protected":false},"author":10,"featured_media":0,"parent":0,"menu_order":0,"comment_status":"closed","ping_status":"closed","template":"page-blank.php","meta":{"footnotes":""},"class_list":["post-5481","page","type-page","status-publish","hentry"],"yoast_head":"<!-- This site is optimized with the Yoast SEO plugin v22.0 - https:\/\/yoast.com\/wordpress\/plugins\/seo\/ -->\n<title>Ruisheng Glass After-Sales Service<\/title>\n<meta name=\"description\" content=\"At Ruisheng Glass, we are committed to providing not only high-quality glass bottles but also reliable and professional support throughout your entire experience with us.\" \/>\n<meta name=\"robots\" content=\"index, follow, max-snippet:-1, max-image-preview:large, max-video-preview:-1\" \/>\n<link rel=\"canonical\" href=\"https:\/\/ruishengglassco.com\/pt\/servico-pos-venda\" \/>\n<meta property=\"og:locale\" content=\"pt_BR\" \/>\n<meta property=\"og:type\" content=\"article\" \/>\n<meta property=\"og:title\" content=\"Ruisheng Glass After-Sales Service\" \/>\n<meta property=\"og:description\" content=\"At Ruisheng Glass, we are committed to providing not only high-quality glass bottles but also reliable and professional support throughout your entire experience with us.\" \/>\n<meta property=\"og:url\" content=\"https:\/\/ruishengglassco.com\/pt\/servico-pos-venda\" \/>\n<meta property=\"article:publisher\" content=\"https:\/\/www.facebook.com\/ruishengglassbottles\" \/>\n<meta property=\"article:modified_time\" content=\"2026-01-30T05:54:38+00:00\" \/>\n<meta name=\"twitter:card\" content=\"summary_large_image\" \/>\n<script type=\"application\/ld+json\" class=\"yoast-schema-graph\">{\"@context\":\"https:\/\/schema.org\",\"@graph\":[{\"@type\":\"WebPage\",\"@id\":\"https:\/\/ruishengglassco.com\/after-sales-service\",\"url\":\"https:\/\/ruishengglassco.com\/after-sales-service\",\"name\":\"Ruisheng Glass After-Sales Service\",\"isPartOf\":{\"@id\":\"https:\/\/ruishengglassco.com\/#website\"},\"datePublished\":\"2026-01-30T00:32:49+00:00\",\"dateModified\":\"2026-01-30T05:54:38+00:00\",\"description\":\"At Ruisheng Glass, we are committed to providing not only high-quality glass bottles but also reliable and professional support throughout your entire experience with us.\",\"breadcrumb\":{\"@id\":\"https:\/\/ruishengglassco.com\/after-sales-service#breadcrumb\"},\"inLanguage\":\"pt-BR\",\"potentialAction\":[{\"@type\":\"ReadAction\",\"target\":[\"https:\/\/ruishengglassco.com\/after-sales-service\"]}]},{\"@type\":\"BreadcrumbList\",\"@id\":\"https:\/\/ruishengglassco.com\/after-sales-service#breadcrumb\",\"itemListElement\":[{\"@type\":\"ListItem\",\"position\":1,\"name\":\"Home\",\"item\":\"https:\/\/ruishengglassco.com\/\"},{\"@type\":\"ListItem\",\"position\":2,\"name\":\"After-Sales Service\"}]},{\"@type\":\"WebSite\",\"@id\":\"https:\/\/ruishengglassco.com\/#website\",\"url\":\"https:\/\/ruishengglassco.com\/\",\"name\":\"Ruisheng Glass\",\"description\":\"\",\"publisher\":{\"@id\":\"https:\/\/ruishengglassco.com\/#organization\"},\"potentialAction\":[{\"@type\":\"SearchAction\",\"target\":{\"@type\":\"EntryPoint\",\"urlTemplate\":\"https:\/\/ruishengglassco.com\/?s={search_term_string}\"},\"query-input\":\"required name=search_term_string\"}],\"inLanguage\":\"pt-BR\"},{\"@type\":\"Organization\",\"@id\":\"https:\/\/ruishengglassco.com\/#organization\",\"name\":\"Shandong Yuncheng Ruisheng Glass Co., Ltd\",\"url\":\"https:\/\/ruishengglassco.com\/\",\"logo\":{\"@type\":\"ImageObject\",\"inLanguage\":\"pt-BR\",\"@id\":\"https:\/\/ruishengglassco.com\/#\/schema\/logo\/image\/\",\"url\":\"https:\/\/ruishengglassco.com\/wp-content\/uploads\/2023\/09\/ruisheng_logo_icon.webp\",\"contentUrl\":\"https:\/\/ruishengglassco.com\/wp-content\/uploads\/2023\/09\/ruisheng_logo_icon.webp\",\"width\":400,\"height\":233,\"caption\":\"Shandong Yuncheng Ruisheng Glass Co., Ltd\"},\"image\":{\"@id\":\"https:\/\/ruishengglassco.com\/#\/schema\/logo\/image\/\"},\"sameAs\":[\"https:\/\/www.facebook.com\/ruishengglassbottles\",\"https:\/\/www.instagram.com\/Ruishengglassbottlewholesales\/\",\"https:\/\/www.youtube.com\/channel\/UCMmbMNGwsL-XrtjfSFLCdVQ\"]}]}<\/script>\n<!-- \/ Yoast SEO plugin. -->","yoast_head_json":{"title":"Ruisheng Glass After-Sales Service","description":"At Ruisheng Glass, we are committed to providing not only high-quality glass bottles but also reliable and professional support throughout your entire experience with us.","robots":{"index":"index","follow":"follow","max-snippet":"max-snippet:-1","max-image-preview":"max-image-preview:large","max-video-preview":"max-video-preview:-1"},"canonical":"https:\/\/ruishengglassco.com\/pt\/servico-pos-venda","og_locale":"pt_BR","og_type":"article","og_title":"Ruisheng Glass After-Sales Service","og_description":"At Ruisheng Glass, we are committed to providing not only high-quality glass bottles but also reliable and professional support throughout your entire experience with us.","og_url":"https:\/\/ruishengglassco.com\/pt\/servico-pos-venda","article_publisher":"https:\/\/www.facebook.com\/ruishengglassbottles","article_modified_time":"2026-01-30T05:54:38+00:00","twitter_card":"summary_large_image","schema":{"@context":"https:\/\/schema.org","@graph":[{"@type":"WebPage","@id":"https:\/\/ruishengglassco.com\/after-sales-service","url":"https:\/\/ruishengglassco.com\/after-sales-service","name":"Ruisheng Glass After-Sales Service","isPartOf":{"@id":"https:\/\/ruishengglassco.com\/#website"},"datePublished":"2026-01-30T00:32:49+00:00","dateModified":"2026-01-30T05:54:38+00:00","description":"At Ruisheng Glass, we are committed to providing not only high-quality glass bottles but also reliable and professional support throughout your entire experience with us.","breadcrumb":{"@id":"https:\/\/ruishengglassco.com\/after-sales-service#breadcrumb"},"inLanguage":"pt-BR","potentialAction":[{"@type":"ReadAction","target":["https:\/\/ruishengglassco.com\/after-sales-service"]}]},{"@type":"BreadcrumbList","@id":"https:\/\/ruishengglassco.com\/after-sales-service#breadcrumb","itemListElement":[{"@type":"ListItem","position":1,"name":"Home","item":"https:\/\/ruishengglassco.com\/"},{"@type":"ListItem","position":2,"name":"After-Sales Service"}]},{"@type":"WebSite","@id":"https:\/\/ruishengglassco.com\/#website","url":"https:\/\/ruishengglassco.com\/","name":"Ruisheng Glass","description":"","publisher":{"@id":"https:\/\/ruishengglassco.com\/#organization"},"potentialAction":[{"@type":"SearchAction","target":{"@type":"EntryPoint","urlTemplate":"https:\/\/ruishengglassco.com\/?s={search_term_string}"},"query-input":"required name=search_term_string"}],"inLanguage":"pt-BR"},{"@type":"Organization","@id":"https:\/\/ruishengglassco.com\/#organization","name":"Shandong Yuncheng Ruisheng Glass Co., Ltd","url":"https:\/\/ruishengglassco.com\/","logo":{"@type":"ImageObject","inLanguage":"pt-BR","@id":"https:\/\/ruishengglassco.com\/#\/schema\/logo\/image\/","url":"https:\/\/ruishengglassco.com\/wp-content\/uploads\/2023\/09\/ruisheng_logo_icon.webp","contentUrl":"https:\/\/ruishengglassco.com\/wp-content\/uploads\/2023\/09\/ruisheng_logo_icon.webp","width":400,"height":233,"caption":"Shandong Yuncheng Ruisheng Glass Co., Ltd"},"image":{"@id":"https:\/\/ruishengglassco.com\/#\/schema\/logo\/image\/"},"sameAs":["https:\/\/www.facebook.com\/ruishengglassbottles","https:\/\/www.instagram.com\/Ruishengglassbottlewholesales\/","https:\/\/www.youtube.com\/channel\/UCMmbMNGwsL-XrtjfSFLCdVQ"]}]}},"_links":{"self":[{"href":"https:\/\/ruishengglassco.com\/pt\/wp-json\/wp\/v2\/pages\/5481","targetHints":{"allow":["GET"]}}],"collection":[{"href":"https:\/\/ruishengglassco.com\/pt\/wp-json\/wp\/v2\/pages"}],"about":[{"href":"https:\/\/ruishengglassco.com\/pt\/wp-json\/wp\/v2\/types\/page"}],"author":[{"embeddable":true,"href":"https:\/\/ruishengglassco.com\/pt\/wp-json\/wp\/v2\/users\/10"}],"replies":[{"embeddable":true,"href":"https:\/\/ruishengglassco.com\/pt\/wp-json\/wp\/v2\/comments?post=5481"}],"version-history":[{"count":9,"href":"https:\/\/ruishengglassco.com\/pt\/wp-json\/wp\/v2\/pages\/5481\/revisions"}],"predecessor-version":[{"id":5495,"href":"https:\/\/ruishengglassco.com\/pt\/wp-json\/wp\/v2\/pages\/5481\/revisions\/5495"}],"wp:attachment":[{"href":"https:\/\/ruishengglassco.com\/pt\/wp-json\/wp\/v2\/media?parent=5481"}],"curies":[{"name":"wp","href":"https:\/\/api.w.org\/{rel}","templated":true}]}}