{"id":3970,"date":"2024-12-11T16:55:26","date_gmt":"2024-12-11T08:55:26","guid":{"rendered":"https:\/\/ruishengglassco.com\/?page_id=3970"},"modified":"2024-12-11T17:09:44","modified_gmt":"2024-12-11T09:09:44","slug":"politica-de-privacidade","status":"publish","type":"page","link":"https:\/\/ruishengglassco.com\/pt\/politica-de-privacidade","title":{"rendered":"Pol\u00edtica de privacidade"},"content":{"rendered":"<div>\u00daltima atualiza\u00e7\u00e3o em: [2024.12]<\/div>\n<div><\/div>\n<div>Obrigado por visitar a Ruisheng Glass Co. (doravante denominada \"n\u00f3s\", \"nosso\"). Valorizamos sua privacidade e temos o compromisso de proteger suas informa\u00e7\u00f5es pessoais. Esta pol\u00edtica de privacidade explica como coletamos, usamos, protegemos e compartilhamos suas informa\u00e7\u00f5es pessoais, bem como seus direitos relacionados ao usar nosso site (ruishengglassco.com).<\/div>\n<div><\/div>\n<div>1. Informa\u00e7\u00f5es que coletamos<\/div>\n<div>Quando voc\u00ea visita nosso site, podemos coletar os seguintes tipos de informa\u00e7\u00f5es:<\/div>\n<div><\/div>\n<div>Informa\u00e7\u00f5es pessoais:<\/div>\n<div>Nome<\/div>\n<div>Endere\u00e7o de e-mail<\/div>\n<div>N\u00famero de contato<\/div>\n<div>Endere\u00e7o<\/div>\n<div>Outras informa\u00e7\u00f5es que podem ser fornecidas ao preencher formul\u00e1rios ou interagir conosco<\/div>\n<div>Informa\u00e7\u00f5es n\u00e3o pessoais:<\/div>\n<div>Tipo de navegador<\/div>\n<div>Sistema operacional<\/div>\n<div>Endere\u00e7o IP<\/div>\n<div>Data e hora da visita<\/div>\n<div>P\u00e1ginas visitadas<\/div>\n<div>Informa\u00e7\u00f5es de geolocaliza\u00e7\u00e3o (se ativadas)<\/div>\n<div>Estat\u00edsticas de uso do site (por exemplo, dados coletados por meio de cookies)<\/div>\n<div>2. Uso de informa\u00e7\u00f5es<\/div>\n<div>As informa\u00e7\u00f5es que coletamos s\u00e3o usadas principalmente para as seguintes finalidades:<\/div>\n<div><\/div>\n<div>Fornecer e aprimorar servi\u00e7os: Fornecer a voc\u00ea uma melhor experi\u00eancia com produtos e servi\u00e7os.<\/div>\n<div>Suporte ao cliente: Responder \u00e0s suas perguntas e fornecer servi\u00e7o p\u00f3s-venda.<\/div>\n<div>Marketing e promo\u00e7\u00e3o: Enviar-lhe atualiza\u00e7\u00f5es relacionadas a nossos produtos, servi\u00e7os, promo\u00e7\u00f5es e not\u00edcias (se voc\u00ea optar por receb\u00ea-las).<\/div>\n<div>Requisitos legais e de conformidade: Cumprir as leis, os regulamentos e os padr\u00f5es do setor aplic\u00e1veis.<\/div>\n<div>3. Compartilhamento e divulga\u00e7\u00e3o de informa\u00e7\u00f5es<\/div>\n<div>Comprometemo-nos a n\u00e3o vender ou alugar suas informa\u00e7\u00f5es pessoais a terceiros sem o seu consentimento. Entretanto, podemos compartilhar suas informa\u00e7\u00f5es nas seguintes circunst\u00e2ncias:<\/div>\n<div><\/div>\n<div>Prestadores de servi\u00e7os terceirizados: Podemos trabalhar com parceiros terceirizados para fornecer suporte t\u00e9cnico, processamento de pagamentos, log\u00edstica e servi\u00e7os de entrega. Esses prestadores de servi\u00e7os acessar\u00e3o suas informa\u00e7\u00f5es somente quando necess\u00e1rio e dever\u00e3o cumprir os termos de prote\u00e7\u00e3o de privacidade.<\/div>\n<div>Exig\u00eancias legais: Podemos divulgar suas informa\u00e7\u00f5es se acreditarmos que a divulga\u00e7\u00e3o de suas informa\u00e7\u00f5es \u00e9 necess\u00e1ria para cumprir obriga\u00e7\u00f5es legais, responder a solicita\u00e7\u00f5es leg\u00edtimas do governo, aplicar nossos termos e condi\u00e7\u00f5es ou proteger nossos direitos, propriedade e seguran\u00e7a.<\/div>\n<div>4. Seguran\u00e7a de dados<\/div>\n<div>Tomamos medidas t\u00e9cnicas e administrativas razo\u00e1veis para proteger suas informa\u00e7\u00f5es pessoais contra perda, acesso n\u00e3o autorizado, divulga\u00e7\u00e3o, altera\u00e7\u00e3o ou destrui\u00e7\u00e3o. Entretanto, observe que nenhum processo de transmiss\u00e3o de informa\u00e7\u00f5es ou armazenamento on-line pode ser totalmente seguro. Portanto, n\u00e3o podemos garantir a seguran\u00e7a absoluta dos dados durante a transmiss\u00e3o.<\/div>\n<div><\/div>\n<div>5. Cookies e tecnologias de rastreamento<\/div>\n<div>Nosso site usa cookies e outras tecnologias semelhantes para aprimorar sua experi\u00eancia. Essas tecnologias nos ajudam a coletar e armazenar dados sobre seu comportamento de navega\u00e7\u00e3o para fornecer conte\u00fado e publicidade personalizados. Voc\u00ea pode desativar os cookies nas configura\u00e7\u00f5es do seu navegador, mas isso pode afetar sua experi\u00eancia com determinados recursos.<\/div>\n<div><\/div>\n<div>6. Sites de terceiros<\/div>\n<div>Nossa pol\u00edtica de privacidade se aplica somente ao site ruishengglassco.com. Nosso site pode conter links para sites de terceiros, e n\u00e3o somos respons\u00e1veis pelas pr\u00e1ticas de privacidade ou pelo conte\u00fado desses sites. Recomendamos que voc\u00ea consulte suas pol\u00edticas de privacidade ao visitar esses sites.<\/div>\n<div><\/div>\n<div>7. Privacidade das crian\u00e7as<\/div>\n<div>Nosso site n\u00e3o \u00e9 direcionado a crian\u00e7as com menos de 13 anos de idade. N\u00e3o coletamos intencionalmente informa\u00e7\u00f5es pessoais de crian\u00e7as com menos de 13 anos de idade. Se descobrirmos que tais informa\u00e7\u00f5es foram coletadas, tomaremos medidas para excluir os dados o mais r\u00e1pido poss\u00edvel.<\/div>\n<div><\/div>\n<div>8. Seus direitos<\/div>\n<div>De acordo com as leis de privacidade aplic\u00e1veis, voc\u00ea pode ter o direito de:<\/div>\n<div><\/div>\n<div>Acessar as informa\u00e7\u00f5es pessoais que mantemos sobre voc\u00ea.<\/div>\n<div><\/div>\n<div>Solicitar corre\u00e7\u00e3o ou atualiza\u00e7\u00e3o de suas informa\u00e7\u00f5es pessoais.<\/div>\n<div><\/div>\n<div>Solicitar a exclus\u00e3o de suas informa\u00e7\u00f5es pessoais.<\/div>\n<div><\/div>\n<div>Recusar nosso uso de determinados dados ou retirar o consentimento.<\/div>\n<div>Se desejar exercer os direitos acima, entre em contato conosco da seguinte forma (consulte a Se\u00e7\u00e3o 9).<\/div>\n<div><\/div>\n<div>9. Entre em contato conosco<\/div>\n<div>Se tiver alguma d\u00favida sobre esta Pol\u00edtica de Privacidade ou quiser exercer seus direitos de privacidade, entre em contato conosco da seguinte forma:<\/div>\n<div><\/div>\n<div>Ruisheng Glass Co.<\/div>\n<div>E-mail: [<a href=\"mailto:sales@ruishengglassco.com\">sales@ruishengglassco.com<\/a>]<\/div>\n<div>Telefone: [+86 15865878888]<\/div>\n<div>Endere\u00e7o: [Parque Industrial de Vidro, Condado de Yuncheng, Heze, Prov\u00edncia de Shandong, China]<\/div>\n<div><\/div>\n<div>10. Atualiza\u00e7\u00f5es da Pol\u00edtica de Privacidade<\/div>\n<div>Podemos atualizar esta Pol\u00edtica de Privacidade de tempos em tempos. Quaisquer altera\u00e7\u00f5es ser\u00e3o notificadas ao usu\u00e1rio por meio da publica\u00e7\u00e3o da Pol\u00edtica de Privacidade atualizada nesta p\u00e1gina. Recomendamos que voc\u00ea reveja esta p\u00e1gina periodicamente para se manter informado sobre como estamos protegendo suas informa\u00e7\u00f5es.<\/div>","protected":false},"excerpt":{"rendered":"<p>\u00daltima atualiza\u00e7\u00e3o em: [2024.12] Obrigado por visitar a Ruisheng Glass Co. (doravante denominada \"n\u00f3s\", \"nosso\"). Valorizamos sua privacidade e temos o compromisso de proteger suas informa\u00e7\u00f5es pessoais. Esta pol\u00edtica de privacidade explica como coletamos, usamos, protegemos e compartilhamos suas informa\u00e7\u00f5es pessoais, bem como seus direitos relacionados ao usar nosso site (ruishengglassco.com). 1....<\/p>","protected":false},"author":8,"featured_media":0,"parent":0,"menu_order":0,"comment_status":"closed","ping_status":"closed","template":"","meta":{"footnotes":""},"class_list":["post-3970","page","type-page","status-publish","hentry"],"yoast_head":"<!-- This site is optimized with the Yoast SEO plugin v22.0 - https:\/\/yoast.com\/wordpress\/plugins\/seo\/ -->\n<title>Privacy Policy -<\/title>\n<meta name=\"robots\" content=\"index, follow, max-snippet:-1, max-image-preview:large, max-video-preview:-1\" \/>\n<link rel=\"canonical\" href=\"https:\/\/ruishengglassco.com\/pt\/politica-de-privacidade\" \/>\n<meta property=\"og:locale\" content=\"pt_BR\" \/>\n<meta property=\"og:type\" content=\"article\" \/>\n<meta property=\"og:title\" content=\"Privacy Policy -\" \/>\n<meta property=\"og:description\" content=\"Last updated on: [2024.12] Thank you for visiting Ruisheng Glass Co. (hereinafter referred to as &#8220;we&#8221;, &#8220;our&#8221;). We value your privacy and are committed to protecting your personal information. This privacy policy explains how we collect, use, protect and share your personal information, as well as your related rights when using our website (ruishengglassco.com). 1....\" \/>\n<meta property=\"og:url\" content=\"https:\/\/ruishengglassco.com\/pt\/politica-de-privacidade\" \/>\n<meta property=\"article:publisher\" content=\"https:\/\/www.facebook.com\/ruishengglassbottles\" \/>\n<meta property=\"article:modified_time\" content=\"2024-12-11T09:09:44+00:00\" \/>\n<meta name=\"twitter:card\" content=\"summary_large_image\" \/>\n<meta name=\"twitter:label1\" content=\"Est. tempo de leitura\" \/>\n\t<meta name=\"twitter:data1\" content=\"3 minutos\" \/>\n<script type=\"application\/ld+json\" class=\"yoast-schema-graph\">{\"@context\":\"https:\/\/schema.org\",\"@graph\":[{\"@type\":\"WebPage\",\"@id\":\"https:\/\/ruishengglassco.com\/privacy-policy\",\"url\":\"https:\/\/ruishengglassco.com\/privacy-policy\",\"name\":\"Privacy Policy -\",\"isPartOf\":{\"@id\":\"https:\/\/ruishengglassco.com\/#website\"},\"datePublished\":\"2024-12-11T08:55:26+00:00\",\"dateModified\":\"2024-12-11T09:09:44+00:00\",\"breadcrumb\":{\"@id\":\"https:\/\/ruishengglassco.com\/privacy-policy#breadcrumb\"},\"inLanguage\":\"pt-BR\",\"potentialAction\":[{\"@type\":\"ReadAction\",\"target\":[\"https:\/\/ruishengglassco.com\/privacy-policy\"]}]},{\"@type\":\"BreadcrumbList\",\"@id\":\"https:\/\/ruishengglassco.com\/privacy-policy#breadcrumb\",\"itemListElement\":[{\"@type\":\"ListItem\",\"position\":1,\"name\":\"Home\",\"item\":\"https:\/\/ruishengglassco.com\/\"},{\"@type\":\"ListItem\",\"position\":2,\"name\":\"Privacy Policy\"}]},{\"@type\":\"WebSite\",\"@id\":\"https:\/\/ruishengglassco.com\/#website\",\"url\":\"https:\/\/ruishengglassco.com\/\",\"name\":\"Ruisheng Glass\",\"description\":\"\",\"publisher\":{\"@id\":\"https:\/\/ruishengglassco.com\/#organization\"},\"potentialAction\":[{\"@type\":\"SearchAction\",\"target\":{\"@type\":\"EntryPoint\",\"urlTemplate\":\"https:\/\/ruishengglassco.com\/?s={search_term_string}\"},\"query-input\":\"required name=search_term_string\"}],\"inLanguage\":\"pt-BR\"},{\"@type\":\"Organization\",\"@id\":\"https:\/\/ruishengglassco.com\/#organization\",\"name\":\"Shandong Yuncheng Ruisheng Glass Co., Ltd\",\"url\":\"https:\/\/ruishengglassco.com\/\",\"logo\":{\"@type\":\"ImageObject\",\"inLanguage\":\"pt-BR\",\"@id\":\"https:\/\/ruishengglassco.com\/#\/schema\/logo\/image\/\",\"url\":\"https:\/\/ruishengglassco.com\/wp-content\/uploads\/2023\/09\/ruisheng_logo_icon.webp\",\"contentUrl\":\"https:\/\/ruishengglassco.com\/wp-content\/uploads\/2023\/09\/ruisheng_logo_icon.webp\",\"width\":400,\"height\":233,\"caption\":\"Shandong Yuncheng Ruisheng Glass Co., Ltd\"},\"image\":{\"@id\":\"https:\/\/ruishengglassco.com\/#\/schema\/logo\/image\/\"},\"sameAs\":[\"https:\/\/www.facebook.com\/ruishengglassbottles\",\"https:\/\/www.instagram.com\/Ruishengglassbottlewholesales\/\",\"https:\/\/www.youtube.com\/channel\/UCMmbMNGwsL-XrtjfSFLCdVQ\"]}]}<\/script>\n<!-- \/ Yoast SEO plugin. -->","yoast_head_json":{"title":"Privacy Policy -","robots":{"index":"index","follow":"follow","max-snippet":"max-snippet:-1","max-image-preview":"max-image-preview:large","max-video-preview":"max-video-preview:-1"},"canonical":"https:\/\/ruishengglassco.com\/pt\/politica-de-privacidade","og_locale":"pt_BR","og_type":"article","og_title":"Privacy Policy -","og_description":"Last updated on: [2024.12] Thank you for visiting Ruisheng Glass Co. (hereinafter referred to as &#8220;we&#8221;, &#8220;our&#8221;). We value your privacy and are committed to protecting your personal information. This privacy policy explains how we collect, use, protect and share your personal information, as well as your related rights when using our website (ruishengglassco.com). 1....","og_url":"https:\/\/ruishengglassco.com\/pt\/politica-de-privacidade","article_publisher":"https:\/\/www.facebook.com\/ruishengglassbottles","article_modified_time":"2024-12-11T09:09:44+00:00","twitter_card":"summary_large_image","twitter_misc":{"Est. tempo de leitura":"3 minutos"},"schema":{"@context":"https:\/\/schema.org","@graph":[{"@type":"WebPage","@id":"https:\/\/ruishengglassco.com\/privacy-policy","url":"https:\/\/ruishengglassco.com\/privacy-policy","name":"Privacy Policy -","isPartOf":{"@id":"https:\/\/ruishengglassco.com\/#website"},"datePublished":"2024-12-11T08:55:26+00:00","dateModified":"2024-12-11T09:09:44+00:00","breadcrumb":{"@id":"https:\/\/ruishengglassco.com\/privacy-policy#breadcrumb"},"inLanguage":"pt-BR","potentialAction":[{"@type":"ReadAction","target":["https:\/\/ruishengglassco.com\/privacy-policy"]}]},{"@type":"BreadcrumbList","@id":"https:\/\/ruishengglassco.com\/privacy-policy#breadcrumb","itemListElement":[{"@type":"ListItem","position":1,"name":"Home","item":"https:\/\/ruishengglassco.com\/"},{"@type":"ListItem","position":2,"name":"Privacy Policy"}]},{"@type":"WebSite","@id":"https:\/\/ruishengglassco.com\/#website","url":"https:\/\/ruishengglassco.com\/","name":"Ruisheng Glass","description":"","publisher":{"@id":"https:\/\/ruishengglassco.com\/#organization"},"potentialAction":[{"@type":"SearchAction","target":{"@type":"EntryPoint","urlTemplate":"https:\/\/ruishengglassco.com\/?s={search_term_string}"},"query-input":"required name=search_term_string"}],"inLanguage":"pt-BR"},{"@type":"Organization","@id":"https:\/\/ruishengglassco.com\/#organization","name":"Shandong Yuncheng Ruisheng Glass Co., Ltd","url":"https:\/\/ruishengglassco.com\/","logo":{"@type":"ImageObject","inLanguage":"pt-BR","@id":"https:\/\/ruishengglassco.com\/#\/schema\/logo\/image\/","url":"https:\/\/ruishengglassco.com\/wp-content\/uploads\/2023\/09\/ruisheng_logo_icon.webp","contentUrl":"https:\/\/ruishengglassco.com\/wp-content\/uploads\/2023\/09\/ruisheng_logo_icon.webp","width":400,"height":233,"caption":"Shandong Yuncheng Ruisheng Glass Co., Ltd"},"image":{"@id":"https:\/\/ruishengglassco.com\/#\/schema\/logo\/image\/"},"sameAs":["https:\/\/www.facebook.com\/ruishengglassbottles","https:\/\/www.instagram.com\/Ruishengglassbottlewholesales\/","https:\/\/www.youtube.com\/channel\/UCMmbMNGwsL-XrtjfSFLCdVQ"]}]}},"_links":{"self":[{"href":"https:\/\/ruishengglassco.com\/pt\/wp-json\/wp\/v2\/pages\/3970","targetHints":{"allow":["GET"]}}],"collection":[{"href":"https:\/\/ruishengglassco.com\/pt\/wp-json\/wp\/v2\/pages"}],"about":[{"href":"https:\/\/ruishengglassco.com\/pt\/wp-json\/wp\/v2\/types\/page"}],"author":[{"embeddable":true,"href":"https:\/\/ruishengglassco.com\/pt\/wp-json\/wp\/v2\/users\/8"}],"replies":[{"embeddable":true,"href":"https:\/\/ruishengglassco.com\/pt\/wp-json\/wp\/v2\/comments?post=3970"}],"version-history":[{"count":4,"href":"https:\/\/ruishengglassco.com\/pt\/wp-json\/wp\/v2\/pages\/3970\/revisions"}],"predecessor-version":[{"id":3976,"href":"https:\/\/ruishengglassco.com\/pt\/wp-json\/wp\/v2\/pages\/3970\/revisions\/3976"}],"wp:attachment":[{"href":"https:\/\/ruishengglassco.com\/pt\/wp-json\/wp\/v2\/media?parent=3970"}],"curies":[{"name":"wp","href":"https:\/\/api.w.org\/{rel}","templated":true}]}}