{"id":4232,"date":"2025-03-15T10:16:17","date_gmt":"2025-03-15T02:16:17","guid":{"rendered":"https:\/\/ruishengglassco.com\/?post_type=product&#038;p=4232"},"modified":"2025-03-15T10:16:18","modified_gmt":"2025-03-15T02:16:18","slug":"rs084-50ml-miniatuur-alcoholflessen-bulk-kopen","status":"publish","type":"product","link":"https:\/\/ruishengglassco.com\/nl\/product\/rs084-50ml-miniatuur-alcoholflessen-bulk-kopen","title":{"rendered":"RS084: 50ml Miniatuur Alcoholflessen Bulk Kopen"},"content":{"rendered":"<p>Ruisheng 50ml Miniatuur Alcohol Flessen Bulk is de belangrijkste productserie verkoop in Europese landen. die een duidelijke ronde vorm heeft, en geschikt voor likeur, whisky, brandy, wodka, gin, tequila, en andere alcoholische drank verpakking. We groothandel voornamelijk deze lege glazen flessen voor drank merken, bedrijven, glazen fles leveranciers, groothandelaren, supermarkten, en etc.<\/p>\n<p>Deze 50 ml minilikeurflessen zijn ook geschikt voor aangepaste glazen flessen. In deze aangepaste glazen fles service, kunt u op maat verschillende glazen fles vormen, zoals ronde vorm, vierkante vorm, stroomlijnen vorm, schedel vorm en etc. Verschillende glazen flessen hebben een inhoud van 50ml, 100ml, 250ml, 350ml, 500ml, 700ml, 750ml, 1000ml, 1,5L en andere. En we accepteren ook aangepaste private label en Logo Service. Wat je nodig hebt is wat we kunnen bieden!<\/p>\n<h2>Over 50ml Miniatuuralcoholflessen Bulk<\/h2>\n<ul>\n<li>Merk: RS<\/li>\n<li>Vorm: Rond of aangepast<\/li>\n<li>Materiaal: Hoog vuursteenglas<\/li>\n<li>Afdichtingstype: Guala doppen\/schroefdoppen\/kurken<\/li>\n<li>Kenmerken:  Milieuvriendelijk, 100% veilig voor de gezondheid, met SGS, TUV, ISO-certificaten<\/li>\n<\/ul>\n<p>Met een hoge kwaliteit en goede reputatie zijn onze lege minilikeurflessen ge\u00ebxporteerd naar de Verenigde Staten, Canada, Groot-Brittanni\u00eb, Frankrijk, Australi\u00eb, Argentini\u00eb, Zuid-Afrika, enz. Onze klanten gaven onze minilikeurflessen een hoge beoordeling en tekenden een koopcontract voor de lange termijn.<\/p>\n<p>Als je tevreden bent met deze 50ml likeurflessen, neem dan op tijd contact met me op. Als je het niet leuk vindt, kun je kijken naar onze andere flessen. Of ik geef je de catalogus, dan kun je kiezen wat je leuk vindt. Als je ge\u00efnteresseerd bent in onze hermetische flessen alcohol, neem dan contact met ons op. U krijgt binnen 24 uur antwoord.<\/p>","protected":false},"excerpt":{"rendered":"<table class=\"tg\">\n<tbody>\n<tr>\n<th class=\"tg-24i8\" colspan=\"2\">50ml Miniatuur Alcoholflessen Bulk<\/th>\n<\/tr>\n<tr>\n<td class=\"tg-b7b8\">Belangrijkste materiaal:<\/td>\n<td class=\"tg-b7b8\">Hoog vuursteenglas<\/td>\n<\/tr>\n<tr>\n<td class=\"tg-yw4l\">Pet:<\/td>\n<td class=\"tg-yw4l\">Guala doppen\/schroefdoppen\/kurken<\/td>\n<\/tr>\n<tr>\n<td class=\"tg-b7b8\">Verpakkingswijze<\/td>\n<td class=\"tg-b7b8\">Karton, Pallet, Karton en Pallet<\/td>\n<\/tr>\n<tr>\n<td class=\"tg-yw4l\">Functie:<\/td>\n<td class=\"tg-yw4l\">Milieuvriendelijk<\/td>\n<\/tr>\n<tr>\n<td class=\"tg-b7b8\">MOQ:<\/td>\n<td class=\"tg-b7b8\">10000 PCS<\/td>\n<\/tr>\n<tr>\n<td class=\"tg-yw4l\">Oorsprong van plaats:<\/td>\n<td class=\"tg-yw4l\">Shandong, China<\/td>\n<\/tr>\n<tr>\n<td class=\"tg-b7b8\">Pcs\/Ctn:<\/td>\n<td class=\"tg-b7b8\">24st<\/td>\n<\/tr>\n<tr>\n<td class=\"tg-yw4l\">Referentie:<\/td>\n<td class=\"tg-yw4l\">RS084<\/td>\n<\/tr>\n<tr>\n<td class=\"tg-b7b8\">Verzendwijze:<\/td>\n<td class=\"tg-b7b8\">Schip,Uitdrukkelijk<\/td>\n<\/tr>\n<tr>\n<td class=\"tg-yw4l\">OEM\/ODM:<\/td>\n<td class=\"tg-yw4l\">Welkom<\/td>\n<\/tr>\n<\/tbody>\n<\/table>","protected":false},"featured_media":4233,"comment_status":"closed","ping_status":"closed","template":"","meta":[],"product_cat":[48],"class_list":{"0":"post-4232","1":"product","2":"type-product","3":"status-publish","4":"has-post-thumbnail","6":"product_cat-50ml-mini-liquor-bottle-manufacturer","8":"first","9":"instock","10":"shipping-taxable","11":"product-type-simple"},"yoast_head":"<!-- This site is optimized with the Yoast SEO plugin v22.0 - https:\/\/yoast.com\/wordpress\/plugins\/seo\/ -->\n<title>50ml Miniature Alcohol Bottles Bulk | Empty Spirit Bottles Manufacturer<\/title>\n<meta name=\"description\" content=\"Ruisheng, a professional empty spirit bottles manufacturer, wholesale 50ml miniature alcohol bottles bulk in factory outlet price.\" \/>\n<meta name=\"robots\" content=\"index, follow, max-snippet:-1, max-image-preview:large, max-video-preview:-1\" \/>\n<link rel=\"canonical\" href=\"https:\/\/ruishengglassco.com\/nl\/product\/rs084-50ml-miniatuur-alcoholflessen-bulk-kopen\" \/>\n<meta property=\"og:locale\" content=\"nl_NL\" \/>\n<meta property=\"og:type\" content=\"article\" \/>\n<meta property=\"og:title\" content=\"50ml Miniature Alcohol Bottles Bulk | Empty Spirit Bottles Manufacturer\" \/>\n<meta property=\"og:description\" content=\"Ruisheng, a professional empty spirit bottles manufacturer, wholesale 50ml miniature alcohol bottles bulk in factory outlet price.\" \/>\n<meta property=\"og:url\" content=\"https:\/\/ruishengglassco.com\/nl\/product\/rs084-50ml-miniatuur-alcoholflessen-bulk-kopen\" \/>\n<meta property=\"article:publisher\" content=\"https:\/\/www.facebook.com\/ruishengglassbottles\" \/>\n<meta property=\"article:modified_time\" content=\"2025-03-15T02:16:18+00:00\" \/>\n<meta property=\"og:image\" content=\"https:\/\/ruishengglassco.com\/wp-content\/uploads\/2025\/03\/RS084-50ml-Miniature-Alcohol-Bottles-Bulk-Buy.webp\" \/>\n\t<meta property=\"og:image:width\" content=\"800\" \/>\n\t<meta property=\"og:image:height\" content=\"800\" \/>\n\t<meta property=\"og:image:type\" content=\"image\/webp\" \/>\n<meta name=\"twitter:card\" content=\"summary_large_image\" \/>\n<meta name=\"twitter:label1\" content=\"Geschatte leestijd\" \/>\n\t<meta name=\"twitter:data1\" content=\"2 minuten\" \/>\n<script type=\"application\/ld+json\" class=\"yoast-schema-graph\">{\"@context\":\"https:\/\/schema.org\",\"@graph\":[{\"@type\":\"WebPage\",\"@id\":\"https:\/\/ruishengglassco.com\/product\/rs084-50ml-miniature-alcohol-bottles-bulk-buy\",\"url\":\"https:\/\/ruishengglassco.com\/product\/rs084-50ml-miniature-alcohol-bottles-bulk-buy\",\"name\":\"50ml Miniature Alcohol Bottles Bulk | Empty Spirit Bottles Manufacturer\",\"isPartOf\":{\"@id\":\"https:\/\/ruishengglassco.com\/#website\"},\"datePublished\":\"2025-03-15T02:16:17+00:00\",\"dateModified\":\"2025-03-15T02:16:18+00:00\",\"description\":\"Ruisheng, a professional empty spirit bottles manufacturer, wholesale 50ml miniature alcohol bottles bulk in factory outlet price.\",\"breadcrumb\":{\"@id\":\"https:\/\/ruishengglassco.com\/product\/rs084-50ml-miniature-alcohol-bottles-bulk-buy#breadcrumb\"},\"inLanguage\":\"nl-NL\",\"potentialAction\":[{\"@type\":\"ReadAction\",\"target\":[\"https:\/\/ruishengglassco.com\/product\/rs084-50ml-miniature-alcohol-bottles-bulk-buy\"]}]},{\"@type\":\"BreadcrumbList\",\"@id\":\"https:\/\/ruishengglassco.com\/product\/rs084-50ml-miniature-alcohol-bottles-bulk-buy#breadcrumb\",\"itemListElement\":[{\"@type\":\"ListItem\",\"position\":1,\"name\":\"Home\",\"item\":\"https:\/\/ruishengglassco.com\/\"},{\"@type\":\"ListItem\",\"position\":2,\"name\":\"Products\",\"item\":\"https:\/\/ruishengglassco.com\/products\"},{\"@type\":\"ListItem\",\"position\":3,\"name\":\"RS084: 50ml Miniature Alcohol Bottles Bulk Buy\"}]},{\"@type\":\"WebSite\",\"@id\":\"https:\/\/ruishengglassco.com\/#website\",\"url\":\"https:\/\/ruishengglassco.com\/\",\"name\":\"Ruisheng Glass\",\"description\":\"\",\"publisher\":{\"@id\":\"https:\/\/ruishengglassco.com\/#organization\"},\"potentialAction\":[{\"@type\":\"SearchAction\",\"target\":{\"@type\":\"EntryPoint\",\"urlTemplate\":\"https:\/\/ruishengglassco.com\/?s={search_term_string}\"},\"query-input\":\"required name=search_term_string\"}],\"inLanguage\":\"nl-NL\"},{\"@type\":\"Organization\",\"@id\":\"https:\/\/ruishengglassco.com\/#organization\",\"name\":\"Shandong Yuncheng Ruisheng Glass Co., Ltd\",\"url\":\"https:\/\/ruishengglassco.com\/\",\"logo\":{\"@type\":\"ImageObject\",\"inLanguage\":\"nl-NL\",\"@id\":\"https:\/\/ruishengglassco.com\/#\/schema\/logo\/image\/\",\"url\":\"https:\/\/ruishengglassco.com\/wp-content\/uploads\/2023\/09\/ruisheng_logo_icon.webp\",\"contentUrl\":\"https:\/\/ruishengglassco.com\/wp-content\/uploads\/2023\/09\/ruisheng_logo_icon.webp\",\"width\":400,\"height\":233,\"caption\":\"Shandong Yuncheng Ruisheng Glass Co., Ltd\"},\"image\":{\"@id\":\"https:\/\/ruishengglassco.com\/#\/schema\/logo\/image\/\"},\"sameAs\":[\"https:\/\/www.facebook.com\/ruishengglassbottles\",\"https:\/\/www.instagram.com\/Ruishengglassbottlewholesales\/\",\"https:\/\/www.youtube.com\/channel\/UCMmbMNGwsL-XrtjfSFLCdVQ\"]}]}<\/script>\n<!-- \/ Yoast SEO plugin. -->","yoast_head_json":{"title":"50ml Miniature Alcohol Bottles Bulk | Empty Spirit Bottles Manufacturer","description":"Ruisheng, a professional empty spirit bottles manufacturer, wholesale 50ml miniature alcohol bottles bulk in factory outlet price.","robots":{"index":"index","follow":"follow","max-snippet":"max-snippet:-1","max-image-preview":"max-image-preview:large","max-video-preview":"max-video-preview:-1"},"canonical":"https:\/\/ruishengglassco.com\/nl\/product\/rs084-50ml-miniatuur-alcoholflessen-bulk-kopen","og_locale":"nl_NL","og_type":"article","og_title":"50ml Miniature Alcohol Bottles Bulk | Empty Spirit Bottles Manufacturer","og_description":"Ruisheng, a professional empty spirit bottles manufacturer, wholesale 50ml miniature alcohol bottles bulk in factory outlet price.","og_url":"https:\/\/ruishengglassco.com\/nl\/product\/rs084-50ml-miniatuur-alcoholflessen-bulk-kopen","article_publisher":"https:\/\/www.facebook.com\/ruishengglassbottles","article_modified_time":"2025-03-15T02:16:18+00:00","og_image":[{"width":800,"height":800,"url":"https:\/\/ruishengglassco.com\/wp-content\/uploads\/2025\/03\/RS084-50ml-Miniature-Alcohol-Bottles-Bulk-Buy.webp","type":"image\/webp"}],"twitter_card":"summary_large_image","twitter_misc":{"Geschatte leestijd":"2 minuten"},"schema":{"@context":"https:\/\/schema.org","@graph":[{"@type":"WebPage","@id":"https:\/\/ruishengglassco.com\/product\/rs084-50ml-miniature-alcohol-bottles-bulk-buy","url":"https:\/\/ruishengglassco.com\/product\/rs084-50ml-miniature-alcohol-bottles-bulk-buy","name":"50ml Miniature Alcohol Bottles Bulk | Empty Spirit Bottles Manufacturer","isPartOf":{"@id":"https:\/\/ruishengglassco.com\/#website"},"datePublished":"2025-03-15T02:16:17+00:00","dateModified":"2025-03-15T02:16:18+00:00","description":"Ruisheng, a professional empty spirit bottles manufacturer, wholesale 50ml miniature alcohol bottles bulk in factory outlet price.","breadcrumb":{"@id":"https:\/\/ruishengglassco.com\/product\/rs084-50ml-miniature-alcohol-bottles-bulk-buy#breadcrumb"},"inLanguage":"nl-NL","potentialAction":[{"@type":"ReadAction","target":["https:\/\/ruishengglassco.com\/product\/rs084-50ml-miniature-alcohol-bottles-bulk-buy"]}]},{"@type":"BreadcrumbList","@id":"https:\/\/ruishengglassco.com\/product\/rs084-50ml-miniature-alcohol-bottles-bulk-buy#breadcrumb","itemListElement":[{"@type":"ListItem","position":1,"name":"Home","item":"https:\/\/ruishengglassco.com\/"},{"@type":"ListItem","position":2,"name":"Products","item":"https:\/\/ruishengglassco.com\/products"},{"@type":"ListItem","position":3,"name":"RS084: 50ml Miniature Alcohol Bottles Bulk Buy"}]},{"@type":"WebSite","@id":"https:\/\/ruishengglassco.com\/#website","url":"https:\/\/ruishengglassco.com\/","name":"Ruisheng Glass","description":"","publisher":{"@id":"https:\/\/ruishengglassco.com\/#organization"},"potentialAction":[{"@type":"SearchAction","target":{"@type":"EntryPoint","urlTemplate":"https:\/\/ruishengglassco.com\/?s={search_term_string}"},"query-input":"required name=search_term_string"}],"inLanguage":"nl-NL"},{"@type":"Organization","@id":"https:\/\/ruishengglassco.com\/#organization","name":"Shandong Yuncheng Ruisheng Glass Co., Ltd","url":"https:\/\/ruishengglassco.com\/","logo":{"@type":"ImageObject","inLanguage":"nl-NL","@id":"https:\/\/ruishengglassco.com\/#\/schema\/logo\/image\/","url":"https:\/\/ruishengglassco.com\/wp-content\/uploads\/2023\/09\/ruisheng_logo_icon.webp","contentUrl":"https:\/\/ruishengglassco.com\/wp-content\/uploads\/2023\/09\/ruisheng_logo_icon.webp","width":400,"height":233,"caption":"Shandong Yuncheng Ruisheng Glass Co., Ltd"},"image":{"@id":"https:\/\/ruishengglassco.com\/#\/schema\/logo\/image\/"},"sameAs":["https:\/\/www.facebook.com\/ruishengglassbottles","https:\/\/www.instagram.com\/Ruishengglassbottlewholesales\/","https:\/\/www.youtube.com\/channel\/UCMmbMNGwsL-XrtjfSFLCdVQ"]}]}},"_links":{"self":[{"href":"https:\/\/ruishengglassco.com\/nl\/wp-json\/wp\/v2\/product\/4232","targetHints":{"allow":["GET"]}}],"collection":[{"href":"https:\/\/ruishengglassco.com\/nl\/wp-json\/wp\/v2\/product"}],"about":[{"href":"https:\/\/ruishengglassco.com\/nl\/wp-json\/wp\/v2\/types\/product"}],"replies":[{"embeddable":true,"href":"https:\/\/ruishengglassco.com\/nl\/wp-json\/wp\/v2\/comments?post=4232"}],"wp:featuredmedia":[{"embeddable":true,"href":"https:\/\/ruishengglassco.com\/nl\/wp-json\/wp\/v2\/media\/4233"}],"wp:attachment":[{"href":"https:\/\/ruishengglassco.com\/nl\/wp-json\/wp\/v2\/media?parent=4232"}],"wp:term":[{"taxonomy":"product_cat","embeddable":true,"href":"https:\/\/ruishengglassco.com\/nl\/wp-json\/wp\/v2\/product_cat?post=4232"}],"curies":[{"name":"wp","href":"https:\/\/api.w.org\/{rel}","templated":true}]}}