{"id":4228,"date":"2025-03-15T10:09:11","date_gmt":"2025-03-15T02:09:11","guid":{"rendered":"https:\/\/ruishengglassco.com\/?post_type=product&#038;p=4228"},"modified":"2025-07-17T14:00:46","modified_gmt":"2025-07-17T06:00:46","slug":"rs086-groothandel-70cl-ronde-whiskyfles-met-lange-hals-en-kurk","status":"publish","type":"product","link":"https:\/\/ruishengglassco.com\/nl\/product\/rs086-groothandel-70cl-ronde-whiskyfles-met-lange-hals-en-kurk","title":{"rendered":"RS086: 70cl ronde whiskyfles met lange hals en kurk"},"content":{"rendered":"<p><span data-preserver-spaces=\"true\">RS whisky flessen in bulk zijn 70cl en gemaakt van high-flint glas. Dit materiaal maakt de flessen helderder, sterker en gladder dan flessen van andere materialen. Ze <\/span><span data-preserver-spaces=\"true\">worden voornamelijk gebruikt<\/span><span data-preserver-spaces=\"true\"> voor sterke drank, whisky, wodka, dranken, water en andere vloeistoffen.<\/span><\/p>\n<p><span data-preserver-spaces=\"true\">Deze 70cl ronde whiskyflessen hebben een lange hals. We accepteren ook aangepaste glazen whiskyflessen. <\/span><span data-preserver-spaces=\"true\">Met deze aangepaste glazenflessenservice kun je <\/span><span data-preserver-spaces=\"true\">verschillende aanpassen<\/span><span data-preserver-spaces=\"true\"> glazen flesvormen, <\/span><span data-preserver-spaces=\"true\">zoals<\/span><span data-preserver-spaces=\"true\"> rond <\/span><span data-preserver-spaces=\"true\">vorm<\/span><span data-preserver-spaces=\"true\">vierkant <\/span><span data-preserver-spaces=\"true\">vorm<\/span><span data-preserver-spaces=\"true\">gestroomlijnd <\/span><span data-preserver-spaces=\"true\">vorm<\/span><span data-preserver-spaces=\"true\">schedel <\/span><span data-preserver-spaces=\"true\">vorm, enz.<\/span><span data-preserver-spaces=\"true\">.<\/span><span data-preserver-spaces=\"true\"> Verschillende glazen flessen hebben een inhoud van 50ml, 100ml, 250ml, 350ml, 500ml, 700ml, 750ml, 1000ml, 1,5 L en andere. <\/span><span data-preserver-spaces=\"true\">En we<\/span><span data-preserver-spaces=\"true\"> accepteren ook aangepaste huismerken en <\/span><span data-preserver-spaces=\"true\">Logo<\/span><span data-preserver-spaces=\"true\">.<\/span><span data-preserver-spaces=\"true\"> Wat jij nodig hebt, kunnen wij je bieden!<\/span><\/p>\n<h2><span data-preserver-spaces=\"true\">\u00a0<\/span><\/h2>\n<p><span style=\"font-size: 23.04px; color: #333333;\">Verkrijg informatie over de prijs van flessen whisky in bulk<\/span><\/p>\n<ul>\n<li>Naam: Glazen whisky flessen groothandel<\/li>\n<li>Land van herkomst\uff1aChina<\/li>\n<li>Belangrijkste materiaal: hoog vuursteenglas<\/li>\n<li>Kap: Kurk (we kunnen de dop veranderen in schroefdop als je dat nodig hebt)<\/li>\n<li>Referentie: RS086<\/li>\n<li>Aantal stuks: 1x 40\u2033 GP<\/li>\n<li>Inhoud: 700ml<\/li>\n<li>Verpakkingsmethode: De uitvoer standaardkarton\/Pallet\/uitvoer standaardkarton en pallet<\/li>\n<li>Oorsprong van de plaats: Shandong, China<\/li>\n<li>Eigenschap: Milieuvriendelijk<\/li>\n<\/ul>\n<p>Er zijn meer dan 500 werknemers in onze fabriek en ongeveer 30 QC-leden om de kwaliteit van glazen drinkflessen groothandel te controleren. Alle lege whiskyflessen worden ge\u00ebxporteerd nadat ze de QC hebben doorstaan.<\/p>\n<p>Daarnaast is er een groep bekwame technici die taken als flessentekeningen en etiketontwerp uitvoert en eventuele vragen tussen verkoop en klanten beantwoordt. Dankzij onze rijke ervaring hebben we een goede reputatie over de hele wereld.<\/p>\n<p>Onze belangrijkste producten zijn glazen flessen van topkwaliteit, zoals wodkaflessen, brandyflessen, whiskyflessen, likeurflessen, rumflessen enzovoort. We bieden ook amberkleurige glazen flessen, groene flessen en transparante flessen.<\/p>\n<p>Als je ge\u00efnteresseerd bent in onze 70cl ronde whiskyflessen met lange hals en deksels, neem dan contact met ons op. Als je glazen flessen op maat wilt laten maken, aarzel dan niet om contact met ons op te nemen. We ontvangen graag je vragen over de beste glazen whiskyflessen.<\/p>","protected":false},"excerpt":{"rendered":"<p>Ruisheng is een fabrikant van whiskyflessen met meer dan 10 jaar ervaring in de productie van glazen flessen. We maken glazen flessen van hoge kwaliteit voor likeur, whisky, brandy, wodka en meer. We hebben een fabriek die zich richt op het produceren van whiskyflessen. Onze whiskyfles wordt voornamelijk ge\u00ebxporteerd naar de VS, Groot-Brittanni\u00eb, Rusland, Australi\u00eb, enz. Als je ge\u00efnteresseerd bent in de prijzen van whiskyflessen in bulk, neem dan gerust contact met me op.<\/p>","protected":false},"featured_media":4229,"comment_status":"closed","ping_status":"closed","template":"","meta":[],"product_cat":[45,54],"class_list":{"0":"post-4228","1":"product","2":"type-product","3":"status-publish","4":"has-post-thumbnail","6":"product_cat-custom-glass-bottle","7":"product_cat-whiskey-bottle","9":"first","10":"instock","11":"shipping-taxable","12":"product-type-simple"},"yoast_head":"<!-- This site is optimized with the Yoast SEO plugin v22.0 - https:\/\/yoast.com\/wordpress\/plugins\/seo\/ -->\n<title>Bulk Whiskey Bottles Price | Custom Long Neck Glass Bottles-RS<\/title>\n<meta name=\"description\" content=\"Ruisheng, top liquor bottle manufacturer, custom long neck glass bottles for Whsikey, Brandy, Vodka, and other liquor. Get Bulk Whiskey Bottles Price Here.\" \/>\n<meta name=\"robots\" content=\"index, follow, max-snippet:-1, max-image-preview:large, max-video-preview:-1\" \/>\n<link rel=\"canonical\" href=\"https:\/\/ruishengglassco.com\/nl\/product\/rs086-groothandel-70cl-ronde-whiskyfles-met-lange-hals-en-kurk\" \/>\n<meta property=\"og:locale\" content=\"nl_NL\" \/>\n<meta property=\"og:type\" content=\"article\" \/>\n<meta property=\"og:title\" content=\"Bulk Whiskey Bottles Price | Custom Long Neck Glass Bottles-RS\" \/>\n<meta property=\"og:description\" content=\"Ruisheng, top liquor bottle manufacturer, custom long neck glass bottles for Whsikey, Brandy, Vodka, and other liquor. Get Bulk Whiskey Bottles Price Here.\" \/>\n<meta property=\"og:url\" content=\"https:\/\/ruishengglassco.com\/nl\/product\/rs086-groothandel-70cl-ronde-whiskyfles-met-lange-hals-en-kurk\" \/>\n<meta property=\"article:publisher\" content=\"https:\/\/www.facebook.com\/ruishengglassbottles\" \/>\n<meta property=\"article:modified_time\" content=\"2025-07-17T06:00:46+00:00\" \/>\n<meta property=\"og:image\" content=\"https:\/\/ruishengglassco.com\/wp-content\/uploads\/2025\/03\/RS086-Wholesale-70cl-Long-Neck-Round-Whiskey-Bottle-Corked.webp\" \/>\n\t<meta property=\"og:image:width\" content=\"400\" \/>\n\t<meta property=\"og:image:height\" content=\"400\" \/>\n\t<meta property=\"og:image:type\" content=\"image\/webp\" \/>\n<meta name=\"twitter:card\" content=\"summary_large_image\" \/>\n<meta name=\"twitter:label1\" content=\"Geschatte leestijd\" \/>\n\t<meta name=\"twitter:data1\" content=\"2 minuten\" \/>\n<script type=\"application\/ld+json\" class=\"yoast-schema-graph\">{\"@context\":\"https:\/\/schema.org\",\"@graph\":[{\"@type\":\"WebPage\",\"@id\":\"https:\/\/ruishengglassco.com\/product\/rs086-wholesale-70cl-long-neck-round-whiskey-bottle-corked\",\"url\":\"https:\/\/ruishengglassco.com\/product\/rs086-wholesale-70cl-long-neck-round-whiskey-bottle-corked\",\"name\":\"Bulk Whiskey Bottles Price | Custom Long Neck Glass Bottles-RS\",\"isPartOf\":{\"@id\":\"https:\/\/ruishengglassco.com\/#website\"},\"datePublished\":\"2025-03-15T02:09:11+00:00\",\"dateModified\":\"2025-07-17T06:00:46+00:00\",\"description\":\"Ruisheng, top liquor bottle manufacturer, custom long neck glass bottles for Whsikey, Brandy, Vodka, and other liquor. Get Bulk Whiskey Bottles Price Here.\",\"breadcrumb\":{\"@id\":\"https:\/\/ruishengglassco.com\/product\/rs086-wholesale-70cl-long-neck-round-whiskey-bottle-corked#breadcrumb\"},\"inLanguage\":\"nl-NL\",\"potentialAction\":[{\"@type\":\"ReadAction\",\"target\":[\"https:\/\/ruishengglassco.com\/product\/rs086-wholesale-70cl-long-neck-round-whiskey-bottle-corked\"]}]},{\"@type\":\"BreadcrumbList\",\"@id\":\"https:\/\/ruishengglassco.com\/product\/rs086-wholesale-70cl-long-neck-round-whiskey-bottle-corked#breadcrumb\",\"itemListElement\":[{\"@type\":\"ListItem\",\"position\":1,\"name\":\"Home\",\"item\":\"https:\/\/ruishengglassco.com\/\"},{\"@type\":\"ListItem\",\"position\":2,\"name\":\"Products\",\"item\":\"https:\/\/ruishengglassco.com\/products\"},{\"@type\":\"ListItem\",\"position\":3,\"name\":\"RS086: 70cl Long Neck Round Whiskey Bottle Corked\"}]},{\"@type\":\"WebSite\",\"@id\":\"https:\/\/ruishengglassco.com\/#website\",\"url\":\"https:\/\/ruishengglassco.com\/\",\"name\":\"Ruisheng Glass\",\"description\":\"\",\"publisher\":{\"@id\":\"https:\/\/ruishengglassco.com\/#organization\"},\"potentialAction\":[{\"@type\":\"SearchAction\",\"target\":{\"@type\":\"EntryPoint\",\"urlTemplate\":\"https:\/\/ruishengglassco.com\/?s={search_term_string}\"},\"query-input\":\"required name=search_term_string\"}],\"inLanguage\":\"nl-NL\"},{\"@type\":\"Organization\",\"@id\":\"https:\/\/ruishengglassco.com\/#organization\",\"name\":\"Shandong Yuncheng Ruisheng Glass Co., Ltd\",\"url\":\"https:\/\/ruishengglassco.com\/\",\"logo\":{\"@type\":\"ImageObject\",\"inLanguage\":\"nl-NL\",\"@id\":\"https:\/\/ruishengglassco.com\/#\/schema\/logo\/image\/\",\"url\":\"https:\/\/ruishengglassco.com\/wp-content\/uploads\/2023\/09\/ruisheng_logo_icon.webp\",\"contentUrl\":\"https:\/\/ruishengglassco.com\/wp-content\/uploads\/2023\/09\/ruisheng_logo_icon.webp\",\"width\":400,\"height\":233,\"caption\":\"Shandong Yuncheng Ruisheng Glass Co., Ltd\"},\"image\":{\"@id\":\"https:\/\/ruishengglassco.com\/#\/schema\/logo\/image\/\"},\"sameAs\":[\"https:\/\/www.facebook.com\/ruishengglassbottles\",\"https:\/\/www.instagram.com\/Ruishengglassbottlewholesales\/\",\"https:\/\/www.youtube.com\/channel\/UCMmbMNGwsL-XrtjfSFLCdVQ\"]}]}<\/script>\n<!-- \/ Yoast SEO plugin. -->","yoast_head_json":{"title":"Bulk Whiskey Bottles Price | Custom Long Neck Glass Bottles-RS","description":"Ruisheng, top liquor bottle manufacturer, custom long neck glass bottles for Whsikey, Brandy, Vodka, and other liquor. Get Bulk Whiskey Bottles Price Here.","robots":{"index":"index","follow":"follow","max-snippet":"max-snippet:-1","max-image-preview":"max-image-preview:large","max-video-preview":"max-video-preview:-1"},"canonical":"https:\/\/ruishengglassco.com\/nl\/product\/rs086-groothandel-70cl-ronde-whiskyfles-met-lange-hals-en-kurk","og_locale":"nl_NL","og_type":"article","og_title":"Bulk Whiskey Bottles Price | Custom Long Neck Glass Bottles-RS","og_description":"Ruisheng, top liquor bottle manufacturer, custom long neck glass bottles for Whsikey, Brandy, Vodka, and other liquor. Get Bulk Whiskey Bottles Price Here.","og_url":"https:\/\/ruishengglassco.com\/nl\/product\/rs086-groothandel-70cl-ronde-whiskyfles-met-lange-hals-en-kurk","article_publisher":"https:\/\/www.facebook.com\/ruishengglassbottles","article_modified_time":"2025-07-17T06:00:46+00:00","og_image":[{"width":400,"height":400,"url":"https:\/\/ruishengglassco.com\/wp-content\/uploads\/2025\/03\/RS086-Wholesale-70cl-Long-Neck-Round-Whiskey-Bottle-Corked.webp","type":"image\/webp"}],"twitter_card":"summary_large_image","twitter_misc":{"Geschatte leestijd":"2 minuten"},"schema":{"@context":"https:\/\/schema.org","@graph":[{"@type":"WebPage","@id":"https:\/\/ruishengglassco.com\/product\/rs086-wholesale-70cl-long-neck-round-whiskey-bottle-corked","url":"https:\/\/ruishengglassco.com\/product\/rs086-wholesale-70cl-long-neck-round-whiskey-bottle-corked","name":"Bulk Whiskey Bottles Price | Custom Long Neck Glass Bottles-RS","isPartOf":{"@id":"https:\/\/ruishengglassco.com\/#website"},"datePublished":"2025-03-15T02:09:11+00:00","dateModified":"2025-07-17T06:00:46+00:00","description":"Ruisheng, top liquor bottle manufacturer, custom long neck glass bottles for Whsikey, Brandy, Vodka, and other liquor. Get Bulk Whiskey Bottles Price Here.","breadcrumb":{"@id":"https:\/\/ruishengglassco.com\/product\/rs086-wholesale-70cl-long-neck-round-whiskey-bottle-corked#breadcrumb"},"inLanguage":"nl-NL","potentialAction":[{"@type":"ReadAction","target":["https:\/\/ruishengglassco.com\/product\/rs086-wholesale-70cl-long-neck-round-whiskey-bottle-corked"]}]},{"@type":"BreadcrumbList","@id":"https:\/\/ruishengglassco.com\/product\/rs086-wholesale-70cl-long-neck-round-whiskey-bottle-corked#breadcrumb","itemListElement":[{"@type":"ListItem","position":1,"name":"Home","item":"https:\/\/ruishengglassco.com\/"},{"@type":"ListItem","position":2,"name":"Products","item":"https:\/\/ruishengglassco.com\/products"},{"@type":"ListItem","position":3,"name":"RS086: 70cl Long Neck Round Whiskey Bottle Corked"}]},{"@type":"WebSite","@id":"https:\/\/ruishengglassco.com\/#website","url":"https:\/\/ruishengglassco.com\/","name":"Ruisheng Glass","description":"","publisher":{"@id":"https:\/\/ruishengglassco.com\/#organization"},"potentialAction":[{"@type":"SearchAction","target":{"@type":"EntryPoint","urlTemplate":"https:\/\/ruishengglassco.com\/?s={search_term_string}"},"query-input":"required name=search_term_string"}],"inLanguage":"nl-NL"},{"@type":"Organization","@id":"https:\/\/ruishengglassco.com\/#organization","name":"Shandong Yuncheng Ruisheng Glass Co., Ltd","url":"https:\/\/ruishengglassco.com\/","logo":{"@type":"ImageObject","inLanguage":"nl-NL","@id":"https:\/\/ruishengglassco.com\/#\/schema\/logo\/image\/","url":"https:\/\/ruishengglassco.com\/wp-content\/uploads\/2023\/09\/ruisheng_logo_icon.webp","contentUrl":"https:\/\/ruishengglassco.com\/wp-content\/uploads\/2023\/09\/ruisheng_logo_icon.webp","width":400,"height":233,"caption":"Shandong Yuncheng Ruisheng Glass Co., Ltd"},"image":{"@id":"https:\/\/ruishengglassco.com\/#\/schema\/logo\/image\/"},"sameAs":["https:\/\/www.facebook.com\/ruishengglassbottles","https:\/\/www.instagram.com\/Ruishengglassbottlewholesales\/","https:\/\/www.youtube.com\/channel\/UCMmbMNGwsL-XrtjfSFLCdVQ"]}]}},"_links":{"self":[{"href":"https:\/\/ruishengglassco.com\/nl\/wp-json\/wp\/v2\/product\/4228","targetHints":{"allow":["GET"]}}],"collection":[{"href":"https:\/\/ruishengglassco.com\/nl\/wp-json\/wp\/v2\/product"}],"about":[{"href":"https:\/\/ruishengglassco.com\/nl\/wp-json\/wp\/v2\/types\/product"}],"replies":[{"embeddable":true,"href":"https:\/\/ruishengglassco.com\/nl\/wp-json\/wp\/v2\/comments?post=4228"}],"wp:featuredmedia":[{"embeddable":true,"href":"https:\/\/ruishengglassco.com\/nl\/wp-json\/wp\/v2\/media\/4229"}],"wp:attachment":[{"href":"https:\/\/ruishengglassco.com\/nl\/wp-json\/wp\/v2\/media?parent=4228"}],"wp:term":[{"taxonomy":"product_cat","embeddable":true,"href":"https:\/\/ruishengglassco.com\/nl\/wp-json\/wp\/v2\/product_cat?post=4228"}],"curies":[{"name":"wp","href":"https:\/\/api.w.org\/{rel}","templated":true}]}}