{"id":4215,"date":"2025-03-15T09:50:03","date_gmt":"2025-03-15T01:50:03","guid":{"rendered":"https:\/\/ruishengglassco.com\/?post_type=product&#038;p=4215"},"modified":"2025-07-16T16:49:37","modified_gmt":"2025-07-16T08:49:37","slug":"rs094-750ml-tequila-schedelflessen-groothandel","status":"publish","type":"product","link":"https:\/\/ruishengglassco.com\/nl\/product\/rs094-750ml-tequila-schedelflessen-groothandel","title":{"rendered":"RS094: 750ml Tequila Schedelflessen Fabrikanten"},"content":{"rendered":"<p><span data-preserver-spaces=\"true\">750ml tequila schedel flessen groothandel of tequila schedel karaf <\/span><span data-preserver-spaces=\"true\">is<\/span><span data-preserver-spaces=\"true\"> gemaakt<\/span> <span data-preserver-spaces=\"true\">in<\/span><span data-preserver-spaces=\"true\"> Ruisheng Glazen Fles, een van de <\/span><span data-preserver-spaces=\"true\">grootste<\/span><span data-preserver-spaces=\"true\">\u00a0Chinese fabrikanten en leveranciers van glazen flessen.<\/span><\/p>\n<p><span data-preserver-spaces=\"true\">Deze tequila flessen <\/span><span data-preserver-spaces=\"true\">aannemen<\/span><span data-preserver-spaces=\"true\"> hoogwaardig flintglasmateriaal, waardoor het glas transparanter, helderder en gladder is. Ons bedrijf biedt schedellikeurflessen in verschillende maten: 750ml, 700ml, 100ml en meer. Je kunt kiezen uit verschillende kleuren, waaronder wit, zwart, blauw, groen, paars en transparant. We bieden ook een aangepaste glazen fles service.<\/span><\/p>\n<p><span data-preserver-spaces=\"true\">Dankzij onze uitgebreide ervaring hebben we wereldwijd een sterke reputatie.  Onze Kah tequila flessen zijn ge\u00ebxporteerd naar de Verenigde Staten, Groot-Brittanni\u00eb, Australi\u00eb, Frankrijk, Zuid-Afrika en vele andere landen en hebben een goede reputatie opgebouwd bij onze klanten.<\/span><\/p>\n<h2><strong><span data-preserver-spaces=\"true\">Over Tequila Schedel Flessen Fabrikanten<\/span><\/strong><\/h2>\n<ul>\n<li><span data-preserver-spaces=\"true\">Naam: 750ml Tequila Schedelfles<\/span><\/li>\n<li><span data-preserver-spaces=\"true\">Oorsprong van de plaats: Shandong, China<\/span><\/li>\n<li><span data-preserver-spaces=\"true\">Primair materiaal: Hoog vuursteen glas<\/span><\/li>\n<li><span data-preserver-spaces=\"true\">Dop: Kurk, Schroefdop<\/span><\/li>\n<li><strong><span data-preserver-spaces=\"true\">MOQ: 10000 PCS<\/span><\/strong><\/li>\n<li><span data-preserver-spaces=\"true\">Inhoud: 750 ml<\/span><\/li>\n<li><span data-preserver-spaces=\"true\">Pcs\/Ctn: 24st<\/span><\/li>\n<li><span data-preserver-spaces=\"true\">Eigenschap: Milieuvriendelijk<\/span><\/li>\n<\/ul>\n<p><span data-preserver-spaces=\"true\">Naast deze 750 ml kristallen schedel<\/span><span data-preserver-spaces=\"true\"> tequila fles, bieden we ook verschillende capaciteit lege glazen flessen voor likeur, vermouth, wodka, whisky, brandy, rum, gin en andere sterke dranken.<\/span><\/p>\n<p><span data-preserver-spaces=\"true\">Als je tevreden bent met deze heldere glazen fles, laat het me dan snel weten. Als je niet tevreden bent, kun je onze andere flessen bekijken. Of ik geef je de catalogus en<\/span> <span data-preserver-spaces=\"true\">je kunt kiezen wat je wilt. <\/span><span data-preserver-spaces=\"true\">Als je ge\u00efnteresseerd bent in onze hermetische flessen alcohol, <\/span><span data-preserver-spaces=\"true\">neem contact met ons op<\/span><span data-preserver-spaces=\"true\">.<\/span><span data-preserver-spaces=\"true\"> Je krijgt binnen 24 uur antwoord.<\/span><\/p>","protected":false},"excerpt":{"rendered":"<table>\n<colgroup>\n<col \/>\n<col \/><\/colgroup>\n<tbody>\n<tr>\n<th colspan=\"2\">750ml Tequila Schedelflessen Groothandel<\/th>\n<\/tr>\n<tr>\n<td>Belangrijkste materiaal:<\/td>\n<td>Hoog vuursteenglas<\/td>\n<\/tr>\n<tr>\n<td>Pet:<\/td>\n<td>Schroefdop<\/td>\n<\/tr>\n<tr>\n<td>Capaciteit:<\/td>\n<td>750ml<\/td>\n<\/tr>\n<tr>\n<td>Functie:<\/td>\n<td>Milieuvriendelijk<\/td>\n<\/tr>\n<tr>\n<td>MOQ:<\/td>\n<td>10000 PCS<\/td>\n<\/tr>\n<tr>\n<td>Verzendwijze:<\/td>\n<td>Schip,Uitdrukkelijk<\/td>\n<\/tr>\n<tr>\n<td>OEM\/ODM:<\/td>\n<td>Welkom<\/td>\n<\/tr>\n<tr>\n<td>Oorsprong van plaats:<\/td>\n<td>Shandong, China<\/td>\n<\/tr>\n<tr>\n<td>Pcs\/Ctn:<\/td>\n<td>24st<\/td>\n<\/tr>\n<\/tbody>\n<\/table>","protected":false},"featured_media":4216,"comment_status":"closed","ping_status":"closed","template":"","meta":[],"product_cat":[40,46],"class_list":{"0":"post-4215","1":"product","2":"type-product","3":"status-publish","4":"has-post-thumbnail","6":"product_cat-750ml-liquor-bottle-manufacturer","7":"product_cat-tequila-bottle","9":"first","10":"instock","11":"shipping-taxable","12":"product-type-simple"},"yoast_head":"<!-- This site is optimized with the Yoast SEO plugin v22.0 - https:\/\/yoast.com\/wordpress\/plugins\/seo\/ -->\n<title>750ml Tequila Skull Bottles Manufacturers | Custom Made Glass Bottle<\/title>\n<meta name=\"description\" content=\"Ruisheng, one of the largest glass bottle manufacturers and suppliers in China, sales different capacity tequila skull bottles wholesale in factory price.\" \/>\n<meta name=\"robots\" content=\"index, follow, max-snippet:-1, max-image-preview:large, max-video-preview:-1\" \/>\n<link rel=\"canonical\" href=\"https:\/\/ruishengglassco.com\/nl\/product\/rs094-750ml-tequila-schedelflessen-groothandel\" \/>\n<meta property=\"og:locale\" content=\"nl_NL\" \/>\n<meta property=\"og:type\" content=\"article\" \/>\n<meta property=\"og:title\" content=\"750ml Tequila Skull Bottles Manufacturers | Custom Made Glass Bottle\" \/>\n<meta property=\"og:description\" content=\"Ruisheng, one of the largest glass bottle manufacturers and suppliers in China, sales different capacity tequila skull bottles wholesale in factory price.\" \/>\n<meta property=\"og:url\" content=\"https:\/\/ruishengglassco.com\/nl\/product\/rs094-750ml-tequila-schedelflessen-groothandel\" \/>\n<meta property=\"article:publisher\" content=\"https:\/\/www.facebook.com\/ruishengglassbottles\" \/>\n<meta property=\"article:modified_time\" content=\"2025-07-16T08:49:37+00:00\" \/>\n<meta property=\"og:image\" content=\"https:\/\/ruishengglassco.com\/wp-content\/uploads\/2025\/03\/RS094-750ml-Tequila-Skull-Bottles-Wholesale.webp\" \/>\n\t<meta property=\"og:image:width\" content=\"500\" \/>\n\t<meta property=\"og:image:height\" content=\"500\" \/>\n\t<meta property=\"og:image:type\" content=\"image\/webp\" \/>\n<meta name=\"twitter:card\" content=\"summary_large_image\" \/>\n<meta name=\"twitter:label1\" content=\"Geschatte leestijd\" \/>\n\t<meta name=\"twitter:data1\" content=\"2 minuten\" \/>\n<script type=\"application\/ld+json\" class=\"yoast-schema-graph\">{\"@context\":\"https:\/\/schema.org\",\"@graph\":[{\"@type\":\"WebPage\",\"@id\":\"https:\/\/ruishengglassco.com\/product\/rs094-750ml-tequila-skull-bottles-wholesale\",\"url\":\"https:\/\/ruishengglassco.com\/product\/rs094-750ml-tequila-skull-bottles-wholesale\",\"name\":\"750ml Tequila Skull Bottles Manufacturers | Custom Made Glass Bottle\",\"isPartOf\":{\"@id\":\"https:\/\/ruishengglassco.com\/#website\"},\"datePublished\":\"2025-03-15T01:50:03+00:00\",\"dateModified\":\"2025-07-16T08:49:37+00:00\",\"description\":\"Ruisheng, one of the largest glass bottle manufacturers and suppliers in China, sales different capacity tequila skull bottles wholesale in factory price.\",\"breadcrumb\":{\"@id\":\"https:\/\/ruishengglassco.com\/product\/rs094-750ml-tequila-skull-bottles-wholesale#breadcrumb\"},\"inLanguage\":\"nl-NL\",\"potentialAction\":[{\"@type\":\"ReadAction\",\"target\":[\"https:\/\/ruishengglassco.com\/product\/rs094-750ml-tequila-skull-bottles-wholesale\"]}]},{\"@type\":\"BreadcrumbList\",\"@id\":\"https:\/\/ruishengglassco.com\/product\/rs094-750ml-tequila-skull-bottles-wholesale#breadcrumb\",\"itemListElement\":[{\"@type\":\"ListItem\",\"position\":1,\"name\":\"Home\",\"item\":\"https:\/\/ruishengglassco.com\/\"},{\"@type\":\"ListItem\",\"position\":2,\"name\":\"Products\",\"item\":\"https:\/\/ruishengglassco.com\/products\"},{\"@type\":\"ListItem\",\"position\":3,\"name\":\"RS094: 750ml Tequila Skull Bottles Manufacturers\"}]},{\"@type\":\"WebSite\",\"@id\":\"https:\/\/ruishengglassco.com\/#website\",\"url\":\"https:\/\/ruishengglassco.com\/\",\"name\":\"Ruisheng Glass\",\"description\":\"\",\"publisher\":{\"@id\":\"https:\/\/ruishengglassco.com\/#organization\"},\"potentialAction\":[{\"@type\":\"SearchAction\",\"target\":{\"@type\":\"EntryPoint\",\"urlTemplate\":\"https:\/\/ruishengglassco.com\/?s={search_term_string}\"},\"query-input\":\"required name=search_term_string\"}],\"inLanguage\":\"nl-NL\"},{\"@type\":\"Organization\",\"@id\":\"https:\/\/ruishengglassco.com\/#organization\",\"name\":\"Shandong Yuncheng Ruisheng Glass Co., Ltd\",\"url\":\"https:\/\/ruishengglassco.com\/\",\"logo\":{\"@type\":\"ImageObject\",\"inLanguage\":\"nl-NL\",\"@id\":\"https:\/\/ruishengglassco.com\/#\/schema\/logo\/image\/\",\"url\":\"https:\/\/ruishengglassco.com\/wp-content\/uploads\/2023\/09\/ruisheng_logo_icon.webp\",\"contentUrl\":\"https:\/\/ruishengglassco.com\/wp-content\/uploads\/2023\/09\/ruisheng_logo_icon.webp\",\"width\":400,\"height\":233,\"caption\":\"Shandong Yuncheng Ruisheng Glass Co., Ltd\"},\"image\":{\"@id\":\"https:\/\/ruishengglassco.com\/#\/schema\/logo\/image\/\"},\"sameAs\":[\"https:\/\/www.facebook.com\/ruishengglassbottles\",\"https:\/\/www.instagram.com\/Ruishengglassbottlewholesales\/\",\"https:\/\/www.youtube.com\/channel\/UCMmbMNGwsL-XrtjfSFLCdVQ\"]}]}<\/script>\n<!-- \/ Yoast SEO plugin. -->","yoast_head_json":{"title":"750ml Tequila Skull Bottles Manufacturers | Custom Made Glass Bottle","description":"Ruisheng, one of the largest glass bottle manufacturers and suppliers in China, sales different capacity tequila skull bottles wholesale in factory price.","robots":{"index":"index","follow":"follow","max-snippet":"max-snippet:-1","max-image-preview":"max-image-preview:large","max-video-preview":"max-video-preview:-1"},"canonical":"https:\/\/ruishengglassco.com\/nl\/product\/rs094-750ml-tequila-schedelflessen-groothandel","og_locale":"nl_NL","og_type":"article","og_title":"750ml Tequila Skull Bottles Manufacturers | Custom Made Glass Bottle","og_description":"Ruisheng, one of the largest glass bottle manufacturers and suppliers in China, sales different capacity tequila skull bottles wholesale in factory price.","og_url":"https:\/\/ruishengglassco.com\/nl\/product\/rs094-750ml-tequila-schedelflessen-groothandel","article_publisher":"https:\/\/www.facebook.com\/ruishengglassbottles","article_modified_time":"2025-07-16T08:49:37+00:00","og_image":[{"width":500,"height":500,"url":"https:\/\/ruishengglassco.com\/wp-content\/uploads\/2025\/03\/RS094-750ml-Tequila-Skull-Bottles-Wholesale.webp","type":"image\/webp"}],"twitter_card":"summary_large_image","twitter_misc":{"Geschatte leestijd":"2 minuten"},"schema":{"@context":"https:\/\/schema.org","@graph":[{"@type":"WebPage","@id":"https:\/\/ruishengglassco.com\/product\/rs094-750ml-tequila-skull-bottles-wholesale","url":"https:\/\/ruishengglassco.com\/product\/rs094-750ml-tequila-skull-bottles-wholesale","name":"750ml Tequila Skull Bottles Manufacturers | Custom Made Glass Bottle","isPartOf":{"@id":"https:\/\/ruishengglassco.com\/#website"},"datePublished":"2025-03-15T01:50:03+00:00","dateModified":"2025-07-16T08:49:37+00:00","description":"Ruisheng, one of the largest glass bottle manufacturers and suppliers in China, sales different capacity tequila skull bottles wholesale in factory price.","breadcrumb":{"@id":"https:\/\/ruishengglassco.com\/product\/rs094-750ml-tequila-skull-bottles-wholesale#breadcrumb"},"inLanguage":"nl-NL","potentialAction":[{"@type":"ReadAction","target":["https:\/\/ruishengglassco.com\/product\/rs094-750ml-tequila-skull-bottles-wholesale"]}]},{"@type":"BreadcrumbList","@id":"https:\/\/ruishengglassco.com\/product\/rs094-750ml-tequila-skull-bottles-wholesale#breadcrumb","itemListElement":[{"@type":"ListItem","position":1,"name":"Home","item":"https:\/\/ruishengglassco.com\/"},{"@type":"ListItem","position":2,"name":"Products","item":"https:\/\/ruishengglassco.com\/products"},{"@type":"ListItem","position":3,"name":"RS094: 750ml Tequila Skull Bottles Manufacturers"}]},{"@type":"WebSite","@id":"https:\/\/ruishengglassco.com\/#website","url":"https:\/\/ruishengglassco.com\/","name":"Ruisheng Glass","description":"","publisher":{"@id":"https:\/\/ruishengglassco.com\/#organization"},"potentialAction":[{"@type":"SearchAction","target":{"@type":"EntryPoint","urlTemplate":"https:\/\/ruishengglassco.com\/?s={search_term_string}"},"query-input":"required name=search_term_string"}],"inLanguage":"nl-NL"},{"@type":"Organization","@id":"https:\/\/ruishengglassco.com\/#organization","name":"Shandong Yuncheng Ruisheng Glass Co., Ltd","url":"https:\/\/ruishengglassco.com\/","logo":{"@type":"ImageObject","inLanguage":"nl-NL","@id":"https:\/\/ruishengglassco.com\/#\/schema\/logo\/image\/","url":"https:\/\/ruishengglassco.com\/wp-content\/uploads\/2023\/09\/ruisheng_logo_icon.webp","contentUrl":"https:\/\/ruishengglassco.com\/wp-content\/uploads\/2023\/09\/ruisheng_logo_icon.webp","width":400,"height":233,"caption":"Shandong Yuncheng Ruisheng Glass Co., Ltd"},"image":{"@id":"https:\/\/ruishengglassco.com\/#\/schema\/logo\/image\/"},"sameAs":["https:\/\/www.facebook.com\/ruishengglassbottles","https:\/\/www.instagram.com\/Ruishengglassbottlewholesales\/","https:\/\/www.youtube.com\/channel\/UCMmbMNGwsL-XrtjfSFLCdVQ"]}]}},"_links":{"self":[{"href":"https:\/\/ruishengglassco.com\/nl\/wp-json\/wp\/v2\/product\/4215","targetHints":{"allow":["GET"]}}],"collection":[{"href":"https:\/\/ruishengglassco.com\/nl\/wp-json\/wp\/v2\/product"}],"about":[{"href":"https:\/\/ruishengglassco.com\/nl\/wp-json\/wp\/v2\/types\/product"}],"replies":[{"embeddable":true,"href":"https:\/\/ruishengglassco.com\/nl\/wp-json\/wp\/v2\/comments?post=4215"}],"wp:featuredmedia":[{"embeddable":true,"href":"https:\/\/ruishengglassco.com\/nl\/wp-json\/wp\/v2\/media\/4216"}],"wp:attachment":[{"href":"https:\/\/ruishengglassco.com\/nl\/wp-json\/wp\/v2\/media?parent=4215"}],"wp:term":[{"taxonomy":"product_cat","embeddable":true,"href":"https:\/\/ruishengglassco.com\/nl\/wp-json\/wp\/v2\/product_cat?post=4215"}],"curies":[{"name":"wp","href":"https:\/\/api.w.org\/{rel}","templated":true}]}}