{"id":4211,"date":"2025-03-15T09:45:26","date_gmt":"2025-03-15T01:45:26","guid":{"rendered":"https:\/\/ruishengglassco.com\/?post_type=product&#038;p=4211"},"modified":"2025-07-16T16:37:18","modified_gmt":"2025-07-16T08:37:18","slug":"rs096-700ml-lege-gin-flessen-fabrikanten","status":"publish","type":"product","link":"https:\/\/ruishengglassco.com\/nl\/product\/rs096-700ml-lege-gin-flessen-fabrikanten","title":{"rendered":"RS096: 700ml lege gin flessen fabrikanten"},"content":{"rendered":"<p><span data-preserver-spaces=\"true\">Als leider van de glazen flessenfabrikanten in China heeft Ruisheng zich sinds 2009 gericht op het ontwerp en de productie van glazen flessen.  Onze 700ml lege jeneverflessen <\/span><span data-preserver-spaces=\"true\">worden voornamelijk gebruikt<\/span><span data-preserver-spaces=\"true\"> voor het verpakken van alcoholische producten. Deze 700 ml lege zwarte jeneverfles <\/span><span data-preserver-spaces=\"true\">is voornamelijk ontworpen<\/span><span data-preserver-spaces=\"true\"> voor <\/span><span data-preserver-spaces=\"true\">opslag<\/span><span data-preserver-spaces=\"true\"> en verpakking van gin.<\/span><\/p>\n<p><span data-preserver-spaces=\"true\">RS-2028 serie lege glazen gin flessen groothandel nemen hoge kwaliteit super vuursteen glazen, waardoor de glazen flessen meer transparant, helder en hard. <\/span><span data-preserver-spaces=\"true\">Het wordt verwelkomd door jeneverfabrikanten, groothandelaren in glazen flessen, supermarkten, enz.<\/span><\/p>\n<p><span data-preserver-spaces=\"true\">Hier is de informatie over onze lege gin flessen te koop. Welkom bij uw groothandel of bulkbestelling!<\/span><\/p>\n<h2><span data-preserver-spaces=\"true\">Over 700ml lege gin flessen fabrikanten<\/span><\/h2>\n<ul>\n<li><strong><span data-preserver-spaces=\"true\">Merk:<\/span><\/strong><span data-preserver-spaces=\"true\">\u00a0<\/span><a class=\"editor-rtfLink\" href=\"https:\/\/glassbottlewholesale.com\/about-us\/\" target=\"_blank\" rel=\"noopener\"><span data-preserver-spaces=\"true\">RS<\/span><\/a><\/li>\n<li><strong><span data-preserver-spaces=\"true\">Grootte van Gin fles:<\/span><\/strong><span data-preserver-spaces=\"true\"> 700ml &amp;750ml likeurflessen (of aangepaste orde van 50ml tot 15ooml)<\/span><\/li>\n<li><strong><span data-preserver-spaces=\"true\">Vorm:\u00a0<\/span><\/strong><span data-preserver-spaces=\"true\"> Rond, Vierkant, Ovaal, Gebogen, Schedelvorm Glazen Fles, en Unieke Gin fles Vormen. (Aangepaste gevormde glazen fles service beschikbaar)<\/span><\/li>\n<li><strong><span data-preserver-spaces=\"true\">Afdichtingstype:<\/span><\/strong><span data-preserver-spaces=\"true\"> Kurk bovenkant, Schroefdop en Guala dop verzegeld<\/span><\/li>\n<li><strong><span data-preserver-spaces=\"true\">MOQ:<\/span><\/strong><span data-preserver-spaces=\"true\"> 1\u00d740HQ (26,000-30000pcs 700ml flessen). Gratis lege Gin flessen monster aangeboden.<\/span><\/li>\n<li><span data-preserver-spaces=\"true\">Een gratis monster kan worden aangeboden<\/span><span data-preserver-spaces=\"true\">.<\/span><\/li>\n<\/ul>\n<p><span data-preserver-spaces=\"true\">Ons bedrijf heeft ge\u00efnvesteerd in 2 productielijnen van de meest geavanceerde 8S volautomatische machines, drie productielijnen van CNC handmatige machines en vier productielijnen van CNC halfautomatische machines voor de productie van glazen flessen. Terwijl we zorgen voor de levering van miniatuur Gin glazen groothandel, is de kwaliteit ook gegarandeerd.<\/span><\/p>\n<p><span data-preserver-spaces=\"true\">RS 700 ml beste Gin flessen hebben <\/span><span data-preserver-spaces=\"true\">ge\u00ebxporteerd<\/span><span data-preserver-spaces=\"true\"> naar vele landen, waaronder de VS, Groot-Brittanni\u00eb, Canada, Australi\u00eb, Frankrijk, Nederland, Duitsland en Belgi\u00eb. Met een goed aanbod, hoge kwaliteit en redelijke prijs, hebben ze een sterke reputatie gewonnen onder onze klanten.<\/span><\/p>\n<p><span data-preserver-spaces=\"true\">Als je tevreden bent met deze lege drankflessen te koop, <\/span><span data-preserver-spaces=\"true\">neem contact met mij op<\/span><span data-preserver-spaces=\"true\"> snel.<\/span><span data-preserver-spaces=\"true\"> Als het je niet bevalt, kun je onze andere flessen bekijken. Of ik geef je de catalogus en<\/span> <span data-preserver-spaces=\"true\">je kunt kiezen wat je <\/span><span data-preserver-spaces=\"true\">zoals<\/span><span data-preserver-spaces=\"true\">. <\/span><span data-preserver-spaces=\"true\">Als je ge\u00efnteresseerd bent in onze 700 ml lege gin flessen groothandel, <\/span><span data-preserver-spaces=\"true\">neem contact met ons op<\/span><span data-preserver-spaces=\"true\">.<\/span><span data-preserver-spaces=\"true\"> Je krijgt binnen 24 uur antwoord.<\/span><\/p>","protected":false},"excerpt":{"rendered":"<table class=\"tg\">\n<tbody>\n<tr>\n<th class=\"tg-24i8\" colspan=\"2\">700ml lege gin flessen Groothandel<\/th>\n<\/tr>\n<tr>\n<td class=\"tg-b7b8\">Referentie:<\/td>\n<td class=\"tg-b7b8\">RS096<\/td>\n<\/tr>\n<tr>\n<td class=\"tg-yw4l\">Belangrijkste materiaal:<\/td>\n<td class=\"tg-yw4l\">Hoog vuursteenglas (dit materiaal wordt ook wel kristalwit glas genoemd)<\/td>\n<\/tr>\n<tr>\n<td class=\"tg-b7b8\">Pet:<\/td>\n<td class=\"tg-b7b8\">Kurkdop, schroefdop en Guala-dop<\/td>\n<\/tr>\n<tr>\n<td class=\"tg-yw4l\">Capaciteit:<\/td>\n<td class=\"tg-yw4l\">700ml\/750ml<\/td>\n<\/tr>\n<tr>\n<td class=\"tg-b7b8\">Functie:<\/td>\n<td class=\"tg-b7b8\">Milieuvriendelijk<\/td>\n<\/tr>\n<tr>\n<td class=\"tg-yw4l\">MOQ:<\/td>\n<td class=\"tg-yw4l\">10000 PCS<\/td>\n<\/tr>\n<tr>\n<td class=\"tg-b7b8\">Verpakkingswijze:<\/td>\n<td class=\"tg-b7b8\">Standaard doos \/ pallet \/ standaard doos en pallet exporteren<\/td>\n<\/tr>\n<tr>\n<td class=\"tg-yw4l\">OEM\/ODM:<\/td>\n<td class=\"tg-yw4l\">Welkom<\/td>\n<\/tr>\n<tr>\n<td class=\"tg-b7b8\">Oorsprong van plaats:<\/td>\n<td class=\"tg-b7b8\">Shandong, China<\/td>\n<\/tr>\n<tr>\n<td class=\"tg-yw4l\">Pcs\/Ctn:<\/td>\n<td class=\"tg-yw4l\">24pcs of volgens klanteneisen<\/td>\n<\/tr>\n<\/tbody>\n<\/table>","protected":false},"featured_media":4212,"comment_status":"closed","ping_status":"closed","template":"","meta":[],"product_cat":[44,50],"class_list":{"0":"post-4211","1":"product","2":"type-product","3":"status-publish","4":"has-post-thumbnail","6":"product_cat-700ml-liquor-bottle-manufacturer","7":"product_cat-gin-bottle","9":"first","10":"instock","11":"shipping-taxable","12":"product-type-simple"},"yoast_head":"<!-- This site is optimized with the Yoast SEO plugin v22.0 - https:\/\/yoast.com\/wordpress\/plugins\/seo\/ -->\n<title>700ml Empty Gin Bottles Manufacturers | Best Gin Black Bottles Maker-RS<\/title>\n<meta name=\"description\" content=\"Ruisheng, one of the glass bottle manufacturers in China, provide 700ml empty gin bottles wholesale in a factory price. OEM\/ODM Order Acceptable.\" \/>\n<meta name=\"robots\" content=\"index, follow, max-snippet:-1, max-image-preview:large, max-video-preview:-1\" \/>\n<link rel=\"canonical\" href=\"https:\/\/ruishengglassco.com\/nl\/product\/rs096-700ml-lege-gin-flessen-fabrikanten\" \/>\n<meta property=\"og:locale\" content=\"nl_NL\" \/>\n<meta property=\"og:type\" content=\"article\" \/>\n<meta property=\"og:title\" content=\"700ml Empty Gin Bottles Manufacturers | Best Gin Black Bottles Maker-RS\" \/>\n<meta property=\"og:description\" content=\"Ruisheng, one of the glass bottle manufacturers in China, provide 700ml empty gin bottles wholesale in a factory price. OEM\/ODM Order Acceptable.\" \/>\n<meta property=\"og:url\" content=\"https:\/\/ruishengglassco.com\/nl\/product\/rs096-700ml-lege-gin-flessen-fabrikanten\" \/>\n<meta property=\"article:publisher\" content=\"https:\/\/www.facebook.com\/ruishengglassbottles\" \/>\n<meta property=\"article:modified_time\" content=\"2025-07-16T08:37:18+00:00\" \/>\n<meta property=\"og:image\" content=\"https:\/\/ruishengglassco.com\/wp-content\/uploads\/2025\/03\/RS096-700ml-Empty-Gin-Bottles-Wholesale.webp\" \/>\n\t<meta property=\"og:image:width\" content=\"500\" \/>\n\t<meta property=\"og:image:height\" content=\"500\" \/>\n\t<meta property=\"og:image:type\" content=\"image\/webp\" \/>\n<meta name=\"twitter:card\" content=\"summary_large_image\" \/>\n<meta name=\"twitter:label1\" content=\"Geschatte leestijd\" \/>\n\t<meta name=\"twitter:data1\" content=\"2 minuten\" \/>\n<script type=\"application\/ld+json\" class=\"yoast-schema-graph\">{\"@context\":\"https:\/\/schema.org\",\"@graph\":[{\"@type\":\"WebPage\",\"@id\":\"https:\/\/ruishengglassco.com\/product\/rs096-700ml-empty-gin-bottles-manufacturers\",\"url\":\"https:\/\/ruishengglassco.com\/product\/rs096-700ml-empty-gin-bottles-manufacturers\",\"name\":\"700ml Empty Gin Bottles Manufacturers | Best Gin Black Bottles Maker-RS\",\"isPartOf\":{\"@id\":\"https:\/\/ruishengglassco.com\/#website\"},\"datePublished\":\"2025-03-15T01:45:26+00:00\",\"dateModified\":\"2025-07-16T08:37:18+00:00\",\"description\":\"Ruisheng, one of the glass bottle manufacturers in China, provide 700ml empty gin bottles wholesale in a factory price. OEM\/ODM Order Acceptable.\",\"breadcrumb\":{\"@id\":\"https:\/\/ruishengglassco.com\/product\/rs096-700ml-empty-gin-bottles-manufacturers#breadcrumb\"},\"inLanguage\":\"nl-NL\",\"potentialAction\":[{\"@type\":\"ReadAction\",\"target\":[\"https:\/\/ruishengglassco.com\/product\/rs096-700ml-empty-gin-bottles-manufacturers\"]}]},{\"@type\":\"BreadcrumbList\",\"@id\":\"https:\/\/ruishengglassco.com\/product\/rs096-700ml-empty-gin-bottles-manufacturers#breadcrumb\",\"itemListElement\":[{\"@type\":\"ListItem\",\"position\":1,\"name\":\"Home\",\"item\":\"https:\/\/ruishengglassco.com\/\"},{\"@type\":\"ListItem\",\"position\":2,\"name\":\"Products\",\"item\":\"https:\/\/ruishengglassco.com\/products\"},{\"@type\":\"ListItem\",\"position\":3,\"name\":\"RS096: 700ml Empty Gin Bottles Manufacturers\"}]},{\"@type\":\"WebSite\",\"@id\":\"https:\/\/ruishengglassco.com\/#website\",\"url\":\"https:\/\/ruishengglassco.com\/\",\"name\":\"Ruisheng Glass\",\"description\":\"\",\"publisher\":{\"@id\":\"https:\/\/ruishengglassco.com\/#organization\"},\"potentialAction\":[{\"@type\":\"SearchAction\",\"target\":{\"@type\":\"EntryPoint\",\"urlTemplate\":\"https:\/\/ruishengglassco.com\/?s={search_term_string}\"},\"query-input\":\"required name=search_term_string\"}],\"inLanguage\":\"nl-NL\"},{\"@type\":\"Organization\",\"@id\":\"https:\/\/ruishengglassco.com\/#organization\",\"name\":\"Shandong Yuncheng Ruisheng Glass Co., Ltd\",\"url\":\"https:\/\/ruishengglassco.com\/\",\"logo\":{\"@type\":\"ImageObject\",\"inLanguage\":\"nl-NL\",\"@id\":\"https:\/\/ruishengglassco.com\/#\/schema\/logo\/image\/\",\"url\":\"https:\/\/ruishengglassco.com\/wp-content\/uploads\/2023\/09\/ruisheng_logo_icon.webp\",\"contentUrl\":\"https:\/\/ruishengglassco.com\/wp-content\/uploads\/2023\/09\/ruisheng_logo_icon.webp\",\"width\":400,\"height\":233,\"caption\":\"Shandong Yuncheng Ruisheng Glass Co., Ltd\"},\"image\":{\"@id\":\"https:\/\/ruishengglassco.com\/#\/schema\/logo\/image\/\"},\"sameAs\":[\"https:\/\/www.facebook.com\/ruishengglassbottles\",\"https:\/\/www.instagram.com\/Ruishengglassbottlewholesales\/\",\"https:\/\/www.youtube.com\/channel\/UCMmbMNGwsL-XrtjfSFLCdVQ\"]}]}<\/script>\n<!-- \/ Yoast SEO plugin. -->","yoast_head_json":{"title":"700ml Empty Gin Bottles Manufacturers | Best Gin Black Bottles Maker-RS","description":"Ruisheng, one of the glass bottle manufacturers in China, provide 700ml empty gin bottles wholesale in a factory price. OEM\/ODM Order Acceptable.","robots":{"index":"index","follow":"follow","max-snippet":"max-snippet:-1","max-image-preview":"max-image-preview:large","max-video-preview":"max-video-preview:-1"},"canonical":"https:\/\/ruishengglassco.com\/nl\/product\/rs096-700ml-lege-gin-flessen-fabrikanten","og_locale":"nl_NL","og_type":"article","og_title":"700ml Empty Gin Bottles Manufacturers | Best Gin Black Bottles Maker-RS","og_description":"Ruisheng, one of the glass bottle manufacturers in China, provide 700ml empty gin bottles wholesale in a factory price. OEM\/ODM Order Acceptable.","og_url":"https:\/\/ruishengglassco.com\/nl\/product\/rs096-700ml-lege-gin-flessen-fabrikanten","article_publisher":"https:\/\/www.facebook.com\/ruishengglassbottles","article_modified_time":"2025-07-16T08:37:18+00:00","og_image":[{"width":500,"height":500,"url":"https:\/\/ruishengglassco.com\/wp-content\/uploads\/2025\/03\/RS096-700ml-Empty-Gin-Bottles-Wholesale.webp","type":"image\/webp"}],"twitter_card":"summary_large_image","twitter_misc":{"Geschatte leestijd":"2 minuten"},"schema":{"@context":"https:\/\/schema.org","@graph":[{"@type":"WebPage","@id":"https:\/\/ruishengglassco.com\/product\/rs096-700ml-empty-gin-bottles-manufacturers","url":"https:\/\/ruishengglassco.com\/product\/rs096-700ml-empty-gin-bottles-manufacturers","name":"700ml Empty Gin Bottles Manufacturers | Best Gin Black Bottles Maker-RS","isPartOf":{"@id":"https:\/\/ruishengglassco.com\/#website"},"datePublished":"2025-03-15T01:45:26+00:00","dateModified":"2025-07-16T08:37:18+00:00","description":"Ruisheng, one of the glass bottle manufacturers in China, provide 700ml empty gin bottles wholesale in a factory price. OEM\/ODM Order Acceptable.","breadcrumb":{"@id":"https:\/\/ruishengglassco.com\/product\/rs096-700ml-empty-gin-bottles-manufacturers#breadcrumb"},"inLanguage":"nl-NL","potentialAction":[{"@type":"ReadAction","target":["https:\/\/ruishengglassco.com\/product\/rs096-700ml-empty-gin-bottles-manufacturers"]}]},{"@type":"BreadcrumbList","@id":"https:\/\/ruishengglassco.com\/product\/rs096-700ml-empty-gin-bottles-manufacturers#breadcrumb","itemListElement":[{"@type":"ListItem","position":1,"name":"Home","item":"https:\/\/ruishengglassco.com\/"},{"@type":"ListItem","position":2,"name":"Products","item":"https:\/\/ruishengglassco.com\/products"},{"@type":"ListItem","position":3,"name":"RS096: 700ml Empty Gin Bottles Manufacturers"}]},{"@type":"WebSite","@id":"https:\/\/ruishengglassco.com\/#website","url":"https:\/\/ruishengglassco.com\/","name":"Ruisheng Glass","description":"","publisher":{"@id":"https:\/\/ruishengglassco.com\/#organization"},"potentialAction":[{"@type":"SearchAction","target":{"@type":"EntryPoint","urlTemplate":"https:\/\/ruishengglassco.com\/?s={search_term_string}"},"query-input":"required name=search_term_string"}],"inLanguage":"nl-NL"},{"@type":"Organization","@id":"https:\/\/ruishengglassco.com\/#organization","name":"Shandong Yuncheng Ruisheng Glass Co., Ltd","url":"https:\/\/ruishengglassco.com\/","logo":{"@type":"ImageObject","inLanguage":"nl-NL","@id":"https:\/\/ruishengglassco.com\/#\/schema\/logo\/image\/","url":"https:\/\/ruishengglassco.com\/wp-content\/uploads\/2023\/09\/ruisheng_logo_icon.webp","contentUrl":"https:\/\/ruishengglassco.com\/wp-content\/uploads\/2023\/09\/ruisheng_logo_icon.webp","width":400,"height":233,"caption":"Shandong Yuncheng Ruisheng Glass Co., Ltd"},"image":{"@id":"https:\/\/ruishengglassco.com\/#\/schema\/logo\/image\/"},"sameAs":["https:\/\/www.facebook.com\/ruishengglassbottles","https:\/\/www.instagram.com\/Ruishengglassbottlewholesales\/","https:\/\/www.youtube.com\/channel\/UCMmbMNGwsL-XrtjfSFLCdVQ"]}]}},"_links":{"self":[{"href":"https:\/\/ruishengglassco.com\/nl\/wp-json\/wp\/v2\/product\/4211","targetHints":{"allow":["GET"]}}],"collection":[{"href":"https:\/\/ruishengglassco.com\/nl\/wp-json\/wp\/v2\/product"}],"about":[{"href":"https:\/\/ruishengglassco.com\/nl\/wp-json\/wp\/v2\/types\/product"}],"replies":[{"embeddable":true,"href":"https:\/\/ruishengglassco.com\/nl\/wp-json\/wp\/v2\/comments?post=4211"}],"wp:featuredmedia":[{"embeddable":true,"href":"https:\/\/ruishengglassco.com\/nl\/wp-json\/wp\/v2\/media\/4212"}],"wp:attachment":[{"href":"https:\/\/ruishengglassco.com\/nl\/wp-json\/wp\/v2\/media?parent=4211"}],"wp:term":[{"taxonomy":"product_cat","embeddable":true,"href":"https:\/\/ruishengglassco.com\/nl\/wp-json\/wp\/v2\/product_cat?post=4211"}],"curies":[{"name":"wp","href":"https:\/\/api.w.org\/{rel}","templated":true}]}}