{"id":4181,"date":"2025-03-15T00:27:41","date_gmt":"2025-03-14T16:27:41","guid":{"rendered":"https:\/\/ruishengglassco.com\/?post_type=product&#038;p=4181"},"modified":"2025-07-16T16:11:45","modified_gmt":"2025-07-16T08:11:45","slug":"rs105-1500ml-alcohol-glazen-flessen-met-deksels","status":"publish","type":"product","link":"https:\/\/ruishengglassco.com\/nl\/product\/rs105-1500ml-alcohol-glazen-flessen-met-deksels","title":{"rendered":"RS105: 1500ml Alcohol Glazen Flessen Met Deksels"},"content":{"rendered":"<p><span style=\"font-size: 14.4px;\">Ruisheng, een professionele fabrikant van glazen flessen in China, produceert glazen flessen in bulk met deksels voor alcohol. De fabriek richt zich sinds 2009 op de productie van glazen flessen van hoge kwaliteit. Onze glazen flessen met kurk zijn perfect voor sterke dranken. Ze kunnen worden gebruikt als whisky-, brandy-, wodka-, rum- of jeneverfles. Ze worden vaak gekozen door wijnmakerijen, winkelcentra, supermarkten en groothandelaren in glazen flessen.<\/span><\/p>\n<p><span style=\"font-size: 14.4px;\"><br \/>Ruisheng, een leverancier van glazen flessen, gebruikt super flint glas om zijn flessen met stoppen te maken. Dit materiaal maakt de flessen helder, transparant en glad. Ruisheng biedt drie soorten deksels om uit te kiezen: kurk, schroefdop en guala-dop. Ondertussen bieden we aangepaste glazen fles service: glazen fles sjabloon, kleur, capaciteit, logo en anderen. Hier zijn enkele details over onze glazen fles groothandel:<\/span><\/p>\n<h2>Over 1500ml alcoholflessen groothandel<\/h2>\n<ul>\n<li><strong>Naam:\u00a0<\/strong>\u00a01500ml Alcohol Glazen Flessen<\/li>\n<li><strong>Merk:<\/strong>\u00a0RS<\/li>\n<li><strong>Kleur:<\/strong>\u00a0Duidelijk<\/li>\n<li><strong>Materiaal:<\/strong>\u00a0Kristalwit materiaal, extreem wit materiaal<\/li>\n<li><strong>MOQ:<\/strong>\u00a010000 PCS<\/li>\n<li><strong>Functie:<\/strong>\u00a0Hoge kwaliteit, transparanter, onbreekbaar, recyclebaar<\/li>\n<li><strong>Standaard:<\/strong>\u00a0ISO9001:2008, ISO14001:2004, FDA<\/li>\n<li><strong>Verpakkingsmethode:<\/strong>\u00a0Standaard exportverpakking of aangepaste verpakking<\/li>\n<li><strong>Betalingstermijn:<\/strong>\u00a0T\/T, bevestigingsbrief, Western Union, Paypal.<\/li>\n<li><strong>Levertijd:<\/strong>\u00a0Binnen 20-30 dagen, afhankelijk van de gewenste maat en hoeveelheid.<\/li>\n<li><strong>Gratis monsters aanbieden als we<\/strong><\/li>\n<\/ul>\n<p><span style=\"font-size: 14.4px;\">Ruisheng is na bijna 10 jaar ontwikkeling uitgegroeid tot een groot internationaal bedrijf. Het bedrijf beslaat meer dan 300.000 hectare en produceert dagelijks meer dan 120.000 flessen. Onze glazen flessen met kurken worden ge\u00ebxporteerd naar de Verenigde Staten, Groot-Brittanni\u00eb, Frankrijk, Egypte, de Verenigde Arabische Emiraten, Argentini\u00eb, Zuid-Amerika en andere landen.<\/span><\/p>\n<p><span style=\"font-size: 14.4px;\"><br \/>Als je ge\u00efnteresseerd bent in glazen flessen in bulk met deksels, neem dan gerust contact met ons op. Wij zullen u binnen 24 uur antwoorden. U kunt ook een bericht voor ons achterlaten, dan nemen wij z.s.m. contact met u op.<\/span><\/p>","protected":false},"excerpt":{"rendered":"<table class=\"tg\">\n<tbody>\n<tr>\n<th class=\"tg-24i8\" colspan=\"2\">1500ml Alcohol Glazen Flessen Met Deksels<\/th>\n<\/tr>\n<tr>\n<td class=\"tg-b7b8\">Referentie:<\/td>\n<td class=\"tg-b7b8\">RS105<\/td>\n<\/tr>\n<tr>\n<td class=\"tg-yw4l\">Belangrijkste materiaal:<\/td>\n<td class=\"tg-yw4l\">Hoog vuursteenglas (dit materiaal wordt ook kristalwit glas genoemd)<\/td>\n<\/tr>\n<tr>\n<td class=\"tg-b7b8\">Pet:<\/td>\n<td class=\"tg-b7b8\">Kurk, schroefdop, Guala-dop.<\/td>\n<\/tr>\n<tr>\n<td class=\"tg-yw4l\">Capaciteit:<\/td>\n<td class=\"tg-yw4l\">1500ML<\/td>\n<\/tr>\n<tr>\n<td class=\"tg-b7b8\">Functie:<\/td>\n<td class=\"tg-b7b8\">Milieuvriendelijk<\/td>\n<\/tr>\n<tr>\n<td class=\"tg-yw4l\">MOQ:<\/td>\n<td class=\"tg-yw4l\">10000 PCS<\/td>\n<\/tr>\n<tr>\n<td class=\"tg-b7b8\">Verpakkingswijze:<\/td>\n<td class=\"tg-b7b8\">Standaard doos \/ pallet \/ standaard doos en pallet exporteren<\/td>\n<\/tr>\n<tr>\n<td class=\"tg-yw4l\">OEM\/ODM:<\/td>\n<td class=\"tg-yw4l\">Welkom<\/td>\n<\/tr>\n<tr>\n<td class=\"tg-b7b8\">Oorsprong van plaats:<\/td>\n<td class=\"tg-b7b8\">Shandong, China<\/td>\n<\/tr>\n<tr>\n<td class=\"tg-yw4l\">Pcs\/Ctn:<\/td>\n<td class=\"tg-yw4l\">24pcs of volgens klanteneisen<\/td>\n<\/tr>\n<\/tbody>\n<\/table>","protected":false},"featured_media":4182,"comment_status":"closed","ping_status":"closed","template":"","meta":[],"product_cat":[49],"class_list":{"0":"post-4181","1":"product","2":"type-product","3":"status-publish","4":"has-post-thumbnail","6":"product_cat-1500ml-liquor-bottle-manufacturer","8":"first","9":"instock","10":"shipping-taxable","11":"product-type-simple"},"yoast_head":"<!-- This site is optimized with the Yoast SEO plugin v22.0 - https:\/\/yoast.com\/wordpress\/plugins\/seo\/ -->\n<title>Bulk Glass Bottles With Lids | 1500ml Alcohol Bottles Wholesale-RS<\/title>\n<meta name=\"description\" content=\"Bulk Glass Bottles with Lids in Wholesale Price! High Quality 1500ml Alcohol Glass Bottles With Free Sample&amp;5 Years Warranty.\" \/>\n<meta name=\"robots\" content=\"index, follow, max-snippet:-1, max-image-preview:large, max-video-preview:-1\" \/>\n<link rel=\"canonical\" href=\"https:\/\/ruishengglassco.com\/nl\/product\/rs105-1500ml-alcohol-glazen-flessen-met-deksels\" \/>\n<meta property=\"og:locale\" content=\"nl_NL\" \/>\n<meta property=\"og:type\" content=\"article\" \/>\n<meta property=\"og:title\" content=\"Bulk Glass Bottles With Lids | 1500ml Alcohol Bottles Wholesale-RS\" \/>\n<meta property=\"og:description\" content=\"Bulk Glass Bottles with Lids in Wholesale Price! High Quality 1500ml Alcohol Glass Bottles With Free Sample&amp;5 Years Warranty.\" \/>\n<meta property=\"og:url\" content=\"https:\/\/ruishengglassco.com\/nl\/product\/rs105-1500ml-alcohol-glazen-flessen-met-deksels\" \/>\n<meta property=\"article:publisher\" content=\"https:\/\/www.facebook.com\/ruishengglassbottles\" \/>\n<meta property=\"article:modified_time\" content=\"2025-07-16T08:11:45+00:00\" \/>\n<meta property=\"og:image\" content=\"https:\/\/ruishengglassco.com\/wp-content\/uploads\/2025\/03\/RS105-1500ml-Alcohol-Glass-Bottles-With-Lids.webp\" \/>\n\t<meta property=\"og:image:width\" content=\"640\" \/>\n\t<meta property=\"og:image:height\" content=\"640\" \/>\n\t<meta property=\"og:image:type\" content=\"image\/webp\" \/>\n<meta name=\"twitter:card\" content=\"summary_large_image\" \/>\n<meta name=\"twitter:label1\" content=\"Geschatte leestijd\" \/>\n\t<meta name=\"twitter:data1\" content=\"2 minuten\" \/>\n<script type=\"application\/ld+json\" class=\"yoast-schema-graph\">{\"@context\":\"https:\/\/schema.org\",\"@graph\":[{\"@type\":\"WebPage\",\"@id\":\"https:\/\/ruishengglassco.com\/product\/rs105-1500ml-alcohol-glass-bottles-with-lids\",\"url\":\"https:\/\/ruishengglassco.com\/product\/rs105-1500ml-alcohol-glass-bottles-with-lids\",\"name\":\"Bulk Glass Bottles With Lids | 1500ml Alcohol Bottles Wholesale-RS\",\"isPartOf\":{\"@id\":\"https:\/\/ruishengglassco.com\/#website\"},\"datePublished\":\"2025-03-14T16:27:41+00:00\",\"dateModified\":\"2025-07-16T08:11:45+00:00\",\"description\":\"Bulk Glass Bottles with Lids in Wholesale Price! High Quality 1500ml Alcohol Glass Bottles With Free Sample&5 Years Warranty.\",\"breadcrumb\":{\"@id\":\"https:\/\/ruishengglassco.com\/product\/rs105-1500ml-alcohol-glass-bottles-with-lids#breadcrumb\"},\"inLanguage\":\"nl-NL\",\"potentialAction\":[{\"@type\":\"ReadAction\",\"target\":[\"https:\/\/ruishengglassco.com\/product\/rs105-1500ml-alcohol-glass-bottles-with-lids\"]}]},{\"@type\":\"BreadcrumbList\",\"@id\":\"https:\/\/ruishengglassco.com\/product\/rs105-1500ml-alcohol-glass-bottles-with-lids#breadcrumb\",\"itemListElement\":[{\"@type\":\"ListItem\",\"position\":1,\"name\":\"Home\",\"item\":\"https:\/\/ruishengglassco.com\/\"},{\"@type\":\"ListItem\",\"position\":2,\"name\":\"Products\",\"item\":\"https:\/\/ruishengglassco.com\/products\"},{\"@type\":\"ListItem\",\"position\":3,\"name\":\"RS105: 1500ml Alcohol Glass Bottles With Lids\"}]},{\"@type\":\"WebSite\",\"@id\":\"https:\/\/ruishengglassco.com\/#website\",\"url\":\"https:\/\/ruishengglassco.com\/\",\"name\":\"Ruisheng Glass\",\"description\":\"\",\"publisher\":{\"@id\":\"https:\/\/ruishengglassco.com\/#organization\"},\"potentialAction\":[{\"@type\":\"SearchAction\",\"target\":{\"@type\":\"EntryPoint\",\"urlTemplate\":\"https:\/\/ruishengglassco.com\/?s={search_term_string}\"},\"query-input\":\"required name=search_term_string\"}],\"inLanguage\":\"nl-NL\"},{\"@type\":\"Organization\",\"@id\":\"https:\/\/ruishengglassco.com\/#organization\",\"name\":\"Shandong Yuncheng Ruisheng Glass Co., Ltd\",\"url\":\"https:\/\/ruishengglassco.com\/\",\"logo\":{\"@type\":\"ImageObject\",\"inLanguage\":\"nl-NL\",\"@id\":\"https:\/\/ruishengglassco.com\/#\/schema\/logo\/image\/\",\"url\":\"https:\/\/ruishengglassco.com\/wp-content\/uploads\/2023\/09\/ruisheng_logo_icon.webp\",\"contentUrl\":\"https:\/\/ruishengglassco.com\/wp-content\/uploads\/2023\/09\/ruisheng_logo_icon.webp\",\"width\":400,\"height\":233,\"caption\":\"Shandong Yuncheng Ruisheng Glass Co., Ltd\"},\"image\":{\"@id\":\"https:\/\/ruishengglassco.com\/#\/schema\/logo\/image\/\"},\"sameAs\":[\"https:\/\/www.facebook.com\/ruishengglassbottles\",\"https:\/\/www.instagram.com\/Ruishengglassbottlewholesales\/\",\"https:\/\/www.youtube.com\/channel\/UCMmbMNGwsL-XrtjfSFLCdVQ\"]}]}<\/script>\n<!-- \/ Yoast SEO plugin. -->","yoast_head_json":{"title":"Bulk Glass Bottles With Lids | 1500ml Alcohol Bottles Wholesale-RS","description":"Bulk Glass Bottles with Lids in Wholesale Price! High Quality 1500ml Alcohol Glass Bottles With Free Sample&5 Years Warranty.","robots":{"index":"index","follow":"follow","max-snippet":"max-snippet:-1","max-image-preview":"max-image-preview:large","max-video-preview":"max-video-preview:-1"},"canonical":"https:\/\/ruishengglassco.com\/nl\/product\/rs105-1500ml-alcohol-glazen-flessen-met-deksels","og_locale":"nl_NL","og_type":"article","og_title":"Bulk Glass Bottles With Lids | 1500ml Alcohol Bottles Wholesale-RS","og_description":"Bulk Glass Bottles with Lids in Wholesale Price! High Quality 1500ml Alcohol Glass Bottles With Free Sample&5 Years Warranty.","og_url":"https:\/\/ruishengglassco.com\/nl\/product\/rs105-1500ml-alcohol-glazen-flessen-met-deksels","article_publisher":"https:\/\/www.facebook.com\/ruishengglassbottles","article_modified_time":"2025-07-16T08:11:45+00:00","og_image":[{"width":640,"height":640,"url":"https:\/\/ruishengglassco.com\/wp-content\/uploads\/2025\/03\/RS105-1500ml-Alcohol-Glass-Bottles-With-Lids.webp","type":"image\/webp"}],"twitter_card":"summary_large_image","twitter_misc":{"Geschatte leestijd":"2 minuten"},"schema":{"@context":"https:\/\/schema.org","@graph":[{"@type":"WebPage","@id":"https:\/\/ruishengglassco.com\/product\/rs105-1500ml-alcohol-glass-bottles-with-lids","url":"https:\/\/ruishengglassco.com\/product\/rs105-1500ml-alcohol-glass-bottles-with-lids","name":"Bulk Glass Bottles With Lids | 1500ml Alcohol Bottles Wholesale-RS","isPartOf":{"@id":"https:\/\/ruishengglassco.com\/#website"},"datePublished":"2025-03-14T16:27:41+00:00","dateModified":"2025-07-16T08:11:45+00:00","description":"Bulk Glass Bottles with Lids in Wholesale Price! High Quality 1500ml Alcohol Glass Bottles With Free Sample&5 Years Warranty.","breadcrumb":{"@id":"https:\/\/ruishengglassco.com\/product\/rs105-1500ml-alcohol-glass-bottles-with-lids#breadcrumb"},"inLanguage":"nl-NL","potentialAction":[{"@type":"ReadAction","target":["https:\/\/ruishengglassco.com\/product\/rs105-1500ml-alcohol-glass-bottles-with-lids"]}]},{"@type":"BreadcrumbList","@id":"https:\/\/ruishengglassco.com\/product\/rs105-1500ml-alcohol-glass-bottles-with-lids#breadcrumb","itemListElement":[{"@type":"ListItem","position":1,"name":"Home","item":"https:\/\/ruishengglassco.com\/"},{"@type":"ListItem","position":2,"name":"Products","item":"https:\/\/ruishengglassco.com\/products"},{"@type":"ListItem","position":3,"name":"RS105: 1500ml Alcohol Glass Bottles With Lids"}]},{"@type":"WebSite","@id":"https:\/\/ruishengglassco.com\/#website","url":"https:\/\/ruishengglassco.com\/","name":"Ruisheng Glass","description":"","publisher":{"@id":"https:\/\/ruishengglassco.com\/#organization"},"potentialAction":[{"@type":"SearchAction","target":{"@type":"EntryPoint","urlTemplate":"https:\/\/ruishengglassco.com\/?s={search_term_string}"},"query-input":"required name=search_term_string"}],"inLanguage":"nl-NL"},{"@type":"Organization","@id":"https:\/\/ruishengglassco.com\/#organization","name":"Shandong Yuncheng Ruisheng Glass Co., Ltd","url":"https:\/\/ruishengglassco.com\/","logo":{"@type":"ImageObject","inLanguage":"nl-NL","@id":"https:\/\/ruishengglassco.com\/#\/schema\/logo\/image\/","url":"https:\/\/ruishengglassco.com\/wp-content\/uploads\/2023\/09\/ruisheng_logo_icon.webp","contentUrl":"https:\/\/ruishengglassco.com\/wp-content\/uploads\/2023\/09\/ruisheng_logo_icon.webp","width":400,"height":233,"caption":"Shandong Yuncheng Ruisheng Glass Co., Ltd"},"image":{"@id":"https:\/\/ruishengglassco.com\/#\/schema\/logo\/image\/"},"sameAs":["https:\/\/www.facebook.com\/ruishengglassbottles","https:\/\/www.instagram.com\/Ruishengglassbottlewholesales\/","https:\/\/www.youtube.com\/channel\/UCMmbMNGwsL-XrtjfSFLCdVQ"]}]}},"_links":{"self":[{"href":"https:\/\/ruishengglassco.com\/nl\/wp-json\/wp\/v2\/product\/4181","targetHints":{"allow":["GET"]}}],"collection":[{"href":"https:\/\/ruishengglassco.com\/nl\/wp-json\/wp\/v2\/product"}],"about":[{"href":"https:\/\/ruishengglassco.com\/nl\/wp-json\/wp\/v2\/types\/product"}],"replies":[{"embeddable":true,"href":"https:\/\/ruishengglassco.com\/nl\/wp-json\/wp\/v2\/comments?post=4181"}],"wp:featuredmedia":[{"embeddable":true,"href":"https:\/\/ruishengglassco.com\/nl\/wp-json\/wp\/v2\/media\/4182"}],"wp:attachment":[{"href":"https:\/\/ruishengglassco.com\/nl\/wp-json\/wp\/v2\/media?parent=4181"}],"wp:term":[{"taxonomy":"product_cat","embeddable":true,"href":"https:\/\/ruishengglassco.com\/nl\/wp-json\/wp\/v2\/product_cat?post=4181"}],"curies":[{"name":"wp","href":"https:\/\/api.w.org\/{rel}","templated":true}]}}