{"id":4348,"date":"2025-03-15T21:37:28","date_gmt":"2025-03-15T13:37:28","guid":{"rendered":"https:\/\/ruishengglassco.com\/?post_type=product&#038;p=4348"},"modified":"2025-07-17T14:47:59","modified_gmt":"2025-07-17T06:47:59","slug":"rs022-bottiglia-di-vetro-personalizzata-da-750-ml-per-whisky-brandy-xo","status":"publish","type":"product","link":"https:\/\/ruishengglassco.com\/it\/prodotto\/rs022-bottiglia-di-vetro-personalizzata-da-750-ml-per-whisky-brandy-xo","title":{"rendered":"RS022 Bottiglia di vetro personalizzata da 750 ml per XO\/Brandy\/Whisky"},"content":{"rendered":"<h2>Informazioni dettagliate sulla bottiglia di vetro personalizzata da 750 ml per XO\/Brandy\/Whisky<\/h2>\n<p><span data-preserver-spaces=\"true\">Questa serie di bottiglie di vetro personalizzate da 750 ml \u00e8 destinata principalmente a XO\/Brandy\/Whisky<\/span><span data-preserver-spaces=\"true\">. Personalizzato<\/span><span data-preserver-spaces=\"true\"> bottiglia di vetro progettata dal capo designer Giugiaro dell'Accademia Reale Belga. Il design unico attira le persone che la vedono per la prima volta.<\/span><\/p>\n<p><span data-preserver-spaces=\"true\">La bottiglia di vetro personalizzata da 750 ml <\/span><span data-preserver-spaces=\"true\">\u00e8 prodotto<\/span><span data-preserver-spaces=\"true\"> utilizzando il processo di produzione automatizzato di bottiglie di vetro pi\u00f9 avanzato al mondo. \u00c8 stata realizzata in vetro flint di alta qualit\u00e0 per mostrare il carattere raffinato del marchio.<\/span><\/p>\n<p><span data-preserver-spaces=\"true\">In qualit\u00e0 di produttore e fabbrica professionale di bottiglie per liquori, la nostra azienda fornisce anche servizi OEM\/ODM per marchi e aziende di liquori. <\/span><span data-preserver-spaces=\"true\">Noi <\/span><span data-preserver-spaces=\"true\">fornire<\/span><span data-preserver-spaces=\"true\"> clienti <\/span><span data-preserver-spaces=\"true\">con<\/span> <span data-preserver-spaces=\"true\">libero<\/span><span data-preserver-spaces=\"true\"> stampi per bottiglie di vetro tra cui scegliere.<\/span><span data-preserver-spaces=\"true\"> Pu\u00f2 anche <\/span><span data-preserver-spaces=\"true\">essere prodotto<\/span><span data-preserver-spaces=\"true\"> secondo i disegni forniti dall'utente.<\/span><\/p>\n<h4><span data-preserver-spaces=\"true\">Problemi dei clienti<\/span><\/h4>\n<ol>\n<li><strong><span data-preserver-spaces=\"true\">Il MOQ della bottiglia di vetro 750 ml personalizzata\u00a0<\/span><\/strong><\/li>\n<\/ol>\n<p><span data-preserver-spaces=\"true\">In qualit\u00e0 di produttore professionale di bottiglie di whisky, offriamo un servizio di vendita all'ingrosso di bottiglie di vetro personalizzate da 750 ml, non a prezzi di vendita al dettaglio. Considerando la nostra base di clienti, l'imballaggio, la spedizione e altri fattori, il nostro <\/span><strong><span data-preserver-spaces=\"true\">Il MOQ \u00e8 di 10000 PCS (circa 20000 pz.)<\/span><\/strong><\/p>\n<p><strong><span data-preserver-spaces=\"true\">2. Informazioni sull'imballaggio<\/span><\/strong><\/p>\n<p><span data-preserver-spaces=\"true\">Come tutti sappiamo, le bottiglie di vetro sono merci fragili, quindi \u00e8 necessario prestare attenzione all'imballaggio. Utilizziamo metodi di imballaggio sicuri, come l'imballaggio di massa in scatola interna\/scatola a colori\/scatola bianca\/scatola di esposizione\/pallet di esportazione standard, su richiesta del cliente.<\/span><\/p>\n<p><strong><span data-preserver-spaces=\"true\">3. Informazioni sui tempi di consegna<\/span><\/strong><\/p>\n<ul>\n<li><span data-preserver-spaces=\"true\">Per le scorte pronte: 7 giorni dopo la ricezione del pagamento.<\/span><\/li>\n<li><span data-preserver-spaces=\"true\">Per i prodotti esauriti: 25<\/span><span data-preserver-spaces=\"true\"> ~ <\/span><span data-preserver-spaces=\"true\">40 giorni dopo <\/span><span data-preserver-spaces=\"true\">ricevere il pagamento<\/span><span data-preserver-spaces=\"true\">.<\/span><\/li>\n<\/ul>","protected":false},"excerpt":{"rendered":"<p>Bottiglia di vetro 750ml personalizzata per XO, Brandy, Whisky dalla Cina Top Liquor Bottle Manufacturer- Ruisheng. Ruisheng \u00e8 un produttore professionale di bottiglie di vetro. Hanno oltre 10 anni di esperienza nella progettazione e produzione di bottiglie di vetro. La nostra bottiglia di vetro da 750 ml all'ingrosso \u00e8 progettata principalmente per il confezionamento di liquori, whisky, brandy, XO, cognac e tequila.<\/p>\n<p>Informazioni sull'ordine della bottiglia di vetro personalizzata da 750 ml per XO, brandy e whisky<\/p>\n<ul>\n<li><strong>MOQ: 10000 PCS (circa 20000pcs)<\/strong><\/li>\n<li>Capacit\u00e0: 750 ml (servizio personalizzato disponibile)<\/li>\n<li>Colore: trasparente<\/li>\n<li>Servizio personalizzato offerto: Dimensione, capacit\u00e0, modello, colore, tappo, logo, stampa, ecc.<\/li>\n<\/ul>\n<p>Se volete personalizzare la bottiglia di vetro per il vostro marchio, non esitate a contattarci.<\/p>","protected":false},"featured_media":4142,"comment_status":"closed","ping_status":"closed","template":"","meta":[],"product_cat":[40,54,56],"class_list":{"0":"post-4348","1":"product","2":"type-product","3":"status-publish","4":"has-post-thumbnail","6":"product_cat-750ml-liquor-bottle-manufacturer","7":"product_cat-whiskey-bottle","8":"product_cat-xo-brandy-bottle","10":"first","11":"instock","12":"shipping-taxable","13":"product-type-simple"},"yoast_head":"<!-- This site is optimized with the Yoast SEO plugin v22.0 - https:\/\/yoast.com\/wordpress\/plugins\/seo\/ -->\n<title>RS022 Custom 750ml Glass Bottle For XO\/Brandy\/Whisky -<\/title>\n<meta name=\"description\" content=\"Custom 750ml Glass Bottle For XO\/Brandy\/Whisky From China Top Glass Bottle Manufacturer. Factory Outlet&amp;Free Sample Offered.\" \/>\n<meta name=\"robots\" content=\"index, follow, max-snippet:-1, max-image-preview:large, max-video-preview:-1\" \/>\n<link rel=\"canonical\" href=\"https:\/\/ruishengglassco.com\/it\/prodotto\/rs022-bottiglia-di-vetro-personalizzata-da-750-ml-per-whisky-brandy-xo\" \/>\n<meta property=\"og:locale\" content=\"it_IT\" \/>\n<meta property=\"og:type\" content=\"article\" \/>\n<meta property=\"og:title\" content=\"RS022 Custom 750ml Glass Bottle For XO\/Brandy\/Whisky -\" \/>\n<meta property=\"og:description\" content=\"Custom 750ml Glass Bottle For XO\/Brandy\/Whisky From China Top Glass Bottle Manufacturer. Factory Outlet&amp;Free Sample Offered.\" \/>\n<meta property=\"og:url\" content=\"https:\/\/ruishengglassco.com\/it\/prodotto\/rs022-bottiglia-di-vetro-personalizzata-da-750-ml-per-whisky-brandy-xo\" \/>\n<meta property=\"article:publisher\" content=\"https:\/\/www.facebook.com\/ruishengglassbottles\" \/>\n<meta property=\"article:modified_time\" content=\"2025-07-17T06:47:59+00:00\" \/>\n<meta property=\"og:image\" content=\"https:\/\/ruishengglassco.com\/wp-content\/uploads\/2025\/03\/Transparent-750ml-XO-Bottle.webp\" \/>\n\t<meta property=\"og:image:width\" content=\"800\" \/>\n\t<meta property=\"og:image:height\" content=\"800\" \/>\n\t<meta property=\"og:image:type\" content=\"image\/webp\" \/>\n<meta name=\"twitter:card\" content=\"summary_large_image\" \/>\n<meta name=\"twitter:label1\" content=\"Tempo di lettura stimato\" \/>\n\t<meta name=\"twitter:data1\" content=\"2 minuti\" \/>\n<script type=\"application\/ld+json\" class=\"yoast-schema-graph\">{\"@context\":\"https:\/\/schema.org\",\"@graph\":[{\"@type\":\"WebPage\",\"@id\":\"https:\/\/ruishengglassco.com\/product\/rs022-custom-750ml-glass-bottle-for-xo-brandy-whisky\",\"url\":\"https:\/\/ruishengglassco.com\/product\/rs022-custom-750ml-glass-bottle-for-xo-brandy-whisky\",\"name\":\"RS022 Custom 750ml Glass Bottle For XO\/Brandy\/Whisky -\",\"isPartOf\":{\"@id\":\"https:\/\/ruishengglassco.com\/#website\"},\"datePublished\":\"2025-03-15T13:37:28+00:00\",\"dateModified\":\"2025-07-17T06:47:59+00:00\",\"description\":\"Custom 750ml Glass Bottle For XO\/Brandy\/Whisky From China Top Glass Bottle Manufacturer. Factory Outlet&Free Sample Offered.\",\"breadcrumb\":{\"@id\":\"https:\/\/ruishengglassco.com\/product\/rs022-custom-750ml-glass-bottle-for-xo-brandy-whisky#breadcrumb\"},\"inLanguage\":\"it-IT\",\"potentialAction\":[{\"@type\":\"ReadAction\",\"target\":[\"https:\/\/ruishengglassco.com\/product\/rs022-custom-750ml-glass-bottle-for-xo-brandy-whisky\"]}]},{\"@type\":\"BreadcrumbList\",\"@id\":\"https:\/\/ruishengglassco.com\/product\/rs022-custom-750ml-glass-bottle-for-xo-brandy-whisky#breadcrumb\",\"itemListElement\":[{\"@type\":\"ListItem\",\"position\":1,\"name\":\"Home\",\"item\":\"https:\/\/ruishengglassco.com\/\"},{\"@type\":\"ListItem\",\"position\":2,\"name\":\"Products\",\"item\":\"https:\/\/ruishengglassco.com\/products\"},{\"@type\":\"ListItem\",\"position\":3,\"name\":\"RS022 Custom 750ml Glass Bottle For XO\/Brandy\/Whisky\"}]},{\"@type\":\"WebSite\",\"@id\":\"https:\/\/ruishengglassco.com\/#website\",\"url\":\"https:\/\/ruishengglassco.com\/\",\"name\":\"Ruisheng Glass\",\"description\":\"\",\"publisher\":{\"@id\":\"https:\/\/ruishengglassco.com\/#organization\"},\"potentialAction\":[{\"@type\":\"SearchAction\",\"target\":{\"@type\":\"EntryPoint\",\"urlTemplate\":\"https:\/\/ruishengglassco.com\/?s={search_term_string}\"},\"query-input\":\"required name=search_term_string\"}],\"inLanguage\":\"it-IT\"},{\"@type\":\"Organization\",\"@id\":\"https:\/\/ruishengglassco.com\/#organization\",\"name\":\"Shandong Yuncheng Ruisheng Glass Co., Ltd\",\"url\":\"https:\/\/ruishengglassco.com\/\",\"logo\":{\"@type\":\"ImageObject\",\"inLanguage\":\"it-IT\",\"@id\":\"https:\/\/ruishengglassco.com\/#\/schema\/logo\/image\/\",\"url\":\"https:\/\/ruishengglassco.com\/wp-content\/uploads\/2023\/09\/ruisheng_logo_icon.webp\",\"contentUrl\":\"https:\/\/ruishengglassco.com\/wp-content\/uploads\/2023\/09\/ruisheng_logo_icon.webp\",\"width\":400,\"height\":233,\"caption\":\"Shandong Yuncheng Ruisheng Glass Co., Ltd\"},\"image\":{\"@id\":\"https:\/\/ruishengglassco.com\/#\/schema\/logo\/image\/\"},\"sameAs\":[\"https:\/\/www.facebook.com\/ruishengglassbottles\",\"https:\/\/www.instagram.com\/Ruishengglassbottlewholesales\/\",\"https:\/\/www.youtube.com\/channel\/UCMmbMNGwsL-XrtjfSFLCdVQ\"]}]}<\/script>\n<!-- \/ Yoast SEO plugin. -->","yoast_head_json":{"title":"RS022 Custom 750ml Glass Bottle For XO\/Brandy\/Whisky -","description":"Custom 750ml Glass Bottle For XO\/Brandy\/Whisky From China Top Glass Bottle Manufacturer. Factory Outlet&Free Sample Offered.","robots":{"index":"index","follow":"follow","max-snippet":"max-snippet:-1","max-image-preview":"max-image-preview:large","max-video-preview":"max-video-preview:-1"},"canonical":"https:\/\/ruishengglassco.com\/it\/prodotto\/rs022-bottiglia-di-vetro-personalizzata-da-750-ml-per-whisky-brandy-xo","og_locale":"it_IT","og_type":"article","og_title":"RS022 Custom 750ml Glass Bottle For XO\/Brandy\/Whisky -","og_description":"Custom 750ml Glass Bottle For XO\/Brandy\/Whisky From China Top Glass Bottle Manufacturer. Factory Outlet&Free Sample Offered.","og_url":"https:\/\/ruishengglassco.com\/it\/prodotto\/rs022-bottiglia-di-vetro-personalizzata-da-750-ml-per-whisky-brandy-xo","article_publisher":"https:\/\/www.facebook.com\/ruishengglassbottles","article_modified_time":"2025-07-17T06:47:59+00:00","og_image":[{"width":800,"height":800,"url":"https:\/\/ruishengglassco.com\/wp-content\/uploads\/2025\/03\/Transparent-750ml-XO-Bottle.webp","type":"image\/webp"}],"twitter_card":"summary_large_image","twitter_misc":{"Tempo di lettura stimato":"2 minuti"},"schema":{"@context":"https:\/\/schema.org","@graph":[{"@type":"WebPage","@id":"https:\/\/ruishengglassco.com\/product\/rs022-custom-750ml-glass-bottle-for-xo-brandy-whisky","url":"https:\/\/ruishengglassco.com\/product\/rs022-custom-750ml-glass-bottle-for-xo-brandy-whisky","name":"RS022 Custom 750ml Glass Bottle For XO\/Brandy\/Whisky -","isPartOf":{"@id":"https:\/\/ruishengglassco.com\/#website"},"datePublished":"2025-03-15T13:37:28+00:00","dateModified":"2025-07-17T06:47:59+00:00","description":"Custom 750ml Glass Bottle For XO\/Brandy\/Whisky From China Top Glass Bottle Manufacturer. Factory Outlet&Free Sample Offered.","breadcrumb":{"@id":"https:\/\/ruishengglassco.com\/product\/rs022-custom-750ml-glass-bottle-for-xo-brandy-whisky#breadcrumb"},"inLanguage":"it-IT","potentialAction":[{"@type":"ReadAction","target":["https:\/\/ruishengglassco.com\/product\/rs022-custom-750ml-glass-bottle-for-xo-brandy-whisky"]}]},{"@type":"BreadcrumbList","@id":"https:\/\/ruishengglassco.com\/product\/rs022-custom-750ml-glass-bottle-for-xo-brandy-whisky#breadcrumb","itemListElement":[{"@type":"ListItem","position":1,"name":"Home","item":"https:\/\/ruishengglassco.com\/"},{"@type":"ListItem","position":2,"name":"Products","item":"https:\/\/ruishengglassco.com\/products"},{"@type":"ListItem","position":3,"name":"RS022 Custom 750ml Glass Bottle For XO\/Brandy\/Whisky"}]},{"@type":"WebSite","@id":"https:\/\/ruishengglassco.com\/#website","url":"https:\/\/ruishengglassco.com\/","name":"Ruisheng Glass","description":"","publisher":{"@id":"https:\/\/ruishengglassco.com\/#organization"},"potentialAction":[{"@type":"SearchAction","target":{"@type":"EntryPoint","urlTemplate":"https:\/\/ruishengglassco.com\/?s={search_term_string}"},"query-input":"required name=search_term_string"}],"inLanguage":"it-IT"},{"@type":"Organization","@id":"https:\/\/ruishengglassco.com\/#organization","name":"Shandong Yuncheng Ruisheng Glass Co., Ltd","url":"https:\/\/ruishengglassco.com\/","logo":{"@type":"ImageObject","inLanguage":"it-IT","@id":"https:\/\/ruishengglassco.com\/#\/schema\/logo\/image\/","url":"https:\/\/ruishengglassco.com\/wp-content\/uploads\/2023\/09\/ruisheng_logo_icon.webp","contentUrl":"https:\/\/ruishengglassco.com\/wp-content\/uploads\/2023\/09\/ruisheng_logo_icon.webp","width":400,"height":233,"caption":"Shandong Yuncheng Ruisheng Glass Co., Ltd"},"image":{"@id":"https:\/\/ruishengglassco.com\/#\/schema\/logo\/image\/"},"sameAs":["https:\/\/www.facebook.com\/ruishengglassbottles","https:\/\/www.instagram.com\/Ruishengglassbottlewholesales\/","https:\/\/www.youtube.com\/channel\/UCMmbMNGwsL-XrtjfSFLCdVQ"]}]}},"_links":{"self":[{"href":"https:\/\/ruishengglassco.com\/it\/wp-json\/wp\/v2\/product\/4348","targetHints":{"allow":["GET"]}}],"collection":[{"href":"https:\/\/ruishengglassco.com\/it\/wp-json\/wp\/v2\/product"}],"about":[{"href":"https:\/\/ruishengglassco.com\/it\/wp-json\/wp\/v2\/types\/product"}],"replies":[{"embeddable":true,"href":"https:\/\/ruishengglassco.com\/it\/wp-json\/wp\/v2\/comments?post=4348"}],"wp:featuredmedia":[{"embeddable":true,"href":"https:\/\/ruishengglassco.com\/it\/wp-json\/wp\/v2\/media\/4142"}],"wp:attachment":[{"href":"https:\/\/ruishengglassco.com\/it\/wp-json\/wp\/v2\/media?parent=4348"}],"wp:term":[{"taxonomy":"product_cat","embeddable":true,"href":"https:\/\/ruishengglassco.com\/it\/wp-json\/wp\/v2\/product_cat?post=4348"}],"curies":[{"name":"wp","href":"https:\/\/api.w.org\/{rel}","templated":true}]}}