{"id":4346,"date":"2025-03-15T14:02:55","date_gmt":"2025-03-15T06:02:55","guid":{"rendered":"https:\/\/ruishengglassco.com\/?post_type=product&#038;p=4346"},"modified":"2025-07-17T14:46:54","modified_gmt":"2025-07-17T06:46:54","slug":"rs023-750ml-bottiglie-di-vino-produttori","status":"publish","type":"product","link":"https:\/\/ruishengglassco.com\/it\/prodotto\/rs023-750ml-bottiglie-di-vino-produttori","title":{"rendered":"RS023 Bottiglie da vino da 750 ml Produttori"},"content":{"rendered":"<h2>Inizia il tuo ordine per Produttori di bottiglie di vino da 750 ml<\/h2>\n<p><span data-preserver-spaces=\"true\">Questa serie di bottiglie di vino da 750 ml \u00e8 una delle opzioni pi\u00f9 popolari per le bottiglie di vetro. Il prodotto utilizza materiale in vetro flint di alta qualit\u00e0 per rendere la bottiglia di vetro pi\u00f9 trasparente, chiara e meno soggetta a rotture.<\/span><\/p>\n<p><strong><span data-preserver-spaces=\"true\">Caratteristiche<\/span><\/strong><\/p>\n<ul>\n<li><span data-preserver-spaces=\"true\">Un team internazionalizzato e appassionato con una media di 10 anni di esperienza.<\/span><\/li>\n<li><span data-preserver-spaces=\"true\">Ampia linea di produzione in stock<\/span><\/li>\n<li><span data-preserver-spaces=\"true\">Design e stampi personalizzati<\/span><\/li>\n<li><span data-preserver-spaces=\"true\">Lavorare online 24 ore su 24, 7 giorni su 7<\/span><\/li>\n<\/ul>\n<p><strong><span data-preserver-spaces=\"true\">Cliente preoccupato<\/span><\/strong><\/p>\n<ol>\n<li><strong><span data-preserver-spaces=\"true\">Qual \u00e8 il MOQ di 750ml bottiglie di vino di vetro all'ingrosso?<\/span><\/strong><\/li>\n<\/ol>\n<p><span data-preserver-spaces=\"true\">Ruisheng \u00e8 un produttore professionale di bottiglie di vino<\/span><span data-preserver-spaces=\"true\">. <\/span><span data-preserver-spaces=\"true\">Noi <\/span><span data-preserver-spaces=\"true\">solo<\/span><span data-preserver-spaces=\"true\"> Forniamo bottiglie di vetro all'ingrosso, non al dettaglio.<\/span><span data-preserver-spaces=\"true\"> Il <\/span><strong><span data-preserver-spaces=\"true\">Il MOQ \u00e8 di 10000 PCS\uff08circa 10000 pezzi)<\/span><\/strong><\/p>\n<p><strong><span data-preserver-spaces=\"true\">2. Come possiamo sapere che sono privi di piombo e di qualit\u00e0 alimentare?<\/span><\/strong><\/p>\n<p><span data-preserver-spaces=\"true\">Offriamo tre tipi di vetro: <\/span><span data-preserver-spaces=\"true\">comune, bianco intenso e bianco cristallino. Tutti sono di grado alimentare e senza piombo. <\/span><span data-preserver-spaces=\"true\">Superiamo i test di qualit\u00e0 alimentare<\/span><span data-preserver-spaces=\"true\">, <\/span><span data-preserver-spaces=\"true\">cos\u00ec<\/span><span data-preserver-spaces=\"true\"> di cui ci si pu\u00f2 fidare<\/span><span data-preserver-spaces=\"true\"> la sicurezza dei nostri prodotti.<\/span><\/p>\n<p><span data-preserver-spaces=\"true\">3. <\/span><strong><span data-preserver-spaces=\"true\">Come posso ottenere un campione per verificare la vostra qualit\u00e0? Offrite campioni gratuiti?<\/span><\/strong><\/p>\n<p><span data-preserver-spaces=\"true\">S\u00ec, sono disponibili campioni gratuiti e<\/span> <span data-preserver-spaces=\"true\">assicurazione del commercio diretto <\/span><span data-preserver-spaces=\"true\">\u00e8 consentito l'invio dell'ordine. Solo il costo del trasporto \u00e8 a carico del cliente, che sar\u00e0 rimborsato una volta che l'ordine <\/span><span data-preserver-spaces=\"true\">viene posizionato<\/span><span data-preserver-spaces=\"true\">. <\/span><span data-preserver-spaces=\"true\">Oppure<\/span><span data-preserver-spaces=\"true\"> se disponete di un account per il corriere, possiamo organizzare i campioni <\/span><span data-preserver-spaces=\"true\">per la raccolta<\/span><span data-preserver-spaces=\"true\">.<\/span><\/p>\n<p><span data-preserver-spaces=\"true\">\u00a0<\/span><\/p>","protected":false},"excerpt":{"rendered":"<p data-block-id=\"8fa35e9a-1d07-4d51-8e2a-10f10deb4f39\" data-pm-slice=\"1 1 []\">Ruisheng \u00e8 un professionista nella produzione di bottiglie di vetro. Offre bottiglie di vino da 750 ml all'ingrosso per aziende vinicole, marchi e altro ancora. La nostra azienda \u00e8 impegnata nella produzione di bottiglie di vetro da oltre 10 anni. In qualit\u00e0 di fornitore professionale di bottiglie di vetro, forniamo un servizio personalizzato OEM\/ODM per ordini all'ingrosso.<\/p>\n<h2>Informazioni dettagliate sulle bottiglie di vino da 750 ml all'ingrosso<\/h2>\n<ul>\n<li>Nome: 750 ml bottiglie di vino all'ingrosso<\/li>\n<li>Numero di modello: Rs-750<\/li>\n<li>Materiale: Materiale del vetro Super Flint<\/li>\n<li>Tipo di chiusura: Sughero, tappo a vite, tappo in sughero, tappo in vetro, tappo Twist-off, tappo a vite<\/li>\n<li><span style=\"color: #ff6600;\"><strong>MOQ: 10000pcs (circa 10000pcs)<\/strong><\/span><\/li>\n<li>Imballaggio: Cartoni con divisorio in cartone, pallet, pallet+cartone, scatola di colore con logo personalizzato<\/li>\n<li>Tempi di consegna: consegna in stock entro 7 giorni. Consegna delle bottiglie personalizzate entro 25-30 giorni.<\/li>\n<\/ul>\n<p>Se volete ottenere maggiori dettagli su questo 750 ml bottiglie di vino all'ingrosso, si prega di fare clic qui per chattare con le nostre vendite.<\/p>\n<p>&nbsp;<\/p>","protected":false},"featured_media":4347,"comment_status":"closed","ping_status":"closed","template":"","meta":[],"product_cat":[40],"class_list":{"0":"post-4346","1":"product","2":"type-product","3":"status-publish","4":"has-post-thumbnail","6":"product_cat-750ml-liquor-bottle-manufacturer","8":"first","9":"instock","10":"shipping-taxable","11":"product-type-simple"},"yoast_head":"<!-- This site is optimized with the Yoast SEO plugin v22.0 - https:\/\/yoast.com\/wordpress\/plugins\/seo\/ -->\n<title>750 ml Wine Bottles Manufacturers | Red Wine Bottle Manufacturer-Ruisheng<\/title>\n<meta name=\"description\" content=\"Ruisheng, a professional glass bottle manufacturer&amp;supplier, provide 750 ml Wine Bottles Manufacturers for wine company, brand, and etc.\" \/>\n<meta name=\"robots\" content=\"index, follow, max-snippet:-1, max-image-preview:large, max-video-preview:-1\" \/>\n<link rel=\"canonical\" href=\"https:\/\/ruishengglassco.com\/it\/prodotto\/rs023-750ml-bottiglie-di-vino-produttori\" \/>\n<meta property=\"og:locale\" content=\"it_IT\" \/>\n<meta property=\"og:type\" content=\"article\" \/>\n<meta property=\"og:title\" content=\"750 ml Wine Bottles Manufacturers | Red Wine Bottle Manufacturer-Ruisheng\" \/>\n<meta property=\"og:description\" content=\"Ruisheng, a professional glass bottle manufacturer&amp;supplier, provide 750 ml Wine Bottles Manufacturers for wine company, brand, and etc.\" \/>\n<meta property=\"og:url\" content=\"https:\/\/ruishengglassco.com\/it\/prodotto\/rs023-750ml-bottiglie-di-vino-produttori\" \/>\n<meta property=\"article:publisher\" content=\"https:\/\/www.facebook.com\/ruishengglassbottles\" \/>\n<meta property=\"article:modified_time\" content=\"2025-07-17T06:46:54+00:00\" \/>\n<meta property=\"og:image\" content=\"https:\/\/ruishengglassco.com\/wp-content\/uploads\/2025\/03\/RS023-750-ml-Wine-Bottles-Wholesale.webp\" \/>\n\t<meta property=\"og:image:width\" content=\"1000\" \/>\n\t<meta property=\"og:image:height\" content=\"1000\" \/>\n\t<meta property=\"og:image:type\" content=\"image\/webp\" \/>\n<meta name=\"twitter:card\" content=\"summary_large_image\" \/>\n<meta name=\"twitter:label1\" content=\"Tempo di lettura stimato\" \/>\n\t<meta name=\"twitter:data1\" content=\"2 minuti\" \/>\n<script type=\"application\/ld+json\" class=\"yoast-schema-graph\">{\"@context\":\"https:\/\/schema.org\",\"@graph\":[{\"@type\":\"WebPage\",\"@id\":\"https:\/\/ruishengglassco.com\/product\/rs023-750ml-wine-bottles-manufacturers\",\"url\":\"https:\/\/ruishengglassco.com\/product\/rs023-750ml-wine-bottles-manufacturers\",\"name\":\"750 ml Wine Bottles Manufacturers | Red Wine Bottle Manufacturer-Ruisheng\",\"isPartOf\":{\"@id\":\"https:\/\/ruishengglassco.com\/#website\"},\"datePublished\":\"2025-03-15T06:02:55+00:00\",\"dateModified\":\"2025-07-17T06:46:54+00:00\",\"description\":\"Ruisheng, a professional glass bottle manufacturer&supplier, provide 750 ml Wine Bottles Manufacturers for wine company, brand, and etc.\",\"breadcrumb\":{\"@id\":\"https:\/\/ruishengglassco.com\/product\/rs023-750ml-wine-bottles-manufacturers#breadcrumb\"},\"inLanguage\":\"it-IT\",\"potentialAction\":[{\"@type\":\"ReadAction\",\"target\":[\"https:\/\/ruishengglassco.com\/product\/rs023-750ml-wine-bottles-manufacturers\"]}]},{\"@type\":\"BreadcrumbList\",\"@id\":\"https:\/\/ruishengglassco.com\/product\/rs023-750ml-wine-bottles-manufacturers#breadcrumb\",\"itemListElement\":[{\"@type\":\"ListItem\",\"position\":1,\"name\":\"Home\",\"item\":\"https:\/\/ruishengglassco.com\/\"},{\"@type\":\"ListItem\",\"position\":2,\"name\":\"Products\",\"item\":\"https:\/\/ruishengglassco.com\/products\"},{\"@type\":\"ListItem\",\"position\":3,\"name\":\"RS023 750ml Wine Bottles Manufacturers\"}]},{\"@type\":\"WebSite\",\"@id\":\"https:\/\/ruishengglassco.com\/#website\",\"url\":\"https:\/\/ruishengglassco.com\/\",\"name\":\"Ruisheng Glass\",\"description\":\"\",\"publisher\":{\"@id\":\"https:\/\/ruishengglassco.com\/#organization\"},\"potentialAction\":[{\"@type\":\"SearchAction\",\"target\":{\"@type\":\"EntryPoint\",\"urlTemplate\":\"https:\/\/ruishengglassco.com\/?s={search_term_string}\"},\"query-input\":\"required name=search_term_string\"}],\"inLanguage\":\"it-IT\"},{\"@type\":\"Organization\",\"@id\":\"https:\/\/ruishengglassco.com\/#organization\",\"name\":\"Shandong Yuncheng Ruisheng Glass Co., Ltd\",\"url\":\"https:\/\/ruishengglassco.com\/\",\"logo\":{\"@type\":\"ImageObject\",\"inLanguage\":\"it-IT\",\"@id\":\"https:\/\/ruishengglassco.com\/#\/schema\/logo\/image\/\",\"url\":\"https:\/\/ruishengglassco.com\/wp-content\/uploads\/2023\/09\/ruisheng_logo_icon.webp\",\"contentUrl\":\"https:\/\/ruishengglassco.com\/wp-content\/uploads\/2023\/09\/ruisheng_logo_icon.webp\",\"width\":400,\"height\":233,\"caption\":\"Shandong Yuncheng Ruisheng Glass Co., Ltd\"},\"image\":{\"@id\":\"https:\/\/ruishengglassco.com\/#\/schema\/logo\/image\/\"},\"sameAs\":[\"https:\/\/www.facebook.com\/ruishengglassbottles\",\"https:\/\/www.instagram.com\/Ruishengglassbottlewholesales\/\",\"https:\/\/www.youtube.com\/channel\/UCMmbMNGwsL-XrtjfSFLCdVQ\"]}]}<\/script>\n<!-- \/ Yoast SEO plugin. -->","yoast_head_json":{"title":"750 ml Wine Bottles Manufacturers | Red Wine Bottle Manufacturer-Ruisheng","description":"Ruisheng, a professional glass bottle manufacturer&supplier, provide 750 ml Wine Bottles Manufacturers for wine company, brand, and etc.","robots":{"index":"index","follow":"follow","max-snippet":"max-snippet:-1","max-image-preview":"max-image-preview:large","max-video-preview":"max-video-preview:-1"},"canonical":"https:\/\/ruishengglassco.com\/it\/prodotto\/rs023-750ml-bottiglie-di-vino-produttori","og_locale":"it_IT","og_type":"article","og_title":"750 ml Wine Bottles Manufacturers | Red Wine Bottle Manufacturer-Ruisheng","og_description":"Ruisheng, a professional glass bottle manufacturer&supplier, provide 750 ml Wine Bottles Manufacturers for wine company, brand, and etc.","og_url":"https:\/\/ruishengglassco.com\/it\/prodotto\/rs023-750ml-bottiglie-di-vino-produttori","article_publisher":"https:\/\/www.facebook.com\/ruishengglassbottles","article_modified_time":"2025-07-17T06:46:54+00:00","og_image":[{"width":1000,"height":1000,"url":"https:\/\/ruishengglassco.com\/wp-content\/uploads\/2025\/03\/RS023-750-ml-Wine-Bottles-Wholesale.webp","type":"image\/webp"}],"twitter_card":"summary_large_image","twitter_misc":{"Tempo di lettura stimato":"2 minuti"},"schema":{"@context":"https:\/\/schema.org","@graph":[{"@type":"WebPage","@id":"https:\/\/ruishengglassco.com\/product\/rs023-750ml-wine-bottles-manufacturers","url":"https:\/\/ruishengglassco.com\/product\/rs023-750ml-wine-bottles-manufacturers","name":"750 ml Wine Bottles Manufacturers | Red Wine Bottle Manufacturer-Ruisheng","isPartOf":{"@id":"https:\/\/ruishengglassco.com\/#website"},"datePublished":"2025-03-15T06:02:55+00:00","dateModified":"2025-07-17T06:46:54+00:00","description":"Ruisheng, a professional glass bottle manufacturer&supplier, provide 750 ml Wine Bottles Manufacturers for wine company, brand, and etc.","breadcrumb":{"@id":"https:\/\/ruishengglassco.com\/product\/rs023-750ml-wine-bottles-manufacturers#breadcrumb"},"inLanguage":"it-IT","potentialAction":[{"@type":"ReadAction","target":["https:\/\/ruishengglassco.com\/product\/rs023-750ml-wine-bottles-manufacturers"]}]},{"@type":"BreadcrumbList","@id":"https:\/\/ruishengglassco.com\/product\/rs023-750ml-wine-bottles-manufacturers#breadcrumb","itemListElement":[{"@type":"ListItem","position":1,"name":"Home","item":"https:\/\/ruishengglassco.com\/"},{"@type":"ListItem","position":2,"name":"Products","item":"https:\/\/ruishengglassco.com\/products"},{"@type":"ListItem","position":3,"name":"RS023 750ml Wine Bottles Manufacturers"}]},{"@type":"WebSite","@id":"https:\/\/ruishengglassco.com\/#website","url":"https:\/\/ruishengglassco.com\/","name":"Ruisheng Glass","description":"","publisher":{"@id":"https:\/\/ruishengglassco.com\/#organization"},"potentialAction":[{"@type":"SearchAction","target":{"@type":"EntryPoint","urlTemplate":"https:\/\/ruishengglassco.com\/?s={search_term_string}"},"query-input":"required name=search_term_string"}],"inLanguage":"it-IT"},{"@type":"Organization","@id":"https:\/\/ruishengglassco.com\/#organization","name":"Shandong Yuncheng Ruisheng Glass Co., Ltd","url":"https:\/\/ruishengglassco.com\/","logo":{"@type":"ImageObject","inLanguage":"it-IT","@id":"https:\/\/ruishengglassco.com\/#\/schema\/logo\/image\/","url":"https:\/\/ruishengglassco.com\/wp-content\/uploads\/2023\/09\/ruisheng_logo_icon.webp","contentUrl":"https:\/\/ruishengglassco.com\/wp-content\/uploads\/2023\/09\/ruisheng_logo_icon.webp","width":400,"height":233,"caption":"Shandong Yuncheng Ruisheng Glass Co., Ltd"},"image":{"@id":"https:\/\/ruishengglassco.com\/#\/schema\/logo\/image\/"},"sameAs":["https:\/\/www.facebook.com\/ruishengglassbottles","https:\/\/www.instagram.com\/Ruishengglassbottlewholesales\/","https:\/\/www.youtube.com\/channel\/UCMmbMNGwsL-XrtjfSFLCdVQ"]}]}},"_links":{"self":[{"href":"https:\/\/ruishengglassco.com\/it\/wp-json\/wp\/v2\/product\/4346","targetHints":{"allow":["GET"]}}],"collection":[{"href":"https:\/\/ruishengglassco.com\/it\/wp-json\/wp\/v2\/product"}],"about":[{"href":"https:\/\/ruishengglassco.com\/it\/wp-json\/wp\/v2\/types\/product"}],"replies":[{"embeddable":true,"href":"https:\/\/ruishengglassco.com\/it\/wp-json\/wp\/v2\/comments?post=4346"}],"wp:featuredmedia":[{"embeddable":true,"href":"https:\/\/ruishengglassco.com\/it\/wp-json\/wp\/v2\/media\/4347"}],"wp:attachment":[{"href":"https:\/\/ruishengglassco.com\/it\/wp-json\/wp\/v2\/media?parent=4346"}],"wp:term":[{"taxonomy":"product_cat","embeddable":true,"href":"https:\/\/ruishengglassco.com\/it\/wp-json\/wp\/v2\/product_cat?post=4346"}],"curies":[{"name":"wp","href":"https:\/\/api.w.org\/{rel}","templated":true}]}}