{"id":4310,"date":"2025-03-15T12:32:49","date_gmt":"2025-03-15T04:32:49","guid":{"rendered":"https:\/\/ruishengglassco.com\/?post_type=product&#038;p=4310"},"modified":"2025-07-17T14:37:13","modified_gmt":"2025-07-17T06:37:13","slug":"rs040-700ml-750ml-1000ml-bottiglia-di-vodka-smerigliata-allingrosso","status":"publish","type":"product","link":"https:\/\/ruishengglassco.com\/it\/prodotto\/rs040-700ml-750ml-1000ml-bottiglia-di-vodka-smerigliata-allingrosso","title":{"rendered":"RS040: 700ml 750ml 1000ml Produttori di bottiglie di vodka smerigliate"},"content":{"rendered":"<h2>Dettagli sui produttori di bottiglie di vodka smerigliate da 1000 ml<\/h2>\n<p>Questa bottiglia di vodka smerigliata ha un corpo dal design sottile ed \u00e8 utilizzata principalmente per confezionare vodka, whisky e brandy. I clienti scelgono solitamente tra due formati standard: 700 ml e 750 ml. Sono disponibili anche molte altre specifiche e capacit\u00e0. La nostra bottiglia vuota di vodka \u00e8 realizzata in vetro ad alta resistenza e senza piombo. Questo rende la bottiglia pi\u00f9 trasparente, chiara e meno soggetta a rotture.<\/p>\n<p>In qualit\u00e0 di azienda produttrice di bottiglie di vetro, offriamo servizi di bottiglie di vetro personalizzate. Ruisheng offre un modello di bottiglia di vetro gratuito per la produzione. Se la vostra azienda dispone di un modello o di un design, possiamo produrlo in base alle vostre esigenze. Allo stesso tempo, forniamo servizi di private label e logo stampato.<\/p>\n<h2>Specifiche sulla nostra bottiglia di vodka vuota<\/h2>\n<ul>\n<li>Nome del prodotto: Commercio all'ingrosso 1 litro chiaro vodka bottiglia di vetro vuoto spirito bottiglia 750ml<\/li>\n<li>Servizio: possiamo soddisfare tutte le vostre esigenze tra cui il logo di stampa, etichette decalcomanie, goffratura, engravicng, galvanica, glassa, pittura e si pu\u00f2 personalizzare la stampa di cartoni al dettaglio e stile sughero<\/li>\n<li>Marchio: RS<\/li>\n<li>Materiale: Materiale bianco cristallino, materiale estremamente bianco<\/li>\n<li>Specifiche: 50ml-3500ml<\/li>\n<li>Caratteristica: Alta qualit\u00e0, pi\u00f9 trasparente, infrangibile, riciclabile<\/li>\n<li>Campione: Gratuito se si utilizza lo stampo esistente.<\/li>\n<li>Standard: ISO9001:2008, ISO14001:2004<\/li>\n<li>Metodo di imballaggio: Imballaggio standard di esportazione o imballaggio personalizzato<\/li>\n<li>Tempi di consegna: entro 20-30 giorni in base alle dimensioni e alla quantit\u00e0 richieste.<\/li>\n<\/ul>\n<p>Se volete ottenere maggiori informazioni, non esitate a contattarci.<\/p>","protected":false},"excerpt":{"rendered":"<p>Ruisheng \u00e8 un produttore di bottiglie per liquori in Cina. Offre bottiglie di vodka smerigliata da 1000 ml per marchi, fabbriche e grossisti. Fondata nel 2009, Ruisheng vanta oltre 10 anni di esperienza nella progettazione e produzione di bottiglie di vetro. Come fabbrica di bottiglie di vetro di alto livello, la nostra produzione giornaliera \u00e8 di 120.000 pezzi. Siamo in grado di completare l'ordine in tempi prestabiliti in base alle vostre esigenze.<\/p>\n<ul>\n<li><strong>MOQ: 10000pcs<\/strong><\/li>\n<li><strong>Campione: Campione gratuito offerto<\/strong><\/li>\n<li><strong>Consegna: Entro 30 giorni<\/strong><\/li>\n<\/ul>\n<p>Se volete ottenere il prezzo della bottiglia di vodka, cliccate qui per contattarci.<\/p>","protected":false},"featured_media":4311,"comment_status":"closed","ping_status":"closed","template":"","meta":[],"product_cat":[43,52],"class_list":{"0":"post-4310","1":"product","2":"type-product","3":"status-publish","4":"has-post-thumbnail","6":"product_cat-1000ml-liquor-bottle-manufacturer","7":"product_cat-vodka-bottle","9":"first","10":"instock","11":"shipping-taxable","12":"product-type-simple"},"yoast_head":"<!-- This site is optimized with the Yoast SEO plugin v22.0 - https:\/\/yoast.com\/wordpress\/plugins\/seo\/ -->\n<title>1000ml Frosted Vodka Bottle Manufacturers | Best Vodka Bottles Suppliers<\/title>\n<meta name=\"description\" content=\"Ruisheng, one of the best vodka bottles suppliers in China, provide 1000ml frosted vodka bottle wholesale in factory outlet price.\" \/>\n<meta name=\"robots\" content=\"index, follow, max-snippet:-1, max-image-preview:large, max-video-preview:-1\" \/>\n<link rel=\"canonical\" href=\"https:\/\/ruishengglassco.com\/it\/prodotto\/rs040-700ml-750ml-1000ml-bottiglia-di-vodka-smerigliata-allingrosso\" \/>\n<meta property=\"og:locale\" content=\"it_IT\" \/>\n<meta property=\"og:type\" content=\"article\" \/>\n<meta property=\"og:title\" content=\"1000ml Frosted Vodka Bottle Manufacturers | Best Vodka Bottles Suppliers\" \/>\n<meta property=\"og:description\" content=\"Ruisheng, one of the best vodka bottles suppliers in China, provide 1000ml frosted vodka bottle wholesale in factory outlet price.\" \/>\n<meta property=\"og:url\" content=\"https:\/\/ruishengglassco.com\/it\/prodotto\/rs040-700ml-750ml-1000ml-bottiglia-di-vodka-smerigliata-allingrosso\" \/>\n<meta property=\"article:publisher\" content=\"https:\/\/www.facebook.com\/ruishengglassbottles\" \/>\n<meta property=\"article:modified_time\" content=\"2025-07-17T06:37:13+00:00\" \/>\n<meta property=\"og:image\" content=\"https:\/\/ruishengglassco.com\/wp-content\/uploads\/2025\/03\/RS040-700ml-750ml-1000ml-Frosted-Vodka-Bottle-Wholesale.webp\" \/>\n\t<meta property=\"og:image:width\" content=\"800\" \/>\n\t<meta property=\"og:image:height\" content=\"800\" \/>\n\t<meta property=\"og:image:type\" content=\"image\/webp\" \/>\n<meta name=\"twitter:card\" content=\"summary_large_image\" \/>\n<meta name=\"twitter:label1\" content=\"Tempo di lettura stimato\" \/>\n\t<meta name=\"twitter:data1\" content=\"2 minuti\" \/>\n<script type=\"application\/ld+json\" class=\"yoast-schema-graph\">{\"@context\":\"https:\/\/schema.org\",\"@graph\":[{\"@type\":\"WebPage\",\"@id\":\"https:\/\/ruishengglassco.com\/product\/rs040-700ml-750ml-1000ml-frosted-vodka-bottle-wholesale\",\"url\":\"https:\/\/ruishengglassco.com\/product\/rs040-700ml-750ml-1000ml-frosted-vodka-bottle-wholesale\",\"name\":\"1000ml Frosted Vodka Bottle Manufacturers | Best Vodka Bottles Suppliers\",\"isPartOf\":{\"@id\":\"https:\/\/ruishengglassco.com\/#website\"},\"datePublished\":\"2025-03-15T04:32:49+00:00\",\"dateModified\":\"2025-07-17T06:37:13+00:00\",\"description\":\"Ruisheng, one of the best vodka bottles suppliers in China, provide 1000ml frosted vodka bottle wholesale in factory outlet price.\",\"breadcrumb\":{\"@id\":\"https:\/\/ruishengglassco.com\/product\/rs040-700ml-750ml-1000ml-frosted-vodka-bottle-wholesale#breadcrumb\"},\"inLanguage\":\"it-IT\",\"potentialAction\":[{\"@type\":\"ReadAction\",\"target\":[\"https:\/\/ruishengglassco.com\/product\/rs040-700ml-750ml-1000ml-frosted-vodka-bottle-wholesale\"]}]},{\"@type\":\"BreadcrumbList\",\"@id\":\"https:\/\/ruishengglassco.com\/product\/rs040-700ml-750ml-1000ml-frosted-vodka-bottle-wholesale#breadcrumb\",\"itemListElement\":[{\"@type\":\"ListItem\",\"position\":1,\"name\":\"Home\",\"item\":\"https:\/\/ruishengglassco.com\/\"},{\"@type\":\"ListItem\",\"position\":2,\"name\":\"Products\",\"item\":\"https:\/\/ruishengglassco.com\/products\"},{\"@type\":\"ListItem\",\"position\":3,\"name\":\"RS040: 700ml 750ml 1000ml Frosted Vodka Bottle Manufacturers\"}]},{\"@type\":\"WebSite\",\"@id\":\"https:\/\/ruishengglassco.com\/#website\",\"url\":\"https:\/\/ruishengglassco.com\/\",\"name\":\"Ruisheng Glass\",\"description\":\"\",\"publisher\":{\"@id\":\"https:\/\/ruishengglassco.com\/#organization\"},\"potentialAction\":[{\"@type\":\"SearchAction\",\"target\":{\"@type\":\"EntryPoint\",\"urlTemplate\":\"https:\/\/ruishengglassco.com\/?s={search_term_string}\"},\"query-input\":\"required name=search_term_string\"}],\"inLanguage\":\"it-IT\"},{\"@type\":\"Organization\",\"@id\":\"https:\/\/ruishengglassco.com\/#organization\",\"name\":\"Shandong Yuncheng Ruisheng Glass Co., Ltd\",\"url\":\"https:\/\/ruishengglassco.com\/\",\"logo\":{\"@type\":\"ImageObject\",\"inLanguage\":\"it-IT\",\"@id\":\"https:\/\/ruishengglassco.com\/#\/schema\/logo\/image\/\",\"url\":\"https:\/\/ruishengglassco.com\/wp-content\/uploads\/2023\/09\/ruisheng_logo_icon.webp\",\"contentUrl\":\"https:\/\/ruishengglassco.com\/wp-content\/uploads\/2023\/09\/ruisheng_logo_icon.webp\",\"width\":400,\"height\":233,\"caption\":\"Shandong Yuncheng Ruisheng Glass Co., Ltd\"},\"image\":{\"@id\":\"https:\/\/ruishengglassco.com\/#\/schema\/logo\/image\/\"},\"sameAs\":[\"https:\/\/www.facebook.com\/ruishengglassbottles\",\"https:\/\/www.instagram.com\/Ruishengglassbottlewholesales\/\",\"https:\/\/www.youtube.com\/channel\/UCMmbMNGwsL-XrtjfSFLCdVQ\"]}]}<\/script>\n<!-- \/ Yoast SEO plugin. -->","yoast_head_json":{"title":"1000ml Frosted Vodka Bottle Manufacturers | Best Vodka Bottles Suppliers","description":"Ruisheng, one of the best vodka bottles suppliers in China, provide 1000ml frosted vodka bottle wholesale in factory outlet price.","robots":{"index":"index","follow":"follow","max-snippet":"max-snippet:-1","max-image-preview":"max-image-preview:large","max-video-preview":"max-video-preview:-1"},"canonical":"https:\/\/ruishengglassco.com\/it\/prodotto\/rs040-700ml-750ml-1000ml-bottiglia-di-vodka-smerigliata-allingrosso","og_locale":"it_IT","og_type":"article","og_title":"1000ml Frosted Vodka Bottle Manufacturers | Best Vodka Bottles Suppliers","og_description":"Ruisheng, one of the best vodka bottles suppliers in China, provide 1000ml frosted vodka bottle wholesale in factory outlet price.","og_url":"https:\/\/ruishengglassco.com\/it\/prodotto\/rs040-700ml-750ml-1000ml-bottiglia-di-vodka-smerigliata-allingrosso","article_publisher":"https:\/\/www.facebook.com\/ruishengglassbottles","article_modified_time":"2025-07-17T06:37:13+00:00","og_image":[{"width":800,"height":800,"url":"https:\/\/ruishengglassco.com\/wp-content\/uploads\/2025\/03\/RS040-700ml-750ml-1000ml-Frosted-Vodka-Bottle-Wholesale.webp","type":"image\/webp"}],"twitter_card":"summary_large_image","twitter_misc":{"Tempo di lettura stimato":"2 minuti"},"schema":{"@context":"https:\/\/schema.org","@graph":[{"@type":"WebPage","@id":"https:\/\/ruishengglassco.com\/product\/rs040-700ml-750ml-1000ml-frosted-vodka-bottle-wholesale","url":"https:\/\/ruishengglassco.com\/product\/rs040-700ml-750ml-1000ml-frosted-vodka-bottle-wholesale","name":"1000ml Frosted Vodka Bottle Manufacturers | Best Vodka Bottles Suppliers","isPartOf":{"@id":"https:\/\/ruishengglassco.com\/#website"},"datePublished":"2025-03-15T04:32:49+00:00","dateModified":"2025-07-17T06:37:13+00:00","description":"Ruisheng, one of the best vodka bottles suppliers in China, provide 1000ml frosted vodka bottle wholesale in factory outlet price.","breadcrumb":{"@id":"https:\/\/ruishengglassco.com\/product\/rs040-700ml-750ml-1000ml-frosted-vodka-bottle-wholesale#breadcrumb"},"inLanguage":"it-IT","potentialAction":[{"@type":"ReadAction","target":["https:\/\/ruishengglassco.com\/product\/rs040-700ml-750ml-1000ml-frosted-vodka-bottle-wholesale"]}]},{"@type":"BreadcrumbList","@id":"https:\/\/ruishengglassco.com\/product\/rs040-700ml-750ml-1000ml-frosted-vodka-bottle-wholesale#breadcrumb","itemListElement":[{"@type":"ListItem","position":1,"name":"Home","item":"https:\/\/ruishengglassco.com\/"},{"@type":"ListItem","position":2,"name":"Products","item":"https:\/\/ruishengglassco.com\/products"},{"@type":"ListItem","position":3,"name":"RS040: 700ml 750ml 1000ml Frosted Vodka Bottle Manufacturers"}]},{"@type":"WebSite","@id":"https:\/\/ruishengglassco.com\/#website","url":"https:\/\/ruishengglassco.com\/","name":"Ruisheng Glass","description":"","publisher":{"@id":"https:\/\/ruishengglassco.com\/#organization"},"potentialAction":[{"@type":"SearchAction","target":{"@type":"EntryPoint","urlTemplate":"https:\/\/ruishengglassco.com\/?s={search_term_string}"},"query-input":"required name=search_term_string"}],"inLanguage":"it-IT"},{"@type":"Organization","@id":"https:\/\/ruishengglassco.com\/#organization","name":"Shandong Yuncheng Ruisheng Glass Co., Ltd","url":"https:\/\/ruishengglassco.com\/","logo":{"@type":"ImageObject","inLanguage":"it-IT","@id":"https:\/\/ruishengglassco.com\/#\/schema\/logo\/image\/","url":"https:\/\/ruishengglassco.com\/wp-content\/uploads\/2023\/09\/ruisheng_logo_icon.webp","contentUrl":"https:\/\/ruishengglassco.com\/wp-content\/uploads\/2023\/09\/ruisheng_logo_icon.webp","width":400,"height":233,"caption":"Shandong Yuncheng Ruisheng Glass Co., Ltd"},"image":{"@id":"https:\/\/ruishengglassco.com\/#\/schema\/logo\/image\/"},"sameAs":["https:\/\/www.facebook.com\/ruishengglassbottles","https:\/\/www.instagram.com\/Ruishengglassbottlewholesales\/","https:\/\/www.youtube.com\/channel\/UCMmbMNGwsL-XrtjfSFLCdVQ"]}]}},"_links":{"self":[{"href":"https:\/\/ruishengglassco.com\/it\/wp-json\/wp\/v2\/product\/4310","targetHints":{"allow":["GET"]}}],"collection":[{"href":"https:\/\/ruishengglassco.com\/it\/wp-json\/wp\/v2\/product"}],"about":[{"href":"https:\/\/ruishengglassco.com\/it\/wp-json\/wp\/v2\/types\/product"}],"replies":[{"embeddable":true,"href":"https:\/\/ruishengglassco.com\/it\/wp-json\/wp\/v2\/comments?post=4310"}],"wp:featuredmedia":[{"embeddable":true,"href":"https:\/\/ruishengglassco.com\/it\/wp-json\/wp\/v2\/media\/4311"}],"wp:attachment":[{"href":"https:\/\/ruishengglassco.com\/it\/wp-json\/wp\/v2\/media?parent=4310"}],"wp:term":[{"taxonomy":"product_cat","embeddable":true,"href":"https:\/\/ruishengglassco.com\/it\/wp-json\/wp\/v2\/product_cat?post=4310"}],"curies":[{"name":"wp","href":"https:\/\/api.w.org\/{rel}","templated":true}]}}