{"id":4300,"date":"2025-03-15T12:13:21","date_gmt":"2025-03-15T04:13:21","guid":{"rendered":"https:\/\/ruishengglassco.com\/?post_type=product&#038;p=4300"},"modified":"2025-09-11T16:14:45","modified_gmt":"2025-09-11T08:14:45","slug":"rs046-500ml-700ml-750ml-bottiglie-di-vetro-fantasia-allingrosso","status":"publish","type":"product","link":"https:\/\/ruishengglassco.com\/it\/prodotto\/rs046-500ml-700ml-750ml-bottiglie-di-vetro-fantasia-allingrosso","title":{"rendered":"RS046: 500ml 700ml 750ml bottiglie di vetro fantasia produttori"},"content":{"rendered":"<p><span data-preserver-spaces=\"true\">Il <\/span><strong><span data-preserver-spaces=\"true\">vendita all'ingrosso di bottiglie di vetro fantasia <\/span><\/strong><span data-preserver-spaces=\"true\">\u00e8 un <\/span><span data-preserver-spaces=\"true\">importante<\/span><span data-preserver-spaces=\"true\"> progetto di Ruisheng. Ruisheng, produttore leader di bottiglie di vetro con tappo, offre un'ampia gamma di opzioni all'ingrosso. \u00c8 possibile trovare bottiglie rotonde di Boston, bottiglie quadrate e design personalizzati. Inoltre <\/span><span data-preserver-spaces=\"true\">offerta<\/span><span data-preserver-spaces=\"true\"> bottiglie con tappo speciale per liquori come whisky, brandy, rum e vodka.<\/span><\/p>\n<p><span data-preserver-spaces=\"true\">Per realizzare un'opera d'arte o spedire merce ai clienti, scegliete una bottiglia di vetro pi\u00f9 piccola o una bottiglia di vetro pi\u00f9 grande all'ingrosso. Dimensioni <\/span><span data-preserver-spaces=\"true\">sono<\/span><span data-preserver-spaces=\"true\"> disponibili da 50ml a 1500ml. <\/span><span data-preserver-spaces=\"true\">Si accettano ordini personalizzati<\/span><span data-preserver-spaces=\"true\">. La maggior parte delle bottiglie di vetro in vendita <\/span><span data-preserver-spaces=\"true\">sono realizzati<\/span><span data-preserver-spaces=\"true\"> di materiale di vetro di alta qualit\u00e0, che rende il corpo di <\/span><span data-preserver-spaces=\"true\">il <\/span><span data-preserver-spaces=\"true\">bottiglia di liquore pi\u00f9 forte e pi\u00f9 bella. <\/span><span data-preserver-spaces=\"true\">Garantiamo che tutte le bottiglie di vetro trasparente con tappo sono atossiche, 100% riciclabili, riutilizzabili e <\/span><span data-preserver-spaces=\"true\">sicuro per l'ambiente<\/span><span data-preserver-spaces=\"true\">.<\/span><\/p>\n<p><span data-preserver-spaces=\"true\">Queste bottiglie in vetro diamantato da 500 ml presentano un design elegante. Possiamo anche personalizzarle in base ai vostri disegni. Fateci sapere di cosa avete bisogno!<\/span><\/p>\n<h2>Le informazioni del design fantasia 500ml bottiglie di vetro diamante come di seguito:<\/h2>\n<ul>\n<li>Materiale principale: vetro super flint<\/li>\n<li>Tappo: sughero<\/li>\n<li>Riferimento: RS046<\/li>\n<li>MOQ: 10000 PCS<\/li>\n<li>Capacit\u00e0: 500 ml<\/li>\n<li>Pezzi\/Ctn: 24 pezzi<\/li>\n<li>Origine del luogo: Shandong, Cina<\/li>\n<li>Caratteristiche: Eco-friendly<\/li>\n<\/ul>\n<p>Ruisheng ha una storia di produzione di bottiglie di vetro da 500 ml. Il nostro team \u00e8 esperto e siamo certi di poter soddisfare le vostre esigenze. Le bottiglie di vetro trasparente Ruisheng sono state ben accolte in Europa, negli Stati Uniti, in Australia e in altre regioni. Tutti i prodotti godono di un'ottima reputazione per innovazione e funzionalit\u00e0.<\/p>\n<p>La bottiglia di vetro Ruisheng ha ora esteso un nuovo sito, ha introdotto macchine avanzate e la nostra velocit\u00e0 di produzione \u00e8 molto pi\u00f9 alta di prima. Pertanto, produrremo buone bottiglie alla data stabilita e consegneremo la merce a voi.<\/p>\n<p>Se siete soddisfatti di questa bottiglia di vetro trasparente, vi prego di farmelo sapere tempestivamente. Se non vi piace, potete guardare le altre bottiglie. Oppure vi dar\u00f2 il catalogo e potrete scegliere quello che vi piace. Se siete interessati alle nostre bottiglie ermetiche di alcol, contattateci. Vi risponderemo entro 24 ore.<\/p>","protected":false},"excerpt":{"rendered":"<p>Ruisheng \u00e8 un produttore professionale di bottiglie di vetro con oltre 10 anni di esperienza. Offriamo bottiglie di vetro di fantasia a prezzi all'ingrosso per marchi di liquori, aziende, fornitori e grossisti. La nostra fabbrica di vendita fornisce prezzi all'ingrosso a buon mercato sulle bottiglie di vetro. Queste bottiglie di vetro fantasia 500ml diamante pu\u00f2 anche essere personalizzato secondo i disegni forniti, possiamo fare qualsiasi bottiglia che si desidera.<\/p>\n<p>Non esitate a contattarci per ottenere il prezzo della bottiglia di diamante.<\/p>","protected":false},"featured_media":4301,"comment_status":"closed","ping_status":"closed","template":"","meta":[],"product_cat":[41,44,40,57,46],"class_list":{"0":"post-4300","1":"product","2":"type-product","3":"status-publish","4":"has-post-thumbnail","6":"product_cat-500ml-liquor-bottle-manufacturer","7":"product_cat-700ml-liquor-bottle-manufacturer","8":"product_cat-750ml-liquor-bottle-manufacturer","9":"product_cat-rum-bottle","10":"product_cat-tequila-bottle","12":"first","13":"instock","14":"shipping-taxable","15":"product-type-simple"},"yoast_head":"<!-- This site is optimized with the Yoast SEO plugin v22.0 - https:\/\/yoast.com\/wordpress\/plugins\/seo\/ -->\n<title>750ml Fancy Glass Bottle Manufacturers | Diamond Liquor Bottle Suppliers<\/title>\n<meta name=\"description\" content=\"Ruisheng, one of the largest China glass liquor bottle supplirs&amp;factory, sales 750ml fancy glass bottle wholesale in bulk price.\" \/>\n<meta name=\"robots\" content=\"index, follow, max-snippet:-1, max-image-preview:large, max-video-preview:-1\" \/>\n<link rel=\"canonical\" href=\"https:\/\/ruishengglassco.com\/it\/prodotto\/rs046-500ml-700ml-750ml-bottiglie-di-vetro-fantasia-allingrosso\" \/>\n<meta property=\"og:locale\" content=\"it_IT\" \/>\n<meta property=\"og:type\" content=\"article\" \/>\n<meta property=\"og:title\" content=\"750ml Fancy Glass Bottle Manufacturers | Diamond Liquor Bottle Suppliers\" \/>\n<meta property=\"og:description\" content=\"Ruisheng, one of the largest China glass liquor bottle supplirs&amp;factory, sales 750ml fancy glass bottle wholesale in bulk price.\" \/>\n<meta property=\"og:url\" content=\"https:\/\/ruishengglassco.com\/it\/prodotto\/rs046-500ml-700ml-750ml-bottiglie-di-vetro-fantasia-allingrosso\" \/>\n<meta property=\"article:publisher\" content=\"https:\/\/www.facebook.com\/ruishengglassbottles\" \/>\n<meta property=\"article:modified_time\" content=\"2025-09-11T08:14:45+00:00\" \/>\n<meta property=\"og:image\" content=\"https:\/\/ruishengglassco.com\/wp-content\/uploads\/2025\/03\/RS046-500ml-700ml-750ml-Fancy-Glass-Bottles-Wholesale.webp\" \/>\n\t<meta property=\"og:image:width\" content=\"602\" \/>\n\t<meta property=\"og:image:height\" content=\"608\" \/>\n\t<meta property=\"og:image:type\" content=\"image\/webp\" \/>\n<meta name=\"twitter:card\" content=\"summary_large_image\" \/>\n<meta name=\"twitter:label1\" content=\"Tempo di lettura stimato\" \/>\n\t<meta name=\"twitter:data1\" content=\"2 minuti\" \/>\n<script type=\"application\/ld+json\" class=\"yoast-schema-graph\">{\"@context\":\"https:\/\/schema.org\",\"@graph\":[{\"@type\":\"WebPage\",\"@id\":\"https:\/\/ruishengglassco.com\/product\/rs046-500ml-700ml-750ml-fancy-glass-bottles-manufacturers\",\"url\":\"https:\/\/ruishengglassco.com\/product\/rs046-500ml-700ml-750ml-fancy-glass-bottles-manufacturers\",\"name\":\"750ml Fancy Glass Bottle Manufacturers | Diamond Liquor Bottle Suppliers\",\"isPartOf\":{\"@id\":\"https:\/\/ruishengglassco.com\/#website\"},\"datePublished\":\"2025-03-15T04:13:21+00:00\",\"dateModified\":\"2025-09-11T08:14:45+00:00\",\"description\":\"Ruisheng, one of the largest China glass liquor bottle supplirs&factory, sales 750ml fancy glass bottle wholesale in bulk price.\",\"breadcrumb\":{\"@id\":\"https:\/\/ruishengglassco.com\/product\/rs046-500ml-700ml-750ml-fancy-glass-bottles-manufacturers#breadcrumb\"},\"inLanguage\":\"it-IT\",\"potentialAction\":[{\"@type\":\"ReadAction\",\"target\":[\"https:\/\/ruishengglassco.com\/product\/rs046-500ml-700ml-750ml-fancy-glass-bottles-manufacturers\"]}]},{\"@type\":\"BreadcrumbList\",\"@id\":\"https:\/\/ruishengglassco.com\/product\/rs046-500ml-700ml-750ml-fancy-glass-bottles-manufacturers#breadcrumb\",\"itemListElement\":[{\"@type\":\"ListItem\",\"position\":1,\"name\":\"Home\",\"item\":\"https:\/\/ruishengglassco.com\/\"},{\"@type\":\"ListItem\",\"position\":2,\"name\":\"Products\",\"item\":\"https:\/\/ruishengglassco.com\/products\"},{\"@type\":\"ListItem\",\"position\":3,\"name\":\"RS046: 500ml 700ml 750ml Fancy Glass Bottles Manufacturers\"}]},{\"@type\":\"WebSite\",\"@id\":\"https:\/\/ruishengglassco.com\/#website\",\"url\":\"https:\/\/ruishengglassco.com\/\",\"name\":\"Ruisheng Glass\",\"description\":\"\",\"publisher\":{\"@id\":\"https:\/\/ruishengglassco.com\/#organization\"},\"potentialAction\":[{\"@type\":\"SearchAction\",\"target\":{\"@type\":\"EntryPoint\",\"urlTemplate\":\"https:\/\/ruishengglassco.com\/?s={search_term_string}\"},\"query-input\":\"required name=search_term_string\"}],\"inLanguage\":\"it-IT\"},{\"@type\":\"Organization\",\"@id\":\"https:\/\/ruishengglassco.com\/#organization\",\"name\":\"Shandong Yuncheng Ruisheng Glass Co., Ltd\",\"url\":\"https:\/\/ruishengglassco.com\/\",\"logo\":{\"@type\":\"ImageObject\",\"inLanguage\":\"it-IT\",\"@id\":\"https:\/\/ruishengglassco.com\/#\/schema\/logo\/image\/\",\"url\":\"https:\/\/ruishengglassco.com\/wp-content\/uploads\/2023\/09\/ruisheng_logo_icon.webp\",\"contentUrl\":\"https:\/\/ruishengglassco.com\/wp-content\/uploads\/2023\/09\/ruisheng_logo_icon.webp\",\"width\":400,\"height\":233,\"caption\":\"Shandong Yuncheng Ruisheng Glass Co., Ltd\"},\"image\":{\"@id\":\"https:\/\/ruishengglassco.com\/#\/schema\/logo\/image\/\"},\"sameAs\":[\"https:\/\/www.facebook.com\/ruishengglassbottles\",\"https:\/\/www.instagram.com\/Ruishengglassbottlewholesales\/\",\"https:\/\/www.youtube.com\/channel\/UCMmbMNGwsL-XrtjfSFLCdVQ\"]}]}<\/script>\n<!-- \/ Yoast SEO plugin. -->","yoast_head_json":{"title":"750ml Fancy Glass Bottle Manufacturers | Diamond Liquor Bottle Suppliers","description":"Ruisheng, one of the largest China glass liquor bottle supplirs&factory, sales 750ml fancy glass bottle wholesale in bulk price.","robots":{"index":"index","follow":"follow","max-snippet":"max-snippet:-1","max-image-preview":"max-image-preview:large","max-video-preview":"max-video-preview:-1"},"canonical":"https:\/\/ruishengglassco.com\/it\/prodotto\/rs046-500ml-700ml-750ml-bottiglie-di-vetro-fantasia-allingrosso","og_locale":"it_IT","og_type":"article","og_title":"750ml Fancy Glass Bottle Manufacturers | Diamond Liquor Bottle Suppliers","og_description":"Ruisheng, one of the largest China glass liquor bottle supplirs&factory, sales 750ml fancy glass bottle wholesale in bulk price.","og_url":"https:\/\/ruishengglassco.com\/it\/prodotto\/rs046-500ml-700ml-750ml-bottiglie-di-vetro-fantasia-allingrosso","article_publisher":"https:\/\/www.facebook.com\/ruishengglassbottles","article_modified_time":"2025-09-11T08:14:45+00:00","og_image":[{"width":602,"height":608,"url":"https:\/\/ruishengglassco.com\/wp-content\/uploads\/2025\/03\/RS046-500ml-700ml-750ml-Fancy-Glass-Bottles-Wholesale.webp","type":"image\/webp"}],"twitter_card":"summary_large_image","twitter_misc":{"Tempo di lettura stimato":"2 minuti"},"schema":{"@context":"https:\/\/schema.org","@graph":[{"@type":"WebPage","@id":"https:\/\/ruishengglassco.com\/product\/rs046-500ml-700ml-750ml-fancy-glass-bottles-manufacturers","url":"https:\/\/ruishengglassco.com\/product\/rs046-500ml-700ml-750ml-fancy-glass-bottles-manufacturers","name":"750ml Fancy Glass Bottle Manufacturers | Diamond Liquor Bottle Suppliers","isPartOf":{"@id":"https:\/\/ruishengglassco.com\/#website"},"datePublished":"2025-03-15T04:13:21+00:00","dateModified":"2025-09-11T08:14:45+00:00","description":"Ruisheng, one of the largest China glass liquor bottle supplirs&factory, sales 750ml fancy glass bottle wholesale in bulk price.","breadcrumb":{"@id":"https:\/\/ruishengglassco.com\/product\/rs046-500ml-700ml-750ml-fancy-glass-bottles-manufacturers#breadcrumb"},"inLanguage":"it-IT","potentialAction":[{"@type":"ReadAction","target":["https:\/\/ruishengglassco.com\/product\/rs046-500ml-700ml-750ml-fancy-glass-bottles-manufacturers"]}]},{"@type":"BreadcrumbList","@id":"https:\/\/ruishengglassco.com\/product\/rs046-500ml-700ml-750ml-fancy-glass-bottles-manufacturers#breadcrumb","itemListElement":[{"@type":"ListItem","position":1,"name":"Home","item":"https:\/\/ruishengglassco.com\/"},{"@type":"ListItem","position":2,"name":"Products","item":"https:\/\/ruishengglassco.com\/products"},{"@type":"ListItem","position":3,"name":"RS046: 500ml 700ml 750ml Fancy Glass Bottles Manufacturers"}]},{"@type":"WebSite","@id":"https:\/\/ruishengglassco.com\/#website","url":"https:\/\/ruishengglassco.com\/","name":"Ruisheng Glass","description":"","publisher":{"@id":"https:\/\/ruishengglassco.com\/#organization"},"potentialAction":[{"@type":"SearchAction","target":{"@type":"EntryPoint","urlTemplate":"https:\/\/ruishengglassco.com\/?s={search_term_string}"},"query-input":"required name=search_term_string"}],"inLanguage":"it-IT"},{"@type":"Organization","@id":"https:\/\/ruishengglassco.com\/#organization","name":"Shandong Yuncheng Ruisheng Glass Co., Ltd","url":"https:\/\/ruishengglassco.com\/","logo":{"@type":"ImageObject","inLanguage":"it-IT","@id":"https:\/\/ruishengglassco.com\/#\/schema\/logo\/image\/","url":"https:\/\/ruishengglassco.com\/wp-content\/uploads\/2023\/09\/ruisheng_logo_icon.webp","contentUrl":"https:\/\/ruishengglassco.com\/wp-content\/uploads\/2023\/09\/ruisheng_logo_icon.webp","width":400,"height":233,"caption":"Shandong Yuncheng Ruisheng Glass Co., Ltd"},"image":{"@id":"https:\/\/ruishengglassco.com\/#\/schema\/logo\/image\/"},"sameAs":["https:\/\/www.facebook.com\/ruishengglassbottles","https:\/\/www.instagram.com\/Ruishengglassbottlewholesales\/","https:\/\/www.youtube.com\/channel\/UCMmbMNGwsL-XrtjfSFLCdVQ"]}]}},"_links":{"self":[{"href":"https:\/\/ruishengglassco.com\/it\/wp-json\/wp\/v2\/product\/4300","targetHints":{"allow":["GET"]}}],"collection":[{"href":"https:\/\/ruishengglassco.com\/it\/wp-json\/wp\/v2\/product"}],"about":[{"href":"https:\/\/ruishengglassco.com\/it\/wp-json\/wp\/v2\/types\/product"}],"replies":[{"embeddable":true,"href":"https:\/\/ruishengglassco.com\/it\/wp-json\/wp\/v2\/comments?post=4300"}],"wp:featuredmedia":[{"embeddable":true,"href":"https:\/\/ruishengglassco.com\/it\/wp-json\/wp\/v2\/media\/4301"}],"wp:attachment":[{"href":"https:\/\/ruishengglassco.com\/it\/wp-json\/wp\/v2\/media?parent=4300"}],"wp:term":[{"taxonomy":"product_cat","embeddable":true,"href":"https:\/\/ruishengglassco.com\/it\/wp-json\/wp\/v2\/product_cat?post=4300"}],"curies":[{"name":"wp","href":"https:\/\/api.w.org\/{rel}","templated":true}]}}