{"id":4298,"date":"2025-03-15T12:08:58","date_gmt":"2025-03-15T04:08:58","guid":{"rendered":"https:\/\/ruishengglassco.com\/?post_type=product&#038;p=4298"},"modified":"2025-07-17T14:29:28","modified_gmt":"2025-07-17T06:29:28","slug":"rs047-produttori-di-bottiglie-piatte-da-500-ml-per-rum","status":"publish","type":"product","link":"https:\/\/ruishengglassco.com\/it\/prodotto\/rs047-produttori-di-bottiglie-piatte-da-500-ml-per-rum","title":{"rendered":"RS047: Bottiglie piatte da 500 ml per rum"},"content":{"rendered":"<p>Queste bottiglie di vetro piatte da 500 ml vengono acquistate all'ingrosso da Shandong Yuncheng Ruisheng Glass Co. Ruisheng \u00e8 uno dei maggiori produttori di bottiglie di vetro ad alta resistenza in Cina. Non solo offre bottiglie di vetro trasparente di alta qualit\u00e0, ma anche bottiglie di vetro trasparente di media qualit\u00e0 e bottiglie di vetro verde.<\/p>\n<p>Questa bottiglia di vetro piatta \u00e8 comune. Queste bottiglie di vetro da 500 ml sono adatte per conservare vino, vodka, whisky, rum, gin e altri liquidi. Queste bottiglie di vetro possono essere vendute in molti paesi e regioni, tra cui Europa, Stati Uniti, Australia e altri.<\/p>\n<p>Queste bottiglie in vetro chiaro e piatto sono realizzate in vetro super flint. Questo materiale \u00e8 il pi\u00f9 pregiato per le bottiglie di vetro. Questo materiale \u00e8 ottenuto da una bottiglia di vetro molto chiara, liscia e resistente.<\/p>\n<p>Se ne avete bisogno, possiamo realizzare queste bottiglie di vetro piatto trasparente in molte dimensioni. Come 375ml, 500ml, 700ml, 750ml, 1000ml e altre. Ora le nostre bottiglie di vetro esistenti sono da 500 ml. Se ne avete bisogno, possiamo fare un nuovo stampo per fare le bottiglie di vetro.<\/p>\n<h2>I dettagli sulla fabbrica di bottiglie di vetro piatte da 500 ml per il rum<\/h2>\n<ul>\n<li>Marchio: Ruisheng(RS)<\/li>\n<li>Capacit\u00e0: 500ml\/750ml\/Personalizzato<\/li>\n<li>Colore: chiaro\/trasparente<\/li>\n<li>Tappi: SugheroForma della bottiglia quadrata<\/li>\n<li>Peso: 700G<\/li>\n<li>Altezza: 230MM\u00b12MM<\/li>\n<li>Diametro: 90MM\u00b12MM<\/li>\n<li><strong>MOQ:<\/strong> 1\u00d740HQ (circa 30000pcs 500ml bottiglie)<\/li>\n<\/ul>\n<p>Le nostre bottiglie di vetro di questa forma sono da 500 ml con tappo in sughero, e queste bottiglie di vetro possono cambiare la finitura del tappo in tappo a vite. In base alle richieste dei clienti.<\/p>\n<p>Se volete acquistare bottiglie di vetro trasparenti da 500 ml o acquistare bottiglie di vetro all'ingrosso, contattateci via e-mail o telefono. Vi risponderemo il prima possibile.<\/p>","protected":false},"excerpt":{"rendered":"<p>Queste bottiglie di vetro piatte da 500 ml sono realizzate in vetro super flint. Questo materiale \u00e8 il pi\u00f9 pregiato per le bottiglie di vetro. L'utilizzo di questo materiale rende la bottiglia di vetro molto chiara, liscia e molto resistente.<\/p>","protected":false},"featured_media":4299,"comment_status":"closed","ping_status":"closed","template":"","meta":[],"product_cat":[41,50,57],"class_list":{"0":"post-4298","1":"product","2":"type-product","3":"status-publish","4":"has-post-thumbnail","6":"product_cat-500ml-liquor-bottle-manufacturer","7":"product_cat-gin-bottle","8":"product_cat-rum-bottle","10":"first","11":"instock","12":"shipping-taxable","13":"product-type-simple"},"yoast_head":"<!-- This site is optimized with the Yoast SEO plugin v22.0 - https:\/\/yoast.com\/wordpress\/plugins\/seo\/ -->\n<title>500ml Flat Glass Bottles Manufacturers | Bulk Old Rum Bottle With Cork<\/title>\n<meta name=\"description\" content=\"Ruidheng, China Best Liquor Bottle Manufacturers, Provide 500ml Flat Glass Bottles Wholesale For Rum. Welcome To Bulk Old Rum Bottle With Cork Factory Price.\" \/>\n<meta name=\"robots\" content=\"index, follow, max-snippet:-1, max-image-preview:large, max-video-preview:-1\" \/>\n<link rel=\"canonical\" href=\"https:\/\/ruishengglassco.com\/it\/prodotto\/rs047-produttori-di-bottiglie-piatte-da-500-ml-per-rum\" \/>\n<meta property=\"og:locale\" content=\"it_IT\" \/>\n<meta property=\"og:type\" content=\"article\" \/>\n<meta property=\"og:title\" content=\"500ml Flat Glass Bottles Manufacturers | Bulk Old Rum Bottle With Cork\" \/>\n<meta property=\"og:description\" content=\"Ruidheng, China Best Liquor Bottle Manufacturers, Provide 500ml Flat Glass Bottles Wholesale For Rum. Welcome To Bulk Old Rum Bottle With Cork Factory Price.\" \/>\n<meta property=\"og:url\" content=\"https:\/\/ruishengglassco.com\/it\/prodotto\/rs047-produttori-di-bottiglie-piatte-da-500-ml-per-rum\" \/>\n<meta property=\"article:publisher\" content=\"https:\/\/www.facebook.com\/ruishengglassbottles\" \/>\n<meta property=\"article:modified_time\" content=\"2025-07-17T06:29:28+00:00\" \/>\n<meta property=\"og:image\" content=\"https:\/\/ruishengglassco.com\/wp-content\/uploads\/2025\/03\/RS047-Flat-500-ml-Bottles-Wholesale-For-Rum.webp\" \/>\n\t<meta property=\"og:image:width\" content=\"800\" \/>\n\t<meta property=\"og:image:height\" content=\"800\" \/>\n\t<meta property=\"og:image:type\" content=\"image\/webp\" \/>\n<meta name=\"twitter:card\" content=\"summary_large_image\" \/>\n<meta name=\"twitter:label1\" content=\"Tempo di lettura stimato\" \/>\n\t<meta name=\"twitter:data1\" content=\"2 minuti\" \/>\n<script type=\"application\/ld+json\" class=\"yoast-schema-graph\">{\"@context\":\"https:\/\/schema.org\",\"@graph\":[{\"@type\":\"WebPage\",\"@id\":\"https:\/\/ruishengglassco.com\/product\/rs047-flat-500-ml-bottles-manufacturers-for-rum\",\"url\":\"https:\/\/ruishengglassco.com\/product\/rs047-flat-500-ml-bottles-manufacturers-for-rum\",\"name\":\"500ml Flat Glass Bottles Manufacturers | Bulk Old Rum Bottle With Cork\",\"isPartOf\":{\"@id\":\"https:\/\/ruishengglassco.com\/#website\"},\"datePublished\":\"2025-03-15T04:08:58+00:00\",\"dateModified\":\"2025-07-17T06:29:28+00:00\",\"description\":\"Ruidheng, China Best Liquor Bottle Manufacturers, Provide 500ml Flat Glass Bottles Wholesale For Rum. Welcome To Bulk Old Rum Bottle With Cork Factory Price.\",\"breadcrumb\":{\"@id\":\"https:\/\/ruishengglassco.com\/product\/rs047-flat-500-ml-bottles-manufacturers-for-rum#breadcrumb\"},\"inLanguage\":\"it-IT\",\"potentialAction\":[{\"@type\":\"ReadAction\",\"target\":[\"https:\/\/ruishengglassco.com\/product\/rs047-flat-500-ml-bottles-manufacturers-for-rum\"]}]},{\"@type\":\"BreadcrumbList\",\"@id\":\"https:\/\/ruishengglassco.com\/product\/rs047-flat-500-ml-bottles-manufacturers-for-rum#breadcrumb\",\"itemListElement\":[{\"@type\":\"ListItem\",\"position\":1,\"name\":\"Home\",\"item\":\"https:\/\/ruishengglassco.com\/\"},{\"@type\":\"ListItem\",\"position\":2,\"name\":\"Products\",\"item\":\"https:\/\/ruishengglassco.com\/products\"},{\"@type\":\"ListItem\",\"position\":3,\"name\":\"RS047: Flat 500 ml Bottles For Rum\"}]},{\"@type\":\"WebSite\",\"@id\":\"https:\/\/ruishengglassco.com\/#website\",\"url\":\"https:\/\/ruishengglassco.com\/\",\"name\":\"Ruisheng Glass\",\"description\":\"\",\"publisher\":{\"@id\":\"https:\/\/ruishengglassco.com\/#organization\"},\"potentialAction\":[{\"@type\":\"SearchAction\",\"target\":{\"@type\":\"EntryPoint\",\"urlTemplate\":\"https:\/\/ruishengglassco.com\/?s={search_term_string}\"},\"query-input\":\"required name=search_term_string\"}],\"inLanguage\":\"it-IT\"},{\"@type\":\"Organization\",\"@id\":\"https:\/\/ruishengglassco.com\/#organization\",\"name\":\"Shandong Yuncheng Ruisheng Glass Co., Ltd\",\"url\":\"https:\/\/ruishengglassco.com\/\",\"logo\":{\"@type\":\"ImageObject\",\"inLanguage\":\"it-IT\",\"@id\":\"https:\/\/ruishengglassco.com\/#\/schema\/logo\/image\/\",\"url\":\"https:\/\/ruishengglassco.com\/wp-content\/uploads\/2023\/09\/ruisheng_logo_icon.webp\",\"contentUrl\":\"https:\/\/ruishengglassco.com\/wp-content\/uploads\/2023\/09\/ruisheng_logo_icon.webp\",\"width\":400,\"height\":233,\"caption\":\"Shandong Yuncheng Ruisheng Glass Co., Ltd\"},\"image\":{\"@id\":\"https:\/\/ruishengglassco.com\/#\/schema\/logo\/image\/\"},\"sameAs\":[\"https:\/\/www.facebook.com\/ruishengglassbottles\",\"https:\/\/www.instagram.com\/Ruishengglassbottlewholesales\/\",\"https:\/\/www.youtube.com\/channel\/UCMmbMNGwsL-XrtjfSFLCdVQ\"]}]}<\/script>\n<!-- \/ Yoast SEO plugin. -->","yoast_head_json":{"title":"500ml Flat Glass Bottles Manufacturers | Bulk Old Rum Bottle With Cork","description":"Ruidheng, China Best Liquor Bottle Manufacturers, Provide 500ml Flat Glass Bottles Wholesale For Rum. Welcome To Bulk Old Rum Bottle With Cork Factory Price.","robots":{"index":"index","follow":"follow","max-snippet":"max-snippet:-1","max-image-preview":"max-image-preview:large","max-video-preview":"max-video-preview:-1"},"canonical":"https:\/\/ruishengglassco.com\/it\/prodotto\/rs047-produttori-di-bottiglie-piatte-da-500-ml-per-rum","og_locale":"it_IT","og_type":"article","og_title":"500ml Flat Glass Bottles Manufacturers | Bulk Old Rum Bottle With Cork","og_description":"Ruidheng, China Best Liquor Bottle Manufacturers, Provide 500ml Flat Glass Bottles Wholesale For Rum. Welcome To Bulk Old Rum Bottle With Cork Factory Price.","og_url":"https:\/\/ruishengglassco.com\/it\/prodotto\/rs047-produttori-di-bottiglie-piatte-da-500-ml-per-rum","article_publisher":"https:\/\/www.facebook.com\/ruishengglassbottles","article_modified_time":"2025-07-17T06:29:28+00:00","og_image":[{"width":800,"height":800,"url":"https:\/\/ruishengglassco.com\/wp-content\/uploads\/2025\/03\/RS047-Flat-500-ml-Bottles-Wholesale-For-Rum.webp","type":"image\/webp"}],"twitter_card":"summary_large_image","twitter_misc":{"Tempo di lettura stimato":"2 minuti"},"schema":{"@context":"https:\/\/schema.org","@graph":[{"@type":"WebPage","@id":"https:\/\/ruishengglassco.com\/product\/rs047-flat-500-ml-bottles-manufacturers-for-rum","url":"https:\/\/ruishengglassco.com\/product\/rs047-flat-500-ml-bottles-manufacturers-for-rum","name":"500ml Flat Glass Bottles Manufacturers | Bulk Old Rum Bottle With Cork","isPartOf":{"@id":"https:\/\/ruishengglassco.com\/#website"},"datePublished":"2025-03-15T04:08:58+00:00","dateModified":"2025-07-17T06:29:28+00:00","description":"Ruidheng, China Best Liquor Bottle Manufacturers, Provide 500ml Flat Glass Bottles Wholesale For Rum. Welcome To Bulk Old Rum Bottle With Cork Factory Price.","breadcrumb":{"@id":"https:\/\/ruishengglassco.com\/product\/rs047-flat-500-ml-bottles-manufacturers-for-rum#breadcrumb"},"inLanguage":"it-IT","potentialAction":[{"@type":"ReadAction","target":["https:\/\/ruishengglassco.com\/product\/rs047-flat-500-ml-bottles-manufacturers-for-rum"]}]},{"@type":"BreadcrumbList","@id":"https:\/\/ruishengglassco.com\/product\/rs047-flat-500-ml-bottles-manufacturers-for-rum#breadcrumb","itemListElement":[{"@type":"ListItem","position":1,"name":"Home","item":"https:\/\/ruishengglassco.com\/"},{"@type":"ListItem","position":2,"name":"Products","item":"https:\/\/ruishengglassco.com\/products"},{"@type":"ListItem","position":3,"name":"RS047: Flat 500 ml Bottles For Rum"}]},{"@type":"WebSite","@id":"https:\/\/ruishengglassco.com\/#website","url":"https:\/\/ruishengglassco.com\/","name":"Ruisheng Glass","description":"","publisher":{"@id":"https:\/\/ruishengglassco.com\/#organization"},"potentialAction":[{"@type":"SearchAction","target":{"@type":"EntryPoint","urlTemplate":"https:\/\/ruishengglassco.com\/?s={search_term_string}"},"query-input":"required name=search_term_string"}],"inLanguage":"it-IT"},{"@type":"Organization","@id":"https:\/\/ruishengglassco.com\/#organization","name":"Shandong Yuncheng Ruisheng Glass Co., Ltd","url":"https:\/\/ruishengglassco.com\/","logo":{"@type":"ImageObject","inLanguage":"it-IT","@id":"https:\/\/ruishengglassco.com\/#\/schema\/logo\/image\/","url":"https:\/\/ruishengglassco.com\/wp-content\/uploads\/2023\/09\/ruisheng_logo_icon.webp","contentUrl":"https:\/\/ruishengglassco.com\/wp-content\/uploads\/2023\/09\/ruisheng_logo_icon.webp","width":400,"height":233,"caption":"Shandong Yuncheng Ruisheng Glass Co., Ltd"},"image":{"@id":"https:\/\/ruishengglassco.com\/#\/schema\/logo\/image\/"},"sameAs":["https:\/\/www.facebook.com\/ruishengglassbottles","https:\/\/www.instagram.com\/Ruishengglassbottlewholesales\/","https:\/\/www.youtube.com\/channel\/UCMmbMNGwsL-XrtjfSFLCdVQ"]}]}},"_links":{"self":[{"href":"https:\/\/ruishengglassco.com\/it\/wp-json\/wp\/v2\/product\/4298","targetHints":{"allow":["GET"]}}],"collection":[{"href":"https:\/\/ruishengglassco.com\/it\/wp-json\/wp\/v2\/product"}],"about":[{"href":"https:\/\/ruishengglassco.com\/it\/wp-json\/wp\/v2\/types\/product"}],"replies":[{"embeddable":true,"href":"https:\/\/ruishengglassco.com\/it\/wp-json\/wp\/v2\/comments?post=4298"}],"wp:featuredmedia":[{"embeddable":true,"href":"https:\/\/ruishengglassco.com\/it\/wp-json\/wp\/v2\/media\/4299"}],"wp:attachment":[{"href":"https:\/\/ruishengglassco.com\/it\/wp-json\/wp\/v2\/media?parent=4298"}],"wp:term":[{"taxonomy":"product_cat","embeddable":true,"href":"https:\/\/ruishengglassco.com\/it\/wp-json\/wp\/v2\/product_cat?post=4298"}],"curies":[{"name":"wp","href":"https:\/\/api.w.org\/{rel}","templated":true}]}}