{"id":4294,"date":"2025-03-15T12:04:20","date_gmt":"2025-03-15T04:04:20","guid":{"rendered":"https:\/\/ruishengglassco.com\/?post_type=product&#038;p=4294"},"modified":"2025-09-11T16:10:53","modified_gmt":"2025-09-11T08:10:53","slug":"rs050-personalizzato-boston-rotondo-375ml-bottiglie-per-vino-vodka-brandy","status":"publish","type":"product","link":"https:\/\/ruishengglassco.com\/it\/prodotto\/rs050-personalizzato-boston-rotondo-375ml-bottiglie-per-vino-vodka-brandy","title":{"rendered":"RS050: Bottiglie rotonde personalizzate di Boston da 375 ml per vino\/vodka\/brandy"},"content":{"rendered":"<p><span data-preserver-spaces=\"true\">Le bottiglie di vetro rotonde personalizzate Boston sono tra le nostre bottiglie di vetro pi\u00f9 vendute. Questa fabbrica vende bottiglie di vetro da 375 ml in molti paesi e regioni, tra cui Australia, Americhe, Europa e Nuova Zelanda.\u00a0 <\/span><span data-preserver-spaces=\"true\">Questa bottiglia vuota in vetro Boston pu\u00f2 essere utilizzata<\/span><span data-preserver-spaces=\"true\"> per contenere vino, vodka, brandy, gin, rum e altri liquidi.<\/span><\/p>\n<p><span data-preserver-spaces=\"true\">Le nostre bottiglie di vetro da 375 ml sono disponibili all'ingrosso con finitura bar top\/sughero. Questa bottiglia di vetro in vendita \u00e8 una tradizionale bottiglia di vino in stile nordico, caratterizzata da una forma semplice e rotonda ideale per l'etichettatura. <\/span><span data-preserver-spaces=\"true\">Produciamo queste bottiglie di vetro a forma di cilindro per <\/span><span data-preserver-spaces=\"true\">molti<\/span><span data-preserver-spaces=\"true\"> aziende di distillazione da <\/span><span data-preserver-spaces=\"true\">dappertutto<\/span><span data-preserver-spaces=\"true\"> il mondo.<\/span><span data-preserver-spaces=\"true\"> Offriamo un tappo di 19,5 mm, montato a frizione sulla bottiglia di vetro. Il peso di questa bottiglia \u00e8 di 420 g. Il peso elevato \u00e8 caratterizzato da una base spessa e promuove un elemento di alta qualit\u00e0.<\/span><\/p>\n<h2><span data-preserver-spaces=\"true\">I dettagli delle bottiglie di vino in vetro da 375 ml<\/span><\/h2>\n<p><span data-preserver-spaces=\"true\">Il materiale di queste bottiglie di vetro per vino \u00e8 il vetro floccato di alta qualit\u00e0, che \u00e8 il materiale di prima scelta per le bottiglie di vetro.<\/span><\/p>\n<p><span data-preserver-spaces=\"true\">Il liquore vuoto <\/span><span data-preserver-spaces=\"true\">diametro della bottiglia<\/span><span data-preserver-spaces=\"true\"> \u00e8 di 75 mm e l'altezza della bottiglia \u00e8 di 175 mm.<\/span><span data-preserver-spaces=\"true\"> La finitura del collo \u00e8 in sughero. Se necessario, possiamo cambiare la finitura del collo in un tappo a vite.<\/span><\/p>\n<p><span data-preserver-spaces=\"true\">Per quanto riguarda il metodo di imballaggio di queste bottiglie di vetro da 375 ml, abbiamo tre opzioni. La prima \u00e8 l'imballaggio in cartone. Di solito utilizziamo un cartone standard per l'esportazione per confezionare questa bottiglia, che <\/span><span data-preserver-spaces=\"true\">\u00e8 <\/span><span data-preserver-spaces=\"true\">realizzato<\/span><span data-preserver-spaces=\"true\"> di<\/span><span data-preserver-spaces=\"true\"> carta ondulata a cinque strati. Su questo cartone, scriviamo semplicemente il nome, la capacit\u00e0 e il numero di bottiglie della bottiglia di vetro. <\/span><span data-preserver-spaces=\"true\">Se si vuole <\/span><span data-preserver-spaces=\"true\">fare il vostro<\/span><span data-preserver-spaces=\"true\"> scatola di colore personalizzata, possiamo anche <\/span><span data-preserver-spaces=\"true\">fare<\/span><span data-preserver-spaces=\"true\"> it.<\/span><\/p>\n<p><span data-preserver-spaces=\"true\">La seconda modalit\u00e0 di imballaggio di queste bottiglie di vetro \u00e8 il pallet. Il nostro pallet \u00e8 privo di fumigazione. Questo modo \u00e8 <\/span><span data-preserver-spaces=\"true\">molto facile<\/span><span data-preserver-spaces=\"true\"> per trasportare le bottiglie di vetro e risparmiare molto tempo.<\/span><\/p>\n<p><span data-preserver-spaces=\"true\">L'ultima modalit\u00e0 di confezionamento di queste bottiglie \u00e8 una combinazione della prima e della seconda. <\/span><span data-preserver-spaces=\"true\">\u00c8 il pi\u00f9 sicuro <\/span><span data-preserver-spaces=\"true\">modo<\/span><span data-preserver-spaces=\"true\"> per <\/span><span data-preserver-spaces=\"true\">imballaggio di bottiglie di vetro<\/span><span data-preserver-spaces=\"true\">.<\/span><\/p>\n<p><span data-preserver-spaces=\"true\">Se siete interessati a <\/span><span data-preserver-spaces=\"true\">acquisto<\/span><span data-preserver-spaces=\"true\"> Boston bottiglie di vetro rotonde all'ingrosso 375ml, si prega di lasciare un messaggio qui per <\/span><span data-preserver-spaces=\"true\">ottenere<\/span><span data-preserver-spaces=\"true\"> i dettagli.<\/span><\/p>","protected":false},"excerpt":{"rendered":"<table class=\"tg\">\n<tbody>\n<tr>\n<th class=\"tg-24i8\" colspan=\"2\">Bottiglie di vetro rotonde personalizzate da 375 ml di Boston all'ingrosso<\/th>\n<\/tr>\n<tr>\n<td class=\"tg-b7b8\">Riferimento:<\/td>\n<td class=\"tg-b7b8\">RS050<\/td>\n<\/tr>\n<tr>\n<td class=\"tg-yw4l\">Materiale principale:<\/td>\n<td class=\"tg-yw4l\">Vetro ad alto tenore di selce (questo materiale \u00e8 chiamato anche vetro bianco cristallino)<\/td>\n<\/tr>\n<tr>\n<td class=\"tg-b7b8\">Cap:<\/td>\n<td class=\"tg-b7b8\">Sughero\/Cappello a forma di corvo<\/td>\n<\/tr>\n<tr>\n<td class=\"tg-yw4l\">Capacit\u00e0:<\/td>\n<td class=\"tg-yw4l\">375ml<\/td>\n<\/tr>\n<tr>\n<td class=\"tg-b7b8\">Caratteristica:<\/td>\n<td class=\"tg-b7b8\">Eco-compatibile<\/td>\n<\/tr>\n<tr>\n<td class=\"tg-yw4l\">MOQ:<\/td>\n<td class=\"tg-yw4l\">10000 PCS<\/td>\n<\/tr>\n<tr>\n<td class=\"tg-b7b8\">Modo di imballaggio:<\/td>\n<td class=\"tg-b7b8\">Cartone standard per l'esportazione \/ Pallet \/ cartone e pallet standard per l'esportazione<\/td>\n<\/tr>\n<tr>\n<td class=\"tg-yw4l\">OEM\/ODM:<\/td>\n<td class=\"tg-yw4l\">Benvenuti<\/td>\n<\/tr>\n<tr>\n<td class=\"tg-b7b8\">Origine del luogo:<\/td>\n<td class=\"tg-b7b8\">Shandong, Cina<\/td>\n<\/tr>\n<tr>\n<td class=\"tg-yw4l\">Pezzi\/Ctn:<\/td>\n<td class=\"tg-yw4l\">24pcs o secondo le richieste del cliente<\/td>\n<\/tr>\n<\/tbody>\n<\/table>","protected":false},"featured_media":4295,"comment_status":"closed","ping_status":"closed","template":"","meta":[],"product_cat":[55,58,52],"class_list":{"0":"post-4294","1":"product","2":"type-product","3":"status-publish","4":"has-post-thumbnail","6":"product_cat-375ml-liquor-bottle-manufacturer","7":"product_cat-brandy-bottle","8":"product_cat-vodka-bottle","10":"first","11":"instock","12":"shipping-taxable","13":"product-type-simple"},"yoast_head":"<!-- This site is optimized with the Yoast SEO plugin v22.0 - https:\/\/yoast.com\/wordpress\/plugins\/seo\/ -->\n<title>Boston Round Glass Bottles Manufacturers | Bulk Glass Flask Bottles<\/title>\n<meta name=\"description\" content=\"Buy Boston Round Glass Bottles Wholesale Always in Lowest Price! 50ml, 250ml, 750ml, 1000ml(from 2 oz to 32 oz) Glass Flask Bottles For Wine\/Vodka\/Brandy\" \/>\n<meta name=\"robots\" content=\"index, follow, max-snippet:-1, max-image-preview:large, max-video-preview:-1\" \/>\n<link rel=\"canonical\" href=\"https:\/\/ruishengglassco.com\/it\/prodotto\/rs050-personalizzato-boston-rotondo-375ml-bottiglie-per-vino-vodka-brandy\" \/>\n<meta property=\"og:locale\" content=\"it_IT\" \/>\n<meta property=\"og:type\" content=\"article\" \/>\n<meta property=\"og:title\" content=\"Boston Round Glass Bottles Manufacturers | Bulk Glass Flask Bottles\" \/>\n<meta property=\"og:description\" content=\"Buy Boston Round Glass Bottles Wholesale Always in Lowest Price! 50ml, 250ml, 750ml, 1000ml(from 2 oz to 32 oz) Glass Flask Bottles For Wine\/Vodka\/Brandy\" \/>\n<meta property=\"og:url\" content=\"https:\/\/ruishengglassco.com\/it\/prodotto\/rs050-personalizzato-boston-rotondo-375ml-bottiglie-per-vino-vodka-brandy\" \/>\n<meta property=\"article:publisher\" content=\"https:\/\/www.facebook.com\/ruishengglassbottles\" \/>\n<meta property=\"article:modified_time\" content=\"2025-09-11T08:10:53+00:00\" \/>\n<meta property=\"og:image\" content=\"https:\/\/ruishengglassco.com\/wp-content\/uploads\/2025\/03\/RS050-Customized-Boston-Round-375ml-Bottles-Wholesale-For-Wine-Vodka-Brandy.webp\" \/>\n\t<meta property=\"og:image:width\" content=\"800\" \/>\n\t<meta property=\"og:image:height\" content=\"800\" \/>\n\t<meta property=\"og:image:type\" content=\"image\/webp\" \/>\n<meta name=\"twitter:card\" content=\"summary_large_image\" \/>\n<meta name=\"twitter:label1\" content=\"Tempo di lettura stimato\" \/>\n\t<meta name=\"twitter:data1\" content=\"2 minuti\" \/>\n<script type=\"application\/ld+json\" class=\"yoast-schema-graph\">{\"@context\":\"https:\/\/schema.org\",\"@graph\":[{\"@type\":\"WebPage\",\"@id\":\"https:\/\/ruishengglassco.com\/product\/rs050-customized-boston-round-375ml-bottles-for-wine-vodka-brandy\",\"url\":\"https:\/\/ruishengglassco.com\/product\/rs050-customized-boston-round-375ml-bottles-for-wine-vodka-brandy\",\"name\":\"Boston Round Glass Bottles Manufacturers | Bulk Glass Flask Bottles\",\"isPartOf\":{\"@id\":\"https:\/\/ruishengglassco.com\/#website\"},\"datePublished\":\"2025-03-15T04:04:20+00:00\",\"dateModified\":\"2025-09-11T08:10:53+00:00\",\"description\":\"Buy Boston Round Glass Bottles Wholesale Always in Lowest Price! 50ml, 250ml, 750ml, 1000ml(from 2 oz to 32 oz) Glass Flask Bottles For Wine\/Vodka\/Brandy\",\"breadcrumb\":{\"@id\":\"https:\/\/ruishengglassco.com\/product\/rs050-customized-boston-round-375ml-bottles-for-wine-vodka-brandy#breadcrumb\"},\"inLanguage\":\"it-IT\",\"potentialAction\":[{\"@type\":\"ReadAction\",\"target\":[\"https:\/\/ruishengglassco.com\/product\/rs050-customized-boston-round-375ml-bottles-for-wine-vodka-brandy\"]}]},{\"@type\":\"BreadcrumbList\",\"@id\":\"https:\/\/ruishengglassco.com\/product\/rs050-customized-boston-round-375ml-bottles-for-wine-vodka-brandy#breadcrumb\",\"itemListElement\":[{\"@type\":\"ListItem\",\"position\":1,\"name\":\"Home\",\"item\":\"https:\/\/ruishengglassco.com\/\"},{\"@type\":\"ListItem\",\"position\":2,\"name\":\"Products\",\"item\":\"https:\/\/ruishengglassco.com\/products\"},{\"@type\":\"ListItem\",\"position\":3,\"name\":\"RS050: Customized Boston Round 375ml Bottles For Wine\/Vodka\/Brandy\"}]},{\"@type\":\"WebSite\",\"@id\":\"https:\/\/ruishengglassco.com\/#website\",\"url\":\"https:\/\/ruishengglassco.com\/\",\"name\":\"Ruisheng Glass\",\"description\":\"\",\"publisher\":{\"@id\":\"https:\/\/ruishengglassco.com\/#organization\"},\"potentialAction\":[{\"@type\":\"SearchAction\",\"target\":{\"@type\":\"EntryPoint\",\"urlTemplate\":\"https:\/\/ruishengglassco.com\/?s={search_term_string}\"},\"query-input\":\"required name=search_term_string\"}],\"inLanguage\":\"it-IT\"},{\"@type\":\"Organization\",\"@id\":\"https:\/\/ruishengglassco.com\/#organization\",\"name\":\"Shandong Yuncheng Ruisheng Glass Co., Ltd\",\"url\":\"https:\/\/ruishengglassco.com\/\",\"logo\":{\"@type\":\"ImageObject\",\"inLanguage\":\"it-IT\",\"@id\":\"https:\/\/ruishengglassco.com\/#\/schema\/logo\/image\/\",\"url\":\"https:\/\/ruishengglassco.com\/wp-content\/uploads\/2023\/09\/ruisheng_logo_icon.webp\",\"contentUrl\":\"https:\/\/ruishengglassco.com\/wp-content\/uploads\/2023\/09\/ruisheng_logo_icon.webp\",\"width\":400,\"height\":233,\"caption\":\"Shandong Yuncheng Ruisheng Glass Co., Ltd\"},\"image\":{\"@id\":\"https:\/\/ruishengglassco.com\/#\/schema\/logo\/image\/\"},\"sameAs\":[\"https:\/\/www.facebook.com\/ruishengglassbottles\",\"https:\/\/www.instagram.com\/Ruishengglassbottlewholesales\/\",\"https:\/\/www.youtube.com\/channel\/UCMmbMNGwsL-XrtjfSFLCdVQ\"]}]}<\/script>\n<!-- \/ Yoast SEO plugin. -->","yoast_head_json":{"title":"Boston Round Glass Bottles Manufacturers | Bulk Glass Flask Bottles","description":"Buy Boston Round Glass Bottles Wholesale Always in Lowest Price! 50ml, 250ml, 750ml, 1000ml(from 2 oz to 32 oz) Glass Flask Bottles For Wine\/Vodka\/Brandy","robots":{"index":"index","follow":"follow","max-snippet":"max-snippet:-1","max-image-preview":"max-image-preview:large","max-video-preview":"max-video-preview:-1"},"canonical":"https:\/\/ruishengglassco.com\/it\/prodotto\/rs050-personalizzato-boston-rotondo-375ml-bottiglie-per-vino-vodka-brandy","og_locale":"it_IT","og_type":"article","og_title":"Boston Round Glass Bottles Manufacturers | Bulk Glass Flask Bottles","og_description":"Buy Boston Round Glass Bottles Wholesale Always in Lowest Price! 50ml, 250ml, 750ml, 1000ml(from 2 oz to 32 oz) Glass Flask Bottles For Wine\/Vodka\/Brandy","og_url":"https:\/\/ruishengglassco.com\/it\/prodotto\/rs050-personalizzato-boston-rotondo-375ml-bottiglie-per-vino-vodka-brandy","article_publisher":"https:\/\/www.facebook.com\/ruishengglassbottles","article_modified_time":"2025-09-11T08:10:53+00:00","og_image":[{"width":800,"height":800,"url":"https:\/\/ruishengglassco.com\/wp-content\/uploads\/2025\/03\/RS050-Customized-Boston-Round-375ml-Bottles-Wholesale-For-Wine-Vodka-Brandy.webp","type":"image\/webp"}],"twitter_card":"summary_large_image","twitter_misc":{"Tempo di lettura stimato":"2 minuti"},"schema":{"@context":"https:\/\/schema.org","@graph":[{"@type":"WebPage","@id":"https:\/\/ruishengglassco.com\/product\/rs050-customized-boston-round-375ml-bottles-for-wine-vodka-brandy","url":"https:\/\/ruishengglassco.com\/product\/rs050-customized-boston-round-375ml-bottles-for-wine-vodka-brandy","name":"Boston Round Glass Bottles Manufacturers | Bulk Glass Flask Bottles","isPartOf":{"@id":"https:\/\/ruishengglassco.com\/#website"},"datePublished":"2025-03-15T04:04:20+00:00","dateModified":"2025-09-11T08:10:53+00:00","description":"Buy Boston Round Glass Bottles Wholesale Always in Lowest Price! 50ml, 250ml, 750ml, 1000ml(from 2 oz to 32 oz) Glass Flask Bottles For Wine\/Vodka\/Brandy","breadcrumb":{"@id":"https:\/\/ruishengglassco.com\/product\/rs050-customized-boston-round-375ml-bottles-for-wine-vodka-brandy#breadcrumb"},"inLanguage":"it-IT","potentialAction":[{"@type":"ReadAction","target":["https:\/\/ruishengglassco.com\/product\/rs050-customized-boston-round-375ml-bottles-for-wine-vodka-brandy"]}]},{"@type":"BreadcrumbList","@id":"https:\/\/ruishengglassco.com\/product\/rs050-customized-boston-round-375ml-bottles-for-wine-vodka-brandy#breadcrumb","itemListElement":[{"@type":"ListItem","position":1,"name":"Home","item":"https:\/\/ruishengglassco.com\/"},{"@type":"ListItem","position":2,"name":"Products","item":"https:\/\/ruishengglassco.com\/products"},{"@type":"ListItem","position":3,"name":"RS050: Customized Boston Round 375ml Bottles For Wine\/Vodka\/Brandy"}]},{"@type":"WebSite","@id":"https:\/\/ruishengglassco.com\/#website","url":"https:\/\/ruishengglassco.com\/","name":"Ruisheng Glass","description":"","publisher":{"@id":"https:\/\/ruishengglassco.com\/#organization"},"potentialAction":[{"@type":"SearchAction","target":{"@type":"EntryPoint","urlTemplate":"https:\/\/ruishengglassco.com\/?s={search_term_string}"},"query-input":"required name=search_term_string"}],"inLanguage":"it-IT"},{"@type":"Organization","@id":"https:\/\/ruishengglassco.com\/#organization","name":"Shandong Yuncheng Ruisheng Glass Co., Ltd","url":"https:\/\/ruishengglassco.com\/","logo":{"@type":"ImageObject","inLanguage":"it-IT","@id":"https:\/\/ruishengglassco.com\/#\/schema\/logo\/image\/","url":"https:\/\/ruishengglassco.com\/wp-content\/uploads\/2023\/09\/ruisheng_logo_icon.webp","contentUrl":"https:\/\/ruishengglassco.com\/wp-content\/uploads\/2023\/09\/ruisheng_logo_icon.webp","width":400,"height":233,"caption":"Shandong Yuncheng Ruisheng Glass Co., Ltd"},"image":{"@id":"https:\/\/ruishengglassco.com\/#\/schema\/logo\/image\/"},"sameAs":["https:\/\/www.facebook.com\/ruishengglassbottles","https:\/\/www.instagram.com\/Ruishengglassbottlewholesales\/","https:\/\/www.youtube.com\/channel\/UCMmbMNGwsL-XrtjfSFLCdVQ"]}]}},"_links":{"self":[{"href":"https:\/\/ruishengglassco.com\/it\/wp-json\/wp\/v2\/product\/4294","targetHints":{"allow":["GET"]}}],"collection":[{"href":"https:\/\/ruishengglassco.com\/it\/wp-json\/wp\/v2\/product"}],"about":[{"href":"https:\/\/ruishengglassco.com\/it\/wp-json\/wp\/v2\/types\/product"}],"replies":[{"embeddable":true,"href":"https:\/\/ruishengglassco.com\/it\/wp-json\/wp\/v2\/comments?post=4294"}],"wp:featuredmedia":[{"embeddable":true,"href":"https:\/\/ruishengglassco.com\/it\/wp-json\/wp\/v2\/media\/4295"}],"wp:attachment":[{"href":"https:\/\/ruishengglassco.com\/it\/wp-json\/wp\/v2\/media?parent=4294"}],"wp:term":[{"taxonomy":"product_cat","embeddable":true,"href":"https:\/\/ruishengglassco.com\/it\/wp-json\/wp\/v2\/product_cat?post=4294"}],"curies":[{"name":"wp","href":"https:\/\/api.w.org\/{rel}","templated":true}]}}