{"id":4290,"date":"2025-03-15T11:59:23","date_gmt":"2025-03-15T03:59:23","guid":{"rendered":"https:\/\/ruishengglassco.com\/?post_type=product&#038;p=4290"},"modified":"2025-09-11T16:25:36","modified_gmt":"2025-09-11T08:25:36","slug":"rs053-700ml-bottiglie-di-brandy-allingrosso","status":"publish","type":"product","link":"https:\/\/ruishengglassco.com\/it\/prodotto\/rs053-700ml-bottiglie-di-brandy-allingrosso","title":{"rendered":"RS053: 700ml Bottiglie di Brandy Produttori"},"content":{"rendered":"<p>E il prezzo della bottiglia di brandy da 700 ml? Questa \u00e8 la migliore bottiglia di brandy prodotta da Shandong Yuncheng Ruisheng Glass Co., Ltd., un rinomato produttore di bottiglie di brandy. La nostra azienda \u00e8 uno dei maggiori produttori di bottiglie per liquori in Cina. Offriamo bottiglie di vetro per liquori all'ingrosso, consentendovi di acquistare bottiglie di brandy a prezzi all'ingrosso.<\/p>\n<p>Questa bottiglia di brandy \u00e8 la migliore. \u00c8 realizzata in vetro flint di alta qualit\u00e0. Questo conferisce alla bottiglia chiarezza, durata e una finitura liscia.<\/p>\n<p>La nostra azienda conta oltre 500 dipendenti e un team di ingegneri specializzati. Grazie alla nostra vasta esperienza, godiamo di una solida reputazione in tutto il mondo.<\/p>\n<p>Offriamo principalmente bottiglie di vetro per alcolici di alta qualit\u00e0. Si tratta, tra l'altro, di bottiglie per vodka, brandy, whisky, liquori e marmellata. Possiamo anche offrire bottiglie di vetro ambrato, bottiglie verdi e bottiglie d'acqua. I nostri mercati principali sono gli Stati Uniti, il Regno Unito, il Canada, l'Australia, ecc. Tutti i prodotti godono di un'ottima reputazione per innovazione e funzionalit\u00e0.<\/p>\n<h2>Le informazioni del prezzo della bottiglia di brandy 700ml come di seguito:<\/h2>\n<ul>\n<li>Materiale principale: vetro ad alta percentuale di selce<\/li>\n<li>Tappo: tappo a vite<\/li>\n<li>Riferimento: RS053<\/li>\n<li>MOQ: 10000 PCS<\/li>\n<li>Dimensione della bottiglia di brandy: Mini bottiglia di brandy, 100ml, 350ml, 500ml, 700ml, 750ml, 1000ml e dimensione personalizzata della bottiglia di brandy<\/li>\n<li>Pezzi\/Ctn: 24 pezzi<\/li>\n<li>Origine del luogo: Shandong, Cina<\/li>\n<li>Caratteristiche: Eco-friendly<\/li>\n<\/ul>\n<p>Se volete conoscere il prezzo della bottiglia di brandy 70oml o volete acquistare bottiglie di brandy all'ingrosso, contattateci. Vi risponderemo entro 24 ore.<\/p>","protected":false},"excerpt":{"rendered":"<table class=\"tg\">\n<tbody>\n<tr>\n<td class=\"tg-b7b8\">Riferimento:<\/td>\n<td class=\"tg-b7b8\">RS053<\/td>\n<\/tr>\n<tr>\n<td class=\"tg-yw4l\">Materiale principale:<\/td>\n<td class=\"tg-yw4l\">Vetro ad alto tenore di selce (questo materiale \u00e8 chiamato anche vetro bianco cristallino)<\/td>\n<\/tr>\n<tr>\n<td class=\"tg-b7b8\">Cap:<\/td>\n<td class=\"tg-b7b8\">Cappello Scrow<\/td>\n<\/tr>\n<tr>\n<td class=\"tg-yw4l\">Capacit\u00e0:<\/td>\n<td class=\"tg-yw4l\">700ml<\/td>\n<\/tr>\n<tr>\n<td class=\"tg-b7b8\">Caratteristica:<\/td>\n<td class=\"tg-b7b8\">Eco-compatibile<\/td>\n<\/tr>\n<tr>\n<td class=\"tg-yw4l\">MOQ:<\/td>\n<td class=\"tg-yw4l\">10000 PCS<\/td>\n<\/tr>\n<tr>\n<td class=\"tg-b7b8\">Modo di imballaggio:<\/td>\n<td class=\"tg-b7b8\">Cartone standard per l'esportazione \/ Pallet \/ cartone e pallet standard per l'esportazione<\/td>\n<\/tr>\n<tr>\n<td class=\"tg-yw4l\">OEM\/ODM:<\/td>\n<td class=\"tg-yw4l\">Benvenuti<\/td>\n<\/tr>\n<tr>\n<td class=\"tg-b7b8\">Origine del luogo:<\/td>\n<td class=\"tg-b7b8\">Shandong, Cina<\/td>\n<\/tr>\n<tr>\n<td class=\"tg-yw4l\">Pezzi\/Ctn:<\/td>\n<td class=\"tg-yw4l\">24pcs o secondo le richieste del cliente<\/td>\n<\/tr>\n<\/tbody>\n<\/table>","protected":false},"featured_media":4291,"comment_status":"closed","ping_status":"closed","template":"","meta":[],"product_cat":[44,58],"class_list":{"0":"post-4290","1":"product","2":"type-product","3":"status-publish","4":"has-post-thumbnail","6":"product_cat-700ml-liquor-bottle-manufacturer","7":"product_cat-brandy-bottle","9":"first","10":"instock","11":"shipping-taxable","12":"product-type-simple"},"yoast_head":"<!-- This site is optimized with the Yoast SEO plugin v22.0 - https:\/\/yoast.com\/wordpress\/plugins\/seo\/ -->\n<title>Brandy Bottle Price | Luxury Liquor Bottles Manufacturer-RS<\/title>\n<meta name=\"description\" content=\"Do you want to get wholesale brandy bottle price? Click her and contact us to get factory outlet price from China luxury liquor bottles manufacturer\" \/>\n<meta name=\"robots\" content=\"index, follow, max-snippet:-1, max-image-preview:large, max-video-preview:-1\" \/>\n<link rel=\"canonical\" href=\"https:\/\/ruishengglassco.com\/it\/prodotto\/rs053-700ml-bottiglie-di-brandy-allingrosso\" \/>\n<meta property=\"og:locale\" content=\"it_IT\" \/>\n<meta property=\"og:type\" content=\"article\" \/>\n<meta property=\"og:title\" content=\"Brandy Bottle Price | Luxury Liquor Bottles Manufacturer-RS\" \/>\n<meta property=\"og:description\" content=\"Do you want to get wholesale brandy bottle price? Click her and contact us to get factory outlet price from China luxury liquor bottles manufacturer\" \/>\n<meta property=\"og:url\" content=\"https:\/\/ruishengglassco.com\/it\/prodotto\/rs053-700ml-bottiglie-di-brandy-allingrosso\" \/>\n<meta property=\"article:publisher\" content=\"https:\/\/www.facebook.com\/ruishengglassbottles\" \/>\n<meta property=\"article:modified_time\" content=\"2025-09-11T08:25:36+00:00\" \/>\n<meta property=\"og:image\" content=\"https:\/\/ruishengglassco.com\/wp-content\/uploads\/2025\/03\/RS053-700ml-Brandy-Bottles-Wholesale.webp\" \/>\n\t<meta property=\"og:image:width\" content=\"608\" \/>\n\t<meta property=\"og:image:height\" content=\"608\" \/>\n\t<meta property=\"og:image:type\" content=\"image\/webp\" \/>\n<meta name=\"twitter:card\" content=\"summary_large_image\" \/>\n<meta name=\"twitter:label1\" content=\"Tempo di lettura stimato\" \/>\n\t<meta name=\"twitter:data1\" content=\"2 minuti\" \/>\n<script type=\"application\/ld+json\" class=\"yoast-schema-graph\">{\"@context\":\"https:\/\/schema.org\",\"@graph\":[{\"@type\":\"WebPage\",\"@id\":\"https:\/\/ruishengglassco.com\/product\/rs053-700ml-brandy-bottles-wholesale\",\"url\":\"https:\/\/ruishengglassco.com\/product\/rs053-700ml-brandy-bottles-wholesale\",\"name\":\"Brandy Bottle Price | Luxury Liquor Bottles Manufacturer-RS\",\"isPartOf\":{\"@id\":\"https:\/\/ruishengglassco.com\/#website\"},\"datePublished\":\"2025-03-15T03:59:23+00:00\",\"dateModified\":\"2025-09-11T08:25:36+00:00\",\"description\":\"Do you want to get wholesale brandy bottle price? Click her and contact us to get factory outlet price from China luxury liquor bottles manufacturer\",\"breadcrumb\":{\"@id\":\"https:\/\/ruishengglassco.com\/product\/rs053-700ml-brandy-bottles-wholesale#breadcrumb\"},\"inLanguage\":\"it-IT\",\"potentialAction\":[{\"@type\":\"ReadAction\",\"target\":[\"https:\/\/ruishengglassco.com\/product\/rs053-700ml-brandy-bottles-wholesale\"]}]},{\"@type\":\"BreadcrumbList\",\"@id\":\"https:\/\/ruishengglassco.com\/product\/rs053-700ml-brandy-bottles-wholesale#breadcrumb\",\"itemListElement\":[{\"@type\":\"ListItem\",\"position\":1,\"name\":\"Home\",\"item\":\"https:\/\/ruishengglassco.com\/\"},{\"@type\":\"ListItem\",\"position\":2,\"name\":\"Products\",\"item\":\"https:\/\/ruishengglassco.com\/products\"},{\"@type\":\"ListItem\",\"position\":3,\"name\":\"RS053: 700ml Brandy Bottles Manufacturers\"}]},{\"@type\":\"WebSite\",\"@id\":\"https:\/\/ruishengglassco.com\/#website\",\"url\":\"https:\/\/ruishengglassco.com\/\",\"name\":\"Ruisheng Glass\",\"description\":\"\",\"publisher\":{\"@id\":\"https:\/\/ruishengglassco.com\/#organization\"},\"potentialAction\":[{\"@type\":\"SearchAction\",\"target\":{\"@type\":\"EntryPoint\",\"urlTemplate\":\"https:\/\/ruishengglassco.com\/?s={search_term_string}\"},\"query-input\":\"required name=search_term_string\"}],\"inLanguage\":\"it-IT\"},{\"@type\":\"Organization\",\"@id\":\"https:\/\/ruishengglassco.com\/#organization\",\"name\":\"Shandong Yuncheng Ruisheng Glass Co., Ltd\",\"url\":\"https:\/\/ruishengglassco.com\/\",\"logo\":{\"@type\":\"ImageObject\",\"inLanguage\":\"it-IT\",\"@id\":\"https:\/\/ruishengglassco.com\/#\/schema\/logo\/image\/\",\"url\":\"https:\/\/ruishengglassco.com\/wp-content\/uploads\/2023\/09\/ruisheng_logo_icon.webp\",\"contentUrl\":\"https:\/\/ruishengglassco.com\/wp-content\/uploads\/2023\/09\/ruisheng_logo_icon.webp\",\"width\":400,\"height\":233,\"caption\":\"Shandong Yuncheng Ruisheng Glass Co., Ltd\"},\"image\":{\"@id\":\"https:\/\/ruishengglassco.com\/#\/schema\/logo\/image\/\"},\"sameAs\":[\"https:\/\/www.facebook.com\/ruishengglassbottles\",\"https:\/\/www.instagram.com\/Ruishengglassbottlewholesales\/\",\"https:\/\/www.youtube.com\/channel\/UCMmbMNGwsL-XrtjfSFLCdVQ\"]}]}<\/script>\n<!-- \/ Yoast SEO plugin. -->","yoast_head_json":{"title":"Brandy Bottle Price | Luxury Liquor Bottles Manufacturer-RS","description":"Do you want to get wholesale brandy bottle price? Click her and contact us to get factory outlet price from China luxury liquor bottles manufacturer","robots":{"index":"index","follow":"follow","max-snippet":"max-snippet:-1","max-image-preview":"max-image-preview:large","max-video-preview":"max-video-preview:-1"},"canonical":"https:\/\/ruishengglassco.com\/it\/prodotto\/rs053-700ml-bottiglie-di-brandy-allingrosso","og_locale":"it_IT","og_type":"article","og_title":"Brandy Bottle Price | Luxury Liquor Bottles Manufacturer-RS","og_description":"Do you want to get wholesale brandy bottle price? Click her and contact us to get factory outlet price from China luxury liquor bottles manufacturer","og_url":"https:\/\/ruishengglassco.com\/it\/prodotto\/rs053-700ml-bottiglie-di-brandy-allingrosso","article_publisher":"https:\/\/www.facebook.com\/ruishengglassbottles","article_modified_time":"2025-09-11T08:25:36+00:00","og_image":[{"width":608,"height":608,"url":"https:\/\/ruishengglassco.com\/wp-content\/uploads\/2025\/03\/RS053-700ml-Brandy-Bottles-Wholesale.webp","type":"image\/webp"}],"twitter_card":"summary_large_image","twitter_misc":{"Tempo di lettura stimato":"2 minuti"},"schema":{"@context":"https:\/\/schema.org","@graph":[{"@type":"WebPage","@id":"https:\/\/ruishengglassco.com\/product\/rs053-700ml-brandy-bottles-wholesale","url":"https:\/\/ruishengglassco.com\/product\/rs053-700ml-brandy-bottles-wholesale","name":"Brandy Bottle Price | Luxury Liquor Bottles Manufacturer-RS","isPartOf":{"@id":"https:\/\/ruishengglassco.com\/#website"},"datePublished":"2025-03-15T03:59:23+00:00","dateModified":"2025-09-11T08:25:36+00:00","description":"Do you want to get wholesale brandy bottle price? Click her and contact us to get factory outlet price from China luxury liquor bottles manufacturer","breadcrumb":{"@id":"https:\/\/ruishengglassco.com\/product\/rs053-700ml-brandy-bottles-wholesale#breadcrumb"},"inLanguage":"it-IT","potentialAction":[{"@type":"ReadAction","target":["https:\/\/ruishengglassco.com\/product\/rs053-700ml-brandy-bottles-wholesale"]}]},{"@type":"BreadcrumbList","@id":"https:\/\/ruishengglassco.com\/product\/rs053-700ml-brandy-bottles-wholesale#breadcrumb","itemListElement":[{"@type":"ListItem","position":1,"name":"Home","item":"https:\/\/ruishengglassco.com\/"},{"@type":"ListItem","position":2,"name":"Products","item":"https:\/\/ruishengglassco.com\/products"},{"@type":"ListItem","position":3,"name":"RS053: 700ml Brandy Bottles Manufacturers"}]},{"@type":"WebSite","@id":"https:\/\/ruishengglassco.com\/#website","url":"https:\/\/ruishengglassco.com\/","name":"Ruisheng Glass","description":"","publisher":{"@id":"https:\/\/ruishengglassco.com\/#organization"},"potentialAction":[{"@type":"SearchAction","target":{"@type":"EntryPoint","urlTemplate":"https:\/\/ruishengglassco.com\/?s={search_term_string}"},"query-input":"required name=search_term_string"}],"inLanguage":"it-IT"},{"@type":"Organization","@id":"https:\/\/ruishengglassco.com\/#organization","name":"Shandong Yuncheng Ruisheng Glass Co., Ltd","url":"https:\/\/ruishengglassco.com\/","logo":{"@type":"ImageObject","inLanguage":"it-IT","@id":"https:\/\/ruishengglassco.com\/#\/schema\/logo\/image\/","url":"https:\/\/ruishengglassco.com\/wp-content\/uploads\/2023\/09\/ruisheng_logo_icon.webp","contentUrl":"https:\/\/ruishengglassco.com\/wp-content\/uploads\/2023\/09\/ruisheng_logo_icon.webp","width":400,"height":233,"caption":"Shandong Yuncheng Ruisheng Glass Co., Ltd"},"image":{"@id":"https:\/\/ruishengglassco.com\/#\/schema\/logo\/image\/"},"sameAs":["https:\/\/www.facebook.com\/ruishengglassbottles","https:\/\/www.instagram.com\/Ruishengglassbottlewholesales\/","https:\/\/www.youtube.com\/channel\/UCMmbMNGwsL-XrtjfSFLCdVQ"]}]}},"_links":{"self":[{"href":"https:\/\/ruishengglassco.com\/it\/wp-json\/wp\/v2\/product\/4290","targetHints":{"allow":["GET"]}}],"collection":[{"href":"https:\/\/ruishengglassco.com\/it\/wp-json\/wp\/v2\/product"}],"about":[{"href":"https:\/\/ruishengglassco.com\/it\/wp-json\/wp\/v2\/types\/product"}],"replies":[{"embeddable":true,"href":"https:\/\/ruishengglassco.com\/it\/wp-json\/wp\/v2\/comments?post=4290"}],"wp:featuredmedia":[{"embeddable":true,"href":"https:\/\/ruishengglassco.com\/it\/wp-json\/wp\/v2\/media\/4291"}],"wp:attachment":[{"href":"https:\/\/ruishengglassco.com\/it\/wp-json\/wp\/v2\/media?parent=4290"}],"wp:term":[{"taxonomy":"product_cat","embeddable":true,"href":"https:\/\/ruishengglassco.com\/it\/wp-json\/wp\/v2\/product_cat?post=4290"}],"curies":[{"name":"wp","href":"https:\/\/api.w.org\/{rel}","templated":true}]}}