{"id":4286,"date":"2025-03-15T11:53:32","date_gmt":"2025-03-15T03:53:32","guid":{"rendered":"https:\/\/ruishengglassco.com\/?post_type=product&#038;p=4286"},"modified":"2025-07-17T14:24:48","modified_gmt":"2025-07-17T06:24:48","slug":"rs055-bottiglie-di-vetro-in-miniatura-50ml-100ml-bottiglia-di-vetro-trasparente-per-liquore","status":"publish","type":"product","link":"https:\/\/ruishengglassco.com\/it\/prodotto\/rs055-bottiglie-di-vetro-in-miniatura-50ml-100ml-bottiglia-di-vetro-trasparente-per-liquore","title":{"rendered":"RS055: Bottiglie di vetro in miniatura 50ml 100ml Bottiglia di vetro trasparente per Liquore"},"content":{"rendered":"<p>Queste mini bottiglie vuote per liquori, disponibili all'ingrosso, possono essere utilizzate sia come bottiglie per alcolici che come bottiglie per profumi. Possiamo stamparci sopra il vostro logo e dipingerle del colore che desiderate. La nostra azienda ha un'ampia esperienza, quindi potete fidarvi di noi per la produzione di bottiglie di vetro di alta qualit\u00e0.<\/p>\n<p>Le materie prime per le nostre bottiglie vuote di liquore vengono reperite all'origine e poi selezionate con cura dal nostro personale. Utilizziamo attrezzature di alto livello e produciamo bottiglie di alta qualit\u00e0.<\/p>\n<p>Queste bottiglie per liquori hanno anche altre capacit\u00e0, come 100 ml, 375 ml, 500 ml, 700 ml e 750 ml. La nostra azienda offre anche servizi di bottiglie di vetro personalizzate; possiamo creare qualsiasi cosa desideriate. Possiamo dipingere la bottiglia del colore che desiderate. La nostra azienda d\u00e0 sempre priorit\u00e0 alla qualit\u00e0; potete contare su di noi per ottenere un prodotto di alta qualit\u00e0.<\/p>\n<p>I nostri prodotti principali sono bottiglie di vetro di alta qualit\u00e0 come bottiglie di vodka, bottiglie di brandy, bottiglie di whisky, bottiglie di liquore, bottiglie di marmellata e cos\u00ec via. Possiamo anche offrire bottiglie di vetro ambrato, bottiglie verdi e bottiglie d'acqua. I nostri mercati principali includono Europa, Stati Uniti, Australia e altri. Tutti i prodotti godono di un'ottima reputazione per innovazione e funzionalit\u00e0.<\/p>\n<h2>Informazioni sulle mini bottiglie di liquore vuote alla rinfusa<\/h2>\n<ul>\n<li>Materiale principale: Vetro bianco cristallo, vetro<\/li>\n<li>Cappuccio: pu\u00f2 essere personalizzato<\/li>\n<li>Riferimento: RS055<\/li>\n<li>MOQ: 10000 PCS (circa 500000 pz)<\/li>\n<li>Capacit\u00e0: 50ml\/100ml<\/li>\n<li>Pezzi\/Ctn: 24 pezzi<\/li>\n<li>Origine del luogo: Shandong, Cina<\/li>\n<li>Caratteristiche: Eco-friendly<\/li>\n<\/ul>\n<p>Se si desidera acquistare mini bottiglie di liquore vuote all'ingrosso dalla Cina 50ml bottiglia di vetro trasparente fornitori, non esitate a contattarci. Vi risponderemo entro 24 ore.<\/p>","protected":false},"excerpt":{"rendered":"<p data-block-id=\"27d1b6e9-7596-48ae-9365-723e99426564\" data-pm-slice=\"1 1 []\">Trasparenza. Eleganza. Bellezza. Le mini bottiglie da liquore trasparenti da 50 ml di Ruisheng combinano grandi caratteristiche in una sola. Utilizzano vetro di alta qualit\u00e0, privo di piombo, sicuro ed ecologico. Queste bottiglie sono perfette per il confezionamento di liquori. Se siete alla ricerca di un perfetto contenitore in vetro per liquori, questa deve essere la vostra prima scelta.<\/p>","protected":false},"featured_media":4287,"comment_status":"closed","ping_status":"closed","template":"","meta":[],"product_cat":[48],"class_list":{"0":"post-4286","1":"product","2":"type-product","3":"status-publish","4":"has-post-thumbnail","6":"product_cat-50ml-mini-liquor-bottle-manufacturer","8":"first","9":"instock","10":"shipping-taxable","11":"product-type-simple"},"yoast_head":"<!-- This site is optimized with the Yoast SEO plugin v22.0 - https:\/\/yoast.com\/wordpress\/plugins\/seo\/ -->\n<title>Empty Mini Liquor Bottles Bulk | 50ml Transparent Glass Bottle Suppliers<\/title>\n<meta name=\"description\" content=\"Do you want to buy empty mini liquor bottles bulk from China 50ml transparent glass bottle suppliers? Factory Outlet With Wholesale Price! Get Quote Now.\" \/>\n<meta name=\"robots\" content=\"index, follow, max-snippet:-1, max-image-preview:large, max-video-preview:-1\" \/>\n<link rel=\"canonical\" href=\"https:\/\/ruishengglassco.com\/it\/prodotto\/rs055-bottiglie-di-vetro-in-miniatura-50ml-100ml-bottiglia-di-vetro-trasparente-per-liquore\" \/>\n<meta property=\"og:locale\" content=\"it_IT\" \/>\n<meta property=\"og:type\" content=\"article\" \/>\n<meta property=\"og:title\" content=\"Empty Mini Liquor Bottles Bulk | 50ml Transparent Glass Bottle Suppliers\" \/>\n<meta property=\"og:description\" content=\"Do you want to buy empty mini liquor bottles bulk from China 50ml transparent glass bottle suppliers? Factory Outlet With Wholesale Price! Get Quote Now.\" \/>\n<meta property=\"og:url\" content=\"https:\/\/ruishengglassco.com\/it\/prodotto\/rs055-bottiglie-di-vetro-in-miniatura-50ml-100ml-bottiglia-di-vetro-trasparente-per-liquore\" \/>\n<meta property=\"article:publisher\" content=\"https:\/\/www.facebook.com\/ruishengglassbottles\" \/>\n<meta property=\"article:modified_time\" content=\"2025-07-17T06:24:48+00:00\" \/>\n<meta property=\"og:image\" content=\"https:\/\/ruishengglassco.com\/wp-content\/uploads\/2025\/03\/RS055-Miniature-Glass-Bottles-50ml-100ml-Transparent-Glass-Bottle-For-Liquor.webp\" \/>\n\t<meta property=\"og:image:width\" content=\"800\" \/>\n\t<meta property=\"og:image:height\" content=\"800\" \/>\n\t<meta property=\"og:image:type\" content=\"image\/webp\" \/>\n<meta name=\"twitter:card\" content=\"summary_large_image\" \/>\n<meta name=\"twitter:label1\" content=\"Tempo di lettura stimato\" \/>\n\t<meta name=\"twitter:data1\" content=\"2 minuti\" \/>\n<script type=\"application\/ld+json\" class=\"yoast-schema-graph\">{\"@context\":\"https:\/\/schema.org\",\"@graph\":[{\"@type\":\"WebPage\",\"@id\":\"https:\/\/ruishengglassco.com\/product\/rs055-miniature-glass-bottles-50ml-100ml-transparent-glass-bottle-for-liquor\",\"url\":\"https:\/\/ruishengglassco.com\/product\/rs055-miniature-glass-bottles-50ml-100ml-transparent-glass-bottle-for-liquor\",\"name\":\"Empty Mini Liquor Bottles Bulk | 50ml Transparent Glass Bottle Suppliers\",\"isPartOf\":{\"@id\":\"https:\/\/ruishengglassco.com\/#website\"},\"datePublished\":\"2025-03-15T03:53:32+00:00\",\"dateModified\":\"2025-07-17T06:24:48+00:00\",\"description\":\"Do you want to buy empty mini liquor bottles bulk from China 50ml transparent glass bottle suppliers? Factory Outlet With Wholesale Price! Get Quote Now.\",\"breadcrumb\":{\"@id\":\"https:\/\/ruishengglassco.com\/product\/rs055-miniature-glass-bottles-50ml-100ml-transparent-glass-bottle-for-liquor#breadcrumb\"},\"inLanguage\":\"it-IT\",\"potentialAction\":[{\"@type\":\"ReadAction\",\"target\":[\"https:\/\/ruishengglassco.com\/product\/rs055-miniature-glass-bottles-50ml-100ml-transparent-glass-bottle-for-liquor\"]}]},{\"@type\":\"BreadcrumbList\",\"@id\":\"https:\/\/ruishengglassco.com\/product\/rs055-miniature-glass-bottles-50ml-100ml-transparent-glass-bottle-for-liquor#breadcrumb\",\"itemListElement\":[{\"@type\":\"ListItem\",\"position\":1,\"name\":\"Home\",\"item\":\"https:\/\/ruishengglassco.com\/\"},{\"@type\":\"ListItem\",\"position\":2,\"name\":\"Products\",\"item\":\"https:\/\/ruishengglassco.com\/products\"},{\"@type\":\"ListItem\",\"position\":3,\"name\":\"RS055: Miniature Glass Bottles 50ml 100ml Transparent Glass Bottle For Liquor\"}]},{\"@type\":\"WebSite\",\"@id\":\"https:\/\/ruishengglassco.com\/#website\",\"url\":\"https:\/\/ruishengglassco.com\/\",\"name\":\"Ruisheng Glass\",\"description\":\"\",\"publisher\":{\"@id\":\"https:\/\/ruishengglassco.com\/#organization\"},\"potentialAction\":[{\"@type\":\"SearchAction\",\"target\":{\"@type\":\"EntryPoint\",\"urlTemplate\":\"https:\/\/ruishengglassco.com\/?s={search_term_string}\"},\"query-input\":\"required name=search_term_string\"}],\"inLanguage\":\"it-IT\"},{\"@type\":\"Organization\",\"@id\":\"https:\/\/ruishengglassco.com\/#organization\",\"name\":\"Shandong Yuncheng Ruisheng Glass Co., Ltd\",\"url\":\"https:\/\/ruishengglassco.com\/\",\"logo\":{\"@type\":\"ImageObject\",\"inLanguage\":\"it-IT\",\"@id\":\"https:\/\/ruishengglassco.com\/#\/schema\/logo\/image\/\",\"url\":\"https:\/\/ruishengglassco.com\/wp-content\/uploads\/2023\/09\/ruisheng_logo_icon.webp\",\"contentUrl\":\"https:\/\/ruishengglassco.com\/wp-content\/uploads\/2023\/09\/ruisheng_logo_icon.webp\",\"width\":400,\"height\":233,\"caption\":\"Shandong Yuncheng Ruisheng Glass Co., Ltd\"},\"image\":{\"@id\":\"https:\/\/ruishengglassco.com\/#\/schema\/logo\/image\/\"},\"sameAs\":[\"https:\/\/www.facebook.com\/ruishengglassbottles\",\"https:\/\/www.instagram.com\/Ruishengglassbottlewholesales\/\",\"https:\/\/www.youtube.com\/channel\/UCMmbMNGwsL-XrtjfSFLCdVQ\"]}]}<\/script>\n<!-- \/ Yoast SEO plugin. -->","yoast_head_json":{"title":"Empty Mini Liquor Bottles Bulk | 50ml Transparent Glass Bottle Suppliers","description":"Do you want to buy empty mini liquor bottles bulk from China 50ml transparent glass bottle suppliers? Factory Outlet With Wholesale Price! Get Quote Now.","robots":{"index":"index","follow":"follow","max-snippet":"max-snippet:-1","max-image-preview":"max-image-preview:large","max-video-preview":"max-video-preview:-1"},"canonical":"https:\/\/ruishengglassco.com\/it\/prodotto\/rs055-bottiglie-di-vetro-in-miniatura-50ml-100ml-bottiglia-di-vetro-trasparente-per-liquore","og_locale":"it_IT","og_type":"article","og_title":"Empty Mini Liquor Bottles Bulk | 50ml Transparent Glass Bottle Suppliers","og_description":"Do you want to buy empty mini liquor bottles bulk from China 50ml transparent glass bottle suppliers? Factory Outlet With Wholesale Price! Get Quote Now.","og_url":"https:\/\/ruishengglassco.com\/it\/prodotto\/rs055-bottiglie-di-vetro-in-miniatura-50ml-100ml-bottiglia-di-vetro-trasparente-per-liquore","article_publisher":"https:\/\/www.facebook.com\/ruishengglassbottles","article_modified_time":"2025-07-17T06:24:48+00:00","og_image":[{"width":800,"height":800,"url":"https:\/\/ruishengglassco.com\/wp-content\/uploads\/2025\/03\/RS055-Miniature-Glass-Bottles-50ml-100ml-Transparent-Glass-Bottle-For-Liquor.webp","type":"image\/webp"}],"twitter_card":"summary_large_image","twitter_misc":{"Tempo di lettura stimato":"2 minuti"},"schema":{"@context":"https:\/\/schema.org","@graph":[{"@type":"WebPage","@id":"https:\/\/ruishengglassco.com\/product\/rs055-miniature-glass-bottles-50ml-100ml-transparent-glass-bottle-for-liquor","url":"https:\/\/ruishengglassco.com\/product\/rs055-miniature-glass-bottles-50ml-100ml-transparent-glass-bottle-for-liquor","name":"Empty Mini Liquor Bottles Bulk | 50ml Transparent Glass Bottle Suppliers","isPartOf":{"@id":"https:\/\/ruishengglassco.com\/#website"},"datePublished":"2025-03-15T03:53:32+00:00","dateModified":"2025-07-17T06:24:48+00:00","description":"Do you want to buy empty mini liquor bottles bulk from China 50ml transparent glass bottle suppliers? Factory Outlet With Wholesale Price! Get Quote Now.","breadcrumb":{"@id":"https:\/\/ruishengglassco.com\/product\/rs055-miniature-glass-bottles-50ml-100ml-transparent-glass-bottle-for-liquor#breadcrumb"},"inLanguage":"it-IT","potentialAction":[{"@type":"ReadAction","target":["https:\/\/ruishengglassco.com\/product\/rs055-miniature-glass-bottles-50ml-100ml-transparent-glass-bottle-for-liquor"]}]},{"@type":"BreadcrumbList","@id":"https:\/\/ruishengglassco.com\/product\/rs055-miniature-glass-bottles-50ml-100ml-transparent-glass-bottle-for-liquor#breadcrumb","itemListElement":[{"@type":"ListItem","position":1,"name":"Home","item":"https:\/\/ruishengglassco.com\/"},{"@type":"ListItem","position":2,"name":"Products","item":"https:\/\/ruishengglassco.com\/products"},{"@type":"ListItem","position":3,"name":"RS055: Miniature Glass Bottles 50ml 100ml Transparent Glass Bottle For Liquor"}]},{"@type":"WebSite","@id":"https:\/\/ruishengglassco.com\/#website","url":"https:\/\/ruishengglassco.com\/","name":"Ruisheng Glass","description":"","publisher":{"@id":"https:\/\/ruishengglassco.com\/#organization"},"potentialAction":[{"@type":"SearchAction","target":{"@type":"EntryPoint","urlTemplate":"https:\/\/ruishengglassco.com\/?s={search_term_string}"},"query-input":"required name=search_term_string"}],"inLanguage":"it-IT"},{"@type":"Organization","@id":"https:\/\/ruishengglassco.com\/#organization","name":"Shandong Yuncheng Ruisheng Glass Co., Ltd","url":"https:\/\/ruishengglassco.com\/","logo":{"@type":"ImageObject","inLanguage":"it-IT","@id":"https:\/\/ruishengglassco.com\/#\/schema\/logo\/image\/","url":"https:\/\/ruishengglassco.com\/wp-content\/uploads\/2023\/09\/ruisheng_logo_icon.webp","contentUrl":"https:\/\/ruishengglassco.com\/wp-content\/uploads\/2023\/09\/ruisheng_logo_icon.webp","width":400,"height":233,"caption":"Shandong Yuncheng Ruisheng Glass Co., Ltd"},"image":{"@id":"https:\/\/ruishengglassco.com\/#\/schema\/logo\/image\/"},"sameAs":["https:\/\/www.facebook.com\/ruishengglassbottles","https:\/\/www.instagram.com\/Ruishengglassbottlewholesales\/","https:\/\/www.youtube.com\/channel\/UCMmbMNGwsL-XrtjfSFLCdVQ"]}]}},"_links":{"self":[{"href":"https:\/\/ruishengglassco.com\/it\/wp-json\/wp\/v2\/product\/4286","targetHints":{"allow":["GET"]}}],"collection":[{"href":"https:\/\/ruishengglassco.com\/it\/wp-json\/wp\/v2\/product"}],"about":[{"href":"https:\/\/ruishengglassco.com\/it\/wp-json\/wp\/v2\/types\/product"}],"replies":[{"embeddable":true,"href":"https:\/\/ruishengglassco.com\/it\/wp-json\/wp\/v2\/comments?post=4286"}],"wp:featuredmedia":[{"embeddable":true,"href":"https:\/\/ruishengglassco.com\/it\/wp-json\/wp\/v2\/media\/4287"}],"wp:attachment":[{"href":"https:\/\/ruishengglassco.com\/it\/wp-json\/wp\/v2\/media?parent=4286"}],"wp:term":[{"taxonomy":"product_cat","embeddable":true,"href":"https:\/\/ruishengglassco.com\/it\/wp-json\/wp\/v2\/product_cat?post=4286"}],"curies":[{"name":"wp","href":"https:\/\/api.w.org\/{rel}","templated":true}]}}