{"id":4284,"date":"2025-03-15T11:43:44","date_gmt":"2025-03-15T03:43:44","guid":{"rendered":"https:\/\/ruishengglassco.com\/?post_type=product&#038;p=4284"},"modified":"2025-07-17T14:23:50","modified_gmt":"2025-07-17T06:23:50","slug":"rs056-750ml-bottiglia-di-vetro-personalizzata-societa-allingrosso","status":"publish","type":"product","link":"https:\/\/ruishengglassco.com\/it\/prodotto\/rs056-750ml-bottiglia-di-vetro-personalizzata-societa-allingrosso","title":{"rendered":"RS056: Produttori di bottiglie di vetro personalizzate da 750 ml"},"content":{"rendered":"<p>Queste bottiglie di vetro personalizzate da 750 ml all'ingrosso sono le nostre ultime bottiglie speciali. Possiamo stamparci sopra il vostro logo o mescolare i colori che desiderate. La superficie di questa bottiglia di vetro per liquori da 750 ml ha un motivo intagliato. Quindi \u00e8 molto popolare tra i consumatori.<\/p>\n<p>La nostra fabbrica dispone di un team operativo completo che collabora efficacemente, consentendoci di produrre rapidamente bottiglie di vetro per bevande. Inoltre, disponiamo di un servizio post-vendita di prima classe e possiamo rispondere a qualsiasi domanda.<\/p>\n<p>Queste bottiglie di vetro personalizzate da 750 ml in vendita sono tappate; possono utilizzare tappi di legno o di altro materiale. Se si desidera un altro tappo, possiamo anche cambiarlo.<\/p>\n<h2>Bottiglie di vetro personalizzate da 750 ml Produttori<\/h2>\n<p>Le informazioni sulla bottiglia di vetro sono riportate di seguito:<\/p>\n<ul>\n<li>Materiale principale: vetro ad alta percentuale di selce<\/li>\n<li>Tappo: tappo a vite<\/li>\n<li>Riferimento: RS056<\/li>\n<li>MOQ: 10000 PCS<\/li>\n<li>Capacit\u00e0: 750 ml<\/li>\n<li>Pezzi\/Ctn: 24 pezzi<\/li>\n<li>Origine del luogo: Shandong, Cina<\/li>\n<li>Caratteristiche: Eco-friendly<\/li>\n<\/ul>\n<p>Possiamo produrre una capacit\u00e0 maggiore per questa bottiglia di vetro personalizzata per liquori, come 500ml, 550ml, 700ml e 1000ml. Possiamo farlo. Possiamo modificare la bottiglia in base alle vostre esigenze.<\/p>\n<p>La nostra azienda pu\u00f2 eseguire lavorazioni approfondite su questa bottiglia, tra cui l'applicazione di decalcomanie, la stampa e la glassatura. Le nostre bottiglie di vetro per liquori da 750 ml in vendita sono imballate in modo standard. Le bottiglie non si rompono facilmente durante il trasporto, perch\u00e9 vengono misurate prima della spedizione. La nostra azienda d\u00e0 sempre priorit\u00e0 alla qualit\u00e0. Abbiamo una buona reputazione nel settore delle bottiglie e molti clienti si rivolgono a noi per le bottiglie.<\/p>\n<p>Possiamo anche accettare bottiglie personalizzate. Se potete fornirci un disegno della bottiglia di vetro, possiamo crearne una uguale.<\/p>\n<p>Si fidano di noi e ci rendono molto fiduciosi. Se volete venire qui a fare bottiglie, siamo sempre i benvenuti.<\/p>\n<p>Accogliamo calorosamente i clienti di tutto il mondo per venire alla nostra fabbrica per una visita e una cooperazione.<\/p>\n<p>Se siete interessati a uno dei nostri prodotti, non esitate a contattarci per ulteriori dettagli. Risponderemo ai dettagli che desiderate conoscere. Spero che questa bottiglia di vetro vi piaccia e che possiate fare un ordine.<\/p>","protected":false},"excerpt":{"rendered":"<p data-block-id=\"6f9d5f50-4787-4b8f-b52e-4e5b0f1df3bf\" data-pm-slice=\"1 3 []\">La bottiglia in vetro da 750 ml della serie Rs-019 \u00e8 caratterizzata da un esclusivo design a gobbe. Questo design contribuisce a decorare la bottiglia e ad aumentarne la presa. \u00c8 stata realizzata appositamente per il confezionamento di whisky, vodka, brandy e altre bevande alcoliche. Vetro trasparente dall'aspetto cristallino con un motivo che riflette la luce.<\/p>\n<p data-block-id=\"be2fbf11-bd17-4094-960f-707f644c407d\">Bottiglia di vetro personalizzata per l'imballaggio di alcolici:<\/p>\n<ul data-block-id=\"33c66e36-3d6c-4b87-8b23-c9e6e4da4634\">\n<li>\n<p data-block-id=\"1bdf760f-86a3-4832-956f-1e5f983850cf\">Articolo: RS056<\/p>\n<\/li>\n<li>\n<p data-block-id=\"ae440700-790a-403f-99db-c5147c2b3b42\">Servizio dell'OEM\/ODM per la bottiglia di vetro del liquore 750ml all'ingrosso<\/p>\n<\/li>\n<li>\n<p data-block-id=\"806ffc93-ff88-4259-904f-8c002926599d\">Tappo: a vite o personalizzato<\/p>\n<\/li>\n<li>\n<p data-block-id=\"2939f365-afa8-412b-a431-193771b80a26\">Peso: 680 g<\/p>\n<\/li>\n<li>\n<p data-block-id=\"ec2b6684-91e1-4959-8fd2-3de2efc0c370\">Altezza della bottiglia: 225 mm<\/p>\n<\/li>\n<li>\n<p data-block-id=\"204e59bf-124c-42ef-9a06-31622f7068d8\">Larghezza della bottiglia: 100 mm<\/p>\n<\/li>\n<\/ul>","protected":false},"featured_media":4285,"comment_status":"closed","ping_status":"closed","template":"","meta":[],"product_cat":[40,45],"class_list":{"0":"post-4284","1":"product","2":"type-product","3":"status-publish","4":"has-post-thumbnail","6":"product_cat-750ml-liquor-bottle-manufacturer","7":"product_cat-custom-glass-bottle","9":"first","10":"instock","11":"shipping-taxable","12":"product-type-simple"},"yoast_head":"<!-- This site is optimized with the Yoast SEO plugin v22.0 - https:\/\/yoast.com\/wordpress\/plugins\/seo\/ -->\n<title>Custom Glass Bottles Manufacturers | Bulk Alcohol Bottles Factory Outlet<\/title>\n<meta name=\"description\" content=\"Want to buy bulk alcohol bottles at a factory outlet? Top China Liquor Bottle Manufacturers, Provide Custom Glass Bottles Manufacturers Service Here.\" \/>\n<meta name=\"robots\" content=\"index, follow, max-snippet:-1, max-image-preview:large, max-video-preview:-1\" \/>\n<link rel=\"canonical\" href=\"https:\/\/ruishengglassco.com\/it\/prodotto\/rs056-750ml-bottiglia-di-vetro-personalizzata-societa-allingrosso\" \/>\n<meta property=\"og:locale\" content=\"it_IT\" \/>\n<meta property=\"og:type\" content=\"article\" \/>\n<meta property=\"og:title\" content=\"Custom Glass Bottles Manufacturers | Bulk Alcohol Bottles Factory Outlet\" \/>\n<meta property=\"og:description\" content=\"Want to buy bulk alcohol bottles at a factory outlet? Top China Liquor Bottle Manufacturers, Provide Custom Glass Bottles Manufacturers Service Here.\" \/>\n<meta property=\"og:url\" content=\"https:\/\/ruishengglassco.com\/it\/prodotto\/rs056-750ml-bottiglia-di-vetro-personalizzata-societa-allingrosso\" \/>\n<meta property=\"article:publisher\" content=\"https:\/\/www.facebook.com\/ruishengglassbottles\" \/>\n<meta property=\"article:modified_time\" content=\"2025-07-17T06:23:50+00:00\" \/>\n<meta property=\"og:image\" content=\"https:\/\/ruishengglassco.com\/wp-content\/uploads\/2025\/03\/RS056-750ml-Custom-Glass-Bottle-Wholesale-Company.webp\" \/>\n\t<meta property=\"og:image:width\" content=\"800\" \/>\n\t<meta property=\"og:image:height\" content=\"800\" \/>\n\t<meta property=\"og:image:type\" content=\"image\/webp\" \/>\n<meta name=\"twitter:card\" content=\"summary_large_image\" \/>\n<meta name=\"twitter:label1\" content=\"Tempo di lettura stimato\" \/>\n\t<meta name=\"twitter:data1\" content=\"2 minuti\" \/>\n<script type=\"application\/ld+json\" class=\"yoast-schema-graph\">{\"@context\":\"https:\/\/schema.org\",\"@graph\":[{\"@type\":\"WebPage\",\"@id\":\"https:\/\/ruishengglassco.com\/product\/rs056-750ml-custom-glass-bottle-manufacturers\",\"url\":\"https:\/\/ruishengglassco.com\/product\/rs056-750ml-custom-glass-bottle-manufacturers\",\"name\":\"Custom Glass Bottles Manufacturers | Bulk Alcohol Bottles Factory Outlet\",\"isPartOf\":{\"@id\":\"https:\/\/ruishengglassco.com\/#website\"},\"datePublished\":\"2025-03-15T03:43:44+00:00\",\"dateModified\":\"2025-07-17T06:23:50+00:00\",\"description\":\"Want to buy bulk alcohol bottles at a factory outlet? Top China Liquor Bottle Manufacturers, Provide Custom Glass Bottles Manufacturers Service Here.\",\"breadcrumb\":{\"@id\":\"https:\/\/ruishengglassco.com\/product\/rs056-750ml-custom-glass-bottle-manufacturers#breadcrumb\"},\"inLanguage\":\"it-IT\",\"potentialAction\":[{\"@type\":\"ReadAction\",\"target\":[\"https:\/\/ruishengglassco.com\/product\/rs056-750ml-custom-glass-bottle-manufacturers\"]}]},{\"@type\":\"BreadcrumbList\",\"@id\":\"https:\/\/ruishengglassco.com\/product\/rs056-750ml-custom-glass-bottle-manufacturers#breadcrumb\",\"itemListElement\":[{\"@type\":\"ListItem\",\"position\":1,\"name\":\"Home\",\"item\":\"https:\/\/ruishengglassco.com\/\"},{\"@type\":\"ListItem\",\"position\":2,\"name\":\"Products\",\"item\":\"https:\/\/ruishengglassco.com\/products\"},{\"@type\":\"ListItem\",\"position\":3,\"name\":\"RS056: 750ml Custom Glass Bottle Manufacturers\"}]},{\"@type\":\"WebSite\",\"@id\":\"https:\/\/ruishengglassco.com\/#website\",\"url\":\"https:\/\/ruishengglassco.com\/\",\"name\":\"Ruisheng Glass\",\"description\":\"\",\"publisher\":{\"@id\":\"https:\/\/ruishengglassco.com\/#organization\"},\"potentialAction\":[{\"@type\":\"SearchAction\",\"target\":{\"@type\":\"EntryPoint\",\"urlTemplate\":\"https:\/\/ruishengglassco.com\/?s={search_term_string}\"},\"query-input\":\"required name=search_term_string\"}],\"inLanguage\":\"it-IT\"},{\"@type\":\"Organization\",\"@id\":\"https:\/\/ruishengglassco.com\/#organization\",\"name\":\"Shandong Yuncheng Ruisheng Glass Co., Ltd\",\"url\":\"https:\/\/ruishengglassco.com\/\",\"logo\":{\"@type\":\"ImageObject\",\"inLanguage\":\"it-IT\",\"@id\":\"https:\/\/ruishengglassco.com\/#\/schema\/logo\/image\/\",\"url\":\"https:\/\/ruishengglassco.com\/wp-content\/uploads\/2023\/09\/ruisheng_logo_icon.webp\",\"contentUrl\":\"https:\/\/ruishengglassco.com\/wp-content\/uploads\/2023\/09\/ruisheng_logo_icon.webp\",\"width\":400,\"height\":233,\"caption\":\"Shandong Yuncheng Ruisheng Glass Co., Ltd\"},\"image\":{\"@id\":\"https:\/\/ruishengglassco.com\/#\/schema\/logo\/image\/\"},\"sameAs\":[\"https:\/\/www.facebook.com\/ruishengglassbottles\",\"https:\/\/www.instagram.com\/Ruishengglassbottlewholesales\/\",\"https:\/\/www.youtube.com\/channel\/UCMmbMNGwsL-XrtjfSFLCdVQ\"]}]}<\/script>\n<!-- \/ Yoast SEO plugin. -->","yoast_head_json":{"title":"Custom Glass Bottles Manufacturers | Bulk Alcohol Bottles Factory Outlet","description":"Want to buy bulk alcohol bottles at a factory outlet? Top China Liquor Bottle Manufacturers, Provide Custom Glass Bottles Manufacturers Service Here.","robots":{"index":"index","follow":"follow","max-snippet":"max-snippet:-1","max-image-preview":"max-image-preview:large","max-video-preview":"max-video-preview:-1"},"canonical":"https:\/\/ruishengglassco.com\/it\/prodotto\/rs056-750ml-bottiglia-di-vetro-personalizzata-societa-allingrosso","og_locale":"it_IT","og_type":"article","og_title":"Custom Glass Bottles Manufacturers | Bulk Alcohol Bottles Factory Outlet","og_description":"Want to buy bulk alcohol bottles at a factory outlet? Top China Liquor Bottle Manufacturers, Provide Custom Glass Bottles Manufacturers Service Here.","og_url":"https:\/\/ruishengglassco.com\/it\/prodotto\/rs056-750ml-bottiglia-di-vetro-personalizzata-societa-allingrosso","article_publisher":"https:\/\/www.facebook.com\/ruishengglassbottles","article_modified_time":"2025-07-17T06:23:50+00:00","og_image":[{"width":800,"height":800,"url":"https:\/\/ruishengglassco.com\/wp-content\/uploads\/2025\/03\/RS056-750ml-Custom-Glass-Bottle-Wholesale-Company.webp","type":"image\/webp"}],"twitter_card":"summary_large_image","twitter_misc":{"Tempo di lettura stimato":"2 minuti"},"schema":{"@context":"https:\/\/schema.org","@graph":[{"@type":"WebPage","@id":"https:\/\/ruishengglassco.com\/product\/rs056-750ml-custom-glass-bottle-manufacturers","url":"https:\/\/ruishengglassco.com\/product\/rs056-750ml-custom-glass-bottle-manufacturers","name":"Custom Glass Bottles Manufacturers | Bulk Alcohol Bottles Factory Outlet","isPartOf":{"@id":"https:\/\/ruishengglassco.com\/#website"},"datePublished":"2025-03-15T03:43:44+00:00","dateModified":"2025-07-17T06:23:50+00:00","description":"Want to buy bulk alcohol bottles at a factory outlet? Top China Liquor Bottle Manufacturers, Provide Custom Glass Bottles Manufacturers Service Here.","breadcrumb":{"@id":"https:\/\/ruishengglassco.com\/product\/rs056-750ml-custom-glass-bottle-manufacturers#breadcrumb"},"inLanguage":"it-IT","potentialAction":[{"@type":"ReadAction","target":["https:\/\/ruishengglassco.com\/product\/rs056-750ml-custom-glass-bottle-manufacturers"]}]},{"@type":"BreadcrumbList","@id":"https:\/\/ruishengglassco.com\/product\/rs056-750ml-custom-glass-bottle-manufacturers#breadcrumb","itemListElement":[{"@type":"ListItem","position":1,"name":"Home","item":"https:\/\/ruishengglassco.com\/"},{"@type":"ListItem","position":2,"name":"Products","item":"https:\/\/ruishengglassco.com\/products"},{"@type":"ListItem","position":3,"name":"RS056: 750ml Custom Glass Bottle Manufacturers"}]},{"@type":"WebSite","@id":"https:\/\/ruishengglassco.com\/#website","url":"https:\/\/ruishengglassco.com\/","name":"Ruisheng Glass","description":"","publisher":{"@id":"https:\/\/ruishengglassco.com\/#organization"},"potentialAction":[{"@type":"SearchAction","target":{"@type":"EntryPoint","urlTemplate":"https:\/\/ruishengglassco.com\/?s={search_term_string}"},"query-input":"required name=search_term_string"}],"inLanguage":"it-IT"},{"@type":"Organization","@id":"https:\/\/ruishengglassco.com\/#organization","name":"Shandong Yuncheng Ruisheng Glass Co., Ltd","url":"https:\/\/ruishengglassco.com\/","logo":{"@type":"ImageObject","inLanguage":"it-IT","@id":"https:\/\/ruishengglassco.com\/#\/schema\/logo\/image\/","url":"https:\/\/ruishengglassco.com\/wp-content\/uploads\/2023\/09\/ruisheng_logo_icon.webp","contentUrl":"https:\/\/ruishengglassco.com\/wp-content\/uploads\/2023\/09\/ruisheng_logo_icon.webp","width":400,"height":233,"caption":"Shandong Yuncheng Ruisheng Glass Co., Ltd"},"image":{"@id":"https:\/\/ruishengglassco.com\/#\/schema\/logo\/image\/"},"sameAs":["https:\/\/www.facebook.com\/ruishengglassbottles","https:\/\/www.instagram.com\/Ruishengglassbottlewholesales\/","https:\/\/www.youtube.com\/channel\/UCMmbMNGwsL-XrtjfSFLCdVQ"]}]}},"_links":{"self":[{"href":"https:\/\/ruishengglassco.com\/it\/wp-json\/wp\/v2\/product\/4284","targetHints":{"allow":["GET"]}}],"collection":[{"href":"https:\/\/ruishengglassco.com\/it\/wp-json\/wp\/v2\/product"}],"about":[{"href":"https:\/\/ruishengglassco.com\/it\/wp-json\/wp\/v2\/types\/product"}],"replies":[{"embeddable":true,"href":"https:\/\/ruishengglassco.com\/it\/wp-json\/wp\/v2\/comments?post=4284"}],"wp:featuredmedia":[{"embeddable":true,"href":"https:\/\/ruishengglassco.com\/it\/wp-json\/wp\/v2\/media\/4285"}],"wp:attachment":[{"href":"https:\/\/ruishengglassco.com\/it\/wp-json\/wp\/v2\/media?parent=4284"}],"wp:term":[{"taxonomy":"product_cat","embeddable":true,"href":"https:\/\/ruishengglassco.com\/it\/wp-json\/wp\/v2\/product_cat?post=4284"}],"curies":[{"name":"wp","href":"https:\/\/api.w.org\/{rel}","templated":true}]}}