{"id":4278,"date":"2025-03-15T11:35:25","date_gmt":"2025-03-15T03:35:25","guid":{"rendered":"https:\/\/ruishengglassco.com\/?post_type=product&#038;p=4278"},"modified":"2025-09-11T15:56:21","modified_gmt":"2025-09-11T07:56:21","slug":"rs059-dove-acquistare-bottiglie-di-vetro-500ml-bottiglia-di-vetro","status":"publish","type":"product","link":"https:\/\/ruishengglassco.com\/it\/prodotto\/rs059-dove-acquistare-bottiglie-di-vetro-500ml-bottiglia-di-vetro","title":{"rendered":"RS059: Dove acquistare le bottiglie di vetro Bottiglia di vetro da 500 ml"},"content":{"rendered":"<p>Siete alla ricerca di un luogo dove acquistare bottiglie di vetro da 500 ml? Ruisheng \u00e8 uno dei maggiori produttori di bottiglie di vetro in Cina. Possiamo fornirvi non solo bottiglie di vetro per liquori da 500 ml, ma anche bottiglie di vetro personalizzate. Possono essere utilizzate per bottiglie di vodka in vetro, bottiglie di brandy, bottiglie XO e altre applicazioni simili.<\/p>\n<p>Ci atteniamo sempre al principio della qualit\u00e0 prima di tutto e i nostri dipendenti non si tirano mai indietro sul lavoro. Per questo motivo, le nostre bottiglie di vetro vuote sono molto ricercate. Per garantire la qualit\u00e0 delle nostre bottiglie di vetro, i nostri prodotti sono sottoposti a rigorosi test di qualit\u00e0 e a un imballaggio sicuro per garantire che possiate utilizzarli nel vostro Paese.<\/p>\n<p>Ciascuna delle nostre bottiglie di vetro in vendita viene sottoposta a una rigorosa ispezione prima di essere confezionata, per garantire la sicurezza della nostra qualit\u00e0.<\/p>\n<p>Ci\u00f2 che conta \u00e8 il nostro atteggiamento nei confronti dei clienti: risponderemo pazientemente alle loro domande.<\/p>\n<p>Vogliamo assicurarci che i nostri clienti comprendano le nostre bottiglie di vetro trasparente e che conoscano ogni loro esigenza. Il motivo per cui la nostra fabbrica ha cos\u00ec tanti vecchi clienti \u00e8 il nostro atteggiamento coscienzioso.<\/p>\n<p>Potete anche visitare il nostro sito web, dove i formati e i tipi di bottiglie di vetro sono elencati in dettaglio. Potete scegliere la vostra bottiglia di vetro preferita.<\/p>\n<h2>Dove acquistare le bottiglie di vetro Bottiglia di vetro da 500 ml<\/h2>\n<p>Le informazioni sulla bottiglia di vetro sono riportate di seguito:<\/p>\n<ul>\n<li>Materiale principale: vetro ad alta percentuale di selce<\/li>\n<li>Tappo: Sughero<\/li>\n<li>Riferimento: RS059<\/li>\n<li>MOQ: 10000 PCS<\/li>\n<li>Capacit\u00e0: Personalizzato<\/li>\n<li>Pezzi\/Ctn: 24 pezzi<\/li>\n<li>Origine del luogo: Shandong, Cina<\/li>\n<li>Caratteristiche: Eco-friendly<\/li>\n<\/ul>\n<p>Possiamo anche personalizzare il colore e la capacit\u00e0 di queste bottiglie vuote in vendita per soddisfare le vostre specifiche esigenze. Se non vi piace questo tipo di bottiglia per liquori in vetro, non c'\u00e8 problema. Posso fornirvi il nostro catalogo e potrete scegliere quella che fa per voi.<\/p>\n<p>Credo che avremo una collaborazione a lungo termine perch\u00e9 la nostra qualit\u00e0 sar\u00e0 sempre all'altezza delle vostre aspettative. Il nostro personale \u00e8 disponibile a rispondere alle vostre domande 24 ore su 24, sia online che per telefono.<\/p>\n<p>La cooperazione a lungo termine si basa sulla fiducia. Spero che possiate fidarvi dei nostri prodotti; la qualit\u00e0 dei nostri prodotti \u00e8 assolutamente buona.<\/p>\n<p>Se avete domande, non esitate a contattarmi in qualsiasi momento. Saremo lieti di rispondere.<\/p>","protected":false},"excerpt":{"rendered":"<table class=\"tg\">\n<tbody>\n<tr>\n<th class=\"tg-24i8\" colspan=\"2\">Dove acquistare le bottiglie di vetro Bottiglia di vetro da 500 ml<\/th>\n<\/tr>\n<tr>\n<td class=\"tg-b7b8\">Riferimento:<\/td>\n<td class=\"tg-b7b8\">RS059<\/td>\n<\/tr>\n<tr>\n<td class=\"tg-yw4l\">Materiale principale:<\/td>\n<td class=\"tg-yw4l\">Vetro ad alto tenore di selce (questo materiale \u00e8 chiamato anche vetro bianco cristallino)<\/td>\n<\/tr>\n<tr>\n<td class=\"tg-b7b8\">Cap:<\/td>\n<td class=\"tg-b7b8\">Sughero<\/td>\n<\/tr>\n<tr>\n<td class=\"tg-yw4l\">Capacit\u00e0:<\/td>\n<td class=\"tg-yw4l\">Personalizzato<\/td>\n<\/tr>\n<tr>\n<td class=\"tg-b7b8\">Caratteristica:<\/td>\n<td class=\"tg-b7b8\">Eco-compatibile<\/td>\n<\/tr>\n<tr>\n<td class=\"tg-yw4l\">MOQ:<\/td>\n<td class=\"tg-yw4l\">10000 PCS<\/td>\n<\/tr>\n<tr>\n<td class=\"tg-b7b8\">Modo di imballaggio:<\/td>\n<td class=\"tg-b7b8\">Cartone standard per l'esportazione \/ Pallet \/ cartone e pallet standard per l'esportazione<\/td>\n<\/tr>\n<tr>\n<td class=\"tg-yw4l\">OEM\/ODM:<\/td>\n<td class=\"tg-yw4l\">Benvenuti<\/td>\n<\/tr>\n<tr>\n<td class=\"tg-b7b8\">Origine del luogo:<\/td>\n<td class=\"tg-b7b8\">Shandong, Cina<\/td>\n<\/tr>\n<tr>\n<td class=\"tg-yw4l\">Pezzi\/Ctn:<\/td>\n<td class=\"tg-yw4l\">24pcs o secondo le richieste del cliente<\/td>\n<\/tr>\n<\/tbody>\n<\/table>","protected":false},"featured_media":4279,"comment_status":"closed","ping_status":"closed","template":"","meta":[],"product_cat":[41,52],"class_list":{"0":"post-4278","1":"product","2":"type-product","3":"status-publish","4":"has-post-thumbnail","6":"product_cat-500ml-liquor-bottle-manufacturer","7":"product_cat-vodka-bottle","9":"first","10":"instock","11":"shipping-taxable","12":"product-type-simple"},"yoast_head":"<!-- This site is optimized with the Yoast SEO plugin v22.0 - https:\/\/yoast.com\/wordpress\/plugins\/seo\/ -->\n<title>Where To Buy Glass Bottles 500ml Glass Bottle-Ruisheng<\/title>\n<meta name=\"description\" content=\"Are you searching for a place where to buy glass bottles 500ml glass bottle? Ruisheng Wholesale 500ml glass bottles in factory outlet price.\" \/>\n<meta name=\"robots\" content=\"index, follow, max-snippet:-1, max-image-preview:large, max-video-preview:-1\" \/>\n<link rel=\"canonical\" href=\"https:\/\/ruishengglassco.com\/it\/prodotto\/rs059-dove-acquistare-bottiglie-di-vetro-500ml-bottiglia-di-vetro\" \/>\n<meta property=\"og:locale\" content=\"it_IT\" \/>\n<meta property=\"og:type\" content=\"article\" \/>\n<meta property=\"og:title\" content=\"Where To Buy Glass Bottles 500ml Glass Bottle-Ruisheng\" \/>\n<meta property=\"og:description\" content=\"Are you searching for a place where to buy glass bottles 500ml glass bottle? Ruisheng Wholesale 500ml glass bottles in factory outlet price.\" \/>\n<meta property=\"og:url\" content=\"https:\/\/ruishengglassco.com\/it\/prodotto\/rs059-dove-acquistare-bottiglie-di-vetro-500ml-bottiglia-di-vetro\" \/>\n<meta property=\"article:publisher\" content=\"https:\/\/www.facebook.com\/ruishengglassbottles\" \/>\n<meta property=\"article:modified_time\" content=\"2025-09-11T07:56:21+00:00\" \/>\n<meta property=\"og:image\" content=\"https:\/\/ruishengglassco.com\/wp-content\/uploads\/2025\/03\/RS059-Where-to-buy-glass-bottles-500ml-glass-bottle.webp\" \/>\n\t<meta property=\"og:image:width\" content=\"800\" \/>\n\t<meta property=\"og:image:height\" content=\"800\" \/>\n\t<meta property=\"og:image:type\" content=\"image\/webp\" \/>\n<meta name=\"twitter:card\" content=\"summary_large_image\" \/>\n<meta name=\"twitter:label1\" content=\"Tempo di lettura stimato\" \/>\n\t<meta name=\"twitter:data1\" content=\"2 minuti\" \/>\n<script type=\"application\/ld+json\" class=\"yoast-schema-graph\">{\"@context\":\"https:\/\/schema.org\",\"@graph\":[{\"@type\":\"WebPage\",\"@id\":\"https:\/\/ruishengglassco.com\/product\/rs059-where-to-buy-glass-bottles-500ml-glass-bottle\",\"url\":\"https:\/\/ruishengglassco.com\/product\/rs059-where-to-buy-glass-bottles-500ml-glass-bottle\",\"name\":\"Where To Buy Glass Bottles 500ml Glass Bottle-Ruisheng\",\"isPartOf\":{\"@id\":\"https:\/\/ruishengglassco.com\/#website\"},\"datePublished\":\"2025-03-15T03:35:25+00:00\",\"dateModified\":\"2025-09-11T07:56:21+00:00\",\"description\":\"Are you searching for a place where to buy glass bottles 500ml glass bottle? Ruisheng Wholesale 500ml glass bottles in factory outlet price.\",\"breadcrumb\":{\"@id\":\"https:\/\/ruishengglassco.com\/product\/rs059-where-to-buy-glass-bottles-500ml-glass-bottle#breadcrumb\"},\"inLanguage\":\"it-IT\",\"potentialAction\":[{\"@type\":\"ReadAction\",\"target\":[\"https:\/\/ruishengglassco.com\/product\/rs059-where-to-buy-glass-bottles-500ml-glass-bottle\"]}]},{\"@type\":\"BreadcrumbList\",\"@id\":\"https:\/\/ruishengglassco.com\/product\/rs059-where-to-buy-glass-bottles-500ml-glass-bottle#breadcrumb\",\"itemListElement\":[{\"@type\":\"ListItem\",\"position\":1,\"name\":\"Home\",\"item\":\"https:\/\/ruishengglassco.com\/\"},{\"@type\":\"ListItem\",\"position\":2,\"name\":\"Products\",\"item\":\"https:\/\/ruishengglassco.com\/products\"},{\"@type\":\"ListItem\",\"position\":3,\"name\":\"RS059: Where To Buy Glass Bottles 500ml Glass Bottle\"}]},{\"@type\":\"WebSite\",\"@id\":\"https:\/\/ruishengglassco.com\/#website\",\"url\":\"https:\/\/ruishengglassco.com\/\",\"name\":\"Ruisheng Glass\",\"description\":\"\",\"publisher\":{\"@id\":\"https:\/\/ruishengglassco.com\/#organization\"},\"potentialAction\":[{\"@type\":\"SearchAction\",\"target\":{\"@type\":\"EntryPoint\",\"urlTemplate\":\"https:\/\/ruishengglassco.com\/?s={search_term_string}\"},\"query-input\":\"required name=search_term_string\"}],\"inLanguage\":\"it-IT\"},{\"@type\":\"Organization\",\"@id\":\"https:\/\/ruishengglassco.com\/#organization\",\"name\":\"Shandong Yuncheng Ruisheng Glass Co., Ltd\",\"url\":\"https:\/\/ruishengglassco.com\/\",\"logo\":{\"@type\":\"ImageObject\",\"inLanguage\":\"it-IT\",\"@id\":\"https:\/\/ruishengglassco.com\/#\/schema\/logo\/image\/\",\"url\":\"https:\/\/ruishengglassco.com\/wp-content\/uploads\/2023\/09\/ruisheng_logo_icon.webp\",\"contentUrl\":\"https:\/\/ruishengglassco.com\/wp-content\/uploads\/2023\/09\/ruisheng_logo_icon.webp\",\"width\":400,\"height\":233,\"caption\":\"Shandong Yuncheng Ruisheng Glass Co., Ltd\"},\"image\":{\"@id\":\"https:\/\/ruishengglassco.com\/#\/schema\/logo\/image\/\"},\"sameAs\":[\"https:\/\/www.facebook.com\/ruishengglassbottles\",\"https:\/\/www.instagram.com\/Ruishengglassbottlewholesales\/\",\"https:\/\/www.youtube.com\/channel\/UCMmbMNGwsL-XrtjfSFLCdVQ\"]}]}<\/script>\n<!-- \/ Yoast SEO plugin. -->","yoast_head_json":{"title":"Where To Buy Glass Bottles 500ml Glass Bottle-Ruisheng","description":"Are you searching for a place where to buy glass bottles 500ml glass bottle? Ruisheng Wholesale 500ml glass bottles in factory outlet price.","robots":{"index":"index","follow":"follow","max-snippet":"max-snippet:-1","max-image-preview":"max-image-preview:large","max-video-preview":"max-video-preview:-1"},"canonical":"https:\/\/ruishengglassco.com\/it\/prodotto\/rs059-dove-acquistare-bottiglie-di-vetro-500ml-bottiglia-di-vetro","og_locale":"it_IT","og_type":"article","og_title":"Where To Buy Glass Bottles 500ml Glass Bottle-Ruisheng","og_description":"Are you searching for a place where to buy glass bottles 500ml glass bottle? Ruisheng Wholesale 500ml glass bottles in factory outlet price.","og_url":"https:\/\/ruishengglassco.com\/it\/prodotto\/rs059-dove-acquistare-bottiglie-di-vetro-500ml-bottiglia-di-vetro","article_publisher":"https:\/\/www.facebook.com\/ruishengglassbottles","article_modified_time":"2025-09-11T07:56:21+00:00","og_image":[{"width":800,"height":800,"url":"https:\/\/ruishengglassco.com\/wp-content\/uploads\/2025\/03\/RS059-Where-to-buy-glass-bottles-500ml-glass-bottle.webp","type":"image\/webp"}],"twitter_card":"summary_large_image","twitter_misc":{"Tempo di lettura stimato":"2 minuti"},"schema":{"@context":"https:\/\/schema.org","@graph":[{"@type":"WebPage","@id":"https:\/\/ruishengglassco.com\/product\/rs059-where-to-buy-glass-bottles-500ml-glass-bottle","url":"https:\/\/ruishengglassco.com\/product\/rs059-where-to-buy-glass-bottles-500ml-glass-bottle","name":"Where To Buy Glass Bottles 500ml Glass Bottle-Ruisheng","isPartOf":{"@id":"https:\/\/ruishengglassco.com\/#website"},"datePublished":"2025-03-15T03:35:25+00:00","dateModified":"2025-09-11T07:56:21+00:00","description":"Are you searching for a place where to buy glass bottles 500ml glass bottle? Ruisheng Wholesale 500ml glass bottles in factory outlet price.","breadcrumb":{"@id":"https:\/\/ruishengglassco.com\/product\/rs059-where-to-buy-glass-bottles-500ml-glass-bottle#breadcrumb"},"inLanguage":"it-IT","potentialAction":[{"@type":"ReadAction","target":["https:\/\/ruishengglassco.com\/product\/rs059-where-to-buy-glass-bottles-500ml-glass-bottle"]}]},{"@type":"BreadcrumbList","@id":"https:\/\/ruishengglassco.com\/product\/rs059-where-to-buy-glass-bottles-500ml-glass-bottle#breadcrumb","itemListElement":[{"@type":"ListItem","position":1,"name":"Home","item":"https:\/\/ruishengglassco.com\/"},{"@type":"ListItem","position":2,"name":"Products","item":"https:\/\/ruishengglassco.com\/products"},{"@type":"ListItem","position":3,"name":"RS059: Where To Buy Glass Bottles 500ml Glass Bottle"}]},{"@type":"WebSite","@id":"https:\/\/ruishengglassco.com\/#website","url":"https:\/\/ruishengglassco.com\/","name":"Ruisheng Glass","description":"","publisher":{"@id":"https:\/\/ruishengglassco.com\/#organization"},"potentialAction":[{"@type":"SearchAction","target":{"@type":"EntryPoint","urlTemplate":"https:\/\/ruishengglassco.com\/?s={search_term_string}"},"query-input":"required name=search_term_string"}],"inLanguage":"it-IT"},{"@type":"Organization","@id":"https:\/\/ruishengglassco.com\/#organization","name":"Shandong Yuncheng Ruisheng Glass Co., Ltd","url":"https:\/\/ruishengglassco.com\/","logo":{"@type":"ImageObject","inLanguage":"it-IT","@id":"https:\/\/ruishengglassco.com\/#\/schema\/logo\/image\/","url":"https:\/\/ruishengglassco.com\/wp-content\/uploads\/2023\/09\/ruisheng_logo_icon.webp","contentUrl":"https:\/\/ruishengglassco.com\/wp-content\/uploads\/2023\/09\/ruisheng_logo_icon.webp","width":400,"height":233,"caption":"Shandong Yuncheng Ruisheng Glass Co., Ltd"},"image":{"@id":"https:\/\/ruishengglassco.com\/#\/schema\/logo\/image\/"},"sameAs":["https:\/\/www.facebook.com\/ruishengglassbottles","https:\/\/www.instagram.com\/Ruishengglassbottlewholesales\/","https:\/\/www.youtube.com\/channel\/UCMmbMNGwsL-XrtjfSFLCdVQ"]}]}},"_links":{"self":[{"href":"https:\/\/ruishengglassco.com\/it\/wp-json\/wp\/v2\/product\/4278","targetHints":{"allow":["GET"]}}],"collection":[{"href":"https:\/\/ruishengglassco.com\/it\/wp-json\/wp\/v2\/product"}],"about":[{"href":"https:\/\/ruishengglassco.com\/it\/wp-json\/wp\/v2\/types\/product"}],"replies":[{"embeddable":true,"href":"https:\/\/ruishengglassco.com\/it\/wp-json\/wp\/v2\/comments?post=4278"}],"wp:featuredmedia":[{"embeddable":true,"href":"https:\/\/ruishengglassco.com\/it\/wp-json\/wp\/v2\/media\/4279"}],"wp:attachment":[{"href":"https:\/\/ruishengglassco.com\/it\/wp-json\/wp\/v2\/media?parent=4278"}],"wp:term":[{"taxonomy":"product_cat","embeddable":true,"href":"https:\/\/ruishengglassco.com\/it\/wp-json\/wp\/v2\/product_cat?post=4278"}],"curies":[{"name":"wp","href":"https:\/\/api.w.org\/{rel}","templated":true}]}}