{"id":4276,"date":"2025-03-15T11:33:25","date_gmt":"2025-03-15T03:33:25","guid":{"rendered":"https:\/\/ruishengglassco.com\/?post_type=product&#038;p=4276"},"modified":"2025-09-11T16:28:03","modified_gmt":"2025-09-11T08:28:03","slug":"rs060-bottiglie-alcoliche-personalizzate-allingrosso-700ml","status":"publish","type":"product","link":"https:\/\/ruishengglassco.com\/it\/prodotto\/rs060-bottiglie-alcoliche-personalizzate-allingrosso-700ml","title":{"rendered":"RS060: Bottiglie di alcol personalizzate Produttori 700ml"},"content":{"rendered":"<p>Queste bottiglie di vetro stampate su misura per liquori sono prodotte da Shandong Yuncheng Ruisheng Glass Co., Ltd., un produttore di prim'ordine.<\/p>\n<p>Per la produzione di queste bottiglie di vetro da 700 ml utilizziamo materie prime di alta qualit\u00e0 in vetro flint. Le nostre bottiglie all'ingrosso sono pi\u00f9 chiare, pi\u00f9 resistenti e pi\u00f9 lisce rispetto alle bottiglie di vetro di altre fabbriche. Queste bottiglie di vetro all'ingrosso sono utilizzate principalmente per il confezionamento e la conservazione di liquori, whisky, brandy, rum, bevande e altre bevande. Presentano buone caratteristiche di tenuta, trasmissione della luce ed estetica. Non solo \u00e8 in grado di mantenere la qualit\u00e0 originale del liquido, ma anche di migliorare il valore di liquori, whisky, brandy, rum, bibite e bevande. Mantiene il liquido reale nonostante i mesi di battesimo.<\/p>\n<p>Le bottiglie di vetro per liquori sono sottoposte a severi controlli di qualit\u00e0. La nostra azienda ha pi\u00f9 di 500 dipendenti, tra cui circa 30 addetti al controllo qualit\u00e0 e un team di ingegneri specializzati. Grazie alla nostra vasta esperienza, godiamo di una solida reputazione in tutto il mondo.<\/p>\n<h2>I dettagli dei produttori di bottiglie di vetro stampate personalizzate<\/h2>\n<p>Le informazioni sulla bottiglia di vetro da 700 ml sono riportate a muggito:<\/p>\n<ul>\n<li>Materiale principale: vetro ad alta percentuale di selce<\/li>\n<li>Tappo: Sughero<\/li>\n<li>Riferimento: RS060<\/li>\n<li>MOQ: 10000 PCS<\/li>\n<li>Capacit\u00e0: 700 ml<\/li>\n<li>Pezzi\/Ctn: 24 pezzi<\/li>\n<li>Origine del luogo: Shandong, Cina<\/li>\n<li>Caratteristiche: Eco-friendly<\/li>\n<\/ul>\n<p>Poich\u00e9 ci sono due linee del treno dalla nostra citt\u00e0 a Qingdao, possiamo inviare le bottiglie di vetro trasparente al porto di Qingdao in qualsiasi momento. Grazie a questa comoda condizione di traffico, possiamo inviare le bottiglie di alcolici in vetro in qualsiasi parte del mondo in tempo utile e assicurarci che il cliente le riceva presto.<\/p>\n<p>I nostri prodotti principali sono bottiglie e vasi all'ingrosso di alta qualit\u00e0, tra cui una bottiglia di vodka in vetro, una bottiglia di brandy trasparente, una bottiglia di whisky di lusso, una bottiglia di vetro per liquori, una bottiglia di rum e altro ancora. Possiamo anche offrire bottiglie di vetro di altri colori personalizzati, come il verde, il verde scuro e cos\u00ec via. Il nostro mercato principale comprende Europa, Stati Uniti e Australia. Tutti i nostri prodotti godono di una solida reputazione in termini di innovazione e funzionalit\u00e0.<\/p>\n<p>Se desiderate informarvi sul nostro servizio di vendita all'ingrosso di bottiglie di vetro stampate su misura, contattateci. Vi risponderemo entro 24 ore e faremo del nostro meglio per voi.<\/p>\n<p>Affidatevi a noi e otterrete le migliori bottiglie di vetro da 700 ml o bottiglie di vetro personalizzate.<\/p>","protected":false},"excerpt":{"rendered":"<table class=\"tg\">\n<tbody>\n<tr>\n<th class=\"tg-24i8\" colspan=\"2\">700ml Custom stampato bottiglie di vetro all'ingrosso<\/th>\n<\/tr>\n<tr>\n<td class=\"tg-b7b8\">Riferimento:<\/td>\n<td class=\"tg-b7b8\">RS060<\/td>\n<\/tr>\n<tr>\n<td class=\"tg-yw4l\">Materiale principale:<\/td>\n<td class=\"tg-yw4l\">Vetro alto di selce<\/td>\n<\/tr>\n<tr>\n<td class=\"tg-b7b8\">Cap:<\/td>\n<td class=\"tg-b7b8\">Tappo a vite<\/td>\n<\/tr>\n<tr>\n<td class=\"tg-yw4l\">Capacit\u00e0:<\/td>\n<td class=\"tg-yw4l\">700ml<\/td>\n<\/tr>\n<tr>\n<td class=\"tg-b7b8\">Caratteristica:<\/td>\n<td class=\"tg-b7b8\">Eco-compatibile<\/td>\n<\/tr>\n<tr>\n<td class=\"tg-yw4l\"><strong>MOQ:<\/strong><\/td>\n<td class=\"tg-yw4l\"><strong>10000 PCS<\/strong><\/td>\n<\/tr>\n<tr>\n<td class=\"tg-b7b8\">Modalit\u00e0 di spedizione:<\/td>\n<td class=\"tg-b7b8\">Nave, Espresso<\/td>\n<\/tr>\n<tr>\n<td class=\"tg-yw4l\">Colore<\/td>\n<td class=\"tg-yw4l\">Trasparente<\/td>\n<\/tr>\n<tr>\n<td class=\"tg-b7b8\">Altezza:<\/td>\n<td class=\"tg-b7b8\">230MM\u00b12MM<\/td>\n<\/tr>\n<tr>\n<td class=\"tg-yw4l\">Diametro<\/td>\n<td class=\"tg-yw4l\">92MM\u00b12MM<\/td>\n<\/tr>\n<\/tbody>\n<\/table>","protected":false},"featured_media":4277,"comment_status":"closed","ping_status":"closed","template":"","meta":[],"product_cat":[44,45],"class_list":{"0":"post-4276","1":"product","2":"type-product","3":"status-publish","4":"has-post-thumbnail","6":"product_cat-700ml-liquor-bottle-manufacturer","7":"product_cat-custom-glass-bottle","9":"first","10":"instock","11":"shipping-taxable","12":"product-type-simple"},"yoast_head":"<!-- This site is optimized with the Yoast SEO plugin v22.0 - https:\/\/yoast.com\/wordpress\/plugins\/seo\/ -->\n<title>Custom Printed Glass Bottles Manufacturers | Clear Spirit Bottle Manufacturer<\/title>\n<meta name=\"description\" content=\"Ruisheng(RS), a top clear spirit bottle manufacturer, provide custom printed glass bottles wholesale service for liquor brands, companiesetc.\" \/>\n<meta name=\"robots\" content=\"index, follow, max-snippet:-1, max-image-preview:large, max-video-preview:-1\" \/>\n<link rel=\"canonical\" href=\"https:\/\/ruishengglassco.com\/it\/prodotto\/rs060-bottiglie-alcoliche-personalizzate-allingrosso-700ml\" \/>\n<meta property=\"og:locale\" content=\"it_IT\" \/>\n<meta property=\"og:type\" content=\"article\" \/>\n<meta property=\"og:title\" content=\"Custom Printed Glass Bottles Manufacturers | Clear Spirit Bottle Manufacturer\" \/>\n<meta property=\"og:description\" content=\"Ruisheng(RS), a top clear spirit bottle manufacturer, provide custom printed glass bottles wholesale service for liquor brands, companiesetc.\" \/>\n<meta property=\"og:url\" content=\"https:\/\/ruishengglassco.com\/it\/prodotto\/rs060-bottiglie-alcoliche-personalizzate-allingrosso-700ml\" \/>\n<meta property=\"article:publisher\" content=\"https:\/\/www.facebook.com\/ruishengglassbottles\" \/>\n<meta property=\"article:modified_time\" content=\"2025-09-11T08:28:03+00:00\" \/>\n<meta property=\"og:image\" content=\"https:\/\/ruishengglassco.com\/wp-content\/uploads\/2025\/03\/RS060-Personalized-Alcohol-Bottles-Wholesale-700ml.webp\" \/>\n\t<meta property=\"og:image:width\" content=\"800\" \/>\n\t<meta property=\"og:image:height\" content=\"800\" \/>\n\t<meta property=\"og:image:type\" content=\"image\/webp\" \/>\n<meta name=\"twitter:card\" content=\"summary_large_image\" \/>\n<meta name=\"twitter:label1\" content=\"Tempo di lettura stimato\" \/>\n\t<meta name=\"twitter:data1\" content=\"2 minuti\" \/>\n<script type=\"application\/ld+json\" class=\"yoast-schema-graph\">{\"@context\":\"https:\/\/schema.org\",\"@graph\":[{\"@type\":\"WebPage\",\"@id\":\"https:\/\/ruishengglassco.com\/product\/rs060-personalized-alcohol-bottles-wholesale-700ml\",\"url\":\"https:\/\/ruishengglassco.com\/product\/rs060-personalized-alcohol-bottles-wholesale-700ml\",\"name\":\"Custom Printed Glass Bottles Manufacturers | Clear Spirit Bottle Manufacturer\",\"isPartOf\":{\"@id\":\"https:\/\/ruishengglassco.com\/#website\"},\"datePublished\":\"2025-03-15T03:33:25+00:00\",\"dateModified\":\"2025-09-11T08:28:03+00:00\",\"description\":\"Ruisheng(RS), a top clear spirit bottle manufacturer, provide custom printed glass bottles wholesale service for liquor brands, companiesetc.\",\"breadcrumb\":{\"@id\":\"https:\/\/ruishengglassco.com\/product\/rs060-personalized-alcohol-bottles-wholesale-700ml#breadcrumb\"},\"inLanguage\":\"it-IT\",\"potentialAction\":[{\"@type\":\"ReadAction\",\"target\":[\"https:\/\/ruishengglassco.com\/product\/rs060-personalized-alcohol-bottles-wholesale-700ml\"]}]},{\"@type\":\"BreadcrumbList\",\"@id\":\"https:\/\/ruishengglassco.com\/product\/rs060-personalized-alcohol-bottles-wholesale-700ml#breadcrumb\",\"itemListElement\":[{\"@type\":\"ListItem\",\"position\":1,\"name\":\"Home\",\"item\":\"https:\/\/ruishengglassco.com\/\"},{\"@type\":\"ListItem\",\"position\":2,\"name\":\"Products\",\"item\":\"https:\/\/ruishengglassco.com\/products\"},{\"@type\":\"ListItem\",\"position\":3,\"name\":\"RS060: Personalized Alcohol Bottles Manufacturers 700ml\"}]},{\"@type\":\"WebSite\",\"@id\":\"https:\/\/ruishengglassco.com\/#website\",\"url\":\"https:\/\/ruishengglassco.com\/\",\"name\":\"Ruisheng Glass\",\"description\":\"\",\"publisher\":{\"@id\":\"https:\/\/ruishengglassco.com\/#organization\"},\"potentialAction\":[{\"@type\":\"SearchAction\",\"target\":{\"@type\":\"EntryPoint\",\"urlTemplate\":\"https:\/\/ruishengglassco.com\/?s={search_term_string}\"},\"query-input\":\"required name=search_term_string\"}],\"inLanguage\":\"it-IT\"},{\"@type\":\"Organization\",\"@id\":\"https:\/\/ruishengglassco.com\/#organization\",\"name\":\"Shandong Yuncheng Ruisheng Glass Co., Ltd\",\"url\":\"https:\/\/ruishengglassco.com\/\",\"logo\":{\"@type\":\"ImageObject\",\"inLanguage\":\"it-IT\",\"@id\":\"https:\/\/ruishengglassco.com\/#\/schema\/logo\/image\/\",\"url\":\"https:\/\/ruishengglassco.com\/wp-content\/uploads\/2023\/09\/ruisheng_logo_icon.webp\",\"contentUrl\":\"https:\/\/ruishengglassco.com\/wp-content\/uploads\/2023\/09\/ruisheng_logo_icon.webp\",\"width\":400,\"height\":233,\"caption\":\"Shandong Yuncheng Ruisheng Glass Co., Ltd\"},\"image\":{\"@id\":\"https:\/\/ruishengglassco.com\/#\/schema\/logo\/image\/\"},\"sameAs\":[\"https:\/\/www.facebook.com\/ruishengglassbottles\",\"https:\/\/www.instagram.com\/Ruishengglassbottlewholesales\/\",\"https:\/\/www.youtube.com\/channel\/UCMmbMNGwsL-XrtjfSFLCdVQ\"]}]}<\/script>\n<!-- \/ Yoast SEO plugin. -->","yoast_head_json":{"title":"Custom Printed Glass Bottles Manufacturers | Clear Spirit Bottle Manufacturer","description":"Ruisheng(RS), a top clear spirit bottle manufacturer, provide custom printed glass bottles wholesale service for liquor brands, companiesetc.","robots":{"index":"index","follow":"follow","max-snippet":"max-snippet:-1","max-image-preview":"max-image-preview:large","max-video-preview":"max-video-preview:-1"},"canonical":"https:\/\/ruishengglassco.com\/it\/prodotto\/rs060-bottiglie-alcoliche-personalizzate-allingrosso-700ml","og_locale":"it_IT","og_type":"article","og_title":"Custom Printed Glass Bottles Manufacturers | Clear Spirit Bottle Manufacturer","og_description":"Ruisheng(RS), a top clear spirit bottle manufacturer, provide custom printed glass bottles wholesale service for liquor brands, companiesetc.","og_url":"https:\/\/ruishengglassco.com\/it\/prodotto\/rs060-bottiglie-alcoliche-personalizzate-allingrosso-700ml","article_publisher":"https:\/\/www.facebook.com\/ruishengglassbottles","article_modified_time":"2025-09-11T08:28:03+00:00","og_image":[{"width":800,"height":800,"url":"https:\/\/ruishengglassco.com\/wp-content\/uploads\/2025\/03\/RS060-Personalized-Alcohol-Bottles-Wholesale-700ml.webp","type":"image\/webp"}],"twitter_card":"summary_large_image","twitter_misc":{"Tempo di lettura stimato":"2 minuti"},"schema":{"@context":"https:\/\/schema.org","@graph":[{"@type":"WebPage","@id":"https:\/\/ruishengglassco.com\/product\/rs060-personalized-alcohol-bottles-wholesale-700ml","url":"https:\/\/ruishengglassco.com\/product\/rs060-personalized-alcohol-bottles-wholesale-700ml","name":"Custom Printed Glass Bottles Manufacturers | Clear Spirit Bottle Manufacturer","isPartOf":{"@id":"https:\/\/ruishengglassco.com\/#website"},"datePublished":"2025-03-15T03:33:25+00:00","dateModified":"2025-09-11T08:28:03+00:00","description":"Ruisheng(RS), a top clear spirit bottle manufacturer, provide custom printed glass bottles wholesale service for liquor brands, companiesetc.","breadcrumb":{"@id":"https:\/\/ruishengglassco.com\/product\/rs060-personalized-alcohol-bottles-wholesale-700ml#breadcrumb"},"inLanguage":"it-IT","potentialAction":[{"@type":"ReadAction","target":["https:\/\/ruishengglassco.com\/product\/rs060-personalized-alcohol-bottles-wholesale-700ml"]}]},{"@type":"BreadcrumbList","@id":"https:\/\/ruishengglassco.com\/product\/rs060-personalized-alcohol-bottles-wholesale-700ml#breadcrumb","itemListElement":[{"@type":"ListItem","position":1,"name":"Home","item":"https:\/\/ruishengglassco.com\/"},{"@type":"ListItem","position":2,"name":"Products","item":"https:\/\/ruishengglassco.com\/products"},{"@type":"ListItem","position":3,"name":"RS060: Personalized Alcohol Bottles Manufacturers 700ml"}]},{"@type":"WebSite","@id":"https:\/\/ruishengglassco.com\/#website","url":"https:\/\/ruishengglassco.com\/","name":"Ruisheng Glass","description":"","publisher":{"@id":"https:\/\/ruishengglassco.com\/#organization"},"potentialAction":[{"@type":"SearchAction","target":{"@type":"EntryPoint","urlTemplate":"https:\/\/ruishengglassco.com\/?s={search_term_string}"},"query-input":"required name=search_term_string"}],"inLanguage":"it-IT"},{"@type":"Organization","@id":"https:\/\/ruishengglassco.com\/#organization","name":"Shandong Yuncheng Ruisheng Glass Co., Ltd","url":"https:\/\/ruishengglassco.com\/","logo":{"@type":"ImageObject","inLanguage":"it-IT","@id":"https:\/\/ruishengglassco.com\/#\/schema\/logo\/image\/","url":"https:\/\/ruishengglassco.com\/wp-content\/uploads\/2023\/09\/ruisheng_logo_icon.webp","contentUrl":"https:\/\/ruishengglassco.com\/wp-content\/uploads\/2023\/09\/ruisheng_logo_icon.webp","width":400,"height":233,"caption":"Shandong Yuncheng Ruisheng Glass Co., Ltd"},"image":{"@id":"https:\/\/ruishengglassco.com\/#\/schema\/logo\/image\/"},"sameAs":["https:\/\/www.facebook.com\/ruishengglassbottles","https:\/\/www.instagram.com\/Ruishengglassbottlewholesales\/","https:\/\/www.youtube.com\/channel\/UCMmbMNGwsL-XrtjfSFLCdVQ"]}]}},"_links":{"self":[{"href":"https:\/\/ruishengglassco.com\/it\/wp-json\/wp\/v2\/product\/4276","targetHints":{"allow":["GET"]}}],"collection":[{"href":"https:\/\/ruishengglassco.com\/it\/wp-json\/wp\/v2\/product"}],"about":[{"href":"https:\/\/ruishengglassco.com\/it\/wp-json\/wp\/v2\/types\/product"}],"replies":[{"embeddable":true,"href":"https:\/\/ruishengglassco.com\/it\/wp-json\/wp\/v2\/comments?post=4276"}],"wp:featuredmedia":[{"embeddable":true,"href":"https:\/\/ruishengglassco.com\/it\/wp-json\/wp\/v2\/media\/4277"}],"wp:attachment":[{"href":"https:\/\/ruishengglassco.com\/it\/wp-json\/wp\/v2\/media?parent=4276"}],"wp:term":[{"taxonomy":"product_cat","embeddable":true,"href":"https:\/\/ruishengglassco.com\/it\/wp-json\/wp\/v2\/product_cat?post=4276"}],"curies":[{"name":"wp","href":"https:\/\/api.w.org\/{rel}","templated":true}]}}