{"id":4272,"date":"2025-03-15T11:27:32","date_gmt":"2025-03-15T03:27:32","guid":{"rendered":"https:\/\/ruishengglassco.com\/?post_type=product&#038;p=4272"},"modified":"2025-03-26T14:53:49","modified_gmt":"2025-03-26T06:53:49","slug":"rs062-produttori-di-bottiglie-di-vodka-in-vetro-da-1-litro-con-tappi-di-sughero","status":"publish","type":"product","link":"https:\/\/ruishengglassco.com\/it\/prodotto\/rs062-produttori-di-bottiglie-di-vodka-in-vetro-da-1-litro-con-tappi-di-sughero","title":{"rendered":"RS062: Produttori di bottiglie di vodka in vetro da 1 litro con tappi di sughero"},"content":{"rendered":"<p>Ruisheng, uno dei pi\u00f9 grandi fornitori di bottiglie di vodka dalla Cina, fornisce questa grande bottiglia di vodka prezzo all'ingrosso. Questa bottiglia di vetro 1000ml con tappo \u00e8 una delle grandi bottiglie di vodka.<\/p>\n<p>Offriamo un'ampia gamma di bottiglie di vetro da 1000 ml come bottiglie di brandy, bottiglie di rum, bottiglie di vodka, bottiglie di whisky, bottiglie di gin e bottiglie di vino, ecc. \u00c8 disponibile in tutte le gamme di forma, dimensioni e colori, come da 50ml a 3000ml, dalla forma normale alla forma personalizzata, dal colore della pietra focaia al colore nero. Ci sono 12 linee di produzione nella nostra fabbrica, questo ci assicura che possiamo assicurare la produzione di prodotto di qualit\u00e0 nel mercato.<\/p>\n<p>La bottiglia grande di vodka \u00e8 una bottiglia di vetro alta e flint. Di solito \u00e8 destinata a contenere vodka, ma pu\u00f2 essere utilizzata anche per contenere whisky, brandy e altri liquidi. Le nostre bottiglie di vodka, uniche nel loro genere, sono realizzate con un'avanzata macchina per la produzione di bottiglie di vetro - la macchina IS. Questa macchina \u00e8 completamente automatica e non necessita di molte persone.<\/p>\n<p>Esistono molte bottiglie di vetro all'ingrosso simili a questa, come 250ml, 375ml, 500ml, 700ml e cos\u00ec via. La chiusura di questa bottiglia di vetro \u00e8 in sughero. Offriamo il sughero per diverse dimensioni, diversi materiali, diversi colori. Possiamo offrire qualsiasi sughero che si desidera.83mm.<\/p>\n<h2>I dettagli di questa bottiglia grande di vodka Prezzo dei produttori<\/h2>\n<p>Questa bottiglia di vetro da 1000 ml con tappo in sughero \u00e8 realizzata con materiale di vetro bianco cristallino. Il peso del vetro \u00e8 di 850 g e la bottiglia di vodka ha il fondo spesso, il che rende la bottiglia di vetro di alta qualit\u00e0. Le dimensioni di questa grande bottiglia di vodka sono 90 x 283 mm. Il diametro esterno dell'imboccatura \u00e8 di 34,5 mm e quello interno di 21,2 mm. Questa bottiglia di vodka \u00e8 adatta a un tappo a T da 22,5 mm. Il tappo pu\u00f2 essere di qualsiasi tipo.<\/p>\n<p>Ci sono pi\u00f9 di 10 lavoratori e designer del controllo qualit\u00e0 nella nostra fabbrica. Accogliamo anche l'ordine dell'OEM. Non importa quale bottiglia volete, potete dirci, che disegneremo e lo faremo secondo le vostre richieste.<\/p>\n<p>&nbsp;<\/p>","protected":false},"excerpt":{"rendered":"<table class=\"tg\">\n<tbody>\n<tr>\n<th class=\"tg-hjji\" colspan=\"2\">Bottiglia grande di vodka prezzo all'ingrosso<\/th>\n<\/tr>\n<tr>\n<td class=\"tg-b7b8\">Capacit\u00e0<\/td>\n<td class=\"tg-b7b8\">1000ml 1,5L<\/td>\n<\/tr>\n<tr>\n<td class=\"tg-yw4l\">Materiale<\/td>\n<td class=\"tg-yw4l\">Materiale di vetro di selce eccellente, alto materiale di vetro di selce<\/td>\n<\/tr>\n<tr>\n<td class=\"tg-b7b8\">Tipo di tenuta<\/td>\n<td class=\"tg-b7b8\">Sughero, tappo guala, tappo a vite<\/td>\n<\/tr>\n<tr>\n<td class=\"tg-yw4l\">Superficie<\/td>\n<td class=\"tg-yw4l\">Gelo, decalcomania, pittura, stampa a caldo, goffratura, stampa, gloden, serigrafia<\/td>\n<\/tr>\n<tr>\n<td class=\"tg-b7b8\">Campione<\/td>\n<td class=\"tg-b7b8\">Utilizzando gratuitamente il nostro stampo esistente<\/td>\n<\/tr>\n<tr>\n<td class=\"tg-yw4l\">Tempi di consegna<\/td>\n<td class=\"tg-yw4l\">20-30 giorni per i prodotti di massa<\/td>\n<\/tr>\n<tr>\n<td class=\"tg-b7b8\">Porto<\/td>\n<td class=\"tg-b7b8\">Qingdao, Cina<\/td>\n<\/tr>\n<tr>\n<td class=\"tg-yw4l\">Pagamento<\/td>\n<td class=\"tg-yw4l\">T\/T, Paypal, assicurazione di Trande<\/td>\n<\/tr>\n<\/tbody>\n<\/table>","protected":false},"featured_media":4273,"comment_status":"closed","ping_status":"closed","template":"","meta":[],"product_cat":[43,52],"class_list":{"0":"post-4272","1":"product","2":"type-product","3":"status-publish","4":"has-post-thumbnail","6":"product_cat-1000ml-liquor-bottle-manufacturer","7":"product_cat-vodka-bottle","9":"first","10":"instock","11":"shipping-taxable","12":"product-type-simple"},"yoast_head":"<!-- This site is optimized with the Yoast SEO plugin v22.0 - https:\/\/yoast.com\/wordpress\/plugins\/seo\/ -->\n<title>Big Bottle of Vodka Manufacturers Price|1 liter Glass Bottle With Corks<\/title>\n<meta name=\"description\" content=\"Big Bottle of Vodka Factory Price. 100% quality assurance.Also provide 1000ml glass bottle wholesale for brandy, rum , vodka, whiksey, gin and wine ect.\" \/>\n<meta name=\"robots\" content=\"index, follow, max-snippet:-1, max-image-preview:large, max-video-preview:-1\" \/>\n<link rel=\"canonical\" href=\"https:\/\/ruishengglassco.com\/it\/prodotto\/rs062-produttori-di-bottiglie-di-vodka-in-vetro-da-1-litro-con-tappi-di-sughero\" \/>\n<meta property=\"og:locale\" content=\"it_IT\" \/>\n<meta property=\"og:type\" content=\"article\" \/>\n<meta property=\"og:title\" content=\"Big Bottle of Vodka Manufacturers Price|1 liter Glass Bottle With Corks\" \/>\n<meta property=\"og:description\" content=\"Big Bottle of Vodka Factory Price. 100% quality assurance.Also provide 1000ml glass bottle wholesale for brandy, rum , vodka, whiksey, gin and wine ect.\" \/>\n<meta property=\"og:url\" content=\"https:\/\/ruishengglassco.com\/it\/prodotto\/rs062-produttori-di-bottiglie-di-vodka-in-vetro-da-1-litro-con-tappi-di-sughero\" \/>\n<meta property=\"article:publisher\" content=\"https:\/\/www.facebook.com\/ruishengglassbottles\" \/>\n<meta property=\"article:modified_time\" content=\"2025-03-26T06:53:49+00:00\" \/>\n<meta property=\"og:image\" content=\"https:\/\/ruishengglassco.com\/wp-content\/uploads\/2025\/03\/RS062-1-Liter-Glass-Vodka-Bottles-Wholesale-With-Corks.webp\" \/>\n\t<meta property=\"og:image:width\" content=\"800\" \/>\n\t<meta property=\"og:image:height\" content=\"800\" \/>\n\t<meta property=\"og:image:type\" content=\"image\/webp\" \/>\n<meta name=\"twitter:card\" content=\"summary_large_image\" \/>\n<meta name=\"twitter:label1\" content=\"Tempo di lettura stimato\" \/>\n\t<meta name=\"twitter:data1\" content=\"2 minuti\" \/>\n<script type=\"application\/ld+json\" class=\"yoast-schema-graph\">{\"@context\":\"https:\/\/schema.org\",\"@graph\":[{\"@type\":\"WebPage\",\"@id\":\"https:\/\/ruishengglassco.com\/product\/rs062-1-liter-glass-vodka-bottles-manufacturers-with-corks\",\"url\":\"https:\/\/ruishengglassco.com\/product\/rs062-1-liter-glass-vodka-bottles-manufacturers-with-corks\",\"name\":\"Big Bottle of Vodka Manufacturers Price|1 liter Glass Bottle With Corks\",\"isPartOf\":{\"@id\":\"https:\/\/ruishengglassco.com\/#website\"},\"datePublished\":\"2025-03-15T03:27:32+00:00\",\"dateModified\":\"2025-03-26T06:53:49+00:00\",\"description\":\"Big Bottle of Vodka Factory Price. 100% quality assurance.Also provide 1000ml glass bottle wholesale for brandy, rum , vodka, whiksey, gin and wine ect.\",\"breadcrumb\":{\"@id\":\"https:\/\/ruishengglassco.com\/product\/rs062-1-liter-glass-vodka-bottles-manufacturers-with-corks#breadcrumb\"},\"inLanguage\":\"it-IT\",\"potentialAction\":[{\"@type\":\"ReadAction\",\"target\":[\"https:\/\/ruishengglassco.com\/product\/rs062-1-liter-glass-vodka-bottles-manufacturers-with-corks\"]}]},{\"@type\":\"BreadcrumbList\",\"@id\":\"https:\/\/ruishengglassco.com\/product\/rs062-1-liter-glass-vodka-bottles-manufacturers-with-corks#breadcrumb\",\"itemListElement\":[{\"@type\":\"ListItem\",\"position\":1,\"name\":\"Home\",\"item\":\"https:\/\/ruishengglassco.com\/\"},{\"@type\":\"ListItem\",\"position\":2,\"name\":\"Products\",\"item\":\"https:\/\/ruishengglassco.com\/products\"},{\"@type\":\"ListItem\",\"position\":3,\"name\":\"RS062: 1 Liter Glass Vodka Bottles Manufacturers With Corks\"}]},{\"@type\":\"WebSite\",\"@id\":\"https:\/\/ruishengglassco.com\/#website\",\"url\":\"https:\/\/ruishengglassco.com\/\",\"name\":\"Ruisheng Glass\",\"description\":\"\",\"publisher\":{\"@id\":\"https:\/\/ruishengglassco.com\/#organization\"},\"potentialAction\":[{\"@type\":\"SearchAction\",\"target\":{\"@type\":\"EntryPoint\",\"urlTemplate\":\"https:\/\/ruishengglassco.com\/?s={search_term_string}\"},\"query-input\":\"required name=search_term_string\"}],\"inLanguage\":\"it-IT\"},{\"@type\":\"Organization\",\"@id\":\"https:\/\/ruishengglassco.com\/#organization\",\"name\":\"Shandong Yuncheng Ruisheng Glass Co., Ltd\",\"url\":\"https:\/\/ruishengglassco.com\/\",\"logo\":{\"@type\":\"ImageObject\",\"inLanguage\":\"it-IT\",\"@id\":\"https:\/\/ruishengglassco.com\/#\/schema\/logo\/image\/\",\"url\":\"https:\/\/ruishengglassco.com\/wp-content\/uploads\/2023\/09\/ruisheng_logo_icon.webp\",\"contentUrl\":\"https:\/\/ruishengglassco.com\/wp-content\/uploads\/2023\/09\/ruisheng_logo_icon.webp\",\"width\":400,\"height\":233,\"caption\":\"Shandong Yuncheng Ruisheng Glass Co., Ltd\"},\"image\":{\"@id\":\"https:\/\/ruishengglassco.com\/#\/schema\/logo\/image\/\"},\"sameAs\":[\"https:\/\/www.facebook.com\/ruishengglassbottles\",\"https:\/\/www.instagram.com\/Ruishengglassbottlewholesales\/\",\"https:\/\/www.youtube.com\/channel\/UCMmbMNGwsL-XrtjfSFLCdVQ\"]}]}<\/script>\n<!-- \/ Yoast SEO plugin. -->","yoast_head_json":{"title":"Big Bottle of Vodka Manufacturers Price|1 liter Glass Bottle With Corks","description":"Big Bottle of Vodka Factory Price. 100% quality assurance.Also provide 1000ml glass bottle wholesale for brandy, rum , vodka, whiksey, gin and wine ect.","robots":{"index":"index","follow":"follow","max-snippet":"max-snippet:-1","max-image-preview":"max-image-preview:large","max-video-preview":"max-video-preview:-1"},"canonical":"https:\/\/ruishengglassco.com\/it\/prodotto\/rs062-produttori-di-bottiglie-di-vodka-in-vetro-da-1-litro-con-tappi-di-sughero","og_locale":"it_IT","og_type":"article","og_title":"Big Bottle of Vodka Manufacturers Price|1 liter Glass Bottle With Corks","og_description":"Big Bottle of Vodka Factory Price. 100% quality assurance.Also provide 1000ml glass bottle wholesale for brandy, rum , vodka, whiksey, gin and wine ect.","og_url":"https:\/\/ruishengglassco.com\/it\/prodotto\/rs062-produttori-di-bottiglie-di-vodka-in-vetro-da-1-litro-con-tappi-di-sughero","article_publisher":"https:\/\/www.facebook.com\/ruishengglassbottles","article_modified_time":"2025-03-26T06:53:49+00:00","og_image":[{"width":800,"height":800,"url":"https:\/\/ruishengglassco.com\/wp-content\/uploads\/2025\/03\/RS062-1-Liter-Glass-Vodka-Bottles-Wholesale-With-Corks.webp","type":"image\/webp"}],"twitter_card":"summary_large_image","twitter_misc":{"Tempo di lettura stimato":"2 minuti"},"schema":{"@context":"https:\/\/schema.org","@graph":[{"@type":"WebPage","@id":"https:\/\/ruishengglassco.com\/product\/rs062-1-liter-glass-vodka-bottles-manufacturers-with-corks","url":"https:\/\/ruishengglassco.com\/product\/rs062-1-liter-glass-vodka-bottles-manufacturers-with-corks","name":"Big Bottle of Vodka Manufacturers Price|1 liter Glass Bottle With Corks","isPartOf":{"@id":"https:\/\/ruishengglassco.com\/#website"},"datePublished":"2025-03-15T03:27:32+00:00","dateModified":"2025-03-26T06:53:49+00:00","description":"Big Bottle of Vodka Factory Price. 100% quality assurance.Also provide 1000ml glass bottle wholesale for brandy, rum , vodka, whiksey, gin and wine ect.","breadcrumb":{"@id":"https:\/\/ruishengglassco.com\/product\/rs062-1-liter-glass-vodka-bottles-manufacturers-with-corks#breadcrumb"},"inLanguage":"it-IT","potentialAction":[{"@type":"ReadAction","target":["https:\/\/ruishengglassco.com\/product\/rs062-1-liter-glass-vodka-bottles-manufacturers-with-corks"]}]},{"@type":"BreadcrumbList","@id":"https:\/\/ruishengglassco.com\/product\/rs062-1-liter-glass-vodka-bottles-manufacturers-with-corks#breadcrumb","itemListElement":[{"@type":"ListItem","position":1,"name":"Home","item":"https:\/\/ruishengglassco.com\/"},{"@type":"ListItem","position":2,"name":"Products","item":"https:\/\/ruishengglassco.com\/products"},{"@type":"ListItem","position":3,"name":"RS062: 1 Liter Glass Vodka Bottles Manufacturers With Corks"}]},{"@type":"WebSite","@id":"https:\/\/ruishengglassco.com\/#website","url":"https:\/\/ruishengglassco.com\/","name":"Ruisheng Glass","description":"","publisher":{"@id":"https:\/\/ruishengglassco.com\/#organization"},"potentialAction":[{"@type":"SearchAction","target":{"@type":"EntryPoint","urlTemplate":"https:\/\/ruishengglassco.com\/?s={search_term_string}"},"query-input":"required name=search_term_string"}],"inLanguage":"it-IT"},{"@type":"Organization","@id":"https:\/\/ruishengglassco.com\/#organization","name":"Shandong Yuncheng Ruisheng Glass Co., Ltd","url":"https:\/\/ruishengglassco.com\/","logo":{"@type":"ImageObject","inLanguage":"it-IT","@id":"https:\/\/ruishengglassco.com\/#\/schema\/logo\/image\/","url":"https:\/\/ruishengglassco.com\/wp-content\/uploads\/2023\/09\/ruisheng_logo_icon.webp","contentUrl":"https:\/\/ruishengglassco.com\/wp-content\/uploads\/2023\/09\/ruisheng_logo_icon.webp","width":400,"height":233,"caption":"Shandong Yuncheng Ruisheng Glass Co., Ltd"},"image":{"@id":"https:\/\/ruishengglassco.com\/#\/schema\/logo\/image\/"},"sameAs":["https:\/\/www.facebook.com\/ruishengglassbottles","https:\/\/www.instagram.com\/Ruishengglassbottlewholesales\/","https:\/\/www.youtube.com\/channel\/UCMmbMNGwsL-XrtjfSFLCdVQ"]}]}},"_links":{"self":[{"href":"https:\/\/ruishengglassco.com\/it\/wp-json\/wp\/v2\/product\/4272","targetHints":{"allow":["GET"]}}],"collection":[{"href":"https:\/\/ruishengglassco.com\/it\/wp-json\/wp\/v2\/product"}],"about":[{"href":"https:\/\/ruishengglassco.com\/it\/wp-json\/wp\/v2\/types\/product"}],"replies":[{"embeddable":true,"href":"https:\/\/ruishengglassco.com\/it\/wp-json\/wp\/v2\/comments?post=4272"}],"wp:featuredmedia":[{"embeddable":true,"href":"https:\/\/ruishengglassco.com\/it\/wp-json\/wp\/v2\/media\/4273"}],"wp:attachment":[{"href":"https:\/\/ruishengglassco.com\/it\/wp-json\/wp\/v2\/media?parent=4272"}],"wp:term":[{"taxonomy":"product_cat","embeddable":true,"href":"https:\/\/ruishengglassco.com\/it\/wp-json\/wp\/v2\/product_cat?post=4272"}],"curies":[{"name":"wp","href":"https:\/\/api.w.org\/{rel}","templated":true}]}}