{"id":4270,"date":"2025-03-15T11:25:02","date_gmt":"2025-03-15T03:25:02","guid":{"rendered":"https:\/\/ruishengglassco.com\/?post_type=product&#038;p=4270"},"modified":"2025-09-11T16:28:10","modified_gmt":"2025-09-11T08:28:10","slug":"rs064-700ml-insolito-vetro-bottiglie-per-liquori-prezzo-allingrosso","status":"publish","type":"product","link":"https:\/\/ruishengglassco.com\/it\/prodotto\/rs064-700ml-insolito-vetro-bottiglie-per-liquori-prezzo-allingrosso","title":{"rendered":"RS064: Bottiglie per liquori in vetro da 700 ml, prezzo all'ingrosso"},"content":{"rendered":"<p>Questa bottiglia per liquori in vetro da 700 ml \u00e8 una bottiglia di vetro specifica. La sua forma non \u00e8 quella comune di una bottiglia di vodka, di brandy o di altre bottiglie per bevande. Queste bottiglie di vetro hanno l'aspetto di <span id=\"result_box\" class=\"short_text\" lang=\"en\" tabindex=\"-1\"><span class=\"\">un pugno che allunga un dito. E sulle bottiglie di vetro c'\u00e8 una stanza a forma di cuore. <\/span><\/span><\/p>\n<p>Queste bottiglie di spirito di vetro 700ml insolito \u00e8 bottiglie di vetro selce. Possiamo essere dipinti qualsiasi colore su questa bottiglia di vetro se ne avete bisogno, come il verde, il nero, l'oro e cos\u00ec via. C'\u00e8 una zona rotonda sulle bottiglie di liquore di vetro, possiamo mettere il vostro logo su l\u00e0, non importa il logo di carta, ma anche il logo di plastica, il logo del metallo ed altri.<\/p>\n<p>Le nostre bottiglie di vetro per liquori sono prodotte da macchine avanzate - macchine automatiche a 8S. Ci sono 4 linee di produzione per ogni macchina e abbiamo 2 macchine automatiche 8S e 1 macchina semiautomatica 6S. Quindi ci sono 12 linee di produzione nella nostra fabbrica e la nostra produzione \u00e8 di 120.000 bottiglie al giorno. Non importa che il vostro ordine sia piccolo o grande, possiamo anche finirli e inviarli a voi in tempo.<\/p>\n<p>La finitura di chiusura delle nostre bottiglie di vetro \u00e8 il tappo guala. Per quanto riguarda il tappo guala, possiamo offrire tappi guala in plastica e tappi guala in ossido di alluminio.<\/p>\n<h2>Il modo di imballaggio di questo 700ml insolito bottiglie di spirito di vetro<\/h2>\n<p>Poich\u00e9 questa bottiglia di vetro da 700 ml \u00e8 molto insolita e il suo collo \u00e8 molto logo. \u00c8 meglio utilizzare il cartone per l'imballaggio. Il cartone pu\u00f2 essere a cinque strati ondulato, o altro cartone rigido. Come il nostro imballaggio di solito, ci sono circa 24 pezzi bottiglia per cartone, o 20pcs per cartoni. E se utilizziamo l'imballaggio personalizzato, possiamo realizzare 6 pezzi per cartone. Mettiamo il cartone nel cartone per dividere le bottiglie di vetro e ridurre il tasso di rottura quando sono sul trasporto.<\/p>\n<p>Se volete conoscere il prezzo delle bottiglie di vetro per liquori, contattateci tramite il contatto sul nostro sito web. Vi risponderemo il prima possibile.<\/p>\n<p>&nbsp;<\/p>","protected":false},"excerpt":{"rendered":"<table class=\"tg\">\n<tbody>\n<tr>\n<th class=\"tg-24i8\" colspan=\"2\">700ml Bottiglie di vetro insolite per liquori Prezzo in blocco<\/th>\n<\/tr>\n<tr>\n<td class=\"tg-b7b8\">Riferimento:<\/td>\n<td class=\"tg-b7b8\">RS064<\/td>\n<\/tr>\n<tr>\n<td class=\"tg-yw4l\">Materiale principale:<\/td>\n<td class=\"tg-yw4l\">Vetro Alto Selce<\/td>\n<\/tr>\n<tr>\n<td class=\"tg-b7b8\">Cap:<\/td>\n<td class=\"tg-b7b8\">Sughero<\/td>\n<\/tr>\n<tr>\n<td class=\"tg-yw4l\">Capacit\u00e0:<\/td>\n<td class=\"tg-yw4l\">700ml<\/td>\n<\/tr>\n<tr>\n<td class=\"tg-b7b8\">Caratteristica:<\/td>\n<td class=\"tg-b7b8\">Eco-compatibile<\/td>\n<\/tr>\n<tr>\n<td class=\"tg-yw4l\">MOQ:<\/td>\n<td class=\"tg-yw4l\">10000 PCS<\/td>\n<\/tr>\n<tr>\n<td class=\"tg-b7b8\">Modo di imballaggio:<\/td>\n<td class=\"tg-b7b8\">Cartone standard per l'esportazione \/ Pallet \/ cartone e pallet standard per l'esportazione<\/td>\n<\/tr>\n<tr>\n<td class=\"tg-yw4l\">OEM\/ODM:<\/td>\n<td class=\"tg-yw4l\">Benvenuti<\/td>\n<\/tr>\n<tr>\n<td class=\"tg-b7b8\">Origine del luogo:<\/td>\n<td class=\"tg-b7b8\">Shandong, Cina<\/td>\n<\/tr>\n<tr>\n<td class=\"tg-yw4l\">Pezzi\/Ctn:<\/td>\n<td class=\"tg-yw4l\">24 pezzi \/ 20 pezzi<\/td>\n<\/tr>\n<\/tbody>\n<\/table>","protected":false},"featured_media":4271,"comment_status":"closed","ping_status":"closed","template":"","meta":[],"product_cat":[44],"class_list":{"0":"post-4270","1":"product","2":"type-product","3":"status-publish","4":"has-post-thumbnail","6":"product_cat-700ml-liquor-bottle-manufacturer","8":"first","9":"instock","10":"shipping-taxable","11":"product-type-simple"},"yoast_head":"<!-- This site is optimized with the Yoast SEO plugin v22.0 - https:\/\/yoast.com\/wordpress\/plugins\/seo\/ -->\n<title>700ml Unusual Spirit Bottles Bulk | Custom Unique Glass Bottle Company<\/title>\n<meta name=\"description\" content=\"Ruisheng(RS), a professional glass bottle production company, provide 700ml unusual spirit bottles bulk&amp;custom unique glass bottle service.\" \/>\n<meta name=\"robots\" content=\"index, follow, max-snippet:-1, max-image-preview:large, max-video-preview:-1\" \/>\n<link rel=\"canonical\" href=\"https:\/\/ruishengglassco.com\/it\/prodotto\/rs064-700ml-insolito-vetro-bottiglie-per-liquori-prezzo-allingrosso\" \/>\n<meta property=\"og:locale\" content=\"it_IT\" \/>\n<meta property=\"og:type\" content=\"article\" \/>\n<meta property=\"og:title\" content=\"700ml Unusual Spirit Bottles Bulk | Custom Unique Glass Bottle Company\" \/>\n<meta property=\"og:description\" content=\"Ruisheng(RS), a professional glass bottle production company, provide 700ml unusual spirit bottles bulk&amp;custom unique glass bottle service.\" \/>\n<meta property=\"og:url\" content=\"https:\/\/ruishengglassco.com\/it\/prodotto\/rs064-700ml-insolito-vetro-bottiglie-per-liquori-prezzo-allingrosso\" \/>\n<meta property=\"article:publisher\" content=\"https:\/\/www.facebook.com\/ruishengglassbottles\" \/>\n<meta property=\"article:modified_time\" content=\"2025-09-11T08:28:10+00:00\" \/>\n<meta property=\"og:image\" content=\"https:\/\/ruishengglassco.com\/wp-content\/uploads\/2025\/03\/RS064-700ml-Unusual-Glass-Spirit-Bottles-Bulk-Price.webp\" \/>\n\t<meta property=\"og:image:width\" content=\"800\" \/>\n\t<meta property=\"og:image:height\" content=\"800\" \/>\n\t<meta property=\"og:image:type\" content=\"image\/webp\" \/>\n<meta name=\"twitter:card\" content=\"summary_large_image\" \/>\n<meta name=\"twitter:label1\" content=\"Tempo di lettura stimato\" \/>\n\t<meta name=\"twitter:data1\" content=\"2 minuti\" \/>\n<script type=\"application\/ld+json\" class=\"yoast-schema-graph\">{\"@context\":\"https:\/\/schema.org\",\"@graph\":[{\"@type\":\"WebPage\",\"@id\":\"https:\/\/ruishengglassco.com\/product\/rs064-700ml-unusual-glass-spirit-bottles-bulk-price\",\"url\":\"https:\/\/ruishengglassco.com\/product\/rs064-700ml-unusual-glass-spirit-bottles-bulk-price\",\"name\":\"700ml Unusual Spirit Bottles Bulk | Custom Unique Glass Bottle Company\",\"isPartOf\":{\"@id\":\"https:\/\/ruishengglassco.com\/#website\"},\"datePublished\":\"2025-03-15T03:25:02+00:00\",\"dateModified\":\"2025-09-11T08:28:10+00:00\",\"description\":\"Ruisheng(RS), a professional glass bottle production company, provide 700ml unusual spirit bottles bulk&custom unique glass bottle service.\",\"breadcrumb\":{\"@id\":\"https:\/\/ruishengglassco.com\/product\/rs064-700ml-unusual-glass-spirit-bottles-bulk-price#breadcrumb\"},\"inLanguage\":\"it-IT\",\"potentialAction\":[{\"@type\":\"ReadAction\",\"target\":[\"https:\/\/ruishengglassco.com\/product\/rs064-700ml-unusual-glass-spirit-bottles-bulk-price\"]}]},{\"@type\":\"BreadcrumbList\",\"@id\":\"https:\/\/ruishengglassco.com\/product\/rs064-700ml-unusual-glass-spirit-bottles-bulk-price#breadcrumb\",\"itemListElement\":[{\"@type\":\"ListItem\",\"position\":1,\"name\":\"Home\",\"item\":\"https:\/\/ruishengglassco.com\/\"},{\"@type\":\"ListItem\",\"position\":2,\"name\":\"Products\",\"item\":\"https:\/\/ruishengglassco.com\/products\"},{\"@type\":\"ListItem\",\"position\":3,\"name\":\"RS064: 700ml Unusual Glass Spirit Bottles Bulk Price\"}]},{\"@type\":\"WebSite\",\"@id\":\"https:\/\/ruishengglassco.com\/#website\",\"url\":\"https:\/\/ruishengglassco.com\/\",\"name\":\"Ruisheng Glass\",\"description\":\"\",\"publisher\":{\"@id\":\"https:\/\/ruishengglassco.com\/#organization\"},\"potentialAction\":[{\"@type\":\"SearchAction\",\"target\":{\"@type\":\"EntryPoint\",\"urlTemplate\":\"https:\/\/ruishengglassco.com\/?s={search_term_string}\"},\"query-input\":\"required name=search_term_string\"}],\"inLanguage\":\"it-IT\"},{\"@type\":\"Organization\",\"@id\":\"https:\/\/ruishengglassco.com\/#organization\",\"name\":\"Shandong Yuncheng Ruisheng Glass Co., Ltd\",\"url\":\"https:\/\/ruishengglassco.com\/\",\"logo\":{\"@type\":\"ImageObject\",\"inLanguage\":\"it-IT\",\"@id\":\"https:\/\/ruishengglassco.com\/#\/schema\/logo\/image\/\",\"url\":\"https:\/\/ruishengglassco.com\/wp-content\/uploads\/2023\/09\/ruisheng_logo_icon.webp\",\"contentUrl\":\"https:\/\/ruishengglassco.com\/wp-content\/uploads\/2023\/09\/ruisheng_logo_icon.webp\",\"width\":400,\"height\":233,\"caption\":\"Shandong Yuncheng Ruisheng Glass Co., Ltd\"},\"image\":{\"@id\":\"https:\/\/ruishengglassco.com\/#\/schema\/logo\/image\/\"},\"sameAs\":[\"https:\/\/www.facebook.com\/ruishengglassbottles\",\"https:\/\/www.instagram.com\/Ruishengglassbottlewholesales\/\",\"https:\/\/www.youtube.com\/channel\/UCMmbMNGwsL-XrtjfSFLCdVQ\"]}]}<\/script>\n<!-- \/ Yoast SEO plugin. -->","yoast_head_json":{"title":"700ml Unusual Spirit Bottles Bulk | Custom Unique Glass Bottle Company","description":"Ruisheng(RS), a professional glass bottle production company, provide 700ml unusual spirit bottles bulk&custom unique glass bottle service.","robots":{"index":"index","follow":"follow","max-snippet":"max-snippet:-1","max-image-preview":"max-image-preview:large","max-video-preview":"max-video-preview:-1"},"canonical":"https:\/\/ruishengglassco.com\/it\/prodotto\/rs064-700ml-insolito-vetro-bottiglie-per-liquori-prezzo-allingrosso","og_locale":"it_IT","og_type":"article","og_title":"700ml Unusual Spirit Bottles Bulk | Custom Unique Glass Bottle Company","og_description":"Ruisheng(RS), a professional glass bottle production company, provide 700ml unusual spirit bottles bulk&custom unique glass bottle service.","og_url":"https:\/\/ruishengglassco.com\/it\/prodotto\/rs064-700ml-insolito-vetro-bottiglie-per-liquori-prezzo-allingrosso","article_publisher":"https:\/\/www.facebook.com\/ruishengglassbottles","article_modified_time":"2025-09-11T08:28:10+00:00","og_image":[{"width":800,"height":800,"url":"https:\/\/ruishengglassco.com\/wp-content\/uploads\/2025\/03\/RS064-700ml-Unusual-Glass-Spirit-Bottles-Bulk-Price.webp","type":"image\/webp"}],"twitter_card":"summary_large_image","twitter_misc":{"Tempo di lettura stimato":"2 minuti"},"schema":{"@context":"https:\/\/schema.org","@graph":[{"@type":"WebPage","@id":"https:\/\/ruishengglassco.com\/product\/rs064-700ml-unusual-glass-spirit-bottles-bulk-price","url":"https:\/\/ruishengglassco.com\/product\/rs064-700ml-unusual-glass-spirit-bottles-bulk-price","name":"700ml Unusual Spirit Bottles Bulk | Custom Unique Glass Bottle Company","isPartOf":{"@id":"https:\/\/ruishengglassco.com\/#website"},"datePublished":"2025-03-15T03:25:02+00:00","dateModified":"2025-09-11T08:28:10+00:00","description":"Ruisheng(RS), a professional glass bottle production company, provide 700ml unusual spirit bottles bulk&custom unique glass bottle service.","breadcrumb":{"@id":"https:\/\/ruishengglassco.com\/product\/rs064-700ml-unusual-glass-spirit-bottles-bulk-price#breadcrumb"},"inLanguage":"it-IT","potentialAction":[{"@type":"ReadAction","target":["https:\/\/ruishengglassco.com\/product\/rs064-700ml-unusual-glass-spirit-bottles-bulk-price"]}]},{"@type":"BreadcrumbList","@id":"https:\/\/ruishengglassco.com\/product\/rs064-700ml-unusual-glass-spirit-bottles-bulk-price#breadcrumb","itemListElement":[{"@type":"ListItem","position":1,"name":"Home","item":"https:\/\/ruishengglassco.com\/"},{"@type":"ListItem","position":2,"name":"Products","item":"https:\/\/ruishengglassco.com\/products"},{"@type":"ListItem","position":3,"name":"RS064: 700ml Unusual Glass Spirit Bottles Bulk Price"}]},{"@type":"WebSite","@id":"https:\/\/ruishengglassco.com\/#website","url":"https:\/\/ruishengglassco.com\/","name":"Ruisheng Glass","description":"","publisher":{"@id":"https:\/\/ruishengglassco.com\/#organization"},"potentialAction":[{"@type":"SearchAction","target":{"@type":"EntryPoint","urlTemplate":"https:\/\/ruishengglassco.com\/?s={search_term_string}"},"query-input":"required name=search_term_string"}],"inLanguage":"it-IT"},{"@type":"Organization","@id":"https:\/\/ruishengglassco.com\/#organization","name":"Shandong Yuncheng Ruisheng Glass Co., Ltd","url":"https:\/\/ruishengglassco.com\/","logo":{"@type":"ImageObject","inLanguage":"it-IT","@id":"https:\/\/ruishengglassco.com\/#\/schema\/logo\/image\/","url":"https:\/\/ruishengglassco.com\/wp-content\/uploads\/2023\/09\/ruisheng_logo_icon.webp","contentUrl":"https:\/\/ruishengglassco.com\/wp-content\/uploads\/2023\/09\/ruisheng_logo_icon.webp","width":400,"height":233,"caption":"Shandong Yuncheng Ruisheng Glass Co., Ltd"},"image":{"@id":"https:\/\/ruishengglassco.com\/#\/schema\/logo\/image\/"},"sameAs":["https:\/\/www.facebook.com\/ruishengglassbottles","https:\/\/www.instagram.com\/Ruishengglassbottlewholesales\/","https:\/\/www.youtube.com\/channel\/UCMmbMNGwsL-XrtjfSFLCdVQ"]}]}},"_links":{"self":[{"href":"https:\/\/ruishengglassco.com\/it\/wp-json\/wp\/v2\/product\/4270","targetHints":{"allow":["GET"]}}],"collection":[{"href":"https:\/\/ruishengglassco.com\/it\/wp-json\/wp\/v2\/product"}],"about":[{"href":"https:\/\/ruishengglassco.com\/it\/wp-json\/wp\/v2\/types\/product"}],"replies":[{"embeddable":true,"href":"https:\/\/ruishengglassco.com\/it\/wp-json\/wp\/v2\/comments?post=4270"}],"wp:featuredmedia":[{"embeddable":true,"href":"https:\/\/ruishengglassco.com\/it\/wp-json\/wp\/v2\/media\/4271"}],"wp:attachment":[{"href":"https:\/\/ruishengglassco.com\/it\/wp-json\/wp\/v2\/media?parent=4270"}],"wp:term":[{"taxonomy":"product_cat","embeddable":true,"href":"https:\/\/ruishengglassco.com\/it\/wp-json\/wp\/v2\/product_cat?post=4270"}],"curies":[{"name":"wp","href":"https:\/\/api.w.org\/{rel}","templated":true}]}}