{"id":4268,"date":"2025-03-15T11:21:24","date_gmt":"2025-03-15T03:21:24","guid":{"rendered":"https:\/\/ruishengglassco.com\/?post_type=product&#038;p=4268"},"modified":"2025-09-11T16:22:36","modified_gmt":"2025-09-11T08:22:36","slug":"700ml-bottiglie-di-vetro-vuote-sfuse","status":"publish","type":"product","link":"https:\/\/ruishengglassco.com\/it\/prodotto\/700ml-bottiglie-di-vetro-vuote-sfuse","title":{"rendered":"Bottiglie di vetro vuote da 700 ml alla rinfusa"},"content":{"rendered":"<p>Come uno dei pi\u00f9 grandi produttori di bottiglie per liquori in vetro da 70cl, Ruisheng si concentra sulla produzione di bottiglie per liquori dal 2009. Queste bottiglie vuote per liquori da 700 ml sono una delle bottiglie di vetro pi\u00f9 vendute nella nostra fabbrica. Questa bottiglia di vetro per liquori \u00e8 caratterizzata da un fondo di vetro spesso. Il suo materiale \u00e8 il vetro bianco cristallino. Queste bottiglie di vetro per liquori da 700 ml sono molto lisce e resistenti. Questa solida bottiglia di vetro \u00e8 perfetta per il confezionamento di vodka, bevande e altri liquidi.<\/p>\n<p>Questa bottiglia di vetro per liquori da 700 ml \u00e8 prodotta dal pi\u00f9 grande fornitore di bottiglie di vetro super flint in Cina. L'obiettivo della nostra azienda \u00e8 quello di produrre una bottiglia di vetro di alta qualit\u00e0 e di offrire il miglior servizio. Possiamo offrire il servizio di fornitura di bottiglie di vetro per liquori in una sola fase. Come il disegno della bottiglia, la stampa del logo, la decorazione dell'etichetta, il tappo di chiusura, la scatola colorata e altri.<\/p>\n<h2>Informazioni sulle bottiglie di liquore vuote da 700 ml alla rinfusa<\/h2>\n<p>Il peso di questa bottiglia da 70cl \u00e8 di 580g. Realizzata in vetro bianco cristallino, la bottiglia di vetro in vendita ha un fondo pesante. Questo rende i prodotti dei clienti di alta qualit\u00e0.<\/p>\n<p>Le dimensioni di questa bottiglia di vetro da 700 ml all'ingrosso sono 62,6\u00d7340 mm. Il diametro della bottiglia trasparente \u00e8 di 62,6 mm e l'altezza di 340 mm. Il tipo di chiusura di questa bottiglia di liquore da 70cl \u00e8 il tappo a T. Possiamo offrire diverse dimensioni e diversi colori per questo tappo. Per quanto riguarda le dimensioni, possiamo realizzare tappi piccoli, medi, grandi e cos\u00ec via. Per quanto riguarda il colore, possiamo realizzare tappi di sughero dorati, argentati, rossi e di altri colori personalizzati.<\/p>\n<p>Le nostre bottiglie di vetro vuote sono vendute in molti paesi e regioni. Come Stati Uniti, Australia, Svizzera, Nuova Zelanda, Per\u00f9. Abbiamo ottenuto una buona reputazione da loro in tutto il mondo.<\/p>\n<p>La nostra fabbrica offre anche ordini OEM. C'\u00e8 pi\u00f9 di 10 designer nella nostra fabbrica, possiamo fare le bottiglie di vetro personalizzate dal disegno alla spedizione.<\/p>\n<p>Il nostro questo 700ml bottiglie di liquore vuote alla rinfusa \u00e8 solo una delle nostre bottiglie di vetro esistenti se avete bisogno di pi\u00f9, benvenuto contatto con noi.<\/p>","protected":false},"excerpt":{"rendered":"<table>\n<tbody>\n<tr>\n<th colspan=\"2\">Bottiglie di vetro vuote da 700 ml alla rinfusa<\/th>\n<\/tr>\n<tr>\n<td>Riferimento:<\/td>\n<td>R-042<\/td>\n<\/tr>\n<tr>\n<td>Materiale principale:<\/td>\n<td>Vetro super flint (questo materiale \u00e8 chiamato anche vetro bianco cristallino)<\/td>\n<\/tr>\n<tr>\n<td>Applicazione:<\/td>\n<td>Liquore, Whisky, Vodka, Brandy, XO, ecc.<\/td>\n<\/tr>\n<tr>\n<td>Cap:<\/td>\n<td>Tappo di sughero\/corvo<\/td>\n<\/tr>\n<tr>\n<td>Capacit\u00e0:<\/td>\n<td>700ml<\/td>\n<\/tr>\n<tr>\n<td>Caratteristica:<\/td>\n<td>Eco-compatibile<\/td>\n<\/tr>\n<tr>\n<td>MOQ:<\/td>\n<td>10000 PCS<\/td>\n<\/tr>\n<tr>\n<td>Modo di imballaggio:<\/td>\n<td>Cartone standard per l'esportazione \/ Pallet \/ cartone e pallet standard per l'esportazione<\/td>\n<\/tr>\n<tr>\n<td>OEM\/ODM:<\/td>\n<td>Benvenuti<\/td>\n<\/tr>\n<tr>\n<td>Origine del luogo:<\/td>\n<td>Shandong, Cina<\/td>\n<\/tr>\n<tr>\n<td>Pezzi\/Ctn:<\/td>\n<td>24pcs o secondo le richieste del cliente<\/td>\n<\/tr>\n<\/tbody>\n<\/table>","protected":false},"featured_media":4269,"comment_status":"closed","ping_status":"closed","template":"","meta":[],"product_cat":[44],"class_list":{"0":"post-4268","1":"product","2":"type-product","3":"status-publish","4":"has-post-thumbnail","6":"product_cat-700ml-liquor-bottle-manufacturer","8":"first","9":"instock","10":"shipping-taxable","11":"product-type-simple"},"yoast_head":"<!-- This site is optimized with the Yoast SEO plugin v22.0 - https:\/\/yoast.com\/wordpress\/plugins\/seo\/ -->\n<title>Buy Empty Liquor Bottles Bulk | 70cl Glass Spirit Bottles Manufacturer<\/title>\n<meta name=\"description\" content=\"Do you want to buy empty liquor bottles bulk from China glass spirit bottles manufacturer? Factory Outlet&amp;Quality Assurance.\" \/>\n<meta name=\"robots\" content=\"index, follow, max-snippet:-1, max-image-preview:large, max-video-preview:-1\" \/>\n<link rel=\"canonical\" href=\"https:\/\/ruishengglassco.com\/it\/prodotto\/700ml-bottiglie-di-vetro-vuote-sfuse\" \/>\n<meta property=\"og:locale\" content=\"it_IT\" \/>\n<meta property=\"og:type\" content=\"article\" \/>\n<meta property=\"og:title\" content=\"Buy Empty Liquor Bottles Bulk | 70cl Glass Spirit Bottles Manufacturer\" \/>\n<meta property=\"og:description\" content=\"Do you want to buy empty liquor bottles bulk from China glass spirit bottles manufacturer? Factory Outlet&amp;Quality Assurance.\" \/>\n<meta property=\"og:url\" content=\"https:\/\/ruishengglassco.com\/it\/prodotto\/700ml-bottiglie-di-vetro-vuote-sfuse\" \/>\n<meta property=\"article:publisher\" content=\"https:\/\/www.facebook.com\/ruishengglassbottles\" \/>\n<meta property=\"article:modified_time\" content=\"2025-09-11T08:22:36+00:00\" \/>\n<meta property=\"og:image\" content=\"https:\/\/ruishengglassco.com\/wp-content\/uploads\/2025\/03\/700ml-Empty-Glass-Bottles-Bulk.webp\" \/>\n\t<meta property=\"og:image:width\" content=\"605\" \/>\n\t<meta property=\"og:image:height\" content=\"606\" \/>\n\t<meta property=\"og:image:type\" content=\"image\/webp\" \/>\n<meta name=\"twitter:card\" content=\"summary_large_image\" \/>\n<meta name=\"twitter:label1\" content=\"Tempo di lettura stimato\" \/>\n\t<meta name=\"twitter:data1\" content=\"2 minuti\" \/>\n<script type=\"application\/ld+json\" class=\"yoast-schema-graph\">{\"@context\":\"https:\/\/schema.org\",\"@graph\":[{\"@type\":\"WebPage\",\"@id\":\"https:\/\/ruishengglassco.com\/product\/700ml-empty-glass-bottles-bulk\",\"url\":\"https:\/\/ruishengglassco.com\/product\/700ml-empty-glass-bottles-bulk\",\"name\":\"Buy Empty Liquor Bottles Bulk | 70cl Glass Spirit Bottles Manufacturer\",\"isPartOf\":{\"@id\":\"https:\/\/ruishengglassco.com\/#website\"},\"datePublished\":\"2025-03-15T03:21:24+00:00\",\"dateModified\":\"2025-09-11T08:22:36+00:00\",\"description\":\"Do you want to buy empty liquor bottles bulk from China glass spirit bottles manufacturer? Factory Outlet&Quality Assurance.\",\"breadcrumb\":{\"@id\":\"https:\/\/ruishengglassco.com\/product\/700ml-empty-glass-bottles-bulk#breadcrumb\"},\"inLanguage\":\"it-IT\",\"potentialAction\":[{\"@type\":\"ReadAction\",\"target\":[\"https:\/\/ruishengglassco.com\/product\/700ml-empty-glass-bottles-bulk\"]}]},{\"@type\":\"BreadcrumbList\",\"@id\":\"https:\/\/ruishengglassco.com\/product\/700ml-empty-glass-bottles-bulk#breadcrumb\",\"itemListElement\":[{\"@type\":\"ListItem\",\"position\":1,\"name\":\"Home\",\"item\":\"https:\/\/ruishengglassco.com\/\"},{\"@type\":\"ListItem\",\"position\":2,\"name\":\"Products\",\"item\":\"https:\/\/ruishengglassco.com\/products\"},{\"@type\":\"ListItem\",\"position\":3,\"name\":\"700ml Empty Glass Bottles Bulk\"}]},{\"@type\":\"WebSite\",\"@id\":\"https:\/\/ruishengglassco.com\/#website\",\"url\":\"https:\/\/ruishengglassco.com\/\",\"name\":\"Ruisheng Glass\",\"description\":\"\",\"publisher\":{\"@id\":\"https:\/\/ruishengglassco.com\/#organization\"},\"potentialAction\":[{\"@type\":\"SearchAction\",\"target\":{\"@type\":\"EntryPoint\",\"urlTemplate\":\"https:\/\/ruishengglassco.com\/?s={search_term_string}\"},\"query-input\":\"required name=search_term_string\"}],\"inLanguage\":\"it-IT\"},{\"@type\":\"Organization\",\"@id\":\"https:\/\/ruishengglassco.com\/#organization\",\"name\":\"Shandong Yuncheng Ruisheng Glass Co., Ltd\",\"url\":\"https:\/\/ruishengglassco.com\/\",\"logo\":{\"@type\":\"ImageObject\",\"inLanguage\":\"it-IT\",\"@id\":\"https:\/\/ruishengglassco.com\/#\/schema\/logo\/image\/\",\"url\":\"https:\/\/ruishengglassco.com\/wp-content\/uploads\/2023\/09\/ruisheng_logo_icon.webp\",\"contentUrl\":\"https:\/\/ruishengglassco.com\/wp-content\/uploads\/2023\/09\/ruisheng_logo_icon.webp\",\"width\":400,\"height\":233,\"caption\":\"Shandong Yuncheng Ruisheng Glass Co., Ltd\"},\"image\":{\"@id\":\"https:\/\/ruishengglassco.com\/#\/schema\/logo\/image\/\"},\"sameAs\":[\"https:\/\/www.facebook.com\/ruishengglassbottles\",\"https:\/\/www.instagram.com\/Ruishengglassbottlewholesales\/\",\"https:\/\/www.youtube.com\/channel\/UCMmbMNGwsL-XrtjfSFLCdVQ\"]}]}<\/script>\n<!-- \/ Yoast SEO plugin. -->","yoast_head_json":{"title":"Buy Empty Liquor Bottles Bulk | 70cl Glass Spirit Bottles Manufacturer","description":"Do you want to buy empty liquor bottles bulk from China glass spirit bottles manufacturer? Factory Outlet&Quality Assurance.","robots":{"index":"index","follow":"follow","max-snippet":"max-snippet:-1","max-image-preview":"max-image-preview:large","max-video-preview":"max-video-preview:-1"},"canonical":"https:\/\/ruishengglassco.com\/it\/prodotto\/700ml-bottiglie-di-vetro-vuote-sfuse","og_locale":"it_IT","og_type":"article","og_title":"Buy Empty Liquor Bottles Bulk | 70cl Glass Spirit Bottles Manufacturer","og_description":"Do you want to buy empty liquor bottles bulk from China glass spirit bottles manufacturer? Factory Outlet&Quality Assurance.","og_url":"https:\/\/ruishengglassco.com\/it\/prodotto\/700ml-bottiglie-di-vetro-vuote-sfuse","article_publisher":"https:\/\/www.facebook.com\/ruishengglassbottles","article_modified_time":"2025-09-11T08:22:36+00:00","og_image":[{"width":605,"height":606,"url":"https:\/\/ruishengglassco.com\/wp-content\/uploads\/2025\/03\/700ml-Empty-Glass-Bottles-Bulk.webp","type":"image\/webp"}],"twitter_card":"summary_large_image","twitter_misc":{"Tempo di lettura stimato":"2 minuti"},"schema":{"@context":"https:\/\/schema.org","@graph":[{"@type":"WebPage","@id":"https:\/\/ruishengglassco.com\/product\/700ml-empty-glass-bottles-bulk","url":"https:\/\/ruishengglassco.com\/product\/700ml-empty-glass-bottles-bulk","name":"Buy Empty Liquor Bottles Bulk | 70cl Glass Spirit Bottles Manufacturer","isPartOf":{"@id":"https:\/\/ruishengglassco.com\/#website"},"datePublished":"2025-03-15T03:21:24+00:00","dateModified":"2025-09-11T08:22:36+00:00","description":"Do you want to buy empty liquor bottles bulk from China glass spirit bottles manufacturer? Factory Outlet&Quality Assurance.","breadcrumb":{"@id":"https:\/\/ruishengglassco.com\/product\/700ml-empty-glass-bottles-bulk#breadcrumb"},"inLanguage":"it-IT","potentialAction":[{"@type":"ReadAction","target":["https:\/\/ruishengglassco.com\/product\/700ml-empty-glass-bottles-bulk"]}]},{"@type":"BreadcrumbList","@id":"https:\/\/ruishengglassco.com\/product\/700ml-empty-glass-bottles-bulk#breadcrumb","itemListElement":[{"@type":"ListItem","position":1,"name":"Home","item":"https:\/\/ruishengglassco.com\/"},{"@type":"ListItem","position":2,"name":"Products","item":"https:\/\/ruishengglassco.com\/products"},{"@type":"ListItem","position":3,"name":"700ml Empty Glass Bottles Bulk"}]},{"@type":"WebSite","@id":"https:\/\/ruishengglassco.com\/#website","url":"https:\/\/ruishengglassco.com\/","name":"Ruisheng Glass","description":"","publisher":{"@id":"https:\/\/ruishengglassco.com\/#organization"},"potentialAction":[{"@type":"SearchAction","target":{"@type":"EntryPoint","urlTemplate":"https:\/\/ruishengglassco.com\/?s={search_term_string}"},"query-input":"required name=search_term_string"}],"inLanguage":"it-IT"},{"@type":"Organization","@id":"https:\/\/ruishengglassco.com\/#organization","name":"Shandong Yuncheng Ruisheng Glass Co., Ltd","url":"https:\/\/ruishengglassco.com\/","logo":{"@type":"ImageObject","inLanguage":"it-IT","@id":"https:\/\/ruishengglassco.com\/#\/schema\/logo\/image\/","url":"https:\/\/ruishengglassco.com\/wp-content\/uploads\/2023\/09\/ruisheng_logo_icon.webp","contentUrl":"https:\/\/ruishengglassco.com\/wp-content\/uploads\/2023\/09\/ruisheng_logo_icon.webp","width":400,"height":233,"caption":"Shandong Yuncheng Ruisheng Glass Co., Ltd"},"image":{"@id":"https:\/\/ruishengglassco.com\/#\/schema\/logo\/image\/"},"sameAs":["https:\/\/www.facebook.com\/ruishengglassbottles","https:\/\/www.instagram.com\/Ruishengglassbottlewholesales\/","https:\/\/www.youtube.com\/channel\/UCMmbMNGwsL-XrtjfSFLCdVQ"]}]}},"_links":{"self":[{"href":"https:\/\/ruishengglassco.com\/it\/wp-json\/wp\/v2\/product\/4268","targetHints":{"allow":["GET"]}}],"collection":[{"href":"https:\/\/ruishengglassco.com\/it\/wp-json\/wp\/v2\/product"}],"about":[{"href":"https:\/\/ruishengglassco.com\/it\/wp-json\/wp\/v2\/types\/product"}],"replies":[{"embeddable":true,"href":"https:\/\/ruishengglassco.com\/it\/wp-json\/wp\/v2\/comments?post=4268"}],"wp:featuredmedia":[{"embeddable":true,"href":"https:\/\/ruishengglassco.com\/it\/wp-json\/wp\/v2\/media\/4269"}],"wp:attachment":[{"href":"https:\/\/ruishengglassco.com\/it\/wp-json\/wp\/v2\/media?parent=4268"}],"wp:term":[{"taxonomy":"product_cat","embeddable":true,"href":"https:\/\/ruishengglassco.com\/it\/wp-json\/wp\/v2\/product_cat?post=4268"}],"curies":[{"name":"wp","href":"https:\/\/api.w.org\/{rel}","templated":true}]}}