{"id":4258,"date":"2025-03-15T11:08:58","date_gmt":"2025-03-15T03:08:58","guid":{"rendered":"https:\/\/ruishengglassco.com\/?post_type=product&#038;p=4258"},"modified":"2025-03-26T14:55:45","modified_gmt":"2025-03-26T06:55:45","slug":"rs070-750ml-bottiglie-di-vetro-smerigliato-fabbrica","status":"publish","type":"product","link":"https:\/\/ruishengglassco.com\/it\/prodotto\/rs070-750ml-bottiglie-di-vetro-smerigliato-fabbrica","title":{"rendered":"RS070: 750ml bottiglie di vetro smerigliato fabbrica"},"content":{"rendered":"<p>Questa serie di bottiglie di vetro smerigliato 750ml all'ingrosso con tappi di sughero \u00e8 uno dei nostri prodotti di vendita caldi nel mondo. \u00c8 una forma comune nelle bottiglie di vetro per vodka da 750 ml. Ma abbiamo una dimensione pi\u00f9 piccola per questa forma di bottiglia di vetro, la sua capacit\u00e0 \u00e8 di 500ml.<\/p>\n<p>La nostra bottiglia di vetro smerigliato \u00e8 realizzata con materie prime di altissimo livello. Le bottiglie di vetro per liquori saranno molto chiare, lisce e non cos\u00ec fragili come altre bottiglie di vetro. Senza smerigliatura, si vedr\u00e0 che \u00e8 molto chiaro.<\/p>\n<p>Questa bottiglia di vetro da 750 ml all'ingrosso non \u00e8 una bottiglia di vetro leggera, ma ne riconoscerete la consistenza quando la prenderete in mano.<\/p>\n<h2>I dettagli della fabbrica di bottiglie di vetro smerigliato da 750 ml con tappi di sughero<\/h2>\n<p>Le informazioni della bottiglia di vetro come muggito:<\/p>\n<ul>\n<li>Materiale principale: Vetro ad alta selce<\/li>\n<li>Tappo: Sughero<\/li>\n<li>Riferimento: RS070<\/li>\n<li>MOQ: 10000 PCS<\/li>\n<li>Capacit\u00e0: 500ml 750ml<\/li>\n<li>Pezzi\/Ctn: 24 pezzi<\/li>\n<li>Origine del luogo: Shandong, Cina<\/li>\n<li>Caratteristiche: Eco-friendly<\/li>\n<\/ul>\n<h2>I tappi di sughero per questo 750ML bottiglie di vetro smerigliato Produttori<\/h2>\n<p>Per quanto riguarda il sughero per le bottiglie di vetro da 750 ml, la nostra fabbrica dispone di diversi tappi. Diversi materiali di sughero come sughero ad alto polimero, sughero complesso e sughero di legno. Sughero di colore diverso, come il sughero dorato, il sughero d'argento, il sughero nero e altri sugheri di colore.<\/p>\n<p>Questa bottiglia di vetro pu\u00f2 essere utilizzata per molti paesi, come America, Europa, Australia, Russia e cos\u00ec via. E abbiamo una cooperazione con molti clienti in tutto il mondo e ottenere una buona reputazione da loro.<\/p>\n<p>La nostra azienda ha investito 2 linee di produzione della pi\u00f9 avanzata macchina completamente automatica 8S, 3 linee di produzione di macchine manuali CNC, 4 linee di produzione di macchine semiautomatiche CNC. La nostra fabbrica dispone anche di 2 serie di macchine IS. La macchina 8S e le macchine CNC sono utilizzate per produrre bottiglie di vetro di prima qualit\u00e0 - bottiglie di vetro supper flint. La produzione giornaliera \u00e8 di 120.000 pezzi. Le macchine IS sono utilizzate per produrre bottiglie di vetro di grado medio e la loro produzione giornaliera \u00e8 di 200.000pz.<\/p>\n<p>In qualit\u00e0 di produttore e fornitore professionale di bottiglie di vetro per alcolici, possiamo anche produrre bottiglie di vetro personalizzate in base alle richieste del cliente. Se volete, potete dirci che cosa volete, organizzeremmo il nostro progettista per progettarlo per voi.<\/p>\n<p>Se volete ordinare le nostre bottiglie di vetro smerigliato da 750 ml all'ingrosso o volete informarvi sulla bottiglia di vetro personalizzata, contattateci e realizzeremo la bottiglia di cui avete bisogno.<\/p>\n<p>Oltre alle bottiglie di vetro smerigliato da 750 ml, disponiamo anche di bottiglie di vetro da 100 ml all'ingrosso, bottiglie di vetro da 250 ml con tappo, bottiglie di vetro trasparenti da 375 ml, piccole bottiglie di vetro da 50cl, bottiglie per liquori da 1000 ml e cos\u00ec via. Se volete informarvi sulle nostre bottiglie di vetro all'ingrosso, contattateci. Vi risponderemo al pi\u00f9 presto. Il nostro obiettivo \u00e8 quello di realizzare una bottiglia di vetro di alta qualit\u00e0 e di offrire il miglior servizio ai clienti di tutto il mondo.<\/p>","protected":false},"excerpt":{"rendered":"<table class=\"tg\" style=\"undefined;table-layout: fixed; width: 365px;\">\n<colgroup>\n<col style=\"width: 156px;\" \/>\n<col style=\"width: 209px;\" \/> <\/colgroup>\n<tbody>\n<tr>\n<th class=\"tg-wrg0\" colspan=\"2\">Bottiglie di vetro smerigliato all'ingrosso con tappi 750ml<\/th>\n<\/tr>\n<tr>\n<td class=\"tg-b7b8\">Materiale principale:<\/td>\n<td class=\"tg-b7b8\">Vetro alto di selce<\/td>\n<\/tr>\n<tr>\n<td class=\"tg-yw4l\">Cap:<\/td>\n<td class=\"tg-yw4l\">Sughero<\/td>\n<\/tr>\n<tr>\n<td class=\"tg-b7b8\">Capacit\u00e0:<\/td>\n<td class=\"tg-b7b8\">500ml 750ml<\/td>\n<\/tr>\n<tr>\n<td class=\"tg-yw4l\">Caratteristica:<\/td>\n<td class=\"tg-yw4l\">Eco-compatibile<\/td>\n<\/tr>\n<tr>\n<td class=\"tg-b7b8\">MOQ:<\/td>\n<td class=\"tg-b7b8\">10000 PCS<\/td>\n<\/tr>\n<tr>\n<td class=\"tg-yw4l\">Origine del luogo:<\/td>\n<td class=\"tg-yw4l\">Shandong, Cina<\/td>\n<\/tr>\n<tr>\n<td class=\"tg-b7b8\">Pezzi\/Ctn:<\/td>\n<td class=\"tg-b7b8\">24 pezzi<\/td>\n<\/tr>\n<tr>\n<td class=\"tg-yw4l\">Riferimento:<\/td>\n<td class=\"tg-yw4l\">RS070<\/td>\n<\/tr>\n<\/tbody>\n<\/table>","protected":false},"featured_media":4259,"comment_status":"closed","ping_status":"closed","template":"","meta":[],"product_cat":[40,52],"class_list":{"0":"post-4258","1":"product","2":"type-product","3":"status-publish","4":"has-post-thumbnail","6":"product_cat-750ml-liquor-bottle-manufacturer","7":"product_cat-vodka-bottle","9":"first","10":"instock","11":"shipping-taxable","12":"product-type-simple"},"yoast_head":"<!-- This site is optimized with the Yoast SEO plugin v22.0 - https:\/\/yoast.com\/wordpress\/plugins\/seo\/ -->\n<title>750ml Frosted Glass Bottles Factory | Glass Alcohol Bottles Supplier<\/title>\n<meta name=\"description\" content=\"Do you want to buy 750ml frosted glass bottles factory from China glass alcohol bottles suppliers? Factory Outlet&amp;Cheap Price Here.\" \/>\n<meta name=\"robots\" content=\"index, follow, max-snippet:-1, max-image-preview:large, max-video-preview:-1\" \/>\n<link rel=\"canonical\" href=\"https:\/\/ruishengglassco.com\/it\/prodotto\/rs070-750ml-bottiglie-di-vetro-smerigliato-fabbrica\" \/>\n<meta property=\"og:locale\" content=\"it_IT\" \/>\n<meta property=\"og:type\" content=\"article\" \/>\n<meta property=\"og:title\" content=\"750ml Frosted Glass Bottles Factory | Glass Alcohol Bottles Supplier\" \/>\n<meta property=\"og:description\" content=\"Do you want to buy 750ml frosted glass bottles factory from China glass alcohol bottles suppliers? Factory Outlet&amp;Cheap Price Here.\" \/>\n<meta property=\"og:url\" content=\"https:\/\/ruishengglassco.com\/it\/prodotto\/rs070-750ml-bottiglie-di-vetro-smerigliato-fabbrica\" \/>\n<meta property=\"article:publisher\" content=\"https:\/\/www.facebook.com\/ruishengglassbottles\" \/>\n<meta property=\"article:modified_time\" content=\"2025-03-26T06:55:45+00:00\" \/>\n<meta property=\"og:image\" content=\"https:\/\/ruishengglassco.com\/wp-content\/uploads\/2025\/03\/RS070-750ml-Frosted-Glass-Bottles-Wholesale.webp\" \/>\n\t<meta property=\"og:image:width\" content=\"800\" \/>\n\t<meta property=\"og:image:height\" content=\"800\" \/>\n\t<meta property=\"og:image:type\" content=\"image\/webp\" \/>\n<meta name=\"twitter:card\" content=\"summary_large_image\" \/>\n<meta name=\"twitter:label1\" content=\"Tempo di lettura stimato\" \/>\n\t<meta name=\"twitter:data1\" content=\"3 minuti\" \/>\n<script type=\"application\/ld+json\" class=\"yoast-schema-graph\">{\"@context\":\"https:\/\/schema.org\",\"@graph\":[{\"@type\":\"WebPage\",\"@id\":\"https:\/\/ruishengglassco.com\/product\/rs070-750ml-frosted-glass-bottles-factory\",\"url\":\"https:\/\/ruishengglassco.com\/product\/rs070-750ml-frosted-glass-bottles-factory\",\"name\":\"750ml Frosted Glass Bottles Factory | Glass Alcohol Bottles Supplier\",\"isPartOf\":{\"@id\":\"https:\/\/ruishengglassco.com\/#website\"},\"datePublished\":\"2025-03-15T03:08:58+00:00\",\"dateModified\":\"2025-03-26T06:55:45+00:00\",\"description\":\"Do you want to buy 750ml frosted glass bottles factory from China glass alcohol bottles suppliers? Factory Outlet&Cheap Price Here.\",\"breadcrumb\":{\"@id\":\"https:\/\/ruishengglassco.com\/product\/rs070-750ml-frosted-glass-bottles-factory#breadcrumb\"},\"inLanguage\":\"it-IT\",\"potentialAction\":[{\"@type\":\"ReadAction\",\"target\":[\"https:\/\/ruishengglassco.com\/product\/rs070-750ml-frosted-glass-bottles-factory\"]}]},{\"@type\":\"BreadcrumbList\",\"@id\":\"https:\/\/ruishengglassco.com\/product\/rs070-750ml-frosted-glass-bottles-factory#breadcrumb\",\"itemListElement\":[{\"@type\":\"ListItem\",\"position\":1,\"name\":\"Home\",\"item\":\"https:\/\/ruishengglassco.com\/\"},{\"@type\":\"ListItem\",\"position\":2,\"name\":\"Products\",\"item\":\"https:\/\/ruishengglassco.com\/products\"},{\"@type\":\"ListItem\",\"position\":3,\"name\":\"RS070: 750ml Frosted Glass Bottles Factory\"}]},{\"@type\":\"WebSite\",\"@id\":\"https:\/\/ruishengglassco.com\/#website\",\"url\":\"https:\/\/ruishengglassco.com\/\",\"name\":\"Ruisheng Glass\",\"description\":\"\",\"publisher\":{\"@id\":\"https:\/\/ruishengglassco.com\/#organization\"},\"potentialAction\":[{\"@type\":\"SearchAction\",\"target\":{\"@type\":\"EntryPoint\",\"urlTemplate\":\"https:\/\/ruishengglassco.com\/?s={search_term_string}\"},\"query-input\":\"required name=search_term_string\"}],\"inLanguage\":\"it-IT\"},{\"@type\":\"Organization\",\"@id\":\"https:\/\/ruishengglassco.com\/#organization\",\"name\":\"Shandong Yuncheng Ruisheng Glass Co., Ltd\",\"url\":\"https:\/\/ruishengglassco.com\/\",\"logo\":{\"@type\":\"ImageObject\",\"inLanguage\":\"it-IT\",\"@id\":\"https:\/\/ruishengglassco.com\/#\/schema\/logo\/image\/\",\"url\":\"https:\/\/ruishengglassco.com\/wp-content\/uploads\/2023\/09\/ruisheng_logo_icon.webp\",\"contentUrl\":\"https:\/\/ruishengglassco.com\/wp-content\/uploads\/2023\/09\/ruisheng_logo_icon.webp\",\"width\":400,\"height\":233,\"caption\":\"Shandong Yuncheng Ruisheng Glass Co., Ltd\"},\"image\":{\"@id\":\"https:\/\/ruishengglassco.com\/#\/schema\/logo\/image\/\"},\"sameAs\":[\"https:\/\/www.facebook.com\/ruishengglassbottles\",\"https:\/\/www.instagram.com\/Ruishengglassbottlewholesales\/\",\"https:\/\/www.youtube.com\/channel\/UCMmbMNGwsL-XrtjfSFLCdVQ\"]}]}<\/script>\n<!-- \/ Yoast SEO plugin. -->","yoast_head_json":{"title":"750ml Frosted Glass Bottles Factory | Glass Alcohol Bottles Supplier","description":"Do you want to buy 750ml frosted glass bottles factory from China glass alcohol bottles suppliers? Factory Outlet&Cheap Price Here.","robots":{"index":"index","follow":"follow","max-snippet":"max-snippet:-1","max-image-preview":"max-image-preview:large","max-video-preview":"max-video-preview:-1"},"canonical":"https:\/\/ruishengglassco.com\/it\/prodotto\/rs070-750ml-bottiglie-di-vetro-smerigliato-fabbrica","og_locale":"it_IT","og_type":"article","og_title":"750ml Frosted Glass Bottles Factory | Glass Alcohol Bottles Supplier","og_description":"Do you want to buy 750ml frosted glass bottles factory from China glass alcohol bottles suppliers? Factory Outlet&Cheap Price Here.","og_url":"https:\/\/ruishengglassco.com\/it\/prodotto\/rs070-750ml-bottiglie-di-vetro-smerigliato-fabbrica","article_publisher":"https:\/\/www.facebook.com\/ruishengglassbottles","article_modified_time":"2025-03-26T06:55:45+00:00","og_image":[{"width":800,"height":800,"url":"https:\/\/ruishengglassco.com\/wp-content\/uploads\/2025\/03\/RS070-750ml-Frosted-Glass-Bottles-Wholesale.webp","type":"image\/webp"}],"twitter_card":"summary_large_image","twitter_misc":{"Tempo di lettura stimato":"3 minuti"},"schema":{"@context":"https:\/\/schema.org","@graph":[{"@type":"WebPage","@id":"https:\/\/ruishengglassco.com\/product\/rs070-750ml-frosted-glass-bottles-factory","url":"https:\/\/ruishengglassco.com\/product\/rs070-750ml-frosted-glass-bottles-factory","name":"750ml Frosted Glass Bottles Factory | Glass Alcohol Bottles Supplier","isPartOf":{"@id":"https:\/\/ruishengglassco.com\/#website"},"datePublished":"2025-03-15T03:08:58+00:00","dateModified":"2025-03-26T06:55:45+00:00","description":"Do you want to buy 750ml frosted glass bottles factory from China glass alcohol bottles suppliers? Factory Outlet&Cheap Price Here.","breadcrumb":{"@id":"https:\/\/ruishengglassco.com\/product\/rs070-750ml-frosted-glass-bottles-factory#breadcrumb"},"inLanguage":"it-IT","potentialAction":[{"@type":"ReadAction","target":["https:\/\/ruishengglassco.com\/product\/rs070-750ml-frosted-glass-bottles-factory"]}]},{"@type":"BreadcrumbList","@id":"https:\/\/ruishengglassco.com\/product\/rs070-750ml-frosted-glass-bottles-factory#breadcrumb","itemListElement":[{"@type":"ListItem","position":1,"name":"Home","item":"https:\/\/ruishengglassco.com\/"},{"@type":"ListItem","position":2,"name":"Products","item":"https:\/\/ruishengglassco.com\/products"},{"@type":"ListItem","position":3,"name":"RS070: 750ml Frosted Glass Bottles Factory"}]},{"@type":"WebSite","@id":"https:\/\/ruishengglassco.com\/#website","url":"https:\/\/ruishengglassco.com\/","name":"Ruisheng Glass","description":"","publisher":{"@id":"https:\/\/ruishengglassco.com\/#organization"},"potentialAction":[{"@type":"SearchAction","target":{"@type":"EntryPoint","urlTemplate":"https:\/\/ruishengglassco.com\/?s={search_term_string}"},"query-input":"required name=search_term_string"}],"inLanguage":"it-IT"},{"@type":"Organization","@id":"https:\/\/ruishengglassco.com\/#organization","name":"Shandong Yuncheng Ruisheng Glass Co., Ltd","url":"https:\/\/ruishengglassco.com\/","logo":{"@type":"ImageObject","inLanguage":"it-IT","@id":"https:\/\/ruishengglassco.com\/#\/schema\/logo\/image\/","url":"https:\/\/ruishengglassco.com\/wp-content\/uploads\/2023\/09\/ruisheng_logo_icon.webp","contentUrl":"https:\/\/ruishengglassco.com\/wp-content\/uploads\/2023\/09\/ruisheng_logo_icon.webp","width":400,"height":233,"caption":"Shandong Yuncheng Ruisheng Glass Co., Ltd"},"image":{"@id":"https:\/\/ruishengglassco.com\/#\/schema\/logo\/image\/"},"sameAs":["https:\/\/www.facebook.com\/ruishengglassbottles","https:\/\/www.instagram.com\/Ruishengglassbottlewholesales\/","https:\/\/www.youtube.com\/channel\/UCMmbMNGwsL-XrtjfSFLCdVQ"]}]}},"_links":{"self":[{"href":"https:\/\/ruishengglassco.com\/it\/wp-json\/wp\/v2\/product\/4258","targetHints":{"allow":["GET"]}}],"collection":[{"href":"https:\/\/ruishengglassco.com\/it\/wp-json\/wp\/v2\/product"}],"about":[{"href":"https:\/\/ruishengglassco.com\/it\/wp-json\/wp\/v2\/types\/product"}],"replies":[{"embeddable":true,"href":"https:\/\/ruishengglassco.com\/it\/wp-json\/wp\/v2\/comments?post=4258"}],"wp:featuredmedia":[{"embeddable":true,"href":"https:\/\/ruishengglassco.com\/it\/wp-json\/wp\/v2\/media\/4259"}],"wp:attachment":[{"href":"https:\/\/ruishengglassco.com\/it\/wp-json\/wp\/v2\/media?parent=4258"}],"wp:term":[{"taxonomy":"product_cat","embeddable":true,"href":"https:\/\/ruishengglassco.com\/it\/wp-json\/wp\/v2\/product_cat?post=4258"}],"curies":[{"name":"wp","href":"https:\/\/api.w.org\/{rel}","templated":true}]}}