{"id":4254,"date":"2025-03-15T11:04:10","date_gmt":"2025-03-15T03:04:10","guid":{"rendered":"https:\/\/ruishengglassco.com\/?post_type=product&#038;p=4254"},"modified":"2025-07-17T14:14:16","modified_gmt":"2025-07-17T06:14:16","slug":"rs074-500ml-bottiglie-di-vetro-uniche-allingrosso","status":"publish","type":"product","link":"https:\/\/ruishengglassco.com\/it\/prodotto\/rs074-500ml-bottiglie-di-vetro-uniche-allingrosso","title":{"rendered":"RS074: Produttori di bottiglie di vetro uniche da 500ml"},"content":{"rendered":"<p>Le bottiglie di vetro uniche da 500 ml all'ingrosso sono prodotte in Cina. Questa bottiglia di vetro \u00e8 la casa perfetta non solo per il whisky, ma per tutti i tipi di liquori e altro ancora. Queste bottiglie di vetro speciali sono fatte da uno dei pi\u00f9 grandi fornitori di bottiglie di vetro-Ruisheng. Ed esporta in Europa, USA, Australia, America ecc.<\/p>\n<p>Le bottiglie di vetro da 500 ml, uniche nel loro genere, sono realizzate con macchine completamente automatiche. Ci sono 12 linee di produzione nella nostra fabbrica e la nostra produzione \u00e8 di circa 120.000 pezzi al giorno. Possiamo finire tutti gli ordini in tempo. Quindi non preoccupatevi del nostro tempo di consegna per le bottiglie di vetro.<\/p>\n<p>La nostra fabbrica offre bottiglie di vetro di alta qualit\u00e0 disponibili per una variet\u00e0 di usi: alimenti e bevande, confezioni all'ingrosso, bomboniere, artigianato e altro ancora. Sia che abbiate bisogno di confezioni per una nuova linea di prodotti per bevande, sia che vi servano per confezionare i vostri prodotti esistenti.<\/p>\n<h2>I dettagli di 500ml bottiglie di vetro unico all'ingrosso<\/h2>\n<p>Questa bottiglia di vetro unica da 500 ml \u00e8 realizzata con materiale di vetro ad alta resistenza che rende la bottiglia di vetro pi\u00f9 chiara, pi\u00f9 resistente e pi\u00f9 liscia. Il peso del vetro \u00e8 di 620 g e il fondo \u00e8 spesso.<\/p>\n<p>Possiamo effettuare un'elaborazione profonda su queste bottiglie di vetro all'ingrosso. Come il logo della decalcomania, glassato, il colore della pittura, l'etichetta dell'autoadesivo e l'altra elaborazione profonda sulle bottiglie di vetro. Possiamo anche offrire diversi colori e diverso materiale T-sughero per questo 500ml bottiglie di vetro unico all'ingrosso. Circa il colore di T - sughero, possiamo fare con colore rosso, colore dorato, colore d'argento e un altro colore personalizzato. Circa il materiale di T-sughero, possiamo offrire alto polimero sughero, sughero complesso, e sughero di legno.<\/p>\n<p>Poich\u00e9 siamo il produttore professionale di bottiglie di vetro, possiamo offrire le migliori bottiglie di vetro liquido per il cliente, non importa le bottiglie di vetro esistenti o le bottiglie di vetro personalizzate. E tutte le bottiglie di vetro hanno un prezzo ragionevole.<\/p>\n<p>Se volete acquistare bottiglie di vetro da 500 ml, bottiglie di vetro uniche o bottiglie di vetro personalizzate, contattateci. Faremo del nostro meglio per voi.<\/p>","protected":false},"excerpt":{"rendered":"<p>I nostri prodotti principali sono bottiglie di vetro di alta qualit\u00e0 come bottiglie di vodka, bottiglie di brandy, bottiglie di whisky, bottiglie di liquore, bottiglie di marmellata e cos\u00ec via. Possiamo anche offrire bottiglie di vetro ambrato, bottiglie verdi e bottiglie d'acqua. I nostri mercati principali sono l'Europa, gli Stati Uniti, l'Australia e l'America. Tutti i nostri prodotti sono noti per la loro innovazione e funzionalit\u00e0.<\/p>","protected":false},"featured_media":4255,"comment_status":"closed","ping_status":"closed","template":"","meta":[],"product_cat":[41],"class_list":{"0":"post-4254","1":"product","2":"type-product","3":"status-publish","4":"has-post-thumbnail","6":"product_cat-500ml-liquor-bottle-manufacturer","8":"first","9":"instock","10":"shipping-taxable","11":"product-type-simple"},"yoast_head":"<!-- This site is optimized with the Yoast SEO plugin v22.0 - https:\/\/yoast.com\/wordpress\/plugins\/seo\/ -->\n<title>500ml Unique Glass Bottles Manufacturers | China Alcohol Bottle Suppliers<\/title>\n<meta name=\"description\" content=\"Do you want to buy 500ml unique glass bottles Manufacturers from China Alcohol bottle suppliers? Factory Outlet&amp;Cheap Price. Custom Service Offered.\" \/>\n<meta name=\"robots\" content=\"index, follow, max-snippet:-1, max-image-preview:large, max-video-preview:-1\" \/>\n<link rel=\"canonical\" href=\"https:\/\/ruishengglassco.com\/it\/prodotto\/rs074-500ml-bottiglie-di-vetro-uniche-allingrosso\" \/>\n<meta property=\"og:locale\" content=\"it_IT\" \/>\n<meta property=\"og:type\" content=\"article\" \/>\n<meta property=\"og:title\" content=\"500ml Unique Glass Bottles Manufacturers | China Alcohol Bottle Suppliers\" \/>\n<meta property=\"og:description\" content=\"Do you want to buy 500ml unique glass bottles Manufacturers from China Alcohol bottle suppliers? Factory Outlet&amp;Cheap Price. Custom Service Offered.\" \/>\n<meta property=\"og:url\" content=\"https:\/\/ruishengglassco.com\/it\/prodotto\/rs074-500ml-bottiglie-di-vetro-uniche-allingrosso\" \/>\n<meta property=\"article:publisher\" content=\"https:\/\/www.facebook.com\/ruishengglassbottles\" \/>\n<meta property=\"article:modified_time\" content=\"2025-07-17T06:14:16+00:00\" \/>\n<meta property=\"og:image\" content=\"https:\/\/ruishengglassco.com\/wp-content\/uploads\/2025\/03\/RS074-500ml-Unique-Glass-Bottles-Wholesale.webp\" \/>\n\t<meta property=\"og:image:width\" content=\"800\" \/>\n\t<meta property=\"og:image:height\" content=\"800\" \/>\n\t<meta property=\"og:image:type\" content=\"image\/webp\" \/>\n<meta name=\"twitter:card\" content=\"summary_large_image\" \/>\n<meta name=\"twitter:label1\" content=\"Tempo di lettura stimato\" \/>\n\t<meta name=\"twitter:data1\" content=\"2 minuti\" \/>\n<script type=\"application\/ld+json\" class=\"yoast-schema-graph\">{\"@context\":\"https:\/\/schema.org\",\"@graph\":[{\"@type\":\"WebPage\",\"@id\":\"https:\/\/ruishengglassco.com\/product\/rs074-500ml-unique-glass-bottles-wholesale\",\"url\":\"https:\/\/ruishengglassco.com\/product\/rs074-500ml-unique-glass-bottles-wholesale\",\"name\":\"500ml Unique Glass Bottles Manufacturers | China Alcohol Bottle Suppliers\",\"isPartOf\":{\"@id\":\"https:\/\/ruishengglassco.com\/#website\"},\"datePublished\":\"2025-03-15T03:04:10+00:00\",\"dateModified\":\"2025-07-17T06:14:16+00:00\",\"description\":\"Do you want to buy 500ml unique glass bottles Manufacturers from China Alcohol bottle suppliers? Factory Outlet&Cheap Price. Custom Service Offered.\",\"breadcrumb\":{\"@id\":\"https:\/\/ruishengglassco.com\/product\/rs074-500ml-unique-glass-bottles-wholesale#breadcrumb\"},\"inLanguage\":\"it-IT\",\"potentialAction\":[{\"@type\":\"ReadAction\",\"target\":[\"https:\/\/ruishengglassco.com\/product\/rs074-500ml-unique-glass-bottles-wholesale\"]}]},{\"@type\":\"BreadcrumbList\",\"@id\":\"https:\/\/ruishengglassco.com\/product\/rs074-500ml-unique-glass-bottles-wholesale#breadcrumb\",\"itemListElement\":[{\"@type\":\"ListItem\",\"position\":1,\"name\":\"Home\",\"item\":\"https:\/\/ruishengglassco.com\/\"},{\"@type\":\"ListItem\",\"position\":2,\"name\":\"Products\",\"item\":\"https:\/\/ruishengglassco.com\/products\"},{\"@type\":\"ListItem\",\"position\":3,\"name\":\"RS074: 500ml Unique Glass Bottles Manufacturers\"}]},{\"@type\":\"WebSite\",\"@id\":\"https:\/\/ruishengglassco.com\/#website\",\"url\":\"https:\/\/ruishengglassco.com\/\",\"name\":\"Ruisheng Glass\",\"description\":\"\",\"publisher\":{\"@id\":\"https:\/\/ruishengglassco.com\/#organization\"},\"potentialAction\":[{\"@type\":\"SearchAction\",\"target\":{\"@type\":\"EntryPoint\",\"urlTemplate\":\"https:\/\/ruishengglassco.com\/?s={search_term_string}\"},\"query-input\":\"required name=search_term_string\"}],\"inLanguage\":\"it-IT\"},{\"@type\":\"Organization\",\"@id\":\"https:\/\/ruishengglassco.com\/#organization\",\"name\":\"Shandong Yuncheng Ruisheng Glass Co., Ltd\",\"url\":\"https:\/\/ruishengglassco.com\/\",\"logo\":{\"@type\":\"ImageObject\",\"inLanguage\":\"it-IT\",\"@id\":\"https:\/\/ruishengglassco.com\/#\/schema\/logo\/image\/\",\"url\":\"https:\/\/ruishengglassco.com\/wp-content\/uploads\/2023\/09\/ruisheng_logo_icon.webp\",\"contentUrl\":\"https:\/\/ruishengglassco.com\/wp-content\/uploads\/2023\/09\/ruisheng_logo_icon.webp\",\"width\":400,\"height\":233,\"caption\":\"Shandong Yuncheng Ruisheng Glass Co., Ltd\"},\"image\":{\"@id\":\"https:\/\/ruishengglassco.com\/#\/schema\/logo\/image\/\"},\"sameAs\":[\"https:\/\/www.facebook.com\/ruishengglassbottles\",\"https:\/\/www.instagram.com\/Ruishengglassbottlewholesales\/\",\"https:\/\/www.youtube.com\/channel\/UCMmbMNGwsL-XrtjfSFLCdVQ\"]}]}<\/script>\n<!-- \/ Yoast SEO plugin. -->","yoast_head_json":{"title":"500ml Unique Glass Bottles Manufacturers | China Alcohol Bottle Suppliers","description":"Do you want to buy 500ml unique glass bottles Manufacturers from China Alcohol bottle suppliers? Factory Outlet&Cheap Price. Custom Service Offered.","robots":{"index":"index","follow":"follow","max-snippet":"max-snippet:-1","max-image-preview":"max-image-preview:large","max-video-preview":"max-video-preview:-1"},"canonical":"https:\/\/ruishengglassco.com\/it\/prodotto\/rs074-500ml-bottiglie-di-vetro-uniche-allingrosso","og_locale":"it_IT","og_type":"article","og_title":"500ml Unique Glass Bottles Manufacturers | China Alcohol Bottle Suppliers","og_description":"Do you want to buy 500ml unique glass bottles Manufacturers from China Alcohol bottle suppliers? Factory Outlet&Cheap Price. Custom Service Offered.","og_url":"https:\/\/ruishengglassco.com\/it\/prodotto\/rs074-500ml-bottiglie-di-vetro-uniche-allingrosso","article_publisher":"https:\/\/www.facebook.com\/ruishengglassbottles","article_modified_time":"2025-07-17T06:14:16+00:00","og_image":[{"width":800,"height":800,"url":"https:\/\/ruishengglassco.com\/wp-content\/uploads\/2025\/03\/RS074-500ml-Unique-Glass-Bottles-Wholesale.webp","type":"image\/webp"}],"twitter_card":"summary_large_image","twitter_misc":{"Tempo di lettura stimato":"2 minuti"},"schema":{"@context":"https:\/\/schema.org","@graph":[{"@type":"WebPage","@id":"https:\/\/ruishengglassco.com\/product\/rs074-500ml-unique-glass-bottles-wholesale","url":"https:\/\/ruishengglassco.com\/product\/rs074-500ml-unique-glass-bottles-wholesale","name":"500ml Unique Glass Bottles Manufacturers | China Alcohol Bottle Suppliers","isPartOf":{"@id":"https:\/\/ruishengglassco.com\/#website"},"datePublished":"2025-03-15T03:04:10+00:00","dateModified":"2025-07-17T06:14:16+00:00","description":"Do you want to buy 500ml unique glass bottles Manufacturers from China Alcohol bottle suppliers? Factory Outlet&Cheap Price. Custom Service Offered.","breadcrumb":{"@id":"https:\/\/ruishengglassco.com\/product\/rs074-500ml-unique-glass-bottles-wholesale#breadcrumb"},"inLanguage":"it-IT","potentialAction":[{"@type":"ReadAction","target":["https:\/\/ruishengglassco.com\/product\/rs074-500ml-unique-glass-bottles-wholesale"]}]},{"@type":"BreadcrumbList","@id":"https:\/\/ruishengglassco.com\/product\/rs074-500ml-unique-glass-bottles-wholesale#breadcrumb","itemListElement":[{"@type":"ListItem","position":1,"name":"Home","item":"https:\/\/ruishengglassco.com\/"},{"@type":"ListItem","position":2,"name":"Products","item":"https:\/\/ruishengglassco.com\/products"},{"@type":"ListItem","position":3,"name":"RS074: 500ml Unique Glass Bottles Manufacturers"}]},{"@type":"WebSite","@id":"https:\/\/ruishengglassco.com\/#website","url":"https:\/\/ruishengglassco.com\/","name":"Ruisheng Glass","description":"","publisher":{"@id":"https:\/\/ruishengglassco.com\/#organization"},"potentialAction":[{"@type":"SearchAction","target":{"@type":"EntryPoint","urlTemplate":"https:\/\/ruishengglassco.com\/?s={search_term_string}"},"query-input":"required name=search_term_string"}],"inLanguage":"it-IT"},{"@type":"Organization","@id":"https:\/\/ruishengglassco.com\/#organization","name":"Shandong Yuncheng Ruisheng Glass Co., Ltd","url":"https:\/\/ruishengglassco.com\/","logo":{"@type":"ImageObject","inLanguage":"it-IT","@id":"https:\/\/ruishengglassco.com\/#\/schema\/logo\/image\/","url":"https:\/\/ruishengglassco.com\/wp-content\/uploads\/2023\/09\/ruisheng_logo_icon.webp","contentUrl":"https:\/\/ruishengglassco.com\/wp-content\/uploads\/2023\/09\/ruisheng_logo_icon.webp","width":400,"height":233,"caption":"Shandong Yuncheng Ruisheng Glass Co., Ltd"},"image":{"@id":"https:\/\/ruishengglassco.com\/#\/schema\/logo\/image\/"},"sameAs":["https:\/\/www.facebook.com\/ruishengglassbottles","https:\/\/www.instagram.com\/Ruishengglassbottlewholesales\/","https:\/\/www.youtube.com\/channel\/UCMmbMNGwsL-XrtjfSFLCdVQ"]}]}},"_links":{"self":[{"href":"https:\/\/ruishengglassco.com\/it\/wp-json\/wp\/v2\/product\/4254","targetHints":{"allow":["GET"]}}],"collection":[{"href":"https:\/\/ruishengglassco.com\/it\/wp-json\/wp\/v2\/product"}],"about":[{"href":"https:\/\/ruishengglassco.com\/it\/wp-json\/wp\/v2\/types\/product"}],"replies":[{"embeddable":true,"href":"https:\/\/ruishengglassco.com\/it\/wp-json\/wp\/v2\/comments?post=4254"}],"wp:featuredmedia":[{"embeddable":true,"href":"https:\/\/ruishengglassco.com\/it\/wp-json\/wp\/v2\/media\/4255"}],"wp:attachment":[{"href":"https:\/\/ruishengglassco.com\/it\/wp-json\/wp\/v2\/media?parent=4254"}],"wp:term":[{"taxonomy":"product_cat","embeddable":true,"href":"https:\/\/ruishengglassco.com\/it\/wp-json\/wp\/v2\/product_cat?post=4254"}],"curies":[{"name":"wp","href":"https:\/\/api.w.org\/{rel}","templated":true}]}}