{"id":4252,"date":"2025-03-15T11:00:36","date_gmt":"2025-03-15T03:00:36","guid":{"rendered":"https:\/\/ruishengglassco.com\/?post_type=product&#038;p=4252"},"modified":"2025-07-17T14:13:22","modified_gmt":"2025-07-17T06:13:22","slug":"rs075-500ml-bottiglie-di-vetro-con-tappo-in-sughero-allingrosso","status":"publish","type":"product","link":"https:\/\/ruishengglassco.com\/it\/prodotto\/rs075-500ml-bottiglie-di-vetro-con-tappo-in-sughero-allingrosso","title":{"rendered":"RS075: Produttori di bottiglie di vetro con tappo in sughero da 500 ml"},"content":{"rendered":"<h2>Informazioni dettagliate sui produttori di bottiglie di vetro con tappo in sughero da 500 ml<\/h2>\n<p>Il modello da 500 ml <strong>bottiglie di vetro con tappo in sughero all'ingrosso<\/strong> \u00e8 uno dei prodotti pi\u00f9 venduti nella nostra fabbrica. Questa bottiglia di vetro per liquori ha la forma di una torre, \u00e8 stretta in alto e larga in basso. La chiusura di queste bottiglie di vetro all'ingrosso \u00e8 sughero, colore nero, colore dorato, colore argento e altri colori sono disponibili. E 'principalmente progettato per l'imballaggio Gin.<\/p>\n<p>La societ\u00e0 Ruisheng Glass produce queste bottiglie di gin vuote da 500 ml. La nostra azienda si trova in una citt\u00e0 famosa per i suoi prodotti di imballaggio per bevande. In questa citt\u00e0 \u00e8 possibile trovare tutti i tipi di contenitori in vetro, chiusure, scatole di imballaggio e tutti i tipi di etichette. L'azienda Ruisheng si dedica ad offrire un servizio one-stop ai clienti, possiamo offrire una lavorazione profonda e la decorazione delle bottiglie di vetro con tappo.<\/p>\n<p>Nella nostra fabbrica ci sono 12 linee di produzione di bottiglie di vetro con tappi di sughero, tra cui macchine completamente automatiche e macchine semiautomatiche. Possiamo produrre 12 bottiglie di vetro per spiriti di tipo circa 10.000pcs al giorno e un totale di circa 120.000 pezzi al giorno. Non importa quante bottiglie di vetro vuote volete, possiamo produrle per voi in tempo.<\/p>\n<h2>I dettagli delle bottiglie di vetro con tappo in sughero da 500 ml<\/h2>\n<p>Il peso di queste bottiglie di vetro da 500 ml con tappo \u00e8 di 550 g. Il fondo \u00e8 sottile e il liquore all'interno \u00e8 ben visibile. Il diametro del fondo di questa bottiglia di vetro con tappo \u00e8 di 88 mm. L'altezza \u00e8 di 280 mm. Questa bottiglia di vetro \u00e8 dotata di chiusura in sughero. Il diametro interno superiore \u00e8 di 17,5 mm e il diametro esterno superiore \u00e8 di 28,5 mm. Questa bocca di bottiglie di vetro all'ingrosso \u00e8 adatta per il tappo a T standard. Circa il colore del tappo a T, possiamo offrire diversi colori a voi, come il nero, oro, argento e altri colori personalizzati. E per quanto riguarda il materiale del tappo a T, possiamo offrire sughero ad alto polimero, sughero complesso, sughero di legno e sughero di vetro.<\/p>\n<p>Se volete saperne di pi\u00f9 sulle nostre bottiglie di sughero o sulla nostra fabbrica, contattateci.<\/p>","protected":false},"excerpt":{"rendered":"<p><span data-preserver-spaces=\"true\">Ruisheng \u00e8 <\/span><span data-preserver-spaces=\"true\">a pro<\/span><span data-preserver-spaces=\"true\"> a <\/span><span data-preserver-spaces=\"true\">realizzazione<\/span><span data-preserver-spaces=\"true\"> bottiglie di liquore in vetro.<\/span> <span data-preserver-spaces=\"true\">Offrono <\/span><span data-preserver-spaces=\"true\">bottiglia di vetro con tappo in sughero<\/span><span data-preserver-spaces=\"true\"> servizi di vendita all'ingrosso per marchi e aziende di liquori.<\/span> <span data-preserver-spaces=\"true\">Questa serie <\/span><strong><span data-preserver-spaces=\"true\">di 500 ml <\/span><span data-preserver-spaces=\"true\">top in sughero<\/span><span data-preserver-spaces=\"true\"> bottiglie di vetro <\/span><span data-preserver-spaces=\"true\">all'ingrosso<\/span><\/strong><span data-preserver-spaces=\"true\"> \u00e8 uno dei prodotti pi\u00f9 venduti nella nostra fabbrica.<\/span> <span data-preserver-spaces=\"true\">Questa bottiglia di vetro per liquori <\/span><span data-preserver-spaces=\"true\">\u00e8 sagomato<\/span><span data-preserver-spaces=\"true\"> come una torre<\/span><span data-preserver-spaces=\"true\">\u00e8 stretto su<\/span><span data-preserver-spaces=\"true\"> la parte superiore e <\/span><span data-preserver-spaces=\"true\">ampio su<\/span><span data-preserver-spaces=\"true\"> il fondo.<\/span> <span data-preserver-spaces=\"true\">La chiusura di questa bottiglia di vetro all'ingrosso \u00e8 in sughero, nero <\/span><span data-preserver-spaces=\"true\">colore<\/span><span data-preserver-spaces=\"true\">, dorato <\/span><span data-preserver-spaces=\"true\">colore<\/span><span data-preserver-spaces=\"true\">, argento <\/span><span data-preserver-spaces=\"true\">colore<\/span><span data-preserver-spaces=\"true\">, <\/span><span data-preserver-spaces=\"true\">e<\/span><span data-preserver-spaces=\"true\"> altri colori <\/span><span data-preserver-spaces=\"true\">sono<\/span><span data-preserver-spaces=\"true\"> disponibile.<\/span><\/p>\n<div><strong><span class=\"mceItemHidden\"><span class=\"hiddenSpellError\">-<\/span><span class=\"hiddenSpellError\">MOQ<\/span>: 10000 PCS (circa 10000 <span class=\"hiddenSpellError\">pz<\/span>)<\/span><\/strong><\/div>\n<div><span class=\"mceItemHidden\"><span class=\"hiddenSpellError\">-Libero<\/span>\u00a0Campione offerto.<\/span><\/div>\n<div><span class=\"mceItemHidden\"><span class=\"hiddenSpellError\">-Globale<\/span>\u00a0Consegna entro 30 giorni.<\/span><\/div>\n<div><span class=\"mceItemHidden\"><span class=\"hiddenSpellError\">-OEM<\/span>\/Servizio offerto<\/span><\/div>\n<p>Se volete il prezzo delle bottiglie di vetro all'ingrosso con tappi di sughero, contattate il nostro team di vendita.<\/p>","protected":false},"featured_media":4253,"comment_status":"closed","ping_status":"closed","template":"","meta":[],"product_cat":[41,50],"class_list":{"0":"post-4252","1":"product","2":"type-product","3":"status-publish","4":"has-post-thumbnail","6":"product_cat-500ml-liquor-bottle-manufacturer","7":"product_cat-gin-bottle","9":"first","10":"instock","11":"shipping-taxable","12":"product-type-simple"},"yoast_head":"<!-- This site is optimized with the Yoast SEO plugin v22.0 - https:\/\/yoast.com\/wordpress\/plugins\/seo\/ -->\n<title>500ml Cork Top Glass Bottles Manufacturers | Empty Gin Bottle Suppliers<\/title>\n<meta name=\"description\" content=\"Buy 500ml Cork Top Glass Bottles Manufacturers From China Empty Gin Bottle Suppliers. Factory Outlet Price&amp;Free Sample Offered. Get Quote Here.\" \/>\n<meta name=\"robots\" content=\"index, follow, max-snippet:-1, max-image-preview:large, max-video-preview:-1\" \/>\n<link rel=\"canonical\" href=\"https:\/\/ruishengglassco.com\/it\/prodotto\/rs075-500ml-bottiglie-di-vetro-con-tappo-in-sughero-allingrosso\" \/>\n<meta property=\"og:locale\" content=\"it_IT\" \/>\n<meta property=\"og:type\" content=\"article\" \/>\n<meta property=\"og:title\" content=\"500ml Cork Top Glass Bottles Manufacturers | Empty Gin Bottle Suppliers\" \/>\n<meta property=\"og:description\" content=\"Buy 500ml Cork Top Glass Bottles Manufacturers From China Empty Gin Bottle Suppliers. Factory Outlet Price&amp;Free Sample Offered. Get Quote Here.\" \/>\n<meta property=\"og:url\" content=\"https:\/\/ruishengglassco.com\/it\/prodotto\/rs075-500ml-bottiglie-di-vetro-con-tappo-in-sughero-allingrosso\" \/>\n<meta property=\"article:publisher\" content=\"https:\/\/www.facebook.com\/ruishengglassbottles\" \/>\n<meta property=\"article:modified_time\" content=\"2025-07-17T06:13:22+00:00\" \/>\n<meta property=\"og:image\" content=\"https:\/\/ruishengglassco.com\/wp-content\/uploads\/2025\/03\/RS075-500ml-Cork-Top-Glass-Bottles-Wholesale.webp\" \/>\n\t<meta property=\"og:image:width\" content=\"460\" \/>\n\t<meta property=\"og:image:height\" content=\"460\" \/>\n\t<meta property=\"og:image:type\" content=\"image\/webp\" \/>\n<meta name=\"twitter:card\" content=\"summary_large_image\" \/>\n<meta name=\"twitter:label1\" content=\"Tempo di lettura stimato\" \/>\n\t<meta name=\"twitter:data1\" content=\"2 minuti\" \/>\n<script type=\"application\/ld+json\" class=\"yoast-schema-graph\">{\"@context\":\"https:\/\/schema.org\",\"@graph\":[{\"@type\":\"WebPage\",\"@id\":\"https:\/\/ruishengglassco.com\/product\/rs075-500ml-cork-top-glass-bottles-wholesale\",\"url\":\"https:\/\/ruishengglassco.com\/product\/rs075-500ml-cork-top-glass-bottles-wholesale\",\"name\":\"500ml Cork Top Glass Bottles Manufacturers | Empty Gin Bottle Suppliers\",\"isPartOf\":{\"@id\":\"https:\/\/ruishengglassco.com\/#website\"},\"datePublished\":\"2025-03-15T03:00:36+00:00\",\"dateModified\":\"2025-07-17T06:13:22+00:00\",\"description\":\"Buy 500ml Cork Top Glass Bottles Manufacturers From China Empty Gin Bottle Suppliers. Factory Outlet Price&Free Sample Offered. Get Quote Here.\",\"breadcrumb\":{\"@id\":\"https:\/\/ruishengglassco.com\/product\/rs075-500ml-cork-top-glass-bottles-wholesale#breadcrumb\"},\"inLanguage\":\"it-IT\",\"potentialAction\":[{\"@type\":\"ReadAction\",\"target\":[\"https:\/\/ruishengglassco.com\/product\/rs075-500ml-cork-top-glass-bottles-wholesale\"]}]},{\"@type\":\"BreadcrumbList\",\"@id\":\"https:\/\/ruishengglassco.com\/product\/rs075-500ml-cork-top-glass-bottles-wholesale#breadcrumb\",\"itemListElement\":[{\"@type\":\"ListItem\",\"position\":1,\"name\":\"Home\",\"item\":\"https:\/\/ruishengglassco.com\/\"},{\"@type\":\"ListItem\",\"position\":2,\"name\":\"Products\",\"item\":\"https:\/\/ruishengglassco.com\/products\"},{\"@type\":\"ListItem\",\"position\":3,\"name\":\"RS075: 500ml Cork Top Glass Bottles Manufacturers\"}]},{\"@type\":\"WebSite\",\"@id\":\"https:\/\/ruishengglassco.com\/#website\",\"url\":\"https:\/\/ruishengglassco.com\/\",\"name\":\"Ruisheng Glass\",\"description\":\"\",\"publisher\":{\"@id\":\"https:\/\/ruishengglassco.com\/#organization\"},\"potentialAction\":[{\"@type\":\"SearchAction\",\"target\":{\"@type\":\"EntryPoint\",\"urlTemplate\":\"https:\/\/ruishengglassco.com\/?s={search_term_string}\"},\"query-input\":\"required name=search_term_string\"}],\"inLanguage\":\"it-IT\"},{\"@type\":\"Organization\",\"@id\":\"https:\/\/ruishengglassco.com\/#organization\",\"name\":\"Shandong Yuncheng Ruisheng Glass Co., Ltd\",\"url\":\"https:\/\/ruishengglassco.com\/\",\"logo\":{\"@type\":\"ImageObject\",\"inLanguage\":\"it-IT\",\"@id\":\"https:\/\/ruishengglassco.com\/#\/schema\/logo\/image\/\",\"url\":\"https:\/\/ruishengglassco.com\/wp-content\/uploads\/2023\/09\/ruisheng_logo_icon.webp\",\"contentUrl\":\"https:\/\/ruishengglassco.com\/wp-content\/uploads\/2023\/09\/ruisheng_logo_icon.webp\",\"width\":400,\"height\":233,\"caption\":\"Shandong Yuncheng Ruisheng Glass Co., Ltd\"},\"image\":{\"@id\":\"https:\/\/ruishengglassco.com\/#\/schema\/logo\/image\/\"},\"sameAs\":[\"https:\/\/www.facebook.com\/ruishengglassbottles\",\"https:\/\/www.instagram.com\/Ruishengglassbottlewholesales\/\",\"https:\/\/www.youtube.com\/channel\/UCMmbMNGwsL-XrtjfSFLCdVQ\"]}]}<\/script>\n<!-- \/ Yoast SEO plugin. -->","yoast_head_json":{"title":"500ml Cork Top Glass Bottles Manufacturers | Empty Gin Bottle Suppliers","description":"Buy 500ml Cork Top Glass Bottles Manufacturers From China Empty Gin Bottle Suppliers. Factory Outlet Price&Free Sample Offered. Get Quote Here.","robots":{"index":"index","follow":"follow","max-snippet":"max-snippet:-1","max-image-preview":"max-image-preview:large","max-video-preview":"max-video-preview:-1"},"canonical":"https:\/\/ruishengglassco.com\/it\/prodotto\/rs075-500ml-bottiglie-di-vetro-con-tappo-in-sughero-allingrosso","og_locale":"it_IT","og_type":"article","og_title":"500ml Cork Top Glass Bottles Manufacturers | Empty Gin Bottle Suppliers","og_description":"Buy 500ml Cork Top Glass Bottles Manufacturers From China Empty Gin Bottle Suppliers. Factory Outlet Price&Free Sample Offered. Get Quote Here.","og_url":"https:\/\/ruishengglassco.com\/it\/prodotto\/rs075-500ml-bottiglie-di-vetro-con-tappo-in-sughero-allingrosso","article_publisher":"https:\/\/www.facebook.com\/ruishengglassbottles","article_modified_time":"2025-07-17T06:13:22+00:00","og_image":[{"width":460,"height":460,"url":"https:\/\/ruishengglassco.com\/wp-content\/uploads\/2025\/03\/RS075-500ml-Cork-Top-Glass-Bottles-Wholesale.webp","type":"image\/webp"}],"twitter_card":"summary_large_image","twitter_misc":{"Tempo di lettura stimato":"2 minuti"},"schema":{"@context":"https:\/\/schema.org","@graph":[{"@type":"WebPage","@id":"https:\/\/ruishengglassco.com\/product\/rs075-500ml-cork-top-glass-bottles-wholesale","url":"https:\/\/ruishengglassco.com\/product\/rs075-500ml-cork-top-glass-bottles-wholesale","name":"500ml Cork Top Glass Bottles Manufacturers | Empty Gin Bottle Suppliers","isPartOf":{"@id":"https:\/\/ruishengglassco.com\/#website"},"datePublished":"2025-03-15T03:00:36+00:00","dateModified":"2025-07-17T06:13:22+00:00","description":"Buy 500ml Cork Top Glass Bottles Manufacturers From China Empty Gin Bottle Suppliers. Factory Outlet Price&Free Sample Offered. Get Quote Here.","breadcrumb":{"@id":"https:\/\/ruishengglassco.com\/product\/rs075-500ml-cork-top-glass-bottles-wholesale#breadcrumb"},"inLanguage":"it-IT","potentialAction":[{"@type":"ReadAction","target":["https:\/\/ruishengglassco.com\/product\/rs075-500ml-cork-top-glass-bottles-wholesale"]}]},{"@type":"BreadcrumbList","@id":"https:\/\/ruishengglassco.com\/product\/rs075-500ml-cork-top-glass-bottles-wholesale#breadcrumb","itemListElement":[{"@type":"ListItem","position":1,"name":"Home","item":"https:\/\/ruishengglassco.com\/"},{"@type":"ListItem","position":2,"name":"Products","item":"https:\/\/ruishengglassco.com\/products"},{"@type":"ListItem","position":3,"name":"RS075: 500ml Cork Top Glass Bottles Manufacturers"}]},{"@type":"WebSite","@id":"https:\/\/ruishengglassco.com\/#website","url":"https:\/\/ruishengglassco.com\/","name":"Ruisheng Glass","description":"","publisher":{"@id":"https:\/\/ruishengglassco.com\/#organization"},"potentialAction":[{"@type":"SearchAction","target":{"@type":"EntryPoint","urlTemplate":"https:\/\/ruishengglassco.com\/?s={search_term_string}"},"query-input":"required name=search_term_string"}],"inLanguage":"it-IT"},{"@type":"Organization","@id":"https:\/\/ruishengglassco.com\/#organization","name":"Shandong Yuncheng Ruisheng Glass Co., Ltd","url":"https:\/\/ruishengglassco.com\/","logo":{"@type":"ImageObject","inLanguage":"it-IT","@id":"https:\/\/ruishengglassco.com\/#\/schema\/logo\/image\/","url":"https:\/\/ruishengglassco.com\/wp-content\/uploads\/2023\/09\/ruisheng_logo_icon.webp","contentUrl":"https:\/\/ruishengglassco.com\/wp-content\/uploads\/2023\/09\/ruisheng_logo_icon.webp","width":400,"height":233,"caption":"Shandong Yuncheng Ruisheng Glass Co., Ltd"},"image":{"@id":"https:\/\/ruishengglassco.com\/#\/schema\/logo\/image\/"},"sameAs":["https:\/\/www.facebook.com\/ruishengglassbottles","https:\/\/www.instagram.com\/Ruishengglassbottlewholesales\/","https:\/\/www.youtube.com\/channel\/UCMmbMNGwsL-XrtjfSFLCdVQ"]}]}},"_links":{"self":[{"href":"https:\/\/ruishengglassco.com\/it\/wp-json\/wp\/v2\/product\/4252","targetHints":{"allow":["GET"]}}],"collection":[{"href":"https:\/\/ruishengglassco.com\/it\/wp-json\/wp\/v2\/product"}],"about":[{"href":"https:\/\/ruishengglassco.com\/it\/wp-json\/wp\/v2\/types\/product"}],"replies":[{"embeddable":true,"href":"https:\/\/ruishengglassco.com\/it\/wp-json\/wp\/v2\/comments?post=4252"}],"wp:featuredmedia":[{"embeddable":true,"href":"https:\/\/ruishengglassco.com\/it\/wp-json\/wp\/v2\/media\/4253"}],"wp:attachment":[{"href":"https:\/\/ruishengglassco.com\/it\/wp-json\/wp\/v2\/media?parent=4252"}],"wp:term":[{"taxonomy":"product_cat","embeddable":true,"href":"https:\/\/ruishengglassco.com\/it\/wp-json\/wp\/v2\/product_cat?post=4252"}],"curies":[{"name":"wp","href":"https:\/\/api.w.org\/{rel}","templated":true}]}}