{"id":4250,"date":"2025-03-15T10:55:41","date_gmt":"2025-03-15T02:55:41","guid":{"rendered":"https:\/\/ruishengglassco.com\/?post_type=product&#038;p=4250"},"modified":"2025-07-17T14:11:37","modified_gmt":"2025-07-17T06:11:37","slug":"rs077-16-oz-bottiglie-di-vetro-con-tappi-allingrosso","status":"publish","type":"product","link":"https:\/\/ruishengglassco.com\/it\/prodotto\/rs077-16-oz-bottiglie-di-vetro-con-tappi-allingrosso","title":{"rendered":"RS077: Bottiglie di vetro da 16 OZ con tappi di sughero Produttori"},"content":{"rendered":"<p>Il 16 OZ bottiglie di vetro all'ingrosso \u00e8 fatto in Shandong Yuncheng Ruisheng Glass Co. La nostra azienda \u00e8 una delle pi\u00f9 grandi fabbriche di bottiglie di vetro super flint in Cina.<\/p>\n<p>Questa bottiglia di vetro vuota \u00e8 progettata principalmente per la tequila; le sue forme, come la calabash, sono realizzate con materiale di vetro ad alta resistenza che rende la bottiglia di vetro pi\u00f9 chiara, pi\u00f9 resistente e pi\u00f9 liscia.<\/p>\n<p>La nostra azienda ha pi\u00f9 di 500 dipendenti e un gruppo di ingegneri specializzati. Con una ricca esperienza, abbiamo ottenuto una buona reputazione in tutto il mondo.<\/p>\n<p>I nostri prodotti principali sono bottiglie di vetro di qualit\u00e0 superiore come bottiglie di vodka, bottiglie di brandy, bottiglie di whisky, bottiglie di liquore, bottiglie di marmellata e cos\u00ec via. Possiamo anche offrire bottiglie di vetro ambrato, bottiglie verdi e bottiglie d'acqua. Il nostro mercato principale \u00e8 l'Europa, gli Stati Uniti, l'Australia, l'America, ecc. Tutti i prodotti godono di un'ottima reputazione per innovazione e funzionalit\u00e0.<\/p>\n<h2>Dettagli su 16 OZ bottiglie di vetro all'ingrosso<\/h2>\n<ul>\n<li>Materiale principale: vetro ad alta percentuale di selce<\/li>\n<li>Cappello: Tappo Guala<\/li>\n<li>Riferimento: RS077<\/li>\n<li>MOQ: 10000 PCS<\/li>\n<li>Capacit\u00e0: 500 ml<\/li>\n<li>Pz\/Ctn:24pz<\/li>\n<li>Origine del luogo: Shandong, Cina<\/li>\n<li>Caratteristiche: Eco-friendly<\/li>\n<\/ul>\n<p>Se volete ottenere i prezzi delle bottiglie di tequila personalizzate, contattateci. Vi risponderemo entro 24 ore.<\/p>","protected":false},"excerpt":{"rendered":"<p>Le bottiglie di spirito personalizzate da 500 ml (bottiglie di vetro da 16 once all'ingrosso) sono appositamente progettate per l'imballaggio della tequila. Il design unico della forma la fa risaltare per catturare gli occhi degli acquirenti.<\/p>\n<ul>\n<li><b>Servizio OEM\/ODM con campione gratuito. MOQ: 10000 PCS\u00a0<\/b><\/li>\n<li>Peso della bottiglia: 640 g<\/li>\n<li>Altezza della bottiglia: 220 mm<\/li>\n<li>Diametro della bottiglia: 90 mm<\/li>\n<\/ul>\n<p>Se si desidera personalizzare una bottiglia di tequila fantasia prezzo, si prega di contattarci. Possiamo accettare un ordine di prova come primo ordine.<\/p>","protected":false},"featured_media":4251,"comment_status":"closed","ping_status":"closed","template":"","meta":[],"product_cat":[41,45,46],"class_list":{"0":"post-4250","1":"product","2":"type-product","3":"status-publish","4":"has-post-thumbnail","6":"product_cat-500ml-liquor-bottle-manufacturer","7":"product_cat-custom-glass-bottle","8":"product_cat-tequila-bottle","10":"first","11":"instock","12":"shipping-taxable","13":"product-type-simple"},"yoast_head":"<!-- This site is optimized with the Yoast SEO plugin v22.0 - https:\/\/yoast.com\/wordpress\/plugins\/seo\/ -->\n<title>16 OZ Glass Bottles Manufacturers | Custom Fancy Tequila Bottle Price<\/title>\n<meta name=\"description\" content=\"Do you want to buy 16 oz glass bottles wholesale for tequila from China glass bottle manufacturer, click here to get custom fancy tequila bottle price.\" \/>\n<meta name=\"robots\" content=\"index, follow, max-snippet:-1, max-image-preview:large, max-video-preview:-1\" \/>\n<link rel=\"canonical\" href=\"https:\/\/ruishengglassco.com\/it\/prodotto\/rs077-16-oz-bottiglie-di-vetro-con-tappi-allingrosso\" \/>\n<meta property=\"og:locale\" content=\"it_IT\" \/>\n<meta property=\"og:type\" content=\"article\" \/>\n<meta property=\"og:title\" content=\"16 OZ Glass Bottles Manufacturers | Custom Fancy Tequila Bottle Price\" \/>\n<meta property=\"og:description\" content=\"Do you want to buy 16 oz glass bottles wholesale for tequila from China glass bottle manufacturer, click here to get custom fancy tequila bottle price.\" \/>\n<meta property=\"og:url\" content=\"https:\/\/ruishengglassco.com\/it\/prodotto\/rs077-16-oz-bottiglie-di-vetro-con-tappi-allingrosso\" \/>\n<meta property=\"article:publisher\" content=\"https:\/\/www.facebook.com\/ruishengglassbottles\" \/>\n<meta property=\"article:modified_time\" content=\"2025-07-17T06:11:37+00:00\" \/>\n<meta property=\"og:image\" content=\"https:\/\/ruishengglassco.com\/wp-content\/uploads\/2025\/03\/RS077-16-OZ-Glass-Bottles-With-Corks-Wholesale.webp\" \/>\n\t<meta property=\"og:image:width\" content=\"460\" \/>\n\t<meta property=\"og:image:height\" content=\"460\" \/>\n\t<meta property=\"og:image:type\" content=\"image\/webp\" \/>\n<meta name=\"twitter:card\" content=\"summary_large_image\" \/>\n<meta name=\"twitter:label1\" content=\"Tempo di lettura stimato\" \/>\n\t<meta name=\"twitter:data1\" content=\"2 minuti\" \/>\n<script type=\"application\/ld+json\" class=\"yoast-schema-graph\">{\"@context\":\"https:\/\/schema.org\",\"@graph\":[{\"@type\":\"WebPage\",\"@id\":\"https:\/\/ruishengglassco.com\/product\/rs077-16-oz-glass-bottles-with-corks-wholesale\",\"url\":\"https:\/\/ruishengglassco.com\/product\/rs077-16-oz-glass-bottles-with-corks-wholesale\",\"name\":\"16 OZ Glass Bottles Manufacturers | Custom Fancy Tequila Bottle Price\",\"isPartOf\":{\"@id\":\"https:\/\/ruishengglassco.com\/#website\"},\"datePublished\":\"2025-03-15T02:55:41+00:00\",\"dateModified\":\"2025-07-17T06:11:37+00:00\",\"description\":\"Do you want to buy 16 oz glass bottles wholesale for tequila from China glass bottle manufacturer, click here to get custom fancy tequila bottle price.\",\"breadcrumb\":{\"@id\":\"https:\/\/ruishengglassco.com\/product\/rs077-16-oz-glass-bottles-with-corks-wholesale#breadcrumb\"},\"inLanguage\":\"it-IT\",\"potentialAction\":[{\"@type\":\"ReadAction\",\"target\":[\"https:\/\/ruishengglassco.com\/product\/rs077-16-oz-glass-bottles-with-corks-wholesale\"]}]},{\"@type\":\"BreadcrumbList\",\"@id\":\"https:\/\/ruishengglassco.com\/product\/rs077-16-oz-glass-bottles-with-corks-wholesale#breadcrumb\",\"itemListElement\":[{\"@type\":\"ListItem\",\"position\":1,\"name\":\"Home\",\"item\":\"https:\/\/ruishengglassco.com\/\"},{\"@type\":\"ListItem\",\"position\":2,\"name\":\"Products\",\"item\":\"https:\/\/ruishengglassco.com\/products\"},{\"@type\":\"ListItem\",\"position\":3,\"name\":\"RS077: 16 OZ Glass Bottles With Corks Manufacturers\"}]},{\"@type\":\"WebSite\",\"@id\":\"https:\/\/ruishengglassco.com\/#website\",\"url\":\"https:\/\/ruishengglassco.com\/\",\"name\":\"Ruisheng Glass\",\"description\":\"\",\"publisher\":{\"@id\":\"https:\/\/ruishengglassco.com\/#organization\"},\"potentialAction\":[{\"@type\":\"SearchAction\",\"target\":{\"@type\":\"EntryPoint\",\"urlTemplate\":\"https:\/\/ruishengglassco.com\/?s={search_term_string}\"},\"query-input\":\"required name=search_term_string\"}],\"inLanguage\":\"it-IT\"},{\"@type\":\"Organization\",\"@id\":\"https:\/\/ruishengglassco.com\/#organization\",\"name\":\"Shandong Yuncheng Ruisheng Glass Co., Ltd\",\"url\":\"https:\/\/ruishengglassco.com\/\",\"logo\":{\"@type\":\"ImageObject\",\"inLanguage\":\"it-IT\",\"@id\":\"https:\/\/ruishengglassco.com\/#\/schema\/logo\/image\/\",\"url\":\"https:\/\/ruishengglassco.com\/wp-content\/uploads\/2023\/09\/ruisheng_logo_icon.webp\",\"contentUrl\":\"https:\/\/ruishengglassco.com\/wp-content\/uploads\/2023\/09\/ruisheng_logo_icon.webp\",\"width\":400,\"height\":233,\"caption\":\"Shandong Yuncheng Ruisheng Glass Co., Ltd\"},\"image\":{\"@id\":\"https:\/\/ruishengglassco.com\/#\/schema\/logo\/image\/\"},\"sameAs\":[\"https:\/\/www.facebook.com\/ruishengglassbottles\",\"https:\/\/www.instagram.com\/Ruishengglassbottlewholesales\/\",\"https:\/\/www.youtube.com\/channel\/UCMmbMNGwsL-XrtjfSFLCdVQ\"]}]}<\/script>\n<!-- \/ Yoast SEO plugin. -->","yoast_head_json":{"title":"16 OZ Glass Bottles Manufacturers | Custom Fancy Tequila Bottle Price","description":"Do you want to buy 16 oz glass bottles wholesale for tequila from China glass bottle manufacturer, click here to get custom fancy tequila bottle price.","robots":{"index":"index","follow":"follow","max-snippet":"max-snippet:-1","max-image-preview":"max-image-preview:large","max-video-preview":"max-video-preview:-1"},"canonical":"https:\/\/ruishengglassco.com\/it\/prodotto\/rs077-16-oz-bottiglie-di-vetro-con-tappi-allingrosso","og_locale":"it_IT","og_type":"article","og_title":"16 OZ Glass Bottles Manufacturers | Custom Fancy Tequila Bottle Price","og_description":"Do you want to buy 16 oz glass bottles wholesale for tequila from China glass bottle manufacturer, click here to get custom fancy tequila bottle price.","og_url":"https:\/\/ruishengglassco.com\/it\/prodotto\/rs077-16-oz-bottiglie-di-vetro-con-tappi-allingrosso","article_publisher":"https:\/\/www.facebook.com\/ruishengglassbottles","article_modified_time":"2025-07-17T06:11:37+00:00","og_image":[{"width":460,"height":460,"url":"https:\/\/ruishengglassco.com\/wp-content\/uploads\/2025\/03\/RS077-16-OZ-Glass-Bottles-With-Corks-Wholesale.webp","type":"image\/webp"}],"twitter_card":"summary_large_image","twitter_misc":{"Tempo di lettura stimato":"2 minuti"},"schema":{"@context":"https:\/\/schema.org","@graph":[{"@type":"WebPage","@id":"https:\/\/ruishengglassco.com\/product\/rs077-16-oz-glass-bottles-with-corks-wholesale","url":"https:\/\/ruishengglassco.com\/product\/rs077-16-oz-glass-bottles-with-corks-wholesale","name":"16 OZ Glass Bottles Manufacturers | Custom Fancy Tequila Bottle Price","isPartOf":{"@id":"https:\/\/ruishengglassco.com\/#website"},"datePublished":"2025-03-15T02:55:41+00:00","dateModified":"2025-07-17T06:11:37+00:00","description":"Do you want to buy 16 oz glass bottles wholesale for tequila from China glass bottle manufacturer, click here to get custom fancy tequila bottle price.","breadcrumb":{"@id":"https:\/\/ruishengglassco.com\/product\/rs077-16-oz-glass-bottles-with-corks-wholesale#breadcrumb"},"inLanguage":"it-IT","potentialAction":[{"@type":"ReadAction","target":["https:\/\/ruishengglassco.com\/product\/rs077-16-oz-glass-bottles-with-corks-wholesale"]}]},{"@type":"BreadcrumbList","@id":"https:\/\/ruishengglassco.com\/product\/rs077-16-oz-glass-bottles-with-corks-wholesale#breadcrumb","itemListElement":[{"@type":"ListItem","position":1,"name":"Home","item":"https:\/\/ruishengglassco.com\/"},{"@type":"ListItem","position":2,"name":"Products","item":"https:\/\/ruishengglassco.com\/products"},{"@type":"ListItem","position":3,"name":"RS077: 16 OZ Glass Bottles With Corks Manufacturers"}]},{"@type":"WebSite","@id":"https:\/\/ruishengglassco.com\/#website","url":"https:\/\/ruishengglassco.com\/","name":"Ruisheng Glass","description":"","publisher":{"@id":"https:\/\/ruishengglassco.com\/#organization"},"potentialAction":[{"@type":"SearchAction","target":{"@type":"EntryPoint","urlTemplate":"https:\/\/ruishengglassco.com\/?s={search_term_string}"},"query-input":"required name=search_term_string"}],"inLanguage":"it-IT"},{"@type":"Organization","@id":"https:\/\/ruishengglassco.com\/#organization","name":"Shandong Yuncheng Ruisheng Glass Co., Ltd","url":"https:\/\/ruishengglassco.com\/","logo":{"@type":"ImageObject","inLanguage":"it-IT","@id":"https:\/\/ruishengglassco.com\/#\/schema\/logo\/image\/","url":"https:\/\/ruishengglassco.com\/wp-content\/uploads\/2023\/09\/ruisheng_logo_icon.webp","contentUrl":"https:\/\/ruishengglassco.com\/wp-content\/uploads\/2023\/09\/ruisheng_logo_icon.webp","width":400,"height":233,"caption":"Shandong Yuncheng Ruisheng Glass Co., Ltd"},"image":{"@id":"https:\/\/ruishengglassco.com\/#\/schema\/logo\/image\/"},"sameAs":["https:\/\/www.facebook.com\/ruishengglassbottles","https:\/\/www.instagram.com\/Ruishengglassbottlewholesales\/","https:\/\/www.youtube.com\/channel\/UCMmbMNGwsL-XrtjfSFLCdVQ"]}]}},"_links":{"self":[{"href":"https:\/\/ruishengglassco.com\/it\/wp-json\/wp\/v2\/product\/4250","targetHints":{"allow":["GET"]}}],"collection":[{"href":"https:\/\/ruishengglassco.com\/it\/wp-json\/wp\/v2\/product"}],"about":[{"href":"https:\/\/ruishengglassco.com\/it\/wp-json\/wp\/v2\/types\/product"}],"replies":[{"embeddable":true,"href":"https:\/\/ruishengglassco.com\/it\/wp-json\/wp\/v2\/comments?post=4250"}],"wp:featuredmedia":[{"embeddable":true,"href":"https:\/\/ruishengglassco.com\/it\/wp-json\/wp\/v2\/media\/4251"}],"wp:attachment":[{"href":"https:\/\/ruishengglassco.com\/it\/wp-json\/wp\/v2\/media?parent=4250"}],"wp:term":[{"taxonomy":"product_cat","embeddable":true,"href":"https:\/\/ruishengglassco.com\/it\/wp-json\/wp\/v2\/product_cat?post=4250"}],"curies":[{"name":"wp","href":"https:\/\/api.w.org\/{rel}","templated":true}]}}