{"id":4246,"date":"2025-03-15T10:47:47","date_gmt":"2025-03-15T02:47:47","guid":{"rendered":"https:\/\/ruishengglassco.com\/?post_type=product&#038;p=4246"},"modified":"2025-09-11T16:19:06","modified_gmt":"2025-09-11T08:19:06","slug":"rs079-500ml-bottiglia-di-vetro-con-tappo-allingrosso","status":"publish","type":"product","link":"https:\/\/ruishengglassco.com\/it\/prodotto\/rs079-500ml-bottiglia-di-vetro-con-tappo-allingrosso","title":{"rendered":"RS079: Bottiglia di vetro da 500 ml con tappo Produttori"},"content":{"rendered":"<p>La bottiglia di vetro da 500 ml con tappo all'ingrosso \u00e8 prodotta da Shandong Yuncheng Ruisheng Glass Co. \u00c8 uno dei nostri prodotti di vendita caldi. Il materiale di questa bottiglia di vetro \u00e8 materiale super selce.<\/p>\n<p>La bottiglia di vetro Ruisheng in vendita \u00e8 realizzata con materiale di vetro ad alta resistenza che rende la bottiglia di vetro pi\u00f9 chiara, pi\u00f9 resistente e pi\u00f9 liscia. Se vi piace il design di questa bottiglia, ma non siete soddisfatti della sua capacit\u00e0, possiamo cambiare la capacit\u00e0.<\/p>\n<p>I nostri prodotti principali sono bottiglie di vetro di qualit\u00e0 superiore con tappi come bottiglie di vodka, bottiglie di brandy, bottiglie di whisky, bottiglie di liquore, bottiglie di marmellata e cos\u00ec via. Possiamo anche offrire bottiglie di vetro ambrato, bottiglie verdi e bottiglie d'acqua. L'ordine OEM e ODM \u00e8 benvenuto, siamo lieti di progettare o produrre le vostre bottiglie personalizzate, esattamente come la vostra idea e disegno. Quello che vogliamo fare \u00e8 fornire un servizio one-stop ad ogni amico.<\/p>\n<p>La produzione di bottiglie di vetro da 500 ml all'ingrosso \u00e8 stata rigorosamente selezionata dai materiali, portiamo materiali dal paese d'origine, inoltre, utilizziamo macchine avanzate per elaborare e produrre bottiglie di vetro.<\/p>\n<h2>Le informazioni della bottiglia di vetro 500ml con tappo all'ingrosso:<\/h2>\n<ul>\n<li>Materiale principale: vetro ad alta percentuale di selce<\/li>\n<li>Tappo: tappo a vite<\/li>\n<li>Riferimento: RS079<\/li>\n<li>MOQ: 10000 PCS<\/li>\n<li>Capacit\u00e0: 500 ml<\/li>\n<li>Pezzi\/Ctn: 24 pezzi<\/li>\n<li>Origine del luogo: Shandong, Cina<\/li>\n<li>Caratteristiche: Eco-friendly<\/li>\n<\/ul>\n<p>Se siete soddisfatti di questa bottiglia di vino di forma unica, vi prego di contattarmi in tempo. Se non vi piace, potete guardare le nostre altre bottiglie. Oppure vi dar\u00f2 il catalogo, potete scegliere quello che vi piace. Se si desidera ottenere la bottiglia di vetro 500ml con tappo prezzo all'ingrosso, si prega di contattare noi. Vi risponderemo entro 24 ore.<\/p>","protected":false},"excerpt":{"rendered":"<p>Le bottiglie di vino in vetro trasparente in vendita sono realizzate in vetro flint di alta qualit\u00e0, che rende le bottiglie di vetro pi\u00f9 chiare, pi\u00f9 resistenti e pi\u00f9 lisce.<\/p>","protected":false},"featured_media":4247,"comment_status":"closed","ping_status":"closed","template":"","meta":[],"product_cat":[41],"class_list":{"0":"post-4246","1":"product","2":"type-product","3":"status-publish","4":"has-post-thumbnail","6":"product_cat-500ml-liquor-bottle-manufacturer","8":"first","9":"instock","10":"shipping-taxable","11":"product-type-simple"},"yoast_head":"<!-- This site is optimized with the Yoast SEO plugin v22.0 - https:\/\/yoast.com\/wordpress\/plugins\/seo\/ -->\n<title>500ml Glass Bottle With Stopper Manufacturers | Unique Shape Wine Bottle<\/title>\n<meta name=\"description\" content=\"The 500ml glass bottle with stopper wholesale is made in Shandong Yuncheng Ruisheng Glass Co., Ltd. Factory Outlet&amp;Global Shipping Service.\" \/>\n<meta name=\"robots\" content=\"index, follow, max-snippet:-1, max-image-preview:large, max-video-preview:-1\" \/>\n<link rel=\"canonical\" href=\"https:\/\/ruishengglassco.com\/it\/prodotto\/rs079-500ml-bottiglia-di-vetro-con-tappo-allingrosso\" \/>\n<meta property=\"og:locale\" content=\"it_IT\" \/>\n<meta property=\"og:type\" content=\"article\" \/>\n<meta property=\"og:title\" content=\"500ml Glass Bottle With Stopper Manufacturers | Unique Shape Wine Bottle\" \/>\n<meta property=\"og:description\" content=\"The 500ml glass bottle with stopper wholesale is made in Shandong Yuncheng Ruisheng Glass Co., Ltd. Factory Outlet&amp;Global Shipping Service.\" \/>\n<meta property=\"og:url\" content=\"https:\/\/ruishengglassco.com\/it\/prodotto\/rs079-500ml-bottiglia-di-vetro-con-tappo-allingrosso\" \/>\n<meta property=\"article:publisher\" content=\"https:\/\/www.facebook.com\/ruishengglassbottles\" \/>\n<meta property=\"article:modified_time\" content=\"2025-09-11T08:19:06+00:00\" \/>\n<meta property=\"og:image\" content=\"https:\/\/ruishengglassco.com\/wp-content\/uploads\/2025\/03\/RS079-500ml-Glass-Bottle-With-Stopper-Wholesale.webp\" \/>\n\t<meta property=\"og:image:width\" content=\"800\" \/>\n\t<meta property=\"og:image:height\" content=\"800\" \/>\n\t<meta property=\"og:image:type\" content=\"image\/webp\" \/>\n<meta name=\"twitter:card\" content=\"summary_large_image\" \/>\n<meta name=\"twitter:label1\" content=\"Tempo di lettura stimato\" \/>\n\t<meta name=\"twitter:data1\" content=\"2 minuti\" \/>\n<script type=\"application\/ld+json\" class=\"yoast-schema-graph\">{\"@context\":\"https:\/\/schema.org\",\"@graph\":[{\"@type\":\"WebPage\",\"@id\":\"https:\/\/ruishengglassco.com\/product\/rs079-500ml-glass-bottle-with-stopper-wholesale\",\"url\":\"https:\/\/ruishengglassco.com\/product\/rs079-500ml-glass-bottle-with-stopper-wholesale\",\"name\":\"500ml Glass Bottle With Stopper Manufacturers | Unique Shape Wine Bottle\",\"isPartOf\":{\"@id\":\"https:\/\/ruishengglassco.com\/#website\"},\"datePublished\":\"2025-03-15T02:47:47+00:00\",\"dateModified\":\"2025-09-11T08:19:06+00:00\",\"description\":\"The 500ml glass bottle with stopper wholesale is made in Shandong Yuncheng Ruisheng Glass Co., Ltd. Factory Outlet&Global Shipping Service.\",\"breadcrumb\":{\"@id\":\"https:\/\/ruishengglassco.com\/product\/rs079-500ml-glass-bottle-with-stopper-wholesale#breadcrumb\"},\"inLanguage\":\"it-IT\",\"potentialAction\":[{\"@type\":\"ReadAction\",\"target\":[\"https:\/\/ruishengglassco.com\/product\/rs079-500ml-glass-bottle-with-stopper-wholesale\"]}]},{\"@type\":\"BreadcrumbList\",\"@id\":\"https:\/\/ruishengglassco.com\/product\/rs079-500ml-glass-bottle-with-stopper-wholesale#breadcrumb\",\"itemListElement\":[{\"@type\":\"ListItem\",\"position\":1,\"name\":\"Home\",\"item\":\"https:\/\/ruishengglassco.com\/\"},{\"@type\":\"ListItem\",\"position\":2,\"name\":\"Products\",\"item\":\"https:\/\/ruishengglassco.com\/products\"},{\"@type\":\"ListItem\",\"position\":3,\"name\":\"RS079: 500ml Glass Bottle With Stopper Manufacturers\"}]},{\"@type\":\"WebSite\",\"@id\":\"https:\/\/ruishengglassco.com\/#website\",\"url\":\"https:\/\/ruishengglassco.com\/\",\"name\":\"Ruisheng Glass\",\"description\":\"\",\"publisher\":{\"@id\":\"https:\/\/ruishengglassco.com\/#organization\"},\"potentialAction\":[{\"@type\":\"SearchAction\",\"target\":{\"@type\":\"EntryPoint\",\"urlTemplate\":\"https:\/\/ruishengglassco.com\/?s={search_term_string}\"},\"query-input\":\"required name=search_term_string\"}],\"inLanguage\":\"it-IT\"},{\"@type\":\"Organization\",\"@id\":\"https:\/\/ruishengglassco.com\/#organization\",\"name\":\"Shandong Yuncheng Ruisheng Glass Co., Ltd\",\"url\":\"https:\/\/ruishengglassco.com\/\",\"logo\":{\"@type\":\"ImageObject\",\"inLanguage\":\"it-IT\",\"@id\":\"https:\/\/ruishengglassco.com\/#\/schema\/logo\/image\/\",\"url\":\"https:\/\/ruishengglassco.com\/wp-content\/uploads\/2023\/09\/ruisheng_logo_icon.webp\",\"contentUrl\":\"https:\/\/ruishengglassco.com\/wp-content\/uploads\/2023\/09\/ruisheng_logo_icon.webp\",\"width\":400,\"height\":233,\"caption\":\"Shandong Yuncheng Ruisheng Glass Co., Ltd\"},\"image\":{\"@id\":\"https:\/\/ruishengglassco.com\/#\/schema\/logo\/image\/\"},\"sameAs\":[\"https:\/\/www.facebook.com\/ruishengglassbottles\",\"https:\/\/www.instagram.com\/Ruishengglassbottlewholesales\/\",\"https:\/\/www.youtube.com\/channel\/UCMmbMNGwsL-XrtjfSFLCdVQ\"]}]}<\/script>\n<!-- \/ Yoast SEO plugin. -->","yoast_head_json":{"title":"500ml Glass Bottle With Stopper Manufacturers | Unique Shape Wine Bottle","description":"The 500ml glass bottle with stopper wholesale is made in Shandong Yuncheng Ruisheng Glass Co., Ltd. Factory Outlet&Global Shipping Service.","robots":{"index":"index","follow":"follow","max-snippet":"max-snippet:-1","max-image-preview":"max-image-preview:large","max-video-preview":"max-video-preview:-1"},"canonical":"https:\/\/ruishengglassco.com\/it\/prodotto\/rs079-500ml-bottiglia-di-vetro-con-tappo-allingrosso","og_locale":"it_IT","og_type":"article","og_title":"500ml Glass Bottle With Stopper Manufacturers | Unique Shape Wine Bottle","og_description":"The 500ml glass bottle with stopper wholesale is made in Shandong Yuncheng Ruisheng Glass Co., Ltd. Factory Outlet&Global Shipping Service.","og_url":"https:\/\/ruishengglassco.com\/it\/prodotto\/rs079-500ml-bottiglia-di-vetro-con-tappo-allingrosso","article_publisher":"https:\/\/www.facebook.com\/ruishengglassbottles","article_modified_time":"2025-09-11T08:19:06+00:00","og_image":[{"width":800,"height":800,"url":"https:\/\/ruishengglassco.com\/wp-content\/uploads\/2025\/03\/RS079-500ml-Glass-Bottle-With-Stopper-Wholesale.webp","type":"image\/webp"}],"twitter_card":"summary_large_image","twitter_misc":{"Tempo di lettura stimato":"2 minuti"},"schema":{"@context":"https:\/\/schema.org","@graph":[{"@type":"WebPage","@id":"https:\/\/ruishengglassco.com\/product\/rs079-500ml-glass-bottle-with-stopper-wholesale","url":"https:\/\/ruishengglassco.com\/product\/rs079-500ml-glass-bottle-with-stopper-wholesale","name":"500ml Glass Bottle With Stopper Manufacturers | Unique Shape Wine Bottle","isPartOf":{"@id":"https:\/\/ruishengglassco.com\/#website"},"datePublished":"2025-03-15T02:47:47+00:00","dateModified":"2025-09-11T08:19:06+00:00","description":"The 500ml glass bottle with stopper wholesale is made in Shandong Yuncheng Ruisheng Glass Co., Ltd. Factory Outlet&Global Shipping Service.","breadcrumb":{"@id":"https:\/\/ruishengglassco.com\/product\/rs079-500ml-glass-bottle-with-stopper-wholesale#breadcrumb"},"inLanguage":"it-IT","potentialAction":[{"@type":"ReadAction","target":["https:\/\/ruishengglassco.com\/product\/rs079-500ml-glass-bottle-with-stopper-wholesale"]}]},{"@type":"BreadcrumbList","@id":"https:\/\/ruishengglassco.com\/product\/rs079-500ml-glass-bottle-with-stopper-wholesale#breadcrumb","itemListElement":[{"@type":"ListItem","position":1,"name":"Home","item":"https:\/\/ruishengglassco.com\/"},{"@type":"ListItem","position":2,"name":"Products","item":"https:\/\/ruishengglassco.com\/products"},{"@type":"ListItem","position":3,"name":"RS079: 500ml Glass Bottle With Stopper Manufacturers"}]},{"@type":"WebSite","@id":"https:\/\/ruishengglassco.com\/#website","url":"https:\/\/ruishengglassco.com\/","name":"Ruisheng Glass","description":"","publisher":{"@id":"https:\/\/ruishengglassco.com\/#organization"},"potentialAction":[{"@type":"SearchAction","target":{"@type":"EntryPoint","urlTemplate":"https:\/\/ruishengglassco.com\/?s={search_term_string}"},"query-input":"required name=search_term_string"}],"inLanguage":"it-IT"},{"@type":"Organization","@id":"https:\/\/ruishengglassco.com\/#organization","name":"Shandong Yuncheng Ruisheng Glass Co., Ltd","url":"https:\/\/ruishengglassco.com\/","logo":{"@type":"ImageObject","inLanguage":"it-IT","@id":"https:\/\/ruishengglassco.com\/#\/schema\/logo\/image\/","url":"https:\/\/ruishengglassco.com\/wp-content\/uploads\/2023\/09\/ruisheng_logo_icon.webp","contentUrl":"https:\/\/ruishengglassco.com\/wp-content\/uploads\/2023\/09\/ruisheng_logo_icon.webp","width":400,"height":233,"caption":"Shandong Yuncheng Ruisheng Glass Co., Ltd"},"image":{"@id":"https:\/\/ruishengglassco.com\/#\/schema\/logo\/image\/"},"sameAs":["https:\/\/www.facebook.com\/ruishengglassbottles","https:\/\/www.instagram.com\/Ruishengglassbottlewholesales\/","https:\/\/www.youtube.com\/channel\/UCMmbMNGwsL-XrtjfSFLCdVQ"]}]}},"_links":{"self":[{"href":"https:\/\/ruishengglassco.com\/it\/wp-json\/wp\/v2\/product\/4246","targetHints":{"allow":["GET"]}}],"collection":[{"href":"https:\/\/ruishengglassco.com\/it\/wp-json\/wp\/v2\/product"}],"about":[{"href":"https:\/\/ruishengglassco.com\/it\/wp-json\/wp\/v2\/types\/product"}],"replies":[{"embeddable":true,"href":"https:\/\/ruishengglassco.com\/it\/wp-json\/wp\/v2\/comments?post=4246"}],"wp:featuredmedia":[{"embeddable":true,"href":"https:\/\/ruishengglassco.com\/it\/wp-json\/wp\/v2\/media\/4247"}],"wp:attachment":[{"href":"https:\/\/ruishengglassco.com\/it\/wp-json\/wp\/v2\/media?parent=4246"}],"wp:term":[{"taxonomy":"product_cat","embeddable":true,"href":"https:\/\/ruishengglassco.com\/it\/wp-json\/wp\/v2\/product_cat?post=4246"}],"curies":[{"name":"wp","href":"https:\/\/api.w.org\/{rel}","templated":true}]}}