{"id":4241,"date":"2025-03-15T10:35:58","date_gmt":"2025-03-15T02:35:58","guid":{"rendered":"https:\/\/ruishengglassco.com\/?post_type=product&#038;p=4241"},"modified":"2025-03-26T14:59:50","modified_gmt":"2025-03-26T06:59:50","slug":"rs081-boston-bottiglie-di-vetro-rotonde-fornitore","status":"publish","type":"product","link":"https:\/\/ruishengglassco.com\/it\/prodotto\/rs081-boston-bottiglie-di-vetro-rotonde-fornitore","title":{"rendered":"RS081: Boston Round Glass Bottles Fornitore"},"content":{"rendered":"<h2 style=\"text-align: center;\">Accogliete il vostro ordine in blocco per Boston Round Glass Bottles Fornitore<\/h2>\n<p>Serie RS-069 <strong>Bottiglie di vetro rotonde Boston<\/strong>(noto anche come <strong>bottiglie a fiasco in vetro<\/strong>), \u00e8 realizzato da Shandong Yuncheng Ruisheng Glass Co., Ltd, uno dei maggiori produttori di bottiglie di vetro in Cina. Queste bottiglie di vetro rotonde di Boston all'ingrosso sono realizzate con materiale di vetro di alta selce, che rende la nostra bottiglia di vetro pi\u00f9 chiara, trasparente e non facile da rompere.<\/p>\n<p>Le nostre bottiglie di vetro di Boston sono ampiamente utilizzate come bottiglie di vetro per liquori, bottiglie di vetro per whisky, bottiglie di brandy, bottiglie di vodka, bottiglie di rum, bottiglie di gin, ecc. e sono accolte con favore da chateau, aziende di alcolici, grossista di bottiglie di vetro, supermercato e negozi online.<\/p>\n<h2>Dettagli sul fornitore di bottiglie di vetro rotonde di Boston<\/h2>\n<p>Le dimensioni di questa bottiglia di vetro rotonda da 375 ml sono 75 mm di diametro e 175 mm di altezza.  Il materiale principale \u00e8 il vetro ad alta resistenza. Il peso \u00e8 di 420 g. Il tipo di chiusura di questa bottiglia \u00e8 il sughero. La bottiglia pu\u00f2 essere confezionata in tre modi. Il primo modo \u00e8 imballato con il cartone standard per l'esportazione.  Il secondo modo \u00e8 imballato con il pallet. L'ultimo modo \u00e8 imballato con cartone e pallet.<\/p>\n<p>I vantaggi delle nostre bottiglie di vetro rotonde all'ingrosso sono molteplici. Ad esempio, \u00e8 facile da trasportare grazie al volume e alle dimensioni giuste. Inoltre, abbiamo diverse capacit\u00e0 di queste bottiglie di vetro per liquori, come 375ml, 500ml, 700ml, 750ml e 1000ml (2 oz, 4 oz, 6oz, 8oz, 16oz, 32oz, ecc). Possiamo offrire tutti loro che si pu\u00f2 scegliere in base alle vostre esigenze. E il nostro questo unico bottiglia di vetro all'ingrosso sono Eco-friendly, sappiamo l'importanza della tutela ambientale, usiamo materiale ecologico. Inoltre, le bottiglie di vetro rotonde per liquori con tappi di sughero hanno un aspetto bellissimo, che \u00e8 popolare con molte cantine.<\/p>\n<p>La nostra azienda ha investito 2 linee di produzione della pi\u00f9 avanzata macchina completamente automatica 8S, 3 linee di produzione di macchine manuali CNC, 4 linee di produzione di macchine semiautomatiche CNC. La nostra fabbrica dispone anche di 2 serie di macchine IS. La macchina 8S e le macchine CNC sono utilizzate per produrre bottiglie di vetro di prima qualit\u00e0 - bottiglie di vetro supper flint. La produzione giornaliera \u00e8 di 120.000 pezzi. Le macchine IS sono utilizzate per produrre bottiglie di vetro di grado medio e la loro produzione giornaliera \u00e8 di 200.000pz.<\/p>\n<p>Se siete interessati alle nostre bottiglie di vetro rotonde di Boston all'ingrosso o ad acquistare bottiglie di alcol vuote all'ingrosso, contattateci.<\/p>","protected":false},"excerpt":{"rendered":"<table class=\"tg\">\n<tbody>\n<tr>\n<th class=\"tg-24i8\" colspan=\"2\">Boston Bottiglie di vetro rotonde all'ingrosso<\/th>\n<\/tr>\n<tr>\n<td class=\"tg-b7b8\">Riferimento:<\/td>\n<td class=\"tg-b7b8\">RS081<\/td>\n<\/tr>\n<tr>\n<td class=\"tg-yw4l\">Materiale principale:<\/td>\n<td class=\"tg-yw4l\">Vetro ad alta selce (questo materiale \u00e8 chiamato anche vetro bianco cristallino)<\/td>\n<\/tr>\n<tr>\n<td class=\"tg-b7b8\">Cap:<\/td>\n<td class=\"tg-b7b8\">Sughero<\/td>\n<\/tr>\n<tr>\n<td class=\"tg-yw4l\">Capacit\u00e0:<\/td>\n<td class=\"tg-yw4l\">50ml, 375ml, 500ml, 750ml, ecc.<\/td>\n<\/tr>\n<tr>\n<td class=\"tg-b7b8\">Peso<\/td>\n<td class=\"tg-b7b8\">420g<\/td>\n<\/tr>\n<tr>\n<td class=\"tg-yw4l\">MOQ:<\/td>\n<td class=\"tg-yw4l\">10000 PCS<\/td>\n<\/tr>\n<tr>\n<td class=\"tg-b7b8\">Altezza<\/td>\n<td class=\"tg-b7b8\">175 mm<\/td>\n<\/tr>\n<tr>\n<td class=\"tg-yw4l\">Diametro<\/td>\n<td class=\"tg-yw4l\">75 mm<\/td>\n<\/tr>\n<tr>\n<td class=\"tg-b7b8\">Origine del luogo:<\/td>\n<td class=\"tg-b7b8\">Shandong, Cina<\/td>\n<\/tr>\n<tr>\n<td class=\"tg-yw4l\">Pezzi\/Ctn:<\/td>\n<td class=\"tg-yw4l\">24pcs o secondo le richieste del cliente<\/td>\n<\/tr>\n<\/tbody>\n<\/table>","protected":false},"featured_media":4242,"comment_status":"closed","ping_status":"closed","template":"","meta":[],"product_cat":[44,40,50],"class_list":{"0":"post-4241","1":"product","2":"type-product","3":"status-publish","4":"has-post-thumbnail","6":"product_cat-700ml-liquor-bottle-manufacturer","7":"product_cat-750ml-liquor-bottle-manufacturer","8":"product_cat-gin-bottle","10":"first","11":"instock","12":"shipping-taxable","13":"product-type-simple"},"yoast_head":"<!-- This site is optimized with the Yoast SEO plugin v22.0 - https:\/\/yoast.com\/wordpress\/plugins\/seo\/ -->\n<title>Boston Round Glass Bottles Supplier | Empty Alcohol Bottles Bulk<\/title>\n<meta name=\"description\" content=\"Factory Outlet Boston Round Glass Bottles Supplier From China Empty Alcohol Bottles Manufacturer. Quality Assurance&amp;Bulk Price.\" \/>\n<meta name=\"robots\" content=\"index, follow, max-snippet:-1, max-image-preview:large, max-video-preview:-1\" \/>\n<link rel=\"canonical\" href=\"https:\/\/ruishengglassco.com\/it\/prodotto\/rs081-boston-bottiglie-di-vetro-rotonde-fornitore\" \/>\n<meta property=\"og:locale\" content=\"it_IT\" \/>\n<meta property=\"og:type\" content=\"article\" \/>\n<meta property=\"og:title\" content=\"Boston Round Glass Bottles Supplier | Empty Alcohol Bottles Bulk\" \/>\n<meta property=\"og:description\" content=\"Factory Outlet Boston Round Glass Bottles Supplier From China Empty Alcohol Bottles Manufacturer. Quality Assurance&amp;Bulk Price.\" \/>\n<meta property=\"og:url\" content=\"https:\/\/ruishengglassco.com\/it\/prodotto\/rs081-boston-bottiglie-di-vetro-rotonde-fornitore\" \/>\n<meta property=\"article:publisher\" content=\"https:\/\/www.facebook.com\/ruishengglassbottles\" \/>\n<meta property=\"article:modified_time\" content=\"2025-03-26T06:59:50+00:00\" \/>\n<meta property=\"og:image\" content=\"https:\/\/ruishengglassco.com\/wp-content\/uploads\/2025\/03\/RS081-Boston-Round-Glass-Bottles-Wholesale.webp\" \/>\n\t<meta property=\"og:image:width\" content=\"800\" \/>\n\t<meta property=\"og:image:height\" content=\"800\" \/>\n\t<meta property=\"og:image:type\" content=\"image\/webp\" \/>\n<meta name=\"twitter:card\" content=\"summary_large_image\" \/>\n<meta name=\"twitter:label1\" content=\"Tempo di lettura stimato\" \/>\n\t<meta name=\"twitter:data1\" content=\"2 minuti\" \/>\n<script type=\"application\/ld+json\" class=\"yoast-schema-graph\">{\"@context\":\"https:\/\/schema.org\",\"@graph\":[{\"@type\":\"WebPage\",\"@id\":\"https:\/\/ruishengglassco.com\/product\/rs081-boston-round-glass-bottles-supplier\",\"url\":\"https:\/\/ruishengglassco.com\/product\/rs081-boston-round-glass-bottles-supplier\",\"name\":\"Boston Round Glass Bottles Supplier | Empty Alcohol Bottles Bulk\",\"isPartOf\":{\"@id\":\"https:\/\/ruishengglassco.com\/#website\"},\"datePublished\":\"2025-03-15T02:35:58+00:00\",\"dateModified\":\"2025-03-26T06:59:50+00:00\",\"description\":\"Factory Outlet Boston Round Glass Bottles Supplier From China Empty Alcohol Bottles Manufacturer. Quality Assurance&Bulk Price.\",\"breadcrumb\":{\"@id\":\"https:\/\/ruishengglassco.com\/product\/rs081-boston-round-glass-bottles-supplier#breadcrumb\"},\"inLanguage\":\"it-IT\",\"potentialAction\":[{\"@type\":\"ReadAction\",\"target\":[\"https:\/\/ruishengglassco.com\/product\/rs081-boston-round-glass-bottles-supplier\"]}]},{\"@type\":\"BreadcrumbList\",\"@id\":\"https:\/\/ruishengglassco.com\/product\/rs081-boston-round-glass-bottles-supplier#breadcrumb\",\"itemListElement\":[{\"@type\":\"ListItem\",\"position\":1,\"name\":\"Home\",\"item\":\"https:\/\/ruishengglassco.com\/\"},{\"@type\":\"ListItem\",\"position\":2,\"name\":\"Products\",\"item\":\"https:\/\/ruishengglassco.com\/products\"},{\"@type\":\"ListItem\",\"position\":3,\"name\":\"RS081: Boston Round Glass Bottles Supplier\"}]},{\"@type\":\"WebSite\",\"@id\":\"https:\/\/ruishengglassco.com\/#website\",\"url\":\"https:\/\/ruishengglassco.com\/\",\"name\":\"Ruisheng Glass\",\"description\":\"\",\"publisher\":{\"@id\":\"https:\/\/ruishengglassco.com\/#organization\"},\"potentialAction\":[{\"@type\":\"SearchAction\",\"target\":{\"@type\":\"EntryPoint\",\"urlTemplate\":\"https:\/\/ruishengglassco.com\/?s={search_term_string}\"},\"query-input\":\"required name=search_term_string\"}],\"inLanguage\":\"it-IT\"},{\"@type\":\"Organization\",\"@id\":\"https:\/\/ruishengglassco.com\/#organization\",\"name\":\"Shandong Yuncheng Ruisheng Glass Co., Ltd\",\"url\":\"https:\/\/ruishengglassco.com\/\",\"logo\":{\"@type\":\"ImageObject\",\"inLanguage\":\"it-IT\",\"@id\":\"https:\/\/ruishengglassco.com\/#\/schema\/logo\/image\/\",\"url\":\"https:\/\/ruishengglassco.com\/wp-content\/uploads\/2023\/09\/ruisheng_logo_icon.webp\",\"contentUrl\":\"https:\/\/ruishengglassco.com\/wp-content\/uploads\/2023\/09\/ruisheng_logo_icon.webp\",\"width\":400,\"height\":233,\"caption\":\"Shandong Yuncheng Ruisheng Glass Co., Ltd\"},\"image\":{\"@id\":\"https:\/\/ruishengglassco.com\/#\/schema\/logo\/image\/\"},\"sameAs\":[\"https:\/\/www.facebook.com\/ruishengglassbottles\",\"https:\/\/www.instagram.com\/Ruishengglassbottlewholesales\/\",\"https:\/\/www.youtube.com\/channel\/UCMmbMNGwsL-XrtjfSFLCdVQ\"]}]}<\/script>\n<!-- \/ Yoast SEO plugin. -->","yoast_head_json":{"title":"Boston Round Glass Bottles Supplier | Empty Alcohol Bottles Bulk","description":"Factory Outlet Boston Round Glass Bottles Supplier From China Empty Alcohol Bottles Manufacturer. Quality Assurance&Bulk Price.","robots":{"index":"index","follow":"follow","max-snippet":"max-snippet:-1","max-image-preview":"max-image-preview:large","max-video-preview":"max-video-preview:-1"},"canonical":"https:\/\/ruishengglassco.com\/it\/prodotto\/rs081-boston-bottiglie-di-vetro-rotonde-fornitore","og_locale":"it_IT","og_type":"article","og_title":"Boston Round Glass Bottles Supplier | Empty Alcohol Bottles Bulk","og_description":"Factory Outlet Boston Round Glass Bottles Supplier From China Empty Alcohol Bottles Manufacturer. Quality Assurance&Bulk Price.","og_url":"https:\/\/ruishengglassco.com\/it\/prodotto\/rs081-boston-bottiglie-di-vetro-rotonde-fornitore","article_publisher":"https:\/\/www.facebook.com\/ruishengglassbottles","article_modified_time":"2025-03-26T06:59:50+00:00","og_image":[{"width":800,"height":800,"url":"https:\/\/ruishengglassco.com\/wp-content\/uploads\/2025\/03\/RS081-Boston-Round-Glass-Bottles-Wholesale.webp","type":"image\/webp"}],"twitter_card":"summary_large_image","twitter_misc":{"Tempo di lettura stimato":"2 minuti"},"schema":{"@context":"https:\/\/schema.org","@graph":[{"@type":"WebPage","@id":"https:\/\/ruishengglassco.com\/product\/rs081-boston-round-glass-bottles-supplier","url":"https:\/\/ruishengglassco.com\/product\/rs081-boston-round-glass-bottles-supplier","name":"Boston Round Glass Bottles Supplier | Empty Alcohol Bottles Bulk","isPartOf":{"@id":"https:\/\/ruishengglassco.com\/#website"},"datePublished":"2025-03-15T02:35:58+00:00","dateModified":"2025-03-26T06:59:50+00:00","description":"Factory Outlet Boston Round Glass Bottles Supplier From China Empty Alcohol Bottles Manufacturer. Quality Assurance&Bulk Price.","breadcrumb":{"@id":"https:\/\/ruishengglassco.com\/product\/rs081-boston-round-glass-bottles-supplier#breadcrumb"},"inLanguage":"it-IT","potentialAction":[{"@type":"ReadAction","target":["https:\/\/ruishengglassco.com\/product\/rs081-boston-round-glass-bottles-supplier"]}]},{"@type":"BreadcrumbList","@id":"https:\/\/ruishengglassco.com\/product\/rs081-boston-round-glass-bottles-supplier#breadcrumb","itemListElement":[{"@type":"ListItem","position":1,"name":"Home","item":"https:\/\/ruishengglassco.com\/"},{"@type":"ListItem","position":2,"name":"Products","item":"https:\/\/ruishengglassco.com\/products"},{"@type":"ListItem","position":3,"name":"RS081: Boston Round Glass Bottles Supplier"}]},{"@type":"WebSite","@id":"https:\/\/ruishengglassco.com\/#website","url":"https:\/\/ruishengglassco.com\/","name":"Ruisheng Glass","description":"","publisher":{"@id":"https:\/\/ruishengglassco.com\/#organization"},"potentialAction":[{"@type":"SearchAction","target":{"@type":"EntryPoint","urlTemplate":"https:\/\/ruishengglassco.com\/?s={search_term_string}"},"query-input":"required name=search_term_string"}],"inLanguage":"it-IT"},{"@type":"Organization","@id":"https:\/\/ruishengglassco.com\/#organization","name":"Shandong Yuncheng Ruisheng Glass Co., Ltd","url":"https:\/\/ruishengglassco.com\/","logo":{"@type":"ImageObject","inLanguage":"it-IT","@id":"https:\/\/ruishengglassco.com\/#\/schema\/logo\/image\/","url":"https:\/\/ruishengglassco.com\/wp-content\/uploads\/2023\/09\/ruisheng_logo_icon.webp","contentUrl":"https:\/\/ruishengglassco.com\/wp-content\/uploads\/2023\/09\/ruisheng_logo_icon.webp","width":400,"height":233,"caption":"Shandong Yuncheng Ruisheng Glass Co., Ltd"},"image":{"@id":"https:\/\/ruishengglassco.com\/#\/schema\/logo\/image\/"},"sameAs":["https:\/\/www.facebook.com\/ruishengglassbottles","https:\/\/www.instagram.com\/Ruishengglassbottlewholesales\/","https:\/\/www.youtube.com\/channel\/UCMmbMNGwsL-XrtjfSFLCdVQ"]}]}},"_links":{"self":[{"href":"https:\/\/ruishengglassco.com\/it\/wp-json\/wp\/v2\/product\/4241","targetHints":{"allow":["GET"]}}],"collection":[{"href":"https:\/\/ruishengglassco.com\/it\/wp-json\/wp\/v2\/product"}],"about":[{"href":"https:\/\/ruishengglassco.com\/it\/wp-json\/wp\/v2\/types\/product"}],"replies":[{"embeddable":true,"href":"https:\/\/ruishengglassco.com\/it\/wp-json\/wp\/v2\/comments?post=4241"}],"wp:featuredmedia":[{"embeddable":true,"href":"https:\/\/ruishengglassco.com\/it\/wp-json\/wp\/v2\/media\/4242"}],"wp:attachment":[{"href":"https:\/\/ruishengglassco.com\/it\/wp-json\/wp\/v2\/media?parent=4241"}],"wp:term":[{"taxonomy":"product_cat","embeddable":true,"href":"https:\/\/ruishengglassco.com\/it\/wp-json\/wp\/v2\/product_cat?post=4241"}],"curies":[{"name":"wp","href":"https:\/\/api.w.org\/{rel}","templated":true}]}}