{"id":4239,"date":"2025-03-15T10:33:44","date_gmt":"2025-03-15T02:33:44","guid":{"rendered":"https:\/\/ruishengglassco.com\/?post_type=product&#038;p=4239"},"modified":"2025-07-17T14:04:46","modified_gmt":"2025-07-17T06:04:46","slug":"bottiglie-di-vetro-quadrate-di-grado-superiore-50ml-allingrosso","status":"publish","type":"product","link":"https:\/\/ruishengglassco.com\/it\/prodotto\/bottiglie-di-vetro-quadrate-di-grado-superiore-50ml-allingrosso","title":{"rendered":"Bottiglie di vetro quadrate da 50 ml di grado superiore Produttori"},"content":{"rendered":"<p>Il <strong>Top Grade 50ml bottiglie di vetro all'ingrosso <\/strong>\u00e8 prodotto da Shandong Yuncheng Ruisheng Glass Co. La nostra azienda \u00e8 una delle pi\u00f9 grandi produttrici di bottiglie di vetro per liquori super flint della Cina. La nostra azienda ha pi\u00f9 di 500 dipendenti e un gruppo di ingegneri qualificati. Con una ricca esperienza, abbiamo ottenuto una buona reputazione in tutto il mondo.<\/p>\n<p>In qualit\u00e0 di produttore di bottiglie di alcolici all'ingrosso con tappi di sughero, Ruisheng si concentra sulla produzione di bottiglie di vetro di alta qualit\u00e0 come la bottiglia di vodka, la bottiglia di brandy, la bottiglia di whisky, la bottiglia di liquore, la bottiglia di marmellata e cos\u00ec via. Possiamo anche offrire bottiglie di spirito di colore diverso all'ingrosso come bottiglie di vetro ambrato, bottiglie verdi, bottiglie di vetro bianco, bottiglie di vetro trasparente, ecc. Il nostro mercato principale nel Regno Unito, negli Stati Uniti, in Australia, in Canada e in molti altri paesi. E tutti i prodotti godono di un'alta reputazione per innovazione e funzionalit\u00e0.<\/p>\n<p>Abbiamo avuto impegnati in attivit\u00e0 di esportazione per molti anni, abbiamo rigorosamente il controllo di qualit\u00e0 e tempi di consegna, siamo un dipartimento di business internazionale specializzato, siamo in grado di fornire il miglior servizio prima e dopo la vendita risponder\u00e0 a voi in tempo una volta che avete alcuni dubbi. E avevamo fatto bottiglie per anni, il prezzo della bottiglia \u00e8 standard. Crediamo che il nostro prezzo sia ragionevole in base alla nostra qualit\u00e0 della bottiglia.<\/p>\n<p>La bottiglia di vetro da 50 ml di alta qualit\u00e0 con tappi di sughero \u00e8 realizzata con materiale di vetro ad alta resistenza che rende la bottiglia di vetro pi\u00f9 chiara, pi\u00f9 resistente e pi\u00f9 liscia.  \u00c8 adatta alla confezione di liquori, vodka, brandy, whisky, marmellata e cos\u00ec via.<\/p>\n<h2>Dettagli sui produttori di bottiglie di vetro da 50 ml di grado superiore<\/h2>\n<ul>\n<li>Materiale principale: vetro ad alta percentuale di selce<\/li>\n<li>Tappo: sughero<\/li>\n<li>Riferimento: R-0704<\/li>\n<li>MOQ: 10000 PCS<\/li>\n<li>Capacit\u00e0: 50 ml<\/li>\n<li>Pezzi\/Ctn: 24 pezzi<\/li>\n<li>Origine del luogo: Shandong, Cina<\/li>\n<li>Caratteristiche: Eco-friendly<\/li>\n<\/ul>\n<p>E come scegliere le bottiglie di vetro per e-liquid? Scegliere la giusta miniatura di bottiglie di liquore all'ingrosso, il primo \u00e8 la qualit\u00e0 delle bottiglie di liquido, bottiglia di vetro di alta qualit\u00e0 \u00e8 in grado di garantire la qualit\u00e0 del liquore e migliorare il loro valore. Inoltre, i clienti devono anche prestare attenzione alla qualit\u00e0 dei prodotti di liquore, al sapore del liquore e alla propaganda culturale per selezionare la bottiglia di vetro per liquidi elettronici. Inoltre, per scegliere e acquistare il prodotto bottiglia di liquore, \u00e8 necessario scegliere un produttore regolare di bottiglie di liquore, per assicurare la qualit\u00e0 e il prezzo delle bottiglie di alcol.<\/p>\n<p>Se siete interessati al nostro Top Grade 50ml bottiglie di vetro all'ingrosso, vi preghiamo di contattarci. Vi risponderemo entro 24 ore.<\/p>","protected":false},"excerpt":{"rendered":"<p>La bottiglia di vetro di alta qualit\u00e0 da 50 ml con tappo \u00e8 realizzata in vetro flint di alta qualit\u00e0. Questo vetro \u00e8 pi\u00f9 chiaro, pi\u00f9 resistente e pi\u00f9 liscio. \u00c8 perfetto per confezionare liquori, vodka, brandy, whisky, marmellata e altro ancora.<\/p>","protected":false},"featured_media":4240,"comment_status":"closed","ping_status":"closed","template":"","meta":[],"product_cat":[48],"class_list":{"0":"post-4239","1":"product","2":"type-product","3":"status-publish","4":"has-post-thumbnail","6":"product_cat-50ml-mini-liquor-bottle-manufacturer","8":"first","9":"instock","10":"shipping-taxable","11":"product-type-simple"},"yoast_head":"<!-- This site is optimized with the Yoast SEO plugin v22.0 - https:\/\/yoast.com\/wordpress\/plugins\/seo\/ -->\n<title>Top Grade 50ml Glass Bottles Manufacturers | Miniature Liquor Bottles Bulk<\/title>\n<meta name=\"description\" content=\"Buy Top Grade 50ml Glass Bottles Wholesale From China Liquor Bottle Factory. Outlet Cheap Price&amp;Free Sample. Get Miniature Liquor Bottles Bulk Price Now.\" \/>\n<meta name=\"robots\" content=\"index, follow, max-snippet:-1, max-image-preview:large, max-video-preview:-1\" \/>\n<link rel=\"canonical\" href=\"https:\/\/ruishengglassco.com\/it\/prodotto\/bottiglie-di-vetro-quadrate-di-grado-superiore-50ml-allingrosso\" \/>\n<meta property=\"og:locale\" content=\"it_IT\" \/>\n<meta property=\"og:type\" content=\"article\" \/>\n<meta property=\"og:title\" content=\"Top Grade 50ml Glass Bottles Manufacturers | Miniature Liquor Bottles Bulk\" \/>\n<meta property=\"og:description\" content=\"Buy Top Grade 50ml Glass Bottles Wholesale From China Liquor Bottle Factory. Outlet Cheap Price&amp;Free Sample. Get Miniature Liquor Bottles Bulk Price Now.\" \/>\n<meta property=\"og:url\" content=\"https:\/\/ruishengglassco.com\/it\/prodotto\/bottiglie-di-vetro-quadrate-di-grado-superiore-50ml-allingrosso\" \/>\n<meta property=\"article:publisher\" content=\"https:\/\/www.facebook.com\/ruishengglassbottles\" \/>\n<meta property=\"article:modified_time\" content=\"2025-07-17T06:04:46+00:00\" \/>\n<meta property=\"og:image\" content=\"https:\/\/ruishengglassco.com\/wp-content\/uploads\/2025\/03\/Top-Grade-50ml-Square-Glass-Bottles-Wholesale.webp\" \/>\n\t<meta property=\"og:image:width\" content=\"800\" \/>\n\t<meta property=\"og:image:height\" content=\"800\" \/>\n\t<meta property=\"og:image:type\" content=\"image\/webp\" \/>\n<meta name=\"twitter:card\" content=\"summary_large_image\" \/>\n<meta name=\"twitter:label1\" content=\"Tempo di lettura stimato\" \/>\n\t<meta name=\"twitter:data1\" content=\"2 minuti\" \/>\n<script type=\"application\/ld+json\" class=\"yoast-schema-graph\">{\"@context\":\"https:\/\/schema.org\",\"@graph\":[{\"@type\":\"WebPage\",\"@id\":\"https:\/\/ruishengglassco.com\/product\/top-grade-50ml-square-glass-bottles-wholesale\",\"url\":\"https:\/\/ruishengglassco.com\/product\/top-grade-50ml-square-glass-bottles-wholesale\",\"name\":\"Top Grade 50ml Glass Bottles Manufacturers | Miniature Liquor Bottles Bulk\",\"isPartOf\":{\"@id\":\"https:\/\/ruishengglassco.com\/#website\"},\"datePublished\":\"2025-03-15T02:33:44+00:00\",\"dateModified\":\"2025-07-17T06:04:46+00:00\",\"description\":\"Buy Top Grade 50ml Glass Bottles Wholesale From China Liquor Bottle Factory. Outlet Cheap Price&Free Sample. Get Miniature Liquor Bottles Bulk Price Now.\",\"breadcrumb\":{\"@id\":\"https:\/\/ruishengglassco.com\/product\/top-grade-50ml-square-glass-bottles-wholesale#breadcrumb\"},\"inLanguage\":\"it-IT\",\"potentialAction\":[{\"@type\":\"ReadAction\",\"target\":[\"https:\/\/ruishengglassco.com\/product\/top-grade-50ml-square-glass-bottles-wholesale\"]}]},{\"@type\":\"BreadcrumbList\",\"@id\":\"https:\/\/ruishengglassco.com\/product\/top-grade-50ml-square-glass-bottles-wholesale#breadcrumb\",\"itemListElement\":[{\"@type\":\"ListItem\",\"position\":1,\"name\":\"Home\",\"item\":\"https:\/\/ruishengglassco.com\/\"},{\"@type\":\"ListItem\",\"position\":2,\"name\":\"Products\",\"item\":\"https:\/\/ruishengglassco.com\/products\"},{\"@type\":\"ListItem\",\"position\":3,\"name\":\"Top Grade 50ml Square Glass Bottles Manufacturers\"}]},{\"@type\":\"WebSite\",\"@id\":\"https:\/\/ruishengglassco.com\/#website\",\"url\":\"https:\/\/ruishengglassco.com\/\",\"name\":\"Ruisheng Glass\",\"description\":\"\",\"publisher\":{\"@id\":\"https:\/\/ruishengglassco.com\/#organization\"},\"potentialAction\":[{\"@type\":\"SearchAction\",\"target\":{\"@type\":\"EntryPoint\",\"urlTemplate\":\"https:\/\/ruishengglassco.com\/?s={search_term_string}\"},\"query-input\":\"required name=search_term_string\"}],\"inLanguage\":\"it-IT\"},{\"@type\":\"Organization\",\"@id\":\"https:\/\/ruishengglassco.com\/#organization\",\"name\":\"Shandong Yuncheng Ruisheng Glass Co., Ltd\",\"url\":\"https:\/\/ruishengglassco.com\/\",\"logo\":{\"@type\":\"ImageObject\",\"inLanguage\":\"it-IT\",\"@id\":\"https:\/\/ruishengglassco.com\/#\/schema\/logo\/image\/\",\"url\":\"https:\/\/ruishengglassco.com\/wp-content\/uploads\/2023\/09\/ruisheng_logo_icon.webp\",\"contentUrl\":\"https:\/\/ruishengglassco.com\/wp-content\/uploads\/2023\/09\/ruisheng_logo_icon.webp\",\"width\":400,\"height\":233,\"caption\":\"Shandong Yuncheng Ruisheng Glass Co., Ltd\"},\"image\":{\"@id\":\"https:\/\/ruishengglassco.com\/#\/schema\/logo\/image\/\"},\"sameAs\":[\"https:\/\/www.facebook.com\/ruishengglassbottles\",\"https:\/\/www.instagram.com\/Ruishengglassbottlewholesales\/\",\"https:\/\/www.youtube.com\/channel\/UCMmbMNGwsL-XrtjfSFLCdVQ\"]}]}<\/script>\n<!-- \/ Yoast SEO plugin. -->","yoast_head_json":{"title":"Top Grade 50ml Glass Bottles Manufacturers | Miniature Liquor Bottles Bulk","description":"Buy Top Grade 50ml Glass Bottles Wholesale From China Liquor Bottle Factory. Outlet Cheap Price&Free Sample. Get Miniature Liquor Bottles Bulk Price Now.","robots":{"index":"index","follow":"follow","max-snippet":"max-snippet:-1","max-image-preview":"max-image-preview:large","max-video-preview":"max-video-preview:-1"},"canonical":"https:\/\/ruishengglassco.com\/it\/prodotto\/bottiglie-di-vetro-quadrate-di-grado-superiore-50ml-allingrosso","og_locale":"it_IT","og_type":"article","og_title":"Top Grade 50ml Glass Bottles Manufacturers | Miniature Liquor Bottles Bulk","og_description":"Buy Top Grade 50ml Glass Bottles Wholesale From China Liquor Bottle Factory. Outlet Cheap Price&Free Sample. Get Miniature Liquor Bottles Bulk Price Now.","og_url":"https:\/\/ruishengglassco.com\/it\/prodotto\/bottiglie-di-vetro-quadrate-di-grado-superiore-50ml-allingrosso","article_publisher":"https:\/\/www.facebook.com\/ruishengglassbottles","article_modified_time":"2025-07-17T06:04:46+00:00","og_image":[{"width":800,"height":800,"url":"https:\/\/ruishengglassco.com\/wp-content\/uploads\/2025\/03\/Top-Grade-50ml-Square-Glass-Bottles-Wholesale.webp","type":"image\/webp"}],"twitter_card":"summary_large_image","twitter_misc":{"Tempo di lettura stimato":"2 minuti"},"schema":{"@context":"https:\/\/schema.org","@graph":[{"@type":"WebPage","@id":"https:\/\/ruishengglassco.com\/product\/top-grade-50ml-square-glass-bottles-wholesale","url":"https:\/\/ruishengglassco.com\/product\/top-grade-50ml-square-glass-bottles-wholesale","name":"Top Grade 50ml Glass Bottles Manufacturers | Miniature Liquor Bottles Bulk","isPartOf":{"@id":"https:\/\/ruishengglassco.com\/#website"},"datePublished":"2025-03-15T02:33:44+00:00","dateModified":"2025-07-17T06:04:46+00:00","description":"Buy Top Grade 50ml Glass Bottles Wholesale From China Liquor Bottle Factory. Outlet Cheap Price&Free Sample. Get Miniature Liquor Bottles Bulk Price Now.","breadcrumb":{"@id":"https:\/\/ruishengglassco.com\/product\/top-grade-50ml-square-glass-bottles-wholesale#breadcrumb"},"inLanguage":"it-IT","potentialAction":[{"@type":"ReadAction","target":["https:\/\/ruishengglassco.com\/product\/top-grade-50ml-square-glass-bottles-wholesale"]}]},{"@type":"BreadcrumbList","@id":"https:\/\/ruishengglassco.com\/product\/top-grade-50ml-square-glass-bottles-wholesale#breadcrumb","itemListElement":[{"@type":"ListItem","position":1,"name":"Home","item":"https:\/\/ruishengglassco.com\/"},{"@type":"ListItem","position":2,"name":"Products","item":"https:\/\/ruishengglassco.com\/products"},{"@type":"ListItem","position":3,"name":"Top Grade 50ml Square Glass Bottles Manufacturers"}]},{"@type":"WebSite","@id":"https:\/\/ruishengglassco.com\/#website","url":"https:\/\/ruishengglassco.com\/","name":"Ruisheng Glass","description":"","publisher":{"@id":"https:\/\/ruishengglassco.com\/#organization"},"potentialAction":[{"@type":"SearchAction","target":{"@type":"EntryPoint","urlTemplate":"https:\/\/ruishengglassco.com\/?s={search_term_string}"},"query-input":"required name=search_term_string"}],"inLanguage":"it-IT"},{"@type":"Organization","@id":"https:\/\/ruishengglassco.com\/#organization","name":"Shandong Yuncheng Ruisheng Glass Co., Ltd","url":"https:\/\/ruishengglassco.com\/","logo":{"@type":"ImageObject","inLanguage":"it-IT","@id":"https:\/\/ruishengglassco.com\/#\/schema\/logo\/image\/","url":"https:\/\/ruishengglassco.com\/wp-content\/uploads\/2023\/09\/ruisheng_logo_icon.webp","contentUrl":"https:\/\/ruishengglassco.com\/wp-content\/uploads\/2023\/09\/ruisheng_logo_icon.webp","width":400,"height":233,"caption":"Shandong Yuncheng Ruisheng Glass Co., Ltd"},"image":{"@id":"https:\/\/ruishengglassco.com\/#\/schema\/logo\/image\/"},"sameAs":["https:\/\/www.facebook.com\/ruishengglassbottles","https:\/\/www.instagram.com\/Ruishengglassbottlewholesales\/","https:\/\/www.youtube.com\/channel\/UCMmbMNGwsL-XrtjfSFLCdVQ"]}]}},"_links":{"self":[{"href":"https:\/\/ruishengglassco.com\/it\/wp-json\/wp\/v2\/product\/4239","targetHints":{"allow":["GET"]}}],"collection":[{"href":"https:\/\/ruishengglassco.com\/it\/wp-json\/wp\/v2\/product"}],"about":[{"href":"https:\/\/ruishengglassco.com\/it\/wp-json\/wp\/v2\/types\/product"}],"replies":[{"embeddable":true,"href":"https:\/\/ruishengglassco.com\/it\/wp-json\/wp\/v2\/comments?post=4239"}],"wp:featuredmedia":[{"embeddable":true,"href":"https:\/\/ruishengglassco.com\/it\/wp-json\/wp\/v2\/media\/4240"}],"wp:attachment":[{"href":"https:\/\/ruishengglassco.com\/it\/wp-json\/wp\/v2\/media?parent=4239"}],"wp:term":[{"taxonomy":"product_cat","embeddable":true,"href":"https:\/\/ruishengglassco.com\/it\/wp-json\/wp\/v2\/product_cat?post=4239"}],"curies":[{"name":"wp","href":"https:\/\/api.w.org\/{rel}","templated":true}]}}