{"id":4237,"date":"2025-03-15T10:29:31","date_gmt":"2025-03-15T02:29:31","guid":{"rendered":"https:\/\/ruishengglassco.com\/?post_type=product&#038;p=4237"},"modified":"2025-07-17T14:03:27","modified_gmt":"2025-07-17T06:03:27","slug":"rs082-50ml-bottiglie-di-tequila-economiche-mini-bottiglie-di-tequila-sfuse","status":"publish","type":"product","link":"https:\/\/ruishengglassco.com\/it\/prodotto\/rs082-50ml-bottiglie-di-tequila-economiche-mini-bottiglie-di-tequila-sfuse","title":{"rendered":"RS082: 50ml a buon mercato piccole bottiglie di Tequila \/ mini bottiglie di Tequila Bulk"},"content":{"rendered":"<p><strong>Bottiglie di vetro quadrate da 50 ml all'ingrosso, <\/strong>adottando una materia prima di vetro ad alta selce che rende la bottiglia di vetro pi\u00f9 chiara, durevole e liscia rispetto alle altre bottiglie di vetro, utilizzata principalmente per liquori, whisky, vodka, bevande, acqua e altre confezioni di liquidi.<\/p>\n<p>In qualit\u00e0 di produttore professionale di bottiglie per liquori, accettiamo anche il servizio di bottiglie di vetro personalizzate. In questo servizio di bottiglie di vetro personalizzate, \u00e8 possibile personalizzare diverse forme di bottiglie di vetro, come ad esempio la forma rotonda, la forma quadrata, la forma a linee rette, la forma a teschio e cos\u00ec via. Sono disponibili bottiglie di vetro di capacit\u00e0 diversa: 50ml, 100ml, 250ml, 350ml, 500ml, 700ml, 750ml, 1000ml, 1,5 L e altre. Accettiamo anche l'etichetta privata personalizzata e il servizio di logo. Ci\u00f2 di cui avete bisogno \u00e8 ci\u00f2 che possiamo offrire!<\/p>\n<h2>A proposito di bottiglie di vetro quadrate da 50 ml all'ingrosso<\/h2>\n<ul>\n<li>Paese di origine: Cina<\/li>\n<li>Materiale principale: vetro ad alta percentuale di selce<\/li>\n<li>Tappo: Sughero (possiamo cambiare il tappo in tappo a vite se necessario)<\/li>\n<li>Riferimento: RS082<\/li>\n<li>MOQ: 1x 40\u2033 GP<\/li>\n<li>Capacit\u00e0: 50 ml<\/li>\n<li>Modo di imballaggio: Cartone standard dell'esportazione\/pallet\/cartone standard dell'esportazione e pallet<\/li>\n<li>Origine del luogo: Shandong, Cina<\/li>\n<li>Caratteristiche: Eco-friendly<\/li>\n<\/ul>\n<p>Ci sono circa pi\u00f9 di 500 dipendenti nella nostra fabbrica e circa 30 QC per controllare la qualit\u00e0 delle bottiglie di vetro all'ingrosso. Tutte le bottiglie di vetro 50ml all'ingrosso saranno esportazione dopo che passa il controllo di qualit\u00e0.<\/p>\n<p>Inoltre, disponiamo di un gruppo di ingegneri qualificati che si occupano del disegno delle bottiglie, della progettazione delle etichette e della risoluzione dei problemi tra i venditori e i clienti. Con la nostra ricca esperienza, abbiamo ottenuto una buona reputazione in tutto il mondo.<\/p>\n<p>I nostri prodotti principali sono bottiglie di vetro di qualit\u00e0 superiore come la bottiglia di vodka, la bottiglia di brandy, la bottiglia di whisky, la bottiglia di liquore, la bottiglia di rum e cos\u00ec via. Possiamo anche offrire bottiglie di vetro ambrato, verde e trasparente. Il nostro mercato principale \u00e8 costituito da Regno Unito, Stati Uniti, Australia, Francia ecc. Tutti i prodotti godono di un'ottima reputazione per innovazione e funzionalit\u00e0.<\/p>\n<p>Se siete interessati alle nostre bottiglie di vetro quadrate da 50 ml all'ingrosso, contattateci. Se si desidera fare bottiglie di vetro personalizzate, si prega di contattare anche noi. Siamo molto lieti di ottenere la vostra inchiesta per la migliore bottiglia d'acqua di vetro.<\/p>","protected":false},"excerpt":{"rendered":"<p>Siete alla ricerca di mini bottiglie di vetro quadrate all'ingrosso per liquori?  La nostra mini bottiglia di vetro da 50 ml ha una forma quadrata, trasparente e chiara. Con una larghezza di 90 centimetri, \u00e8 facile da impugnare. La forma minuscola \u00e8 irresistibile e anche comoda da bere per le persone. Se volete saperne di pi\u00f9 sulle nostre mini bottiglie di vetro quadrate all'ingrosso, si prega di lasciare un messaggio per noi.<\/p>","protected":false},"featured_media":4238,"comment_status":"closed","ping_status":"closed","template":"","meta":[],"product_cat":[48,52,56],"class_list":{"0":"post-4237","1":"product","2":"type-product","3":"status-publish","4":"has-post-thumbnail","6":"product_cat-50ml-mini-liquor-bottle-manufacturer","7":"product_cat-vodka-bottle","8":"product_cat-xo-brandy-bottle","10":"first","11":"instock","12":"shipping-taxable","13":"product-type-simple"},"yoast_head":"<!-- This site is optimized with the Yoast SEO plugin v22.0 - https:\/\/yoast.com\/wordpress\/plugins\/seo\/ -->\n<title>50ml Square Glass Bottles Wholesale | Cheap Liquor Bottle Supplier<\/title>\n<meta name=\"description\" content=\"Buy 50ml Square Glass Bottles Wholesale From China Cheap Liquor Bottle Supplier. Factory Outlet&amp;Quality Assurance. Free Sample Here.\" \/>\n<meta name=\"robots\" content=\"index, follow, max-snippet:-1, max-image-preview:large, max-video-preview:-1\" \/>\n<link rel=\"canonical\" href=\"https:\/\/ruishengglassco.com\/it\/prodotto\/rs082-50ml-bottiglie-di-tequila-economiche-mini-bottiglie-di-tequila-sfuse\" \/>\n<meta property=\"og:locale\" content=\"it_IT\" \/>\n<meta property=\"og:type\" content=\"article\" \/>\n<meta property=\"og:title\" content=\"50ml Square Glass Bottles Wholesale | Cheap Liquor Bottle Supplier\" \/>\n<meta property=\"og:description\" content=\"Buy 50ml Square Glass Bottles Wholesale From China Cheap Liquor Bottle Supplier. Factory Outlet&amp;Quality Assurance. Free Sample Here.\" \/>\n<meta property=\"og:url\" content=\"https:\/\/ruishengglassco.com\/it\/prodotto\/rs082-50ml-bottiglie-di-tequila-economiche-mini-bottiglie-di-tequila-sfuse\" \/>\n<meta property=\"article:publisher\" content=\"https:\/\/www.facebook.com\/ruishengglassbottles\" \/>\n<meta property=\"article:modified_time\" content=\"2025-07-17T06:03:27+00:00\" \/>\n<meta property=\"og:image\" content=\"https:\/\/ruishengglassco.com\/wp-content\/uploads\/2025\/03\/RS082-50ml-Cheap-Little-Tequila-Bottles-Mini-Tequila-Bottles-Bulk.webp\" \/>\n\t<meta property=\"og:image:width\" content=\"800\" \/>\n\t<meta property=\"og:image:height\" content=\"800\" \/>\n\t<meta property=\"og:image:type\" content=\"image\/webp\" \/>\n<meta name=\"twitter:card\" content=\"summary_large_image\" \/>\n<meta name=\"twitter:label1\" content=\"Tempo di lettura stimato\" \/>\n\t<meta name=\"twitter:data1\" content=\"2 minuti\" \/>\n<script type=\"application\/ld+json\" class=\"yoast-schema-graph\">{\"@context\":\"https:\/\/schema.org\",\"@graph\":[{\"@type\":\"WebPage\",\"@id\":\"https:\/\/ruishengglassco.com\/product\/rs082-50ml-cheap-little-tequila-bottles-mini-tequila-bottles-bulk\",\"url\":\"https:\/\/ruishengglassco.com\/product\/rs082-50ml-cheap-little-tequila-bottles-mini-tequila-bottles-bulk\",\"name\":\"50ml Square Glass Bottles Wholesale | Cheap Liquor Bottle Supplier\",\"isPartOf\":{\"@id\":\"https:\/\/ruishengglassco.com\/#website\"},\"datePublished\":\"2025-03-15T02:29:31+00:00\",\"dateModified\":\"2025-07-17T06:03:27+00:00\",\"description\":\"Buy 50ml Square Glass Bottles Wholesale From China Cheap Liquor Bottle Supplier. Factory Outlet&Quality Assurance. Free Sample Here.\",\"breadcrumb\":{\"@id\":\"https:\/\/ruishengglassco.com\/product\/rs082-50ml-cheap-little-tequila-bottles-mini-tequila-bottles-bulk#breadcrumb\"},\"inLanguage\":\"it-IT\",\"potentialAction\":[{\"@type\":\"ReadAction\",\"target\":[\"https:\/\/ruishengglassco.com\/product\/rs082-50ml-cheap-little-tequila-bottles-mini-tequila-bottles-bulk\"]}]},{\"@type\":\"BreadcrumbList\",\"@id\":\"https:\/\/ruishengglassco.com\/product\/rs082-50ml-cheap-little-tequila-bottles-mini-tequila-bottles-bulk#breadcrumb\",\"itemListElement\":[{\"@type\":\"ListItem\",\"position\":1,\"name\":\"Home\",\"item\":\"https:\/\/ruishengglassco.com\/\"},{\"@type\":\"ListItem\",\"position\":2,\"name\":\"Products\",\"item\":\"https:\/\/ruishengglassco.com\/products\"},{\"@type\":\"ListItem\",\"position\":3,\"name\":\"RS082: 50ml Cheap Little Tequila Bottles\/Mini Tequila Bottles Bulk\"}]},{\"@type\":\"WebSite\",\"@id\":\"https:\/\/ruishengglassco.com\/#website\",\"url\":\"https:\/\/ruishengglassco.com\/\",\"name\":\"Ruisheng Glass\",\"description\":\"\",\"publisher\":{\"@id\":\"https:\/\/ruishengglassco.com\/#organization\"},\"potentialAction\":[{\"@type\":\"SearchAction\",\"target\":{\"@type\":\"EntryPoint\",\"urlTemplate\":\"https:\/\/ruishengglassco.com\/?s={search_term_string}\"},\"query-input\":\"required name=search_term_string\"}],\"inLanguage\":\"it-IT\"},{\"@type\":\"Organization\",\"@id\":\"https:\/\/ruishengglassco.com\/#organization\",\"name\":\"Shandong Yuncheng Ruisheng Glass Co., Ltd\",\"url\":\"https:\/\/ruishengglassco.com\/\",\"logo\":{\"@type\":\"ImageObject\",\"inLanguage\":\"it-IT\",\"@id\":\"https:\/\/ruishengglassco.com\/#\/schema\/logo\/image\/\",\"url\":\"https:\/\/ruishengglassco.com\/wp-content\/uploads\/2023\/09\/ruisheng_logo_icon.webp\",\"contentUrl\":\"https:\/\/ruishengglassco.com\/wp-content\/uploads\/2023\/09\/ruisheng_logo_icon.webp\",\"width\":400,\"height\":233,\"caption\":\"Shandong Yuncheng Ruisheng Glass Co., Ltd\"},\"image\":{\"@id\":\"https:\/\/ruishengglassco.com\/#\/schema\/logo\/image\/\"},\"sameAs\":[\"https:\/\/www.facebook.com\/ruishengglassbottles\",\"https:\/\/www.instagram.com\/Ruishengglassbottlewholesales\/\",\"https:\/\/www.youtube.com\/channel\/UCMmbMNGwsL-XrtjfSFLCdVQ\"]}]}<\/script>\n<!-- \/ Yoast SEO plugin. -->","yoast_head_json":{"title":"50ml Square Glass Bottles Wholesale | Cheap Liquor Bottle Supplier","description":"Buy 50ml Square Glass Bottles Wholesale From China Cheap Liquor Bottle Supplier. Factory Outlet&Quality Assurance. Free Sample Here.","robots":{"index":"index","follow":"follow","max-snippet":"max-snippet:-1","max-image-preview":"max-image-preview:large","max-video-preview":"max-video-preview:-1"},"canonical":"https:\/\/ruishengglassco.com\/it\/prodotto\/rs082-50ml-bottiglie-di-tequila-economiche-mini-bottiglie-di-tequila-sfuse","og_locale":"it_IT","og_type":"article","og_title":"50ml Square Glass Bottles Wholesale | Cheap Liquor Bottle Supplier","og_description":"Buy 50ml Square Glass Bottles Wholesale From China Cheap Liquor Bottle Supplier. Factory Outlet&Quality Assurance. Free Sample Here.","og_url":"https:\/\/ruishengglassco.com\/it\/prodotto\/rs082-50ml-bottiglie-di-tequila-economiche-mini-bottiglie-di-tequila-sfuse","article_publisher":"https:\/\/www.facebook.com\/ruishengglassbottles","article_modified_time":"2025-07-17T06:03:27+00:00","og_image":[{"width":800,"height":800,"url":"https:\/\/ruishengglassco.com\/wp-content\/uploads\/2025\/03\/RS082-50ml-Cheap-Little-Tequila-Bottles-Mini-Tequila-Bottles-Bulk.webp","type":"image\/webp"}],"twitter_card":"summary_large_image","twitter_misc":{"Tempo di lettura stimato":"2 minuti"},"schema":{"@context":"https:\/\/schema.org","@graph":[{"@type":"WebPage","@id":"https:\/\/ruishengglassco.com\/product\/rs082-50ml-cheap-little-tequila-bottles-mini-tequila-bottles-bulk","url":"https:\/\/ruishengglassco.com\/product\/rs082-50ml-cheap-little-tequila-bottles-mini-tequila-bottles-bulk","name":"50ml Square Glass Bottles Wholesale | Cheap Liquor Bottle Supplier","isPartOf":{"@id":"https:\/\/ruishengglassco.com\/#website"},"datePublished":"2025-03-15T02:29:31+00:00","dateModified":"2025-07-17T06:03:27+00:00","description":"Buy 50ml Square Glass Bottles Wholesale From China Cheap Liquor Bottle Supplier. Factory Outlet&Quality Assurance. Free Sample Here.","breadcrumb":{"@id":"https:\/\/ruishengglassco.com\/product\/rs082-50ml-cheap-little-tequila-bottles-mini-tequila-bottles-bulk#breadcrumb"},"inLanguage":"it-IT","potentialAction":[{"@type":"ReadAction","target":["https:\/\/ruishengglassco.com\/product\/rs082-50ml-cheap-little-tequila-bottles-mini-tequila-bottles-bulk"]}]},{"@type":"BreadcrumbList","@id":"https:\/\/ruishengglassco.com\/product\/rs082-50ml-cheap-little-tequila-bottles-mini-tequila-bottles-bulk#breadcrumb","itemListElement":[{"@type":"ListItem","position":1,"name":"Home","item":"https:\/\/ruishengglassco.com\/"},{"@type":"ListItem","position":2,"name":"Products","item":"https:\/\/ruishengglassco.com\/products"},{"@type":"ListItem","position":3,"name":"RS082: 50ml Cheap Little Tequila Bottles\/Mini Tequila Bottles Bulk"}]},{"@type":"WebSite","@id":"https:\/\/ruishengglassco.com\/#website","url":"https:\/\/ruishengglassco.com\/","name":"Ruisheng Glass","description":"","publisher":{"@id":"https:\/\/ruishengglassco.com\/#organization"},"potentialAction":[{"@type":"SearchAction","target":{"@type":"EntryPoint","urlTemplate":"https:\/\/ruishengglassco.com\/?s={search_term_string}"},"query-input":"required name=search_term_string"}],"inLanguage":"it-IT"},{"@type":"Organization","@id":"https:\/\/ruishengglassco.com\/#organization","name":"Shandong Yuncheng Ruisheng Glass Co., Ltd","url":"https:\/\/ruishengglassco.com\/","logo":{"@type":"ImageObject","inLanguage":"it-IT","@id":"https:\/\/ruishengglassco.com\/#\/schema\/logo\/image\/","url":"https:\/\/ruishengglassco.com\/wp-content\/uploads\/2023\/09\/ruisheng_logo_icon.webp","contentUrl":"https:\/\/ruishengglassco.com\/wp-content\/uploads\/2023\/09\/ruisheng_logo_icon.webp","width":400,"height":233,"caption":"Shandong Yuncheng Ruisheng Glass Co., Ltd"},"image":{"@id":"https:\/\/ruishengglassco.com\/#\/schema\/logo\/image\/"},"sameAs":["https:\/\/www.facebook.com\/ruishengglassbottles","https:\/\/www.instagram.com\/Ruishengglassbottlewholesales\/","https:\/\/www.youtube.com\/channel\/UCMmbMNGwsL-XrtjfSFLCdVQ"]}]}},"_links":{"self":[{"href":"https:\/\/ruishengglassco.com\/it\/wp-json\/wp\/v2\/product\/4237","targetHints":{"allow":["GET"]}}],"collection":[{"href":"https:\/\/ruishengglassco.com\/it\/wp-json\/wp\/v2\/product"}],"about":[{"href":"https:\/\/ruishengglassco.com\/it\/wp-json\/wp\/v2\/types\/product"}],"replies":[{"embeddable":true,"href":"https:\/\/ruishengglassco.com\/it\/wp-json\/wp\/v2\/comments?post=4237"}],"wp:featuredmedia":[{"embeddable":true,"href":"https:\/\/ruishengglassco.com\/it\/wp-json\/wp\/v2\/media\/4238"}],"wp:attachment":[{"href":"https:\/\/ruishengglassco.com\/it\/wp-json\/wp\/v2\/media?parent=4237"}],"wp:term":[{"taxonomy":"product_cat","embeddable":true,"href":"https:\/\/ruishengglassco.com\/it\/wp-json\/wp\/v2\/product_cat?post=4237"}],"curies":[{"name":"wp","href":"https:\/\/api.w.org\/{rel}","templated":true}]}}