{"id":4230,"date":"2025-03-15T10:11:50","date_gmt":"2025-03-15T02:11:50","guid":{"rendered":"https:\/\/ruishengglassco.com\/?post_type=product&#038;p=4230"},"modified":"2025-09-11T16:11:41","modified_gmt":"2025-09-11T08:11:41","slug":"rs085-bottiglie-di-vetro-allingrosso-da-375-ml-con-coperchi-a-vite","status":"publish","type":"product","link":"https:\/\/ruishengglassco.com\/it\/prodotto\/rs085-bottiglie-di-vetro-allingrosso-da-375-ml-con-coperchi-a-vite","title":{"rendered":"RS085: Bottiglie di vetro da 375 ml con coperchio a vite"},"content":{"rendered":"<p>Queste bottiglie di vetro da 375 ml con tappo a vite all'ingrosso sono prodotte da Shandong Yuncheng Ruisheng Glass Co. Queste piccole bottiglie di vetro possono contenere vari tipi di liquidi, tra cui liquori, whisky, vodka, brandy, rum, gin e altre bevande. Vale la pena ricordare che questa bottiglietta di vetro \u00e8 dotata di tappo a vite.<\/p>\n<p>Queste bottiglie da 375 ml all'ingrosso sono a forma di cilindro e il loro tipo di chiusura \u00e8 un tappo a vite. Possiamo offrire due tipi di tappi per queste piccole bottiglie di liquido. Uno \u00e8 un tappo a vite corto anti-fake e l'altro \u00e8 un comune tappo a vite corto. Se non si desidera questo tappo, possiamo anche cambiare la finitura in sughero.<\/p>\n<p>Possiamo realizzare decorazioni profonde su queste bottiglie per liquori in vetro da 375 ml con tappo a vite all'ingrosso. Se desiderate un servizio di bottiglie di vetro all'ingrosso one-stop dalla nostra fabbrica, possiamo offrire la stampa di un logo sulla bottiglia di vetro smerigliato, la spruzzatura di colore sulla superficie chiara e i colori galvanici UV sulle bottiglie di liquore.<\/p>\n<h2>I dettagli di questo 375ml bottiglie di vetro con tappo a vite<\/h2>\n<ul>\n<li>Materiale principale: vetro ad alta percentuale di selce<\/li>\n<li>Tappo: tappo a vite<\/li>\n<li>Riferimento: RS085<\/li>\n<li>MOQ: 10000 PCS<\/li>\n<li>Capacit\u00e0: 375 ml<\/li>\n<li>Pz\/Ctn: 24pz \/20pz\/ 12pz \/6pz<\/li>\n<li>Origine del luogo: Shandong, Cina<\/li>\n<li>Caratteristiche: Eco-friendly<\/li>\n<\/ul>\n<h2>Informazioni sull'imballaggio delle bottiglie di vetro<\/h2>\n<p>La confezione di una bottiglia da 375 ml pu\u00f2 essere realizzata in tre modi presso il nostro stabilimento:<\/p>\n<p>Il primo modo \u00e8 l'imballaggio in cartone. Possiamo fare un imballaggio standard in cartone per questa bottiglia di liquore da 375 ml in vendita, e di solito ci sono circa 15\/20\/24, o 24 bottiglie per cartone. Questo cartone \u00e8 proprio come l'imballaggio per il trasporto. Se non si desidera cambiare il cartone dopo aver utilizzato le bottiglie di vetro vuote, possiamo anche offrire una scatola di colore personalizzato per soddisfare le vostre esigenze. In genere la distilleria utilizza sei o 12 bottiglie per scatola.<\/p>\n<p>Il secondo modo \u00e8 l'imballaggio su pallet. Il nostro pallet non \u00e8 soggetto a fumigazione. Posizioniamo il vassoio di carta sul pallet e avvolgiamo i pallet dopo che le bottiglie vintage in vetro trasparente da 375 ml sono state imballate su di essi.<\/p>\n<p>Il terzo metodo \u00e8 l'imballaggio in cartone e pallet. Offriamo il cartone e il pallet per l'imballaggio delle bottiglie di vetro con tappo a vite. In questo modo, sono pi\u00f9 sicure e facili da trasportare.<\/p>\n<p>In qualit\u00e0 di maggiore fornitore di bottiglie di vetro per liquori, le nostre bottiglie di vetro sono state esportate in Europa, Stati Uniti, Australia e altre regioni. Tutti i prodotti godono di un'alta reputazione per l'innovazione<br \/>\ne funzionalit\u00e0.<\/p>\n<p><em><strong>Se siete interessati alla nostra bottiglia per liquori in vetro da 375 ml con tappo a vite all'ingrosso, contattateci subito.<\/strong><\/em><\/p>","protected":false},"excerpt":{"rendered":"<table class=\"tg\">\n<tbody>\n<tr>\n<th class=\"tg-24i8\" colspan=\"2\">all'ingrosso 375ml bottiglie di vetro con tappo a vite<\/th>\n<\/tr>\n<tr>\n<td class=\"tg-b7b8\">Riferimento:<\/td>\n<td class=\"tg-b7b8\">RS085<\/td>\n<\/tr>\n<tr>\n<td class=\"tg-yw4l\">Materiale principale:<\/td>\n<td class=\"tg-yw4l\">Vetro ad alto tenore di selce (questo materiale \u00e8 chiamato anche vetro bianco cristallino)<\/td>\n<\/tr>\n<tr>\n<td class=\"tg-b7b8\">Cap:<\/td>\n<td class=\"tg-b7b8\">Cappello Scrow<\/td>\n<\/tr>\n<tr>\n<td class=\"tg-yw4l\">Capacit\u00e0:<\/td>\n<td class=\"tg-yw4l\">375ml<\/td>\n<\/tr>\n<tr>\n<td class=\"tg-b7b8\">Caratteristica:<\/td>\n<td class=\"tg-b7b8\">Eco-compatibile<\/td>\n<\/tr>\n<tr>\n<td class=\"tg-yw4l\">MOQ:<\/td>\n<td class=\"tg-yw4l\">10000 PCS<\/td>\n<\/tr>\n<tr>\n<td class=\"tg-b7b8\">Modo di imballaggio:<\/td>\n<td class=\"tg-b7b8\">Cartone standard per l'esportazione \/ Pallet \/ cartone e pallet standard per l'esportazione<\/td>\n<\/tr>\n<tr>\n<td class=\"tg-yw4l\">OEM\/ODM:<\/td>\n<td class=\"tg-yw4l\">Benvenuti<\/td>\n<\/tr>\n<tr>\n<td class=\"tg-b7b8\">Origine del luogo:<\/td>\n<td class=\"tg-b7b8\">Shandong, Cina<\/td>\n<\/tr>\n<tr>\n<td class=\"tg-yw4l\">Pezzi\/Ctn:<\/td>\n<td class=\"tg-yw4l\">24pcs o secondo le richieste del cliente<\/td>\n<\/tr>\n<\/tbody>\n<\/table>","protected":false},"featured_media":4231,"comment_status":"closed","ping_status":"closed","template":"","meta":[],"product_cat":[55],"class_list":{"0":"post-4230","1":"product","2":"type-product","3":"status-publish","4":"has-post-thumbnail","6":"product_cat-375ml-liquor-bottle-manufacturer","8":"first","9":"instock","10":"shipping-taxable","11":"product-type-simple"},"yoast_head":"<!-- This site is optimized with the Yoast SEO plugin v22.0 - https:\/\/yoast.com\/wordpress\/plugins\/seo\/ -->\n<title>375ml Glass Liquor Bottles With Screw Top Manufacturers In Bulk Price<\/title>\n<meta name=\"description\" content=\"Ruisheng, one of China glass bottle manufacturer, provide 375ml glass liquor bottles with screw top wholesale in factory price. OEM Order Offered.\" \/>\n<meta name=\"robots\" content=\"index, follow, max-snippet:-1, max-image-preview:large, max-video-preview:-1\" \/>\n<link rel=\"canonical\" href=\"https:\/\/ruishengglassco.com\/it\/prodotto\/rs085-bottiglie-di-vetro-allingrosso-da-375-ml-con-coperchi-a-vite\" \/>\n<meta property=\"og:locale\" content=\"it_IT\" \/>\n<meta property=\"og:type\" content=\"article\" \/>\n<meta property=\"og:title\" content=\"375ml Glass Liquor Bottles With Screw Top Manufacturers In Bulk Price\" \/>\n<meta property=\"og:description\" content=\"Ruisheng, one of China glass bottle manufacturer, provide 375ml glass liquor bottles with screw top wholesale in factory price. OEM Order Offered.\" \/>\n<meta property=\"og:url\" content=\"https:\/\/ruishengglassco.com\/it\/prodotto\/rs085-bottiglie-di-vetro-allingrosso-da-375-ml-con-coperchi-a-vite\" \/>\n<meta property=\"article:publisher\" content=\"https:\/\/www.facebook.com\/ruishengglassbottles\" \/>\n<meta property=\"article:modified_time\" content=\"2025-09-11T08:11:41+00:00\" \/>\n<meta property=\"og:image\" content=\"https:\/\/ruishengglassco.com\/wp-content\/uploads\/2025\/03\/RS085-Wholesale-375ml-Glass-Bottles-With-Screw-Top-Lids.webp\" \/>\n\t<meta property=\"og:image:width\" content=\"800\" \/>\n\t<meta property=\"og:image:height\" content=\"800\" \/>\n\t<meta property=\"og:image:type\" content=\"image\/webp\" \/>\n<meta name=\"twitter:card\" content=\"summary_large_image\" \/>\n<meta name=\"twitter:label1\" content=\"Tempo di lettura stimato\" \/>\n\t<meta name=\"twitter:data1\" content=\"2 minuti\" \/>\n<script type=\"application\/ld+json\" class=\"yoast-schema-graph\">{\"@context\":\"https:\/\/schema.org\",\"@graph\":[{\"@type\":\"WebPage\",\"@id\":\"https:\/\/ruishengglassco.com\/product\/rs085-wholesale-375ml-glass-bottles-with-screw-top-lids\",\"url\":\"https:\/\/ruishengglassco.com\/product\/rs085-wholesale-375ml-glass-bottles-with-screw-top-lids\",\"name\":\"375ml Glass Liquor Bottles With Screw Top Manufacturers In Bulk Price\",\"isPartOf\":{\"@id\":\"https:\/\/ruishengglassco.com\/#website\"},\"datePublished\":\"2025-03-15T02:11:50+00:00\",\"dateModified\":\"2025-09-11T08:11:41+00:00\",\"description\":\"Ruisheng, one of China glass bottle manufacturer, provide 375ml glass liquor bottles with screw top wholesale in factory price. OEM Order Offered.\",\"breadcrumb\":{\"@id\":\"https:\/\/ruishengglassco.com\/product\/rs085-wholesale-375ml-glass-bottles-with-screw-top-lids#breadcrumb\"},\"inLanguage\":\"it-IT\",\"potentialAction\":[{\"@type\":\"ReadAction\",\"target\":[\"https:\/\/ruishengglassco.com\/product\/rs085-wholesale-375ml-glass-bottles-with-screw-top-lids\"]}]},{\"@type\":\"BreadcrumbList\",\"@id\":\"https:\/\/ruishengglassco.com\/product\/rs085-wholesale-375ml-glass-bottles-with-screw-top-lids#breadcrumb\",\"itemListElement\":[{\"@type\":\"ListItem\",\"position\":1,\"name\":\"Home\",\"item\":\"https:\/\/ruishengglassco.com\/\"},{\"@type\":\"ListItem\",\"position\":2,\"name\":\"Products\",\"item\":\"https:\/\/ruishengglassco.com\/products\"},{\"@type\":\"ListItem\",\"position\":3,\"name\":\"RS085: 375ml Glass Bottles With Screw Top Lids\"}]},{\"@type\":\"WebSite\",\"@id\":\"https:\/\/ruishengglassco.com\/#website\",\"url\":\"https:\/\/ruishengglassco.com\/\",\"name\":\"Ruisheng Glass\",\"description\":\"\",\"publisher\":{\"@id\":\"https:\/\/ruishengglassco.com\/#organization\"},\"potentialAction\":[{\"@type\":\"SearchAction\",\"target\":{\"@type\":\"EntryPoint\",\"urlTemplate\":\"https:\/\/ruishengglassco.com\/?s={search_term_string}\"},\"query-input\":\"required name=search_term_string\"}],\"inLanguage\":\"it-IT\"},{\"@type\":\"Organization\",\"@id\":\"https:\/\/ruishengglassco.com\/#organization\",\"name\":\"Shandong Yuncheng Ruisheng Glass Co., Ltd\",\"url\":\"https:\/\/ruishengglassco.com\/\",\"logo\":{\"@type\":\"ImageObject\",\"inLanguage\":\"it-IT\",\"@id\":\"https:\/\/ruishengglassco.com\/#\/schema\/logo\/image\/\",\"url\":\"https:\/\/ruishengglassco.com\/wp-content\/uploads\/2023\/09\/ruisheng_logo_icon.webp\",\"contentUrl\":\"https:\/\/ruishengglassco.com\/wp-content\/uploads\/2023\/09\/ruisheng_logo_icon.webp\",\"width\":400,\"height\":233,\"caption\":\"Shandong Yuncheng Ruisheng Glass Co., Ltd\"},\"image\":{\"@id\":\"https:\/\/ruishengglassco.com\/#\/schema\/logo\/image\/\"},\"sameAs\":[\"https:\/\/www.facebook.com\/ruishengglassbottles\",\"https:\/\/www.instagram.com\/Ruishengglassbottlewholesales\/\",\"https:\/\/www.youtube.com\/channel\/UCMmbMNGwsL-XrtjfSFLCdVQ\"]}]}<\/script>\n<!-- \/ Yoast SEO plugin. -->","yoast_head_json":{"title":"375ml Glass Liquor Bottles With Screw Top Manufacturers In Bulk Price","description":"Ruisheng, one of China glass bottle manufacturer, provide 375ml glass liquor bottles with screw top wholesale in factory price. OEM Order Offered.","robots":{"index":"index","follow":"follow","max-snippet":"max-snippet:-1","max-image-preview":"max-image-preview:large","max-video-preview":"max-video-preview:-1"},"canonical":"https:\/\/ruishengglassco.com\/it\/prodotto\/rs085-bottiglie-di-vetro-allingrosso-da-375-ml-con-coperchi-a-vite","og_locale":"it_IT","og_type":"article","og_title":"375ml Glass Liquor Bottles With Screw Top Manufacturers In Bulk Price","og_description":"Ruisheng, one of China glass bottle manufacturer, provide 375ml glass liquor bottles with screw top wholesale in factory price. OEM Order Offered.","og_url":"https:\/\/ruishengglassco.com\/it\/prodotto\/rs085-bottiglie-di-vetro-allingrosso-da-375-ml-con-coperchi-a-vite","article_publisher":"https:\/\/www.facebook.com\/ruishengglassbottles","article_modified_time":"2025-09-11T08:11:41+00:00","og_image":[{"width":800,"height":800,"url":"https:\/\/ruishengglassco.com\/wp-content\/uploads\/2025\/03\/RS085-Wholesale-375ml-Glass-Bottles-With-Screw-Top-Lids.webp","type":"image\/webp"}],"twitter_card":"summary_large_image","twitter_misc":{"Tempo di lettura stimato":"2 minuti"},"schema":{"@context":"https:\/\/schema.org","@graph":[{"@type":"WebPage","@id":"https:\/\/ruishengglassco.com\/product\/rs085-wholesale-375ml-glass-bottles-with-screw-top-lids","url":"https:\/\/ruishengglassco.com\/product\/rs085-wholesale-375ml-glass-bottles-with-screw-top-lids","name":"375ml Glass Liquor Bottles With Screw Top Manufacturers In Bulk Price","isPartOf":{"@id":"https:\/\/ruishengglassco.com\/#website"},"datePublished":"2025-03-15T02:11:50+00:00","dateModified":"2025-09-11T08:11:41+00:00","description":"Ruisheng, one of China glass bottle manufacturer, provide 375ml glass liquor bottles with screw top wholesale in factory price. OEM Order Offered.","breadcrumb":{"@id":"https:\/\/ruishengglassco.com\/product\/rs085-wholesale-375ml-glass-bottles-with-screw-top-lids#breadcrumb"},"inLanguage":"it-IT","potentialAction":[{"@type":"ReadAction","target":["https:\/\/ruishengglassco.com\/product\/rs085-wholesale-375ml-glass-bottles-with-screw-top-lids"]}]},{"@type":"BreadcrumbList","@id":"https:\/\/ruishengglassco.com\/product\/rs085-wholesale-375ml-glass-bottles-with-screw-top-lids#breadcrumb","itemListElement":[{"@type":"ListItem","position":1,"name":"Home","item":"https:\/\/ruishengglassco.com\/"},{"@type":"ListItem","position":2,"name":"Products","item":"https:\/\/ruishengglassco.com\/products"},{"@type":"ListItem","position":3,"name":"RS085: 375ml Glass Bottles With Screw Top Lids"}]},{"@type":"WebSite","@id":"https:\/\/ruishengglassco.com\/#website","url":"https:\/\/ruishengglassco.com\/","name":"Ruisheng Glass","description":"","publisher":{"@id":"https:\/\/ruishengglassco.com\/#organization"},"potentialAction":[{"@type":"SearchAction","target":{"@type":"EntryPoint","urlTemplate":"https:\/\/ruishengglassco.com\/?s={search_term_string}"},"query-input":"required name=search_term_string"}],"inLanguage":"it-IT"},{"@type":"Organization","@id":"https:\/\/ruishengglassco.com\/#organization","name":"Shandong Yuncheng Ruisheng Glass Co., Ltd","url":"https:\/\/ruishengglassco.com\/","logo":{"@type":"ImageObject","inLanguage":"it-IT","@id":"https:\/\/ruishengglassco.com\/#\/schema\/logo\/image\/","url":"https:\/\/ruishengglassco.com\/wp-content\/uploads\/2023\/09\/ruisheng_logo_icon.webp","contentUrl":"https:\/\/ruishengglassco.com\/wp-content\/uploads\/2023\/09\/ruisheng_logo_icon.webp","width":400,"height":233,"caption":"Shandong Yuncheng Ruisheng Glass Co., Ltd"},"image":{"@id":"https:\/\/ruishengglassco.com\/#\/schema\/logo\/image\/"},"sameAs":["https:\/\/www.facebook.com\/ruishengglassbottles","https:\/\/www.instagram.com\/Ruishengglassbottlewholesales\/","https:\/\/www.youtube.com\/channel\/UCMmbMNGwsL-XrtjfSFLCdVQ"]}]}},"_links":{"self":[{"href":"https:\/\/ruishengglassco.com\/it\/wp-json\/wp\/v2\/product\/4230","targetHints":{"allow":["GET"]}}],"collection":[{"href":"https:\/\/ruishengglassco.com\/it\/wp-json\/wp\/v2\/product"}],"about":[{"href":"https:\/\/ruishengglassco.com\/it\/wp-json\/wp\/v2\/types\/product"}],"replies":[{"embeddable":true,"href":"https:\/\/ruishengglassco.com\/it\/wp-json\/wp\/v2\/comments?post=4230"}],"wp:featuredmedia":[{"embeddable":true,"href":"https:\/\/ruishengglassco.com\/it\/wp-json\/wp\/v2\/media\/4231"}],"wp:attachment":[{"href":"https:\/\/ruishengglassco.com\/it\/wp-json\/wp\/v2\/media?parent=4230"}],"wp:term":[{"taxonomy":"product_cat","embeddable":true,"href":"https:\/\/ruishengglassco.com\/it\/wp-json\/wp\/v2\/product_cat?post=4230"}],"curies":[{"name":"wp","href":"https:\/\/api.w.org\/{rel}","templated":true}]}}