{"id":4224,"date":"2025-03-15T10:01:04","date_gmt":"2025-03-15T02:01:04","guid":{"rendered":"https:\/\/ruishengglassco.com\/?post_type=product&#038;p=4224"},"modified":"2025-07-17T13:58:10","modified_gmt":"2025-07-17T05:58:10","slug":"rs088-750ml-whisky-bottiglia-di-vetro-produttori","status":"publish","type":"product","link":"https:\/\/ruishengglassco.com\/it\/prodotto\/rs088-750ml-whisky-bottiglia-di-vetro-produttori","title":{"rendered":"RS088: Produttori di bottiglie di vetro per whisky da 750 ml"},"content":{"rendered":"<p><span data-preserver-spaces=\"true\">Il\u00a0<\/span><strong><span data-preserver-spaces=\"true\">bottiglia di vetro da 750 ml per whisky all'ingrosso<\/span><\/strong><span data-preserver-spaces=\"true\"> in vendita <\/span><span data-preserver-spaces=\"true\">\u00e8 prodotto<\/span><span data-preserver-spaces=\"true\"> da Shandong Yuncheng Ruisheng Glass Co., Ltd. La nostra azienda \u00e8 uno dei maggiori produttori di bottiglie di whisky da 750 ml in Cina.<\/span><\/p>\n<p><span data-preserver-spaces=\"true\">Le bottiglie di whisky vuote da 750 ml in vendita <\/span><span data-preserver-spaces=\"true\">sono realizzati<\/span><span data-preserver-spaces=\"true\"> in vetro flint di alta qualit\u00e0, che rende le bottiglie di vetro pi\u00f9 chiare, pi\u00f9 resistenti e pi\u00f9 lisce.<\/span><\/p>\n<p><span data-preserver-spaces=\"true\">Come professionista\u00a0<\/span><strong><em><span data-preserver-spaces=\"true\">fornitore di bottiglie da whisky in vetro<\/span><\/em><\/strong><span data-preserver-spaces=\"true\">La nostra azienda impiega oltre 500 dipendenti e dispone di un team di ingegneri specializzati. <\/span><span data-preserver-spaces=\"true\">Con <\/span><span data-preserver-spaces=\"true\">ricco<\/span><span data-preserver-spaces=\"true\"> esperienza, abbiamo un <\/span><span data-preserver-spaces=\"true\">buono<\/span><span data-preserver-spaces=\"true\"> reputazione <\/span><span data-preserver-spaces=\"true\">in tutto il mondo<\/span><span data-preserver-spaces=\"true\">.<\/span><\/p>\n<p><span data-preserver-spaces=\"true\">I nostri prodotti principali sono bottiglie di vetro per bevande di qualit\u00e0 superiore<\/span><span data-preserver-spaces=\"true\">, <\/span><span data-preserver-spaces=\"true\">tra cui bottiglie di vodka, bottiglie di brandy, bottiglie di whisky, bottiglie di liquore, bottiglie di marmellata e altro ancora. Possiamo anche offrire bottiglie di vetro ambrato, bottiglie verdi e bottiglie d'acqua. <\/span><span data-preserver-spaces=\"true\">Il nostro <\/span><span data-preserver-spaces=\"true\">principale<\/span><span data-preserver-spaces=\"true\"> mercati <\/span><span data-preserver-spaces=\"true\">sono<\/span><span data-preserver-spaces=\"true\"> Europa, <\/span><span data-preserver-spaces=\"true\">il <\/span><span data-preserver-spaces=\"true\">USA, Australia, <\/span><span data-preserver-spaces=\"true\">ecc.<\/span><span data-preserver-spaces=\"true\">.<\/span><span data-preserver-spaces=\"true\"> E tutti<\/span><\/p>\n<p><span style=\"font-size: 14.4px;\">I prodotti godono di un'ottima reputazione per l'innovazione e la funzionalit\u00e0.<\/span><\/p>\n<h2>Bottiglia di vetro per whisky da 750 ml all'ingrosso<\/h2>\n<p>Le informazioni sulle bottiglie di vetro da 750 ml in vendita sono riportate di seguito:<\/p>\n<ul>\n<li>Materiale principale: vetro ad alta percentuale di selce<\/li>\n<li>Tappo: tappo a vite<\/li>\n<li>Riferimento: RS088<\/li>\n<li>MOQ: 10000 PCS<\/li>\n<li>Capacit\u00e0: 750 ml<\/li>\n<li>Pezzi\/Ctn: 24 pezzi<\/li>\n<li>Origine del luogo: Shandong, Cina<\/li>\n<li>Caratteristiche: Eco-friendly<\/li>\n<\/ul>\n<p>Non offriamo solo bottiglie di vetro per whisky da 750 ml. Scoprite le nostre bottiglie per whisky da 100 e 250 ml con tappo. Abbiamo anche bottiglie di whisky trasparenti da 375 ml e bottiglie per liquori da 1000 ml. Se desiderate un tocco personalizzato, possiamo personalizzare le dimensioni della bottiglia, il tipo di vetro e l'etichetta del vostro decanter per whisky. Il nostro obiettivo \u00e8 produrre i migliori decanter per whisky e offrire il miglior servizio ai clienti di tutto il mondo.<\/p>\n<p>Se desiderate saperne di pi\u00f9 sulle nostre bottiglie di vetro per whisky da 750 ml, non esitate a contattarci. Vi risponderemo entro 24 ore.<\/p>","protected":false},"excerpt":{"rendered":"<p>Bottiglia di vetro per whisky da 750 ml (25 oz) all'ingrosso. Ha un design a prova di perdite e coperchi con tappo a vite. Realizzata in vetro ad alta resistenza, \u00e8 ideale per conservare whisky di alta qualit\u00e0.<\/p>\n<p>Ordine personalizzato per bottiglia di vetro per whisky:<\/p>\n<ul>\n<li>Riferimento: RS088<\/li>\n<li><strong>Servizio OEM\/ODM offerto. MOQ: 10000pcs (10000 PCS)<\/strong><\/li>\n<li>Tappo: a vite o personalizzato<\/li>\n<li>Materiale: Vetro ad alta selce<\/li>\n<li>Altezza della bottiglia: 220 mm<\/li>\n<li>Diametro della bottiglia: 90 mm<\/li>\n<\/ul>","protected":false},"featured_media":4225,"comment_status":"closed","ping_status":"closed","template":"","meta":[],"product_cat":[40,54],"class_list":{"0":"post-4224","1":"product","2":"type-product","3":"status-publish","4":"has-post-thumbnail","6":"product_cat-750ml-liquor-bottle-manufacturer","7":"product_cat-whiskey-bottle","9":"first","10":"instock","11":"shipping-taxable","12":"product-type-simple"},"yoast_head":"<!-- This site is optimized with the Yoast SEO plugin v22.0 - https:\/\/yoast.com\/wordpress\/plugins\/seo\/ -->\n<title>Whiskey Glass Bottle Wholesale | Empty Whsikey Bottle Manufacturers<\/title>\n<meta name=\"description\" content=\"Buy Whiskey Glass Bottle Wholesale From China Empty Whsikey Bottle Manufacturers. Factory Outlet&amp;Bulk Price\" \/>\n<meta name=\"robots\" content=\"index, follow, max-snippet:-1, max-image-preview:large, max-video-preview:-1\" \/>\n<link rel=\"canonical\" href=\"https:\/\/ruishengglassco.com\/it\/prodotto\/rs088-750ml-whisky-bottiglia-di-vetro-produttori\" \/>\n<meta property=\"og:locale\" content=\"it_IT\" \/>\n<meta property=\"og:type\" content=\"article\" \/>\n<meta property=\"og:title\" content=\"Whiskey Glass Bottle Wholesale | Empty Whsikey Bottle Manufacturers\" \/>\n<meta property=\"og:description\" content=\"Buy Whiskey Glass Bottle Wholesale From China Empty Whsikey Bottle Manufacturers. Factory Outlet&amp;Bulk Price\" \/>\n<meta property=\"og:url\" content=\"https:\/\/ruishengglassco.com\/it\/prodotto\/rs088-750ml-whisky-bottiglia-di-vetro-produttori\" \/>\n<meta property=\"article:publisher\" content=\"https:\/\/www.facebook.com\/ruishengglassbottles\" \/>\n<meta property=\"article:modified_time\" content=\"2025-07-17T05:58:10+00:00\" \/>\n<meta property=\"og:image\" content=\"https:\/\/ruishengglassco.com\/wp-content\/uploads\/2025\/03\/RS088-750ml-Whiskey-Glass-Bottle-Manufacturers.webp\" \/>\n\t<meta property=\"og:image:width\" content=\"800\" \/>\n\t<meta property=\"og:image:height\" content=\"800\" \/>\n\t<meta property=\"og:image:type\" content=\"image\/webp\" \/>\n<meta name=\"twitter:card\" content=\"summary_large_image\" \/>\n<meta name=\"twitter:label1\" content=\"Tempo di lettura stimato\" \/>\n\t<meta name=\"twitter:data1\" content=\"2 minuti\" \/>\n<script type=\"application\/ld+json\" class=\"yoast-schema-graph\">{\"@context\":\"https:\/\/schema.org\",\"@graph\":[{\"@type\":\"WebPage\",\"@id\":\"https:\/\/ruishengglassco.com\/product\/rs088-750ml-whiskey-glass-bottle-manufacturers\",\"url\":\"https:\/\/ruishengglassco.com\/product\/rs088-750ml-whiskey-glass-bottle-manufacturers\",\"name\":\"Whiskey Glass Bottle Wholesale | Empty Whsikey Bottle Manufacturers\",\"isPartOf\":{\"@id\":\"https:\/\/ruishengglassco.com\/#website\"},\"datePublished\":\"2025-03-15T02:01:04+00:00\",\"dateModified\":\"2025-07-17T05:58:10+00:00\",\"description\":\"Buy Whiskey Glass Bottle Wholesale From China Empty Whsikey Bottle Manufacturers. Factory Outlet&Bulk Price\",\"breadcrumb\":{\"@id\":\"https:\/\/ruishengglassco.com\/product\/rs088-750ml-whiskey-glass-bottle-manufacturers#breadcrumb\"},\"inLanguage\":\"it-IT\",\"potentialAction\":[{\"@type\":\"ReadAction\",\"target\":[\"https:\/\/ruishengglassco.com\/product\/rs088-750ml-whiskey-glass-bottle-manufacturers\"]}]},{\"@type\":\"BreadcrumbList\",\"@id\":\"https:\/\/ruishengglassco.com\/product\/rs088-750ml-whiskey-glass-bottle-manufacturers#breadcrumb\",\"itemListElement\":[{\"@type\":\"ListItem\",\"position\":1,\"name\":\"Home\",\"item\":\"https:\/\/ruishengglassco.com\/\"},{\"@type\":\"ListItem\",\"position\":2,\"name\":\"Products\",\"item\":\"https:\/\/ruishengglassco.com\/products\"},{\"@type\":\"ListItem\",\"position\":3,\"name\":\"RS088: 750ml Whiskey Glass Bottle Manufacturers\"}]},{\"@type\":\"WebSite\",\"@id\":\"https:\/\/ruishengglassco.com\/#website\",\"url\":\"https:\/\/ruishengglassco.com\/\",\"name\":\"Ruisheng Glass\",\"description\":\"\",\"publisher\":{\"@id\":\"https:\/\/ruishengglassco.com\/#organization\"},\"potentialAction\":[{\"@type\":\"SearchAction\",\"target\":{\"@type\":\"EntryPoint\",\"urlTemplate\":\"https:\/\/ruishengglassco.com\/?s={search_term_string}\"},\"query-input\":\"required name=search_term_string\"}],\"inLanguage\":\"it-IT\"},{\"@type\":\"Organization\",\"@id\":\"https:\/\/ruishengglassco.com\/#organization\",\"name\":\"Shandong Yuncheng Ruisheng Glass Co., Ltd\",\"url\":\"https:\/\/ruishengglassco.com\/\",\"logo\":{\"@type\":\"ImageObject\",\"inLanguage\":\"it-IT\",\"@id\":\"https:\/\/ruishengglassco.com\/#\/schema\/logo\/image\/\",\"url\":\"https:\/\/ruishengglassco.com\/wp-content\/uploads\/2023\/09\/ruisheng_logo_icon.webp\",\"contentUrl\":\"https:\/\/ruishengglassco.com\/wp-content\/uploads\/2023\/09\/ruisheng_logo_icon.webp\",\"width\":400,\"height\":233,\"caption\":\"Shandong Yuncheng Ruisheng Glass Co., Ltd\"},\"image\":{\"@id\":\"https:\/\/ruishengglassco.com\/#\/schema\/logo\/image\/\"},\"sameAs\":[\"https:\/\/www.facebook.com\/ruishengglassbottles\",\"https:\/\/www.instagram.com\/Ruishengglassbottlewholesales\/\",\"https:\/\/www.youtube.com\/channel\/UCMmbMNGwsL-XrtjfSFLCdVQ\"]}]}<\/script>\n<!-- \/ Yoast SEO plugin. -->","yoast_head_json":{"title":"Whiskey Glass Bottle Wholesale | Empty Whsikey Bottle Manufacturers","description":"Buy Whiskey Glass Bottle Wholesale From China Empty Whsikey Bottle Manufacturers. Factory Outlet&Bulk Price","robots":{"index":"index","follow":"follow","max-snippet":"max-snippet:-1","max-image-preview":"max-image-preview:large","max-video-preview":"max-video-preview:-1"},"canonical":"https:\/\/ruishengglassco.com\/it\/prodotto\/rs088-750ml-whisky-bottiglia-di-vetro-produttori","og_locale":"it_IT","og_type":"article","og_title":"Whiskey Glass Bottle Wholesale | Empty Whsikey Bottle Manufacturers","og_description":"Buy Whiskey Glass Bottle Wholesale From China Empty Whsikey Bottle Manufacturers. Factory Outlet&Bulk Price","og_url":"https:\/\/ruishengglassco.com\/it\/prodotto\/rs088-750ml-whisky-bottiglia-di-vetro-produttori","article_publisher":"https:\/\/www.facebook.com\/ruishengglassbottles","article_modified_time":"2025-07-17T05:58:10+00:00","og_image":[{"width":800,"height":800,"url":"https:\/\/ruishengglassco.com\/wp-content\/uploads\/2025\/03\/RS088-750ml-Whiskey-Glass-Bottle-Manufacturers.webp","type":"image\/webp"}],"twitter_card":"summary_large_image","twitter_misc":{"Tempo di lettura stimato":"2 minuti"},"schema":{"@context":"https:\/\/schema.org","@graph":[{"@type":"WebPage","@id":"https:\/\/ruishengglassco.com\/product\/rs088-750ml-whiskey-glass-bottle-manufacturers","url":"https:\/\/ruishengglassco.com\/product\/rs088-750ml-whiskey-glass-bottle-manufacturers","name":"Whiskey Glass Bottle Wholesale | Empty Whsikey Bottle Manufacturers","isPartOf":{"@id":"https:\/\/ruishengglassco.com\/#website"},"datePublished":"2025-03-15T02:01:04+00:00","dateModified":"2025-07-17T05:58:10+00:00","description":"Buy Whiskey Glass Bottle Wholesale From China Empty Whsikey Bottle Manufacturers. Factory Outlet&Bulk Price","breadcrumb":{"@id":"https:\/\/ruishengglassco.com\/product\/rs088-750ml-whiskey-glass-bottle-manufacturers#breadcrumb"},"inLanguage":"it-IT","potentialAction":[{"@type":"ReadAction","target":["https:\/\/ruishengglassco.com\/product\/rs088-750ml-whiskey-glass-bottle-manufacturers"]}]},{"@type":"BreadcrumbList","@id":"https:\/\/ruishengglassco.com\/product\/rs088-750ml-whiskey-glass-bottle-manufacturers#breadcrumb","itemListElement":[{"@type":"ListItem","position":1,"name":"Home","item":"https:\/\/ruishengglassco.com\/"},{"@type":"ListItem","position":2,"name":"Products","item":"https:\/\/ruishengglassco.com\/products"},{"@type":"ListItem","position":3,"name":"RS088: 750ml Whiskey Glass Bottle Manufacturers"}]},{"@type":"WebSite","@id":"https:\/\/ruishengglassco.com\/#website","url":"https:\/\/ruishengglassco.com\/","name":"Ruisheng Glass","description":"","publisher":{"@id":"https:\/\/ruishengglassco.com\/#organization"},"potentialAction":[{"@type":"SearchAction","target":{"@type":"EntryPoint","urlTemplate":"https:\/\/ruishengglassco.com\/?s={search_term_string}"},"query-input":"required name=search_term_string"}],"inLanguage":"it-IT"},{"@type":"Organization","@id":"https:\/\/ruishengglassco.com\/#organization","name":"Shandong Yuncheng Ruisheng Glass Co., Ltd","url":"https:\/\/ruishengglassco.com\/","logo":{"@type":"ImageObject","inLanguage":"it-IT","@id":"https:\/\/ruishengglassco.com\/#\/schema\/logo\/image\/","url":"https:\/\/ruishengglassco.com\/wp-content\/uploads\/2023\/09\/ruisheng_logo_icon.webp","contentUrl":"https:\/\/ruishengglassco.com\/wp-content\/uploads\/2023\/09\/ruisheng_logo_icon.webp","width":400,"height":233,"caption":"Shandong Yuncheng Ruisheng Glass Co., Ltd"},"image":{"@id":"https:\/\/ruishengglassco.com\/#\/schema\/logo\/image\/"},"sameAs":["https:\/\/www.facebook.com\/ruishengglassbottles","https:\/\/www.instagram.com\/Ruishengglassbottlewholesales\/","https:\/\/www.youtube.com\/channel\/UCMmbMNGwsL-XrtjfSFLCdVQ"]}]}},"_links":{"self":[{"href":"https:\/\/ruishengglassco.com\/it\/wp-json\/wp\/v2\/product\/4224","targetHints":{"allow":["GET"]}}],"collection":[{"href":"https:\/\/ruishengglassco.com\/it\/wp-json\/wp\/v2\/product"}],"about":[{"href":"https:\/\/ruishengglassco.com\/it\/wp-json\/wp\/v2\/types\/product"}],"replies":[{"embeddable":true,"href":"https:\/\/ruishengglassco.com\/it\/wp-json\/wp\/v2\/comments?post=4224"}],"wp:featuredmedia":[{"embeddable":true,"href":"https:\/\/ruishengglassco.com\/it\/wp-json\/wp\/v2\/media\/4225"}],"wp:attachment":[{"href":"https:\/\/ruishengglassco.com\/it\/wp-json\/wp\/v2\/media?parent=4224"}],"wp:term":[{"taxonomy":"product_cat","embeddable":true,"href":"https:\/\/ruishengglassco.com\/it\/wp-json\/wp\/v2\/product_cat?post=4224"}],"curies":[{"name":"wp","href":"https:\/\/api.w.org\/{rel}","templated":true}]}}