{"id":4192,"date":"2025-03-15T09:23:51","date_gmt":"2025-03-15T01:23:51","guid":{"rendered":"https:\/\/ruishengglassco.com\/?post_type=product&#038;p=4192"},"modified":"2025-09-11T16:19:37","modified_gmt":"2025-09-11T08:19:37","slug":"rs09850cl-bottiglie-di-vetro-rotonde-boston-allingrosso","status":"publish","type":"product","link":"https:\/\/ruishengglassco.com\/it\/prodotto\/rs09850cl-bottiglie-di-vetro-rotonde-boston-allingrosso","title":{"rendered":"RS098:50cl Boston Bottiglie di vetro rotonde Produttori"},"content":{"rendered":"<p><span data-preserver-spaces=\"true\">Bottiglie di vetro rotonde Boston da 50cl <\/span><span data-preserver-spaces=\"true\">sono prodotti<\/span><span data-preserver-spaces=\"true\"> in vetro di alta qualit\u00e0 dalla Cina per la vendita all'ingrosso. Queste bottiglie di liquore a buon mercato all'ingrosso <\/span><span data-preserver-spaces=\"true\">sono utilizzati<\/span><span data-preserver-spaces=\"true\"> per contenere vodka, whisky, liquori, bevande e altri liquidi.<\/span><\/p>\n<p><span data-preserver-spaces=\"true\">La nostra fabbrica, Shandong Yuncheng Ruisheng Glass Co., Ltd., \u00e8 situata nella contea di Yuncheng, rinomata per la sua esperienza nel confezionamento di liquori. La nostra fabbrica \u00e8 in grado di offrire una gamma di servizi, dalla produzione di bottiglie in vetro trasparente alla lavorazione profonda delle bottiglie.<\/span><\/p>\n<p><span data-preserver-spaces=\"true\">Ci sono<\/span><span data-preserver-spaces=\"true\"> 12 linee di produzione per <\/span><span data-preserver-spaces=\"true\">il<\/span><span data-preserver-spaces=\"true\"> bottiglie di vetro <\/span><span data-preserver-spaces=\"true\">nel nostro stabilimento<\/span><span data-preserver-spaces=\"true\">entrambi completamente automatici <\/span><span data-preserver-spaces=\"true\">macchine<\/span><span data-preserver-spaces=\"true\"> e macchine semiautomatiche.<\/span><span data-preserver-spaces=\"true\"> La nostra produzione giornaliera \u00e8 di circa 120.000 pezzi. Indipendentemente dal numero di bottiglie di vetro per liquori ordinate, siamo tutti in grado di finirle in tempo. La nostra fabbrica ha pi\u00f9 di 500 dipendenti e un gruppo di esperti di controllo qualit\u00e0 e designer. <\/span><span data-preserver-spaces=\"true\">Possiamo progettare e <\/span><span data-preserver-spaces=\"true\">fare il<\/span><span data-preserver-spaces=\"true\"> bottiglie di vetro personalizzate dopo <\/span><span data-preserver-spaces=\"true\">ottenere<\/span><span data-preserver-spaces=\"true\"> la vostra foto o idea.<\/span><\/p>\n<h2><span data-preserver-spaces=\"true\">I dettagli delle bottiglie di vetro rotonde Boston da 50cl<\/span><\/h2>\n<p><span data-preserver-spaces=\"true\">Queste bottiglie di vetro rotonde Boston da 50cl all'ingrosso <\/span><span data-preserver-spaces=\"true\">sono realizzati<\/span><span data-preserver-spaces=\"true\"> in vetro flint di alta qualit\u00e0. Questo materiale \u00e8 il migliore per l'uso quotidiano delle bottiglie di vetro. <\/span><span data-preserver-spaces=\"true\">Il peso di questa bottiglia di vetro \u00e8 di 580 \u00b1 10 g, mentre la sua capacit\u00e0 \u00e8 di 520 \u00b1 <\/span><span data-preserver-spaces=\"true\">10ml<\/span><span data-preserver-spaces=\"true\">.<\/span><span data-preserver-spaces=\"true\"> Le dimensioni della bottiglia di vetro sono 84,2x 192,2 mm. <\/span><span data-preserver-spaces=\"true\">Il suo diametro \u00e8 <\/span><span data-preserver-spaces=\"true\">84,2 mm<\/span><span data-preserver-spaces=\"true\">e la sua altezza \u00e8 <\/span><span data-preserver-spaces=\"true\">192,2 mm<\/span><span data-preserver-spaces=\"true\">.<\/span><span data-preserver-spaces=\"true\"> Lo spessore del fondo \u00e8 di 19\u00b12 mm.<\/span><\/p>\n<h2><span data-preserver-spaces=\"true\">Il tempo di consegna di queste bottiglie di liquore a buon mercato dai produttori<\/span><\/h2>\n<p><span data-preserver-spaces=\"true\">Bottiglie di vetro in stock<\/span><\/p>\n<p><span data-preserver-spaces=\"true\">Possiamo spedirli immediatamente. Il tempo di arrivo dipende dal tempo di transito verso la destinazione finale.<\/span><\/p>\n<p><span data-preserver-spaces=\"true\">Le bottiglie di vetro con stampo esistente<\/span><\/p>\n<p><span data-preserver-spaces=\"true\">Queste bottiglie di vetro saranno spedite<\/span><span data-preserver-spaces=\"true\"> entro 20-30 giorni. Il tempo di arrivo dipende dal tempo di transito verso la destinazione finale.<\/span><\/p>\n<p><span data-preserver-spaces=\"true\">Le bottiglie di vetro personalizzate<\/span><\/p>\n<p><span data-preserver-spaces=\"true\">Il tempo di stampaggio \u00e8 di circa 15-20 giorni e il tempo di consegna per la produzione di massa \u00e8 di circa 20-30 giorni, il che significa che il tempo di consegna \u00e8 di circa 20 giorni. <\/span><span data-preserver-spaces=\"true\">si basa<\/span><span data-preserver-spaces=\"true\"> in base al nostro programma di produzione. Il tempo di arrivo dipende dal tempo di transito verso la destinazione finale.<\/span><\/p>\n<p><span data-preserver-spaces=\"true\">Se desiderate acquistare bottiglie di vetro rotonde Boston da 50cl o bottiglie di vetro all'ingrosso, contattateci tramite il nostro sito web.<\/span><span data-preserver-spaces=\"true\"> e<\/span><span data-preserver-spaces=\"true\"> risponderemo il prima possibile.<\/span><\/p>","protected":false},"excerpt":{"rendered":"<p>Se siete interessati alle nostre bottiglie di vetro Boston da 500 ml, contattateci. Vi risponderemo entro 24 ore.<\/p>","protected":false},"featured_media":4193,"comment_status":"closed","ping_status":"closed","template":"","meta":[],"product_cat":[41,50],"class_list":{"0":"post-4192","1":"product","2":"type-product","3":"status-publish","4":"has-post-thumbnail","6":"product_cat-500ml-liquor-bottle-manufacturer","7":"product_cat-gin-bottle","9":"first","10":"instock","11":"shipping-taxable","12":"product-type-simple"},"yoast_head":"<!-- This site is optimized with the Yoast SEO plugin v22.0 - https:\/\/yoast.com\/wordpress\/plugins\/seo\/ -->\n<title>Cheap Liquor Bottles Manufacturers | 50cl Boston Round Glass Bottles Bulk<\/title>\n<meta name=\"description\" content=\"Want To Buy Cheap Liquor Bottles Wholesale? Click here to know 50cl Boston Round Glass Bottles Bulk From China Liquor Bottle Manufacturing Factory.\" \/>\n<meta name=\"robots\" content=\"index, follow, max-snippet:-1, max-image-preview:large, max-video-preview:-1\" \/>\n<link rel=\"canonical\" href=\"https:\/\/ruishengglassco.com\/it\/prodotto\/rs09850cl-bottiglie-di-vetro-rotonde-boston-allingrosso\" \/>\n<meta property=\"og:locale\" content=\"it_IT\" \/>\n<meta property=\"og:type\" content=\"article\" \/>\n<meta property=\"og:title\" content=\"Cheap Liquor Bottles Manufacturers | 50cl Boston Round Glass Bottles Bulk\" \/>\n<meta property=\"og:description\" content=\"Want To Buy Cheap Liquor Bottles Wholesale? Click here to know 50cl Boston Round Glass Bottles Bulk From China Liquor Bottle Manufacturing Factory.\" \/>\n<meta property=\"og:url\" content=\"https:\/\/ruishengglassco.com\/it\/prodotto\/rs09850cl-bottiglie-di-vetro-rotonde-boston-allingrosso\" \/>\n<meta property=\"article:publisher\" content=\"https:\/\/www.facebook.com\/ruishengglassbottles\" \/>\n<meta property=\"article:modified_time\" content=\"2025-09-11T08:19:37+00:00\" \/>\n<meta property=\"og:image\" content=\"https:\/\/ruishengglassco.com\/wp-content\/uploads\/2025\/03\/RS098-50cl-Boston-Round-Glass-Bottles-Wholesale.webp\" \/>\n\t<meta property=\"og:image:width\" content=\"400\" \/>\n\t<meta property=\"og:image:height\" content=\"400\" \/>\n\t<meta property=\"og:image:type\" content=\"image\/webp\" \/>\n<meta name=\"twitter:card\" content=\"summary_large_image\" \/>\n<meta name=\"twitter:label1\" content=\"Tempo di lettura stimato\" \/>\n\t<meta name=\"twitter:data1\" content=\"2 minuti\" \/>\n<script type=\"application\/ld+json\" class=\"yoast-schema-graph\">{\"@context\":\"https:\/\/schema.org\",\"@graph\":[{\"@type\":\"WebPage\",\"@id\":\"https:\/\/ruishengglassco.com\/product\/rs09850cl-boston-round-glass-bottles-wholesale\",\"url\":\"https:\/\/ruishengglassco.com\/product\/rs09850cl-boston-round-glass-bottles-wholesale\",\"name\":\"Cheap Liquor Bottles Manufacturers | 50cl Boston Round Glass Bottles Bulk\",\"isPartOf\":{\"@id\":\"https:\/\/ruishengglassco.com\/#website\"},\"datePublished\":\"2025-03-15T01:23:51+00:00\",\"dateModified\":\"2025-09-11T08:19:37+00:00\",\"description\":\"Want To Buy Cheap Liquor Bottles Wholesale? Click here to know 50cl Boston Round Glass Bottles Bulk From China Liquor Bottle Manufacturing Factory.\",\"breadcrumb\":{\"@id\":\"https:\/\/ruishengglassco.com\/product\/rs09850cl-boston-round-glass-bottles-wholesale#breadcrumb\"},\"inLanguage\":\"it-IT\",\"potentialAction\":[{\"@type\":\"ReadAction\",\"target\":[\"https:\/\/ruishengglassco.com\/product\/rs09850cl-boston-round-glass-bottles-wholesale\"]}]},{\"@type\":\"BreadcrumbList\",\"@id\":\"https:\/\/ruishengglassco.com\/product\/rs09850cl-boston-round-glass-bottles-wholesale#breadcrumb\",\"itemListElement\":[{\"@type\":\"ListItem\",\"position\":1,\"name\":\"Home\",\"item\":\"https:\/\/ruishengglassco.com\/\"},{\"@type\":\"ListItem\",\"position\":2,\"name\":\"Products\",\"item\":\"https:\/\/ruishengglassco.com\/products\"},{\"@type\":\"ListItem\",\"position\":3,\"name\":\"RS098:50cl Boston Round Glass Bottles Manufacturers\"}]},{\"@type\":\"WebSite\",\"@id\":\"https:\/\/ruishengglassco.com\/#website\",\"url\":\"https:\/\/ruishengglassco.com\/\",\"name\":\"Ruisheng Glass\",\"description\":\"\",\"publisher\":{\"@id\":\"https:\/\/ruishengglassco.com\/#organization\"},\"potentialAction\":[{\"@type\":\"SearchAction\",\"target\":{\"@type\":\"EntryPoint\",\"urlTemplate\":\"https:\/\/ruishengglassco.com\/?s={search_term_string}\"},\"query-input\":\"required name=search_term_string\"}],\"inLanguage\":\"it-IT\"},{\"@type\":\"Organization\",\"@id\":\"https:\/\/ruishengglassco.com\/#organization\",\"name\":\"Shandong Yuncheng Ruisheng Glass Co., Ltd\",\"url\":\"https:\/\/ruishengglassco.com\/\",\"logo\":{\"@type\":\"ImageObject\",\"inLanguage\":\"it-IT\",\"@id\":\"https:\/\/ruishengglassco.com\/#\/schema\/logo\/image\/\",\"url\":\"https:\/\/ruishengglassco.com\/wp-content\/uploads\/2023\/09\/ruisheng_logo_icon.webp\",\"contentUrl\":\"https:\/\/ruishengglassco.com\/wp-content\/uploads\/2023\/09\/ruisheng_logo_icon.webp\",\"width\":400,\"height\":233,\"caption\":\"Shandong Yuncheng Ruisheng Glass Co., Ltd\"},\"image\":{\"@id\":\"https:\/\/ruishengglassco.com\/#\/schema\/logo\/image\/\"},\"sameAs\":[\"https:\/\/www.facebook.com\/ruishengglassbottles\",\"https:\/\/www.instagram.com\/Ruishengglassbottlewholesales\/\",\"https:\/\/www.youtube.com\/channel\/UCMmbMNGwsL-XrtjfSFLCdVQ\"]}]}<\/script>\n<!-- \/ Yoast SEO plugin. -->","yoast_head_json":{"title":"Cheap Liquor Bottles Manufacturers | 50cl Boston Round Glass Bottles Bulk","description":"Want To Buy Cheap Liquor Bottles Wholesale? Click here to know 50cl Boston Round Glass Bottles Bulk From China Liquor Bottle Manufacturing Factory.","robots":{"index":"index","follow":"follow","max-snippet":"max-snippet:-1","max-image-preview":"max-image-preview:large","max-video-preview":"max-video-preview:-1"},"canonical":"https:\/\/ruishengglassco.com\/it\/prodotto\/rs09850cl-bottiglie-di-vetro-rotonde-boston-allingrosso","og_locale":"it_IT","og_type":"article","og_title":"Cheap Liquor Bottles Manufacturers | 50cl Boston Round Glass Bottles Bulk","og_description":"Want To Buy Cheap Liquor Bottles Wholesale? Click here to know 50cl Boston Round Glass Bottles Bulk From China Liquor Bottle Manufacturing Factory.","og_url":"https:\/\/ruishengglassco.com\/it\/prodotto\/rs09850cl-bottiglie-di-vetro-rotonde-boston-allingrosso","article_publisher":"https:\/\/www.facebook.com\/ruishengglassbottles","article_modified_time":"2025-09-11T08:19:37+00:00","og_image":[{"width":400,"height":400,"url":"https:\/\/ruishengglassco.com\/wp-content\/uploads\/2025\/03\/RS098-50cl-Boston-Round-Glass-Bottles-Wholesale.webp","type":"image\/webp"}],"twitter_card":"summary_large_image","twitter_misc":{"Tempo di lettura stimato":"2 minuti"},"schema":{"@context":"https:\/\/schema.org","@graph":[{"@type":"WebPage","@id":"https:\/\/ruishengglassco.com\/product\/rs09850cl-boston-round-glass-bottles-wholesale","url":"https:\/\/ruishengglassco.com\/product\/rs09850cl-boston-round-glass-bottles-wholesale","name":"Cheap Liquor Bottles Manufacturers | 50cl Boston Round Glass Bottles Bulk","isPartOf":{"@id":"https:\/\/ruishengglassco.com\/#website"},"datePublished":"2025-03-15T01:23:51+00:00","dateModified":"2025-09-11T08:19:37+00:00","description":"Want To Buy Cheap Liquor Bottles Wholesale? Click here to know 50cl Boston Round Glass Bottles Bulk From China Liquor Bottle Manufacturing Factory.","breadcrumb":{"@id":"https:\/\/ruishengglassco.com\/product\/rs09850cl-boston-round-glass-bottles-wholesale#breadcrumb"},"inLanguage":"it-IT","potentialAction":[{"@type":"ReadAction","target":["https:\/\/ruishengglassco.com\/product\/rs09850cl-boston-round-glass-bottles-wholesale"]}]},{"@type":"BreadcrumbList","@id":"https:\/\/ruishengglassco.com\/product\/rs09850cl-boston-round-glass-bottles-wholesale#breadcrumb","itemListElement":[{"@type":"ListItem","position":1,"name":"Home","item":"https:\/\/ruishengglassco.com\/"},{"@type":"ListItem","position":2,"name":"Products","item":"https:\/\/ruishengglassco.com\/products"},{"@type":"ListItem","position":3,"name":"RS098:50cl Boston Round Glass Bottles Manufacturers"}]},{"@type":"WebSite","@id":"https:\/\/ruishengglassco.com\/#website","url":"https:\/\/ruishengglassco.com\/","name":"Ruisheng Glass","description":"","publisher":{"@id":"https:\/\/ruishengglassco.com\/#organization"},"potentialAction":[{"@type":"SearchAction","target":{"@type":"EntryPoint","urlTemplate":"https:\/\/ruishengglassco.com\/?s={search_term_string}"},"query-input":"required name=search_term_string"}],"inLanguage":"it-IT"},{"@type":"Organization","@id":"https:\/\/ruishengglassco.com\/#organization","name":"Shandong Yuncheng Ruisheng Glass Co., Ltd","url":"https:\/\/ruishengglassco.com\/","logo":{"@type":"ImageObject","inLanguage":"it-IT","@id":"https:\/\/ruishengglassco.com\/#\/schema\/logo\/image\/","url":"https:\/\/ruishengglassco.com\/wp-content\/uploads\/2023\/09\/ruisheng_logo_icon.webp","contentUrl":"https:\/\/ruishengglassco.com\/wp-content\/uploads\/2023\/09\/ruisheng_logo_icon.webp","width":400,"height":233,"caption":"Shandong Yuncheng Ruisheng Glass Co., Ltd"},"image":{"@id":"https:\/\/ruishengglassco.com\/#\/schema\/logo\/image\/"},"sameAs":["https:\/\/www.facebook.com\/ruishengglassbottles","https:\/\/www.instagram.com\/Ruishengglassbottlewholesales\/","https:\/\/www.youtube.com\/channel\/UCMmbMNGwsL-XrtjfSFLCdVQ"]}]}},"_links":{"self":[{"href":"https:\/\/ruishengglassco.com\/it\/wp-json\/wp\/v2\/product\/4192","targetHints":{"allow":["GET"]}}],"collection":[{"href":"https:\/\/ruishengglassco.com\/it\/wp-json\/wp\/v2\/product"}],"about":[{"href":"https:\/\/ruishengglassco.com\/it\/wp-json\/wp\/v2\/types\/product"}],"replies":[{"embeddable":true,"href":"https:\/\/ruishengglassco.com\/it\/wp-json\/wp\/v2\/comments?post=4192"}],"wp:featuredmedia":[{"embeddable":true,"href":"https:\/\/ruishengglassco.com\/it\/wp-json\/wp\/v2\/media\/4193"}],"wp:attachment":[{"href":"https:\/\/ruishengglassco.com\/it\/wp-json\/wp\/v2\/media?parent=4192"}],"wp:term":[{"taxonomy":"product_cat","embeddable":true,"href":"https:\/\/ruishengglassco.com\/it\/wp-json\/wp\/v2\/product_cat?post=4192"}],"curies":[{"name":"wp","href":"https:\/\/api.w.org\/{rel}","templated":true}]}}