{"id":4190,"date":"2025-03-15T09:20:48","date_gmt":"2025-03-15T01:20:48","guid":{"rendered":"https:\/\/ruishengglassco.com\/?post_type=product&#038;p=4190"},"modified":"2025-09-11T16:51:23","modified_gmt":"2025-09-11T08:51:23","slug":"rs101750ml-bottiglie-swing-top-fabbrica","status":"publish","type":"product","link":"https:\/\/ruishengglassco.com\/it\/prodotto\/rs101750ml-bottiglie-swing-top-fabbrica","title":{"rendered":"RS101: 750ml Swing Top Bottiglie Fabbrica"},"content":{"rendered":"<p>Questa bottiglia Swing-Top da 750 ml \u00e8 realizzata in vetro flint di alta qualit\u00e0. Questo materiale rende la bottiglia chiara, trasparente ed elegante. Mette in mostra l'eccellente qualit\u00e0 del vostro liquore.<\/p>\n<p>In qualit\u00e0 di produttore professionale di bottiglie per liquori di alta qualit\u00e0 in Cina, Ruisheng si \u00e8 concentrata sulla produzione di bottiglie di vetro dal 2009. La nostra fabbrica si estende su una superficie di 20.000 metri quadrati e ha una produzione giornaliera fino a 120.000 bottiglie. Con pi\u00f9 di 500 dipendenti e 10 linee di produzione nella nostra fabbrica, garantiamo che tutti gli ordini siano completati in tempo.<\/p>\n<h2>I dettagli di 750ml Swing Top Bottiglie fabbrica<\/h2>\n<ul>\n<li>Materiale principale: Vetro<\/li>\n<li>Tappo: Sughero<\/li>\n<li>Riferimento: RS101<\/li>\n<li><strong>MOQ: 10000 PCS<\/strong><\/li>\n<li>Capacit\u00e0: 750 ml<\/li>\n<li>PCS\/CTN: 24pcs o secondo le richieste del cliente<\/li>\n<li>Origine del luogo: Shandong, Cina<\/li>\n<li>Caratteristiche: Eco-friendly<\/li>\n<\/ul>\n<p><span data-preserver-spaces=\"true\">Il nostro imballaggio per questi contenitori per liquori in vetro da 750 ml \u00e8 in genere costituito da cartoni o pallet standard per l'esportazione. <\/span><span data-preserver-spaces=\"true\">E noi<\/span><span data-preserver-spaces=\"true\"> pu\u00f2 anche confezionare la bottiglia <\/span><span data-preserver-spaces=\"true\">con<\/span><span data-preserver-spaces=\"true\"> cartoni e pallet standard per l'esportazione se <\/span><span data-preserver-spaces=\"true\">ne avete bisogno<\/span><span data-preserver-spaces=\"true\">.<\/span> <span data-preserver-spaces=\"true\">Il nostro CQ <\/span><span data-preserver-spaces=\"true\">controllo<\/span><span data-preserver-spaces=\"true\"> il vetro <\/span><span data-preserver-spaces=\"true\">qualit\u00e0 delle bottiglie<\/span><span data-preserver-spaces=\"true\"> prima dell'imballaggio e non spediremo alcun <\/span><span data-preserver-spaces=\"true\">cattivo<\/span><span data-preserver-spaces=\"true\"> merci dalla nostra fabbrica.<\/span><\/p>\n<p><span data-preserver-spaces=\"true\">La nostra fabbrica dispone di una flotta di camion. Questa flotta invia le bottiglie di vetro al porto di Qingdao, assicurando che vengano caricate a bordo in tempo.<\/span><\/p>\n<h4><span data-preserver-spaces=\"true\">Informazioni sulle nostre principali bottiglie di vetro in vendita<\/span><\/h4>\n<p><span data-preserver-spaces=\"true\">I nostri prodotti principali sono bottiglie di vetro di alta qualit\u00e0, come le bottiglie di vetro per vodka e altre bottiglie di vetro colorate. <\/span><span data-preserver-spaces=\"true\">Il nostro <\/span><span data-preserver-spaces=\"true\">principale<\/span><span data-preserver-spaces=\"true\"> mercati <\/span><span data-preserver-spaces=\"true\">sono<\/span><span data-preserver-spaces=\"true\"> Europa, <\/span><span data-preserver-spaces=\"true\">il <\/span><span data-preserver-spaces=\"true\">USA, Australia, <\/span><span data-preserver-spaces=\"true\">ecc.<\/span><span data-preserver-spaces=\"true\">.<\/span><span data-preserver-spaces=\"true\"> Tutti i prodotti godono di un'ottima reputazione per innovazione e funzionalit\u00e0.<\/span><\/p>\n<p><span data-preserver-spaces=\"true\">La nostra azienda continuer\u00e0 ad aderire al principio \"Buona fede, buona qualit\u00e0\". Sosteniamo il concetto di servizio \"integrit\u00e0, attenzione, efficienza, pragmatismo\" con un atteggiamento fiducioso per raggiungere l'obiettivo dell'azienda di diventare un marchio cinese del vetro.<\/span><\/p>\n<p><span data-preserver-spaces=\"true\">Se <\/span><span data-preserver-spaces=\"true\">desiderare<\/span><span data-preserver-spaces=\"true\"> per informarsi su<\/span> <span data-preserver-spaces=\"true\">il nostro Wholesale 750ml liquore alla pietra focaia <\/span><span data-preserver-spaces=\"true\">bottiglia<\/span><span data-preserver-spaces=\"true\"> o liquore in vetro da 750 ml personalizzato <\/span><span data-preserver-spaces=\"true\">contenitore<\/span><span data-preserver-spaces=\"true\">, per favore <\/span><span data-preserver-spaces=\"true\">contattate<\/span><span data-preserver-spaces=\"true\"> noi.<\/span><span data-preserver-spaces=\"true\"> Vi risponderemo al pi\u00f9 presto. <\/span><span data-preserver-spaces=\"true\">Il nostro <\/span><span data-preserver-spaces=\"true\">scopo<\/span><span data-preserver-spaces=\"true\"> \u00e8 quello di <\/span><span data-preserver-spaces=\"true\">fare un<\/span><span data-preserver-spaces=\"true\"> vetro di alta qualit\u00e0 <\/span><span data-preserver-spaces=\"true\">bottiglia<\/span><span data-preserver-spaces=\"true\"> e <\/span><span data-preserver-spaces=\"true\">offerta<\/span><span data-preserver-spaces=\"true\"> il miglior servizio ai clienti <\/span><span data-preserver-spaces=\"true\">da tutto il mondo<\/span><span data-preserver-spaces=\"true\">.<\/span><\/p>","protected":false},"excerpt":{"rendered":"<p>Questa bottiglia per liquori da 750 ml \u00e8 utilizzata principalmente per il confezionamento di bevande alcoliche. Queste bottiglie per liquori da 750 ml sono realizzate con materia prima di vetro.<\/p>","protected":false},"featured_media":4191,"comment_status":"closed","ping_status":"closed","template":"","meta":[],"product_cat":[40],"class_list":{"0":"post-4190","1":"product","2":"type-product","3":"status-publish","4":"has-post-thumbnail","6":"product_cat-750ml-liquor-bottle-manufacturer","8":"first","9":"instock","10":"shipping-taxable","11":"product-type-simple"},"yoast_head":"<!-- This site is optimized with the Yoast SEO plugin v22.0 - https:\/\/yoast.com\/wordpress\/plugins\/seo\/ -->\n<title>750ml Swing Top Bottles Factory | High Flint Liquor Bottle Manufacturer<\/title>\n<meta name=\"description\" content=\"These 750ml Swing Top Bottles Factory are made by high flint glass material, which widely used for liquor packaging. Primary Liquor Bottle Manufacturer, Sales In Cheap Price.\" \/>\n<meta name=\"robots\" content=\"index, follow, max-snippet:-1, max-image-preview:large, max-video-preview:-1\" \/>\n<link rel=\"canonical\" href=\"https:\/\/ruishengglassco.com\/it\/rs101750ml-bottiglie-swing-top-fabbrica\/\" \/>\n<meta property=\"og:locale\" content=\"it_IT\" \/>\n<meta property=\"og:type\" content=\"article\" \/>\n<meta property=\"og:title\" content=\"750ml Swing Top Bottles Factory | High Flint Liquor Bottle Manufacturer\" \/>\n<meta property=\"og:description\" content=\"These 750ml Swing Top Bottles Factory are made by high flint glass material, which widely used for liquor packaging. Primary Liquor Bottle Manufacturer, Sales In Cheap Price.\" \/>\n<meta property=\"og:url\" content=\"https:\/\/ruishengglassco.com\/it\/rs101750ml-bottiglie-swing-top-fabbrica\/\" \/>\n<meta property=\"article:publisher\" content=\"https:\/\/www.facebook.com\/ruishengglassbottles\" \/>\n<meta property=\"article:modified_time\" content=\"2025-09-11T08:51:23+00:00\" \/>\n<meta property=\"og:image\" content=\"https:\/\/ruishengglassco.com\/wp-content\/uploads\/2025\/03\/RS101-750ml-Swing-Top-Bottles-Wholesale.webp\" \/>\n\t<meta property=\"og:image:width\" content=\"800\" \/>\n\t<meta property=\"og:image:height\" content=\"800\" \/>\n\t<meta property=\"og:image:type\" content=\"image\/webp\" \/>\n<meta name=\"twitter:card\" content=\"summary_large_image\" \/>\n<meta name=\"twitter:label1\" content=\"Tempo di lettura stimato\" \/>\n\t<meta name=\"twitter:data1\" content=\"2 minuti\" \/>\n<script type=\"application\/ld+json\" class=\"yoast-schema-graph\">{\"@context\":\"https:\/\/schema.org\",\"@graph\":[{\"@type\":\"WebPage\",\"@id\":\"https:\/\/ruishengglassco.com\/ru\/rs101750ml-%d0%b1%d1%83%d1%82%d1%8b%d0%bb%d0%ba%d0%b8-%d1%81-%d0%bf%d0%be%d0%b2%d0%be%d1%80%d0%be%d1%82%d0%bd%d1%8b%d0%bc-%d0%b2%d0%b5%d1%80%d1%85%d0%be%d0%bc-%d0%be%d0%bf%d1%82%d0%be%d0%bc\",\"url\":\"https:\/\/ruishengglassco.com\/ru\/rs101750ml-%d0%b1%d1%83%d1%82%d1%8b%d0%bb%d0%ba%d0%b8-%d1%81-%d0%bf%d0%be%d0%b2%d0%be%d1%80%d0%be%d1%82%d0%bd%d1%8b%d0%bc-%d0%b2%d0%b5%d1%80%d1%85%d0%be%d0%bc-%d0%be%d0%bf%d1%82%d0%be%d0%bc\",\"name\":\"750ml Swing Top Bottles Factory | High Flint Liquor Bottle Manufacturer\",\"isPartOf\":{\"@id\":\"https:\/\/ruishengglassco.com\/#website\"},\"datePublished\":\"2025-03-15T01:20:48+00:00\",\"dateModified\":\"2025-09-11T08:51:23+00:00\",\"description\":\"These 750ml Swing Top Bottles Factory are made by high flint glass material, which widely used for liquor packaging. Primary Liquor Bottle Manufacturer, Sales In Cheap Price.\",\"breadcrumb\":{\"@id\":\"https:\/\/ruishengglassco.com\/ru\/rs101750ml-%d0%b1%d1%83%d1%82%d1%8b%d0%bb%d0%ba%d0%b8-%d1%81-%d0%bf%d0%be%d0%b2%d0%be%d1%80%d0%be%d1%82%d0%bd%d1%8b%d0%bc-%d0%b2%d0%b5%d1%80%d1%85%d0%be%d0%bc-%d0%be%d0%bf%d1%82%d0%be%d0%bc#breadcrumb\"},\"inLanguage\":\"it-IT\",\"potentialAction\":[{\"@type\":\"ReadAction\",\"target\":[\"https:\/\/ruishengglassco.com\/ru\/rs101750ml-%d0%b1%d1%83%d1%82%d1%8b%d0%bb%d0%ba%d0%b8-%d1%81-%d0%bf%d0%be%d0%b2%d0%be%d1%80%d0%be%d1%82%d0%bd%d1%8b%d0%bc-%d0%b2%d0%b5%d1%80%d1%85%d0%be%d0%bc-%d0%be%d0%bf%d1%82%d0%be%d0%bc\"]}]},{\"@type\":\"BreadcrumbList\",\"@id\":\"https:\/\/ruishengglassco.com\/ru\/rs101750ml-%d0%b1%d1%83%d1%82%d1%8b%d0%bb%d0%ba%d0%b8-%d1%81-%d0%bf%d0%be%d0%b2%d0%be%d1%80%d0%be%d1%82%d0%bd%d1%8b%d0%bc-%d0%b2%d0%b5%d1%80%d1%85%d0%be%d0%bc-%d0%be%d0%bf%d1%82%d0%be%d0%bc#breadcrumb\",\"itemListElement\":[{\"@type\":\"ListItem\",\"position\":1,\"name\":\"Home\",\"item\":\"https:\/\/ruishengglassco.com\/\"},{\"@type\":\"ListItem\",\"position\":2,\"name\":\"Products\",\"item\":\"https:\/\/ruishengglassco.com\/products\"},{\"@type\":\"ListItem\",\"position\":3,\"name\":\"RS101:750ml Swing Top Bottles Factory\"}]},{\"@type\":\"WebSite\",\"@id\":\"https:\/\/ruishengglassco.com\/#website\",\"url\":\"https:\/\/ruishengglassco.com\/\",\"name\":\"Ruisheng Glass\",\"description\":\"\",\"publisher\":{\"@id\":\"https:\/\/ruishengglassco.com\/#organization\"},\"potentialAction\":[{\"@type\":\"SearchAction\",\"target\":{\"@type\":\"EntryPoint\",\"urlTemplate\":\"https:\/\/ruishengglassco.com\/?s={search_term_string}\"},\"query-input\":\"required name=search_term_string\"}],\"inLanguage\":\"it-IT\"},{\"@type\":\"Organization\",\"@id\":\"https:\/\/ruishengglassco.com\/#organization\",\"name\":\"Shandong Yuncheng Ruisheng Glass Co., Ltd\",\"url\":\"https:\/\/ruishengglassco.com\/\",\"logo\":{\"@type\":\"ImageObject\",\"inLanguage\":\"it-IT\",\"@id\":\"https:\/\/ruishengglassco.com\/#\/schema\/logo\/image\/\",\"url\":\"https:\/\/ruishengglassco.com\/wp-content\/uploads\/2023\/09\/ruisheng_logo_icon.webp\",\"contentUrl\":\"https:\/\/ruishengglassco.com\/wp-content\/uploads\/2023\/09\/ruisheng_logo_icon.webp\",\"width\":400,\"height\":233,\"caption\":\"Shandong Yuncheng Ruisheng Glass Co., Ltd\"},\"image\":{\"@id\":\"https:\/\/ruishengglassco.com\/#\/schema\/logo\/image\/\"},\"sameAs\":[\"https:\/\/www.facebook.com\/ruishengglassbottles\",\"https:\/\/www.instagram.com\/Ruishengglassbottlewholesales\/\",\"https:\/\/www.youtube.com\/channel\/UCMmbMNGwsL-XrtjfSFLCdVQ\"]}]}<\/script>\n<!-- \/ Yoast SEO plugin. -->","yoast_head_json":{"title":"750ml Swing Top Bottles Factory | High Flint Liquor Bottle Manufacturer","description":"These 750ml Swing Top Bottles Factory are made by high flint glass material, which widely used for liquor packaging. Primary Liquor Bottle Manufacturer, Sales In Cheap Price.","robots":{"index":"index","follow":"follow","max-snippet":"max-snippet:-1","max-image-preview":"max-image-preview:large","max-video-preview":"max-video-preview:-1"},"canonical":"https:\/\/ruishengglassco.com\/it\/rs101750ml-bottiglie-swing-top-fabbrica\/","og_locale":"it_IT","og_type":"article","og_title":"750ml Swing Top Bottles Factory | High Flint Liquor Bottle Manufacturer","og_description":"These 750ml Swing Top Bottles Factory are made by high flint glass material, which widely used for liquor packaging. Primary Liquor Bottle Manufacturer, Sales In Cheap Price.","og_url":"https:\/\/ruishengglassco.com\/it\/rs101750ml-bottiglie-swing-top-fabbrica\/","article_publisher":"https:\/\/www.facebook.com\/ruishengglassbottles","article_modified_time":"2025-09-11T08:51:23+00:00","og_image":[{"width":800,"height":800,"url":"https:\/\/ruishengglassco.com\/wp-content\/uploads\/2025\/03\/RS101-750ml-Swing-Top-Bottles-Wholesale.webp","type":"image\/webp"}],"twitter_card":"summary_large_image","twitter_misc":{"Tempo di lettura stimato":"2 minuti"},"schema":{"@context":"https:\/\/schema.org","@graph":[{"@type":"WebPage","@id":"https:\/\/ruishengglassco.com\/ru\/rs101750ml-%d0%b1%d1%83%d1%82%d1%8b%d0%bb%d0%ba%d0%b8-%d1%81-%d0%bf%d0%be%d0%b2%d0%be%d1%80%d0%be%d1%82%d0%bd%d1%8b%d0%bc-%d0%b2%d0%b5%d1%80%d1%85%d0%be%d0%bc-%d0%be%d0%bf%d1%82%d0%be%d0%bc","url":"https:\/\/ruishengglassco.com\/ru\/rs101750ml-%d0%b1%d1%83%d1%82%d1%8b%d0%bb%d0%ba%d0%b8-%d1%81-%d0%bf%d0%be%d0%b2%d0%be%d1%80%d0%be%d1%82%d0%bd%d1%8b%d0%bc-%d0%b2%d0%b5%d1%80%d1%85%d0%be%d0%bc-%d0%be%d0%bf%d1%82%d0%be%d0%bc","name":"750ml Swing Top Bottles Factory | High Flint Liquor Bottle Manufacturer","isPartOf":{"@id":"https:\/\/ruishengglassco.com\/#website"},"datePublished":"2025-03-15T01:20:48+00:00","dateModified":"2025-09-11T08:51:23+00:00","description":"These 750ml Swing Top Bottles Factory are made by high flint glass material, which widely used for liquor packaging. Primary Liquor Bottle Manufacturer, Sales In Cheap Price.","breadcrumb":{"@id":"https:\/\/ruishengglassco.com\/ru\/rs101750ml-%d0%b1%d1%83%d1%82%d1%8b%d0%bb%d0%ba%d0%b8-%d1%81-%d0%bf%d0%be%d0%b2%d0%be%d1%80%d0%be%d1%82%d0%bd%d1%8b%d0%bc-%d0%b2%d0%b5%d1%80%d1%85%d0%be%d0%bc-%d0%be%d0%bf%d1%82%d0%be%d0%bc#breadcrumb"},"inLanguage":"it-IT","potentialAction":[{"@type":"ReadAction","target":["https:\/\/ruishengglassco.com\/ru\/rs101750ml-%d0%b1%d1%83%d1%82%d1%8b%d0%bb%d0%ba%d0%b8-%d1%81-%d0%bf%d0%be%d0%b2%d0%be%d1%80%d0%be%d1%82%d0%bd%d1%8b%d0%bc-%d0%b2%d0%b5%d1%80%d1%85%d0%be%d0%bc-%d0%be%d0%bf%d1%82%d0%be%d0%bc"]}]},{"@type":"BreadcrumbList","@id":"https:\/\/ruishengglassco.com\/ru\/rs101750ml-%d0%b1%d1%83%d1%82%d1%8b%d0%bb%d0%ba%d0%b8-%d1%81-%d0%bf%d0%be%d0%b2%d0%be%d1%80%d0%be%d1%82%d0%bd%d1%8b%d0%bc-%d0%b2%d0%b5%d1%80%d1%85%d0%be%d0%bc-%d0%be%d0%bf%d1%82%d0%be%d0%bc#breadcrumb","itemListElement":[{"@type":"ListItem","position":1,"name":"Home","item":"https:\/\/ruishengglassco.com\/"},{"@type":"ListItem","position":2,"name":"Products","item":"https:\/\/ruishengglassco.com\/products"},{"@type":"ListItem","position":3,"name":"RS101:750ml Swing Top Bottles Factory"}]},{"@type":"WebSite","@id":"https:\/\/ruishengglassco.com\/#website","url":"https:\/\/ruishengglassco.com\/","name":"Ruisheng Glass","description":"","publisher":{"@id":"https:\/\/ruishengglassco.com\/#organization"},"potentialAction":[{"@type":"SearchAction","target":{"@type":"EntryPoint","urlTemplate":"https:\/\/ruishengglassco.com\/?s={search_term_string}"},"query-input":"required name=search_term_string"}],"inLanguage":"it-IT"},{"@type":"Organization","@id":"https:\/\/ruishengglassco.com\/#organization","name":"Shandong Yuncheng Ruisheng Glass Co., Ltd","url":"https:\/\/ruishengglassco.com\/","logo":{"@type":"ImageObject","inLanguage":"it-IT","@id":"https:\/\/ruishengglassco.com\/#\/schema\/logo\/image\/","url":"https:\/\/ruishengglassco.com\/wp-content\/uploads\/2023\/09\/ruisheng_logo_icon.webp","contentUrl":"https:\/\/ruishengglassco.com\/wp-content\/uploads\/2023\/09\/ruisheng_logo_icon.webp","width":400,"height":233,"caption":"Shandong Yuncheng Ruisheng Glass Co., Ltd"},"image":{"@id":"https:\/\/ruishengglassco.com\/#\/schema\/logo\/image\/"},"sameAs":["https:\/\/www.facebook.com\/ruishengglassbottles","https:\/\/www.instagram.com\/Ruishengglassbottlewholesales\/","https:\/\/www.youtube.com\/channel\/UCMmbMNGwsL-XrtjfSFLCdVQ"]}]}},"_links":{"self":[{"href":"https:\/\/ruishengglassco.com\/it\/wp-json\/wp\/v2\/product\/4190","targetHints":{"allow":["GET"]}}],"collection":[{"href":"https:\/\/ruishengglassco.com\/it\/wp-json\/wp\/v2\/product"}],"about":[{"href":"https:\/\/ruishengglassco.com\/it\/wp-json\/wp\/v2\/types\/product"}],"replies":[{"embeddable":true,"href":"https:\/\/ruishengglassco.com\/it\/wp-json\/wp\/v2\/comments?post=4190"}],"wp:featuredmedia":[{"embeddable":true,"href":"https:\/\/ruishengglassco.com\/it\/wp-json\/wp\/v2\/media\/4191"}],"wp:attachment":[{"href":"https:\/\/ruishengglassco.com\/it\/wp-json\/wp\/v2\/media?parent=4190"}],"wp:term":[{"taxonomy":"product_cat","embeddable":true,"href":"https:\/\/ruishengglassco.com\/it\/wp-json\/wp\/v2\/product_cat?post=4190"}],"curies":[{"name":"wp","href":"https:\/\/api.w.org\/{rel}","templated":true}]}}