{"id":4188,"date":"2025-03-15T09:17:55","date_gmt":"2025-03-15T01:17:55","guid":{"rendered":"https:\/\/ruishengglassco.com\/?post_type=product&#038;p=4188"},"modified":"2025-07-17T13:50:13","modified_gmt":"2025-07-17T05:50:13","slug":"rs102acquistare-mini-bottiglie-di-liquore-allingrosso","status":"publish","type":"product","link":"https:\/\/ruishengglassco.com\/it\/prodotto\/rs102acquistare-mini-bottiglie-di-liquore-allingrosso","title":{"rendered":"RS102: Acquistare mini bottiglie di liquore alla rinfusa"},"content":{"rendered":"<p>Volete acquistare mini vetri all'ingrosso <span class=\"wrapper\">bott<\/span>le per<span class=\"wrapper\">r li<\/span>da un'affidabile societ\u00e0 cinese di liq<span class=\"wrapper\">uor<\/span>produttore di bottiglie? Ruisheng Glass Ltd. \u00e8 un<span class=\"wrapper\">ne di t<\/span>l pi\u00f9 grande produttore di bottiglie per liquori della Cina. La nostra fabbrica produce principalmente bottiglie di vetro per liquori di alta e media qualit\u00e0. Tra queste, le bottiglie di vetro cristallino e le bottiglie di vetro bianco di alta qualit\u00e0.<\/p>\n<p>Questa chiara bottiglia di vetro rotonda all'ingrosso<span class=\"wrapper\">e \u00e8 o<\/span>i principali volumi di <span class=\"wrapper\">bottiglie di vetro nel nostro fattore<\/span>y. Offriamo diverse bottiglie di vetro vuote. \u00c8 possibile scegliere tra cilindro, quadrato, piatto o forme personalizzate. E possiamo <span class=\"wrapper\">fare<\/span> bicchieri da liquore di volume diverso<span class=\"wrapper\">s bott<\/span>come 100ml, 125ml, 250ml, 375ml e 500ml. 700ml, 750ml, 1000ml, 1750ml, 3000ml e altre bottiglie di vetro di volume personalizzato.<\/p>\n<h2>Informazioni sull'acquisto di mini bottiglie di liquore sfuse<\/h2>\n<ul>\n<li>Capacit\u00e0: 50 ml<\/li>\n<li>Forma: Rotondo<\/li>\n<li>Larghezza: 80 mm<\/li>\n<li>Lunghezza: 190 mm<\/li>\n<li>Tappo: A vite<\/li>\n<li>Colore: chiaro, trasparente<\/li>\n<li>Servizio: OEM\/ODM<\/li>\n<\/ul>\n<p>Abbiamo tre modi di confezionare le bottiglie di vetro rotonde chiare all'ingrosso e possiamo anche confezionare le bottiglie di vetro secondo la richiesta del cliente.<\/p>\n<p>La prima modalit\u00e0 di imballaggio delle bottiglie di vetro \u00e8 il cartone. Il cartone \u00e8 un cartone standard per l'esportazione. Se desiderate realizzare una scatola di imballaggio personalizzata, possiamo anche farlo per voi.<\/p>\n<p>La seconda modalit\u00e0 di confezionamento delle bottiglie di alcolici in vetro \u00e8 l'imballaggio su pallet. Il pallet \u00e8 privo di fumigazione. Le dimensioni del pallet sono 100 x 120 cm.<\/p>\n<p>La terza modalit\u00e0 di imballaggio \u00e8 quella del cartone e del pallet. Il cartone \u00e8 un cartone standard per l'esportazione o una scatola a colori personalizzata, mentre il pallet \u00e8 privo di fumigazione.<\/p>\n<p>Se siete soddisfatti di questa bottiglia di vetro trasparente, contattatemi tempestivamente. Se non vi piace, potete guardare le altre bottiglie. Oppure vi dar\u00f2 il catalogo e potrete scegliere quello che vi piace. Se siete interessati alle nostre bottiglie ermetiche di alcol, contattateci. Vi risponderemo entro 24 ore.<\/p>","protected":false},"excerpt":{"rendered":"<div class=\"col col-sm-6 col-xs-12\">\n<div id=\"slider-4582-product-image-carosel\" class=\"rt-carousel carousel-holder clearfix product-image-carosel rt-image-carousel\" data-item-width=\"1\" data-nav=\"true\" data-dots=\"false\" data-margin=\"15\" data-autoplay=\"true\" data-timeout=\"7500\" data-loop=\"false\" data-tablet-item-width=\"\" data-mobile-item-width=\"1\">\n<div class=\"owl-carousel owl-loaded owl-drag\">\n<div class=\"owl-nav\">\n<div class=\"owl-next disabled\">Le bottiglie di vetro trasparente Top Grade 50ml sono uno dei principali volumi di bottiglie di vetro della nostra fabbrica. Offriamo varie forme di bottiglie di vetro vuote. Queste includono bottiglie di vetro a cilindro, quadrate e a piastra. Forniamo anche bottiglie di vetro di forma personalizzata. Possiamo produrre bottiglie di vetro per liquori di vario volume, tra cui 100ml, 125ml, 250ml, 375ml e 500ml. 700ml, 750ml, 1000ml, 1750ml, 3000ml e altre bottiglie di vetro di volume personalizzato.<\/div>\n<\/div>\n<\/div>\n<\/div>\n<\/div>","protected":false},"featured_media":4189,"comment_status":"closed","ping_status":"closed","template":"","meta":[],"product_cat":[48],"class_list":{"0":"post-4188","1":"product","2":"type-product","3":"status-publish","4":"has-post-thumbnail","6":"product_cat-50ml-mini-liquor-bottle-manufacturer","8":"first","9":"instock","10":"shipping-taxable","11":"product-type-simple"},"yoast_head":"<!-- This site is optimized with the Yoast SEO plugin v22.0 - https:\/\/yoast.com\/wordpress\/plugins\/seo\/ -->\n<title>Buy Bulk Mini Liquor Bottles | Clear Round Glass Bottle Wholesale<\/title>\n<meta name=\"description\" content=\"Buy Bulk Mini Liquor Bottles Bulk From China Spirit Bottle Manufacturer. Factory Outlet&amp;Cheap Clear Round Glass Bottle Wholesale. Get Quote Now.\" \/>\n<meta name=\"robots\" content=\"index, follow, max-snippet:-1, max-image-preview:large, max-video-preview:-1\" \/>\n<link rel=\"canonical\" href=\"https:\/\/ruishengglassco.com\/it\/prodotto\/rs102acquistare-mini-bottiglie-di-liquore-allingrosso\" \/>\n<meta property=\"og:locale\" content=\"it_IT\" \/>\n<meta property=\"og:type\" content=\"article\" \/>\n<meta property=\"og:title\" content=\"Buy Bulk Mini Liquor Bottles | Clear Round Glass Bottle Wholesale\" \/>\n<meta property=\"og:description\" content=\"Buy Bulk Mini Liquor Bottles Bulk From China Spirit Bottle Manufacturer. Factory Outlet&amp;Cheap Clear Round Glass Bottle Wholesale. Get Quote Now.\" \/>\n<meta property=\"og:url\" content=\"https:\/\/ruishengglassco.com\/it\/prodotto\/rs102acquistare-mini-bottiglie-di-liquore-allingrosso\" \/>\n<meta property=\"article:publisher\" content=\"https:\/\/www.facebook.com\/ruishengglassbottles\" \/>\n<meta property=\"article:modified_time\" content=\"2025-07-17T05:50:13+00:00\" \/>\n<meta property=\"og:image\" content=\"https:\/\/ruishengglassco.com\/wp-content\/uploads\/2025\/03\/RS102-Buy-Bulk-Mini-Liquor-Bottles.webp\" \/>\n\t<meta property=\"og:image:width\" content=\"640\" \/>\n\t<meta property=\"og:image:height\" content=\"640\" \/>\n\t<meta property=\"og:image:type\" content=\"image\/webp\" \/>\n<meta name=\"twitter:card\" content=\"summary_large_image\" \/>\n<meta name=\"twitter:label1\" content=\"Tempo di lettura stimato\" \/>\n\t<meta name=\"twitter:data1\" content=\"2 minuti\" \/>\n<script type=\"application\/ld+json\" class=\"yoast-schema-graph\">{\"@context\":\"https:\/\/schema.org\",\"@graph\":[{\"@type\":\"WebPage\",\"@id\":\"https:\/\/ruishengglassco.com\/product\/rs102buy-bulk-mini-liquor-bottles\",\"url\":\"https:\/\/ruishengglassco.com\/product\/rs102buy-bulk-mini-liquor-bottles\",\"name\":\"Buy Bulk Mini Liquor Bottles | Clear Round Glass Bottle Wholesale\",\"isPartOf\":{\"@id\":\"https:\/\/ruishengglassco.com\/#website\"},\"datePublished\":\"2025-03-15T01:17:55+00:00\",\"dateModified\":\"2025-07-17T05:50:13+00:00\",\"description\":\"Buy Bulk Mini Liquor Bottles Bulk From China Spirit Bottle Manufacturer. Factory Outlet&Cheap Clear Round Glass Bottle Wholesale. Get Quote Now.\",\"breadcrumb\":{\"@id\":\"https:\/\/ruishengglassco.com\/product\/rs102buy-bulk-mini-liquor-bottles#breadcrumb\"},\"inLanguage\":\"it-IT\",\"potentialAction\":[{\"@type\":\"ReadAction\",\"target\":[\"https:\/\/ruishengglassco.com\/product\/rs102buy-bulk-mini-liquor-bottles\"]}]},{\"@type\":\"BreadcrumbList\",\"@id\":\"https:\/\/ruishengglassco.com\/product\/rs102buy-bulk-mini-liquor-bottles#breadcrumb\",\"itemListElement\":[{\"@type\":\"ListItem\",\"position\":1,\"name\":\"Home\",\"item\":\"https:\/\/ruishengglassco.com\/\"},{\"@type\":\"ListItem\",\"position\":2,\"name\":\"Products\",\"item\":\"https:\/\/ruishengglassco.com\/products\"},{\"@type\":\"ListItem\",\"position\":3,\"name\":\"RS102:Buy Bulk Mini Liquor Bottles\"}]},{\"@type\":\"WebSite\",\"@id\":\"https:\/\/ruishengglassco.com\/#website\",\"url\":\"https:\/\/ruishengglassco.com\/\",\"name\":\"Ruisheng Glass\",\"description\":\"\",\"publisher\":{\"@id\":\"https:\/\/ruishengglassco.com\/#organization\"},\"potentialAction\":[{\"@type\":\"SearchAction\",\"target\":{\"@type\":\"EntryPoint\",\"urlTemplate\":\"https:\/\/ruishengglassco.com\/?s={search_term_string}\"},\"query-input\":\"required name=search_term_string\"}],\"inLanguage\":\"it-IT\"},{\"@type\":\"Organization\",\"@id\":\"https:\/\/ruishengglassco.com\/#organization\",\"name\":\"Shandong Yuncheng Ruisheng Glass Co., Ltd\",\"url\":\"https:\/\/ruishengglassco.com\/\",\"logo\":{\"@type\":\"ImageObject\",\"inLanguage\":\"it-IT\",\"@id\":\"https:\/\/ruishengglassco.com\/#\/schema\/logo\/image\/\",\"url\":\"https:\/\/ruishengglassco.com\/wp-content\/uploads\/2023\/09\/ruisheng_logo_icon.webp\",\"contentUrl\":\"https:\/\/ruishengglassco.com\/wp-content\/uploads\/2023\/09\/ruisheng_logo_icon.webp\",\"width\":400,\"height\":233,\"caption\":\"Shandong Yuncheng Ruisheng Glass Co., Ltd\"},\"image\":{\"@id\":\"https:\/\/ruishengglassco.com\/#\/schema\/logo\/image\/\"},\"sameAs\":[\"https:\/\/www.facebook.com\/ruishengglassbottles\",\"https:\/\/www.instagram.com\/Ruishengglassbottlewholesales\/\",\"https:\/\/www.youtube.com\/channel\/UCMmbMNGwsL-XrtjfSFLCdVQ\"]}]}<\/script>\n<!-- \/ Yoast SEO plugin. -->","yoast_head_json":{"title":"Buy Bulk Mini Liquor Bottles | Clear Round Glass Bottle Wholesale","description":"Buy Bulk Mini Liquor Bottles Bulk From China Spirit Bottle Manufacturer. Factory Outlet&Cheap Clear Round Glass Bottle Wholesale. Get Quote Now.","robots":{"index":"index","follow":"follow","max-snippet":"max-snippet:-1","max-image-preview":"max-image-preview:large","max-video-preview":"max-video-preview:-1"},"canonical":"https:\/\/ruishengglassco.com\/it\/prodotto\/rs102acquistare-mini-bottiglie-di-liquore-allingrosso","og_locale":"it_IT","og_type":"article","og_title":"Buy Bulk Mini Liquor Bottles | Clear Round Glass Bottle Wholesale","og_description":"Buy Bulk Mini Liquor Bottles Bulk From China Spirit Bottle Manufacturer. Factory Outlet&Cheap Clear Round Glass Bottle Wholesale. Get Quote Now.","og_url":"https:\/\/ruishengglassco.com\/it\/prodotto\/rs102acquistare-mini-bottiglie-di-liquore-allingrosso","article_publisher":"https:\/\/www.facebook.com\/ruishengglassbottles","article_modified_time":"2025-07-17T05:50:13+00:00","og_image":[{"width":640,"height":640,"url":"https:\/\/ruishengglassco.com\/wp-content\/uploads\/2025\/03\/RS102-Buy-Bulk-Mini-Liquor-Bottles.webp","type":"image\/webp"}],"twitter_card":"summary_large_image","twitter_misc":{"Tempo di lettura stimato":"2 minuti"},"schema":{"@context":"https:\/\/schema.org","@graph":[{"@type":"WebPage","@id":"https:\/\/ruishengglassco.com\/product\/rs102buy-bulk-mini-liquor-bottles","url":"https:\/\/ruishengglassco.com\/product\/rs102buy-bulk-mini-liquor-bottles","name":"Buy Bulk Mini Liquor Bottles | Clear Round Glass Bottle Wholesale","isPartOf":{"@id":"https:\/\/ruishengglassco.com\/#website"},"datePublished":"2025-03-15T01:17:55+00:00","dateModified":"2025-07-17T05:50:13+00:00","description":"Buy Bulk Mini Liquor Bottles Bulk From China Spirit Bottle Manufacturer. Factory Outlet&Cheap Clear Round Glass Bottle Wholesale. Get Quote Now.","breadcrumb":{"@id":"https:\/\/ruishengglassco.com\/product\/rs102buy-bulk-mini-liquor-bottles#breadcrumb"},"inLanguage":"it-IT","potentialAction":[{"@type":"ReadAction","target":["https:\/\/ruishengglassco.com\/product\/rs102buy-bulk-mini-liquor-bottles"]}]},{"@type":"BreadcrumbList","@id":"https:\/\/ruishengglassco.com\/product\/rs102buy-bulk-mini-liquor-bottles#breadcrumb","itemListElement":[{"@type":"ListItem","position":1,"name":"Home","item":"https:\/\/ruishengglassco.com\/"},{"@type":"ListItem","position":2,"name":"Products","item":"https:\/\/ruishengglassco.com\/products"},{"@type":"ListItem","position":3,"name":"RS102:Buy Bulk Mini Liquor Bottles"}]},{"@type":"WebSite","@id":"https:\/\/ruishengglassco.com\/#website","url":"https:\/\/ruishengglassco.com\/","name":"Ruisheng Glass","description":"","publisher":{"@id":"https:\/\/ruishengglassco.com\/#organization"},"potentialAction":[{"@type":"SearchAction","target":{"@type":"EntryPoint","urlTemplate":"https:\/\/ruishengglassco.com\/?s={search_term_string}"},"query-input":"required name=search_term_string"}],"inLanguage":"it-IT"},{"@type":"Organization","@id":"https:\/\/ruishengglassco.com\/#organization","name":"Shandong Yuncheng Ruisheng Glass Co., Ltd","url":"https:\/\/ruishengglassco.com\/","logo":{"@type":"ImageObject","inLanguage":"it-IT","@id":"https:\/\/ruishengglassco.com\/#\/schema\/logo\/image\/","url":"https:\/\/ruishengglassco.com\/wp-content\/uploads\/2023\/09\/ruisheng_logo_icon.webp","contentUrl":"https:\/\/ruishengglassco.com\/wp-content\/uploads\/2023\/09\/ruisheng_logo_icon.webp","width":400,"height":233,"caption":"Shandong Yuncheng Ruisheng Glass Co., Ltd"},"image":{"@id":"https:\/\/ruishengglassco.com\/#\/schema\/logo\/image\/"},"sameAs":["https:\/\/www.facebook.com\/ruishengglassbottles","https:\/\/www.instagram.com\/Ruishengglassbottlewholesales\/","https:\/\/www.youtube.com\/channel\/UCMmbMNGwsL-XrtjfSFLCdVQ"]}]}},"_links":{"self":[{"href":"https:\/\/ruishengglassco.com\/it\/wp-json\/wp\/v2\/product\/4188","targetHints":{"allow":["GET"]}}],"collection":[{"href":"https:\/\/ruishengglassco.com\/it\/wp-json\/wp\/v2\/product"}],"about":[{"href":"https:\/\/ruishengglassco.com\/it\/wp-json\/wp\/v2\/types\/product"}],"replies":[{"embeddable":true,"href":"https:\/\/ruishengglassco.com\/it\/wp-json\/wp\/v2\/comments?post=4188"}],"wp:featuredmedia":[{"embeddable":true,"href":"https:\/\/ruishengglassco.com\/it\/wp-json\/wp\/v2\/media\/4189"}],"wp:attachment":[{"href":"https:\/\/ruishengglassco.com\/it\/wp-json\/wp\/v2\/media?parent=4188"}],"wp:term":[{"taxonomy":"product_cat","embeddable":true,"href":"https:\/\/ruishengglassco.com\/it\/wp-json\/wp\/v2\/product_cat?post=4188"}],"curies":[{"name":"wp","href":"https:\/\/api.w.org\/{rel}","templated":true}]}}