{"id":4179,"date":"2025-03-15T00:25:45","date_gmt":"2025-03-14T16:25:45","guid":{"rendered":"https:\/\/ruishengglassco.com\/?post_type=product&#038;p=4179"},"modified":"2025-09-11T16:00:58","modified_gmt":"2025-09-11T08:00:58","slug":"rs106-bottiglie-per-liquori-da-50ml-allingrosso-con-tappi-di-sughero","status":"publish","type":"product","link":"https:\/\/ruishengglassco.com\/it\/prodotto\/rs106-bottiglie-per-liquori-da-50ml-allingrosso-con-tappi-di-sughero","title":{"rendered":"RS106: Bottiglie per liquori da 50 ml all'ingrosso con tappi di sughero"},"content":{"rendered":"<p><span data-preserver-spaces=\"true\">Questi\u00a0<\/span><em><span data-preserver-spaces=\"true\">Bottiglie di liquore da 50 ml<\/span><\/em><span data-preserver-spaces=\"true\"> con tappi di sughero all'ingrosso sono una delle bottiglie di vetro da 50 ml della nostra fabbrica. Questa mini bottiglia di vetro da 50 ml \u00e8 quadrata. \u00c8 possibile utilizzare questa bottiglia per contenere qualsiasi liquido, come bevande, olio, profumi o altri liquidi.<\/span><\/p>\n<p><span data-preserver-spaces=\"true\">Questa bottiglia per liquori in vetro da 50 ml con tappi di sughero <\/span><span data-preserver-spaces=\"true\">\u00e8 fatto<\/span><span data-preserver-spaces=\"true\"> in vetro flint di alta qualit\u00e0, noto anche come vetro bianco cristallino. Questa bottiglia di vetro \u00e8 evidente e molto solida. Il tipo di chiusura \u00e8 a vite e, se necessario, si pu\u00f2 cambiare.<\/span><\/p>\n<p><span data-preserver-spaces=\"true\">Possiamo fornire servizi di stampa come la serigrafia e la stampa a caldo, ecc, sulle piccole bottiglie di vetro. E possiamo anche smerigliare la superficie.<\/span><\/p>\n<p><span data-preserver-spaces=\"true\">Il formato di queste bottiglie di liquore vuote in vendita \u00e8 130x70 mm, e di solito le confezioniamo in cartoni da 30 pezzi.<\/span><\/p>\n<h2><span data-preserver-spaces=\"true\">Il modo di imballaggio di queste bottiglie di liquore 50ml all'ingrosso con tappi di sughero all'ingrosso<\/span><\/h2>\n<p><span data-preserver-spaces=\"true\">Queste mini bottiglie di liquore possono essere utilizzate in tre modi.<\/span><\/p>\n<p><span data-preserver-spaces=\"true\">Il primo metodo \u00e8 l'imballaggio in cartone. Questo metodo di imballaggio <\/span><span data-preserver-spaces=\"true\">\u00e8 conforme<\/span><span data-preserver-spaces=\"true\"> con lo standard internazionale di imballaggio per l'esportazione. Il cartone \u00e8 confezionato con divisori ondulati.<\/span><\/p>\n<p><span data-preserver-spaces=\"true\">Il secondo metodo \u00e8 l'imballaggio su pallet. Questo pallet non \u00e8 soggetto a fumigazione e la sua dimensione standard \u00e8 di 100x120 cm. Di solito utilizziamo carta di plastica per avvolgere le bottiglie e i pallet. Questo garantisce la sicurezza delle bottiglie di vetro durante il trasporto.<\/span><\/p>\n<p><span data-preserver-spaces=\"true\">L'ultimo modo \u00e8 l'imballaggio in cartone e pallet. \u00c8 il metodo pi\u00f9 sicuro per le bottiglie di vetro. Il cartone pu\u00f2 essere un cartone standard per l'esportazione.<\/span><\/p>\n<p><span data-preserver-spaces=\"true\">Poich\u00e9 siamo un produttore di bottiglie di vetro, abbiamo migliaia di stampi per bottiglie di vetro in loco. Forse uno di questi \u00e8 quello che vi serve. Se volete realizzare bottiglie di vetro personalizzate, possiamo anche progettarle e realizzarle per voi dopo aver ricevuto le vostre richieste.<\/span><\/p>\n<p><span data-preserver-spaces=\"true\">Possiamo anche offrire <\/span><span data-preserver-spaces=\"true\">diverso<\/span><span data-preserver-spaces=\"true\"> chiusure per le mini bottiglie di liquore vuote, <\/span><span data-preserver-spaces=\"true\">come<\/span><span data-preserver-spaces=\"true\"> tappo di sughero, tappo a vite, <\/span><span data-preserver-spaces=\"true\">guala<\/span><span data-preserver-spaces=\"true\"> cap, <\/span><span data-preserver-spaces=\"true\">e cos\u00ec via<\/span><span data-preserver-spaces=\"true\">.<\/span><span data-preserver-spaces=\"true\">\u00a0 Se avete domande sulle bottiglie di vetro, non esitate a contattarci.<\/span><\/p>","protected":false},"excerpt":{"rendered":"<table>\n<tbody>\n<tr>\n<th colspan=\"2\">50ml piccole bottiglie di liquore all'ingrosso<\/th>\n<\/tr>\n<tr>\n<td>Riferimento:<\/td>\n<td>RS106<\/td>\n<\/tr>\n<tr>\n<td>Materiale principale:<\/td>\n<td>Vetro super flint (questo materiale \u00e8 chiamato anche vetro bianco cristallino)<\/td>\n<\/tr>\n<tr>\n<td>Cap:<\/td>\n<td>Tappo di sughero\/corvo<\/td>\n<\/tr>\n<tr>\n<td>Capacit\u00e0:<\/td>\n<td>50ml<\/td>\n<\/tr>\n<tr>\n<td>Caratteristica:<\/td>\n<td>Eco-compatibile<\/td>\n<\/tr>\n<tr>\n<td>MOQ:<\/td>\n<td>10000 PCS<\/td>\n<\/tr>\n<tr>\n<td>Modo di imballaggio:<\/td>\n<td>Cartone standard per l'esportazione \/ Pallet \/ cartone e pallet standard per l'esportazione<\/td>\n<\/tr>\n<tr>\n<td>OEM\/ODM:<\/td>\n<td>Benvenuti<\/td>\n<\/tr>\n<tr>\n<td>Origine del luogo:<\/td>\n<td>Shandong, Cina<\/td>\n<\/tr>\n<tr>\n<td>Pezzi\/Ctn:<\/td>\n<td>24pcs o secondo le richieste del cliente<\/td>\n<\/tr>\n<\/tbody>\n<\/table>","protected":false},"featured_media":4180,"comment_status":"closed","ping_status":"closed","template":"","meta":[],"product_cat":[48],"class_list":{"0":"post-4179","1":"product","2":"type-product","3":"status-publish","4":"has-post-thumbnail","6":"product_cat-50ml-mini-liquor-bottle-manufacturer","8":"first","9":"instock","10":"shipping-taxable","11":"product-type-simple"},"yoast_head":"<!-- This site is optimized with the Yoast SEO plugin v22.0 - https:\/\/yoast.com\/wordpress\/plugins\/seo\/ -->\n<title>50ml Liquor Bottles With Corks Wholesale | Mini Spirit Bottles Suppliers<\/title>\n<meta name=\"description\" content=\"Buy 50ml Liquor Bottles With Corks Wholesale From Mini Spirit Bottles Suppliers. Factory Outlet Price&amp;High Quality Assurance. Get Quote Here.\" \/>\n<meta name=\"robots\" content=\"index, follow, max-snippet:-1, max-image-preview:large, max-video-preview:-1\" \/>\n<link rel=\"canonical\" href=\"https:\/\/ruishengglassco.com\/it\/prodotto\/rs106-bottiglie-per-liquori-da-50ml-allingrosso-con-tappi-di-sughero\" \/>\n<meta property=\"og:locale\" content=\"it_IT\" \/>\n<meta property=\"og:type\" content=\"article\" \/>\n<meta property=\"og:title\" content=\"50ml Liquor Bottles With Corks Wholesale | Mini Spirit Bottles Suppliers\" \/>\n<meta property=\"og:description\" content=\"Buy 50ml Liquor Bottles With Corks Wholesale From Mini Spirit Bottles Suppliers. Factory Outlet Price&amp;High Quality Assurance. Get Quote Here.\" \/>\n<meta property=\"og:url\" content=\"https:\/\/ruishengglassco.com\/it\/prodotto\/rs106-bottiglie-per-liquori-da-50ml-allingrosso-con-tappi-di-sughero\" \/>\n<meta property=\"article:publisher\" content=\"https:\/\/www.facebook.com\/ruishengglassbottles\" \/>\n<meta property=\"article:modified_time\" content=\"2025-09-11T08:00:58+00:00\" \/>\n<meta property=\"og:image\" content=\"https:\/\/ruishengglassco.com\/wp-content\/uploads\/2025\/03\/RS106-Wholesale-50ml-Liquor-Bottles-With-Corks.webp\" \/>\n\t<meta property=\"og:image:width\" content=\"800\" \/>\n\t<meta property=\"og:image:height\" content=\"800\" \/>\n\t<meta property=\"og:image:type\" content=\"image\/webp\" \/>\n<meta name=\"twitter:card\" content=\"summary_large_image\" \/>\n<meta name=\"twitter:label1\" content=\"Tempo di lettura stimato\" \/>\n\t<meta name=\"twitter:data1\" content=\"2 minuti\" \/>\n<script type=\"application\/ld+json\" class=\"yoast-schema-graph\">{\"@context\":\"https:\/\/schema.org\",\"@graph\":[{\"@type\":\"WebPage\",\"@id\":\"https:\/\/ruishengglassco.com\/product\/rs106-wholesale-50ml-liquor-bottles-with-corks\",\"url\":\"https:\/\/ruishengglassco.com\/product\/rs106-wholesale-50ml-liquor-bottles-with-corks\",\"name\":\"50ml Liquor Bottles With Corks Wholesale | Mini Spirit Bottles Suppliers\",\"isPartOf\":{\"@id\":\"https:\/\/ruishengglassco.com\/#website\"},\"datePublished\":\"2025-03-14T16:25:45+00:00\",\"dateModified\":\"2025-09-11T08:00:58+00:00\",\"description\":\"Buy 50ml Liquor Bottles With Corks Wholesale From Mini Spirit Bottles Suppliers. Factory Outlet Price&High Quality Assurance. Get Quote Here.\",\"breadcrumb\":{\"@id\":\"https:\/\/ruishengglassco.com\/product\/rs106-wholesale-50ml-liquor-bottles-with-corks#breadcrumb\"},\"inLanguage\":\"it-IT\",\"potentialAction\":[{\"@type\":\"ReadAction\",\"target\":[\"https:\/\/ruishengglassco.com\/product\/rs106-wholesale-50ml-liquor-bottles-with-corks\"]}]},{\"@type\":\"BreadcrumbList\",\"@id\":\"https:\/\/ruishengglassco.com\/product\/rs106-wholesale-50ml-liquor-bottles-with-corks#breadcrumb\",\"itemListElement\":[{\"@type\":\"ListItem\",\"position\":1,\"name\":\"Home\",\"item\":\"https:\/\/ruishengglassco.com\/\"},{\"@type\":\"ListItem\",\"position\":2,\"name\":\"Products\",\"item\":\"https:\/\/ruishengglassco.com\/products\"},{\"@type\":\"ListItem\",\"position\":3,\"name\":\"RS106: Wholesale 50ml Liquor Bottles With Corks\"}]},{\"@type\":\"WebSite\",\"@id\":\"https:\/\/ruishengglassco.com\/#website\",\"url\":\"https:\/\/ruishengglassco.com\/\",\"name\":\"Ruisheng Glass\",\"description\":\"\",\"publisher\":{\"@id\":\"https:\/\/ruishengglassco.com\/#organization\"},\"potentialAction\":[{\"@type\":\"SearchAction\",\"target\":{\"@type\":\"EntryPoint\",\"urlTemplate\":\"https:\/\/ruishengglassco.com\/?s={search_term_string}\"},\"query-input\":\"required name=search_term_string\"}],\"inLanguage\":\"it-IT\"},{\"@type\":\"Organization\",\"@id\":\"https:\/\/ruishengglassco.com\/#organization\",\"name\":\"Shandong Yuncheng Ruisheng Glass Co., Ltd\",\"url\":\"https:\/\/ruishengglassco.com\/\",\"logo\":{\"@type\":\"ImageObject\",\"inLanguage\":\"it-IT\",\"@id\":\"https:\/\/ruishengglassco.com\/#\/schema\/logo\/image\/\",\"url\":\"https:\/\/ruishengglassco.com\/wp-content\/uploads\/2023\/09\/ruisheng_logo_icon.webp\",\"contentUrl\":\"https:\/\/ruishengglassco.com\/wp-content\/uploads\/2023\/09\/ruisheng_logo_icon.webp\",\"width\":400,\"height\":233,\"caption\":\"Shandong Yuncheng Ruisheng Glass Co., Ltd\"},\"image\":{\"@id\":\"https:\/\/ruishengglassco.com\/#\/schema\/logo\/image\/\"},\"sameAs\":[\"https:\/\/www.facebook.com\/ruishengglassbottles\",\"https:\/\/www.instagram.com\/Ruishengglassbottlewholesales\/\",\"https:\/\/www.youtube.com\/channel\/UCMmbMNGwsL-XrtjfSFLCdVQ\"]}]}<\/script>\n<!-- \/ Yoast SEO plugin. -->","yoast_head_json":{"title":"50ml Liquor Bottles With Corks Wholesale | Mini Spirit Bottles Suppliers","description":"Buy 50ml Liquor Bottles With Corks Wholesale From Mini Spirit Bottles Suppliers. Factory Outlet Price&High Quality Assurance. Get Quote Here.","robots":{"index":"index","follow":"follow","max-snippet":"max-snippet:-1","max-image-preview":"max-image-preview:large","max-video-preview":"max-video-preview:-1"},"canonical":"https:\/\/ruishengglassco.com\/it\/prodotto\/rs106-bottiglie-per-liquori-da-50ml-allingrosso-con-tappi-di-sughero","og_locale":"it_IT","og_type":"article","og_title":"50ml Liquor Bottles With Corks Wholesale | Mini Spirit Bottles Suppliers","og_description":"Buy 50ml Liquor Bottles With Corks Wholesale From Mini Spirit Bottles Suppliers. Factory Outlet Price&High Quality Assurance. Get Quote Here.","og_url":"https:\/\/ruishengglassco.com\/it\/prodotto\/rs106-bottiglie-per-liquori-da-50ml-allingrosso-con-tappi-di-sughero","article_publisher":"https:\/\/www.facebook.com\/ruishengglassbottles","article_modified_time":"2025-09-11T08:00:58+00:00","og_image":[{"width":800,"height":800,"url":"https:\/\/ruishengglassco.com\/wp-content\/uploads\/2025\/03\/RS106-Wholesale-50ml-Liquor-Bottles-With-Corks.webp","type":"image\/webp"}],"twitter_card":"summary_large_image","twitter_misc":{"Tempo di lettura stimato":"2 minuti"},"schema":{"@context":"https:\/\/schema.org","@graph":[{"@type":"WebPage","@id":"https:\/\/ruishengglassco.com\/product\/rs106-wholesale-50ml-liquor-bottles-with-corks","url":"https:\/\/ruishengglassco.com\/product\/rs106-wholesale-50ml-liquor-bottles-with-corks","name":"50ml Liquor Bottles With Corks Wholesale | Mini Spirit Bottles Suppliers","isPartOf":{"@id":"https:\/\/ruishengglassco.com\/#website"},"datePublished":"2025-03-14T16:25:45+00:00","dateModified":"2025-09-11T08:00:58+00:00","description":"Buy 50ml Liquor Bottles With Corks Wholesale From Mini Spirit Bottles Suppliers. Factory Outlet Price&High Quality Assurance. Get Quote Here.","breadcrumb":{"@id":"https:\/\/ruishengglassco.com\/product\/rs106-wholesale-50ml-liquor-bottles-with-corks#breadcrumb"},"inLanguage":"it-IT","potentialAction":[{"@type":"ReadAction","target":["https:\/\/ruishengglassco.com\/product\/rs106-wholesale-50ml-liquor-bottles-with-corks"]}]},{"@type":"BreadcrumbList","@id":"https:\/\/ruishengglassco.com\/product\/rs106-wholesale-50ml-liquor-bottles-with-corks#breadcrumb","itemListElement":[{"@type":"ListItem","position":1,"name":"Home","item":"https:\/\/ruishengglassco.com\/"},{"@type":"ListItem","position":2,"name":"Products","item":"https:\/\/ruishengglassco.com\/products"},{"@type":"ListItem","position":3,"name":"RS106: Wholesale 50ml Liquor Bottles With Corks"}]},{"@type":"WebSite","@id":"https:\/\/ruishengglassco.com\/#website","url":"https:\/\/ruishengglassco.com\/","name":"Ruisheng Glass","description":"","publisher":{"@id":"https:\/\/ruishengglassco.com\/#organization"},"potentialAction":[{"@type":"SearchAction","target":{"@type":"EntryPoint","urlTemplate":"https:\/\/ruishengglassco.com\/?s={search_term_string}"},"query-input":"required name=search_term_string"}],"inLanguage":"it-IT"},{"@type":"Organization","@id":"https:\/\/ruishengglassco.com\/#organization","name":"Shandong Yuncheng Ruisheng Glass Co., Ltd","url":"https:\/\/ruishengglassco.com\/","logo":{"@type":"ImageObject","inLanguage":"it-IT","@id":"https:\/\/ruishengglassco.com\/#\/schema\/logo\/image\/","url":"https:\/\/ruishengglassco.com\/wp-content\/uploads\/2023\/09\/ruisheng_logo_icon.webp","contentUrl":"https:\/\/ruishengglassco.com\/wp-content\/uploads\/2023\/09\/ruisheng_logo_icon.webp","width":400,"height":233,"caption":"Shandong Yuncheng Ruisheng Glass Co., Ltd"},"image":{"@id":"https:\/\/ruishengglassco.com\/#\/schema\/logo\/image\/"},"sameAs":["https:\/\/www.facebook.com\/ruishengglassbottles","https:\/\/www.instagram.com\/Ruishengglassbottlewholesales\/","https:\/\/www.youtube.com\/channel\/UCMmbMNGwsL-XrtjfSFLCdVQ"]}]}},"_links":{"self":[{"href":"https:\/\/ruishengglassco.com\/it\/wp-json\/wp\/v2\/product\/4179","targetHints":{"allow":["GET"]}}],"collection":[{"href":"https:\/\/ruishengglassco.com\/it\/wp-json\/wp\/v2\/product"}],"about":[{"href":"https:\/\/ruishengglassco.com\/it\/wp-json\/wp\/v2\/types\/product"}],"replies":[{"embeddable":true,"href":"https:\/\/ruishengglassco.com\/it\/wp-json\/wp\/v2\/comments?post=4179"}],"wp:featuredmedia":[{"embeddable":true,"href":"https:\/\/ruishengglassco.com\/it\/wp-json\/wp\/v2\/media\/4180"}],"wp:attachment":[{"href":"https:\/\/ruishengglassco.com\/it\/wp-json\/wp\/v2\/media?parent=4179"}],"wp:term":[{"taxonomy":"product_cat","embeddable":true,"href":"https:\/\/ruishengglassco.com\/it\/wp-json\/wp\/v2\/product_cat?post=4179"}],"curies":[{"name":"wp","href":"https:\/\/api.w.org\/{rel}","templated":true}]}}