{"id":4175,"date":"2025-03-15T00:21:26","date_gmt":"2025-03-14T16:21:26","guid":{"rendered":"https:\/\/ruishengglassco.com\/?post_type=product&#038;p=4175"},"modified":"2025-09-12T08:51:20","modified_gmt":"2025-09-12T00:51:20","slug":"rs108-bottiglia-di-liquore-personalizzata-dai-produttori-di-bottiglie-di-vetro","status":"publish","type":"product","link":"https:\/\/ruishengglassco.com\/it\/prodotto\/rs108-bottiglia-di-liquore-personalizzata-dai-produttori-di-bottiglie-di-vetro","title":{"rendered":"RS108: Bottiglia di liquore personalizzata dai produttori di bottiglie di vetro"},"content":{"rendered":"<p>Queste bottiglie di vetro personalizzate da 250 ml con coperchi vengono vendute all'ingrosso da uno dei maggiori produttori di bottiglie per liquori di Shandong - Shandong Yuncheng Ruisheng Glass Co. La nostra azienda \u00e8 una societ\u00e0 industriale e commerciale di bottiglie di vetro per liquori; possiamo produrre diverse bottiglie di vetro per liquori e offrire un servizio one-stop per i clienti.<\/p>\n<p>Le nostre bottiglie di vetro personalizzate da 250 ml con tappo sono di forma quadrata.  Queste bottiglie di vetro per liquidi possono contenere vodka, whisky, acqua, olio e altri liquori. Poich\u00e9 questo tipo di chiusura \u00e8 un tappo a vite, \u00e8 possibile sigillare la bottiglia quando si lascia met\u00e0 del liquore sulla bottiglia. Se non vi piace il tappo a vite per queste bottiglie, possiamo anche cambiarlo per adattarlo a un tappo di sughero.<\/p>\n<p>Il materiale di queste bottigliette di vetro \u00e8 il vetro floccato alto. Queste bottiglie di vetro sono molto chiare, lisce e resistenti. Si possono riutilizzare. Questa bottiglia di vetro \u00e8 molto chiara; \u00e8 possibile utilizzarla anche per realizzare decorazioni in vetro fai da te.<\/p>\n<p>Se volete realizzare il vostro logo su queste mini bottiglie, possiamo offrire un logo in decalcomania, un logo in stampa su seta o un logo in rilievo sulle bottiglie di vetro. Possiamo anche dipingere qualsiasi colore su queste bottiglie, se ne avete bisogno.<\/p>\n<p>Nella nostra fabbrica lavorano pi\u00f9 di 500 dipendenti, tra cui pi\u00f9 di 30 QC e un gruppo di ingegneri qualificati. Tutte le bottiglie di vetro personalizzate hanno bisogno del controllo di qualit\u00e0 per essere controllate molte volte. Possiamo assicurarci che tutte le bottiglie di vetro passino il controllo qualit\u00e0 prima di inviarle alla nostra fabbrica.<\/p>\n<h2>I dettagli di questa bottiglia di vetro personalizzata da 250 ml<\/h2>\n<ul>\n<li>Materiale principale: vetro ad alta percentuale di selce<\/li>\n<li>Tappo: tappo a vite<\/li>\n<li>Riferimento:RS108<\/li>\n<li>MOQ: 10000 PCS<\/li>\n<li>Capacit\u00e0: 250 ml<\/li>\n<li>Dimensioni: 5\u00d723 cm<\/li>\n<li>Origine del luogo: Shandong, Cina<\/li>\n<li>Caratteristiche: Eco-friendly<\/li>\n<li>Modo di imballaggio:<br \/>\n1. Cartone standard per l'esportazione<br \/>\n2. Pallet con involucro di plastica<br \/>\n3. Cartone e pallet standard per l'esportazione<\/li>\n<\/ul>\n<p>Oltre alle bottiglie di vetro personalizzate da 250 ml con coperchio, Shandong Yuncheng Ruisheng dispone anche di piccole bottiglie per liquidi da 100 ml, bottiglie di vetro da 375 ml, bottiglie di vetro grandi da 700 ml, bottiglie per liquori in vetro da 750 ml, bottiglie di vetro da 1000 ml con tappi, bottiglie di vetro grandi da 1,5 litri e cos\u00ec via. Naturalmente, in qualit\u00e0 di produttori professionali di bottiglie di vetro, possiamo progettare la capacit\u00e0 in base alle vostre esigenze.<\/p>","protected":false},"excerpt":{"rendered":"<table class=\"tg\">\n<tbody>\n<tr>\n<th class=\"tg-24i8\" colspan=\"2\">250ml bottiglie di vetro personalizzate con coperchi dai produttori<\/th>\n<\/tr>\n<tr>\n<td class=\"tg-b7b8\">Riferimento:<\/td>\n<td class=\"tg-b7b8\">RS108<\/td>\n<\/tr>\n<tr>\n<td class=\"tg-yw4l\">Materiale principale:<\/td>\n<td class=\"tg-yw4l\">Vetro Alto Selce<\/td>\n<\/tr>\n<tr>\n<td class=\"tg-b7b8\">Cap:<\/td>\n<td class=\"tg-b7b8\">Tappo a vite<\/td>\n<\/tr>\n<tr>\n<td class=\"tg-yw4l\">Capacit\u00e0:<\/td>\n<td class=\"tg-yw4l\">250ml<\/td>\n<\/tr>\n<tr>\n<td class=\"tg-b7b8\">Caratteristica:<\/td>\n<td class=\"tg-b7b8\">Eco-compatibile<\/td>\n<\/tr>\n<tr>\n<td class=\"tg-yw4l\">MOQ:<\/td>\n<td class=\"tg-yw4l\">10000 PCS<\/td>\n<\/tr>\n<tr>\n<td class=\"tg-b7b8\">Modalit\u00e0 di spedizione:<\/td>\n<td class=\"tg-b7b8\">Nave, espresso<\/td>\n<\/tr>\n<tr>\n<td class=\"tg-yw4l\">OEM\/ODM:<\/td>\n<td class=\"tg-yw4l\">Benvenuti<\/td>\n<\/tr>\n<tr>\n<td class=\"tg-b7b8\">Origine del luogo:<\/td>\n<td class=\"tg-b7b8\">Shandong, Cina<\/td>\n<\/tr>\n<tr>\n<td class=\"tg-yw4l\">Pezzi\/Ctn:<\/td>\n<td class=\"tg-yw4l\">24 pezzi \/ 20 pezzi \/ 15 pezzi<\/td>\n<\/tr>\n<\/tbody>\n<\/table>","protected":false},"featured_media":4176,"comment_status":"closed","ping_status":"closed","template":"","meta":[],"product_cat":[45],"class_list":{"0":"post-4175","1":"product","2":"type-product","3":"status-publish","4":"has-post-thumbnail","6":"product_cat-custom-glass-bottle","8":"first","9":"instock","10":"shipping-taxable","11":"product-type-simple"},"yoast_head":"<!-- This site is optimized with the Yoast SEO plugin v22.0 - https:\/\/yoast.com\/wordpress\/plugins\/seo\/ -->\n<title>Custom Glass Bottles With Lids | Personalized Liquor Bottle Manufacturers<\/title>\n<meta name=\"description\" content=\"Buy Custom Glass Bottles With Lids From China Liquor Bottle Manufacturer. Unique Design Glass Bottle With Qaulity Assurance.\" \/>\n<meta name=\"robots\" content=\"index, follow, max-snippet:-1, max-image-preview:large, max-video-preview:-1\" \/>\n<link rel=\"canonical\" href=\"https:\/\/ruishengglassco.com\/it\/prodotto\/rs108-bottiglia-di-liquore-personalizzata-dai-produttori-di-bottiglie-di-vetro\" \/>\n<meta property=\"og:locale\" content=\"it_IT\" \/>\n<meta property=\"og:type\" content=\"article\" \/>\n<meta property=\"og:title\" content=\"Custom Glass Bottles With Lids | Personalized Liquor Bottle Manufacturers\" \/>\n<meta property=\"og:description\" content=\"Buy Custom Glass Bottles With Lids From China Liquor Bottle Manufacturer. Unique Design Glass Bottle With Qaulity Assurance.\" \/>\n<meta property=\"og:url\" content=\"https:\/\/ruishengglassco.com\/it\/prodotto\/rs108-bottiglia-di-liquore-personalizzata-dai-produttori-di-bottiglie-di-vetro\" \/>\n<meta property=\"article:publisher\" content=\"https:\/\/www.facebook.com\/ruishengglassbottles\" \/>\n<meta property=\"article:modified_time\" content=\"2025-09-12T00:51:20+00:00\" \/>\n<meta property=\"og:image\" content=\"https:\/\/ruishengglassco.com\/wp-content\/uploads\/2025\/03\/RS108-Custom-Liquor-Bottle-From-Glass-Bottle-Manufacturers.webp\" \/>\n\t<meta property=\"og:image:width\" content=\"400\" \/>\n\t<meta property=\"og:image:height\" content=\"400\" \/>\n\t<meta property=\"og:image:type\" content=\"image\/webp\" \/>\n<meta name=\"twitter:card\" content=\"summary_large_image\" \/>\n<meta name=\"twitter:label1\" content=\"Tempo di lettura stimato\" \/>\n\t<meta name=\"twitter:data1\" content=\"2 minuti\" \/>\n<script type=\"application\/ld+json\" class=\"yoast-schema-graph\">{\"@context\":\"https:\/\/schema.org\",\"@graph\":[{\"@type\":\"WebPage\",\"@id\":\"https:\/\/ruishengglassco.com\/product\/rs108-custom-liquor-bottle-from-glass-bottle-manufacturers\",\"url\":\"https:\/\/ruishengglassco.com\/product\/rs108-custom-liquor-bottle-from-glass-bottle-manufacturers\",\"name\":\"Custom Glass Bottles With Lids | Personalized Liquor Bottle Manufacturers\",\"isPartOf\":{\"@id\":\"https:\/\/ruishengglassco.com\/#website\"},\"datePublished\":\"2025-03-14T16:21:26+00:00\",\"dateModified\":\"2025-09-12T00:51:20+00:00\",\"description\":\"Buy Custom Glass Bottles With Lids From China Liquor Bottle Manufacturer. Unique Design Glass Bottle With Qaulity Assurance.\",\"breadcrumb\":{\"@id\":\"https:\/\/ruishengglassco.com\/product\/rs108-custom-liquor-bottle-from-glass-bottle-manufacturers#breadcrumb\"},\"inLanguage\":\"it-IT\",\"potentialAction\":[{\"@type\":\"ReadAction\",\"target\":[\"https:\/\/ruishengglassco.com\/product\/rs108-custom-liquor-bottle-from-glass-bottle-manufacturers\"]}]},{\"@type\":\"BreadcrumbList\",\"@id\":\"https:\/\/ruishengglassco.com\/product\/rs108-custom-liquor-bottle-from-glass-bottle-manufacturers#breadcrumb\",\"itemListElement\":[{\"@type\":\"ListItem\",\"position\":1,\"name\":\"Home\",\"item\":\"https:\/\/ruishengglassco.com\/\"},{\"@type\":\"ListItem\",\"position\":2,\"name\":\"Products\",\"item\":\"https:\/\/ruishengglassco.com\/products\"},{\"@type\":\"ListItem\",\"position\":3,\"name\":\"RS108: Custom Liquor Bottle From Glass Bottle Manufacturers\"}]},{\"@type\":\"WebSite\",\"@id\":\"https:\/\/ruishengglassco.com\/#website\",\"url\":\"https:\/\/ruishengglassco.com\/\",\"name\":\"Ruisheng Glass\",\"description\":\"\",\"publisher\":{\"@id\":\"https:\/\/ruishengglassco.com\/#organization\"},\"potentialAction\":[{\"@type\":\"SearchAction\",\"target\":{\"@type\":\"EntryPoint\",\"urlTemplate\":\"https:\/\/ruishengglassco.com\/?s={search_term_string}\"},\"query-input\":\"required name=search_term_string\"}],\"inLanguage\":\"it-IT\"},{\"@type\":\"Organization\",\"@id\":\"https:\/\/ruishengglassco.com\/#organization\",\"name\":\"Shandong Yuncheng Ruisheng Glass Co., Ltd\",\"url\":\"https:\/\/ruishengglassco.com\/\",\"logo\":{\"@type\":\"ImageObject\",\"inLanguage\":\"it-IT\",\"@id\":\"https:\/\/ruishengglassco.com\/#\/schema\/logo\/image\/\",\"url\":\"https:\/\/ruishengglassco.com\/wp-content\/uploads\/2023\/09\/ruisheng_logo_icon.webp\",\"contentUrl\":\"https:\/\/ruishengglassco.com\/wp-content\/uploads\/2023\/09\/ruisheng_logo_icon.webp\",\"width\":400,\"height\":233,\"caption\":\"Shandong Yuncheng Ruisheng Glass Co., Ltd\"},\"image\":{\"@id\":\"https:\/\/ruishengglassco.com\/#\/schema\/logo\/image\/\"},\"sameAs\":[\"https:\/\/www.facebook.com\/ruishengglassbottles\",\"https:\/\/www.instagram.com\/Ruishengglassbottlewholesales\/\",\"https:\/\/www.youtube.com\/channel\/UCMmbMNGwsL-XrtjfSFLCdVQ\"]}]}<\/script>\n<!-- \/ Yoast SEO plugin. -->","yoast_head_json":{"title":"Custom Glass Bottles With Lids | Personalized Liquor Bottle Manufacturers","description":"Buy Custom Glass Bottles With Lids From China Liquor Bottle Manufacturer. Unique Design Glass Bottle With Qaulity Assurance.","robots":{"index":"index","follow":"follow","max-snippet":"max-snippet:-1","max-image-preview":"max-image-preview:large","max-video-preview":"max-video-preview:-1"},"canonical":"https:\/\/ruishengglassco.com\/it\/prodotto\/rs108-bottiglia-di-liquore-personalizzata-dai-produttori-di-bottiglie-di-vetro","og_locale":"it_IT","og_type":"article","og_title":"Custom Glass Bottles With Lids | Personalized Liquor Bottle Manufacturers","og_description":"Buy Custom Glass Bottles With Lids From China Liquor Bottle Manufacturer. Unique Design Glass Bottle With Qaulity Assurance.","og_url":"https:\/\/ruishengglassco.com\/it\/prodotto\/rs108-bottiglia-di-liquore-personalizzata-dai-produttori-di-bottiglie-di-vetro","article_publisher":"https:\/\/www.facebook.com\/ruishengglassbottles","article_modified_time":"2025-09-12T00:51:20+00:00","og_image":[{"width":400,"height":400,"url":"https:\/\/ruishengglassco.com\/wp-content\/uploads\/2025\/03\/RS108-Custom-Liquor-Bottle-From-Glass-Bottle-Manufacturers.webp","type":"image\/webp"}],"twitter_card":"summary_large_image","twitter_misc":{"Tempo di lettura stimato":"2 minuti"},"schema":{"@context":"https:\/\/schema.org","@graph":[{"@type":"WebPage","@id":"https:\/\/ruishengglassco.com\/product\/rs108-custom-liquor-bottle-from-glass-bottle-manufacturers","url":"https:\/\/ruishengglassco.com\/product\/rs108-custom-liquor-bottle-from-glass-bottle-manufacturers","name":"Custom Glass Bottles With Lids | Personalized Liquor Bottle Manufacturers","isPartOf":{"@id":"https:\/\/ruishengglassco.com\/#website"},"datePublished":"2025-03-14T16:21:26+00:00","dateModified":"2025-09-12T00:51:20+00:00","description":"Buy Custom Glass Bottles With Lids From China Liquor Bottle Manufacturer. Unique Design Glass Bottle With Qaulity Assurance.","breadcrumb":{"@id":"https:\/\/ruishengglassco.com\/product\/rs108-custom-liquor-bottle-from-glass-bottle-manufacturers#breadcrumb"},"inLanguage":"it-IT","potentialAction":[{"@type":"ReadAction","target":["https:\/\/ruishengglassco.com\/product\/rs108-custom-liquor-bottle-from-glass-bottle-manufacturers"]}]},{"@type":"BreadcrumbList","@id":"https:\/\/ruishengglassco.com\/product\/rs108-custom-liquor-bottle-from-glass-bottle-manufacturers#breadcrumb","itemListElement":[{"@type":"ListItem","position":1,"name":"Home","item":"https:\/\/ruishengglassco.com\/"},{"@type":"ListItem","position":2,"name":"Products","item":"https:\/\/ruishengglassco.com\/products"},{"@type":"ListItem","position":3,"name":"RS108: Custom Liquor Bottle From Glass Bottle Manufacturers"}]},{"@type":"WebSite","@id":"https:\/\/ruishengglassco.com\/#website","url":"https:\/\/ruishengglassco.com\/","name":"Ruisheng Glass","description":"","publisher":{"@id":"https:\/\/ruishengglassco.com\/#organization"},"potentialAction":[{"@type":"SearchAction","target":{"@type":"EntryPoint","urlTemplate":"https:\/\/ruishengglassco.com\/?s={search_term_string}"},"query-input":"required name=search_term_string"}],"inLanguage":"it-IT"},{"@type":"Organization","@id":"https:\/\/ruishengglassco.com\/#organization","name":"Shandong Yuncheng Ruisheng Glass Co., Ltd","url":"https:\/\/ruishengglassco.com\/","logo":{"@type":"ImageObject","inLanguage":"it-IT","@id":"https:\/\/ruishengglassco.com\/#\/schema\/logo\/image\/","url":"https:\/\/ruishengglassco.com\/wp-content\/uploads\/2023\/09\/ruisheng_logo_icon.webp","contentUrl":"https:\/\/ruishengglassco.com\/wp-content\/uploads\/2023\/09\/ruisheng_logo_icon.webp","width":400,"height":233,"caption":"Shandong Yuncheng Ruisheng Glass Co., Ltd"},"image":{"@id":"https:\/\/ruishengglassco.com\/#\/schema\/logo\/image\/"},"sameAs":["https:\/\/www.facebook.com\/ruishengglassbottles","https:\/\/www.instagram.com\/Ruishengglassbottlewholesales\/","https:\/\/www.youtube.com\/channel\/UCMmbMNGwsL-XrtjfSFLCdVQ"]}]}},"_links":{"self":[{"href":"https:\/\/ruishengglassco.com\/it\/wp-json\/wp\/v2\/product\/4175","targetHints":{"allow":["GET"]}}],"collection":[{"href":"https:\/\/ruishengglassco.com\/it\/wp-json\/wp\/v2\/product"}],"about":[{"href":"https:\/\/ruishengglassco.com\/it\/wp-json\/wp\/v2\/types\/product"}],"replies":[{"embeddable":true,"href":"https:\/\/ruishengglassco.com\/it\/wp-json\/wp\/v2\/comments?post=4175"}],"wp:featuredmedia":[{"embeddable":true,"href":"https:\/\/ruishengglassco.com\/it\/wp-json\/wp\/v2\/media\/4176"}],"wp:attachment":[{"href":"https:\/\/ruishengglassco.com\/it\/wp-json\/wp\/v2\/media?parent=4175"}],"wp:term":[{"taxonomy":"product_cat","embeddable":true,"href":"https:\/\/ruishengglassco.com\/it\/wp-json\/wp\/v2\/product_cat?post=4175"}],"curies":[{"name":"wp","href":"https:\/\/api.w.org\/{rel}","templated":true}]}}