{"id":4169,"date":"2025-03-15T00:14:47","date_gmt":"2025-03-14T16:14:47","guid":{"rendered":"https:\/\/ruishengglassco.com\/?post_type=product&#038;p=4169"},"modified":"2025-07-17T13:43:18","modified_gmt":"2025-07-17T05:43:18","slug":"rs111-50cl-bottiglia-di-vetro-liquore-personalizzato-fornitori","status":"publish","type":"product","link":"https:\/\/ruishengglassco.com\/it\/prodotto\/rs111-50cl-bottiglia-di-vetro-liquore-personalizzato-fornitori","title":{"rendered":"RS111: Fornitori di bottiglie di vetro per liquori personalizzati da 50cl"},"content":{"rendered":"<p><span data-preserver-spaces=\"true\">Ruisheng Glass Company \u00e8 una delle aziende produttrici di bicchieri da liquore da 50cl. <\/span><span data-preserver-spaces=\"true\">fornitori di bottiglie<\/span><span data-preserver-spaces=\"true\">.<\/span><span data-preserver-spaces=\"true\"> Questa azienda fornisce una variet\u00e0 di bottiglie di vetro per liquori. La maggior parte delle bottiglie di vetro per liquori \u00e8 disponibile in verde o trasparente (flint). Le dimensioni delle bottiglie di vetro vanno da 50 ml a 3 litri. Il vetro offre un'eccellente resistenza e compatibilit\u00e0 con i materiali che <\/span><span data-preserver-spaces=\"true\">non pu\u00f2 essere memorizzato<\/span><span data-preserver-spaces=\"true\"> in contenitori di plastica. <\/span><span data-preserver-spaces=\"true\">Le bottiglie di vetro non sono tossiche, 100% riciclabili, riutilizzabili e <\/span><span data-preserver-spaces=\"true\">sicuro per il pianeta<\/span><span data-preserver-spaces=\"true\">.<\/span><\/p>\n<p><span data-preserver-spaces=\"true\">Questa bottiglia di vetro per liquori personalizzata da 50cl <\/span><span data-preserver-spaces=\"true\">\u00e8 fatto<\/span><span data-preserver-spaces=\"true\"> di materiale di vetro ad alto tenore di selce. Grazie al loro spessore, queste bottiglie di vetro danno una sensazione di qualit\u00e0 superiore. Il tipo di chiusura di queste bottiglie di vetro \u00e8 il tappo di gala. Questa bottiglia di vetro ha una forma quadrata.<\/span><\/p>\n<p><span data-preserver-spaces=\"true\">La Ruisheng Glass Company si dedica alla produzione di bottiglie di vetro per liquori di alta qualit\u00e0. Nella nostra fabbrica sono presenti molte forme. Come le forme rotonde, le forme oblique, le forme quadrate e altre forme personalizzate. La dimensione della nostra bottiglia di vetro \u00e8 50ml, 100ml, 125ml, 250ml, 375ml, 500ml, 700ml, 750ml, 1000ml, 3000ml e altre dimensioni personalizzate come 187ml. Tutti i nostri prodotti sono a prezzi all'ingrosso e all'ingrosso.<\/span><\/p>\n<h5><span data-preserver-spaces=\"true\">I dettagli della bottiglia di vetro per liquori personalizzata da 50cl<\/span><\/h5>\n<p><span data-preserver-spaces=\"true\">Questa bottiglia di vetro per liquori personalizzata da 50cl pesa 580 g. E questa bottiglia ha un fondo pesante. <\/span><span data-preserver-spaces=\"true\">C'\u00e8 un <\/span><span data-preserver-spaces=\"true\">forma di arco sul<\/span><span data-preserver-spaces=\"true\"> fondo.<\/span> <span data-preserver-spaces=\"true\">La bottiglia <\/span><span data-preserver-spaces=\"true\">sembra<\/span><span data-preserver-spaces=\"true\"> un'antica cinta muraria; la spalla esterna \u00e8 pi\u00f9 bassa rispetto alla <\/span><span data-preserver-spaces=\"true\">all'interno<\/span><span data-preserver-spaces=\"true\"> spalla.<\/span> <span data-preserver-spaces=\"true\">Il tipo di chiusura di questa bottiglia \u00e8 un tappo di gala; possiamo offrire un tappo in plastica. <\/span><span data-preserver-spaces=\"true\">g<\/span><span data-preserver-spaces=\"true\">tappi ala e plastica di alluminio <\/span><span data-preserver-spaces=\"true\">gala <\/span><span data-preserver-spaces=\"true\">tappi, <\/span><span data-preserver-spaces=\"true\">questo secondo<\/span><span data-preserver-spaces=\"true\"> cliente <\/span><span data-preserver-spaces=\"true\">richieste<\/span><span data-preserver-spaces=\"true\">.<\/span><\/p>\n<p><span data-preserver-spaces=\"true\">Poich\u00e9 siamo un produttore di bottiglie di vetro con un team di designer esperti, accettiamo ordini OEM. <\/span><span data-preserver-spaces=\"true\">\u00c8 possibile <\/span><span data-preserver-spaces=\"true\">dare<\/span><span data-preserver-spaces=\"true\"> il vostro campione o <\/span><span data-preserver-spaces=\"true\">il tuo<\/span><span data-preserver-spaces=\"true\"> idea <\/span><span data-preserver-spaces=\"true\">circa<\/span> <span data-preserver-spaces=\"true\">50cl<\/span><span data-preserver-spaces=\"true\"> bottiglia di vetro personalizzata per liquori, <\/span><span data-preserver-spaces=\"true\">noi<\/span> <span data-preserver-spaces=\"true\">sarebbe<\/span><span data-preserver-spaces=\"true\"> progettazione e <\/span><span data-preserver-spaces=\"true\">fare<\/span><span data-preserver-spaces=\"true\"> le vostre bottiglie di vetro personalizzate.<\/span><span data-preserver-spaces=\"true\"> Offriamo anche servizi personalizzati one-stop.<\/span><\/p>","protected":false},"excerpt":{"rendered":"<p>Ruisheng Glass Company \u00e8 uno dei fornitori di bottiglie di vetro per liquori personalizzate da 50cl. Questa azienda fornisce una variet\u00e0 di bottiglie di vetro per liquori. La maggior parte delle bottiglie di vetro per liquori \u00e8 disponibile in verde o trasparente (selce). Le dimensioni delle bottiglie di vetro sono disponibili da 50 ml a 3 litri. Il vetro offre un'eccellente resistenza, durata e compatibilit\u00e0 per i materiali che non possono essere conservati in contenitori di plastica. Le bottiglie di vetro sono atossiche, 100% riciclabili, riutilizzabili e sicure per il pianeta.<\/p>","protected":false},"featured_media":4170,"comment_status":"closed","ping_status":"closed","template":"","meta":[],"product_cat":[41],"class_list":{"0":"post-4169","1":"product","2":"type-product","3":"status-publish","4":"has-post-thumbnail","6":"product_cat-500ml-liquor-bottle-manufacturer","8":"first","9":"instock","10":"shipping-taxable","11":"product-type-simple"},"yoast_head":"<!-- This site is optimized with the Yoast SEO plugin v22.0 - https:\/\/yoast.com\/wordpress\/plugins\/seo\/ -->\n<title>Custom Liquor Bottle Suppliers | Engraved Alcohol Bottles Wholesale<\/title>\n<meta name=\"description\" content=\"Custom Liquor Bottle From China Glass Bottle Manufacturer&amp;Supplier. Engraved Alcohol Bottles Wholesale With Factory Outlet Price.\" \/>\n<meta name=\"robots\" content=\"index, follow, max-snippet:-1, max-image-preview:large, max-video-preview:-1\" \/>\n<link rel=\"canonical\" href=\"https:\/\/ruishengglassco.com\/it\/prodotto\/rs111-50cl-bottiglia-di-vetro-liquore-personalizzato-fornitori\" \/>\n<meta property=\"og:locale\" content=\"it_IT\" \/>\n<meta property=\"og:type\" content=\"article\" \/>\n<meta property=\"og:title\" content=\"Custom Liquor Bottle Suppliers | Engraved Alcohol Bottles Wholesale\" \/>\n<meta property=\"og:description\" content=\"Custom Liquor Bottle From China Glass Bottle Manufacturer&amp;Supplier. Engraved Alcohol Bottles Wholesale With Factory Outlet Price.\" \/>\n<meta property=\"og:url\" content=\"https:\/\/ruishengglassco.com\/it\/prodotto\/rs111-50cl-bottiglia-di-vetro-liquore-personalizzato-fornitori\" \/>\n<meta property=\"article:publisher\" content=\"https:\/\/www.facebook.com\/ruishengglassbottles\" \/>\n<meta property=\"article:modified_time\" content=\"2025-07-17T05:43:18+00:00\" \/>\n<meta property=\"og:image\" content=\"https:\/\/ruishengglassco.com\/wp-content\/uploads\/2025\/03\/RS111-50cl-Custom-Liquor-Glass-Bottle-Suppliers.webp\" \/>\n\t<meta property=\"og:image:width\" content=\"400\" \/>\n\t<meta property=\"og:image:height\" content=\"400\" \/>\n\t<meta property=\"og:image:type\" content=\"image\/webp\" \/>\n<meta name=\"twitter:card\" content=\"summary_large_image\" \/>\n<meta name=\"twitter:label1\" content=\"Tempo di lettura stimato\" \/>\n\t<meta name=\"twitter:data1\" content=\"2 minuti\" \/>\n<script type=\"application\/ld+json\" class=\"yoast-schema-graph\">{\"@context\":\"https:\/\/schema.org\",\"@graph\":[{\"@type\":\"WebPage\",\"@id\":\"https:\/\/ruishengglassco.com\/product\/rs111-50cl-custom-liquor-glass-bottle-suppliers\",\"url\":\"https:\/\/ruishengglassco.com\/product\/rs111-50cl-custom-liquor-glass-bottle-suppliers\",\"name\":\"Custom Liquor Bottle Suppliers | Engraved Alcohol Bottles Wholesale\",\"isPartOf\":{\"@id\":\"https:\/\/ruishengglassco.com\/#website\"},\"datePublished\":\"2025-03-14T16:14:47+00:00\",\"dateModified\":\"2025-07-17T05:43:18+00:00\",\"description\":\"Custom Liquor Bottle From China Glass Bottle Manufacturer&Supplier. Engraved Alcohol Bottles Wholesale With Factory Outlet Price.\",\"breadcrumb\":{\"@id\":\"https:\/\/ruishengglassco.com\/product\/rs111-50cl-custom-liquor-glass-bottle-suppliers#breadcrumb\"},\"inLanguage\":\"it-IT\",\"potentialAction\":[{\"@type\":\"ReadAction\",\"target\":[\"https:\/\/ruishengglassco.com\/product\/rs111-50cl-custom-liquor-glass-bottle-suppliers\"]}]},{\"@type\":\"BreadcrumbList\",\"@id\":\"https:\/\/ruishengglassco.com\/product\/rs111-50cl-custom-liquor-glass-bottle-suppliers#breadcrumb\",\"itemListElement\":[{\"@type\":\"ListItem\",\"position\":1,\"name\":\"Home\",\"item\":\"https:\/\/ruishengglassco.com\/\"},{\"@type\":\"ListItem\",\"position\":2,\"name\":\"Products\",\"item\":\"https:\/\/ruishengglassco.com\/products\"},{\"@type\":\"ListItem\",\"position\":3,\"name\":\"RS111: 50cl Custom Liquor Glass Bottle Suppliers\"}]},{\"@type\":\"WebSite\",\"@id\":\"https:\/\/ruishengglassco.com\/#website\",\"url\":\"https:\/\/ruishengglassco.com\/\",\"name\":\"Ruisheng Glass\",\"description\":\"\",\"publisher\":{\"@id\":\"https:\/\/ruishengglassco.com\/#organization\"},\"potentialAction\":[{\"@type\":\"SearchAction\",\"target\":{\"@type\":\"EntryPoint\",\"urlTemplate\":\"https:\/\/ruishengglassco.com\/?s={search_term_string}\"},\"query-input\":\"required name=search_term_string\"}],\"inLanguage\":\"it-IT\"},{\"@type\":\"Organization\",\"@id\":\"https:\/\/ruishengglassco.com\/#organization\",\"name\":\"Shandong Yuncheng Ruisheng Glass Co., Ltd\",\"url\":\"https:\/\/ruishengglassco.com\/\",\"logo\":{\"@type\":\"ImageObject\",\"inLanguage\":\"it-IT\",\"@id\":\"https:\/\/ruishengglassco.com\/#\/schema\/logo\/image\/\",\"url\":\"https:\/\/ruishengglassco.com\/wp-content\/uploads\/2023\/09\/ruisheng_logo_icon.webp\",\"contentUrl\":\"https:\/\/ruishengglassco.com\/wp-content\/uploads\/2023\/09\/ruisheng_logo_icon.webp\",\"width\":400,\"height\":233,\"caption\":\"Shandong Yuncheng Ruisheng Glass Co., Ltd\"},\"image\":{\"@id\":\"https:\/\/ruishengglassco.com\/#\/schema\/logo\/image\/\"},\"sameAs\":[\"https:\/\/www.facebook.com\/ruishengglassbottles\",\"https:\/\/www.instagram.com\/Ruishengglassbottlewholesales\/\",\"https:\/\/www.youtube.com\/channel\/UCMmbMNGwsL-XrtjfSFLCdVQ\"]}]}<\/script>\n<!-- \/ Yoast SEO plugin. -->","yoast_head_json":{"title":"Custom Liquor Bottle Suppliers | Engraved Alcohol Bottles Wholesale","description":"Custom Liquor Bottle From China Glass Bottle Manufacturer&Supplier. Engraved Alcohol Bottles Wholesale With Factory Outlet Price.","robots":{"index":"index","follow":"follow","max-snippet":"max-snippet:-1","max-image-preview":"max-image-preview:large","max-video-preview":"max-video-preview:-1"},"canonical":"https:\/\/ruishengglassco.com\/it\/prodotto\/rs111-50cl-bottiglia-di-vetro-liquore-personalizzato-fornitori","og_locale":"it_IT","og_type":"article","og_title":"Custom Liquor Bottle Suppliers | Engraved Alcohol Bottles Wholesale","og_description":"Custom Liquor Bottle From China Glass Bottle Manufacturer&Supplier. Engraved Alcohol Bottles Wholesale With Factory Outlet Price.","og_url":"https:\/\/ruishengglassco.com\/it\/prodotto\/rs111-50cl-bottiglia-di-vetro-liquore-personalizzato-fornitori","article_publisher":"https:\/\/www.facebook.com\/ruishengglassbottles","article_modified_time":"2025-07-17T05:43:18+00:00","og_image":[{"width":400,"height":400,"url":"https:\/\/ruishengglassco.com\/wp-content\/uploads\/2025\/03\/RS111-50cl-Custom-Liquor-Glass-Bottle-Suppliers.webp","type":"image\/webp"}],"twitter_card":"summary_large_image","twitter_misc":{"Tempo di lettura stimato":"2 minuti"},"schema":{"@context":"https:\/\/schema.org","@graph":[{"@type":"WebPage","@id":"https:\/\/ruishengglassco.com\/product\/rs111-50cl-custom-liquor-glass-bottle-suppliers","url":"https:\/\/ruishengglassco.com\/product\/rs111-50cl-custom-liquor-glass-bottle-suppliers","name":"Custom Liquor Bottle Suppliers | Engraved Alcohol Bottles Wholesale","isPartOf":{"@id":"https:\/\/ruishengglassco.com\/#website"},"datePublished":"2025-03-14T16:14:47+00:00","dateModified":"2025-07-17T05:43:18+00:00","description":"Custom Liquor Bottle From China Glass Bottle Manufacturer&Supplier. Engraved Alcohol Bottles Wholesale With Factory Outlet Price.","breadcrumb":{"@id":"https:\/\/ruishengglassco.com\/product\/rs111-50cl-custom-liquor-glass-bottle-suppliers#breadcrumb"},"inLanguage":"it-IT","potentialAction":[{"@type":"ReadAction","target":["https:\/\/ruishengglassco.com\/product\/rs111-50cl-custom-liquor-glass-bottle-suppliers"]}]},{"@type":"BreadcrumbList","@id":"https:\/\/ruishengglassco.com\/product\/rs111-50cl-custom-liquor-glass-bottle-suppliers#breadcrumb","itemListElement":[{"@type":"ListItem","position":1,"name":"Home","item":"https:\/\/ruishengglassco.com\/"},{"@type":"ListItem","position":2,"name":"Products","item":"https:\/\/ruishengglassco.com\/products"},{"@type":"ListItem","position":3,"name":"RS111: 50cl Custom Liquor Glass Bottle Suppliers"}]},{"@type":"WebSite","@id":"https:\/\/ruishengglassco.com\/#website","url":"https:\/\/ruishengglassco.com\/","name":"Ruisheng Glass","description":"","publisher":{"@id":"https:\/\/ruishengglassco.com\/#organization"},"potentialAction":[{"@type":"SearchAction","target":{"@type":"EntryPoint","urlTemplate":"https:\/\/ruishengglassco.com\/?s={search_term_string}"},"query-input":"required name=search_term_string"}],"inLanguage":"it-IT"},{"@type":"Organization","@id":"https:\/\/ruishengglassco.com\/#organization","name":"Shandong Yuncheng Ruisheng Glass Co., Ltd","url":"https:\/\/ruishengglassco.com\/","logo":{"@type":"ImageObject","inLanguage":"it-IT","@id":"https:\/\/ruishengglassco.com\/#\/schema\/logo\/image\/","url":"https:\/\/ruishengglassco.com\/wp-content\/uploads\/2023\/09\/ruisheng_logo_icon.webp","contentUrl":"https:\/\/ruishengglassco.com\/wp-content\/uploads\/2023\/09\/ruisheng_logo_icon.webp","width":400,"height":233,"caption":"Shandong Yuncheng Ruisheng Glass Co., Ltd"},"image":{"@id":"https:\/\/ruishengglassco.com\/#\/schema\/logo\/image\/"},"sameAs":["https:\/\/www.facebook.com\/ruishengglassbottles","https:\/\/www.instagram.com\/Ruishengglassbottlewholesales\/","https:\/\/www.youtube.com\/channel\/UCMmbMNGwsL-XrtjfSFLCdVQ"]}]}},"_links":{"self":[{"href":"https:\/\/ruishengglassco.com\/it\/wp-json\/wp\/v2\/product\/4169","targetHints":{"allow":["GET"]}}],"collection":[{"href":"https:\/\/ruishengglassco.com\/it\/wp-json\/wp\/v2\/product"}],"about":[{"href":"https:\/\/ruishengglassco.com\/it\/wp-json\/wp\/v2\/types\/product"}],"replies":[{"embeddable":true,"href":"https:\/\/ruishengglassco.com\/it\/wp-json\/wp\/v2\/comments?post=4169"}],"wp:featuredmedia":[{"embeddable":true,"href":"https:\/\/ruishengglassco.com\/it\/wp-json\/wp\/v2\/media\/4170"}],"wp:attachment":[{"href":"https:\/\/ruishengglassco.com\/it\/wp-json\/wp\/v2\/media?parent=4169"}],"wp:term":[{"taxonomy":"product_cat","embeddable":true,"href":"https:\/\/ruishengglassco.com\/it\/wp-json\/wp\/v2\/product_cat?post=4169"}],"curies":[{"name":"wp","href":"https:\/\/api.w.org\/{rel}","templated":true}]}}